{"id":8402,"date":"2023-04-27T14:51:30","date_gmt":"2023-04-27T14:51:30","guid":{"rendered":"https:\/\/moverdb.com\/?page_id=8402"},"modified":"2026-01-08T15:29:28","modified_gmt":"2026-01-08T15:29:28","slug":"moving-companies-lebanon","status":"publish","type":"page","link":"https:\/\/moverdb.com\/lv\/moving-companies\/moving-companies-lebanon\/","title":{"rendered":"7 Lab\u0101kie starptautisk\u0101s p\u0101rcel\u0161an\u0101s uz\u0146\u0113mumi Lib\u0101n\u0101"},"content":{"rendered":"<p>Ja pl\u0101nojat p\u0101rcelties uz \u0101rzem\u0113m, tikai dom\u0101\u0161ana par m\u0101jok\u013ca vai uz\u0146\u0113muma p\u0101rcel\u0161anos var rad\u012bt stresu un \u0161\u0137ist sare\u017e\u0123\u012bta, un tie\u0161i \u0161aj\u0101 gad\u012bjum\u0101 ir nepiecie\u0161ams. <a href=\"https:\/\/moverdb.com\/lv\/moving-companies\/\" data-internallinksmanager029f6b8e52c=\"79\" title=\"Top 25 Starptautiskie p\u0101rcel\u0161an\u0101s uz\u0146\u0113mumi tie\u0161saist\u0113\">P\u0101rvieto\u0161an\u0101s uz\u0146\u0113mums<\/a> var pal\u012bdz\u0113t, atvieglojot slodzi. Zem\u0101k m\u0113s esam apkopoju\u0161i sarakstu ar Lib\u0101n\u0101 b\u0101z\u0113t\u0101m <a href=\"https:\/\/moverdb.com\/lv\/international-removals\/\" data-internallinksmanager029f6b8e52c=\"27\" title=\"36 Lab\u0101kie starptautisko p\u0101rvad\u0101jumu uz\u0146\u0113mumi Apvienotaj\u0101 Karalist\u0113\">p\u0101rv\u0101k\u0161an\u0101s uz\u0146\u0113mumi<\/a> kas ir <a href=\"https:\/\/moverdb.com\/lv\/iam\/\" data-internallinksmanager029f6b8e52c=\"23\" title=\"Starptautisk\u0101s P\u0101rv\u0101c\u0113ju asoci\u0101cijas (IAM) skaidrojumi\">Starptautisk\u0101 P\u0101rv\u0101c\u0113ju asoci\u0101cija<\/a> (IAM) un\/vai <a href=\"https:\/\/moverdb.com\/lv\/fidi-faim\/\" data-internallinksmanager029f6b8e52c=\"16\" title=\"FIDI un FAIM (FIDI akredit\u0113tais starptautiskais p\u0101rvietot\u0101js) skaidrojums\">FIDI<\/a> Akredit\u0113ti starptautiskie p\u0101rv\u0101c\u0113ji (FAIM), kas var\u0113tu jums pal\u012bdz\u0113t p\u0101rcelties.<\/p>\n<div id=\"ez-toc-container\" class=\"ez-toc-v2_0_82_2 ez-toc-wrap-left counter-hierarchy ez-toc-counter ez-toc-transparent ez-toc-container-direction\">\n<div class=\"ez-toc-title-container\">\n<p class=\"ez-toc-title\" style=\"cursor:inherit\">Sada\u013cas<\/p>\n<span class=\"ez-toc-title-toggle\"><a href=\"#\" class=\"ez-toc-pull-right ez-toc-btn ez-toc-btn-xs ez-toc-btn-default ez-toc-toggle\" aria-label=\"P\u0101rsl\u0113gt satura tabulu\"><span class=\"ez-toc-js-icon-con\"><span class=\"\"><span class=\"eztoc-hide\" style=\"display:none;\">P\u0101rsl\u0113gt<\/span><span class=\"ez-toc-icon-toggle-span\"><svg style=\"fill: #999;color:#999\" xmlns=\"http:\/\/www.w3.org\/2000\/svg\" class=\"list-377408\" width=\"20px\" height=\"20px\" viewbox=\"0 0 24 24\" fill=\"none\"><path d=\"M6 6H4v2h2V6zm14 0H8v2h12V6zM4 11h2v2H4v-2zm16 0H8v2h12v-2zM4 16h2v2H4v-2zm16 0H8v2h12v-2z\" fill=\"currentColor\"><\/path><\/svg><svg style=\"fill: #999;color:#999\" class=\"arrow-unsorted-368013\" xmlns=\"http:\/\/www.w3.org\/2000\/svg\" width=\"10px\" height=\"10px\" viewbox=\"0 0 24 24\" version=\"1.2\" baseprofile=\"tiny\"><path d=\"M18.2 9.3l-6.2-6.3-6.2 6.3c-.2.2-.3.4-.3.7s.1.5.3.7c.2.2.4.3.7.3h11c.3 0 .5-.1.7-.3.2-.2.3-.5.3-.7s-.1-.5-.3-.7zM5.8 14.7l6.2 6.3 6.2-6.3c.2-.2.3-.5.3-.7s-.1-.5-.3-.7c-.2-.2-.4-.3-.7-.3h-11c-.3 0-.5.1-.7.3-.2.2-.3.5-.3.7s.1.5.3.7z\"\/><\/svg><\/span><\/span><\/span><\/a><\/span><\/div>\n<nav><ul class='ez-toc-list ez-toc-list-level-1 eztoc-toggle-hide-by-default' ><li class='ez-toc-page-1 ez-toc-heading-level-2'><a class=\"ez-toc-link ez-toc-heading-1\" href=\"https:\/\/moverdb.com\/lv\/moving-companies\/moving-companies-lebanon\/#1_I-Movers\" >1. I-Movers<\/a><\/li><li class='ez-toc-page-1 ez-toc-heading-level-2'><a class=\"ez-toc-link ez-toc-heading-2\" href=\"https:\/\/moverdb.com\/lv\/moving-companies\/moving-companies-lebanon\/#2_Adam_International_Movers\" >2. Adam International Movers<\/a><\/li><li class='ez-toc-page-1 ez-toc-heading-level-2'><a class=\"ez-toc-link ez-toc-heading-3\" href=\"https:\/\/moverdb.com\/lv\/moving-companies\/moving-companies-lebanon\/#3_Orbit_International_Forwarders\" >3. Orbit International Forwarders<\/a><\/li><li class='ez-toc-page-1 ez-toc-heading-level-2'><a class=\"ez-toc-link ez-toc-heading-4\" href=\"https:\/\/moverdb.com\/lv\/moving-companies\/moving-companies-lebanon\/#4_All_Transportation_Agency\" >4. Visas Transporta a\u0123ent\u016bras<\/a><\/li><li class='ez-toc-page-1 ez-toc-heading-level-2'><a class=\"ez-toc-link ez-toc-heading-5\" href=\"https:\/\/moverdb.com\/lv\/moving-companies\/moving-companies-lebanon\/#5_Beirut_Express\" >5. Beirut Express<\/a><\/li><li class='ez-toc-page-1 ez-toc-heading-level-2'><a class=\"ez-toc-link ez-toc-heading-6\" href=\"https:\/\/moverdb.com\/lv\/moving-companies\/moving-companies-lebanon\/#6_Domex\" >6. Domex<\/a><\/li><li class='ez-toc-page-1 ez-toc-heading-level-2'><a class=\"ez-toc-link ez-toc-heading-7\" href=\"https:\/\/moverdb.com\/lv\/moving-companies\/moving-companies-lebanon\/#7_BCC_Logistics\" >7. BCC lo\u0123istika<\/a><\/li><\/ul><\/nav><\/div>\n<h2><span class=\"ez-toc-section\" id=\"1_I-Movers\"><\/span><strong>1. I-Movers<\/strong><span class=\"ez-toc-section-end\"><\/span><\/h2>\n<p><img loading=\"lazy\" decoding=\"async\" class=\"alignnone size-full wp-image-8327\" src=\"https:\/\/moverdb.com\/wp-content\/uploads\/I-Movers-international-moving-company.png\" alt=\"I-Movers starptautiskais p\u0101rvieto\u0161an\u0101s uz\u0146\u0113mums\" width=\"1440\" height=\"680\" data-wp-pid=\"8327\" srcset=\"https:\/\/moverdb.com\/wp-content\/uploads\/I-Movers-international-moving-company.png 1440w, https:\/\/moverdb.com\/wp-content\/uploads\/I-Movers-international-moving-company-300x142.png 300w, https:\/\/moverdb.com\/wp-content\/uploads\/I-Movers-international-moving-company-1024x484.png 1024w, https:\/\/moverdb.com\/wp-content\/uploads\/I-Movers-international-moving-company-18x9.png 18w, https:\/\/moverdb.com\/wp-content\/uploads\/I-Movers-international-moving-company-600x283.png 600w\" sizes=\"auto, (max-width: 1440px) 100vw, 1440px\" \/><\/p>\n<ul>\n<li>Viet\u0113jie p\u0101rvadi<\/li>\n<li>Starptautiskie p\u0101rvadi<\/li>\n<li>M\u0101jsaimniec\u012bbas p\u0101rv\u0101k\u0161an\u0101s<\/li>\n<li>Uz\u0146\u0113mumu p\u0101rvieto\u0161an\u0101s<\/li>\n<li>Piel\u0101gots pakalpojums<\/li>\n<li>Profesion\u0101ls iepako\u0161anas pakalpojums<\/li>\n<li>Gaisa un j\u016bras transports<\/li>\n<li>Muitas dokumenti<\/li>\n<li><a href=\"https:\/\/moverdb.com\/lv\/car-transport-shipping\/\" data-internallinksmanager029f6b8e52c=\"2\" title=\"2026 Starptautiskais autotransports un transportl\u012bdzek\u013cu p\u0101rvad\u0101\u0161anas cit\u0101ti\">Transportl\u012bdzek\u013cu nos\u016bt\u012b\u0161ana<\/a><\/li>\n<li>Uzglab\u0101\u0161anas iesp\u0113jas<\/li>\n<\/ul>\n<p>I-Movers ir starptautisks p\u0101rcel\u0161an\u0101s uz\u0146\u0113mums, kas nodarbojas ar m\u0101jsaimniec\u012bbu un uz\u0146\u0113mumu p\u0101rvad\u0101jumiem un atrodas Beir\u016bt\u0101. Uz\u0146\u0113mums ir IAM biedrs ar asto\u0146u gadu darb\u012bbas st\u0101\u017eu, un \u0161\u012b dal\u012bba tam nodro\u0161ina piek\u013cuvi starptautiskajam p\u0101rcel\u0161an\u0101s a\u0123entu t\u012bklam.<\/p>\n<p>I-Movers pied\u0101v\u0101 virtu\u0101lu apsekojumu, kas nodro\u0161ina \u0101trumu un efektivit\u0101ti. Vi\u0146i sniedz individu\u0101li piel\u0101gotus p\u0101rcel\u0161an\u0101s pakalpojumus ar \u012bpa\u0161u p\u0101rcel\u0161an\u0101s vad\u012bt\u0101ju, kas vad\u012bs j\u016bsu p\u0101rcel\u0161anos. Vi\u0146i sniedz iepako\u0161anas pakalpojumus, izmantojot augst\u0101k\u0101s kvalit\u0101tes iepakojuma materi\u0101lus un labi apm\u0101c\u012btas iepakot\u0101ju komandas, kas ir ar\u012b apdro\u0161in\u0101tas pret visiem riskiem. Vi\u0146i nodro\u0161ina izseko\u0161anas sist\u0113mu gaisa un j\u016bras s\u016bt\u012bjumiem, k\u0101 ar\u012b pal\u012bdz ar dokumentu k\u0101rto\u0161anu, tostarp muito\u0161anu.<\/p>\n<p>T\u012bmek\u013ca vietne: <a href=\"http:\/\/www.i-movers.com\" target=\"_blank\" rel=\"noopener\">http:\/\/www.i-movers.com<\/a><\/p>\n<h2><span class=\"ez-toc-section\" id=\"2_Adam_International_Movers\"><\/span><strong>2. Adam International Movers<\/strong><span class=\"ez-toc-section-end\"><\/span><\/h2>\n<p><img loading=\"lazy\" decoding=\"async\" class=\"alignnone size-full wp-image-8279\" src=\"https:\/\/moverdb.com\/wp-content\/uploads\/Adam-International-Movers-company.png\" alt=\"Adam International Movers komp\u0101nija\" width=\"1440\" height=\"679\" data-wp-pid=\"8279\" srcset=\"https:\/\/moverdb.com\/wp-content\/uploads\/Adam-International-Movers-company.png 1440w, https:\/\/moverdb.com\/wp-content\/uploads\/Adam-International-Movers-company-300x141.png 300w, https:\/\/moverdb.com\/wp-content\/uploads\/Adam-International-Movers-company-1024x483.png 1024w, https:\/\/moverdb.com\/wp-content\/uploads\/Adam-International-Movers-company-18x8.png 18w, https:\/\/moverdb.com\/wp-content\/uploads\/Adam-International-Movers-company-600x283.png 600w\" sizes=\"auto, (max-width: 1440px) 100vw, 1440px\" \/><\/p>\n<ul>\n<li>Valsts p\u0101rcel\u0161an\u0101s<\/li>\n<li>Starptautiskie p\u0101rvadi<\/li>\n<li>M\u0101jsaimniec\u012bbas p\u0101rv\u0101k\u0161an\u0101s<\/li>\n<li>Biroju p\u0101rcel\u0161an\u0101s<\/li>\n<li>Piel\u0101gojamas cit\u0101tus, kas ir draudz\u012bgi bud\u017eetam<\/li>\n<li>Profesion\u0101ls iepako\u0161anas pakalpojums<\/li>\n<li>Autotransports, gaisa vai j\u016bras transports<\/li>\n<li>Muito\u0161ana<\/li>\n<li>Apdro\u0161in\u0101\u0161ana<\/li>\n<li>Uzglab\u0101\u0161anas iek\u0101rtas<\/li>\n<\/ul>\n<p>Adam International Movers ir iepako\u0161anas un p\u0101rcel\u0161an\u0101s pakalpojumu uz\u0146\u0113mums priv\u0101tperson\u0101m, m\u0101jok\u013ciem un birojiem, kas darbojas Bejr\u016bt\u0101, Lib\u0101n\u0101 un Arm\u0113nij\u0101. Uz\u0146\u0113mumam ir a\u0123entu un p\u0101rvad\u0101t\u0101ju t\u012bkls vis\u0101 pasaul\u0113, kas pal\u012bdz sniegt starptautiskus pakalpojumus. Uz\u0146\u0113mums ir IAM biedrs ar se\u0161u gadu darba st\u0101\u017eu.<\/p>\n<p>Adam International Movers pied\u0101v\u0101 pirmsp\u0101rv\u0101k\u0161an\u0101s apsekojumu, lai saprastu j\u016bsu p\u0101rv\u0101k\u0161an\u0101s pras\u012bbas un sniegtu jums cenu pied\u0101v\u0101jumu. Vi\u0146i sniedz profesion\u0101lus iepako\u0161anas pakalpojumus, ko nodro\u0161ina apm\u0101c\u012bti darbinieki, kuri izmanto jaun\u0101kos pa\u0146\u0113mienus un augstas kvalit\u0101tes iepakojuma materi\u0101lus. Vi\u0146i nodro\u0161in\u0101s j\u016bsu mantu p\u0101rvad\u0101\u0161anu pa autoce\u013ciem, gaisu vai j\u016bru, k\u0101 ar\u012b muito\u0161anu, ja nepiecie\u0161ams.<\/p>\n<p>T\u012bmek\u013ca vietne: <a href=\"http:\/\/www.adam-movers.com\" target=\"_blank\" rel=\"noopener\">http:\/\/www.adam-movers.com<\/a><\/p>\n<h2><span class=\"ez-toc-section\" id=\"3_Orbit_International_Forwarders\"><\/span><strong>3. Orbit International Forwarders<\/strong><span class=\"ez-toc-section-end\"><\/span><\/h2>\n<p><img loading=\"lazy\" decoding=\"async\" class=\"alignnone size-full wp-image-8351\" src=\"https:\/\/moverdb.com\/wp-content\/uploads\/Orbit-International-Forwarders-Lebanon-moving-company.png\" alt=\"Orbit International Forwarders Lib\u0101na p\u0101rvietojas uz\u0146\u0113mums\" width=\"1440\" height=\"679\" data-wp-pid=\"8351\" srcset=\"https:\/\/moverdb.com\/wp-content\/uploads\/Orbit-International-Forwarders-Lebanon-moving-company.png 1440w, https:\/\/moverdb.com\/wp-content\/uploads\/Orbit-International-Forwarders-Lebanon-moving-company-300x141.png 300w, https:\/\/moverdb.com\/wp-content\/uploads\/Orbit-International-Forwarders-Lebanon-moving-company-1024x483.png 1024w, https:\/\/moverdb.com\/wp-content\/uploads\/Orbit-International-Forwarders-Lebanon-moving-company-18x8.png 18w, https:\/\/moverdb.com\/wp-content\/uploads\/Orbit-International-Forwarders-Lebanon-moving-company-600x283.png 600w\" sizes=\"auto, (max-width: 1440px) 100vw, 1440px\" \/><\/p>\n<ul>\n<li>Viet\u0113jie un viet\u0113jie p\u0101rvadi<\/li>\n<li>P\u0101rv\u0101k\u0161an\u0101s vis\u0101 pasaul\u0113<\/li>\n<li>M\u0101jsaimniec\u012bbas p\u0101rv\u0101k\u0161an\u0101s<\/li>\n<li>Uz\u0146\u0113mumu p\u0101rvieto\u0161ana<\/li>\n<li>Pakalpojums \"no durv\u012bm l\u012bdz durv\u012bm<\/li>\n<li>Iepako\u0161anas pakalpojums<\/li>\n<li>Sauszemes, j\u016bras vai gaisa kravu p\u0101rvad\u0101jumi<\/li>\n<li>T\u0113lot\u0101jm\u0101kslas apstr\u0101de<\/li>\n<li>Autotransporta l\u012bdzek\u013cu p\u0101rvad\u0101jumi<\/li>\n<li>Uzglab\u0101\u0161anas iek\u0101rtas<\/li>\n<\/ul>\n<p>Orbit International Forwarders ir iepako\u0161anas un p\u0101rcel\u0161an\u0101s uz\u0146\u0113mums, kas dibin\u0101ts 1983. gad\u0101. Uz\u0146\u0113mumam ir devi\u0146as fili\u0101les Eirop\u0101 un \u0100zij\u0101, tostarp Beiruta Lib\u0101n\u0101. Vi\u0146i sadarbojas ar vair\u0101k nek\u0101 t\u016bksto\u0161 izv\u0113l\u0113tiem a\u0123entiem gandr\u012bz vis\u0101s pasaules valst\u012bs, lai sniegtu savus pakalpojumus starptautisk\u0101 m\u0113rog\u0101. Uz\u0146\u0113mums ir IAM biedrs ar 26 gadu darba st\u0101\u017eu.<\/p>\n<p>Orbit International Forwarders pied\u0101v\u0101 individualiz\u0113tus p\u0101rcel\u0161an\u0101s pakalpojumus no durv\u012bm l\u012bdz durv\u012bm, s\u0101kot ar s\u0101kotn\u0113jo apseko\u0161anu. Vi\u0146i pied\u0101v\u0101 augstas kvalit\u0101tes iepako\u0161anas pakalpojumus, lai aizsarg\u0101tu j\u016bsu mantas, un nodro\u0161ina kastes trausliem priek\u0161metiem. Tie pied\u0101v\u0101 papildu pakalpojumus, tostarp autotransporta l\u012bdzek\u013cu p\u0101rvad\u0101\u0161anu, m\u0101kslas priek\u0161metu apstr\u0101di, izst\u0101\u017eu lo\u0123istiku, pla\u0161sazi\u0146as l\u012bdzek\u013cu un izklaides lo\u0123istiku un uzglab\u0101\u0161anas iesp\u0113jas.<\/p>\n<p>T\u012bmek\u013ca vietne: <a href=\"http:\/\/www.orbitlb.com\" target=\"_blank\" rel=\"noopener\">http:\/\/www.orbitlb.com<\/a><\/p>\n<h2><span class=\"ez-toc-section\" id=\"4_All_Transportation_Agency\"><\/span><strong>4. Visas Transporta a\u0123ent\u016bras<\/strong><span class=\"ez-toc-section-end\"><\/span><\/h2>\n<p><img loading=\"lazy\" decoding=\"async\" class=\"alignnone size-full wp-image-8285\" src=\"https:\/\/moverdb.com\/wp-content\/uploads\/All-Transportation-Agency-international-moving-company.png\" alt=\"Visi Transporta a\u0123ent\u016bra starptautisk\u0101 p\u0101rvietojas uz\u0146\u0113mums\" width=\"1440\" height=\"680\" data-wp-pid=\"8285\" srcset=\"https:\/\/moverdb.com\/wp-content\/uploads\/All-Transportation-Agency-international-moving-company.png 1440w, https:\/\/moverdb.com\/wp-content\/uploads\/All-Transportation-Agency-international-moving-company-300x142.png 300w, https:\/\/moverdb.com\/wp-content\/uploads\/All-Transportation-Agency-international-moving-company-1024x484.png 1024w, https:\/\/moverdb.com\/wp-content\/uploads\/All-Transportation-Agency-international-moving-company-18x9.png 18w, https:\/\/moverdb.com\/wp-content\/uploads\/All-Transportation-Agency-international-moving-company-600x283.png 600w\" sizes=\"auto, (max-width: 1440px) 100vw, 1440px\" \/><\/p>\n<ul>\n<li>Valsts p\u0101rcel\u0161an\u0101s<\/li>\n<li>Starptautiskie p\u0101rvadi<\/li>\n<li>M\u0101jsaimniec\u012bbas p\u0101rv\u0101k\u0161an\u0101s<\/li>\n<li>Komerci\u0101lie projekti<\/li>\n<li>Pakalpojums \"no durv\u012bm l\u012bdz durv\u012bm<\/li>\n<li>Profesion\u0101ls iepako\u0161anas pakalpojums<\/li>\n<li>Sauszemes, j\u016bras un gaisa transports<\/li>\n<li>Muito\u0161ana<\/li>\n<li>T\u0113lot\u0101jm\u0101kslas apstr\u0101de<\/li>\n<li>Dro\u0161a uzglab\u0101\u0161ana<\/li>\n<\/ul>\n<p>All Transportation Agency ir muito\u0161anas un eksped\u012bcijas a\u0123ent\u016bra, kas dibin\u0101ta 1985. gad\u0101 un atrodas Beir\u016bt\u0101. T\u0101s fili\u0101les atrodas ar\u012b Tripol\u0113, Said\u0101 un Tir\u0101. T\u0101 ir IAM biedrs, kas tai nodro\u0161ina piek\u013cuvi starptautiskam p\u0101rvad\u0101jumu a\u0123entu t\u012bklam, kas var pal\u012bdz\u0113t sniegt pakalpojumus starptautisk\u0101 m\u0113rog\u0101.<\/p>\n<p>All Transportation Agency sniedz pakalpojumus \"no durv\u012bm l\u012bdz durv\u012bm\" m\u0101jsaimniec\u012bb\u0101m, kas p\u0101rvietojas Lib\u0101n\u0101, uz Lib\u0101nu vai no t\u0101s. Vi\u0146i sniedz profesion\u0101lu iepako\u0161anas pakalpojumu, lai aizsarg\u0101tu j\u016bsu mantas, tostarp specializ\u0113tu pakalpojumu, kas paredz\u0113ts t\u0113lot\u0101jm\u0101kslas priek\u0161metiem. Vi\u0146u sniegtie iepako\u0161anas pakalpojumi ietver ar\u012b m\u0113be\u013cu demont\u0101\u017eu un mont\u0101\u017eu, k\u0101 ar\u012b kastu mar\u0137\u0113\u0161anu.<\/p>\n<p>T\u012bmek\u013ca vietne: <a href=\"http:\/\/www.ata-lebanon.com\" target=\"_blank\" rel=\"noopener\">http:\/\/www.ata-lebanon.com<\/a><\/p>\n<h2><span class=\"ez-toc-section\" id=\"5_Beirut_Express\"><\/span><strong>5. Beirut Express<\/strong><span class=\"ez-toc-section-end\"><\/span><\/h2>\n<p><img loading=\"lazy\" decoding=\"async\" class=\"alignnone size-full wp-image-8293\" src=\"https:\/\/moverdb.com\/wp-content\/uploads\/Beirut-Express-international-moving-company.png\" alt=\"Beiruta Express starptautiskais p\u0101rcel\u0161an\u0101s uz\u0146\u0113mums\" width=\"1440\" height=\"681\" data-wp-pid=\"8293\" srcset=\"https:\/\/moverdb.com\/wp-content\/uploads\/Beirut-Express-international-moving-company.png 1440w, https:\/\/moverdb.com\/wp-content\/uploads\/Beirut-Express-international-moving-company-300x142.png 300w, https:\/\/moverdb.com\/wp-content\/uploads\/Beirut-Express-international-moving-company-1024x484.png 1024w, https:\/\/moverdb.com\/wp-content\/uploads\/Beirut-Express-international-moving-company-18x9.png 18w, https:\/\/moverdb.com\/wp-content\/uploads\/Beirut-Express-international-moving-company-600x284.png 600w\" sizes=\"auto, (max-width: 1440px) 100vw, 1440px\" \/><\/p>\n<ul>\n<li>Viet\u0113jie p\u0101rv\u0101k\u0161an\u0101s darbi<\/li>\n<li>Starptautisk\u0101s p\u0101rvieto\u0161anas<\/li>\n<li>M\u0101jsaimniec\u012bbas p\u0101rv\u0101k\u0161an\u0101s<\/li>\n<li>Biroju p\u0101rcel\u0161an\u0101s<\/li>\n<li>Profesion\u0101ls iepako\u0161anas pakalpojums<\/li>\n<li>Kvalitat\u012bvi iepako\u0161anas materi\u0101li<\/li>\n<li>Gaisa un j\u016bras kravu p\u0101rvad\u0101jumi<\/li>\n<li>Muito\u0161ana<\/li>\n<li>Transportl\u012bdzek\u013cu transport\u0113\u0161ana<\/li>\n<li>Ce\u013co\u0161ana un bi\u013ce\u0161u tirdzniec\u012bba<\/li>\n<\/ul>\n<p>Beirut Express ir viet\u0113j\u0101s un starptautisk\u0101s p\u0101rcel\u0161an\u0101s un p\u0101rcel\u0161an\u0101s pakalpojums, kas darbojas jau 56 gadus un atrodas Beir\u016bt\u0101. Uz\u0146\u0113mumam ir asoci\u0113to uz\u0146\u0113mumu un akredit\u0113to a\u0123entu t\u012bkls vis\u0101 pasaul\u0113, un tas ir IAM biedrs.<\/p>\n<p>Beirut Express sniedz p\u0101rcel\u0161an\u0101s pakalpojumus m\u0101jsaimniec\u012bb\u0101m, uz\u0146\u0113mumiem un korpor\u0101cij\u0101m, padarot p\u0101rcel\u0161anos p\u0113c iesp\u0113jas vienk\u0101r\u0161\u0101ku. Vi\u0146i sniedz profesion\u0101lus iepako\u0161anas pakalpojumus ar apm\u0101c\u012btu apkalpi, kas izmanto augstas aizsardz\u012bbas metodes, lai aizsarg\u0101tu j\u016bsu mantas p\u0101rvad\u0101\u0161anas laik\u0101. Vi\u0146i organiz\u0113s j\u016bsu mantu tranz\u012btu ar gaisa un j\u016bras transportu un pal\u012bdz\u0113s veikt muito\u0161anu.<\/p>\n<p>T\u012bmek\u013ca vietne: <a href=\"http:\/\/www.beirutexpress.com\" target=\"_blank\" rel=\"noopener\">http:\/\/www.beirutexpress.com<\/a><\/p>\n<h2><span class=\"ez-toc-section\" id=\"6_Domex\"><\/span><strong>6. Domex<\/strong><span class=\"ez-toc-section-end\"><\/span><\/h2>\n<p><img loading=\"lazy\" decoding=\"async\" class=\"alignnone size-full wp-image-8306\" src=\"https:\/\/moverdb.com\/wp-content\/uploads\/Domex-international-moving-company.png\" alt=\"Domex starptautiskais p\u0101rvieto\u0161an\u0101s uz\u0146\u0113mums\" width=\"1440\" height=\"681\" data-wp-pid=\"8306\" srcset=\"https:\/\/moverdb.com\/wp-content\/uploads\/Domex-international-moving-company.png 1440w, https:\/\/moverdb.com\/wp-content\/uploads\/Domex-international-moving-company-300x142.png 300w, https:\/\/moverdb.com\/wp-content\/uploads\/Domex-international-moving-company-1024x484.png 1024w, https:\/\/moverdb.com\/wp-content\/uploads\/Domex-international-moving-company-18x9.png 18w, https:\/\/moverdb.com\/wp-content\/uploads\/Domex-international-moving-company-600x284.png 600w\" sizes=\"auto, (max-width: 1440px) 100vw, 1440px\" \/><\/p>\n<ul>\n<li>Starptautiskie p\u0101rvadi<\/li>\n<li>M\u0101jsaimniec\u012bbas p\u0101rv\u0101k\u0161an\u0101s<\/li>\n<li>Biroju p\u0101rcel\u0161an\u0101s<\/li>\n<li>Pakalpojums \"no durv\u012bm l\u012bdz durv\u012bm<\/li>\n<li>Iepako\u0161anas pakalpojums<\/li>\n<li>Augstas kvalit\u0101tes iepakojuma materi\u0101li<\/li>\n<li>Muito\u0161ana<\/li>\n<li>M\u0101kslas apstr\u0101de<\/li>\n<li>Apdro\u0161in\u0101\u0161ana<\/li>\n<li>Uzglab\u0101\u0161anas iek\u0101rtas<\/li>\n<\/ul>\n<p>Domex ir p\u0101rcel\u0161an\u0101s un uzglab\u0101\u0161anas uz\u0146\u0113mums, kas sniedz starptautiskus pakalpojumus uz Lib\u0101nu un no t\u0101s un atrodas Beir\u016bt\u0101. Lai sniegtu pakalpojumus \u0101rpus Lib\u0101nas, uz\u0146\u0113mums sadarbojas ar izv\u0113l\u0113tiem p\u0101rcel\u0161an\u0101s uz\u0146\u0113mumiem vis\u0101 pasaul\u0113 un ir IAM biedrs.<\/p>\n<p>Domex m\u0101jsaimniec\u012bb\u0101m un birojiem pied\u0101v\u0101 pakalpojumus \"no durv\u012bm l\u012bdz durv\u012bm\". Vi\u0146i sniedz iepako\u0161anas pakalpojumus, izmantojot augstas kvalit\u0101tes iepakojuma materi\u0101lus, kas aizsarg\u0101 j\u016bsu priek\u0161metus, un apm\u0101c\u012btus darbiniekus. Vi\u0146i sniedz ar\u012b \u012bpa\u0161u pakalpojumu trausliem priek\u0161metiem un m\u0101kslas priek\u0161metiem. Vi\u0146i organiz\u0113s vispiem\u0113rot\u0101ko mar\u0161rutu un transport\u0113\u0161anu, izmantojot j\u016bras un gaisa kravu p\u0101rvad\u0101jumus, un pal\u012bdz\u0113s jums ar muito\u0161anu.<\/p>\n<p>T\u012bmek\u013ca vietne: <a href=\"http:\/\/www.domexco.net\" target=\"_blank\" rel=\"noopener\">http:\/\/www.domexco.net<\/a><\/p>\n<h2><span class=\"ez-toc-section\" id=\"7_BCC_Logistics\"><\/span><strong>7. BCC lo\u0123istika<\/strong><span class=\"ez-toc-section-end\"><\/span><\/h2>\n<p><img loading=\"lazy\" decoding=\"async\" class=\"alignnone size-full wp-image-7673\" src=\"https:\/\/moverdb.com\/wp-content\/uploads\/BCC-Logistics-international-moving-company.png\" alt=\"BCC Lo\u0123istika starptautiskais p\u0101rcel\u0161an\u0101s uz\u0146\u0113mums\" width=\"1440\" height=\"634\" data-wp-pid=\"7673\" srcset=\"https:\/\/moverdb.com\/wp-content\/uploads\/BCC-Logistics-international-moving-company.png 1440w, https:\/\/moverdb.com\/wp-content\/uploads\/BCC-Logistics-international-moving-company-300x132.png 300w, https:\/\/moverdb.com\/wp-content\/uploads\/BCC-Logistics-international-moving-company-1024x451.png 1024w, https:\/\/moverdb.com\/wp-content\/uploads\/BCC-Logistics-international-moving-company-18x8.png 18w, https:\/\/moverdb.com\/wp-content\/uploads\/BCC-Logistics-international-moving-company-600x264.png 600w\" sizes=\"auto, (max-width: 1440px) 100vw, 1440px\" \/><\/p>\n<ul>\n<li>Valsts p\u0101rcel\u0161an\u0101s<\/li>\n<li>Starptautiskie p\u0101rvadi<\/li>\n<li>P\u0101rv\u0101k\u0161an\u0101s uz dz\u012bvojam\u0101m telp\u0101m<\/li>\n<li>Uz\u0146\u0113mumu p\u0101rvieto\u0161an\u0101s<\/li>\n<li>Pakalpojums \"no durv\u012bm l\u012bdz durv\u012bm<\/li>\n<li>Iepako\u0161anas pakalpojums<\/li>\n<li>Sauszemes, j\u016bras un gaisa kravu p\u0101rvad\u0101jumi<\/li>\n<li>Muito\u0161ana<\/li>\n<li>T\u0113lot\u0101jm\u0101kslas apstr\u0101de<\/li>\n<li>Uzglab\u0101\u0161anas iek\u0101rtas<\/li>\n<\/ul>\n<p>BCC Logistics ir 1993. gad\u0101 Beir\u016bt\u0101 dibin\u0101ts starptautisks kravu p\u0101rvad\u0101jumu uz\u0146\u0113mums, kas darbojas \u0161\u0101d\u0101s valst\u012bs. <a href=\"https:\/\/moverdb.com\/lv\/moving-to-qatar\/\" data-internallinksmanager029f6b8e52c=\"334\" title=\"P\u0101rcel\u0161an\u0101s uz Kataru? 2023 Dz\u012bves izmaksas un p\u0101rcel\u0161an\u0101s padomi\">Katara<\/a>, <a href=\"https:\/\/moverdb.com\/lv\/moving-companies\/moving-companies-iraq\/\" data-internallinksmanager029f6b8e52c=\"314\" title=\"2 Lab\u0101kie starptautisk\u0101s p\u0101rcel\u0161an\u0101s uz\u0146\u0113mumi Ir\u0101k\u0101\">Ir\u0101ka<\/a> un <a href=\"https:\/\/moverdb.com\/lv\/moving-to-saudi-arabia\/\" data-internallinksmanager029f6b8e52c=\"319\" title=\"P\u0101rcel\u0161an\u0101s uz Sa\u016bda Ar\u0101biju? 2023 Dz\u012bves izmaksas un p\u0101rcel\u0161an\u0101s padomi\">Sa\u016bda Ar\u0101bija<\/a>. Vi\u0146i ir labi saist\u012bti ar starptautiskajiem p\u0101rvieto\u0161an\u0101s a\u0123entiem, kas \u013cauj tiem sniegt pakalpojumus vis\u0101 pasaul\u0113. Vi\u0146i ir IAM biedri un ir akredit\u0113ti FIDI.<\/p>\n<p>BCC Logistics pied\u0101v\u0101 p\u0101rcel\u0161an\u0101s pakalpojumus \"no durv\u012bm l\u012bdz durv\u012bm\" ar vienu kontaktpunktu. Vi\u0146i sniedz iepako\u0161anas pakalpojumus, izmantojot kvalitat\u012bvus iepako\u0161anas materi\u0101lus, k\u0101 ar\u012b pied\u0101v\u0101 j\u016bras p\u0101rvad\u0101jumus konteineros un tr\u012bssienu iepakojumu gaisa p\u0101rvad\u0101jumiem ar muitas formalit\u0101t\u0113m. Vi\u0146i pal\u012bdz\u0113s ar iepako\u0161anu, izpako\u0161anu un m\u0113be\u013cu uzst\u0101d\u012b\u0161anu. Vi\u0146i pied\u0101v\u0101 ar\u012b smagu priek\u0161metu p\u0101rkrau\u0161anu, transport\u0113\u0161anu ar transportl\u012bdzekli un apdro\u0161in\u0101\u0161anu.<\/p>\n<p>T\u012bmek\u013ca vietne: <a href=\"http:\/\/www.bcclogistics.com\/\" target=\"_blank\" rel=\"noopener\">http:\/\/www.bcclogistics.com\/<\/a><\/p>","protected":false},"excerpt":{"rendered":"<p>Just thinking about moving your home or business can be stressful and seem complicated if you are planning on moving abroad, which is where a moving company can assist by lightening the load. Below we have compiled a list of Lebanon based removal companies that are members of the International Association of Movers (IAM) and\/or [&hellip;]<\/p>\n","protected":false},"author":4,"featured_media":0,"parent":190,"menu_order":0,"comment_status":"closed","ping_status":"closed","template":"","meta":{"_genesis_hide_title":false,"_genesis_hide_breadcrumbs":false,"_genesis_hide_singular_image":false,"_genesis_hide_footer_widgets":false,"_genesis_custom_body_class":"","_genesis_custom_post_class":"","_genesis_layout":"","footnotes":""},"class_list":{"0":"post-8402","1":"page","2":"type-page","3":"status-publish","5":"entry","6":"has-post-thumbnail"},"_links":{"self":[{"href":"https:\/\/moverdb.com\/lv\/wp-json\/wp\/v2\/pages\/8402","targetHints":{"allow":["GET"]}}],"collection":[{"href":"https:\/\/moverdb.com\/lv\/wp-json\/wp\/v2\/pages"}],"about":[{"href":"https:\/\/moverdb.com\/lv\/wp-json\/wp\/v2\/types\/page"}],"author":[{"embeddable":true,"href":"https:\/\/moverdb.com\/lv\/wp-json\/wp\/v2\/users\/4"}],"replies":[{"embeddable":true,"href":"https:\/\/moverdb.com\/lv\/wp-json\/wp\/v2\/comments?post=8402"}],"version-history":[{"count":1,"href":"https:\/\/moverdb.com\/lv\/wp-json\/wp\/v2\/pages\/8402\/revisions"}],"predecessor-version":[{"id":8403,"href":"https:\/\/moverdb.com\/lv\/wp-json\/wp\/v2\/pages\/8402\/revisions\/8403"}],"up":[{"embeddable":true,"href":"https:\/\/moverdb.com\/lv\/wp-json\/wp\/v2\/pages\/190"}],"wp:attachment":[{"href":"https:\/\/moverdb.com\/lv\/wp-json\/wp\/v2\/media?parent=8402"}],"curies":[{"name":"wp","href":"https:\/\/api.w.org\/{rel}","templated":true}]}}