{"id":8400,"date":"2023-04-27T14:52:05","date_gmt":"2023-04-27T14:52:05","guid":{"rendered":"https:\/\/moverdb.com\/?page_id=8400"},"modified":"2026-01-08T15:24:21","modified_gmt":"2026-01-08T15:24:21","slug":"moving-companies-latvia","status":"publish","type":"page","link":"https:\/\/moverdb.com\/lv\/moving-companies\/moving-companies-latvia\/","title":{"rendered":"3 lab\u0101kie starptautisk\u0101s p\u0101rcel\u0161an\u0101s uz\u0146\u0113mumi Latvij\u0101"},"content":{"rendered":"<p>Ja j\u016bs p\u0101rce\u013caties uz m\u0101j\u0101m vai uz\u0146\u0113mumu Latvij\u0101, uz Latviju vai no t\u0101s, iesp\u0113jams, v\u0113laties izmantot p\u0101rcel\u0161an\u0101s uz\u0146\u0113muma pakalpojumus, lai jums pal\u012bdz\u0113tu. Zem\u0101k m\u0113s esam apkopoju\u0161i Latvijas <a href=\"https:\/\/moverdb.com\/lv\/international-removals\/\" data-internallinksmanager029f6b8e52c=\"27\" title=\"36 Lab\u0101kie starptautisko p\u0101rvad\u0101jumu uz\u0146\u0113mumi Apvienotaj\u0101 Karalist\u0113\">p\u0101rv\u0101k\u0161an\u0101s uz\u0146\u0113mumi<\/a> kas ir <a href=\"https:\/\/moverdb.com\/lv\/iam\/\" data-internallinksmanager029f6b8e52c=\"23\" title=\"Starptautisk\u0101s P\u0101rv\u0101c\u0113ju asoci\u0101cijas (IAM) skaidrojumi\">Starptautisk\u0101 P\u0101rv\u0101c\u0113ju asoci\u0101cija<\/a> (IAM) un\/vai <a href=\"https:\/\/moverdb.com\/lv\/fidi-faim\/\" data-internallinksmanager029f6b8e52c=\"16\" title=\"FIDI un FAIM (FIDI akredit\u0113tais starptautiskais p\u0101rvietot\u0101js) skaidrojums\">FIDI<\/a> Akredit\u0113ti starptautiskie p\u0101rv\u0101c\u0113ji (FAIM), kas var\u0113tu jums pal\u012bdz\u0113t p\u0101rcelties.<\/p>\n<div id=\"ez-toc-container\" class=\"ez-toc-v2_0_82_2 ez-toc-wrap-left counter-hierarchy ez-toc-counter ez-toc-transparent ez-toc-container-direction\">\n<div class=\"ez-toc-title-container\">\n<p class=\"ez-toc-title\" style=\"cursor:inherit\">Sada\u013cas<\/p>\n<span class=\"ez-toc-title-toggle\"><a href=\"#\" class=\"ez-toc-pull-right ez-toc-btn ez-toc-btn-xs ez-toc-btn-default ez-toc-toggle\" aria-label=\"P\u0101rsl\u0113gt satura tabulu\"><span class=\"ez-toc-js-icon-con\"><span class=\"\"><span class=\"eztoc-hide\" style=\"display:none;\">P\u0101rsl\u0113gt<\/span><span class=\"ez-toc-icon-toggle-span\"><svg style=\"fill: #999;color:#999\" xmlns=\"http:\/\/www.w3.org\/2000\/svg\" class=\"list-377408\" width=\"20px\" height=\"20px\" viewbox=\"0 0 24 24\" fill=\"none\"><path d=\"M6 6H4v2h2V6zm14 0H8v2h12V6zM4 11h2v2H4v-2zm16 0H8v2h12v-2zM4 16h2v2H4v-2zm16 0H8v2h12v-2z\" fill=\"currentColor\"><\/path><\/svg><svg style=\"fill: #999;color:#999\" class=\"arrow-unsorted-368013\" xmlns=\"http:\/\/www.w3.org\/2000\/svg\" width=\"10px\" height=\"10px\" viewbox=\"0 0 24 24\" version=\"1.2\" baseprofile=\"tiny\"><path d=\"M18.2 9.3l-6.2-6.3-6.2 6.3c-.2.2-.3.4-.3.7s.1.5.3.7c.2.2.4.3.7.3h11c.3 0 .5-.1.7-.3.2-.2.3-.5.3-.7s-.1-.5-.3-.7zM5.8 14.7l6.2 6.3 6.2-6.3c.2-.2.3-.5.3-.7s-.1-.5-.3-.7c-.2-.2-.4-.3-.7-.3h-11c-.3 0-.5.1-.7.3-.2.2-.3.5-.3.7s.1.5.3.7z\"\/><\/svg><\/span><\/span><\/span><\/a><\/span><\/div>\n<nav><ul class='ez-toc-list ez-toc-list-level-1 eztoc-toggle-hide-by-default' ><li class='ez-toc-page-1 ez-toc-heading-level-2'><a class=\"ez-toc-link ez-toc-heading-1\" href=\"https:\/\/moverdb.com\/lv\/moving-companies\/moving-companies-latvia\/#1_FF_International_Movers\" >1. FF Starptautiskie p\u0101rvietot\u0101ji<\/a><\/li><li class='ez-toc-page-1 ez-toc-heading-level-2'><a class=\"ez-toc-link ez-toc-heading-2\" href=\"https:\/\/moverdb.com\/lv\/moving-companies\/moving-companies-latvia\/#2_Gosselin\" >2. Gosselin<\/a><\/li><li class='ez-toc-page-1 ez-toc-heading-level-2'><a class=\"ez-toc-link ez-toc-heading-3\" href=\"https:\/\/moverdb.com\/lv\/moving-companies\/moving-companies-latvia\/#3_Zebra_Cargo\" >3. Zebra Cargo<\/a><\/li><li class='ez-toc-page-1 ez-toc-heading-level-2'><a class=\"ez-toc-link ez-toc-heading-4\" href=\"https:\/\/moverdb.com\/lv\/moving-companies\/moving-companies-latvia\/#Other_Useful_Guides_to_Latvia\" >Citi noder\u012bgi ce\u013cve\u017ei uz Latviju<\/a><\/li><\/ul><\/nav><\/div>\n<h2><span class=\"ez-toc-section\" id=\"1_FF_International_Movers\"><\/span><strong>1. FF Starptautiskie p\u0101rvietot\u0101ji<\/strong><span class=\"ez-toc-section-end\"><\/span><\/h2>\n<p><img loading=\"lazy\" decoding=\"async\" class=\"alignnone size-full wp-image-8314\" src=\"https:\/\/moverdb.com\/wp-content\/uploads\/FF-International-Movers-moving-company.png\" alt=\"FF International Movers p\u0101rvietojas uz\u0146\u0113mums\" width=\"1440\" height=\"684\" data-wp-pid=\"8314\" srcset=\"https:\/\/moverdb.com\/wp-content\/uploads\/FF-International-Movers-moving-company.png 1440w, https:\/\/moverdb.com\/wp-content\/uploads\/FF-International-Movers-moving-company-300x143.png 300w, https:\/\/moverdb.com\/wp-content\/uploads\/FF-International-Movers-moving-company-1024x486.png 1024w, https:\/\/moverdb.com\/wp-content\/uploads\/FF-International-Movers-moving-company-18x9.png 18w, https:\/\/moverdb.com\/wp-content\/uploads\/FF-International-Movers-moving-company-600x285.png 600w\" sizes=\"auto, (max-width: 1440px) 100vw, 1440px\" \/><\/p>\n<ul>\n<li>Valsts p\u0101rcel\u0161an\u0101s<\/li>\n<li>Starptautiskie p\u0101rvadi<\/li>\n<li>M\u0101jsaimniec\u012bbas p\u0101rv\u0101k\u0161an\u0101s<\/li>\n<li>Biroju p\u0101rcel\u0161an\u0101s<\/li>\n<li>Iepako\u0161anas pakalpojums<\/li>\n<li>Sauszemes, gaisa un j\u016bras transports<\/li>\n<li>Muitas formalit\u0101tes<\/li>\n<li>M\u0101kslas darbu nodo\u0161ana<\/li>\n<li>Imigr\u0101cijas atbalsts<\/li>\n<li>\u012astermi\u0146a vai ilgtermi\u0146a uzglab\u0101\u0161ana<\/li>\n<\/ul>\n<p>FF International Movers ir 2001. gad\u0101 dibin\u0101ts p\u0101rcel\u0161an\u0101s un p\u0101rve\u0161anas uz\u0146\u0113mums, kas atrodas R\u012bg\u0101. Uz\u0146\u0113mums specializ\u0113jas pakalpojumu snieg\u0161an\u0101 Latvij\u0101, <a href=\"https:\/\/moverdb.com\/lv\/moving-to-estonia\/\" data-internallinksmanager029f6b8e52c=\"430\" title=\"P\u0101rcel\u0161an\u0101s uz Igauniju? 2023 Dz\u012bves izmaksas un p\u0101rcel\u0161an\u0101s padomi\">Igaunija<\/a> un Lietuv\u0101, bet pied\u0101v\u0101 pakalpojumus starptautisk\u0101 m\u0113rog\u0101. Uz\u0146\u0113mums ir IAM biedrs ar 22 gadu darba st\u0101\u017eu.<\/p>\n<p>FF International Movers pied\u0101v\u0101 bezmaksas konsult\u0101cijas, lai saprastu j\u016bsu p\u0101rvieto\u0161an\u0101s vajadz\u012bbas un apjomus. Vi\u0146i pied\u0101v\u0101 iepako\u0161anas pakalpojumus, kas nodro\u0161in\u0101s, ka j\u016bsu mantas ir dro\u0161i iepakotas augstas kvalit\u0101tes iepakojuma materi\u0101los un atbilst transport\u0113\u0161anas veida standartiem. Vi\u0146i pal\u012bdz\u0113s ar\u012b ar m\u0113be\u013cu demont\u0101\u017eu un mont\u0101\u017eu. Vi\u0146i sniegs konsult\u0101cijas par dokument\u0101ciju imigr\u0101cijas un muitas formalit\u0101t\u0113m.<\/p>\n<p>T\u012bmek\u013ca vietne: <a href=\"http:\/\/www.ffinternationalmovers.lv\" target=\"_blank\" rel=\"noopener\">http:\/\/www.ffinternationalmovers.lv<\/a><\/p>\n<h2><span class=\"ez-toc-section\" id=\"2_Gosselin\"><\/span><strong>2. Gosselin<\/strong><span class=\"ez-toc-section-end\"><\/span><\/h2>\n<p><img loading=\"lazy\" decoding=\"async\" class=\"alignnone size-full wp-image-8322\" src=\"https:\/\/moverdb.com\/wp-content\/uploads\/Gosselin-Latvia-international-moving-company.png\" alt=\"Gosselin Latvija Starptautisko p\u0101rvad\u0101jumu uz\u0146\u0113mums\" width=\"1440\" height=\"679\" data-wp-pid=\"8322\" srcset=\"https:\/\/moverdb.com\/wp-content\/uploads\/Gosselin-Latvia-international-moving-company.png 1440w, https:\/\/moverdb.com\/wp-content\/uploads\/Gosselin-Latvia-international-moving-company-300x141.png 300w, https:\/\/moverdb.com\/wp-content\/uploads\/Gosselin-Latvia-international-moving-company-1024x483.png 1024w, https:\/\/moverdb.com\/wp-content\/uploads\/Gosselin-Latvia-international-moving-company-18x8.png 18w, https:\/\/moverdb.com\/wp-content\/uploads\/Gosselin-Latvia-international-moving-company-600x283.png 600w\" sizes=\"auto, (max-width: 1440px) 100vw, 1440px\" \/><\/p>\n<ul>\n<li>Valsts p\u0101rcel\u0161an\u0101s<\/li>\n<li>Starptautiskie p\u0101rvadi<\/li>\n<li>M\u0101jsaimniec\u012bbas p\u0101rv\u0101k\u0161an\u0101s<\/li>\n<li>Biroju p\u0101rcel\u0161an\u0101s<\/li>\n<li>Pakalpojums \"no durv\u012bm l\u012bdz durv\u012bm<\/li>\n<li>Iepako\u0161anas pakalpojums<\/li>\n<li>Muito\u0161ana<\/li>\n<li>T\u0113lot\u0101jm\u0101ksla un transportl\u012bdzek\u013cu transport\u0113\u0161ana<\/li>\n<li>Apdro\u0161in\u0101\u0161ana<\/li>\n<li>Uzglab\u0101\u0161anas iek\u0101rtas<\/li>\n<\/ul>\n<p>Gosselin ir starptautisks p\u0101rcel\u0161an\u0101s un p\u0101rv\u0101k\u0161an\u0101s uz\u0146\u0113mums, kas darbojas 34 valst\u012bs Eirop\u0101, Krievij\u0101 un Vidus\u0101zij\u0101, dibin\u0101ts 1930. gad\u0101. Uz\u0146\u0113muma Latvijas birojs atrodas R\u012bg\u0101, kas ir IAM biedrs. Uz\u0146\u0113mumam ir ar\u012b piek\u013cuve starptautiskajiem t\u012bkliem, lai papla\u0161in\u0101tu savu darb\u012bbu vis\u0101 pasaul\u0113.<\/p>\n<p>Gosselin pied\u0101v\u0101 p\u0101rcel\u0161an\u0101s pakalpojumus no durv\u012bm l\u012bdz durv\u012bm, izmantojot profesion\u0101lus un kompetentus p\u0101rv\u0101c\u0113jus. Vi\u0146i sniedz iepako\u0161anas pakalpojumus, kas ietver iepako\u0161anu, izmantojot videi draudz\u012bgus iepako\u0161anas materi\u0101lus, m\u0113be\u013cu demont\u0101\u017eu un salik\u0161anu, k\u0101 ar\u012b izpako\u0161anu. Vi\u0146i organiz\u0113 transportu ar vis\u0101m administrat\u012bvaj\u0101m formalit\u0101t\u0113m, tostarp muito\u0161anu. Vi\u0146i pied\u0101v\u0101 papildu pakalpojumus, tostarp m\u0101kslas priek\u0161metu p\u0101rvieto\u0161anu, m\u0101jdz\u012bvnieku p\u0101rvieto\u0161anu, automa\u0161\u012bnu un motociklu transport\u0113\u0161anu un uzglab\u0101\u0161anu.<\/p>\n<p>T\u012bmek\u013ca vietne: <a href=\"https:\/\/gosselin-moving.com\/en\/moving-to-latvia\" target=\"_blank\" rel=\"noopener\">https:\/\/gosselin-moving.com\/en\/moving-to-latvia<\/a><\/p>\n<h2><span class=\"ez-toc-section\" id=\"3_Zebra_Cargo\"><\/span><strong>3. Zebra Cargo<\/strong><span class=\"ez-toc-section-end\"><\/span><\/h2>\n<p><img loading=\"lazy\" decoding=\"async\" class=\"alignnone size-full wp-image-8384\" src=\"https:\/\/moverdb.com\/wp-content\/uploads\/Zebra-Cargo-international-moving-company.png\" alt=\"Zebra Cargo starptautiskais p\u0101rvad\u0101jumu uz\u0146\u0113mums\" width=\"1440\" height=\"684\" data-wp-pid=\"8384\" srcset=\"https:\/\/moverdb.com\/wp-content\/uploads\/Zebra-Cargo-international-moving-company.png 1440w, https:\/\/moverdb.com\/wp-content\/uploads\/Zebra-Cargo-international-moving-company-300x143.png 300w, https:\/\/moverdb.com\/wp-content\/uploads\/Zebra-Cargo-international-moving-company-1024x486.png 1024w, https:\/\/moverdb.com\/wp-content\/uploads\/Zebra-Cargo-international-moving-company-18x9.png 18w, https:\/\/moverdb.com\/wp-content\/uploads\/Zebra-Cargo-international-moving-company-600x285.png 600w\" sizes=\"auto, (max-width: 1440px) 100vw, 1440px\" \/><\/p>\n<ul>\n<li>Valsts p\u0101rcel\u0161an\u0101s<\/li>\n<li>Starptautiskie p\u0101rvadi<\/li>\n<li>M\u0101jsaimniec\u012bbas p\u0101rvieto\u0161ana<\/li>\n<li>Uz\u0146\u0113mumu p\u0101rvieto\u0161ana<\/li>\n<li>Iepako\u0161anas pakalpojums<\/li>\n<li>Transporta pas\u0101kumi<\/li>\n<li>Muitas formalit\u0101tes<\/li>\n<li>M\u0101kslas darbu transport\u0113\u0161ana<\/li>\n<li>Apdro\u0161in\u0101\u0161ana<\/li>\n<li>Uzglab\u0101\u0161anas iek\u0101rtas<\/li>\n<\/ul>\n<p>Zebra Cargo ir 1998. gad\u0101 dibin\u0101ts p\u0101rcel\u0161an\u0101s un p\u0101rv\u0101k\u0161an\u0101s uz\u0146\u0113mums, kam ir biroji Latvij\u0101, Lietuv\u0101 un Igaunij\u0101, bet galvenais birojs atrodas R\u012bg\u0101. Vi\u0146i sadarbojas ar p\u0101rcel\u0161an\u0101s a\u0123entiem vis\u0101 pasaul\u0113, lai sniegtu savus pakalpojumus starptautisk\u0101 m\u0113rog\u0101. Uz\u0146\u0113mums ir ar\u012b IAM biedrs.<\/p>\n<p>Zebra Cargo pied\u0101v\u0101 bezmaksas konsult\u0101ciju, lai nov\u0113rt\u0113tu j\u016bsu p\u0101rcel\u0161an\u0101s pras\u012bbas, un sast\u0101d\u012bs p\u0101rcel\u0161an\u0101s grafiku, p\u0113c kura var\u0113siet sekot l\u012bdzi p\u0101rcel\u0161an\u0101s gaitai. Vi\u0146u starptautisk\u0101s p\u0101rcel\u0161an\u0101s konsultanti sniegs jums padomu un pal\u012bdz\u0113s pie\u0146emt lab\u0101kos l\u0113mumus. Vi\u0146i nodro\u0161ina visu izm\u0113ru un formu priek\u0161metu iepako\u0161anas pakalpojumus un organiz\u0113s transport\u0113\u0161anu, pal\u012bdzot nok\u0101rtot muitas formalit\u0101tes.<\/p>\n<p>T\u012bmek\u013ca vietne: <a href=\"http:\/\/www.zebracargo.com\" target=\"_blank\" rel=\"noopener\">http:\/\/www.zebracargo.com<\/a><\/p>\n<h2><span class=\"ez-toc-section\" id=\"Other_Useful_Guides_to_Latvia\"><\/span>Citi noder\u012bgi ce\u013cve\u017ei uz Latviju<span class=\"ez-toc-section-end\"><\/span><\/h2>\n<ul>\n<li> <a href=\"https:\/\/moverdb.com\/lv\/konteineru-parvadajumi\/latvija\/\">2024 J\u016bras konteineru p\u0101rvad\u0101jumu cenas uz un no Latvijas<\/a><\/li>\n<li> <a href=\"https:\/\/moverdb.com\/lv\/moving-to-latvia\/\">P\u0101rcel\u0161an\u0101s uz Latviju? 2024 Dz\u012bves izmaksas un p\u0101rcel\u0161an\u0101s padomi<\/a><\/li>\n<\/ul>","protected":false},"excerpt":{"rendered":"<p>Are you are moving home or your business within, or to or from Latvia then you might want to employ the services of a removal company to assist you. Below we have compiled a list of Latvian removal companies that are members of the International Association of Movers (IAM) and\/or FIDI Accredited International Mover (FAIM) [&hellip;]<\/p>\n","protected":false},"author":4,"featured_media":0,"parent":190,"menu_order":0,"comment_status":"closed","ping_status":"closed","template":"","meta":{"_genesis_hide_title":false,"_genesis_hide_breadcrumbs":false,"_genesis_hide_singular_image":false,"_genesis_hide_footer_widgets":false,"_genesis_custom_body_class":"","_genesis_custom_post_class":"","_genesis_layout":"","footnotes":""},"class_list":{"0":"post-8400","1":"page","2":"type-page","3":"status-publish","5":"entry","6":"has-post-thumbnail"},"_links":{"self":[{"href":"https:\/\/moverdb.com\/lv\/wp-json\/wp\/v2\/pages\/8400","targetHints":{"allow":["GET"]}}],"collection":[{"href":"https:\/\/moverdb.com\/lv\/wp-json\/wp\/v2\/pages"}],"about":[{"href":"https:\/\/moverdb.com\/lv\/wp-json\/wp\/v2\/types\/page"}],"author":[{"embeddable":true,"href":"https:\/\/moverdb.com\/lv\/wp-json\/wp\/v2\/users\/4"}],"replies":[{"embeddable":true,"href":"https:\/\/moverdb.com\/lv\/wp-json\/wp\/v2\/comments?post=8400"}],"version-history":[{"count":2,"href":"https:\/\/moverdb.com\/lv\/wp-json\/wp\/v2\/pages\/8400\/revisions"}],"predecessor-version":[{"id":17890,"href":"https:\/\/moverdb.com\/lv\/wp-json\/wp\/v2\/pages\/8400\/revisions\/17890"}],"up":[{"embeddable":true,"href":"https:\/\/moverdb.com\/lv\/wp-json\/wp\/v2\/pages\/190"}],"wp:attachment":[{"href":"https:\/\/moverdb.com\/lv\/wp-json\/wp\/v2\/media?parent=8400"}],"curies":[{"name":"wp","href":"https:\/\/api.w.org\/{rel}","templated":true}]}}