{"id":8394,"date":"2023-04-27T14:54:05","date_gmt":"2023-04-27T14:54:05","guid":{"rendered":"https:\/\/moverdb.com\/?page_id=8394"},"modified":"2026-01-08T15:24:20","modified_gmt":"2026-01-08T15:24:20","slug":"moving-companies-kazakhstan","status":"publish","type":"page","link":"https:\/\/moverdb.com\/lv\/moving-companies\/moving-companies-kazakhstan\/","title":{"rendered":"3 lab\u0101kie starptautisk\u0101s p\u0101rcel\u0161an\u0101s uz\u0146\u0113mumi Kazahst\u0101n\u0101"},"content":{"rendered":"<p>P\u0101rv\u0101k\u0161an\u0101s var b\u016bt stresa pilns laiks, bet, ja v\u0113laties to mazin\u0101t, varat izmantot pakalpojumus no <a href=\"https:\/\/moverdb.com\/lv\/moving-companies\/\" data-internallinksmanager029f6b8e52c=\"79\" title=\"Top 25 Starptautiskie p\u0101rcel\u0161an\u0101s uz\u0146\u0113mumi tie\u0161saist\u0113\">P\u0101rvieto\u0161an\u0101s uz\u0146\u0113mums<\/a>. Vi\u0146i var uz\u0146emties j\u016bsu p\u0101rcel\u0161an\u0101s organiz\u0113\u0161anu, iepako\u0161anu un administr\u0113\u0161anu. Zem\u0101k m\u0113s esam apkopoju\u0161i sarakstu ar Kazahst\u0101n\u0101 b\u0101z\u0113tiem <a href=\"https:\/\/moverdb.com\/lv\/international-removals\/\" data-internallinksmanager029f6b8e52c=\"27\" title=\"36 Lab\u0101kie starptautisko p\u0101rvad\u0101jumu uz\u0146\u0113mumi Apvienotaj\u0101 Karalist\u0113\">p\u0101rv\u0101k\u0161an\u0101s uz\u0146\u0113mumi<\/a> kas ir <a href=\"https:\/\/moverdb.com\/lv\/iam\/\" data-internallinksmanager029f6b8e52c=\"23\" title=\"Starptautisk\u0101s P\u0101rv\u0101c\u0113ju asoci\u0101cijas (IAM) skaidrojumi\">Starptautisk\u0101 P\u0101rv\u0101c\u0113ju asoci\u0101cija<\/a> (IAM) un\/vai <a href=\"https:\/\/moverdb.com\/lv\/fidi-faim\/\" data-internallinksmanager029f6b8e52c=\"16\" title=\"FIDI un FAIM (FIDI akredit\u0113tais starptautiskais p\u0101rvietot\u0101js) skaidrojums\">FIDI<\/a> Akredit\u0113ti starptautiskie p\u0101rv\u0101c\u0113ji (FAIM), kas var\u0113tu jums pal\u012bdz\u0113t p\u0101rcelties.<\/p>\n<h2><strong>1. Intermovex<\/strong><\/h2>\n<p><img loading=\"lazy\" decoding=\"async\" class=\"alignnone size-full wp-image-8330\" src=\"https:\/\/moverdb.com\/wp-content\/uploads\/Intermovex-international-moving-company.png\" alt=\"Intermovex starptautiskais p\u0101rvieto\u0161an\u0101s uz\u0146\u0113mums\" width=\"1440\" height=\"680\" data-wp-pid=\"8330\" srcset=\"https:\/\/moverdb.com\/wp-content\/uploads\/Intermovex-international-moving-company.png 1440w, https:\/\/moverdb.com\/wp-content\/uploads\/Intermovex-international-moving-company-300x142.png 300w, https:\/\/moverdb.com\/wp-content\/uploads\/Intermovex-international-moving-company-1024x484.png 1024w, https:\/\/moverdb.com\/wp-content\/uploads\/Intermovex-international-moving-company-18x9.png 18w, https:\/\/moverdb.com\/wp-content\/uploads\/Intermovex-international-moving-company-600x283.png 600w\" sizes=\"auto, (max-width: 1440px) 100vw, 1440px\" \/><\/p>\n<ul>\n<li>Valsts p\u0101rcel\u0161an\u0101s<\/li>\n<li>Starptautiskie p\u0101rvadi<\/li>\n<li>M\u0101jsaimniec\u012bbas p\u0101rv\u0101k\u0161an\u0101s<\/li>\n<li>Biroju p\u0101rvieto\u0161ana<\/li>\n<li>Pakalpojums \"no durv\u012bm l\u012bdz durv\u012bm<\/li>\n<li>Iepako\u0161anas pakalpojums<\/li>\n<li>Muito\u0161ana<\/li>\n<li>M\u0101kslas apstr\u0101de<\/li>\n<li>Dz\u012bvnieku un automa\u0161\u012bnu p\u0101rvad\u0101\u0161ana<\/li>\n<li>\u012astermi\u0146a l\u012bdz ilgtermi\u0146a uzglab\u0101\u0161ana<\/li>\n<\/ul>\n<p>Intermovex ir 2009. gad\u0101 dibin\u0101ts starptautisks p\u0101rvad\u0101jumu uz\u0146\u0113mums ar birojiem Almati un Astan\u0101. Uz\u0146\u0113mums sadarbojas ar \u0101rvalstu partneriem, lai pal\u012bdz\u0113tu tiem sniegt pakalpojumus starptautisk\u0101 m\u0113rog\u0101. Uz\u0146\u0113mums ir IAM biedrs ar 14 gadu darba st\u0101\u017eu.<\/p>\n<p>Intermovex pied\u0101v\u0101 pakalpojumus \"no durv\u012bm l\u012bdz durv\u012bm\" ar person\u012bgo mened\u017eeri, kas jums pal\u012bdz\u0113s visos p\u0101rcel\u0161an\u0101s posmos. Vi\u0146u sniegtie iepako\u0161anas pakalpojumi izmanto augstas kvalit\u0101tes iepakojuma materi\u0101lus, pal\u012bdz izv\u0113l\u0113ties piem\u0113rot\u0101ko transportu un pal\u012bdz nok\u0101rtot muitas formalit\u0101tes. Vi\u0146i pied\u0101v\u0101 virkni papildu pakalpojumu, kas ietver automa\u0161\u012bnu, izst\u0101\u017eu, dz\u012bvnieku, kult\u016bras priek\u0161metu un m\u0101kslas priek\u0161metu p\u0101rvad\u0101\u0161anu, k\u0101 ar\u012b kravu apdro\u0161in\u0101\u0161anu un uzglab\u0101\u0161anu.<\/p>\n<p>T\u012bmek\u013ca vietne: <a href=\"http:\/\/www.intermovex.kz\" target=\"_blank\" rel=\"noopener\">http:\/\/www.intermovex.kz<\/a><\/p>\n<h2><strong>2. Gosselin<\/strong><\/h2>\n<p><img loading=\"lazy\" decoding=\"async\" class=\"alignnone size-full wp-image-8321\" src=\"https:\/\/moverdb.com\/wp-content\/uploads\/Gosselin-Kazakhstan-international-moving-company.png\" alt=\"Gosselin Kazahst\u0101na starptautisks p\u0101rvietojas uz\u0146\u0113mums\" width=\"1440\" height=\"680\" data-wp-pid=\"8321\" srcset=\"https:\/\/moverdb.com\/wp-content\/uploads\/Gosselin-Kazakhstan-international-moving-company.png 1440w, https:\/\/moverdb.com\/wp-content\/uploads\/Gosselin-Kazakhstan-international-moving-company-300x142.png 300w, https:\/\/moverdb.com\/wp-content\/uploads\/Gosselin-Kazakhstan-international-moving-company-1024x484.png 1024w, https:\/\/moverdb.com\/wp-content\/uploads\/Gosselin-Kazakhstan-international-moving-company-18x9.png 18w, https:\/\/moverdb.com\/wp-content\/uploads\/Gosselin-Kazakhstan-international-moving-company-600x283.png 600w\" sizes=\"auto, (max-width: 1440px) 100vw, 1440px\" \/><\/p>\n<ul>\n<li>Valsts p\u0101rcel\u0161an\u0101s<\/li>\n<li>Starptautiskie p\u0101rvadi<\/li>\n<li>P\u0101rv\u0101k\u0161an\u0101s uz dz\u012bvojam\u0101m telp\u0101m<\/li>\n<li>Biroju p\u0101rcel\u0161an\u0101s<\/li>\n<li>Individu\u0101li piel\u0101gots pakalpojums no durv\u012bm l\u012bdz durv\u012bm<\/li>\n<li>Iepako\u0161anas pakalpojums<\/li>\n<li>Transport\u0113\u0161anas organiz\u0113\u0161ana<\/li>\n<li>M\u0101jdz\u012bvnieku un transportl\u012bdzek\u013cu transport\u0113\u0161ana<\/li>\n<li>Apdro\u0161in\u0101\u0161ana<\/li>\n<li>Elast\u012bga \u012bstermi\u0146a un ilgtermi\u0146a uzglab\u0101\u0161ana<\/li>\n<\/ul>\n<p>Gosselin ir starptautisks p\u0101rvieto\u0161an\u0101s un p\u0101rcel\u0161an\u0101s uz\u0146\u0113mums ar 34 birojiem vis\u0101 Eirop\u0101 un Krievij\u0101, tostarp Kazahst\u0101n\u0101. Uz\u0146\u0113mumam ir savs fili\u0101\u013cu un partneru t\u012bkls, kas pal\u012bdz veikt starptautisko p\u0101rcel\u0161anos, un tas ir IAM biedrs.<\/p>\n<p>Gosselin pied\u0101v\u0101 p\u0101rcel\u0161an\u0101s pakalpojumus no durv\u012bm l\u012bdz durv\u012bm, izmantojot tie\u0161saistes aptaujas r\u012bku, lai nodro\u0161in\u0101tu \u0101tru apr\u0113\u0137inu, kam seko uzticama t\u0101me. Vi\u0146i sniedz iepako\u0161anas pakalpojumus ar profesion\u0101liem p\u0101rvietot\u0101jiem, kas izmanto videi draudz\u012bgus iepako\u0161anas materi\u0101lus, lai aizsarg\u0101tu j\u016bsu mantas, k\u0101 ar\u012b pied\u0101v\u0101 m\u0113be\u013cu demont\u0101\u017eu un atk\u0101rtotu mont\u0101\u017eu un izk\u0101rto\u0161anas pakalpojumus. Vi\u0146i pied\u0101v\u0101 ar\u012b papildu pakalpojumus, tostarp m\u0101jdz\u012bvnieku p\u0101rvieto\u0161anu, m\u0101kslas priek\u0161metu p\u0101rve\u0161anu, automa\u0161\u012bnu p\u0101rvad\u0101\u0161anu un uzglab\u0101\u0161anas risin\u0101jumus.<\/p>\n<p>T\u012bmek\u013ca vietne: <a href=\"http:\/\/www.moving.gosselingroup.eu\" target=\"_blank\" rel=\"noopener\">http:\/\/www.moving.gosselingroup.eu<\/a><\/p>\n<h2><strong>3. Globalink Logistics<\/strong><\/h2>\n<p><img loading=\"lazy\" decoding=\"async\" class=\"alignnone size-full wp-image-8320\" src=\"https:\/\/moverdb.com\/wp-content\/uploads\/Globalink-Logistics-international-moving-company.png\" alt=\"Globalink Lo\u0123istika starptautiskais p\u0101rcel\u0161an\u0101s uz\u0146\u0113mums\" width=\"1440\" height=\"680\" data-wp-pid=\"8320\" srcset=\"https:\/\/moverdb.com\/wp-content\/uploads\/Globalink-Logistics-international-moving-company.png 1440w, https:\/\/moverdb.com\/wp-content\/uploads\/Globalink-Logistics-international-moving-company-300x142.png 300w, https:\/\/moverdb.com\/wp-content\/uploads\/Globalink-Logistics-international-moving-company-1024x484.png 1024w, https:\/\/moverdb.com\/wp-content\/uploads\/Globalink-Logistics-international-moving-company-18x9.png 18w, https:\/\/moverdb.com\/wp-content\/uploads\/Globalink-Logistics-international-moving-company-600x283.png 600w\" sizes=\"auto, (max-width: 1440px) 100vw, 1440px\" \/><\/p>\n<ul>\n<li>Valsts p\u0101rcel\u0161an\u0101s<\/li>\n<li>Starptautiskie p\u0101rvadi<\/li>\n<li>P\u0101rv\u0101k\u0161an\u0101s uz dz\u012bvojam\u0101m telp\u0101m<\/li>\n<li>Uz\u0146\u0113mumu p\u0101rvieto\u0161ana<\/li>\n<li>Pakalpojums \"no durv\u012bm l\u012bdz durv\u012bm<\/li>\n<li>Iepako\u0161anas pakalpojums<\/li>\n<li>Autotransporta, dzelzce\u013ca, j\u016bras un gaisa kravu p\u0101rvad\u0101jumi<\/li>\n<li>Muitas starpniec\u012bba<\/li>\n<li>M\u0101jdz\u012bvnieku p\u0101rvieto\u0161ana<\/li>\n<li>Uzglab\u0101\u0161anas iek\u0101rtas<\/li>\n<\/ul>\n<p>Globalink Logistics ir Eiropas un \u0100zijas specializ\u0113ts lo\u0123istikas uz\u0146\u0113mums, kas pied\u0101v\u0101 p\u0101rcel\u0161an\u0101s pakalpojumus. Uz\u0146\u0113mumam ir p\u0101rst\u0101vniec\u012bbas Almati, Astan\u0101, Atyrau, Aktob\u0113, Oskemen\u0101, Uralsk\u0101 un \u0160imkent\u0101. Uz\u0146\u0113mumam ir glob\u0101ls t\u012bkls 55 valst\u012bs, kas sniedz pakalpojumus starptautisk\u0101 m\u0113rog\u0101. Uz\u0146\u0113mums ir IAM biedrs ar 24 gadu darba st\u0101\u017eu un ir akredit\u0113ts FIDI.<\/p>\n<p>Globalink Logistics pied\u0101v\u0101 pirms p\u0101rcel\u0161an\u0101s veikt apseko\u0161anu un p\u0101rcel\u0161an\u0101s pl\u0101no\u0161anas procesu ar cenu apr\u0113\u0137inu. Vi\u0146i pied\u0101v\u0101 p\u0101rcel\u0161an\u0101s pakalpojumus no durv\u012bm l\u012bdz durv\u012bm, tostarp m\u0101jdz\u012bvnieku un transportl\u012bdzek\u013cu transport\u0113\u0161anu, apdro\u0161in\u0101\u0161anu un p\u0101rvieto\u0161an\u0101s izseko\u0161anu. Vi\u0146i pied\u0101v\u0101 iepako\u0161anas pakalpojumus, izmantojot augstas kvalit\u0101tes materi\u0101lus, k\u0101 ar\u012b tranz\u012bta pakalpojumus pa autoce\u013ciem, dzelzce\u013cu, j\u016bru vai gaisu, un vi\u0146i pal\u012bdz\u0113s ar muitas starpniec\u012bbu.<\/p>\n<p>T\u012bmek\u013ca vietne: <a href=\"https:\/\/globalinklogistics.com\/\" target=\"_blank\" rel=\"noopener\">https:\/\/globalinklogistics.com\/<\/a><\/p>","protected":false},"excerpt":{"rendered":"<p>Moving can be a stressful time but if you want to reduce it, you can employ the services of a moving company. They can take over the organisation, packing and administration of your move. Below we have compiled a list of Kazakhstan based removal companies that are members of the International Association of Movers (IAM) [&hellip;]<\/p>\n","protected":false},"author":4,"featured_media":0,"parent":190,"menu_order":0,"comment_status":"closed","ping_status":"closed","template":"","meta":{"_genesis_hide_title":false,"_genesis_hide_breadcrumbs":false,"_genesis_hide_singular_image":false,"_genesis_hide_footer_widgets":false,"_genesis_custom_body_class":"","_genesis_custom_post_class":"","_genesis_layout":"","footnotes":""},"class_list":{"0":"post-8394","1":"page","2":"type-page","3":"status-publish","5":"entry","6":"has-post-thumbnail"},"_links":{"self":[{"href":"https:\/\/moverdb.com\/lv\/wp-json\/wp\/v2\/pages\/8394","targetHints":{"allow":["GET"]}}],"collection":[{"href":"https:\/\/moverdb.com\/lv\/wp-json\/wp\/v2\/pages"}],"about":[{"href":"https:\/\/moverdb.com\/lv\/wp-json\/wp\/v2\/types\/page"}],"author":[{"embeddable":true,"href":"https:\/\/moverdb.com\/lv\/wp-json\/wp\/v2\/users\/4"}],"replies":[{"embeddable":true,"href":"https:\/\/moverdb.com\/lv\/wp-json\/wp\/v2\/comments?post=8394"}],"version-history":[{"count":1,"href":"https:\/\/moverdb.com\/lv\/wp-json\/wp\/v2\/pages\/8394\/revisions"}],"predecessor-version":[{"id":8395,"href":"https:\/\/moverdb.com\/lv\/wp-json\/wp\/v2\/pages\/8394\/revisions\/8395"}],"up":[{"embeddable":true,"href":"https:\/\/moverdb.com\/lv\/wp-json\/wp\/v2\/pages\/190"}],"wp:attachment":[{"href":"https:\/\/moverdb.com\/lv\/wp-json\/wp\/v2\/media?parent=8394"}],"curies":[{"name":"wp","href":"https:\/\/api.w.org\/{rel}","templated":true}]}}