{"id":8390,"date":"2023-04-27T14:54:37","date_gmt":"2023-04-27T14:54:37","guid":{"rendered":"https:\/\/moverdb.com\/?page_id=8390"},"modified":"2026-01-08T15:29:21","modified_gmt":"2026-01-08T15:29:21","slug":"moving-companies-jordan","status":"publish","type":"page","link":"https:\/\/moverdb.com\/lv\/moving-companies\/moving-companies-jordan\/","title":{"rendered":"6 Lab\u0101kie starptautisk\u0101s p\u0101rcel\u0161an\u0101s uz\u0146\u0113mumi Jord\u0101nij\u0101"},"content":{"rendered":"<p>P\u0101rvietojat m\u0101ju vai uz\u0146\u0113mumu? Organiz\u0113\u0161ana un dokumentu k\u0101rto\u0161ana var j\u016bs apgr\u016btin\u0101t, t\u0101p\u0113c, iesp\u0113jams, v\u0113laties sa\u0146emt pal\u012bdz\u012bbu no <a href=\"https:\/\/moverdb.com\/lv\/moving-companies\/\" data-internallinksmanager029f6b8e52c=\"79\" title=\"Top 25 Starptautiskie p\u0101rcel\u0161an\u0101s uz\u0146\u0113mumi tie\u0161saist\u0113\">P\u0101rvieto\u0161an\u0101s uz\u0146\u0113mums<\/a>. Ja v\u0113laties p\u0101rcelties uz Jord\u0101niju vai no t\u0101s, m\u0113s esam izveidoju\u0161i \u0161\u0101du sarakstu. <a href=\"https:\/\/moverdb.com\/lv\/international-removals\/\" data-internallinksmanager029f6b8e52c=\"27\" title=\"36 Lab\u0101kie starptautisko p\u0101rvad\u0101jumu uz\u0146\u0113mumi Apvienotaj\u0101 Karalist\u0113\">p\u0101rv\u0101k\u0161an\u0101s uz\u0146\u0113mumi<\/a> kas ir <a href=\"https:\/\/moverdb.com\/lv\/iam\/\" data-internallinksmanager029f6b8e52c=\"23\" title=\"Starptautisk\u0101s P\u0101rv\u0101c\u0113ju asoci\u0101cijas (IAM) skaidrojumi\">Starptautisk\u0101 P\u0101rv\u0101c\u0113ju asoci\u0101cija<\/a> (IAM) un\/vai <a href=\"https:\/\/moverdb.com\/lv\/fidi-faim\/\" data-internallinksmanager029f6b8e52c=\"16\" title=\"FIDI un FAIM (FIDI akredit\u0113tais starptautiskais p\u0101rvietot\u0101js) skaidrojums\">FIDI<\/a> Akredit\u0113ti starptautiskie p\u0101rv\u0101c\u0113ji (FAIM), kas var\u0113tu jums pal\u012bdz\u0113t p\u0101rcelties.<\/p>\n<div id=\"ez-toc-container\" class=\"ez-toc-v2_0_82_2 ez-toc-wrap-left counter-hierarchy ez-toc-counter ez-toc-transparent ez-toc-container-direction\">\n<div class=\"ez-toc-title-container\">\n<p class=\"ez-toc-title\" style=\"cursor:inherit\">Sada\u013cas<\/p>\n<span class=\"ez-toc-title-toggle\"><a href=\"#\" class=\"ez-toc-pull-right ez-toc-btn ez-toc-btn-xs ez-toc-btn-default ez-toc-toggle\" aria-label=\"P\u0101rsl\u0113gt satura tabulu\"><span class=\"ez-toc-js-icon-con\"><span class=\"\"><span class=\"eztoc-hide\" style=\"display:none;\">P\u0101rsl\u0113gt<\/span><span class=\"ez-toc-icon-toggle-span\"><svg style=\"fill: #999;color:#999\" xmlns=\"http:\/\/www.w3.org\/2000\/svg\" class=\"list-377408\" width=\"20px\" height=\"20px\" viewbox=\"0 0 24 24\" fill=\"none\"><path d=\"M6 6H4v2h2V6zm14 0H8v2h12V6zM4 11h2v2H4v-2zm16 0H8v2h12v-2zM4 16h2v2H4v-2zm16 0H8v2h12v-2z\" fill=\"currentColor\"><\/path><\/svg><svg style=\"fill: #999;color:#999\" class=\"arrow-unsorted-368013\" xmlns=\"http:\/\/www.w3.org\/2000\/svg\" width=\"10px\" height=\"10px\" viewbox=\"0 0 24 24\" version=\"1.2\" baseprofile=\"tiny\"><path d=\"M18.2 9.3l-6.2-6.3-6.2 6.3c-.2.2-.3.4-.3.7s.1.5.3.7c.2.2.4.3.7.3h11c.3 0 .5-.1.7-.3.2-.2.3-.5.3-.7s-.1-.5-.3-.7zM5.8 14.7l6.2 6.3 6.2-6.3c.2-.2.3-.5.3-.7s-.1-.5-.3-.7c-.2-.2-.4-.3-.7-.3h-11c-.3 0-.5.1-.7.3-.2.2-.3.5-.3.7s.1.5.3.7z\"\/><\/svg><\/span><\/span><\/span><\/a><\/span><\/div>\n<nav><ul class='ez-toc-list ez-toc-list-level-1 eztoc-toggle-hide-by-default' ><li class='ez-toc-page-1 ez-toc-heading-level-2'><a class=\"ez-toc-link ez-toc-heading-1\" href=\"https:\/\/moverdb.com\/lv\/moving-companies\/moving-companies-jordan\/#1_CML_Safe_Pak\" >1. CML Safe Pak<\/a><\/li><li class='ez-toc-page-1 ez-toc-heading-level-2'><a class=\"ez-toc-link ez-toc-heading-2\" href=\"https:\/\/moverdb.com\/lv\/moving-companies\/moving-companies-jordan\/#2_Jirpac\" >2. Jirpac<\/a><\/li><li class='ez-toc-page-1 ez-toc-heading-level-2'><a class=\"ez-toc-link ez-toc-heading-3\" href=\"https:\/\/moverdb.com\/lv\/moving-companies\/moving-companies-jordan\/#3_Jordanian_Coast_Cargo_Service\" >3. Jord\u0101nijas krasta kravu p\u0101rvad\u0101jumi<\/a><\/li><li class='ez-toc-page-1 ez-toc-heading-level-2'><a class=\"ez-toc-link ez-toc-heading-4\" href=\"https:\/\/moverdb.com\/lv\/moving-companies\/moving-companies-jordan\/#4_Levant_Express\" >4. Levant Express<\/a><\/li><li class='ez-toc-page-1 ez-toc-heading-level-2'><a class=\"ez-toc-link ez-toc-heading-5\" href=\"https:\/\/moverdb.com\/lv\/moving-companies\/moving-companies-jordan\/#5_Logistimania\" >5. Logistimania<\/a><\/li><li class='ez-toc-page-1 ez-toc-heading-level-2'><a class=\"ez-toc-link ez-toc-heading-6\" href=\"https:\/\/moverdb.com\/lv\/moving-companies\/moving-companies-jordan\/#6_Naouri_Group\" >6. Naouri grupa<\/a><\/li><\/ul><\/nav><\/div>\n<h2><span class=\"ez-toc-section\" id=\"1_CML_Safe_Pak\"><\/span><strong>1. CML Safe Pak<\/strong><span class=\"ez-toc-section-end\"><\/span><\/h2>\n<p><img loading=\"lazy\" decoding=\"async\" class=\"alignnone size-full wp-image-8391\" src=\"https:\/\/moverdb.com\/wp-content\/uploads\/CML-Safe-Pak-international-moving-company.png\" alt=\"CML Safe Pak starptautiskais p\u0101rvieto\u0161an\u0101s uz\u0146\u0113mums\" width=\"1440\" height=\"667\" data-wp-pid=\"8391\" srcset=\"https:\/\/moverdb.com\/wp-content\/uploads\/CML-Safe-Pak-international-moving-company.png 1440w, https:\/\/moverdb.com\/wp-content\/uploads\/CML-Safe-Pak-international-moving-company-300x139.png 300w, https:\/\/moverdb.com\/wp-content\/uploads\/CML-Safe-Pak-international-moving-company-1024x474.png 1024w, https:\/\/moverdb.com\/wp-content\/uploads\/CML-Safe-Pak-international-moving-company-18x8.png 18w, https:\/\/moverdb.com\/wp-content\/uploads\/CML-Safe-Pak-international-moving-company-600x278.png 600w\" sizes=\"auto, (max-width: 1440px) 100vw, 1440px\" \/><\/p>\n<ul>\n<li>Viet\u0113j\u0101 un valsts m\u0113roga p\u0101rvieto\u0161ana<\/li>\n<li>Starptautisk\u0101s p\u0101rvieto\u0161anas<\/li>\n<li>P\u0101rv\u0101k\u0161an\u0101s uz dz\u012bvojam\u0101m telp\u0101m<\/li>\n<li>P\u0101rvieto\u0161anas koordinators<\/li>\n<li>Iepako\u0161anas pakalpojums<\/li>\n<li>Sauszemes, j\u016bras un gaisa transports<\/li>\n<li>Muito\u0161ana<\/li>\n<li>M\u0101jdz\u012bvnieku p\u0101rvad\u0101\u0161ana<\/li>\n<li>Uzkop\u0161anas pakalpojumi<\/li>\n<li>Dro\u0161a uzglab\u0101\u0161ana<\/li>\n<\/ul>\n<p>CML Safe Pak ir p\u0101rcel\u0161an\u0101s, lo\u0123istikas un kravu p\u0101rvad\u0101jumu pakalpojumu uz\u0146\u0113mums, kas kop\u0161 1992. gada pal\u012bdz cilv\u0113kiem p\u0101rcelties un atrodas Amm\u0101n\u0101. Uz\u0146\u0113mums ir <a href=\"https:\/\/moverdb.com\/lv\/harmony-relocation-network\/\" data-internallinksmanager029f6b8e52c=\"20\" title=\"Harmonijas p\u0101rvieto\u0161anas t\u012bkla (HRN) skaidrojums\">Harmonijas p\u0101rvieto\u0161anas t\u012bkls<\/a> un IAM ar 31 gadu darba st\u0101\u017eu un FIDI akredit\u0101ciju. \u0160\u012bs apvien\u012bbas nodro\u0161ina vi\u0146iem piek\u013cuvi starptautiskam p\u0101rcel\u0161an\u0101s a\u0123entu t\u012bklam.<\/p>\n<p>CML Safe Pak pied\u0101v\u0101 pirms p\u0101rcel\u0161an\u0101s konsult\u0101ciju ar p\u0101rcel\u0161an\u0101s konsultantu, lai nov\u0113rt\u0113tu j\u016bsu vajadz\u012bbas. P\u0101rv\u0101k\u0161an\u0101s koordinators nodro\u0161in\u0101s visu j\u016bsu p\u0101rv\u0101k\u0161an\u0101s lo\u0123istiku, tostarp dokumentu k\u0101rto\u0161anu un muito\u0161anu. Vi\u0146i sniedz papildu pakalpojumus, kas ietver p\u0101rv\u0101k\u0161an\u0101s\/p\u0101rv\u0101k\u0161an\u0101s uzkop\u0161anas pakalpojumus, m\u0101kslas priek\u0161metu un senlietu p\u0101rv\u0101k\u0161anos un m\u0101jdz\u012bvnieku p\u0101rvad\u0101\u0161anu.<\/p>\n<p>T\u012bmek\u013ca vietne: <a href=\"http:\/\/www.cml-jo.com\" target=\"_blank\" rel=\"noopener\">http:\/\/www.cml-jo.com<\/a><\/p>\n<h2><span class=\"ez-toc-section\" id=\"2_Jirpac\"><\/span><strong>2. Jirpac<\/strong><span class=\"ez-toc-section-end\"><\/span><\/h2>\n<p><img loading=\"lazy\" decoding=\"async\" class=\"alignnone size-full wp-image-8333\" src=\"https:\/\/moverdb.com\/wp-content\/uploads\/Jirpac-international-moving-company.png\" alt=\"Jirpac starptautiskais p\u0101rvieto\u0161an\u0101s uz\u0146\u0113mums\" width=\"1440\" height=\"679\" data-wp-pid=\"8333\" srcset=\"https:\/\/moverdb.com\/wp-content\/uploads\/Jirpac-international-moving-company.png 1440w, https:\/\/moverdb.com\/wp-content\/uploads\/Jirpac-international-moving-company-300x141.png 300w, https:\/\/moverdb.com\/wp-content\/uploads\/Jirpac-international-moving-company-1024x483.png 1024w, https:\/\/moverdb.com\/wp-content\/uploads\/Jirpac-international-moving-company-18x8.png 18w, https:\/\/moverdb.com\/wp-content\/uploads\/Jirpac-international-moving-company-600x283.png 600w\" sizes=\"auto, (max-width: 1440px) 100vw, 1440px\" \/><\/p>\n<ul>\n<li>Valsts p\u0101rcel\u0161an\u0101s<\/li>\n<li>Starptautiskie p\u0101rvadi<\/li>\n<li>M\u0101jsaimniec\u012bbas p\u0101rv\u0101k\u0161an\u0101s<\/li>\n<li>Darbinieku p\u0101rvieto\u0161an\u0101s<\/li>\n<li>Uz\u0146\u0113mumu un biroju p\u0101rvieto\u0161ana<\/li>\n<li>Iepako\u0161anas pakalpojums<\/li>\n<li>Sauszemes, j\u016bras un gaisa transports<\/li>\n<li>Muitas starpniec\u012bba<\/li>\n<li>Apdro\u0161in\u0101\u0161ana<\/li>\n<li>Dro\u0161as uzglab\u0101\u0161anas telpas<\/li>\n<\/ul>\n<p>Jirpac ir starptautisks p\u0101rcel\u0161an\u0101s un iepako\u0161anas uz\u0146\u0113mums, kas dibin\u0101ts 1978. gad\u0101 un atrodas Amm\u0101n\u0101. Uz\u0146\u0113mumam ir korespondentu t\u012bkls vis\u0101 pasaul\u0113 170 valst\u012bs, kas pal\u012bdz sniegt pakalpojumus starptautisk\u0101 m\u0113rog\u0101. Uz\u0146\u0113mums ir IAM biedrs ar 45 gadu darba st\u0101\u017eu.<\/p>\n<p>Jirpac pied\u0101v\u0101 iek\u0161zemes un starptautiskos p\u0101rcel\u0161an\u0101s pakalpojumus m\u0101jsaimniec\u012bb\u0101m un organiz\u0101cij\u0101m. Vi\u0146i pied\u0101v\u0101 iepako\u0161anas pakalpojumus, kas nodro\u0161ina da\u017e\u0101dus starptautiskajiem standartiem atbilsto\u0161us iepako\u0161anas materi\u0101lus un kartona k\u0101rbas, lai aizsarg\u0101tu j\u016bsu mantas p\u0101rvad\u0101\u0161anas laik\u0101. Vi\u0146i pied\u0101v\u0101 p\u0101rvad\u0101jumus pa sauszemi, gaisu un j\u016bru ar muito\u0161anas pakalpojumiem.<\/p>\n<p>T\u012bmek\u013ca vietne: <a href=\"http:\/\/www.jirpac.com\" target=\"_blank\" rel=\"noopener\">http:\/\/www.jirpac.com<\/a><\/p>\n<h2><span class=\"ez-toc-section\" id=\"3_Jordanian_Coast_Cargo_Service\"><\/span><strong>3. Jord\u0101nijas krasta kravu p\u0101rvad\u0101jumi<\/strong><span class=\"ez-toc-section-end\"><\/span><\/h2>\n<p><img loading=\"lazy\" decoding=\"async\" class=\"alignnone size-full wp-image-8334\" src=\"https:\/\/moverdb.com\/wp-content\/uploads\/Jordanian-Coast-Cargo-Services-international-moving-company.png\" alt=\"Jord\u0101nijas piekrastes kravu p\u0101rvad\u0101jumu uz\u0146\u0113mums\" width=\"1440\" height=\"677\" data-wp-pid=\"8334\" srcset=\"https:\/\/moverdb.com\/wp-content\/uploads\/Jordanian-Coast-Cargo-Services-international-moving-company.png 1440w, https:\/\/moverdb.com\/wp-content\/uploads\/Jordanian-Coast-Cargo-Services-international-moving-company-300x141.png 300w, https:\/\/moverdb.com\/wp-content\/uploads\/Jordanian-Coast-Cargo-Services-international-moving-company-1024x481.png 1024w, https:\/\/moverdb.com\/wp-content\/uploads\/Jordanian-Coast-Cargo-Services-international-moving-company-18x8.png 18w, https:\/\/moverdb.com\/wp-content\/uploads\/Jordanian-Coast-Cargo-Services-international-moving-company-600x282.png 600w\" sizes=\"auto, (max-width: 1440px) 100vw, 1440px\" \/><\/p>\n<ul>\n<li>Valsts p\u0101rv\u0101k\u0161an\u0101s<\/li>\n<li>Starptautisk\u0101 p\u0101rcel\u0161an\u0101s<\/li>\n<li>M\u0101jsaimniec\u012bbas p\u0101rv\u0101k\u0161an\u0101s<\/li>\n<li>Komerci\u0101lie pakalpojumi<\/li>\n<li>Pakalpojums \"no durv\u012bm l\u012bdz durv\u012bm<\/li>\n<li>Profesion\u0101ls iepako\u0161anas pakalpojums<\/li>\n<li>Sauszemes, gaisa un j\u016bras transports<\/li>\n<li>Muito\u0161ana<\/li>\n<li>Transportl\u012bdzek\u013cu un m\u0101jdz\u012bvnieku transport\u0113\u0161ana<\/li>\n<li>Dro\u0161a \u012bstermi\u0146a un ilgtermi\u0146a uzglab\u0101\u0161ana<\/li>\n<\/ul>\n<p>Jord\u0101nijas piekrastes kravu p\u0101rvad\u0101jumi ir ku\u0123niec\u012bba, <a href=\"https:\/\/moverdb.com\/lv\/freight-forwarder\/\" data-internallinksmanager029f6b8e52c=\"17\" title=\"Starptautisko ekspeditoru un NVOCC starptautisko izmaksu un uz\u0146\u0113mumu ce\u013cvedis\">kravas ekspeditors<\/a> un noliktavu uz\u0146\u0113mums, kas sniedz p\u0101rcel\u0161an\u0101s pakalpojumus un diplom\u0101tiskos p\u0101rv\u0101k\u0161an\u0101s pakalpojumus. Uz\u0146\u0113mums tika dibin\u0101ts 2000. gad\u0101, un t\u0101 galven\u0101 m\u012btne ir Amm\u0101n\u0101. Vi\u0146i sadarbojas ar starptautisk\u0101m organiz\u0101cij\u0101m, lai sniegtu savus pakalpojumus vis\u0101 pasaul\u0113. Uz\u0146\u0113mums ir IAM biedrs ar 23 gadu darba st\u0101\u017eu.<\/p>\n<p>Jord\u0101nijas piekrastes kravu p\u0101rvad\u0101jumu pakalpojumi pied\u0101v\u0101 pakalpojumus no durv\u012bm l\u012bdz durv\u012bm, ko sniedz augsti kvalific\u0113ti iepakot\u0101ji, kuri izmanto augstas kvalit\u0101tes iepakojuma materi\u0101lus un kastes, lai dro\u0161i p\u0101rvietotu j\u016bsu mantas. Vi\u0146i organiz\u0113s transport\u0113\u0161anu ar muito\u0161anu, kas var notikt pa sauszemi, pa gaisu vai j\u016bru ar maz\u0101k nek\u0101 konteinera krav\u0101m un pilnu konteineru krav\u0101m.<\/p>\n<p>T\u012bmek\u013ca vietne: <a href=\"http:\/\/www.jordaniancoastco.com\" target=\"_blank\" rel=\"noopener\">http:\/\/www.jordaniancoastco.com<\/a><\/p>\n<h2><span class=\"ez-toc-section\" id=\"4_Levant_Express\"><\/span><strong>4. Levant Express<\/strong><span class=\"ez-toc-section-end\"><\/span><\/h2>\n<p><img loading=\"lazy\" decoding=\"async\" class=\"alignnone size-full wp-image-8392\" src=\"https:\/\/moverdb.com\/wp-content\/uploads\/Levant-Express-international-moving-company.png\" alt=\"Levant Express starptautiskais p\u0101rcel\u0161an\u0101s uz\u0146\u0113mums\" width=\"1440\" height=\"683\" data-wp-pid=\"8392\" srcset=\"https:\/\/moverdb.com\/wp-content\/uploads\/Levant-Express-international-moving-company.png 1440w, https:\/\/moverdb.com\/wp-content\/uploads\/Levant-Express-international-moving-company-300x142.png 300w, https:\/\/moverdb.com\/wp-content\/uploads\/Levant-Express-international-moving-company-1024x486.png 1024w, https:\/\/moverdb.com\/wp-content\/uploads\/Levant-Express-international-moving-company-18x9.png 18w, https:\/\/moverdb.com\/wp-content\/uploads\/Levant-Express-international-moving-company-600x285.png 600w\" sizes=\"auto, (max-width: 1440px) 100vw, 1440px\" \/><\/p>\n<ul>\n<li>Valsts p\u0101rv\u0101k\u0161an\u0101s<\/li>\n<li>Starptautisk\u0101 p\u0101rcel\u0161an\u0101s<\/li>\n<li>M\u0101jsaimniec\u012bbas p\u0101rv\u0101k\u0161an\u0101s<\/li>\n<li>S\u0101kotn\u0113jais apsekojums<\/li>\n<li>Iepako\u0161anas pakalpojums<\/li>\n<li>Invent\u0101rs<\/li>\n<li>Sauszemes, j\u016bras un gaisa transports<\/li>\n<li>Muito\u0161ana<\/li>\n<li>Apdro\u0161in\u0101\u0161ana<\/li>\n<li>Uzglab\u0101\u0161anas iek\u0101rtas<\/li>\n<\/ul>\n<p>Levant Express ir visaptvero\u0161u pieg\u0101des \u0137\u0113des risin\u0101jumu sniedz\u0113js, kas pied\u0101v\u0101 p\u0101rcel\u0161an\u0101s pakalpojumus. Uz\u0146\u0113mums tika izveidots 1930. gad\u0101, un t\u0101 fili\u0101les atrodas Jord\u0101nij\u0101 un <a href=\"https:\/\/moverdb.com\/lv\/moving-companies\/moving-companies-lebanon\/\" data-internallinksmanager029f6b8e52c=\"302\" title=\"7 Lab\u0101kie starptautisk\u0101s p\u0101rcel\u0161an\u0101s uz\u0146\u0113mumi Lib\u0101n\u0101\">Lib\u0101na<\/a>. Vi\u0146i ir IAM biedri ar 93 gadu darba st\u0101\u017eu, kas vi\u0146iem nodro\u0161ina piek\u013cuvi starptautiskam p\u0101rvad\u0101jumu a\u0123entu t\u012bklam, kas sniedz atbalstu.<\/p>\n<p>Levant Express pied\u0101v\u0101 pirms p\u0101rcel\u0161an\u0101s veikt apsekojumu, lai nov\u0113rt\u0113tu j\u016bsu p\u0101rcel\u0161an\u0101s apjomu un sagatavotu pied\u0101v\u0101jumu. Vi\u0146i sniedz iepako\u0161anas pakalpojumus, kas aizsarg\u0101 j\u016bsu mantas transport\u0113\u0161anas laik\u0101, izmantojot vispiem\u0113rot\u0101kos iepako\u0161anas materi\u0101lus, tostarp kartona kastes un rede\u013cu kastes. Visi iepakojumi tiek mar\u0137\u0113ti, un tiek sagatavots invent\u0101ra saraksts.<\/p>\n<p>T\u012bmek\u013ca vietne: <a href=\"http:\/\/www.levantexpress.net\" target=\"_blank\" rel=\"noopener\">http:\/\/www.levantexpress.net<\/a><\/p>\n<h2><span class=\"ez-toc-section\" id=\"5_Logistimania\"><\/span><strong>5. <\/strong><strong>Logistimania<\/strong><span class=\"ez-toc-section-end\"><\/span><\/h2>\n<p><img loading=\"lazy\" decoding=\"async\" class=\"alignnone size-full wp-image-8337\" src=\"https:\/\/moverdb.com\/wp-content\/uploads\/Logistimania-international-moving-company.png\" alt=\"Logistimania starptautiskais p\u0101rvieto\u0161an\u0101s uz\u0146\u0113mums\" width=\"1440\" height=\"676\" data-wp-pid=\"8337\" srcset=\"https:\/\/moverdb.com\/wp-content\/uploads\/Logistimania-international-moving-company.png 1440w, https:\/\/moverdb.com\/wp-content\/uploads\/Logistimania-international-moving-company-300x141.png 300w, https:\/\/moverdb.com\/wp-content\/uploads\/Logistimania-international-moving-company-1024x481.png 1024w, https:\/\/moverdb.com\/wp-content\/uploads\/Logistimania-international-moving-company-18x8.png 18w, https:\/\/moverdb.com\/wp-content\/uploads\/Logistimania-international-moving-company-600x282.png 600w\" sizes=\"auto, (max-width: 1440px) 100vw, 1440px\" \/><\/p>\n<ul>\n<li>Valsts p\u0101rcel\u0161an\u0101s<\/li>\n<li>Starptautiskie p\u0101rvadi<\/li>\n<li>M\u0101jsaimniec\u012bbas p\u0101rvieto\u0161ana<\/li>\n<li>Komerci\u0101l\u0101 krava<\/li>\n<li>Pakalpojums \"no durv\u012bm l\u012bdz durv\u012bm<\/li>\n<li>Profesion\u0101ls iepako\u0161anas pakalpojums<\/li>\n<li>Augstas kvalit\u0101tes iepakojuma materi\u0101li<\/li>\n<li>Gaisa, j\u016bras un autotransporta p\u0101rvad\u0101jumi<\/li>\n<li>Muito\u0161ana<\/li>\n<li>Uzglab\u0101\u0161anas iek\u0101rtas<\/li>\n<\/ul>\n<p>Logistimania ir starptautisks p\u0101rvad\u0101jumu un kravu eksped\u012bcijas uz\u0146\u0113mums, kas dibin\u0101ts Stokholm\u0101, bet tam ir fili\u0101le ar\u012b Amm\u0101n\u0101, Jord\u0101nij\u0101. Uz\u0146\u0113mumam ir ilgtermi\u0146a attiec\u012bbas ar ku\u0123niec\u012bbas l\u012bnij\u0101m, kravu a\u0123entiem un kravas p\u0101rvad\u0101jumu pakalpojumu sniedz\u0113jiem, lai sniegtu savus pakalpojumus vis\u0101 pasaul\u0113, un tas ir ar\u012b IAM biedrs.<\/p>\n<p>Logistimania pied\u0101v\u0101 p\u0101rcel\u0161an\u0101s un p\u0101rv\u0101k\u0161an\u0101s pakalpojumus no durv\u012bm l\u012bdz durv\u012bm. Vi\u0146i sniedz profesion\u0101lus iepako\u0161anas pakalpojumus, izmantojot augstas kvalit\u0101tes iepakojuma materi\u0101lus, lai aizsarg\u0101tu j\u016bsu priek\u0161metus transport\u0113\u0161anas laik\u0101. Vi\u0146i organiz\u0113 transport\u0113\u0161anu pa gaisu, j\u016bru un autoce\u013ciem, vajadz\u012bbas gad\u012bjum\u0101 veicot muito\u0161anu. P\u0113c iera\u0161an\u0101s vi\u0146i pal\u012bdz\u0113s izpakot j\u016bsu priek\u0161metus.<\/p>\n<p>T\u012bmek\u013ca vietne: <a href=\"http:\/\/www.logistimania.com\" target=\"_blank\" rel=\"noopener\">http:\/\/www.logistimania.com<\/a><\/p>\n<h2><span class=\"ez-toc-section\" id=\"6_Naouri_Group\"><\/span><strong>6. Naouri grupa<\/strong><span class=\"ez-toc-section-end\"><\/span><\/h2>\n<p><img loading=\"lazy\" decoding=\"async\" class=\"alignnone size-full wp-image-8347\" src=\"https:\/\/moverdb.com\/wp-content\/uploads\/Naouri-Group-international-moving-company.png\" alt=\"Naouri Group starptautiskais p\u0101rvieto\u0161an\u0101s uz\u0146\u0113mums\" width=\"1440\" height=\"680\" data-wp-pid=\"8347\" srcset=\"https:\/\/moverdb.com\/wp-content\/uploads\/Naouri-Group-international-moving-company.png 1440w, https:\/\/moverdb.com\/wp-content\/uploads\/Naouri-Group-international-moving-company-300x142.png 300w, https:\/\/moverdb.com\/wp-content\/uploads\/Naouri-Group-international-moving-company-1024x484.png 1024w, https:\/\/moverdb.com\/wp-content\/uploads\/Naouri-Group-international-moving-company-18x9.png 18w, https:\/\/moverdb.com\/wp-content\/uploads\/Naouri-Group-international-moving-company-600x283.png 600w\" sizes=\"auto, (max-width: 1440px) 100vw, 1440px\" \/><\/p>\n<ul>\n<li>Valsts p\u0101rcel\u0161an\u0101s<\/li>\n<li>Starptautiskie p\u0101rvadi<\/li>\n<li>Uz\u0146\u0113muma s\u016bt\u012bjumi<\/li>\n<li>Atsevi\u0161\u0137i s\u016bt\u012bjumi<\/li>\n<li>Projektu p\u0101rs\u016bt\u012b\u0161ana<\/li>\n<li>Piel\u0101gots pakalpojums<\/li>\n<li>Autotransports, j\u016bras un gaisa transports<\/li>\n<li>Grup\u0113\u0161anas opcijas<\/li>\n<li>Muito\u0161ana<\/li>\n<li>Konteineru termin\u0101lis<\/li>\n<\/ul>\n<p>Naouri Group ir kravas p\u0101rvad\u0101jumu un lo\u0123istikas uz\u0146\u0113mums, kas dibin\u0101ts 1994. gad\u0101, atrodas Amm\u0101n\u0101 un darbojas ar\u012b cit\u0101s valst\u012bs. <a href=\"https:\/\/moverdb.com\/lv\/moving-companies\/moving-companies-iraq\/\" data-internallinksmanager029f6b8e52c=\"314\" title=\"2 Lab\u0101kie starptautisk\u0101s p\u0101rcel\u0161an\u0101s uz\u0146\u0113mumi Ir\u0101k\u0101\">Ir\u0101ka<\/a> un Palest\u012bn\u0101. Vi\u0146i ir IAM biedri ar 13 gadu darba st\u0101\u017eu un ir akredit\u0113ti FIDI. \u0160\u012bs apvien\u012bbas nodro\u0161ina vi\u0146iem piek\u013cuvi starptautiskam a\u0123entu t\u012bklam, kas pal\u012bdz sniegt pakalpojumus \u0101rvalst\u012bs.<\/p>\n<p>Naouri Group pied\u0101v\u0101 piel\u0101gotus pakalpojumus, kas atbilst j\u016bsu pras\u012bb\u0101m, un apgalvo, ka ir viena no vado\u0161aj\u0101m lo\u0123istikas grup\u0101m Jord\u0101nij\u0101. T\u0101 sniedz virkni transporta un kravu eksped\u012bcijas pakalpojumu, kas ietver autotransporta, gaisa un j\u016bras p\u0101rvad\u0101jumu pakalpojumus, k\u0101 ar\u012b grup\u0113\u0161anas iesp\u0113jas maz\u0101k nek\u0101 konteineru krav\u0101m.<\/p>\n<p>T\u012bmek\u013ca vietne: <a href=\"http:\/\/www.naouri.com\" target=\"_blank\" rel=\"noopener\">http:\/\/www.naouri.com<\/a><\/p>","protected":false},"excerpt":{"rendered":"<p>Are you moving home or your business? Then the organisation and paperwork may be starting to daunt you, so you may want the assistance of a moving company. If you are looking to move within, to or from Jordan we have compiled the below list of removal companies that are members of the International Association [&hellip;]<\/p>\n","protected":false},"author":4,"featured_media":0,"parent":190,"menu_order":0,"comment_status":"closed","ping_status":"closed","template":"","meta":{"_genesis_hide_title":false,"_genesis_hide_breadcrumbs":false,"_genesis_hide_singular_image":false,"_genesis_hide_footer_widgets":false,"_genesis_custom_body_class":"","_genesis_custom_post_class":"","_genesis_layout":"","footnotes":""},"class_list":{"0":"post-8390","1":"page","2":"type-page","3":"status-publish","5":"entry","6":"has-post-thumbnail"},"_links":{"self":[{"href":"https:\/\/moverdb.com\/lv\/wp-json\/wp\/v2\/pages\/8390","targetHints":{"allow":["GET"]}}],"collection":[{"href":"https:\/\/moverdb.com\/lv\/wp-json\/wp\/v2\/pages"}],"about":[{"href":"https:\/\/moverdb.com\/lv\/wp-json\/wp\/v2\/types\/page"}],"author":[{"embeddable":true,"href":"https:\/\/moverdb.com\/lv\/wp-json\/wp\/v2\/users\/4"}],"replies":[{"embeddable":true,"href":"https:\/\/moverdb.com\/lv\/wp-json\/wp\/v2\/comments?post=8390"}],"version-history":[{"count":1,"href":"https:\/\/moverdb.com\/lv\/wp-json\/wp\/v2\/pages\/8390\/revisions"}],"predecessor-version":[{"id":8393,"href":"https:\/\/moverdb.com\/lv\/wp-json\/wp\/v2\/pages\/8390\/revisions\/8393"}],"up":[{"embeddable":true,"href":"https:\/\/moverdb.com\/lv\/wp-json\/wp\/v2\/pages\/190"}],"wp:attachment":[{"href":"https:\/\/moverdb.com\/lv\/wp-json\/wp\/v2\/media?parent=8390"}],"curies":[{"name":"wp","href":"https:\/\/api.w.org\/{rel}","templated":true}]}}