{"id":7781,"date":"2023-04-27T14:57:02","date_gmt":"2023-04-27T14:57:02","guid":{"rendered":"https:\/\/moverdb.com\/?page_id=7781"},"modified":"2026-01-08T15:23:46","modified_gmt":"2026-01-08T15:23:46","slug":"moving-companies-jamaica","status":"publish","type":"page","link":"https:\/\/moverdb.com\/lv\/moving-companies\/moving-companies-jamaica\/","title":{"rendered":"2 Lab\u0101kie starptautisk\u0101s p\u0101rcel\u0161an\u0101s uz\u0146\u0113mumi Jamaik\u0101"},"content":{"rendered":"<p>M\u0101jok\u013ca vai uz\u0146\u0113muma p\u0101rcel\u0161an\u0101s var b\u016bt sare\u017e\u0123\u012bta un sag\u0101d\u0101t lielu spriedzi, jo \u012bpa\u0161i, ja pl\u0101nojat p\u0101rcel\u0161anos uz \u0101rzem\u0113m, t\u0101p\u0113c, izmantojot pakalpojumu sniedz\u0113ju. <a href=\"https:\/\/moverdb.com\/lv\/moving-companies\/\" data-internallinksmanager029f6b8e52c=\"79\" title=\"Top 25 Starptautiskie p\u0101rcel\u0161an\u0101s uz\u0146\u0113mumi tie\u0161saist\u0113\">P\u0101rvieto\u0161an\u0101s uz\u0146\u0113mums<\/a> patie\u0161\u0101m var jums pal\u012bdz\u0113t. Zem\u0101k m\u0113s esam apkopoju\u0161i sarakstu ar Jamaikas <a href=\"https:\/\/moverdb.com\/lv\/international-removals\/\" data-internallinksmanager029f6b8e52c=\"27\" title=\"36 Lab\u0101kie starptautisko p\u0101rvad\u0101jumu uz\u0146\u0113mumi Apvienotaj\u0101 Karalist\u0113\">p\u0101rv\u0101k\u0161an\u0101s uz\u0146\u0113mumi<\/a> kas ir <a href=\"https:\/\/moverdb.com\/lv\/iam\/\" data-internallinksmanager029f6b8e52c=\"23\" title=\"Starptautisk\u0101s P\u0101rv\u0101c\u0113ju asoci\u0101cijas (IAM) skaidrojumi\">Starptautisk\u0101 P\u0101rv\u0101c\u0113ju asoci\u0101cija<\/a> (IAM) un\/vai <a href=\"https:\/\/moverdb.com\/lv\/fidi-faim\/\" data-internallinksmanager029f6b8e52c=\"16\" title=\"FIDI un FAIM (FIDI akredit\u0113tais starptautiskais p\u0101rvietot\u0101js) skaidrojums\">FIDI<\/a> Akredit\u0113ti starptautiskie p\u0101rv\u0101c\u0113ji (FAIM), kas var\u0113tu jums pal\u012bdz\u0113t p\u0101rcelties.<\/p>\n<h2><strong>1. Aero International Shipping<\/strong><\/h2>\n<p><img loading=\"lazy\" decoding=\"async\" class=\"alignnone size-full wp-image-7656\" src=\"https:\/\/moverdb.com\/wp-content\/uploads\/Aero-International-Shipping-moving-company.png\" alt=\"Aero International Shipping p\u0101rvietojas uz\u0146\u0113mums\" width=\"1440\" height=\"686\" data-wp-pid=\"7656\" srcset=\"https:\/\/moverdb.com\/wp-content\/uploads\/Aero-International-Shipping-moving-company.png 1440w, https:\/\/moverdb.com\/wp-content\/uploads\/Aero-International-Shipping-moving-company-300x143.png 300w, https:\/\/moverdb.com\/wp-content\/uploads\/Aero-International-Shipping-moving-company-1024x488.png 1024w, https:\/\/moverdb.com\/wp-content\/uploads\/Aero-International-Shipping-moving-company-18x9.png 18w, https:\/\/moverdb.com\/wp-content\/uploads\/Aero-International-Shipping-moving-company-600x286.png 600w\" sizes=\"auto, (max-width: 1440px) 100vw, 1440px\" \/><\/p>\n<ul>\n<li><a href=\"https:\/\/moverdb.com\/lv\/container-shipping\/\" data-internallinksmanager029f6b8e52c=\"3\" title=\"Starptautisko konteineru p\u0101rvad\u0101jumu tarifu diagramma: Apr\u012blis 2026\">Starptautisk\u0101 pieg\u0101de<\/a><\/li>\n<li>Sadz\u012bves s\u016bt\u012bjumi<\/li>\n<li>Komerci\u0101lie p\u0101rvad\u0101jumi<\/li>\n<li>\u012apa\u0161ie projekti<\/li>\n<li>Eksporta iepakojums<\/li>\n<li>Sauszemes, gaisa un j\u016bras kravu p\u0101rvad\u0101jumi<\/li>\n<li>Konsolid\u0101cijas iesp\u0113jas<\/li>\n<li>Piel\u0101gota kl\u012brensa<\/li>\n<li>Apdro\u0161in\u0101\u0161anas segums<\/li>\n<li>Uzglab\u0101\u0161anas iek\u0101rtas<\/li>\n<\/ul>\n<p>Aero International Shipping ir starptautisko p\u0101rvad\u0101jumu un lo\u0123istikas uz\u0146\u0113mums, kas nodarbojas ar\u012b ar m\u0101jsaimniec\u012bbas pre\u010du p\u0101rvad\u0101jumiem. Uz\u0146\u0113mums tika dibin\u0101ts 1974. gad\u0101, un t\u0101 galven\u0101 m\u012btne ir Kingston\u0101. Vi\u0146i sadarbojas ar starptautisku a\u0123ent\u016bru t\u012bklu, lai sniegtu pakalpojumus vis\u0101 pasaul\u0113. Uz\u0146\u0113mums ir IAM biedrs ar 49 gadu darba st\u0101\u017eu.<\/p>\n<p>Aero International Shipping pied\u0101v\u0101 mazo un lielo kravu p\u0101rvad\u0101jumu pakalpojumus. Vi\u0146i sniedz atbalstu eksporta iepako\u0161anas jom\u0101, lai nodro\u0161in\u0101tu, ka j\u016bsu mantas ir dro\u0161i iepakotas transport\u0113\u0161anai. Vi\u0146i organiz\u0113s p\u0101rvad\u0101jumus pa sauszemi, gaisu un j\u016bru ar r\u016bp\u012bgi izv\u0113l\u0113tiem mar\u0161rutiem, muito\u0161anu un apdro\u0161in\u0101\u0161anu. Lai samazin\u0101tu izmaksas, vi\u0146i pied\u0101v\u0101 konsolid\u0101cijas iesp\u0113jas gaisa un j\u016bras p\u0101rvad\u0101jumiem.<\/p>\n<p>T\u012bmek\u013ca vietne: <a href=\"http:\/\/www.aerointel.com\/\" target=\"_blank\" rel=\"noopener\">http:\/\/www.aerointel.com\/<\/a><\/p>\n<h2><strong>2. B.L. Williams<\/strong><\/h2>\n<p><img loading=\"lazy\" decoding=\"async\" class=\"alignnone size-full wp-image-7675\" src=\"https:\/\/moverdb.com\/wp-content\/uploads\/Bliss-Moving-international-moving-company.png\" alt=\"BL Williams starptautiskais p\u0101rcel\u0161an\u0101s uz\u0146\u0113mums\" width=\"1440\" height=\"684\" data-wp-pid=\"7675\" srcset=\"https:\/\/moverdb.com\/wp-content\/uploads\/Bliss-Moving-international-moving-company.png 1440w, https:\/\/moverdb.com\/wp-content\/uploads\/Bliss-Moving-international-moving-company-300x143.png 300w, https:\/\/moverdb.com\/wp-content\/uploads\/Bliss-Moving-international-moving-company-1024x486.png 1024w, https:\/\/moverdb.com\/wp-content\/uploads\/Bliss-Moving-international-moving-company-18x9.png 18w, https:\/\/moverdb.com\/wp-content\/uploads\/Bliss-Moving-international-moving-company-600x285.png 600w\" sizes=\"auto, (max-width: 1440px) 100vw, 1440px\" \/><\/p>\n<ul>\n<li>Valsts p\u0101rcel\u0161an\u0101s<\/li>\n<li>Starptautiskie p\u0101rvadi<\/li>\n<li>M\u0101jsaimniec\u012bbas p\u0101rvieto\u0161ana<\/li>\n<li>Pakalpojums \"no durv\u012bm l\u012bdz durv\u012bm<\/li>\n<li>Iepako\u0161anas pakalpojums<\/li>\n<li>J\u016bras un gaisa kravu p\u0101rvad\u0101jumi<\/li>\n<li>Eksporta un importa pakalpojumi<\/li>\n<li>Izcelsmes un galam\u0113r\u0137a pakalpojumi<\/li>\n<li>Tranz\u012bta apdro\u0161in\u0101\u0161ana<\/li>\n<li>Uzglab\u0101\u0161anas iek\u0101rtas<\/li>\n<\/ul>\n<p>B.L. Viljamss ir <a href=\"https:\/\/moverdb.com\/lv\/freight-forwarder\/\" data-internallinksmanager029f6b8e52c=\"17\" title=\"Starptautisko ekspeditoru un NVOCC starptautisko izmaksu un uz\u0146\u0113mumu ce\u013cvedis\">kravas ekspeditors<\/a> un starptautisks kravas p\u0101rvad\u0101t\u0101js, kas dibin\u0101ts 1924. gad\u0101 un atrodas Kingston\u0101. To atbalsta viet\u0113jo a\u0123entu t\u012bkls, kas izvietoti vis\u0101 pasaul\u0113. Uz\u0146\u0113mums ir IAM biedrs ar 34 gadu darba st\u0101\u017eu.<\/p>\n<p>B.L. Williams veic s\u0101kotn\u0113jo apseko\u0161anu, lai noteiktu j\u016bsu vajadz\u012bbas un sniegtu pied\u0101v\u0101jumu. Uz\u0146\u0113mums nodro\u0161ina jums uzticamu person\u0101lu, kas pal\u012bdz\u0113s jums vis\u0101 p\u0101rcel\u0161an\u0101s laik\u0101, sniedzot pakalpojumus no durv\u012bm l\u012bdz durv\u012bm. Vi\u0146i sniedz iepako\u0161anas pakalpojumus, izmantojot da\u017e\u0101dus materi\u0101lus, lai aizsarg\u0101tu j\u016bsu mantas un ievietotu t\u0101s kast\u0113s. Vi\u0146i organiz\u0113 p\u0101rvad\u0101jumus ar j\u016bras un gaisa transportu, kas ietver visus eksporta un importa pakalpojumus.<\/p>\n<p>T\u012bmek\u013ca vietne: <a href=\"http:\/\/www.blwilliams.com\/\" target=\"_blank\" rel=\"noopener\">http:\/\/www.blwilliams.com\/<\/a><\/p>","protected":false},"excerpt":{"rendered":"<p>Moving your home or business can be difficult and add a lot of pressure especially if you are planning a move abroad, so employing a moving company can really assist you. Below we have compiled a list of Jamaican removal companies that are members of the International Association of Movers (IAM) and\/or FIDI Accredited International [&hellip;]<\/p>\n","protected":false},"author":4,"featured_media":0,"parent":190,"menu_order":0,"comment_status":"closed","ping_status":"closed","template":"","meta":{"_genesis_hide_title":false,"_genesis_hide_breadcrumbs":false,"_genesis_hide_singular_image":false,"_genesis_hide_footer_widgets":false,"_genesis_custom_body_class":"","_genesis_custom_post_class":"","_genesis_layout":"","footnotes":""},"class_list":{"0":"post-7781","1":"page","2":"type-page","3":"status-publish","5":"entry","6":"has-post-thumbnail"},"_links":{"self":[{"href":"https:\/\/moverdb.com\/lv\/wp-json\/wp\/v2\/pages\/7781","targetHints":{"allow":["GET"]}}],"collection":[{"href":"https:\/\/moverdb.com\/lv\/wp-json\/wp\/v2\/pages"}],"about":[{"href":"https:\/\/moverdb.com\/lv\/wp-json\/wp\/v2\/types\/page"}],"author":[{"embeddable":true,"href":"https:\/\/moverdb.com\/lv\/wp-json\/wp\/v2\/users\/4"}],"replies":[{"embeddable":true,"href":"https:\/\/moverdb.com\/lv\/wp-json\/wp\/v2\/comments?post=7781"}],"version-history":[{"count":1,"href":"https:\/\/moverdb.com\/lv\/wp-json\/wp\/v2\/pages\/7781\/revisions"}],"predecessor-version":[{"id":7782,"href":"https:\/\/moverdb.com\/lv\/wp-json\/wp\/v2\/pages\/7781\/revisions\/7782"}],"up":[{"embeddable":true,"href":"https:\/\/moverdb.com\/lv\/wp-json\/wp\/v2\/pages\/190"}],"wp:attachment":[{"href":"https:\/\/moverdb.com\/lv\/wp-json\/wp\/v2\/media?parent=7781"}],"curies":[{"name":"wp","href":"https:\/\/api.w.org\/{rel}","templated":true}]}}