{"id":7779,"date":"2023-04-27T14:57:32","date_gmt":"2023-04-27T14:57:32","guid":{"rendered":"https:\/\/moverdb.com\/?page_id=7779"},"modified":"2026-01-08T15:29:20","modified_gmt":"2026-01-08T15:29:20","slug":"moving-companies-israel","status":"publish","type":"page","link":"https:\/\/moverdb.com\/lv\/moving-companies\/moving-companies-israel\/","title":{"rendered":"6 Lab\u0101kie starptautisk\u0101s p\u0101rcel\u0161an\u0101s uz\u0146\u0113mumi Izra\u0113l\u0101"},"content":{"rendered":"<p>M\u0101jok\u013ca vai uz\u0146\u0113muma p\u0101rvieto\u0161ana var b\u016bt stresaina, t\u0101p\u0113c, izmantojot a <a href=\"https:\/\/moverdb.com\/lv\/moving-companies\/\" data-internallinksmanager029f6b8e52c=\"79\" title=\"Top 25 Starptautiskie p\u0101rcel\u0161an\u0101s uz\u0146\u0113mumi tie\u0161saist\u0113\">P\u0101rvieto\u0161an\u0101s uz\u0146\u0113mums<\/a> var\u0113tu samazin\u0101t darba slodzi un atvieglot p\u0101rvieto\u0161anos. T\u0101p\u0113c turpm\u0101k m\u0113s esam apkopoju\u0161i sarakstu ar <a href=\"https:\/\/moverdb.com\/lv\/moving-to-israel\/\" data-internallinksmanager029f6b8e52c=\"333\" title=\"P\u0101rcel\u0161an\u0101s uz Izra\u0113lu? 2023 Dz\u012bves izmaksas un p\u0101rcel\u0161an\u0101s padomi\">Izra\u0113la<\/a> pamatojoties uz <a href=\"https:\/\/moverdb.com\/lv\/international-removals\/\" data-internallinksmanager029f6b8e52c=\"27\" title=\"36 Lab\u0101kie starptautisko p\u0101rvad\u0101jumu uz\u0146\u0113mumi Apvienotaj\u0101 Karalist\u0113\">p\u0101rv\u0101k\u0161an\u0101s uz\u0146\u0113mumi<\/a> kas ir <a href=\"https:\/\/moverdb.com\/lv\/iam\/\" data-internallinksmanager029f6b8e52c=\"23\" title=\"Starptautisk\u0101s P\u0101rv\u0101c\u0113ju asoci\u0101cijas (IAM) skaidrojumi\">Starptautisk\u0101 P\u0101rv\u0101c\u0113ju asoci\u0101cija<\/a> (IAM) un\/vai <a href=\"https:\/\/moverdb.com\/lv\/fidi-faim\/\" data-internallinksmanager029f6b8e52c=\"16\" title=\"FIDI un FAIM (FIDI akredit\u0113tais starptautiskais p\u0101rvietot\u0101js) skaidrojums\">FIDI<\/a> Akredit\u0113ti starptautiskie p\u0101rv\u0101k\u0161an\u0101s pakalpojumi (FAIM), kas var pal\u012bdz\u0113t jums p\u0101rcelties uz Izra\u0113lu, no t\u0101s vai t\u0101s teritorij\u0101.<\/p>\n<div id=\"ez-toc-container\" class=\"ez-toc-v2_0_82_2 ez-toc-wrap-left counter-hierarchy ez-toc-counter ez-toc-transparent ez-toc-container-direction\">\n<div class=\"ez-toc-title-container\">\n<p class=\"ez-toc-title\" style=\"cursor:inherit\">Sada\u013cas<\/p>\n<span class=\"ez-toc-title-toggle\"><a href=\"#\" class=\"ez-toc-pull-right ez-toc-btn ez-toc-btn-xs ez-toc-btn-default ez-toc-toggle\" aria-label=\"P\u0101rsl\u0113gt satura tabulu\"><span class=\"ez-toc-js-icon-con\"><span class=\"\"><span class=\"eztoc-hide\" style=\"display:none;\">P\u0101rsl\u0113gt<\/span><span class=\"ez-toc-icon-toggle-span\"><svg style=\"fill: #999;color:#999\" xmlns=\"http:\/\/www.w3.org\/2000\/svg\" class=\"list-377408\" width=\"20px\" height=\"20px\" viewbox=\"0 0 24 24\" fill=\"none\"><path d=\"M6 6H4v2h2V6zm14 0H8v2h12V6zM4 11h2v2H4v-2zm16 0H8v2h12v-2zM4 16h2v2H4v-2zm16 0H8v2h12v-2z\" fill=\"currentColor\"><\/path><\/svg><svg style=\"fill: #999;color:#999\" class=\"arrow-unsorted-368013\" xmlns=\"http:\/\/www.w3.org\/2000\/svg\" width=\"10px\" height=\"10px\" viewbox=\"0 0 24 24\" version=\"1.2\" baseprofile=\"tiny\"><path d=\"M18.2 9.3l-6.2-6.3-6.2 6.3c-.2.2-.3.4-.3.7s.1.5.3.7c.2.2.4.3.7.3h11c.3 0 .5-.1.7-.3.2-.2.3-.5.3-.7s-.1-.5-.3-.7zM5.8 14.7l6.2 6.3 6.2-6.3c.2-.2.3-.5.3-.7s-.1-.5-.3-.7c-.2-.2-.4-.3-.7-.3h-11c-.3 0-.5.1-.7.3-.2.2-.3.5-.3.7s.1.5.3.7z\"\/><\/svg><\/span><\/span><\/span><\/a><\/span><\/div>\n<nav><ul class='ez-toc-list ez-toc-list-level-1 eztoc-toggle-hide-by-default' ><li class='ez-toc-page-1 ez-toc-heading-level-2'><a class=\"ez-toc-link ez-toc-heading-1\" href=\"https:\/\/moverdb.com\/lv\/moving-companies\/moving-companies-israel\/#1_Globus_Relocation\" >1. Globus p\u0101rvieto\u0161ana<\/a><\/li><li class='ez-toc-page-1 ez-toc-heading-level-2'><a class=\"ez-toc-link ez-toc-heading-2\" href=\"https:\/\/moverdb.com\/lv\/moving-companies\/moving-companies-israel\/#2_Infinity_Pack_Ship\" >2. Bezgal\u012bbas iepakojums un ku\u0123is<\/a><\/li><li class='ez-toc-page-1 ez-toc-heading-level-2'><a class=\"ez-toc-link ez-toc-heading-3\" href=\"https:\/\/moverdb.com\/lv\/moving-companies\/moving-companies-israel\/#3_Ocean\" >3. Oke\u0101ns<\/a><\/li><li class='ez-toc-page-1 ez-toc-heading-level-2'><a class=\"ez-toc-link ez-toc-heading-4\" href=\"https:\/\/moverdb.com\/lv\/moving-companies\/moving-companies-israel\/#4_Sonigo\" >4. Sonigo<\/a><\/li><li class='ez-toc-page-1 ez-toc-heading-level-2'><a class=\"ez-toc-link ez-toc-heading-5\" href=\"https:\/\/moverdb.com\/lv\/moving-companies\/moving-companies-israel\/#5_A_Univers_Transit\" >5. A. Univers Transit<\/a><\/li><li class='ez-toc-page-1 ez-toc-heading-level-2'><a class=\"ez-toc-link ez-toc-heading-6\" href=\"https:\/\/moverdb.com\/lv\/moving-companies\/moving-companies-israel\/#6_Teamnet\" >6. Teamnet<\/a><\/li><li class='ez-toc-page-1 ez-toc-heading-level-2'><a class=\"ez-toc-link ez-toc-heading-7\" href=\"https:\/\/moverdb.com\/lv\/moving-companies\/moving-companies-israel\/#Other_Useful_Guides_to_Israel\" >Citi noder\u012bgi ce\u013cve\u017ei uz Izra\u0113lu<\/a><\/li><\/ul><\/nav><\/div>\n<h2><span class=\"ez-toc-section\" id=\"1_Globus_Relocation\"><\/span><strong>1. Globus p\u0101rvieto\u0161ana<\/strong><span class=\"ez-toc-section-end\"><\/span><\/h2>\n<p><img loading=\"lazy\" decoding=\"async\" class=\"alignnone size-full wp-image-7699\" src=\"https:\/\/moverdb.com\/wp-content\/uploads\/Globus-Relocation-international-moving-company.png\" alt=\"Globus Relocation starptautiskais p\u0101rvieto\u0161an\u0101s uz\u0146\u0113mums\" width=\"1440\" height=\"681\" data-wp-pid=\"7699\" srcset=\"https:\/\/moverdb.com\/wp-content\/uploads\/Globus-Relocation-international-moving-company.png 1440w, https:\/\/moverdb.com\/wp-content\/uploads\/Globus-Relocation-international-moving-company-300x142.png 300w, https:\/\/moverdb.com\/wp-content\/uploads\/Globus-Relocation-international-moving-company-1024x484.png 1024w, https:\/\/moverdb.com\/wp-content\/uploads\/Globus-Relocation-international-moving-company-18x9.png 18w, https:\/\/moverdb.com\/wp-content\/uploads\/Globus-Relocation-international-moving-company-600x284.png 600w\" sizes=\"auto, (max-width: 1440px) 100vw, 1440px\" \/><\/p>\n<ul>\n<li>Starptautiskie p\u0101rvadi<\/li>\n<li>Person\u012bgie so\u013ci<\/li>\n<li>Komerci\u0101lie p\u0101rvadi<\/li>\n<li>P\u0101rcel\u0161an\u0101s pakalpojumi<\/li>\n<li>Pakalpojums \"no durv\u012bm l\u012bdz durv\u012bm<\/li>\n<li>Iepako\u0161anas pal\u012bdz\u012bba<\/li>\n<li>Uzlabotie un piel\u0101gotie iepako\u0161anas materi\u0101li<\/li>\n<li>Sauszemes, j\u016bras un gaisa transports<\/li>\n<li>Apdro\u0161in\u0101\u0161ana<\/li>\n<li>Dro\u0161a uzglab\u0101\u0161ana<\/li>\n<\/ul>\n<p>Globus Relocation ir starptautisks iepakojuma un <a href=\"https:\/\/moverdb.com\/lv\/shipping-companies\/\" data-internallinksmanager029f6b8e52c=\"4\" title=\"10 lab\u0101kie starptautisko konteineru p\u0101rvad\u0101jumu uz\u0146\u0113mumi\">ku\u0123niec\u012bbas uz\u0146\u0113mums<\/a> kas dibin\u0101ta 2014. gad\u0101 un atrodas A\u0161dod\u0101. T\u0101 ir IAM biedrs un ir akredit\u0113ta FIDI. \u0160\u012b dal\u012bba vai akredit\u0101cija dod vi\u0146iem piek\u013cuvi starptautiskajam a\u0123entu t\u012bklam.<\/p>\n<p>Globus Relocation nor\u012bko vienu no saviem speci\u0101listiem, lai sniegtu jums atbalstu p\u0101rcel\u0161an\u0101s laik\u0101. Vi\u0146i sniedz pakalpojumus no durv\u012bm l\u012bdz durv\u012bm un pied\u0101v\u0101 modernus iepako\u0161anas materi\u0101lus un piel\u0101gotus iepako\u0161anas risin\u0101jumus, kas piem\u0113roti visiem priek\u0161metiem. Vi\u0146i organiz\u0113 j\u016bsu mantu transport\u0113\u0161anu pa zemi, j\u016bru vai gaisu. Vi\u0146i sniedz papildu p\u0101rcel\u0161an\u0101s pakalpojumus, kas ietver darba v\u012bzas, m\u0101jok\u013ca un skolas mekl\u0113\u0161anu, m\u0113be\u013cu nomu, iera\u0161an\u0101s pakalpojumus un istabenes pakalpojumus.<\/p>\n<p>T\u012bmek\u013ca vietne: <a href=\"http:\/\/www.globus-relocation.com\" target=\"_blank\" rel=\"noopener\">http:\/\/www.globus-relocation.com<\/a><\/p>\n<h2><span class=\"ez-toc-section\" id=\"2_Infinity_Pack_Ship\"><\/span><strong>2. Bezgal\u012bbas iepakojums un ku\u0123is<\/strong><span class=\"ez-toc-section-end\"><\/span><\/h2>\n<p><img loading=\"lazy\" decoding=\"async\" class=\"alignnone size-full wp-image-7707\" src=\"https:\/\/moverdb.com\/wp-content\/uploads\/Infinity-Pack-Ship-international-moving-company.png\" alt=\"Infinity Pack &amp; Ship starptautisks p\u0101rcel\u0161an\u0101s uz\u0146\u0113mums\" width=\"1440\" height=\"680\" data-wp-pid=\"7707\" srcset=\"https:\/\/moverdb.com\/wp-content\/uploads\/Infinity-Pack-Ship-international-moving-company.png 1440w, https:\/\/moverdb.com\/wp-content\/uploads\/Infinity-Pack-Ship-international-moving-company-300x142.png 300w, https:\/\/moverdb.com\/wp-content\/uploads\/Infinity-Pack-Ship-international-moving-company-1024x484.png 1024w, https:\/\/moverdb.com\/wp-content\/uploads\/Infinity-Pack-Ship-international-moving-company-18x9.png 18w, https:\/\/moverdb.com\/wp-content\/uploads\/Infinity-Pack-Ship-international-moving-company-600x283.png 600w\" sizes=\"auto, (max-width: 1440px) 100vw, 1440px\" \/><\/p>\n<ul>\n<li>Valsts p\u0101rcel\u0161an\u0101s<\/li>\n<li>Starptautiskie p\u0101rvadi<\/li>\n<li>P\u0101rv\u0101k\u0161an\u0101s uz dz\u012bvojam\u0101m telp\u0101m<\/li>\n<li>Komerci\u0101lie s\u016bt\u012bjumi<\/li>\n<li>No durv\u012bm l\u012bdz durv\u012bm vai no durv\u012bm l\u012bdz durv\u012bm<a href=\"https:\/\/moverdb.com\/lv\/top-49-container-ports\/\" data-internallinksmanager029f6b8e52c=\"80\" title=\"49 liel\u0101kie un noslogot\u0101kie konteineru ostas 2025. gad\u0101\">osta<\/a> pakalpojums<\/li>\n<li>Iepako\u0161anas pal\u012bdz\u012bba<\/li>\n<li>Autotransporta, j\u016bras un gaisa transporta pakalpojumi<\/li>\n<li>Muito\u0161ana<\/li>\n<li>Apdro\u0161in\u0101\u0161ana<\/li>\n<li>\u012astermi\u0146a l\u012bdz ilgtermi\u0146a uzglab\u0101\u0161ana<\/li>\n<\/ul>\n<p>Infinity Pack &amp; Ship ir p\u0101rcel\u0161an\u0101s un lo\u0123istikas uz\u0146\u0113mums, kas dibin\u0101ts 2005. gad\u0101 Jeruzalem\u0113. Lai sniegtu savus pakalpojumus, uz\u0146\u0113mums sadarbojas ar starptautisku p\u0101rcel\u0161an\u0101s un lo\u0123istikas uz\u0146\u0113mumu t\u012bklu. Uz\u0146\u0113mums ir IAM biedrs ar 16 gadu darba st\u0101\u017eu.<\/p>\n<p>Infinity Pack &amp; Ship pied\u0101v\u0101 bezmaksas apsekojumu uz vietas m\u0101j\u0101s un nok\u0101rto visus ar p\u0101rcel\u0161anos saist\u012btos dokumentus, tostarp muito\u0161anu. Vi\u0146i nodro\u0161ina profesion\u0101lu iepako\u0161anas komandu, kas dro\u0161i iesai\u0146os j\u016bsu mantas. Vi\u0146i pied\u0101v\u0101 da\u017e\u0101das transport\u0113\u0161anas iesp\u0113jas, tostarp autotransportu, piem\u0113ram, sl\u0113gtus gaisa maisus, piekabes un sald\u0113tavas, aviop\u0101rvad\u0101jumus un j\u016bras p\u0101rvad\u0101jumus, piem\u0113ram, pilnas vai maz\u0101kas kravas nek\u0101 konteineru kravas.<\/p>\n<p>T\u012bmek\u013ca vietne: <a href=\"http:\/\/infinitypack.co.il\" target=\"_blank\" rel=\"noopener\">http:\/\/infinitypack.co.il<\/a><\/p>\n<h2><span class=\"ez-toc-section\" id=\"3_Ocean\"><\/span><strong>3. <\/strong><strong>Ocean<\/strong><span class=\"ez-toc-section-end\"><\/span><\/h2>\n<p><img loading=\"lazy\" decoding=\"async\" class=\"alignnone size-full wp-image-7731\" src=\"https:\/\/moverdb.com\/wp-content\/uploads\/Ocean-international-moving-company.png\" alt=\"Oke\u0101na starptautisk\u0101 p\u0101rcel\u0161an\u0101s uz\u0146\u0113mums\" width=\"1440\" height=\"682\" data-wp-pid=\"7731\" srcset=\"https:\/\/moverdb.com\/wp-content\/uploads\/Ocean-international-moving-company.png 1440w, https:\/\/moverdb.com\/wp-content\/uploads\/Ocean-international-moving-company-300x142.png 300w, https:\/\/moverdb.com\/wp-content\/uploads\/Ocean-international-moving-company-1024x485.png 1024w, https:\/\/moverdb.com\/wp-content\/uploads\/Ocean-international-moving-company-18x9.png 18w, https:\/\/moverdb.com\/wp-content\/uploads\/Ocean-international-moving-company-600x284.png 600w\" sizes=\"auto, (max-width: 1440px) 100vw, 1440px\" \/><\/p>\n<ul>\n<li>Starptautiskie p\u0101rvadi<\/li>\n<li>M\u0101jsaimniec\u012bbas p\u0101rv\u0101k\u0161an\u0101s<\/li>\n<li>P\u0101rcel\u0161an\u0101s pakalpojumi<\/li>\n<li>Klientu mened\u017eeris, kas j\u016bs atbalsta<\/li>\n<li>Iepako\u0161anas pakalpojums<\/li>\n<li>Autotransports, j\u016bras un gaisa transports<\/li>\n<li>Muito\u0161ana<\/li>\n<li>S\u016bt\u012bjuma izseko\u0161ana<\/li>\n<li>Akredit\u0113jis FIDI<\/li>\n<li>Glob\u0101lie glab\u0101\u0161anas pakalpojumi<\/li>\n<\/ul>\n<p>Ocean ir p\u0101rcel\u0161an\u0101s un p\u0101rcel\u0161an\u0101s uz\u0146\u0113mums, kas atrodas Kibucu Jakum\u0101. Uz\u0146\u0113mums sadarbojas ar starptautiskiem partneriem, lai sniegtu p\u0101rcel\u0161an\u0101s un p\u0101rcel\u0161an\u0101s pakalpojumus starptautisk\u0101 m\u0113rog\u0101. Uz\u0146\u0113mums ir IAM biedrs ar 79 gadu darba st\u0101\u017eu un ir akredit\u0113ts FIDI.<\/p>\n<p>Ocean nodro\u0161ina p\u0101rcel\u0161an\u0101s mened\u017eeri, kas pal\u012bdz\u0113s jums p\u0101rcel\u0161an\u0101s laik\u0101 un izveidos p\u0101rvad\u0101\u0161anas pl\u0101nu. Vi\u0146i nodro\u0161ina v\u0113rt\u0113t\u0101ju, kas nov\u0113rt\u0113 j\u016bsu vajadz\u012bbas un sast\u0101da pl\u0101nu par to, kas b\u016btu j\u0101p\u0101rvad\u0101 pa gaisu, j\u016bru vai bag\u0101\u017e\u0101. P\u0101rcel\u0161an\u0101s pakalpojumi ietver m\u0101jok\u013ca un skolu mekl\u0113\u0161anu, aklimatiz\u0101cijas pakalpojumus, pagaidu m\u0101jokli, m\u0113be\u013cu nomu, darba v\u012bzas, valodu apguvi un uzglab\u0101\u0161anas risin\u0101jumus.<\/p>\n<p>T\u012bmek\u013ca vietne: <a href=\"http:\/\/www.ocean-il.co.il\" target=\"_blank\" rel=\"noopener\">http:\/\/www.ocean-il.co.il<\/a><\/p>\n<h2><span class=\"ez-toc-section\" id=\"4_Sonigo\"><\/span><strong>4. Sonigo<\/strong><span class=\"ez-toc-section-end\"><\/span><\/h2>\n<p><img loading=\"lazy\" decoding=\"async\" class=\"alignnone size-full wp-image-7750\" src=\"https:\/\/moverdb.com\/wp-content\/uploads\/Sonigo-international-moving-company.png\" alt=\"Sonigo starptautisk\u0101 p\u0101rcel\u0161an\u0101s uz\u0146\u0113mums\" width=\"1440\" height=\"679\" data-wp-pid=\"7750\" srcset=\"https:\/\/moverdb.com\/wp-content\/uploads\/Sonigo-international-moving-company.png 1440w, https:\/\/moverdb.com\/wp-content\/uploads\/Sonigo-international-moving-company-300x141.png 300w, https:\/\/moverdb.com\/wp-content\/uploads\/Sonigo-international-moving-company-1024x483.png 1024w, https:\/\/moverdb.com\/wp-content\/uploads\/Sonigo-international-moving-company-18x8.png 18w, https:\/\/moverdb.com\/wp-content\/uploads\/Sonigo-international-moving-company-600x283.png 600w\" sizes=\"auto, (max-width: 1440px) 100vw, 1440px\" \/><\/p>\n<ul>\n<li>Viet\u0113jie un viet\u0113jie p\u0101rvadi<\/li>\n<li>Starptautiskie p\u0101rv\u0101k\u0161an\u0101s un p\u0101rcel\u0161an\u0101s<\/li>\n<li>M\u0101jsaimniec\u012bbas p\u0101rv\u0101k\u0161an\u0101s<\/li>\n<li>Komerci\u0101lie p\u0101rvadi<\/li>\n<li>Pakalpojums \"no durv\u012bm l\u012bdz durv\u012bm<\/li>\n<li>Iepako\u0161anas pakalpojums<\/li>\n<li>Muito\u0161ana<\/li>\n<li>M\u0101kslas apstr\u0101de<\/li>\n<li>Apdro\u0161in\u0101\u0161ana<\/li>\n<li>\u012astermi\u0146a un ilgtermi\u0146a uzglab\u0101\u0161ana<\/li>\n<\/ul>\n<p>Sonigo ir <a href=\"https:\/\/moverdb.com\/lv\/container-shipping\/\" data-internallinksmanager029f6b8e52c=\"3\" title=\"Starptautisko konteineru p\u0101rvad\u0101jumu tarifu diagramma: Apr\u012blis 2026\">starptautisk\u0101 ku\u0123niec\u012bba<\/a> uz\u0146\u0113mums, kas atrodas Gan Javn\u0113 un darbojas kop\u0161 1986. gada, pied\u0101v\u0101jot m\u0101jsaimniec\u012bbas un komerci\u0101los iepako\u0161anas un p\u0101rvad\u0101\u0161anas pakalpojumus. Uz\u0146\u0113mumam ir glob\u0101ls ar rok\u0101m izv\u0113l\u0113tu starptautisko p\u0101rvad\u0101jumu a\u0123entu t\u012bkls, kas sniedz atbalstu. Uz\u0146\u0113mums ir IAM biedrs ar 36 gadu darba st\u0101\u017eu un ir akredit\u0113ts FIDI.<\/p>\n<p>Sonigo pied\u0101v\u0101 p\u0101rcel\u0161an\u0101s un p\u0101rcel\u0161an\u0101s pakalpojumus no durv\u012bm l\u012bdz durv\u012bm, kas s\u0101kas ar apseko\u0161anu m\u0101j\u0101s, lai nov\u0113rt\u0113tu pras\u012bbas un sagatavotu pied\u0101v\u0101jumu. Vi\u0146i pied\u0101v\u0101 profesion\u0101lu iepako\u0161anas pakalpojumu, dokument\u0101cijas noform\u0113\u0161anu un transporta organiz\u0113\u0161anu. P\u0101rcel\u0161an\u0101s pakalpojumi ietver v\u012bzas, nodok\u013cu konsult\u0101cijas, m\u0101jok\u013ca un skolas mekl\u0113\u0161anu, m\u0113be\u013cu nomu, iera\u0161an\u0101s pakalpojumus, orient\u0113\u0161an\u0101s pakalpojumus un pal\u012bdz\u012bbu komun\u0101lo pakalpojumu jom\u0101.<\/p>\n<p>T\u012bmek\u013ca vietne: <a href=\"http:\/\/www.sonigo.com\" target=\"_blank\" rel=\"noopener\">http:\/\/www.sonigo.com<\/a><\/p>\n<h2><span class=\"ez-toc-section\" id=\"5_A_Univers_Transit\"><\/span><strong>5. A. Univers Transit<\/strong><span class=\"ez-toc-section-end\"><\/span><\/h2>\n<p><img loading=\"lazy\" decoding=\"async\" class=\"alignnone size-full wp-image-7654\" src=\"https:\/\/moverdb.com\/wp-content\/uploads\/A-Univers-Transit-international-moving-company.png\" alt=\"Univers Transit starptautisks p\u0101rv\u0101k\u0161an\u0101s uz\u0146\u0113mums\" width=\"1440\" height=\"691\" data-wp-pid=\"7654\" srcset=\"https:\/\/moverdb.com\/wp-content\/uploads\/A-Univers-Transit-international-moving-company.png 1440w, https:\/\/moverdb.com\/wp-content\/uploads\/A-Univers-Transit-international-moving-company-300x144.png 300w, https:\/\/moverdb.com\/wp-content\/uploads\/A-Univers-Transit-international-moving-company-1024x491.png 1024w, https:\/\/moverdb.com\/wp-content\/uploads\/A-Univers-Transit-international-moving-company-18x9.png 18w, https:\/\/moverdb.com\/wp-content\/uploads\/A-Univers-Transit-international-moving-company-600x288.png 600w\" sizes=\"auto, (max-width: 1440px) 100vw, 1440px\" \/><\/p>\n<ul>\n<li>Starptautiskie p\u0101rvadi<\/li>\n<li>M\u0101jsaimniec\u012bbas p\u0101rv\u0101k\u0161an\u0101s<\/li>\n<li>Komerci\u0101lie p\u0101rvadi<\/li>\n<li>P\u0101rcel\u0161an\u0101s pakalpojumi<\/li>\n<li>Pakalpojums \"no durv\u012bm l\u012bdz durv\u012bm<\/li>\n<li>Profesion\u0101la iepako\u0161ana<\/li>\n<li>Gaisa un j\u016bras transports<\/li>\n<li>Dokumentu aizpild\u012b\u0161ana<\/li>\n<li>M\u0101jok\u013ca un skolas mekl\u0113\u0161ana<\/li>\n<li>Dro\u0161a uzglab\u0101\u0161ana<\/li>\n<\/ul>\n<p>Univers Transit ir ku\u0123niec\u012bbas, transporta un p\u0101rcel\u0161an\u0101s uz\u0146\u0113mums, kas pied\u0101v\u0101 ar\u012b iepako\u0161anas un uzglab\u0101\u0161anas risin\u0101jumus un kas tika dibin\u0101ts pag\u0101ju\u0161\u0101 gadsimta 80. gadu beig\u0101s. Uz\u0146\u0113mumam ir p\u0101rst\u0101vniec\u012bbas Telaviv\u0101, A\u0161dod\u0101 un Haif\u0101. Uz\u0146\u0113mums ir IAM biedrs ar 28 gadu darba st\u0101\u017eu un ir akredit\u0113ts FIDI.<\/p>\n<p>Univers Transit pied\u0101v\u0101 p\u0101rcel\u0161an\u0101s un p\u0101rcel\u0161an\u0101s pakalpojumus no durv\u012bm l\u012bdz durv\u012bm, kas s\u0101kas ar konsultat\u012bvu tik\u0161anos, lai nov\u0113rt\u0113tu j\u016bsu vajadz\u012bbas un izstr\u0101d\u0101tu p\u0101rcel\u0161an\u0101s pl\u0101nu. Vi\u0146i nodro\u0161ina profesion\u0101lus iepako\u0161anas pakalpojumus un piem\u0113rotas kastes j\u016bsu mant\u0101m. Vi\u0146i iekrauj konteinerus un kastes transport\u0113\u0161anai un nog\u0101d\u0101 t\u0101s lidost\u0101 vai ost\u0101, lai t\u0101s nog\u0101d\u0101tu.<\/p>\n<p>T\u012bmek\u013ca vietne: <a href=\"http:\/\/www.univers-transit.co.il\" target=\"_blank\" rel=\"noopener\">http:\/\/www.univers-transit.co.il<\/a><\/p>\n<h2><span class=\"ez-toc-section\" id=\"6_Teamnet\"><\/span><strong>6. Teamnet<\/strong><span class=\"ez-toc-section-end\"><\/span><\/h2>\n<p><img loading=\"lazy\" decoding=\"async\" class=\"alignnone size-full wp-image-7752\" src=\"https:\/\/moverdb.com\/wp-content\/uploads\/Teamnet-international-moving-company.png\" alt=\"Teamnet starptautisk\u0101 p\u0101rcel\u0161an\u0101s uz\u0146\u0113mums\" width=\"1440\" height=\"685\" data-wp-pid=\"7752\" srcset=\"https:\/\/moverdb.com\/wp-content\/uploads\/Teamnet-international-moving-company.png 1440w, https:\/\/moverdb.com\/wp-content\/uploads\/Teamnet-international-moving-company-300x143.png 300w, https:\/\/moverdb.com\/wp-content\/uploads\/Teamnet-international-moving-company-1024x487.png 1024w, https:\/\/moverdb.com\/wp-content\/uploads\/Teamnet-international-moving-company-18x9.png 18w, https:\/\/moverdb.com\/wp-content\/uploads\/Teamnet-international-moving-company-600x285.png 600w\" sizes=\"auto, (max-width: 1440px) 100vw, 1440px\" \/><\/p>\n<ul>\n<li>Starptautiskie p\u0101rvadi<\/li>\n<li>Person\u012bgie so\u013ci<\/li>\n<li>Komerci\u0101lie s\u016bt\u012bjumi<\/li>\n<li>P\u0101rcel\u0161an\u0101s pakalpojumi<\/li>\n<li>Pakalpojums \"no durv\u012bm l\u012bdz durv\u012bm<\/li>\n<li>Iepako\u0161anas pakalpojumi<\/li>\n<li>P\u0101rvad\u0101jumu vai gaisa kravu p\u0101rvad\u0101jumu organiz\u0113\u0161ana<\/li>\n<li>Muitas formalit\u0101tes<\/li>\n<li>Apdro\u0161in\u0101\u0161ana<\/li>\n<li>Uzglab\u0101\u0161anas iek\u0101rtas<\/li>\n<\/ul>\n<p>Teamnet ir p\u0101rvieto\u0161anas un p\u0101rcel\u0161an\u0101s uz\u0146\u0113mums Haif\u0101. Tas pied\u0101v\u0101 virkni pakalpojumu priv\u0101tperson\u0101m un uz\u0146\u0113mumiem, kas transport\u0113 preces uz Izra\u0113lu vai no t\u0101s. Vi\u0146i sadarbojas ar starptautisku a\u0123entu t\u012bklu, lai sniegtu pakalpojumus \u0101rpus Izra\u0113las, un ir IAM biedrs.<\/p>\n<p>Teamnet pied\u0101v\u0101 \"no durv\u012bm l\u012bdz durv\u012bm\" p\u0101rcel\u0161an\u0101s un p\u0101rcel\u0161an\u0101s pakalpojumus uz Izra\u0113lu gan izejo\u0161ajiem, gan ien\u0101ko\u0161ajiem klientiem. Vi\u0146i sniedz konsult\u0101cijas m\u0101j\u0101s, lai nov\u0113rt\u0113tu j\u016bsu p\u0101rcel\u0161an\u0101s vajadz\u012bbas. Vi\u0146i izveidos detaliz\u0113tu pl\u0101nu un sniegs iepako\u0161anas pakalpojumus, izmantojot modernus iepako\u0161anas materi\u0101lus, kas piem\u0113roti j\u016bras vai gaisa transportam. Vi\u0146i nok\u0101rtos iest\u0101\u017eu un muitas formalit\u0101tes.<\/p>\n<p>T\u012bmek\u013ca vietne: <a href=\"http:\/\/www.en.team-net.co.il\" target=\"_blank\" rel=\"noopener\">http:\/\/www.en.team-net.co.il<\/a><\/p>\n<h2><span class=\"ez-toc-section\" id=\"Other_Useful_Guides_to_Israel\"><\/span>Citi noder\u012bgi ce\u013cve\u017ei uz Izra\u0113lu<span class=\"ez-toc-section-end\"><\/span><\/h2>\n<ul>\n<li> <a href=\"https:\/\/moverdb.com\/lv\/konteineru-parvadajumi\/izraela\/\">2024 J\u016bras kravas konteineru p\u0101rvad\u0101jumu cenas uz Izra\u0113lu un no t\u0101s<\/a><\/li>\n<li> <a href=\"https:\/\/moverdb.com\/lv\/moving-to-israel\/\">P\u0101rcel\u0161an\u0101s uz Izra\u0113lu? 2023 Dz\u012bves izmaksas un p\u0101rcel\u0161an\u0101s padomi<\/a><\/li>\n<li> <a href=\"https:\/\/moverdb.com\/lv\/moving-to-israel\/best-places-to-live-israel\/\">13 lab\u0101k\u0101s vietas dz\u012bvo\u0161anai Izra\u0113l\u0101<\/a><\/li>\n<li> <a href=\"https:\/\/moverdb.com\/lv\/moving-to-israel\/living-in-israel\/\">21 nosl\u0113pums par dz\u012bvi Izra\u0113l\u0101, kas j\u0101zina pirms p\u0101rcel\u0161an\u0101s<\/a><\/li>\n<\/ul>","protected":false},"excerpt":{"rendered":"<p>Moving your home or business can be stressful so employing the services of a moving company could reduce the workload and ease the move. So below we have compiled a list of Israel based removal companies that are members of the International Association of Movers (IAM) and\/or FIDI Accredited International Mover (FAIM) who could assist [&hellip;]<\/p>\n","protected":false},"author":4,"featured_media":0,"parent":190,"menu_order":0,"comment_status":"closed","ping_status":"closed","template":"","meta":{"_genesis_hide_title":false,"_genesis_hide_breadcrumbs":false,"_genesis_hide_singular_image":false,"_genesis_hide_footer_widgets":false,"_genesis_custom_body_class":"","_genesis_custom_post_class":"","_genesis_layout":"","footnotes":""},"class_list":{"0":"post-7779","1":"page","2":"type-page","3":"status-publish","5":"entry","6":"has-post-thumbnail"},"_links":{"self":[{"href":"https:\/\/moverdb.com\/lv\/wp-json\/wp\/v2\/pages\/7779","targetHints":{"allow":["GET"]}}],"collection":[{"href":"https:\/\/moverdb.com\/lv\/wp-json\/wp\/v2\/pages"}],"about":[{"href":"https:\/\/moverdb.com\/lv\/wp-json\/wp\/v2\/types\/page"}],"author":[{"embeddable":true,"href":"https:\/\/moverdb.com\/lv\/wp-json\/wp\/v2\/users\/4"}],"replies":[{"embeddable":true,"href":"https:\/\/moverdb.com\/lv\/wp-json\/wp\/v2\/comments?post=7779"}],"version-history":[{"count":4,"href":"https:\/\/moverdb.com\/lv\/wp-json\/wp\/v2\/pages\/7779\/revisions"}],"predecessor-version":[{"id":17076,"href":"https:\/\/moverdb.com\/lv\/wp-json\/wp\/v2\/pages\/7779\/revisions\/17076"}],"up":[{"embeddable":true,"href":"https:\/\/moverdb.com\/lv\/wp-json\/wp\/v2\/pages\/190"}],"wp:attachment":[{"href":"https:\/\/moverdb.com\/lv\/wp-json\/wp\/v2\/media?parent=7779"}],"curies":[{"name":"wp","href":"https:\/\/api.w.org\/{rel}","templated":true}]}}