{"id":7525,"date":"2023-02-01T14:03:46","date_gmt":"2023-02-01T14:03:46","guid":{"rendered":"https:\/\/moverdb.com\/?page_id=7525"},"modified":"2026-01-08T15:25:10","modified_gmt":"2026-01-08T15:25:10","slug":"parvietojas-uznemumi-iran","status":"publish","type":"page","link":"https:\/\/moverdb.com\/lv\/moving-companies\/moving-companies-iran\/","title":{"rendered":"5 Lab\u0101kie starptautisk\u0101s p\u0101rcel\u0161an\u0101s uz\u0146\u0113mumi Ir\u0101n\u0101"},"content":{"rendered":"<p>Vai pl\u0101nojat p\u0101rcelties? Neatkar\u012bgi no t\u0101, vai p\u0101rce\u013caties uz citu m\u0101jokli un\/vai uz\u0146\u0113mumu, j\u016bs, iesp\u0113jams, v\u0113laties sa\u0146emt pal\u012bdz\u012bbu, lai mazin\u0101tu spriedzi, un tie\u0161i \u0161aj\u0101 gad\u012bjum\u0101 jums ir nepiecie\u0161ams <a href=\"https:\/\/moverdb.com\/lv\/moving-companies\/\" data-internallinksmanager029f6b8e52c=\"79\" title=\"Top 25 Starptautiskie p\u0101rcel\u0161an\u0101s uz\u0146\u0113mumi tie\u0161saist\u0113\">P\u0101rvieto\u0161an\u0101s uz\u0146\u0113mums<\/a> var pal\u012bdz\u0113t. Zem\u0101k m\u0113s esam apkopoju\u0161i sarakstu ar Ir\u0101n\u0101 b\u0101z\u0113t\u0101m <a href=\"https:\/\/moverdb.com\/lv\/international-removals\/\" data-internallinksmanager029f6b8e52c=\"27\" title=\"36 Lab\u0101kie starptautisko p\u0101rvad\u0101jumu uz\u0146\u0113mumi Apvienotaj\u0101 Karalist\u0113\">p\u0101rv\u0101k\u0161an\u0101s uz\u0146\u0113mumi<\/a> kas ir <a href=\"https:\/\/moverdb.com\/lv\/iam\/\" data-internallinksmanager029f6b8e52c=\"23\" title=\"Starptautisk\u0101s P\u0101rv\u0101c\u0113ju asoci\u0101cijas (IAM) skaidrojumi\">Starptautisk\u0101 P\u0101rv\u0101c\u0113ju asoci\u0101cija<\/a> (IAM) un\/vai <a href=\"https:\/\/moverdb.com\/lv\/fidi-faim\/\" data-internallinksmanager029f6b8e52c=\"16\" title=\"FIDI un FAIM (FIDI akredit\u0113tais starptautiskais p\u0101rvietot\u0101js) skaidrojums\">FIDI<\/a> Akredit\u0113ti starptautiskie p\u0101rv\u0101c\u0113ji (FAIM), kas var\u0113tu jums pal\u012bdz\u0113t p\u0101rcelties.<\/p>\n<div id=\"ez-toc-container\" class=\"ez-toc-v2_0_82_2 ez-toc-wrap-left counter-hierarchy ez-toc-counter ez-toc-transparent ez-toc-container-direction\">\n<div class=\"ez-toc-title-container\">\n<p class=\"ez-toc-title\" style=\"cursor:inherit\">Sada\u013cas<\/p>\n<span class=\"ez-toc-title-toggle\"><a href=\"#\" class=\"ez-toc-pull-right ez-toc-btn ez-toc-btn-xs ez-toc-btn-default ez-toc-toggle\" aria-label=\"P\u0101rsl\u0113gt satura tabulu\"><span class=\"ez-toc-js-icon-con\"><span class=\"\"><span class=\"eztoc-hide\" style=\"display:none;\">P\u0101rsl\u0113gt<\/span><span class=\"ez-toc-icon-toggle-span\"><svg style=\"fill: #999;color:#999\" xmlns=\"http:\/\/www.w3.org\/2000\/svg\" class=\"list-377408\" width=\"20px\" height=\"20px\" viewbox=\"0 0 24 24\" fill=\"none\"><path d=\"M6 6H4v2h2V6zm14 0H8v2h12V6zM4 11h2v2H4v-2zm16 0H8v2h12v-2zM4 16h2v2H4v-2zm16 0H8v2h12v-2z\" fill=\"currentColor\"><\/path><\/svg><svg style=\"fill: #999;color:#999\" class=\"arrow-unsorted-368013\" xmlns=\"http:\/\/www.w3.org\/2000\/svg\" width=\"10px\" height=\"10px\" viewbox=\"0 0 24 24\" version=\"1.2\" baseprofile=\"tiny\"><path d=\"M18.2 9.3l-6.2-6.3-6.2 6.3c-.2.2-.3.4-.3.7s.1.5.3.7c.2.2.4.3.7.3h11c.3 0 .5-.1.7-.3.2-.2.3-.5.3-.7s-.1-.5-.3-.7zM5.8 14.7l6.2 6.3 6.2-6.3c.2-.2.3-.5.3-.7s-.1-.5-.3-.7c-.2-.2-.4-.3-.7-.3h-11c-.3 0-.5.1-.7.3-.2.2-.3.5-.3.7s.1.5.3.7z\"\/><\/svg><\/span><\/span><\/span><\/a><\/span><\/div>\n<nav><ul class='ez-toc-list ez-toc-list-level-1 eztoc-toggle-hide-by-default' ><li class='ez-toc-page-1 ez-toc-heading-level-2'><a class=\"ez-toc-link ez-toc-heading-1\" href=\"https:\/\/moverdb.com\/lv\/moving-companies\/moving-companies-iran\/#1_Barad_Air_Sea_Co\" >1. Barad Air &amp; Sea Co<\/a><\/li><li class='ez-toc-page-1 ez-toc-heading-level-2'><a class=\"ez-toc-link ez-toc-heading-2\" href=\"https:\/\/moverdb.com\/lv\/moving-companies\/moving-companies-iran\/#2_Kar_Kia_Co_Ltd\" >2. Kar Kia Co Ltd<\/a><\/li><li class='ez-toc-page-1 ez-toc-heading-level-2'><a class=\"ez-toc-link ez-toc-heading-3\" href=\"https:\/\/moverdb.com\/lv\/moving-companies\/moving-companies-iran\/#3_Simorgh_Pack_Express\" >3. Simorgh Pack Express<\/a><\/li><li class='ez-toc-page-1 ez-toc-heading-level-2'><a class=\"ez-toc-link ez-toc-heading-4\" href=\"https:\/\/moverdb.com\/lv\/moving-companies\/moving-companies-iran\/#4_Simorgh_Pack\" >4. Simorgh Pack<\/a><\/li><li class='ez-toc-page-1 ez-toc-heading-level-2'><a class=\"ez-toc-link ez-toc-heading-5\" href=\"https:\/\/moverdb.com\/lv\/moving-companies\/moving-companies-iran\/#5_Unipack\" >5. Unipack<\/a><\/li><\/ul><\/nav><\/div>\n<h2><span class=\"ez-toc-section\" id=\"1_Barad_Air_Sea_Co\"><\/span><strong>1. Barad Air &amp; Sea Co<\/strong><span class=\"ez-toc-section-end\"><\/span><\/h2>\n<p><img loading=\"lazy\" decoding=\"async\" class=\"alignnone size-full wp-image-7418\" src=\"https:\/\/moverdb.com\/wp-content\/uploads\/Barad-international-moving-company.png\" alt=\"Barad starptautisk\u0101 p\u0101rcel\u0161an\u0101s uz\u0146\u0113mums\" width=\"1440\" height=\"687\" data-wp-pid=\"7418\" srcset=\"https:\/\/moverdb.com\/wp-content\/uploads\/Barad-international-moving-company.png 1440w, https:\/\/moverdb.com\/wp-content\/uploads\/Barad-international-moving-company-300x143.png 300w, https:\/\/moverdb.com\/wp-content\/uploads\/Barad-international-moving-company-1024x489.png 1024w, https:\/\/moverdb.com\/wp-content\/uploads\/Barad-international-moving-company-18x9.png 18w, https:\/\/moverdb.com\/wp-content\/uploads\/Barad-international-moving-company-600x286.png 600w\" sizes=\"auto, (max-width: 1440px) 100vw, 1440px\" \/><\/p>\n<ul>\n<li>Valsts p\u0101rcel\u0161an\u0101s<\/li>\n<li>Starptautiskie p\u0101rvadi<\/li>\n<li>M\u0101jsaimniec\u012bbas p\u0101rv\u0101k\u0161an\u0101s<\/li>\n<li>Biroju p\u0101rcel\u0161an\u0101s<\/li>\n<li>Specializ\u0113ti kontu mened\u017eeri<\/li>\n<li>Profesion\u0101ls iepako\u0161anas pakalpojums<\/li>\n<li>Autotransports, j\u016bras un gaisa transports<\/li>\n<li>Muito\u0161ana<\/li>\n<li>M\u0101kslas darbu transport\u0113\u0161ana<\/li>\n<li>\u012astermi\u0146a l\u012bdz ilgtermi\u0146a uzglab\u0101\u0161ana<\/li>\n<\/ul>\n<p>Barad ir autotransporta un lo\u0123istikas uz\u0146\u0113mums, kas pied\u0101v\u0101 p\u0101rcel\u0161an\u0101s risin\u0101jumus Ir\u0101n\u0101 un vair\u0101k nek\u0101 150 valst\u012bs vis\u0101 pasaul\u0113, izmantojot p\u0101rcel\u0161an\u0101s partneru t\u012bklu. Uz\u0146\u0113mums pied\u0101v\u0101 ar\u012b kravu eksped\u012bcijas, noliktavu pakalpojumus un muito\u0161anas pakalpojumus. Uz\u0146\u0113mums ir ar\u012b IAM biedrs.<\/p>\n<p>Barad nodro\u0161ina \u012bpa\u0161u klientu apkalpo\u0161anas mened\u017eeri, lai pal\u012bdz\u0113tu ar j\u016bsu transporta vajadz\u012bb\u0101m. Vi\u0146i pied\u0101v\u0101 p\u0101rcel\u0161an\u0101s pakalpojumus \"no durv\u012bm l\u012bdz durv\u012bm\", ko var veikt pa autoce\u013ciem, j\u016bru vai gaisu un kas ietver ar\u012b muito\u0161anu. Vi\u0146i nodro\u0161ina profesion\u0101lu iepako\u0161anas pakalpojumu, kas ietver iesai\u0146o\u0161anu, izpako\u0161anu un gru\u017eu izve\u0161anu. Vi\u0146i r\u016bp\u0113jas par person\u012bgo mantu, lieko bag\u0101\u017eu, m\u0101kslas darbiem, biroja apr\u012bkojumu un v\u0113stniec\u012bb\u0101m.<\/p>\n<p>T\u012bmek\u013ca vietne: <a href=\"http:\/\/baradairsea.com\" target=\"_blank\" rel=\"noopener\">http:\/\/baradairsea.com<\/a><\/p>\n<h2><span class=\"ez-toc-section\" id=\"2_Kar_Kia_Co_Ltd\"><\/span><strong>2. Kar Kia Co Ltd<\/strong><span class=\"ez-toc-section-end\"><\/span><\/h2>\n<p><img loading=\"lazy\" decoding=\"async\" class=\"alignnone size-full wp-image-7526\" src=\"https:\/\/moverdb.com\/wp-content\/uploads\/Kat-Kia-international-moving-company.png\" alt=\"Kat Kia starptautisks p\u0101rvietojas uz\u0146\u0113mums\" width=\"1440\" height=\"680\" data-wp-pid=\"7526\" srcset=\"https:\/\/moverdb.com\/wp-content\/uploads\/Kat-Kia-international-moving-company.png 1440w, https:\/\/moverdb.com\/wp-content\/uploads\/Kat-Kia-international-moving-company-300x142.png 300w, https:\/\/moverdb.com\/wp-content\/uploads\/Kat-Kia-international-moving-company-1024x484.png 1024w, https:\/\/moverdb.com\/wp-content\/uploads\/Kat-Kia-international-moving-company-18x9.png 18w, https:\/\/moverdb.com\/wp-content\/uploads\/Kat-Kia-international-moving-company-600x283.png 600w\" sizes=\"auto, (max-width: 1440px) 100vw, 1440px\" \/><\/p>\n<ul>\n<li>Valsts p\u0101rcel\u0161an\u0101s<\/li>\n<li>Starptautiskie p\u0101rvadi<\/li>\n<li>M\u0101jsaimniec\u012bbas p\u0101rv\u0101k\u0161an\u0101s<\/li>\n<li>Pakalpojums \"no durv\u012bm l\u012bdz durv\u012bm<\/li>\n<li>Iepako\u0161anas pakalpojums<\/li>\n<li>Transport\u0113\u0161ana pa sauszemi, j\u016bru vai gaisu<\/li>\n<li>Muito\u0161ana<\/li>\n<li>T\u0113lot\u0101jm\u0101kslas transports<\/li>\n<li>Apdro\u0161in\u0101\u0161ana<\/li>\n<li>Uzglab\u0101\u0161ana<\/li>\n<\/ul>\n<p>Kar Kia ir p\u0101rvieto\u0161an\u0101s un uzglab\u0101\u0161anas uz\u0146\u0113mums Teher\u0101n\u0101, kas pied\u0101v\u0101 p\u0101rvieto\u0161an\u0101s risin\u0101jumus Teher\u0101n\u0101, vis\u0101 Ir\u0101n\u0101, k\u0101 ar\u012b starptautiskos p\u0101rvad\u0101jumus uz Ir\u0101nu un no t\u0101s. Uz\u0146\u0113mumu atbalsta p\u0101rcel\u0161an\u0101s a\u0123entu t\u012bkls vis\u0101 pasaul\u0113, un tas ir IAM biedrs ar 39 gadu darba st\u0101\u017eu.<\/p>\n<p>Kar Kia pied\u0101v\u0101 m\u0101jsaimniec\u012bbas p\u0101rcel\u0161an\u0101s pakalpojumus no durv\u012bm l\u012bdz durv\u012bm, kas ietver visu j\u016bsu mantu dro\u0161u iesai\u0146o\u0161anu transport\u0113\u0161anai. Vi\u0146i organiz\u0113s j\u016bsu mantu transport\u0113\u0161anu uz galam\u0113r\u0137i pa autoce\u013ciem, j\u016bru vai gaisu, k\u0101 ar\u012b pal\u012bdz\u0113s veikt importa un eksporta muito\u0161anu. Vi\u0146i pied\u0101v\u0101 ar\u012b papildu pakalpojumus, kas ietver m\u0101kslas priek\u0161metu p\u0101rvieto\u0161anu, apdro\u0161in\u0101\u0161anu un uzglab\u0101\u0161anu.<\/p>\n<p>T\u012bmek\u013ca vietne: <a href=\"http:\/\/www.karkiamovers.com\" target=\"_blank\" rel=\"noopener\">http:\/\/www.karkiamovers.com<\/a><\/p>\n<h2><span class=\"ez-toc-section\" id=\"3_Simorgh_Pack_Express\"><\/span><strong>3. <\/strong><strong>Simorgh Pack Express<\/strong><span class=\"ez-toc-section-end\"><\/span><\/h2>\n<p><img loading=\"lazy\" decoding=\"async\" class=\"alignnone size-full wp-image-7486\" src=\"https:\/\/moverdb.com\/wp-content\/uploads\/Simorgh-Pack-Express-international-moving-company.png\" alt=\"Simorgh Pack Express starptautiskais p\u0101rcel\u0161an\u0101s uz\u0146\u0113mums\" width=\"1440\" height=\"678\" data-wp-pid=\"7486\" srcset=\"https:\/\/moverdb.com\/wp-content\/uploads\/Simorgh-Pack-Express-international-moving-company.png 1440w, https:\/\/moverdb.com\/wp-content\/uploads\/Simorgh-Pack-Express-international-moving-company-300x141.png 300w, https:\/\/moverdb.com\/wp-content\/uploads\/Simorgh-Pack-Express-international-moving-company-1024x482.png 1024w, https:\/\/moverdb.com\/wp-content\/uploads\/Simorgh-Pack-Express-international-moving-company-18x8.png 18w, https:\/\/moverdb.com\/wp-content\/uploads\/Simorgh-Pack-Express-international-moving-company-600x283.png 600w\" sizes=\"auto, (max-width: 1440px) 100vw, 1440px\" \/><\/p>\n<ul>\n<li>Valsts p\u0101rcel\u0161an\u0101s<\/li>\n<li>Starptautiskie p\u0101rvadi<\/li>\n<li>M\u0101jsaimniec\u012bbas p\u0101rv\u0101k\u0161an\u0101s<\/li>\n<li>Apsekojums m\u0101j\u0101s<\/li>\n<li>Iepako\u0161anas pakalpojums<\/li>\n<li>J\u016bras, gaisa un sauszemes transports<\/li>\n<li>Muitas pal\u012bdz\u012bba<\/li>\n<li>Transportl\u012bdzek\u013cu transport\u0113\u0161ana<\/li>\n<li>Apdro\u0161in\u0101\u0161ana<\/li>\n<li>Uzglab\u0101\u0161anas iek\u0101rtas<\/li>\n<\/ul>\n<p>Simorgh Pack Express ir p\u0101rvieto\u0161an\u0101s uz\u0146\u0113mums, kas atrodas Teher\u0101n\u0101. Uz\u0146\u0113mumam ir sadarb\u012bbas partneru t\u012bkls vis\u0101 pasaul\u0113, kas pal\u012bdz veikt starptautiskus p\u0101rv\u0101k\u0161an\u0101s darbus jebkur\u0101 pasaules viet\u0101. Uz\u0146\u0113mums ir IAM biedrs ar 31 gadu darba st\u0101\u017eu.<\/p>\n<p>Simorgh Pack Express koordin\u0113s visu j\u016bsu p\u0101rcel\u0161anos un nodro\u0161in\u0101s, lai t\u0101 norit\u0113tu bez sare\u017e\u0123\u012bjumiem neatkar\u012bgi no t\u0101, vai p\u0101rce\u013caties uz vietas vai vis\u0101 pasaul\u0113. Vi\u0146i nodro\u0161ina apm\u0101c\u012btus darbiniekus, kas, izmantojot augstas kvalit\u0101tes materi\u0101lus, dro\u0161i iesai\u0146os j\u016bsu mantas, lai aizsarg\u0101tu t\u0101s p\u0101rvad\u0101\u0161anas laik\u0101. Vi\u0146i apstr\u0101d\u0101s j\u016bsu s\u016bt\u012bjumu pa sauszemi, gaisu vai j\u016bru un nodro\u0161in\u0101s, ka tiek atrasts lab\u0101kais risin\u0101jums j\u016bsu vajadz\u012bb\u0101m un viszem\u0101k\u0101 maksa.<\/p>\n<p>T\u012bmek\u013ca vietne: <a href=\"http:\/\/www.simorghpackexpress.com\" target=\"_blank\" rel=\"noopener\">http:\/\/www.simorghpackexpress.com<\/a><\/p>\n<h2><span class=\"ez-toc-section\" id=\"4_Simorgh_Pack\"><\/span><strong>4. Simorgh Pack<\/strong><span class=\"ez-toc-section-end\"><\/span><\/h2>\n<p><img loading=\"lazy\" decoding=\"async\" class=\"alignnone size-full wp-image-7487\" src=\"https:\/\/moverdb.com\/wp-content\/uploads\/Simorgh-Pack-international-moving-company.png\" alt=\"Simorgh Pack starptautisks p\u0101rvietojas uz\u0146\u0113mums\" width=\"1440\" height=\"680\" data-wp-pid=\"7487\" srcset=\"https:\/\/moverdb.com\/wp-content\/uploads\/Simorgh-Pack-international-moving-company.png 1440w, https:\/\/moverdb.com\/wp-content\/uploads\/Simorgh-Pack-international-moving-company-300x142.png 300w, https:\/\/moverdb.com\/wp-content\/uploads\/Simorgh-Pack-international-moving-company-1024x484.png 1024w, https:\/\/moverdb.com\/wp-content\/uploads\/Simorgh-Pack-international-moving-company-18x9.png 18w, https:\/\/moverdb.com\/wp-content\/uploads\/Simorgh-Pack-international-moving-company-600x283.png 600w\" sizes=\"auto, (max-width: 1440px) 100vw, 1440px\" \/><\/p>\n<ul>\n<li>Viet\u0113jie un viet\u0113jie p\u0101rvadi<\/li>\n<li>Starptautiskie p\u0101rvadi<\/li>\n<li>M\u0101jsaimniec\u012bbas p\u0101rv\u0101k\u0161an\u0101s<\/li>\n<li>Komerci\u0101lie p\u0101rvadi<\/li>\n<li>Pakalpojums \"no durv\u012bm l\u012bdz durv\u012bm<\/li>\n<li>Profesion\u0101la iepako\u0161ana<\/li>\n<li>Transport\u0113\u0161ana pa sauszemi, gaisu vai j\u016bru<\/li>\n<li>Transportl\u012bdzek\u013cu transport\u0113\u0161ana<\/li>\n<li>Apdro\u0161in\u0101\u0161ana<\/li>\n<li>Dro\u0161as uzglab\u0101\u0161anas telpas<\/li>\n<\/ul>\n<p>Simorgh Pack ir glob\u0101ls p\u0101rcel\u0161an\u0101s uz\u0146\u0113mums, kas pal\u012bdz cilv\u0113kiem p\u0101rcelties jau kop\u0161 1992. gada un atrodas Teher\u0101n\u0101. Uz\u0146\u0113mumam ir transporta un p\u0101rcel\u0161an\u0101s a\u0123entu un speci\u0101listu atbalsta t\u012bkls vis\u0101 pasaul\u0113. Uz\u0146\u0113mums ir IAM biedrs ar 31 gadu darba st\u0101\u017eu.<\/p>\n<p>Simorgh Pack nodro\u0161ina \u012bpa\u0161u p\u0101rv\u0101k\u0161an\u0101s koordinatoru, kas j\u016bs atbalst\u012bs ik uz so\u013ca. Tas s\u0101kas ar s\u0101kotn\u0113jo apsekojumu, lai nov\u0113rt\u0113tu j\u016bsu vajadz\u012bbas, un p\u0113c tam vi\u0146i atrad\u012bs lab\u0101kos mar\u0161rutus par atbilsto\u0161\u0101m cen\u0101m. Vi\u0146u profesion\u0101lie pakot\u0101ji iesai\u0146os j\u016bsu mantas transport\u0113\u0161anai pa sauszemi, gaisu vai j\u016bru, sagatavojot detaliz\u0113tu invent\u0101ra sarakstu.<\/p>\n<p>T\u012bmek\u013ca vietne: <a href=\"http:\/\/www.simorghpack.com\" target=\"_blank\" rel=\"noopener\">http:\/\/www.simorghpack.com<\/a><\/p>\n<h2><span class=\"ez-toc-section\" id=\"5_Unipack\"><\/span><strong>5. Unipack<\/strong><span class=\"ez-toc-section-end\"><\/span><\/h2>\n<p><img loading=\"lazy\" decoding=\"async\" class=\"alignnone size-full wp-image-7494\" src=\"https:\/\/moverdb.com\/wp-content\/uploads\/Unipack-international-moving-company-1.png\" alt=\"Unipack starptautiskais p\u0101rvieto\u0161an\u0101s uz\u0146\u0113mums\" width=\"1440\" height=\"681\" data-wp-pid=\"7494\" srcset=\"https:\/\/moverdb.com\/wp-content\/uploads\/Unipack-international-moving-company-1.png 1440w, https:\/\/moverdb.com\/wp-content\/uploads\/Unipack-international-moving-company-1-300x142.png 300w, https:\/\/moverdb.com\/wp-content\/uploads\/Unipack-international-moving-company-1-1024x484.png 1024w, https:\/\/moverdb.com\/wp-content\/uploads\/Unipack-international-moving-company-1-18x9.png 18w, https:\/\/moverdb.com\/wp-content\/uploads\/Unipack-international-moving-company-1-600x284.png 600w\" sizes=\"auto, (max-width: 1440px) 100vw, 1440px\" \/><\/p>\n<ul>\n<li>Starptautiskie p\u0101rvadi<\/li>\n<li>M\u0101jsaimniec\u012bbas p\u0101rv\u0101k\u0161an\u0101s<\/li>\n<li>Komerci\u0101lo un biroju p\u0101rvieto\u0161ana<\/li>\n<li>Pakalpojums \"no durv\u012bm l\u012bdz durv\u012bm<\/li>\n<li>Iepako\u0161anas pakalpojumi<\/li>\n<li>Muitas formalit\u0101tes<\/li>\n<li>Sauszemes, j\u016bras un gaisa transports<\/li>\n<li>M\u0101jdz\u012bvnieku p\u0101rvad\u0101\u0161ana<\/li>\n<li>Transportl\u012bdzek\u013cu transport\u0113\u0161ana<\/li>\n<li>Uzglab\u0101\u0161anas iek\u0101rtas<\/li>\n<\/ul>\n<p>Unipack ir starptautisks iepako\u0161anas un eksped\u012bcijas uz\u0146\u0113mums Ir\u0101n\u0101, kas dibin\u0101ts 1975. gad\u0101. Uz\u0146\u0113mums sadarbojas ar izv\u0113l\u0113tu starptautisku p\u0101rcel\u0161an\u0101s un p\u0101rcel\u0161an\u0101s partneru t\u012bklu vis\u0101 pasaul\u0113, lai nodro\u0161in\u0101tu p\u0101rcel\u0161anos jebkur\u0101 viet\u0101. Uz\u0146\u0113mums ir IAM biedrs ar 49 gadu darba st\u0101\u017eu.<\/p>\n<p>Unipack pied\u0101v\u0101 pla\u0161u transporta pakalpojumu kl\u0101stu, tostarp m\u0101jsaimniec\u012bbas pre\u010du, izst\u0101\u017eu pre\u010du, m\u0101kslas priek\u0161metu, transportl\u012bdzek\u013cu, m\u0101jdz\u012bvnieku, mirst\u012bgo dz\u012bvnieku un biroju p\u0101rvieto\u0161anu. Vi\u0146i sniedz p\u0101rcel\u0161an\u0101s pakalpojumus no durv\u012bm l\u012bdz durv\u012bm, kas ietver dro\u0161u mantu iesai\u0146o\u0161anu un trauslu priek\u0161metu iepako\u0161anu koka kast\u0113s. Vi\u0146i organiz\u0113 p\u0101rvad\u0101jumus pa sauszemi, gaisu un j\u016bru un nok\u0101rto muitas formalit\u0101tes.<\/p>\n<p>T\u012bmek\u013ca vietne: <a href=\"http:\/\/www.unipack.ir\" target=\"_blank\" rel=\"noopener\">http:\/\/www.unipack.ir<\/a><\/p>","protected":false},"excerpt":{"rendered":"<p>Are you planning on moving? Whether you are moving home and\/or business, you might want some help to reduce the pressure which is where a moving company can help. Below we have compiled a list of Iran based removal companies that are members of the International Association of Movers (IAM) and\/or FIDI Accredited International Mover [&hellip;]<\/p>\n","protected":false},"author":4,"featured_media":0,"parent":190,"menu_order":0,"comment_status":"closed","ping_status":"closed","template":"","meta":{"_genesis_hide_title":false,"_genesis_hide_breadcrumbs":false,"_genesis_hide_singular_image":false,"_genesis_hide_footer_widgets":false,"_genesis_custom_body_class":"","_genesis_custom_post_class":"","_genesis_layout":"","footnotes":""},"class_list":{"0":"post-7525","1":"page","2":"type-page","3":"status-publish","5":"entry","6":"has-post-thumbnail"},"_links":{"self":[{"href":"https:\/\/moverdb.com\/lv\/wp-json\/wp\/v2\/pages\/7525","targetHints":{"allow":["GET"]}}],"collection":[{"href":"https:\/\/moverdb.com\/lv\/wp-json\/wp\/v2\/pages"}],"about":[{"href":"https:\/\/moverdb.com\/lv\/wp-json\/wp\/v2\/types\/page"}],"author":[{"embeddable":true,"href":"https:\/\/moverdb.com\/lv\/wp-json\/wp\/v2\/users\/4"}],"replies":[{"embeddable":true,"href":"https:\/\/moverdb.com\/lv\/wp-json\/wp\/v2\/comments?post=7525"}],"version-history":[{"count":1,"href":"https:\/\/moverdb.com\/lv\/wp-json\/wp\/v2\/pages\/7525\/revisions"}],"predecessor-version":[{"id":7527,"href":"https:\/\/moverdb.com\/lv\/wp-json\/wp\/v2\/pages\/7525\/revisions\/7527"}],"up":[{"embeddable":true,"href":"https:\/\/moverdb.com\/lv\/wp-json\/wp\/v2\/pages\/190"}],"wp:attachment":[{"href":"https:\/\/moverdb.com\/lv\/wp-json\/wp\/v2\/media?parent=7525"}],"curies":[{"name":"wp","href":"https:\/\/api.w.org\/{rel}","templated":true}]}}