{"id":7518,"date":"2023-02-01T14:01:41","date_gmt":"2023-02-01T14:01:41","guid":{"rendered":"https:\/\/moverdb.com\/?page_id=7518"},"modified":"2026-01-08T15:23:44","modified_gmt":"2026-01-08T15:23:44","slug":"parvietojas-uznemumi-hondurasa","status":"publish","type":"page","link":"https:\/\/moverdb.com\/lv\/moving-companies\/moving-companies-honduras\/","title":{"rendered":"2 Lab\u0101kie starptautisk\u0101s p\u0101rcel\u0161an\u0101s uz\u0146\u0113mumi Honduras\u0101"},"content":{"rendered":"<p>P\u0101rcel\u0161an\u0101s var b\u016bt sare\u017e\u0123\u012bts un stresa pilns laiks, t\u0101p\u0113c, ja pl\u0101nojat p\u0101rcel\u0161anos uz Hondurasu, no t\u0101s vai t\u0101s iek\u0161ien\u0113, jums var b\u016bt nepiecie\u0161ama pal\u012bdz\u012bba no <a href=\"https:\/\/moverdb.com\/lv\/moving-companies\/\" data-internallinksmanager029f6b8e52c=\"79\" title=\"Top 25 Starptautiskie p\u0101rcel\u0161an\u0101s uz\u0146\u0113mumi tie\u0161saist\u0113\">P\u0101rvieto\u0161an\u0101s uz\u0146\u0113mums<\/a>. Zem\u0101k m\u0113s esam apkopoju\u0161i sarakstu ar Honduras\u0101 b\u0101z\u0113t\u0101m <a href=\"https:\/\/moverdb.com\/lv\/international-removals\/\" data-internallinksmanager029f6b8e52c=\"27\" title=\"36 Lab\u0101kie starptautisko p\u0101rvad\u0101jumu uz\u0146\u0113mumi Apvienotaj\u0101 Karalist\u0113\">p\u0101rv\u0101k\u0161an\u0101s uz\u0146\u0113mumi<\/a> kas ir <a href=\"https:\/\/moverdb.com\/lv\/iam\/\" data-internallinksmanager029f6b8e52c=\"23\" title=\"Starptautisk\u0101s P\u0101rv\u0101c\u0113ju asoci\u0101cijas (IAM) skaidrojumi\">Starptautisk\u0101 P\u0101rv\u0101c\u0113ju asoci\u0101cija<\/a> (IAM) un\/vai <a href=\"https:\/\/moverdb.com\/lv\/fidi-faim\/\" data-internallinksmanager029f6b8e52c=\"16\" title=\"FIDI un FAIM (FIDI akredit\u0113tais starptautiskais p\u0101rvietot\u0101js) skaidrojums\">FIDI<\/a> Akredit\u0113ti starptautiskie p\u0101rv\u0101c\u0113ji (FAIM), kas var\u0113tu pal\u012bdz\u0113t j\u016bsu p\u0101rcel\u0161an\u0101s proces\u0101.<\/p>\n<h2><strong>1. Mudanzas International<\/strong><\/h2>\n<p><img loading=\"lazy\" decoding=\"async\" class=\"alignnone size-full wp-image-7471\" src=\"https:\/\/moverdb.com\/wp-content\/uploads\/Mudanzas-International-moving-company.png\" alt=\"Mudanzas Starptautiskais p\u0101rvieto\u0161an\u0101s uz\u0146\u0113mums\" width=\"1440\" height=\"681\" data-wp-pid=\"7471\" srcset=\"https:\/\/moverdb.com\/wp-content\/uploads\/Mudanzas-International-moving-company.png 1440w, https:\/\/moverdb.com\/wp-content\/uploads\/Mudanzas-International-moving-company-300x142.png 300w, https:\/\/moverdb.com\/wp-content\/uploads\/Mudanzas-International-moving-company-1024x484.png 1024w, https:\/\/moverdb.com\/wp-content\/uploads\/Mudanzas-International-moving-company-18x9.png 18w, https:\/\/moverdb.com\/wp-content\/uploads\/Mudanzas-International-moving-company-600x284.png 600w\" sizes=\"auto, (max-width: 1440px) 100vw, 1440px\" \/><\/p>\n<ul>\n<li>Valsts p\u0101rcel\u0161an\u0101s<\/li>\n<li>Starptautiskie p\u0101rvadi<\/li>\n<li>M\u0101jsaimniec\u012bbas p\u0101rv\u0101k\u0161an\u0101s<\/li>\n<li>Pakalpojums \"no durv\u012bm l\u012bdz durv\u012bm<\/li>\n<li>Profesion\u0101ls iepako\u0161anas pakalpojums<\/li>\n<li>Pa\u0161u transportl\u012bdzek\u013cu parks<\/li>\n<li>Autotransporta, j\u016bras un gaisa kravu p\u0101rvad\u0101jumi<\/li>\n<li>Muitas atbalsts<\/li>\n<li>Transportl\u012bdzek\u013cu transport\u0113\u0161ana<\/li>\n<li>Uzglab\u0101\u0161anas iesp\u0113ju izv\u0113le<\/li>\n<\/ul>\n<p>Mudanzas International ir starptautisks p\u0101rcel\u0161an\u0101s, iepako\u0161anas un uzglab\u0101\u0161anas uz\u0146\u0113mums ar vair\u0101k nek\u0101 25 gadu pieredzi. Uz\u0146\u0113mums ir IAM biedrs ar 32 gadu darba st\u0101\u017eu, kas nodro\u0161ina piek\u013cuvi starptautiskajam p\u0101rcel\u0161an\u0101s a\u0123entu t\u012bklam, lai pal\u012bdz\u0113tu p\u0101rcelties uz \u0101rzem\u0113m.<\/p>\n<p>Mudanzas International pied\u0101v\u0101 personaliz\u0113tus p\u0101rcel\u0161an\u0101s pakalpojumus valsts un starptautiskiem p\u0101rbraucieniem, sniedzot pakalpojumus \"no durv\u012bm l\u012bdz durv\u012bm\". Vi\u0146i sniedz profesion\u0101lu iepako\u0161anas pakalpojumu, lai aizsarg\u0101tu j\u016bsu mantas p\u0101rvad\u0101\u0161anas laik\u0101. Vi\u0146i var organiz\u0113t p\u0101rvad\u0101jumus pa autoce\u013ciem, izmantojot savu autoparku, gaisa un j\u016bras transportu, k\u0101 ar\u012b sniegt atbalstu muitas pakalpojumu jom\u0101. Vi\u0146i var nodro\u0161in\u0101t ar\u012b transportl\u012bdzek\u013cu un motociklu transport\u0113\u0161anu.<\/p>\n<p>T\u012bmek\u013ca vietne: <a href=\"http:\/\/www.mudanzasinternational.net\" target=\"_blank\" rel=\"noopener\">http:\/\/www.mudanzasinternational.net<\/a><\/p>\n<h2><strong>2. Mudanzas gaisa transports<\/strong><\/h2>\n<p><img loading=\"lazy\" decoding=\"async\" class=\"alignnone size-full wp-image-7470\" src=\"https:\/\/moverdb.com\/wp-content\/uploads\/Mudanzas-Airlift-international-moving-company.png\" alt=\"Mudanzas Airlift starptautiskais p\u0101rvieto\u0161an\u0101s uz\u0146\u0113mums\" width=\"1440\" height=\"678\" data-wp-pid=\"7470\" srcset=\"https:\/\/moverdb.com\/wp-content\/uploads\/Mudanzas-Airlift-international-moving-company.png 1440w, https:\/\/moverdb.com\/wp-content\/uploads\/Mudanzas-Airlift-international-moving-company-300x141.png 300w, https:\/\/moverdb.com\/wp-content\/uploads\/Mudanzas-Airlift-international-moving-company-1024x482.png 1024w, https:\/\/moverdb.com\/wp-content\/uploads\/Mudanzas-Airlift-international-moving-company-18x8.png 18w, https:\/\/moverdb.com\/wp-content\/uploads\/Mudanzas-Airlift-international-moving-company-600x283.png 600w\" sizes=\"auto, (max-width: 1440px) 100vw, 1440px\" \/><\/p>\n<ul>\n<li>Valsts p\u0101rcel\u0161an\u0101s<\/li>\n<li>Starptautiskie p\u0101rvadi<\/li>\n<li>M\u0101jsaimniec\u012bbas p\u0101rv\u0101k\u0161an\u0101s<\/li>\n<li>Pakalpojums \"no durv\u012bm l\u012bdz durv\u012bm<\/li>\n<li>Iepako\u0161anas pakalpojums<\/li>\n<li>Transport\u0113\u0161anas organiz\u0113\u0161ana<\/li>\n<li>Muito\u0161ana<\/li>\n<li>Transportl\u012bdzek\u013cu transport\u0113\u0161ana<\/li>\n<li>Apdro\u0161in\u0101\u0161ana<\/li>\n<li>Uzglab\u0101\u0161anas pakalpojums<\/li>\n<\/ul>\n<p>Mudanzas Airlift ir starptautisks p\u0101rvieto\u0161anas, transporta un lo\u0123istikas uz\u0146\u0113mums, kas dibin\u0101ts 1963. gad\u0101. T\u0101s galvenais birojs atrodas Tegucigalp\u0101, bet fili\u0101le - San Pedro Sula. Uz\u0146\u0113mums ir IAM biedrs, kas tam nodro\u0161ina starptautisku p\u0101rcel\u0161an\u0101s a\u0123entu t\u012bklu.<\/p>\n<p>Mudanzas Airlift pied\u0101v\u0101 pirms p\u0101rcel\u0161an\u0101s veikt apsekojumu, lai pal\u012bdz\u0113tu nov\u0113rt\u0113t j\u016bsu pras\u012bbas. Vi\u0146i nodro\u0161ina \"no durv\u012bm l\u012bdz durv\u012bm\" vai \"no durv\u012bm l\u012bdz durv\u012bm\".<a href=\"https:\/\/moverdb.com\/lv\/top-49-container-ports\/\" data-internallinksmanager029f6b8e52c=\"80\" title=\"49 liel\u0101kie un noslogot\u0101kie konteineru ostas 2025. gad\u0101\">osta<\/a> pakalpojums, kas ietver iepako\u0161anas un iesai\u0146o\u0161anas pakalpojumus, lai aizsarg\u0101tu j\u016bsu priek\u0161metus p\u0101rcel\u0161an\u0101s laik\u0101. Vi\u0146i organiz\u0113s j\u016bsu mantu transport\u0113\u0161anu un pal\u012bdz\u0113s veikt muito\u0161anu un apdro\u0161in\u0101\u0161anu. Vi\u0146i pied\u0101v\u0101 ar\u012b transportl\u012bdzek\u013cu transport\u0113\u0161anas un uzglab\u0101\u0161anas risin\u0101jumus, ja jums tas ir nepiecie\u0161ams.<\/p>\n<p>T\u012bmek\u013ca vietne: <a href=\"http:\/\/www.mudanzasairlift.com\" target=\"_blank\" rel=\"noopener\">http:\/\/www.mudanzasairlift.com<\/a><\/p>","protected":false},"excerpt":{"rendered":"<p>Moving can be a complicated and stressful time so if you are planning a move to, from or within Honduras, you may want the help of a moving company. Below we have compiled a list of Honduras based removal companies that are members of the International Association of Movers (IAM) and\/or FIDI Accredited International Mover [&hellip;]<\/p>\n","protected":false},"author":4,"featured_media":0,"parent":190,"menu_order":0,"comment_status":"closed","ping_status":"closed","template":"","meta":{"_genesis_hide_title":false,"_genesis_hide_breadcrumbs":false,"_genesis_hide_singular_image":false,"_genesis_hide_footer_widgets":false,"_genesis_custom_body_class":"","_genesis_custom_post_class":"","_genesis_layout":"","footnotes":""},"class_list":{"0":"post-7518","1":"page","2":"type-page","3":"status-publish","5":"entry","6":"has-post-thumbnail"},"_links":{"self":[{"href":"https:\/\/moverdb.com\/lv\/wp-json\/wp\/v2\/pages\/7518","targetHints":{"allow":["GET"]}}],"collection":[{"href":"https:\/\/moverdb.com\/lv\/wp-json\/wp\/v2\/pages"}],"about":[{"href":"https:\/\/moverdb.com\/lv\/wp-json\/wp\/v2\/types\/page"}],"author":[{"embeddable":true,"href":"https:\/\/moverdb.com\/lv\/wp-json\/wp\/v2\/users\/4"}],"replies":[{"embeddable":true,"href":"https:\/\/moverdb.com\/lv\/wp-json\/wp\/v2\/comments?post=7518"}],"version-history":[{"count":1,"href":"https:\/\/moverdb.com\/lv\/wp-json\/wp\/v2\/pages\/7518\/revisions"}],"predecessor-version":[{"id":7519,"href":"https:\/\/moverdb.com\/lv\/wp-json\/wp\/v2\/pages\/7518\/revisions\/7519"}],"up":[{"embeddable":true,"href":"https:\/\/moverdb.com\/lv\/wp-json\/wp\/v2\/pages\/190"}],"wp:attachment":[{"href":"https:\/\/moverdb.com\/lv\/wp-json\/wp\/v2\/media?parent=7518"}],"curies":[{"name":"wp","href":"https:\/\/api.w.org\/{rel}","templated":true}]}}