{"id":7514,"date":"2023-02-01T14:00:27","date_gmt":"2023-02-01T14:00:27","guid":{"rendered":"https:\/\/moverdb.com\/?page_id=7514"},"modified":"2026-01-08T15:23:43","modified_gmt":"2026-01-08T15:23:43","slug":"parvietojas-uznemumi-gvineja","status":"publish","type":"page","link":"https:\/\/moverdb.com\/lv\/moving-companies\/moving-companies-guinea\/","title":{"rendered":"2 Lab\u0101kie starptautisk\u0101s p\u0101rcel\u0161an\u0101s uz\u0146\u0113mumi Gvinej\u0101"},"content":{"rendered":"<p>Pl\u0101nojot p\u0101rcel\u0161anos uz m\u0101j\u0101m vai biroju, tas var b\u016bt stresa pilns laiks, jo ir daudz lo\u0123istikas un dokumentu k\u0101rto\u0161anas. \u0160aj\u0101 situ\u0101cij\u0101 ir nepiecie\u0161ams nol\u012bgt <a href=\"https:\/\/moverdb.com\/lv\/moving-companies\/\" data-internallinksmanager029f6b8e52c=\"79\" title=\"Top 25 Starptautiskie p\u0101rcel\u0161an\u0101s uz\u0146\u0113mumi tie\u0161saist\u0113\">P\u0101rvieto\u0161an\u0101s uz\u0146\u0113mums<\/a> var pal\u012bdz\u0113t atvieglot \u0161o slogu. Zem\u0101k m\u0113s esam apkopoju\u0161i sarakstu ar Gvinejas balst\u012btu <a href=\"https:\/\/moverdb.com\/lv\/international-removals\/\" data-internallinksmanager029f6b8e52c=\"27\" title=\"36 Lab\u0101kie starptautisko p\u0101rvad\u0101jumu uz\u0146\u0113mumi Apvienotaj\u0101 Karalist\u0113\">p\u0101rv\u0101k\u0161an\u0101s uz\u0146\u0113mumi<\/a> kas ir <a href=\"https:\/\/moverdb.com\/lv\/iam\/\" data-internallinksmanager029f6b8e52c=\"23\" title=\"Starptautisk\u0101s P\u0101rv\u0101c\u0113ju asoci\u0101cijas (IAM) skaidrojumi\">Starptautisk\u0101 P\u0101rv\u0101c\u0113ju asoci\u0101cija<\/a> (IAM) un\/vai <a href=\"https:\/\/moverdb.com\/lv\/fidi-faim\/\" data-internallinksmanager029f6b8e52c=\"16\" title=\"FIDI un FAIM (FIDI akredit\u0113tais starptautiskais p\u0101rvietot\u0101js) skaidrojums\">FIDI<\/a> Akredit\u0113ti starptautiskie p\u0101rv\u0101c\u0113ji (FAIM), kas var\u0113tu pal\u012bdz\u0113t j\u016bsu p\u0101rcel\u0161an\u0101s proces\u0101.<\/p>\n<h2><strong>1. Soguifret<\/strong><\/h2>\n<p><img loading=\"lazy\" decoding=\"async\" class=\"alignnone size-full wp-image-7489\" src=\"https:\/\/moverdb.com\/wp-content\/uploads\/Soguifret-international-moving-company.png\" alt=\"Soguifret starptautisk\u0101 p\u0101rvietojas uz\u0146\u0113mums\" width=\"1440\" height=\"679\" data-wp-pid=\"7489\" srcset=\"https:\/\/moverdb.com\/wp-content\/uploads\/Soguifret-international-moving-company.png 1440w, https:\/\/moverdb.com\/wp-content\/uploads\/Soguifret-international-moving-company-300x141.png 300w, https:\/\/moverdb.com\/wp-content\/uploads\/Soguifret-international-moving-company-1024x483.png 1024w, https:\/\/moverdb.com\/wp-content\/uploads\/Soguifret-international-moving-company-18x8.png 18w, https:\/\/moverdb.com\/wp-content\/uploads\/Soguifret-international-moving-company-600x283.png 600w\" sizes=\"auto, (max-width: 1440px) 100vw, 1440px\" \/><\/p>\n<ul>\n<li>Valsts p\u0101rcel\u0161an\u0101s<\/li>\n<li>Starptautiskie p\u0101rvadi<\/li>\n<li>M\u0101jsaimniec\u012bbas p\u0101rv\u0101k\u0161an\u0101s<\/li>\n<li>Biroju p\u0101rcel\u0161an\u0101s<\/li>\n<li>Pakalpojums \"no durv\u012bm l\u012bdz durv\u012bm<\/li>\n<li>Iepako\u0161anas pakalpojums<\/li>\n<li>Konteineru iesp\u0113ju izv\u0113le<\/li>\n<li>Transport\u0113\u0161anas organiz\u0113\u0161ana<\/li>\n<li>Muito\u0161ana<\/li>\n<li>Starptautiskie t\u012bkli<\/li>\n<\/ul>\n<p>Soguifret ir 1989. gad\u0101 Gvinej\u0101 dibin\u0101ts p\u0101rvad\u0101jumu un eksped\u012bcijas uz\u0146\u0113mums. Uz\u0146\u0113mums ir da\u013ca no Universal Freight Organisation, kas aptver 120 valstis, un IAM biedrs ar 34 gadu darb\u012bbas pieredzi un p\u0101rkl\u0101jumu 170 valst\u012bs. Izmantojot savus t\u012bklus, uz\u0146\u0113mums str\u0101d\u0101 ar starptautiskiem klientiem, kas veic p\u0101rv\u0101k\u0161an\u0101s pakalpojumus.<\/p>\n<p>Soguifret nodro\u0161ina m\u0101jsaimniec\u012bbu un biroju p\u0101rcel\u0161an\u0101s pakalpojumus no durv\u012bm l\u012bdz durv\u012bm vis\u0101 valst\u012b un starptautisk\u0101 m\u0113rog\u0101. Vi\u0146i apkalpo da\u017e\u0101dus cilv\u0113kus, tostarp v\u0113stniec\u012bbas un Miera korpusa darbiniekus. Vi\u0146i pied\u0101v\u0101 konteineru izv\u0113li, tostarp maz\u0101k nek\u0101 konteinera kravu un pilnu konteineru kravu. Vi\u0146i organiz\u0113s j\u016bsu mantu transport\u0113\u0161anu un veiks muito\u0161anu.<\/p>\n<p>T\u012bmek\u013ca vietne: <a href=\"http:\/\/www.soguifret.com\" target=\"_blank\" rel=\"noopener\">http:\/\/www.soguifret.com<\/a><\/p>\n<h2><strong>2. JVK<\/strong><\/h2>\n<p><img loading=\"lazy\" decoding=\"async\" class=\"alignnone size-full wp-image-7459\" src=\"https:\/\/moverdb.com\/wp-content\/uploads\/JVK-Guinea-international-moving-company.png\" alt=\"JVK Gvineja starptautiskais p\u0101rvieto\u0161an\u0101s uz\u0146\u0113mums\" width=\"1440\" height=\"680\" data-wp-pid=\"7459\" srcset=\"https:\/\/moverdb.com\/wp-content\/uploads\/JVK-Guinea-international-moving-company.png 1440w, https:\/\/moverdb.com\/wp-content\/uploads\/JVK-Guinea-international-moving-company-300x142.png 300w, https:\/\/moverdb.com\/wp-content\/uploads\/JVK-Guinea-international-moving-company-1024x484.png 1024w, https:\/\/moverdb.com\/wp-content\/uploads\/JVK-Guinea-international-moving-company-18x9.png 18w, https:\/\/moverdb.com\/wp-content\/uploads\/JVK-Guinea-international-moving-company-600x283.png 600w\" sizes=\"auto, (max-width: 1440px) 100vw, 1440px\" \/><\/p>\n<ul>\n<li>Valsts p\u0101rcel\u0161an\u0101s<\/li>\n<li>Starptautiskie p\u0101rvadi<\/li>\n<li>P\u0101rcel\u0161an\u0101s pakalpojums<\/li>\n<li>M\u0101jsaimniec\u012bbas p\u0101rv\u0101k\u0161an\u0101s<\/li>\n<li>Biroju p\u0101rcel\u0161an\u0101s<\/li>\n<li>Iepako\u0161anas pakalpojums<\/li>\n<li>Augstas kvalit\u0101tes iepakojuma materi\u0101li<\/li>\n<li>Autotransports, j\u016bras un gaisa transports<\/li>\n<li>Muitas formalit\u0101tes<\/li>\n<li>\u012astermi\u0146a un ilgtermi\u0146a uzglab\u0101\u0161anas telpas<\/li>\n<\/ul>\n<p>JVK ir starptautisks p\u0101rcel\u0161an\u0101s un p\u0101rv\u0101k\u0161an\u0101s uz\u0146\u0113mums, kam ir biroju t\u012bkls vis\u0101 \u0100frik\u0101, \u0100zij\u0101 un Klus\u0101 oke\u0101na re\u0123ion\u0101. Uz\u0146\u0113muma birojs atrodas Konakri, Gvinej\u0101, bet tas tika dibin\u0101ts <a href=\"https:\/\/moverdb.com\/lv\/moving-to-thailand\/\" data-internallinksmanager029f6b8e52c=\"318\" title=\"P\u0101rcel\u0161an\u0101s uz Taizemi? 2023 Dz\u012bves izmaksas un p\u0101rcel\u0161an\u0101s padomi\">Taizeme<\/a> 1979. gad\u0101. Uz\u0146\u0113mums ir IAM biedrs ar starptautisku p\u0101rvad\u0101jumu a\u0123entu t\u012bklu, kas sniedz pal\u012bdz\u012bbu tur, kur vi\u0146iem nav p\u0101rkl\u0101juma.<\/p>\n<p>JVK pied\u0101v\u0101 pirmsp\u0101rv\u0101k\u0161an\u0101s apsekojumu, lai nov\u0113rt\u0113tu j\u016bsu p\u0101rv\u0101k\u0161an\u0101s pras\u012bbas, sagatavotu p\u0101rv\u0101k\u0161an\u0101s pied\u0101v\u0101jumu un pl\u0101notu j\u016bsu p\u0101rv\u0101k\u0161anos. Vi\u0146i pied\u0101v\u0101 pakalpojumus no durv\u012bm l\u012bdz durv\u012bm, kas ietver j\u016bsu mantu dro\u0161u iesai\u0146o\u0161anu, izmantojot augstas kvalit\u0101tes materi\u0101lus un \u012bpa\u0161as kastes trausliem priek\u0161metiem. Vi\u0146i organiz\u0113s transport\u0113\u0161anu pa autoce\u013ciem, j\u016bru vai gaisu un koordin\u0113s muitas formalit\u0101tes.<\/p>\n<p>T\u012bmek\u013ca vietne: <a href=\"http:\/\/www.jvkpacific.com\" target=\"_blank\" rel=\"noopener\">http:\/\/www.jvkpacific.com<\/a><\/p>","protected":false},"excerpt":{"rendered":"<p>When you are planning a move whether that is your home or office, it can be stressful time with a lot of logistics to manage and paperwork. This is where employing a moving company can help to ease the burden. Below we have compiled a list of Guinea based removal companies that are members of [&hellip;]<\/p>\n","protected":false},"author":4,"featured_media":0,"parent":190,"menu_order":0,"comment_status":"closed","ping_status":"closed","template":"","meta":{"_genesis_hide_title":false,"_genesis_hide_breadcrumbs":false,"_genesis_hide_singular_image":false,"_genesis_hide_footer_widgets":false,"_genesis_custom_body_class":"","_genesis_custom_post_class":"","_genesis_layout":"","footnotes":""},"class_list":{"0":"post-7514","1":"page","2":"type-page","3":"status-publish","5":"entry","6":"has-post-thumbnail"},"_links":{"self":[{"href":"https:\/\/moverdb.com\/lv\/wp-json\/wp\/v2\/pages\/7514","targetHints":{"allow":["GET"]}}],"collection":[{"href":"https:\/\/moverdb.com\/lv\/wp-json\/wp\/v2\/pages"}],"about":[{"href":"https:\/\/moverdb.com\/lv\/wp-json\/wp\/v2\/types\/page"}],"author":[{"embeddable":true,"href":"https:\/\/moverdb.com\/lv\/wp-json\/wp\/v2\/users\/4"}],"replies":[{"embeddable":true,"href":"https:\/\/moverdb.com\/lv\/wp-json\/wp\/v2\/comments?post=7514"}],"version-history":[{"count":1,"href":"https:\/\/moverdb.com\/lv\/wp-json\/wp\/v2\/pages\/7514\/revisions"}],"predecessor-version":[{"id":7515,"href":"https:\/\/moverdb.com\/lv\/wp-json\/wp\/v2\/pages\/7514\/revisions\/7515"}],"up":[{"embeddable":true,"href":"https:\/\/moverdb.com\/lv\/wp-json\/wp\/v2\/pages\/190"}],"wp:attachment":[{"href":"https:\/\/moverdb.com\/lv\/wp-json\/wp\/v2\/media?parent=7514"}],"curies":[{"name":"wp","href":"https:\/\/api.w.org\/{rel}","templated":true}]}}