{"id":7512,"date":"2023-02-01T13:59:57","date_gmt":"2023-02-01T13:59:57","guid":{"rendered":"https:\/\/moverdb.com\/?page_id=7512"},"modified":"2026-01-08T15:24:16","modified_gmt":"2026-01-08T15:24:16","slug":"parvietojas-uznemumi-gvatemala","status":"publish","type":"page","link":"https:\/\/moverdb.com\/lv\/moving-companies\/moving-companies-guatemala\/","title":{"rendered":"3 lab\u0101kie starptautisk\u0101s p\u0101rcel\u0161an\u0101s uz\u0146\u0113mumi Gvatemal\u0101"},"content":{"rendered":"<p>Vai j\u016bs p\u0101rce\u013caties uz Gvatemalu, no Gvatemalas vai t\u0101s iek\u0161ien\u0113? Tad j\u016bs var\u0113tu interes\u0113t pakalpojumi, ko sniedz <a href=\"https:\/\/moverdb.com\/lv\/moving-companies\/\" data-internallinksmanager029f6b8e52c=\"79\" title=\"Top 25 Starptautiskie p\u0101rcel\u0161an\u0101s uz\u0146\u0113mumi tie\u0161saist\u0113\">P\u0101rvieto\u0161an\u0101s uz\u0146\u0113mums<\/a> kas var pal\u012bdz\u0113t ar iepako\u0161anu, transport\u0113\u0161anu un muitas formalit\u0101t\u0113m. Zem\u0101k m\u0113s esam apkopoju\u0161i Gvatemal\u0101 b\u0101z\u0113tu uz\u0146\u0113mumu sarakstu. <a href=\"https:\/\/moverdb.com\/lv\/international-removals\/\" data-internallinksmanager029f6b8e52c=\"27\" title=\"36 Lab\u0101kie starptautisko p\u0101rvad\u0101jumu uz\u0146\u0113mumi Apvienotaj\u0101 Karalist\u0113\">p\u0101rv\u0101k\u0161an\u0101s uz\u0146\u0113mumi<\/a> kas ir <a href=\"https:\/\/moverdb.com\/lv\/iam\/\" data-internallinksmanager029f6b8e52c=\"23\" title=\"Starptautisk\u0101s P\u0101rv\u0101c\u0113ju asoci\u0101cijas (IAM) skaidrojumi\">Starptautisk\u0101 P\u0101rv\u0101c\u0113ju asoci\u0101cija<\/a> (IAM) un\/vai <a href=\"https:\/\/moverdb.com\/lv\/fidi-faim\/\" data-internallinksmanager029f6b8e52c=\"16\" title=\"FIDI un FAIM (FIDI akredit\u0113tais starptautiskais p\u0101rvietot\u0101js) skaidrojums\">FIDI<\/a> Akredit\u0113ti starptautiskie p\u0101rv\u0101c\u0113ji (FAIM), kas var\u0113tu jums pal\u012bdz\u0113t p\u0101rcelties.<\/p>\n<h2><strong>1. Brizmud<\/strong><\/h2>\n<p><img loading=\"lazy\" decoding=\"async\" class=\"alignnone size-full wp-image-7422\" src=\"https:\/\/moverdb.com\/wp-content\/uploads\/Brizmud-international-moving-company.png\" alt=\"Brizmud starptautisks p\u0101rvietojas uz\u0146\u0113mums\" width=\"1440\" height=\"686\" data-wp-pid=\"7422\" srcset=\"https:\/\/moverdb.com\/wp-content\/uploads\/Brizmud-international-moving-company.png 1440w, https:\/\/moverdb.com\/wp-content\/uploads\/Brizmud-international-moving-company-300x143.png 300w, https:\/\/moverdb.com\/wp-content\/uploads\/Brizmud-international-moving-company-1024x488.png 1024w, https:\/\/moverdb.com\/wp-content\/uploads\/Brizmud-international-moving-company-18x9.png 18w, https:\/\/moverdb.com\/wp-content\/uploads\/Brizmud-international-moving-company-600x286.png 600w\" sizes=\"auto, (max-width: 1440px) 100vw, 1440px\" \/><\/p>\n<ul>\n<li>Valsts p\u0101rv\u0101k\u0161an\u0101s<\/li>\n<li>Starptautisk\u0101 p\u0101rcel\u0161an\u0101s<\/li>\n<li>P\u0101rcel\u0161an\u0101s pakalpojumi<\/li>\n<li>M\u0101jsaimniec\u012bbas p\u0101rv\u0101k\u0161an\u0101s<\/li>\n<li>Iepako\u0161anas pakalpojumi<\/li>\n<li>Autotransports, j\u016bras un gaisa transports<\/li>\n<li>Muitas dokumenti<\/li>\n<li>M\u0101kslas darbu transport\u0113\u0161ana<\/li>\n<li>Starptautisko a\u0123entu t\u012bkls<\/li>\n<li>Uzglab\u0101\u0161anas iek\u0101rtas<\/li>\n<\/ul>\n<p>Brizmud ir viet\u0113jais un starptautiskais p\u0101rvad\u0101jumu uz\u0146\u0113mums, kas atrodas Gvatemal\u0101. Uz\u0146\u0113mums sniedz p\u0101rcel\u0161an\u0101s un p\u0101rv\u0101k\u0161an\u0101s pakalpojumus m\u0101jsaimniec\u012bb\u0101m. Uz\u0146\u0113mumam ir kvalific\u0113tu pieg\u0101d\u0101t\u0101ju un a\u0123entu t\u012bkls, kas \u013cauj darboties ar\u012b cit\u0101s valst\u012bs. Uz\u0146\u0113mums ir IAM biedrs ar piecu gadu darba st\u0101\u017eu.<\/p>\n<p>Brizmud saviem klientiem nodro\u0161ina personaliz\u0113tu apr\u016bpi, kas ietver p\u0101rcel\u0161an\u0101s pied\u0101v\u0101jumu piel\u0101go\u0161anu klientu vajadz\u012bb\u0101m. Vi\u0146i sniedz virkni p\u0101rcel\u0161an\u0101s pakalpojumu, kas ietver mantu dro\u0161u iepako\u0161anu, tranz\u012bta organiz\u0113\u0161anu pa autoce\u013ciem, j\u016bru vai gaisu, k\u0101 ar\u012b muitas atbalstu dokumentu k\u0101rto\u0161an\u0101. Vi\u0146i pied\u0101v\u0101 ar\u012b uzglab\u0101\u0161anas iesp\u0113jas, ja jums t\u0101s ir nepiecie\u0161amas.<\/p>\n<p>T\u012bmek\u013ca vietne: <a href=\"https:\/\/brizmud.com\/\" target=\"_blank\" rel=\"noopener\">https:\/\/brizmud.com\/<\/a><\/p>\n<h2><strong>2. Intermud<\/strong><\/h2>\n<p><img loading=\"lazy\" decoding=\"async\" class=\"alignnone size-full wp-image-7457\" src=\"https:\/\/moverdb.com\/wp-content\/uploads\/Intermud-international-moving-company.png\" alt=\"Intermud starptautiskais p\u0101rvieto\u0161an\u0101s uz\u0146\u0113mums\" width=\"1440\" height=\"683\" data-wp-pid=\"7457\" srcset=\"https:\/\/moverdb.com\/wp-content\/uploads\/Intermud-international-moving-company.png 1440w, https:\/\/moverdb.com\/wp-content\/uploads\/Intermud-international-moving-company-300x142.png 300w, https:\/\/moverdb.com\/wp-content\/uploads\/Intermud-international-moving-company-1024x486.png 1024w, https:\/\/moverdb.com\/wp-content\/uploads\/Intermud-international-moving-company-18x9.png 18w, https:\/\/moverdb.com\/wp-content\/uploads\/Intermud-international-moving-company-600x285.png 600w\" sizes=\"auto, (max-width: 1440px) 100vw, 1440px\" \/><\/p>\n<ul>\n<li>Valsts p\u0101rcel\u0161an\u0101s<\/li>\n<li>Starptautiskie p\u0101rvadi<\/li>\n<li>P\u0101rv\u0101k\u0161an\u0101s uz dz\u012bvojam\u0101m telp\u0101m<\/li>\n<li>Biroju p\u0101rcel\u0161an\u0101s<\/li>\n<li>P\u0101rcel\u0161an\u0101s konsult\u0101cijas<\/li>\n<li>Iepako\u0161anas pakalpojumi<\/li>\n<li>M\u0113be\u013cu demont\u0101\u017ea un mont\u0101\u017ea<\/li>\n<li>Sauszemes, j\u016bras un gaisa transports<\/li>\n<li>Muitas atbalsts<\/li>\n<li>Uzglab\u0101\u0161anas iek\u0101rtas<\/li>\n<\/ul>\n<p>Intermud ir p\u0101rvieto\u0161an\u0101s un lo\u0123istikas uz\u0146\u0113mums, kam ir vair\u0101k nek\u0101 35 gadu pieredze cilv\u0113ku p\u0101rvieto\u0161an\u0101 un kas atrodas Gvatemal\u0101. Tas ir IAM biedrs ar 40 gadu darba st\u0101\u017eu un ir akredit\u0113ts FIDI. Pateicoties savai dal\u012bbai, vi\u0146i var piek\u013c\u016bt starptautiskam p\u0101rcel\u0161an\u0101s a\u0123entu t\u012bklam, kas pal\u012bdz vi\u0146iem p\u0101rcel\u0161an\u0101s darbos \u0101rzem\u0113s.<\/p>\n<p>Intermud pied\u0101v\u0101 gan dz\u012bvojamo m\u0101ju, gan biroju p\u0101rcel\u0161an\u0101s pakalpojumus gan viet\u0113j\u0101, gan starptautisk\u0101 m\u0113rog\u0101. Dz\u012bvojamo m\u0101ju klientiem tiek pied\u0101v\u0101ti iepako\u0161anas un izpako\u0161anas pakalpojumi, pagaidu m\u0113be\u013cu noma un uzglab\u0101\u0161anas iesp\u0113jas. Biroju p\u0101rcel\u0161an\u0101s pakalpojumi aptver gan nelielu biroju, gan lielu \u0113ku p\u0101rcel\u0161anos, kas ietver iepako\u0161anas un izpako\u0161anas pakalpojumus, m\u0113be\u013cu demont\u0101\u017eu un mont\u0101\u017eu, k\u0101 ar\u012b elektronisko iek\u0101rtu dro\u0161u iepako\u0161anu.<\/p>\n<p>T\u012bmek\u013ca vietne: <a href=\"http:\/\/www.intermud.com\" target=\"_blank\" rel=\"noopener\">http:\/\/www.intermud.com<\/a><\/p>\n<h2><strong>3. \u0160veices Global Movers<\/strong><\/h2>\n<p><img loading=\"lazy\" decoding=\"async\" class=\"alignnone size-full wp-image-7493\" src=\"https:\/\/moverdb.com\/wp-content\/uploads\/Swiss-Global-Movers-international-moving-company.png\" alt=\"\u0160veices Global Movers starptautiskais p\u0101rcel\u0161an\u0101s uz\u0146\u0113mums\" width=\"1440\" height=\"683\" data-wp-pid=\"7493\" srcset=\"https:\/\/moverdb.com\/wp-content\/uploads\/Swiss-Global-Movers-international-moving-company.png 1440w, https:\/\/moverdb.com\/wp-content\/uploads\/Swiss-Global-Movers-international-moving-company-300x142.png 300w, https:\/\/moverdb.com\/wp-content\/uploads\/Swiss-Global-Movers-international-moving-company-1024x486.png 1024w, https:\/\/moverdb.com\/wp-content\/uploads\/Swiss-Global-Movers-international-moving-company-18x9.png 18w, https:\/\/moverdb.com\/wp-content\/uploads\/Swiss-Global-Movers-international-moving-company-600x285.png 600w\" sizes=\"auto, (max-width: 1440px) 100vw, 1440px\" \/><\/p>\n<ul>\n<li>Viet\u0113jie p\u0101rvadi<\/li>\n<li>Starptautiskie p\u0101rvadi<\/li>\n<li>M\u0101jsaimniec\u012bbas p\u0101rv\u0101k\u0161an\u0101s<\/li>\n<li>Uz\u0146\u0113mumu p\u0101rvieto\u0161an\u0101s<\/li>\n<li>Risin\u0101jumi \"no durv\u012bm l\u012bdz durv\u012bm<\/li>\n<li>Kvalific\u0113ts person\u0101ls<\/li>\n<li>Iepako\u0161anas pakalpojums<\/li>\n<li>Transport\u0113\u0161anas organiz\u0113\u0161ana<\/li>\n<li>Muitas pakalpojumi<\/li>\n<li>Uzglab\u0101\u0161anas iek\u0101rtas<\/li>\n<\/ul>\n<p>Swiss Global Movers ir p\u0101rvieto\u0161an\u0101s un lo\u0123istikas pakalpojumu sniedz\u0113js, kas atrodas Gvatemal\u0101 un kam ir vair\u0101k nek\u0101 20 gadu pieredze. Vi\u0146i sadarbojas ar citiem, lai sniegtu visaptvero\u0161us pakalpojumus vis\u0101 pasaul\u0113. Uz\u0146\u0113mums ir IAM biedrs ar 42 gadu darba st\u0101\u017eu.<\/p>\n<p>Swiss Global Movers nodro\u0161ina kvalific\u0113tu person\u0101lu, kas sniegs jums konsult\u0101cijas un pal\u012bdz\u0113s pl\u0101not j\u016bsu p\u0101rcel\u0161anos. Vi\u0146i sniedz pakalpojumus no durv\u012bm l\u012bdz durv\u012bm, kas ietver iepako\u0161anas un izpako\u0161anas pakalpojumus, un vajadz\u012bbas gad\u012bjum\u0101 var pied\u0101v\u0101t pagaidu uzglab\u0101\u0161anu. Vi\u0146i organiz\u0113s j\u016bsu mantu transport\u0113\u0161anu, tostarp p\u0101rvald\u012bs importa un eksporta procesus ar muitas dienestiem.<\/p>\n<p>T\u012bmek\u013ca vietne: <a href=\"https:\/\/swissglobalmovers.com.gt\/\" target=\"_blank\" rel=\"noopener\">https:\/\/swissglobalmovers.com.gt\/<\/a><\/p>","protected":false},"excerpt":{"rendered":"<p>Are you moving to or from, or within Guatemala? Then you might be interested in the services of a moving company that can assist with packing, transportation and customs formalities. Below we have compiled a list of Guatemala based removal companies that are members of the International Association of Movers (IAM) and\/or FIDI Accredited International [&hellip;]<\/p>\n","protected":false},"author":4,"featured_media":0,"parent":190,"menu_order":0,"comment_status":"closed","ping_status":"closed","template":"","meta":{"_genesis_hide_title":false,"_genesis_hide_breadcrumbs":false,"_genesis_hide_singular_image":false,"_genesis_hide_footer_widgets":false,"_genesis_custom_body_class":"","_genesis_custom_post_class":"","_genesis_layout":"","footnotes":""},"class_list":{"0":"post-7512","1":"page","2":"type-page","3":"status-publish","5":"entry","6":"has-post-thumbnail"},"_links":{"self":[{"href":"https:\/\/moverdb.com\/lv\/wp-json\/wp\/v2\/pages\/7512","targetHints":{"allow":["GET"]}}],"collection":[{"href":"https:\/\/moverdb.com\/lv\/wp-json\/wp\/v2\/pages"}],"about":[{"href":"https:\/\/moverdb.com\/lv\/wp-json\/wp\/v2\/types\/page"}],"author":[{"embeddable":true,"href":"https:\/\/moverdb.com\/lv\/wp-json\/wp\/v2\/users\/4"}],"replies":[{"embeddable":true,"href":"https:\/\/moverdb.com\/lv\/wp-json\/wp\/v2\/comments?post=7512"}],"version-history":[{"count":1,"href":"https:\/\/moverdb.com\/lv\/wp-json\/wp\/v2\/pages\/7512\/revisions"}],"predecessor-version":[{"id":7513,"href":"https:\/\/moverdb.com\/lv\/wp-json\/wp\/v2\/pages\/7512\/revisions\/7513"}],"up":[{"embeddable":true,"href":"https:\/\/moverdb.com\/lv\/wp-json\/wp\/v2\/pages\/190"}],"wp:attachment":[{"href":"https:\/\/moverdb.com\/lv\/wp-json\/wp\/v2\/media?parent=7512"}],"curies":[{"name":"wp","href":"https:\/\/api.w.org\/{rel}","templated":true}]}}