{"id":7508,"date":"2023-02-01T13:58:25","date_gmt":"2023-02-01T13:58:25","guid":{"rendered":"https:\/\/moverdb.com\/?page_id=7508"},"modified":"2026-01-08T15:23:42","modified_gmt":"2026-01-08T15:23:42","slug":"parvietojas-uznemumi-ghana","status":"publish","type":"page","link":"https:\/\/moverdb.com\/lv\/moving-companies\/moving-companies-ghana\/","title":{"rendered":"2 Lab\u0101kie starptautisk\u0101s p\u0101rcel\u0161an\u0101s uz\u0146\u0113mumi Gan\u0101"},"content":{"rendered":"<p>Vai pl\u0101nojat p\u0101rcelties uz Ganu, no t\u0101s vai uz to? Tad j\u016bs var\u0113tu interes\u0113t profesion\u0101lu pakalpojumu izmanto\u0161ana. <a href=\"https:\/\/moverdb.com\/lv\/moving-companies\/\" data-internallinksmanager029f6b8e52c=\"79\" title=\"Top 25 Starptautiskie p\u0101rcel\u0161an\u0101s uz\u0146\u0113mumi tie\u0161saist\u0113\">P\u0101rvieto\u0161an\u0101s uz\u0146\u0113mums<\/a> kas var pal\u012bdz\u0113t p\u0101rvietot j\u016bsu mantas un nok\u0101rtot dokumentus. Zem\u0101k m\u0113s esam apkopoju\u0161i sarakstu ar Ganas birojiem. <a href=\"https:\/\/moverdb.com\/lv\/international-removals\/\" data-internallinksmanager029f6b8e52c=\"27\" title=\"36 Lab\u0101kie starptautisko p\u0101rvad\u0101jumu uz\u0146\u0113mumi Apvienotaj\u0101 Karalist\u0113\">p\u0101rv\u0101k\u0161an\u0101s uz\u0146\u0113mumi<\/a> kas ir <a href=\"https:\/\/moverdb.com\/lv\/iam\/\" data-internallinksmanager029f6b8e52c=\"23\" title=\"Starptautisk\u0101s P\u0101rv\u0101c\u0113ju asoci\u0101cijas (IAM) skaidrojumi\">Starptautisk\u0101 P\u0101rv\u0101c\u0113ju asoci\u0101cija<\/a> (IAM) un\/vai <a href=\"https:\/\/moverdb.com\/lv\/fidi-faim\/\" data-internallinksmanager029f6b8e52c=\"16\" title=\"FIDI un FAIM (FIDI akredit\u0113tais starptautiskais p\u0101rvietot\u0101js) skaidrojums\">FIDI<\/a> Akredit\u0113ti starptautiskie p\u0101rv\u0101c\u0113ji (FAIM), kas var\u0113tu pal\u012bdz\u0113t j\u016bsu p\u0101rcel\u0161an\u0101s proces\u0101.<\/p>\n<h2><strong>1. P\u0101rvietot\u0101ji vis\u0101 pasaul\u0113<\/strong><\/h2>\n<p><img loading=\"lazy\" decoding=\"async\" class=\"alignnone size-full wp-image-7498\" src=\"https:\/\/moverdb.com\/wp-content\/uploads\/Worldwide-Movers-Ghana-international-moving-company.png\" alt=\"Vispasaules Movers Gana starptautisk\u0101 p\u0101rvietojas uz\u0146\u0113mums\" width=\"1440\" height=\"675\" data-wp-pid=\"7498\" srcset=\"https:\/\/moverdb.com\/wp-content\/uploads\/Worldwide-Movers-Ghana-international-moving-company.png 1440w, https:\/\/moverdb.com\/wp-content\/uploads\/Worldwide-Movers-Ghana-international-moving-company-300x141.png 300w, https:\/\/moverdb.com\/wp-content\/uploads\/Worldwide-Movers-Ghana-international-moving-company-1024x480.png 1024w, https:\/\/moverdb.com\/wp-content\/uploads\/Worldwide-Movers-Ghana-international-moving-company-18x8.png 18w, https:\/\/moverdb.com\/wp-content\/uploads\/Worldwide-Movers-Ghana-international-moving-company-600x281.png 600w\" sizes=\"auto, (max-width: 1440px) 100vw, 1440px\" \/><\/p>\n<ul>\n<li>Valsts p\u0101rcel\u0161an\u0101s<\/li>\n<li>Starptautiskie p\u0101rvadi<\/li>\n<li>M\u0101jsaimniec\u012bbas p\u0101rv\u0101k\u0161an\u0101s<\/li>\n<li>Biroju p\u0101rcel\u0161an\u0101s<\/li>\n<li>Pakalpojums \"no durv\u012bm l\u012bdz durv\u012bm<\/li>\n<li>Autotransports, j\u016bras un gaisa transports<\/li>\n<li>Muitas formalit\u0101\u0161u atbalsts<\/li>\n<li>M\u0101jdz\u012bvnieku p\u0101rvad\u0101\u0161ana<\/li>\n<li>Orient\u0113\u0161an\u0101s pakalpojumi<\/li>\n<li>Uzglab\u0101\u0161anas iek\u0101rtas<\/li>\n<\/ul>\n<p>Worldwide Movers ir starptautisks p\u0101rvieto\u0161an\u0101s uz\u0146\u0113mums ar birojiem vis\u0101 pasaul\u0113, tostarp birojiem Gan\u0101, kas dibin\u0101ti 2013. gad\u0101 Akr\u0101. Uz\u0146\u0113mumam ir \u0100frikas Zelta standarts p\u0101rcel\u0161an\u0101s jom\u0101, k\u0101 ar\u012b tas ir IAM biedrs ar 10 gadu darba st\u0101\u017eu.<\/p>\n<p>Worldwide Movers pied\u0101v\u0101 \"no durv\u012bm l\u012bdz durv\u012bm\" pakalpojumus, kas s\u0101kas ar aptauju, lai noteiktu cenu. Vi\u0146i var organiz\u0113t transport\u0113\u0161anu pa autoce\u013ciem, j\u016bru vai gaisu un sniegt nor\u0101d\u012bjumus par muitas noteikumiem un apdro\u0161in\u0101\u0161anu. Vi\u0146i pied\u0101v\u0101 ar\u012b papildu pakalpojumus, lai pal\u012bdz\u0113tu jums apmesties uz dz\u012bvi, tostarp orient\u0113\u0161an\u0101s pakalpojumus, lai iepaz\u012btos ar teritoriju, k\u0101 ar\u012b pal\u012bdz\u012bbu m\u0101jok\u013ca un skolu mekl\u0113\u0161an\u0101.<\/p>\n<p>T\u012bmek\u013ca vietne: <a href=\"https:\/\/www.worldwidemoversafrica.com\/countries\/ghana\/\" target=\"_blank\" rel=\"noopener\">https:\/\/www.worldwidemoversafrica.com\/countries\/ghana\/<\/a><\/p>\n<h2><strong>2. Doxa Worldwide Movers<\/strong><\/h2>\n<p><img loading=\"lazy\" decoding=\"async\" class=\"alignnone size-full wp-image-7436\" src=\"https:\/\/moverdb.com\/wp-content\/uploads\/Doxa-Worldwide-Movers-international-moving-company.png\" alt=\"Doxa Worldwide Movers starptautiskais p\u0101rvieto\u0161an\u0101s uz\u0146\u0113mums\" width=\"1440\" height=\"686\" data-wp-pid=\"7436\" srcset=\"https:\/\/moverdb.com\/wp-content\/uploads\/Doxa-Worldwide-Movers-international-moving-company.png 1440w, https:\/\/moverdb.com\/wp-content\/uploads\/Doxa-Worldwide-Movers-international-moving-company-300x143.png 300w, https:\/\/moverdb.com\/wp-content\/uploads\/Doxa-Worldwide-Movers-international-moving-company-1024x488.png 1024w, https:\/\/moverdb.com\/wp-content\/uploads\/Doxa-Worldwide-Movers-international-moving-company-18x9.png 18w, https:\/\/moverdb.com\/wp-content\/uploads\/Doxa-Worldwide-Movers-international-moving-company-600x286.png 600w\" sizes=\"auto, (max-width: 1440px) 100vw, 1440px\" \/><\/p>\n<ul>\n<li>Valsts p\u0101rcel\u0161an\u0101s<\/li>\n<li>Starptautiskie p\u0101rvadi<\/li>\n<li>P\u0101rv\u0101k\u0161an\u0101s uz dz\u012bvojam\u0101m telp\u0101m<\/li>\n<li>Uz\u0146\u0113mumu p\u0101rvieto\u0161ana<\/li>\n<li>No durv\u012bm l\u012bdz durv\u012bm vai <a href=\"https:\/\/moverdb.com\/lv\/top-49-container-ports\/\" data-internallinksmanager029f6b8e52c=\"80\" title=\"49 liel\u0101kie un noslogot\u0101kie konteineru ostas 2025. gad\u0101\">osta<\/a>-to-port pakalpojumi<\/li>\n<li>Iepako\u0161anas pakalpojums<\/li>\n<li>\u012apa\u0161as finiera vai koka kastes<\/li>\n<li>Transport\u0113\u0161ana pa sauszemi, gaisu vai j\u016bru<\/li>\n<li>Muito\u0161ana<\/li>\n<li>Dro\u0161as uzglab\u0101\u0161anas telpas<\/li>\n<\/ul>\n<p>Doxa Worldwide Movers ir Ganas kravu p\u0101rvad\u0101jumu uz\u0146\u0113mums, kas darbojas jau 20 gadus. Uz\u0146\u0113mums ir IAM biedrs ar 28 gadu darb\u012bbas st\u0101\u017eu, un \u0161\u012b dal\u012bba nodro\u0161ina piek\u013cuvi pla\u0161am p\u0101rvad\u0101jumu a\u0123entu t\u012bklam vis\u0101 pasaul\u0113, kas pal\u012bdz vi\u0146iem.<\/p>\n<p>Doxa Worldwide Movers pied\u0101v\u0101 iesp\u0113ju izv\u0113l\u0113ties pakalpojumu \"no durv\u012bm l\u012bdz durv\u012bm\" vai \"no ostas l\u012bdz ostai\". Vi\u0146i sniedz starptautiskiem standartiem atbilsto\u0161u iepako\u0161anas pakalpojumu, izmantojot da\u017e\u0101dus iepako\u0161anas materi\u0101lus un, ja nepiecie\u0161ams, \u012bpa\u0161as finiera vai koka kastes, lai aizsarg\u0101tu j\u016bsu mantas p\u0101rvad\u0101\u0161anas laik\u0101. Vi\u0146i pied\u0101v\u0101 iesp\u0113ju izv\u0113l\u0113ties transportu pa sauszemi, j\u016bru vai gaisu un pal\u012bdz veikt muito\u0161anu.<\/p>\n<p>T\u012bmek\u013ca vietne: <a href=\"https:\/\/doxaworldwidemovers.com\" target=\"_blank\" rel=\"noopener\">https:\/\/doxaworldwidemovers.com<\/a><\/p>","protected":false},"excerpt":{"rendered":"<p>Are you planning a move in, from or to Ghana? Then you might be interested in employing the services of a professional moving company that can assist with moving your belongings and handle the paperwork. Below we have compiled a list of Ghana based removal companies that are members of the International Association of Movers [&hellip;]<\/p>\n","protected":false},"author":4,"featured_media":0,"parent":190,"menu_order":0,"comment_status":"closed","ping_status":"closed","template":"","meta":{"_genesis_hide_title":false,"_genesis_hide_breadcrumbs":false,"_genesis_hide_singular_image":false,"_genesis_hide_footer_widgets":false,"_genesis_custom_body_class":"","_genesis_custom_post_class":"","_genesis_layout":"","footnotes":""},"class_list":{"0":"post-7508","1":"page","2":"type-page","3":"status-publish","5":"entry","6":"has-post-thumbnail"},"_links":{"self":[{"href":"https:\/\/moverdb.com\/lv\/wp-json\/wp\/v2\/pages\/7508","targetHints":{"allow":["GET"]}}],"collection":[{"href":"https:\/\/moverdb.com\/lv\/wp-json\/wp\/v2\/pages"}],"about":[{"href":"https:\/\/moverdb.com\/lv\/wp-json\/wp\/v2\/types\/page"}],"author":[{"embeddable":true,"href":"https:\/\/moverdb.com\/lv\/wp-json\/wp\/v2\/users\/4"}],"replies":[{"embeddable":true,"href":"https:\/\/moverdb.com\/lv\/wp-json\/wp\/v2\/comments?post=7508"}],"version-history":[{"count":1,"href":"https:\/\/moverdb.com\/lv\/wp-json\/wp\/v2\/pages\/7508\/revisions"}],"predecessor-version":[{"id":7509,"href":"https:\/\/moverdb.com\/lv\/wp-json\/wp\/v2\/pages\/7508\/revisions\/7509"}],"up":[{"embeddable":true,"href":"https:\/\/moverdb.com\/lv\/wp-json\/wp\/v2\/pages\/190"}],"wp:attachment":[{"href":"https:\/\/moverdb.com\/lv\/wp-json\/wp\/v2\/media?parent=7508"}],"curies":[{"name":"wp","href":"https:\/\/api.w.org\/{rel}","templated":true}]}}