{"id":6051,"date":"2023-02-01T12:39:56","date_gmt":"2023-02-01T12:39:56","guid":{"rendered":"https:\/\/moverdb.com\/?page_id=6051"},"modified":"2026-01-08T15:24:43","modified_gmt":"2026-01-08T15:24:43","slug":"parvietojas-uznemumi-somija","status":"publish","type":"page","link":"https:\/\/moverdb.com\/lv\/moving-companies\/moving-companies-finland\/","title":{"rendered":"4 lab\u0101kie starptautisk\u0101s p\u0101rcel\u0161an\u0101s uz\u0146\u0113mumi Somij\u0101"},"content":{"rendered":"<p>M\u0101jok\u013ca vai uz\u0146\u0113muma telpu p\u0101rcel\u0161an\u0101s var b\u016bt stresains br\u012bdis, jo ir \u013coti daudz dar\u0101m\u0101, jo \u012bpa\u0161i, ja p\u0101rce\u013caties uz citu valsti. T\u0101p\u0113c, piesaistot <a href=\"https:\/\/moverdb.com\/lv\/moving-companies\/\" data-internallinksmanager029f6b8e52c=\"79\" title=\"Top 25 Starptautiskie p\u0101rcel\u0161an\u0101s uz\u0146\u0113mumi tie\u0161saist\u0113\">P\u0101rvieto\u0161an\u0101s uz\u0146\u0113mums<\/a> var pal\u012bdz\u0113t atvieglot slogu, jo vi\u0146i var veikt visus nepiecie\u0161amos pas\u0101kumus j\u016bsu viet\u0101 un pal\u012bdz\u0113t jums nok\u0101rtot visus dokumentus. Zem\u0101k m\u0113s esam apkopoju\u0161i sarakstu ar <a href=\"https:\/\/moverdb.com\/lv\/international-removals\/\" data-internallinksmanager029f6b8e52c=\"27\" title=\"36 Lab\u0101kie starptautisko p\u0101rvad\u0101jumu uz\u0146\u0113mumi Apvienotaj\u0101 Karalist\u0113\">p\u0101rv\u0101k\u0161an\u0101s uz\u0146\u0113mumi<\/a> kas atrodas <a href=\"https:\/\/moverdb.com\/lv\/moving-to-finland\/\" data-internallinksmanager029f6b8e52c=\"345\" title=\"P\u0101rcel\u0161an\u0101s uz Somiju? 2023 Dz\u012bves izmaksas un p\u0101rcel\u0161an\u0101s padomi\">Somija<\/a> kas ir <a href=\"https:\/\/moverdb.com\/lv\/iam\/\" data-internallinksmanager029f6b8e52c=\"23\" title=\"Starptautisk\u0101s P\u0101rv\u0101c\u0113ju asoci\u0101cijas (IAM) skaidrojumi\">Starptautisk\u0101 P\u0101rv\u0101c\u0113ju asoci\u0101cija<\/a> (IAM) un\/vai <a href=\"https:\/\/moverdb.com\/lv\/fidi-faim\/\" data-internallinksmanager029f6b8e52c=\"16\" title=\"FIDI un FAIM (FIDI akredit\u0113tais starptautiskais p\u0101rvietot\u0101js) skaidrojums\">FIDI<\/a> Akredit\u0113ti starptautiskie p\u0101rv\u0101c\u0113ji (FAIM), kas var\u0113tu jums pal\u012bdz\u0113t p\u0101rcelties.<\/p>\n<div id=\"ez-toc-container\" class=\"ez-toc-v2_0_82_2 ez-toc-wrap-left counter-hierarchy ez-toc-counter ez-toc-transparent ez-toc-container-direction\">\n<div class=\"ez-toc-title-container\">\n<p class=\"ez-toc-title\" style=\"cursor:inherit\">Sada\u013cas<\/p>\n<span class=\"ez-toc-title-toggle\"><a href=\"#\" class=\"ez-toc-pull-right ez-toc-btn ez-toc-btn-xs ez-toc-btn-default ez-toc-toggle\" aria-label=\"P\u0101rsl\u0113gt satura tabulu\"><span class=\"ez-toc-js-icon-con\"><span class=\"\"><span class=\"eztoc-hide\" style=\"display:none;\">P\u0101rsl\u0113gt<\/span><span class=\"ez-toc-icon-toggle-span\"><svg style=\"fill: #999;color:#999\" xmlns=\"http:\/\/www.w3.org\/2000\/svg\" class=\"list-377408\" width=\"20px\" height=\"20px\" viewbox=\"0 0 24 24\" fill=\"none\"><path d=\"M6 6H4v2h2V6zm14 0H8v2h12V6zM4 11h2v2H4v-2zm16 0H8v2h12v-2zM4 16h2v2H4v-2zm16 0H8v2h12v-2z\" fill=\"currentColor\"><\/path><\/svg><svg style=\"fill: #999;color:#999\" class=\"arrow-unsorted-368013\" xmlns=\"http:\/\/www.w3.org\/2000\/svg\" width=\"10px\" height=\"10px\" viewbox=\"0 0 24 24\" version=\"1.2\" baseprofile=\"tiny\"><path d=\"M18.2 9.3l-6.2-6.3-6.2 6.3c-.2.2-.3.4-.3.7s.1.5.3.7c.2.2.4.3.7.3h11c.3 0 .5-.1.7-.3.2-.2.3-.5.3-.7s-.1-.5-.3-.7zM5.8 14.7l6.2 6.3 6.2-6.3c.2-.2.3-.5.3-.7s-.1-.5-.3-.7c-.2-.2-.4-.3-.7-.3h-11c-.3 0-.5.1-.7.3-.2.2-.3.5-.3.7s.1.5.3.7z\"\/><\/svg><\/span><\/span><\/span><\/a><\/span><\/div>\n<nav><ul class='ez-toc-list ez-toc-list-level-1 eztoc-toggle-hide-by-default' ><li class='ez-toc-page-1 ez-toc-heading-level-2'><a class=\"ez-toc-link ez-toc-heading-1\" href=\"https:\/\/moverdb.com\/lv\/moving-companies\/moving-companies-finland\/#1_Travelcargo_International_Removals\" >1. Travelcargo starptautiskie p\u0101rv\u0101k\u0161an\u0101s pakalpojumi<\/a><\/li><li class='ez-toc-page-1 ez-toc-heading-level-2'><a class=\"ez-toc-link ez-toc-heading-2\" href=\"https:\/\/moverdb.com\/lv\/moving-companies\/moving-companies-finland\/#2_Niemi_Services\" >2. Niemi pakalpojumi<\/a><\/li><li class='ez-toc-page-1 ez-toc-heading-level-2'><a class=\"ez-toc-link ez-toc-heading-3\" href=\"https:\/\/moverdb.com\/lv\/moving-companies\/moving-companies-finland\/#3_Pegasus_Moving\" >3. Pegasus Moving<\/a><\/li><li class='ez-toc-page-1 ez-toc-heading-level-2'><a class=\"ez-toc-link ez-toc-heading-4\" href=\"https:\/\/moverdb.com\/lv\/moving-companies\/moving-companies-finland\/#4_Victor_EK\" >4. Viktors EK<\/a><\/li><li class='ez-toc-page-1 ez-toc-heading-level-2'><a class=\"ez-toc-link ez-toc-heading-5\" href=\"https:\/\/moverdb.com\/lv\/moving-companies\/moving-companies-finland\/#Other_Useful_Guides_to_Finland\" >Citi noder\u012bgi ce\u013cve\u017ei uz Somiju<\/a><\/li><\/ul><\/nav><\/div>\n<h2><span class=\"ez-toc-section\" id=\"1_Travelcargo_International_Removals\"><\/span><strong>1. Travelcargo starptautiskie p\u0101rv\u0101k\u0161an\u0101s pakalpojumi<\/strong><span class=\"ez-toc-section-end\"><\/span><\/h2>\n<p><img loading=\"lazy\" decoding=\"async\" class=\"alignnone size-full wp-image-6052\" src=\"https:\/\/moverdb.com\/wp-content\/uploads\/Travel-Cargo-international-moving-company.png\" alt=\"Travel Cargo starptautiskais p\u0101rvieto\u0161an\u0101s uz\u0146\u0113mums\" width=\"1440\" height=\"672\" data-wp-pid=\"6052\" srcset=\"https:\/\/moverdb.com\/wp-content\/uploads\/Travel-Cargo-international-moving-company.png 1440w, https:\/\/moverdb.com\/wp-content\/uploads\/Travel-Cargo-international-moving-company-300x140.png 300w, https:\/\/moverdb.com\/wp-content\/uploads\/Travel-Cargo-international-moving-company-1024x478.png 1024w, https:\/\/moverdb.com\/wp-content\/uploads\/Travel-Cargo-international-moving-company-18x8.png 18w, https:\/\/moverdb.com\/wp-content\/uploads\/Travel-Cargo-international-moving-company-600x280.png 600w\" sizes=\"auto, (max-width: 1440px) 100vw, 1440px\" \/><\/p>\n<ul>\n<li>Starptautisk\u0101 p\u0101rcel\u0161an\u0101s<\/li>\n<li>M\u0101jsaimniec\u012bbas p\u0101rv\u0101k\u0161an\u0101s<\/li>\n<li>Uz\u0146\u0113mumu p\u0101rvieto\u0161an\u0101s<\/li>\n<li>Pakalpojums \"no durv\u012bm l\u012bdz durv\u012bm<\/li>\n<li>Profesion\u0101ls iepako\u0161anas pakalpojums<\/li>\n<li>Autotransports, gaisa un j\u016bras transports<\/li>\n<li>Muito\u0161ana<\/li>\n<li>Dz\u012bvnieku transport\u0113\u0161ana<\/li>\n<li>Papildu bag\u0101\u017eas pakalpojums<\/li>\n<li>Izst\u0101des un pas\u0101kumi<\/li>\n<\/ul>\n<p>Travelcargo International Removals ir 2005. gad\u0101 dibin\u0101ts p\u0101rcel\u0161an\u0101s un lo\u0123istikas uz\u0146\u0113mums, kas atrodas Helsinkos. T\u0101 ir ATC Global Solutions noda\u013ca. Uz\u0146\u0113mums pied\u0101v\u0101 p\u0101rcel\u0161an\u0101s pakalpojumus vair\u0101k nek\u0101 180 valst\u012bs vis\u0101 pasaul\u0113, sadarbojoties ar citiem starptautiskajiem p\u0101rcel\u0161an\u0101s a\u0123entiem. Uz\u0146\u0113mums ir IAM biedrs ar 17 gadu darba st\u0101\u017eu un ir akredit\u0113ts FIDI.<\/p>\n<p>Travelcargo pied\u0101v\u0101 pirmsp\u0101rv\u0101k\u0161an\u0101s apsekojumu, lai nov\u0113rt\u0113tu j\u016bsu vajadz\u012bbas un veiktu p\u0101rv\u0101k\u0161an\u0101s organiz\u0113\u0161anu ar pakalpojumu \"no durv\u012bm l\u012bdz durv\u012bm\". Vi\u0146i nodro\u0161ina profesion\u0101lus iepakot\u0101jus, kas dro\u0161i iesai\u0146os j\u016bsu mantas, izmantojot augstas kvalit\u0101tes iepakojuma materi\u0101lus. Vi\u0146i organiz\u0113 p\u0101rvad\u0101jumus pa autoce\u013ciem, gaisu un j\u016bru ar muito\u0161anu.<\/p>\n<p>T\u012bmek\u013ca vietne: <a href=\"http:\/\/www.travelcargo.fi\" target=\"_blank\" rel=\"noopener\">http:\/\/www.travelcargo.fi<\/a><\/p>\n<h2><span class=\"ez-toc-section\" id=\"2_Niemi_Services\"><\/span><strong>2. Niemi pakalpojumi<\/strong><span class=\"ez-toc-section-end\"><\/span><\/h2>\n<p><img loading=\"lazy\" decoding=\"async\" class=\"alignnone size-full wp-image-5986\" src=\"https:\/\/moverdb.com\/wp-content\/uploads\/Niemi-Services-international-moving-company.png\" alt=\"Niemi Services starptautisks p\u0101rvieto\u0161an\u0101s uz\u0146\u0113mums\" width=\"1440\" height=\"683\" data-wp-pid=\"5986\" srcset=\"https:\/\/moverdb.com\/wp-content\/uploads\/Niemi-Services-international-moving-company.png 1440w, https:\/\/moverdb.com\/wp-content\/uploads\/Niemi-Services-international-moving-company-300x142.png 300w, https:\/\/moverdb.com\/wp-content\/uploads\/Niemi-Services-international-moving-company-1024x486.png 1024w, https:\/\/moverdb.com\/wp-content\/uploads\/Niemi-Services-international-moving-company-18x9.png 18w, https:\/\/moverdb.com\/wp-content\/uploads\/Niemi-Services-international-moving-company-600x285.png 600w\" sizes=\"auto, (max-width: 1440px) 100vw, 1440px\" \/><\/p>\n<ul>\n<li>Valsts p\u0101rcel\u0161an\u0101s<\/li>\n<li>Starptautiskie p\u0101rvadi<\/li>\n<li>P\u0101rv\u0101k\u0161an\u0101s uz dz\u012bvojam\u0101m telp\u0101m<\/li>\n<li>Uz\u0146\u0113mumu p\u0101rvieto\u0161an\u0101s<\/li>\n<li>P\u0101rvieto\u0161anas paketes l\u012bme\u0146a izv\u0113le<\/li>\n<li>Iepako\u0161anas pakalpojumi<\/li>\n<li>Autotransporta, j\u016bras un gaisa kravu p\u0101rvad\u0101jumi<\/li>\n<li>Muito\u0161ana<\/li>\n<li>Apdro\u0161in\u0101\u0161ana<\/li>\n<li>\u012astermi\u0146a un ilgtermi\u0146a uzglab\u0101\u0161anas telpas<\/li>\n<\/ul>\n<p>Niemi Services ir p\u0101rv\u0101k\u0161an\u0101s un lo\u0123istikas uz\u0146\u0113mums, kura darb\u012bbas centri atrodas Helsinkos, Jyvaskyl\u0101 un Kuopio, <a href=\"https:\/\/www.niemi.fi\/en\/about_us\/offices\/niemi_lahti\" target=\"_blank\" rel=\"noopener\">Lahti<\/a>,&nbsp;<a href=\"https:\/\/www.niemi.fi\/en\/about_us\/offices\/niemi_oulu\" target=\"_blank\" rel=\"noopener\">Oulu<\/a>,&nbsp;<a href=\"https:\/\/www.niemi.fi\/en\/about_us\/offices\/niemi_tampere\" target=\"_blank\" rel=\"noopener\">Tamperes<\/a>,&nbsp;<a href=\"https:\/\/www.niemi.fi\/en\/about_us\/offices\/niemi_turku\" target=\"_blank\" rel=\"noopener\">Turku<\/a>, un&nbsp;<a href=\"https:\/\/www.niemi.fi\/en\/about_us\/offices\/niemi_vaasa\" target=\"_blank\" rel=\"noopener\">Vaasa<\/a>. Sadarb\u012bb\u0101 ar starptautiskajiem p\u0101rvad\u0101jumu a\u0123entiem vi\u0146i pied\u0101v\u0101 p\u0101rcel\u0161an\u0101s pakalpojumus vis\u0101 pasaul\u0113. Uz\u0146\u0113mums ir IAM biedrs ar 41 gadu darba st\u0101\u017eu un ir akredit\u0113ts FIDI.<\/p>\n<p>Niemi Services pied\u0101v\u0101 p\u0101rcel\u0161an\u0101s pakalpojumu kl\u0101stu, s\u0101kot no p\u0101rcel\u0161an\u0101s kastu nomas l\u012bdz pilna servisa p\u0101rcel\u0161an\u0101s pakalpojumiem. Vi\u0146i pied\u0101v\u0101 bezmaksas nov\u0113rt\u0113\u0161anas un pl\u0101no\u0161anas viz\u012bti, lai veiktu p\u0101rcel\u0161an\u0101s pas\u0101kumus. Vi\u0146i izmanto savu autoparku un pied\u0101v\u0101 ar\u012b gaisa un j\u016bras kravu p\u0101rvad\u0101jumus ar vienu priek\u0161metu l\u012bdz pat pilniem konteineriem.<\/p>\n<p>T\u012bmek\u013ca vietne: <a href=\"http:\/\/www.niemi.fi\/en\" target=\"_blank\" rel=\"noopener\">http:\/\/www.niemi.fi\/en<\/a><\/p>\n<h2><span class=\"ez-toc-section\" id=\"3_Pegasus_Moving\"><\/span><strong>3. Pegasus Moving<\/strong><span class=\"ez-toc-section-end\"><\/span><\/h2>\n<p><img loading=\"lazy\" decoding=\"async\" class=\"alignnone size-full wp-image-5991\" src=\"https:\/\/moverdb.com\/wp-content\/uploads\/Pegasus-Moving-international-moving-company.png\" alt=\"Pegasus Moving starptautiskais p\u0101rvieto\u0161an\u0101s uz\u0146\u0113mums\" width=\"1440\" height=\"682\" data-wp-pid=\"5991\" srcset=\"https:\/\/moverdb.com\/wp-content\/uploads\/Pegasus-Moving-international-moving-company.png 1440w, https:\/\/moverdb.com\/wp-content\/uploads\/Pegasus-Moving-international-moving-company-300x142.png 300w, https:\/\/moverdb.com\/wp-content\/uploads\/Pegasus-Moving-international-moving-company-1024x485.png 1024w, https:\/\/moverdb.com\/wp-content\/uploads\/Pegasus-Moving-international-moving-company-18x9.png 18w, https:\/\/moverdb.com\/wp-content\/uploads\/Pegasus-Moving-international-moving-company-600x284.png 600w\" sizes=\"auto, (max-width: 1440px) 100vw, 1440px\" \/><\/p>\n<ul>\n<li>Valsts p\u0101rcel\u0161an\u0101s<\/li>\n<li>Starptautiskie p\u0101rvadi<\/li>\n<li>M\u0101jsaimniec\u012bbas p\u0101rv\u0101k\u0161an\u0101s<\/li>\n<li>P\u0101rcel\u0161an\u0101s pakalpojumi<\/li>\n<li>Individualiz\u0113ti pakalpojumi<\/li>\n<li>Iepako\u0161anas pakalpojumi<\/li>\n<li>P\u0113c pas\u016bt\u012bjuma izgatavotas p\u0101rvad\u0101\u0161anas kastes<\/li>\n<li>Muitas atbalsts<\/li>\n<li>Autotransports<\/li>\n<li>\u012astermi\u0146a l\u012bdz ilgtermi\u0146a uzglab\u0101\u0161ana<\/li>\n<\/ul>\n<p>Pegasus Moving ir p\u0101rcel\u0161an\u0101s un lo\u0123istikas uz\u0146\u0113mums ar vair\u0101k nek\u0101 20 gadu pieredzi, kas atrodas Helsinkos. Vi\u0146i sadarbojas ar citiem p\u0101rcel\u0161an\u0101s a\u0123entiem, lai nodro\u0161in\u0101tu starptautisku p\u0101rcel\u0161anos. Vi\u0146i ir IAM biedrs ar 11 gadu darba st\u0101\u017eu.<\/p>\n<p>Pegasus Moving pied\u0101v\u0101 p\u0101rcel\u0161an\u0101s apskates, lai noskaidrotu, k\u0101das ir j\u016bsu pras\u012bbas, un var nodro\u0161in\u0101t iepako\u0161anas pakalpojumus, lai aizsarg\u0101tu j\u016bsu mantas. Vi\u0146i organiz\u0113s visus j\u016bsu vajadz\u012bb\u0101m piel\u0101gotus p\u0101rcel\u0161an\u0101s aspektus un pal\u012bdz\u0113s jums izpild\u012bt muitas pras\u012bbas. Vi\u0146i pied\u0101v\u0101 ar\u012b papildu pakalpojumus, piem\u0113ram, gal\u012bgo uzkop\u0161anu, atkritumu izve\u0161anu, veco m\u0113be\u013cu p\u0101rstr\u0101di, elektroier\u012b\u010du uzst\u0101d\u012b\u0161anu un uzglab\u0101\u0161anu.<\/p>\n<p>T\u012bmek\u013ca vietne: <a href=\"http:\/\/www.pegasusmoving.fi\" target=\"_blank\" rel=\"noopener\">http:\/\/www.pegasusmoving.fi<\/a><\/p>\n<h2><span class=\"ez-toc-section\" id=\"4_Victor_EK\"><\/span><strong>4. Viktors EK<\/strong><span class=\"ez-toc-section-end\"><\/span><\/h2>\n<p><img loading=\"lazy\" decoding=\"async\" class=\"alignnone size-full wp-image-6010\" src=\"https:\/\/moverdb.com\/wp-content\/uploads\/Victor-EK-international-moving-company.png\" alt=\"Viktors EK starptautiskais p\u0101rvieto\u0161an\u0101s uz\u0146\u0113mums\" width=\"1440\" height=\"682\" data-wp-pid=\"6010\" srcset=\"https:\/\/moverdb.com\/wp-content\/uploads\/Victor-EK-international-moving-company.png 1440w, https:\/\/moverdb.com\/wp-content\/uploads\/Victor-EK-international-moving-company-300x142.png 300w, https:\/\/moverdb.com\/wp-content\/uploads\/Victor-EK-international-moving-company-1024x485.png 1024w, https:\/\/moverdb.com\/wp-content\/uploads\/Victor-EK-international-moving-company-18x9.png 18w, https:\/\/moverdb.com\/wp-content\/uploads\/Victor-EK-international-moving-company-600x284.png 600w\" sizes=\"auto, (max-width: 1440px) 100vw, 1440px\" \/><\/p>\n<ul>\n<li>Valsts p\u0101rcel\u0161an\u0101s<\/li>\n<li>Starptautiskie p\u0101rvadi<\/li>\n<li>M\u0101jsaimniec\u012bbas p\u0101rv\u0101k\u0161an\u0101s<\/li>\n<li>Uz\u0146\u0113mumu p\u0101rvieto\u0161ana<\/li>\n<li>Iepako\u0161anas pakalpojums<\/li>\n<li>Sauszemes, j\u016bras un gaisa transports<\/li>\n<li>Muito\u0161ana<\/li>\n<li>Apdro\u0161in\u0101\u0161ana<\/li>\n<li>Autotransports<\/li>\n<li>Uzglab\u0101\u0161anas iek\u0101rtas<\/li>\n<\/ul>\n<p>Victor EK ir 1885. gad\u0101 dibin\u0101ts \u0123imenes ku\u0123niec\u012bbas un lo\u0123istikas uz\u0146\u0113mums ar birojiem Helsinkos, Tamper\u0113 un Hanko. Uz\u0146\u0113mumam ir ilgtermi\u0146a attiec\u012bbas ar ku\u0123niec\u012bbas uz\u0146\u0113mumiem un starptautisk\u0101m organiz\u0101cij\u0101m, lai sniegtu savus pakalpojumus vis\u0101 pasaul\u0113. Uz\u0146\u0113mums ir biedrs <a href=\"https:\/\/moverdb.com\/lv\/harmony-relocation-network\/\" data-internallinksmanager029f6b8e52c=\"20\" title=\"Harmonijas p\u0101rvieto\u0161anas t\u012bkla (HRN) skaidrojums\">Harmonijas p\u0101rvieto\u0161anas t\u012bkls<\/a> ad IAM ar 129 gadu darba st\u0101\u017eu un ir akredit\u0113ta FIDI.<\/p>\n<p>Victor EK pied\u0101v\u0101 bezmaksas p\u0101rcel\u0161an\u0101s p\u0101rbaudi, lai noskaidrotu j\u016bsu pras\u012bbas. Vi\u0146i sniedz iepako\u0161anas pakalpojumus, ja jums tie ir nepiecie\u0161ami. Vi\u0146i organiz\u0113s j\u016bsu mantu transport\u0113\u0161anu pa sauszemi, gaisu vai j\u016bru un pal\u012bdz\u0113s ar muito\u0161anu un apdro\u0161in\u0101\u0161anu. Vi\u0146i pied\u0101v\u0101 ar\u012b uzkop\u0161anas pakalpojumus, kad atst\u0101jat savu m\u0101jokli.<\/p>\n<p>T\u012bmek\u013ca vietne: <a href=\"http:\/\/www.victorek.fi\" target=\"_blank\" rel=\"noopener\">http:\/\/www.victorek.fi<\/a><\/p>\n<h2><span class=\"ez-toc-section\" id=\"Other_Useful_Guides_to_Finland\"><\/span>Citi noder\u012bgi ce\u013cve\u017ei uz Somiju<span class=\"ez-toc-section-end\"><\/span><\/h2>\n<ul>\n<li> <a href=\"https:\/\/moverdb.com\/lv\/moving-to-finland\/\">P\u0101rcel\u0161an\u0101s uz Somiju? 2023 Dz\u012bves izmaksas un p\u0101rcel\u0161an\u0101s padomi<\/a><\/li>\n<li> <a href=\"https:\/\/moverdb.com\/lv\/moving-to-finland\/best-places-to-live-finland\/\">12 Lab\u0101k\u0101s vietas, kur dz\u012bvot Somij\u0101<\/a><\/li>\n<li> <a href=\"https:\/\/moverdb.com\/lv\/moving-to-finland\/living-in-finland\/\">21 nosl\u0113pums par dz\u012bvi Somij\u0101, kas j\u0101zina pirms p\u0101rcel\u0161an\u0101s<\/a><\/li>\n<li> <a href=\"https:\/\/moverdb.com\/lv\/konteineru-parvadajumi\/somija\/\">2024 J\u016bras kravu p\u0101rvad\u0101jumu konteineru p\u0101rvad\u0101jumu cenas uz Somiju un no Somijas<\/a><\/li>\n<\/ul>","protected":false},"excerpt":{"rendered":"<p>Moving home or business premises can be a stressful time as there is so much to arrange, especially if you are moving to another country. So, engaging the services of a moving company can help lighten the load as they can make all the arrangements for you and assist you in navigating through the paperwork. [&hellip;]<\/p>\n","protected":false},"author":4,"featured_media":0,"parent":190,"menu_order":0,"comment_status":"closed","ping_status":"closed","template":"","meta":{"_genesis_hide_title":false,"_genesis_hide_breadcrumbs":false,"_genesis_hide_singular_image":false,"_genesis_hide_footer_widgets":false,"_genesis_custom_body_class":"","_genesis_custom_post_class":"","_genesis_layout":"","footnotes":""},"class_list":{"0":"post-6051","1":"page","2":"type-page","3":"status-publish","5":"entry","6":"has-post-thumbnail"},"_links":{"self":[{"href":"https:\/\/moverdb.com\/lv\/wp-json\/wp\/v2\/pages\/6051","targetHints":{"allow":["GET"]}}],"collection":[{"href":"https:\/\/moverdb.com\/lv\/wp-json\/wp\/v2\/pages"}],"about":[{"href":"https:\/\/moverdb.com\/lv\/wp-json\/wp\/v2\/types\/page"}],"author":[{"embeddable":true,"href":"https:\/\/moverdb.com\/lv\/wp-json\/wp\/v2\/users\/4"}],"replies":[{"embeddable":true,"href":"https:\/\/moverdb.com\/lv\/wp-json\/wp\/v2\/comments?post=6051"}],"version-history":[{"count":3,"href":"https:\/\/moverdb.com\/lv\/wp-json\/wp\/v2\/pages\/6051\/revisions"}],"predecessor-version":[{"id":16285,"href":"https:\/\/moverdb.com\/lv\/wp-json\/wp\/v2\/pages\/6051\/revisions\/16285"}],"up":[{"embeddable":true,"href":"https:\/\/moverdb.com\/lv\/wp-json\/wp\/v2\/pages\/190"}],"wp:attachment":[{"href":"https:\/\/moverdb.com\/lv\/wp-json\/wp\/v2\/media?parent=6051"}],"curies":[{"name":"wp","href":"https:\/\/api.w.org\/{rel}","templated":true}]}}