{"id":6049,"date":"2023-02-01T13:40:08","date_gmt":"2023-02-01T13:40:08","guid":{"rendered":"https:\/\/moverdb.com\/?page_id=6049"},"modified":"2026-01-08T15:24:41","modified_gmt":"2026-01-08T15:24:41","slug":"parvietojas-uznemumi-fiji","status":"publish","type":"page","link":"https:\/\/moverdb.com\/lv\/moving-companies\/moving-companies-fiji\/","title":{"rendered":"4 lab\u0101kie starptautisk\u0101s p\u0101rcel\u0161an\u0101s uz\u0146\u0113mumi Fid\u017ei"},"content":{"rendered":"<p>Ja pl\u0101nojat p\u0101rcelties uz Fid\u017ei, no Fid\u017ei vai Fid\u017ei iek\u0161ien\u0113, tad, iesp\u0113jams, v\u0113laties izmantot cien\u012bjamas firmas pakalpojumus. <a href=\"https:\/\/moverdb.com\/lv\/moving-companies\/\" data-internallinksmanager029f6b8e52c=\"79\" title=\"Top 25 Starptautiskie p\u0101rcel\u0161an\u0101s uz\u0146\u0113mumi tie\u0161saist\u0113\">P\u0101rvieto\u0161an\u0101s uz\u0146\u0113mums<\/a> lai jums pal\u012bdz\u0113tu. Zem\u0101k m\u0113s esam apkopoju\u0161i Fid\u017ei sarakstu. <a href=\"https:\/\/moverdb.com\/lv\/international-removals\/\" data-internallinksmanager029f6b8e52c=\"27\" title=\"36 Lab\u0101kie starptautisko p\u0101rvad\u0101jumu uz\u0146\u0113mumi Apvienotaj\u0101 Karalist\u0113\">p\u0101rv\u0101k\u0161an\u0101s uz\u0146\u0113mumi<\/a> kas ir <a href=\"https:\/\/moverdb.com\/lv\/iam\/\" data-internallinksmanager029f6b8e52c=\"23\" title=\"Starptautisk\u0101s P\u0101rv\u0101c\u0113ju asoci\u0101cijas (IAM) skaidrojumi\">Starptautisk\u0101 P\u0101rv\u0101c\u0113ju asoci\u0101cija<\/a> (IAM) un\/vai <a href=\"https:\/\/moverdb.com\/lv\/fidi-faim\/\" data-internallinksmanager029f6b8e52c=\"16\" title=\"FIDI un FAIM (FIDI akredit\u0113tais starptautiskais p\u0101rvietot\u0101js) skaidrojums\">FIDI<\/a> Akredit\u0113ti starptautiskie p\u0101rv\u0101c\u0113ji (FAIM), kas var\u0113tu jums pal\u012bdz\u0113t p\u0101rcelties.<\/p>\n<div id=\"ez-toc-container\" class=\"ez-toc-v2_0_82_2 ez-toc-wrap-left counter-hierarchy ez-toc-counter ez-toc-transparent ez-toc-container-direction\">\n<div class=\"ez-toc-title-container\">\n<p class=\"ez-toc-title\" style=\"cursor:inherit\">Sada\u013cas<\/p>\n<span class=\"ez-toc-title-toggle\"><a href=\"#\" class=\"ez-toc-pull-right ez-toc-btn ez-toc-btn-xs ez-toc-btn-default ez-toc-toggle\" aria-label=\"P\u0101rsl\u0113gt satura tabulu\"><span class=\"ez-toc-js-icon-con\"><span class=\"\"><span class=\"eztoc-hide\" style=\"display:none;\">P\u0101rsl\u0113gt<\/span><span class=\"ez-toc-icon-toggle-span\"><svg style=\"fill: #999;color:#999\" xmlns=\"http:\/\/www.w3.org\/2000\/svg\" class=\"list-377408\" width=\"20px\" height=\"20px\" viewbox=\"0 0 24 24\" fill=\"none\"><path d=\"M6 6H4v2h2V6zm14 0H8v2h12V6zM4 11h2v2H4v-2zm16 0H8v2h12v-2zM4 16h2v2H4v-2zm16 0H8v2h12v-2z\" fill=\"currentColor\"><\/path><\/svg><svg style=\"fill: #999;color:#999\" class=\"arrow-unsorted-368013\" xmlns=\"http:\/\/www.w3.org\/2000\/svg\" width=\"10px\" height=\"10px\" viewbox=\"0 0 24 24\" version=\"1.2\" baseprofile=\"tiny\"><path d=\"M18.2 9.3l-6.2-6.3-6.2 6.3c-.2.2-.3.4-.3.7s.1.5.3.7c.2.2.4.3.7.3h11c.3 0 .5-.1.7-.3.2-.2.3-.5.3-.7s-.1-.5-.3-.7zM5.8 14.7l6.2 6.3 6.2-6.3c.2-.2.3-.5.3-.7s-.1-.5-.3-.7c-.2-.2-.4-.3-.7-.3h-11c-.3 0-.5.1-.7.3-.2.2-.3.5-.3.7s.1.5.3.7z\"\/><\/svg><\/span><\/span><\/span><\/a><\/span><\/div>\n<nav><ul class='ez-toc-list ez-toc-list-level-1 eztoc-toggle-hide-by-default' ><li class='ez-toc-page-1 ez-toc-heading-level-2'><a class=\"ez-toc-link ez-toc-heading-1\" href=\"https:\/\/moverdb.com\/lv\/moving-companies\/moving-companies-fiji\/#1_All_Freight_Logistics\" >1. Visa kravu lo\u0123istika<\/a><\/li><li class='ez-toc-page-1 ez-toc-heading-level-2'><a class=\"ez-toc-link ez-toc-heading-2\" href=\"https:\/\/moverdb.com\/lv\/moving-companies\/moving-companies-fiji\/#2_Freight_Services\" >2. Kravu p\u0101rvad\u0101jumu pakalpojumi<\/a><\/li><li class='ez-toc-page-1 ez-toc-heading-level-2'><a class=\"ez-toc-link ez-toc-heading-3\" href=\"https:\/\/moverdb.com\/lv\/moving-companies\/moving-companies-fiji\/#3_Movements_International\" >3. Starptautisk\u0101s kust\u012bbas<\/a><\/li><li class='ez-toc-page-1 ez-toc-heading-level-2'><a class=\"ez-toc-link ez-toc-heading-4\" href=\"https:\/\/moverdb.com\/lv\/moving-companies\/moving-companies-fiji\/#4_JVK_Magellan_International\" >4. JVK Magellan International<\/a><\/li><\/ul><\/nav><\/div>\n<h2><span class=\"ez-toc-section\" id=\"1_All_Freight_Logistics\"><\/span><strong>1. Visa kravu lo\u0123istika<\/strong><span class=\"ez-toc-section-end\"><\/span><\/h2>\n<p><img loading=\"lazy\" decoding=\"async\" class=\"alignnone size-full wp-image-5923\" src=\"https:\/\/moverdb.com\/wp-content\/uploads\/All-Freight-Logistics-international-moving-company.png\" alt=\"All Freight Lo\u0123istika starptautisks p\u0101rvietojas uz\u0146\u0113mums\" width=\"1440\" height=\"680\" data-wp-pid=\"5923\" srcset=\"https:\/\/moverdb.com\/wp-content\/uploads\/All-Freight-Logistics-international-moving-company.png 1440w, https:\/\/moverdb.com\/wp-content\/uploads\/All-Freight-Logistics-international-moving-company-300x142.png 300w, https:\/\/moverdb.com\/wp-content\/uploads\/All-Freight-Logistics-international-moving-company-1024x484.png 1024w, https:\/\/moverdb.com\/wp-content\/uploads\/All-Freight-Logistics-international-moving-company-18x9.png 18w, https:\/\/moverdb.com\/wp-content\/uploads\/All-Freight-Logistics-international-moving-company-600x283.png 600w\" sizes=\"auto, (max-width: 1440px) 100vw, 1440px\" \/><\/p>\n<ul>\n<li>Viet\u0113jie un viet\u0113jie p\u0101rvadi<\/li>\n<li>Starptautiskie p\u0101rvadi<\/li>\n<li>M\u0101jsaimniec\u012bbas p\u0101rv\u0101k\u0161an\u0101s<\/li>\n<li>Biroju p\u0101rcel\u0161an\u0101s<\/li>\n<li>Pakalpojums \"no durv\u012bm l\u012bdz durv\u012bm<\/li>\n<li>Jaun\u0101k\u0101s tehnolo\u0123ijas un resursi<\/li>\n<li>Sauszemes, j\u016bras un gaisa kravu p\u0101rvad\u0101jumi<\/li>\n<li>Kravas dokument\u0101cija un muito\u0161ana<\/li>\n<li>J\u016bras visu risku apdro\u0161in\u0101\u0161ana<\/li>\n<li>Uzglab\u0101\u0161anas iek\u0101rtas<\/li>\n<\/ul>\n<p>\"All Freight Logistics\" ir 2010. gad\u0101 Fid\u017ei dibin\u0101ts p\u0101rcel\u0161an\u0101s transporta un kravu eksped\u012bcijas pakalpojums. Uz\u0146\u0113mumam ir fili\u0101les Suv\u0101, Lautok\u0101, Nadi un Oklend\u0101. Vi\u0146i sadarbojas ar starptautiskajiem p\u0101rcel\u0161an\u0101s a\u0123entiem vis\u0101 pasaul\u0113, lai nodro\u0161in\u0101tu starptautisku p\u0101rcel\u0161anos. Uz\u0146\u0113mums ir IAM biedrs ar 12 gadu darba st\u0101\u017eu.<\/p>\n<p>All Freight Logistics pied\u0101v\u0101 m\u0101jsaimniec\u012bbu un biroju p\u0101rvieto\u0161anas pakalpojumus no durv\u012bm l\u012bdz durv\u012bm. Vi\u0146i pied\u0101v\u0101 da\u017e\u0101das kravu p\u0101rvad\u0101jumu iesp\u0113jas, tostarp gaisa un j\u016bras kravu p\u0101rvad\u0101jumus, kas piel\u0101goti j\u016bsu vajadz\u012bb\u0101m, piem\u0113ram, pilna konteinera kravas vai maz\u0101k nek\u0101 konteinera kravas. Vi\u0146i sniedz ar\u012b pal\u012bdz\u012bbu ar kravas dokument\u0101ciju un muito\u0161anu.<\/p>\n<p>T\u012bmek\u013ca vietne: <a href=\"http:\/\/www.allfreightfiji.com.fj\" target=\"_blank\" rel=\"noopener\">http:\/\/www.allfreightfiji.com.fj<\/a><\/p>\n<h2><span class=\"ez-toc-section\" id=\"2_Freight_Services\"><\/span><strong>2. Kravu p\u0101rvad\u0101jumu pakalpojumi<\/strong><span class=\"ez-toc-section-end\"><\/span><\/h2>\n<p><img loading=\"lazy\" decoding=\"async\" class=\"alignnone size-full wp-image-5947\" src=\"https:\/\/moverdb.com\/wp-content\/uploads\/Freight-Services-international-moving-company.png\" alt=\"Kravu p\u0101rvad\u0101jumu pakalpojumi starptautisks p\u0101rvietojas uz\u0146\u0113mums\" width=\"1440\" height=\"682\" data-wp-pid=\"5947\" srcset=\"https:\/\/moverdb.com\/wp-content\/uploads\/Freight-Services-international-moving-company.png 1440w, https:\/\/moverdb.com\/wp-content\/uploads\/Freight-Services-international-moving-company-300x142.png 300w, https:\/\/moverdb.com\/wp-content\/uploads\/Freight-Services-international-moving-company-1024x485.png 1024w, https:\/\/moverdb.com\/wp-content\/uploads\/Freight-Services-international-moving-company-18x9.png 18w, https:\/\/moverdb.com\/wp-content\/uploads\/Freight-Services-international-moving-company-600x284.png 600w\" sizes=\"auto, (max-width: 1440px) 100vw, 1440px\" \/><\/p>\n<ul>\n<li>Valsts p\u0101rcel\u0161an\u0101s<\/li>\n<li>Starptautiskie p\u0101rvadi<\/li>\n<li>M\u0101jsaimniec\u012bbas p\u0101rv\u0101k\u0161an\u0101s<\/li>\n<li>Biroju p\u0101rcel\u0161an\u0101s<\/li>\n<li>Iepako\u0161anas pakalpojumi<\/li>\n<li>Autotransports, j\u016bras un gaisa transports<\/li>\n<li>Muitas starpniec\u012bba<\/li>\n<li>Apdro\u0161in\u0101\u0161ana<\/li>\n<li><a href=\"https:\/\/moverdb.com\/lv\/car-transport-shipping\/\" data-internallinksmanager029f6b8e52c=\"2\" title=\"2026 Starptautiskais autotransports un transportl\u012bdzek\u013cu p\u0101rvad\u0101\u0161anas cit\u0101ti\">Transportl\u012bdzek\u013cu nos\u016bt\u012b\u0161ana<\/a><\/li>\n<li>\u012astermi\u0146a l\u012bdz ilgtermi\u0146a uzglab\u0101\u0161ana<\/li>\n<\/ul>\n<p>Freight Services ir transporta un lo\u0123istikas risin\u0101jumu sniedz\u0113js, kam ir tr\u012bs biroji Fid\u017ei - Suv\u0101, Nadi un Lautok\u0101, k\u0101 ar\u012b fili\u0101le Papua-Jaungvinej\u0101. <a href=\"https:\/\/moverdb.com\/lv\/moving-companies\/moving-companies-guinea\/\" data-internallinksmanager029f6b8e52c=\"231\" title=\"2 Lab\u0101kie starptautisk\u0101s p\u0101rcel\u0161an\u0101s uz\u0146\u0113mumi Gvinej\u0101\">Gvineja<\/a>. Vi\u0146i sadarbojas ar uzticamiem partneriem, lai sniegtu starptautisk\u0101s p\u0101rcel\u0161an\u0101s pakalpojumus. Vi\u0146i ir IAM biedrs ar 26 gadu darba st\u0101\u017eu.<\/p>\n<p>Freight Services pied\u0101v\u0101 nacion\u0101los un starptautiskos p\u0101rcel\u0161an\u0101s pakalpojumus no durv\u012bm l\u012bdz durv\u012bm, kas ietver pirmsp\u0101rcel\u0161an\u0101s apseko\u0161anu un iepako\u0161anas pakalpojumus, kurus sniedz profesion\u0101li apm\u0101c\u012btas komandas, kas dro\u0161i iesai\u0146os j\u016bsu mantas, izmantojot da\u017e\u0101dus materi\u0101lus. Vi\u0146i organiz\u0113s j\u016bsu mantu transport\u0113\u0161anu pa autoce\u013ciem, gaisu vai j\u016bru un, izmantojot starpniec\u012bbas pakalpojumus, pal\u012bdz\u0113s veikt muito\u0161anu.<\/p>\n<p>T\u012bmek\u013ca vietne: <a href=\"http:\/\/www.fsf.com.fj\" target=\"_blank\" rel=\"noopener\">http:\/\/www.fsf.com.fj<\/a><\/p>\n<h2><span class=\"ez-toc-section\" id=\"3_Movements_International\"><\/span><strong>3. Starptautisk\u0101s kust\u012bbas<\/strong><span class=\"ez-toc-section-end\"><\/span><\/h2>\n<p><img loading=\"lazy\" decoding=\"async\" class=\"alignnone size-full wp-image-5977\" src=\"https:\/\/moverdb.com\/wp-content\/uploads\/Movements-International-moving-company.png\" alt=\"P\u0101rvieto\u0161an\u0101s Starptautiskais p\u0101rv\u0101k\u0161an\u0101s uz\u0146\u0113mums\" width=\"1440\" height=\"679\" data-wp-pid=\"5977\" srcset=\"https:\/\/moverdb.com\/wp-content\/uploads\/Movements-International-moving-company.png 1440w, https:\/\/moverdb.com\/wp-content\/uploads\/Movements-International-moving-company-300x141.png 300w, https:\/\/moverdb.com\/wp-content\/uploads\/Movements-International-moving-company-1024x483.png 1024w, https:\/\/moverdb.com\/wp-content\/uploads\/Movements-International-moving-company-18x8.png 18w, https:\/\/moverdb.com\/wp-content\/uploads\/Movements-International-moving-company-600x283.png 600w\" sizes=\"auto, (max-width: 1440px) 100vw, 1440px\" \/><\/p>\n<ul>\n<li>Starptautiskie p\u0101rvadi<\/li>\n<li>M\u0101jsaimniec\u012bbas p\u0101rv\u0101k\u0161an\u0101s<\/li>\n<li>Komerci\u0101lie projekti<\/li>\n<li>Pakalpojums \"no durv\u012bm l\u012bdz durv\u012bm<\/li>\n<li>Iepako\u0161anas pakalpojums un invent\u0101rs<\/li>\n<li>Augstas kvalit\u0101tes iepakojuma materi\u0101ls<\/li>\n<li>Autotransports, j\u016bras un gaisa transports<\/li>\n<li>Atbalsts eksporta dokumentiem<\/li>\n<li>J\u016bras visu risku apdro\u0161in\u0101\u0161ana<\/li>\n<li>Uzglab\u0101\u0161anas iek\u0101rtas<\/li>\n<\/ul>\n<p>Movements International ir 2005. gad\u0101 dibin\u0101ts lo\u0123istikas un p\u0101rcel\u0161an\u0101s pakalpojumu sniedz\u0113js, kura birojs atrodas Suv\u0101 un ar\u012b <a href=\"https:\/\/moverdb.com\/lv\/moving-to-new-zealand\/\" data-internallinksmanager029f6b8e52c=\"324\" title=\"P\u0101rcel\u0161an\u0101s uz Jaunz\u0113landi? 2023 Dz\u012bves izmaksas un p\u0101rcel\u0161an\u0101s padomi\">Jaunz\u0113lande<\/a>. Vi\u0146i pied\u0101v\u0101 starptautiskus p\u0101rv\u0101k\u0161an\u0101s pakalpojumus, sadarbojoties ar starptautisku p\u0101rv\u0101k\u0161an\u0101s a\u0123entu t\u012bklu. Vi\u0146i ir IAM biedri ar 14 gadu darba st\u0101\u017eu.<\/p>\n<p>Movements International pied\u0101v\u0101 \"no durv\u012bm l\u012bdz durv\u012bm\" pakalpojumus, kas ietver profesion\u0101li apm\u0101c\u012btu person\u0101lu un specializ\u0113tus iepako\u0161anas un p\u0101rcel\u0161an\u0101s pakalpojumus. Vi\u0146i nodro\u0161ina da\u017e\u0101dus iesai\u0146o\u0161anas materi\u0101lus, tostarp kastes, kastes un iesai\u0146o\u0161anas materi\u0101lus, k\u0101 ar\u012b mar\u0137\u0113 priek\u0161metus un izveido invent\u0101ra sarakstu. Vi\u0146i pied\u0101v\u0101 kravas p\u0101rvad\u0101jumu iesp\u0113jas, tostarp pilnu konteineru kravas un maz\u0101k nek\u0101 konteineru kravas, k\u0101 ar\u012b sniedz atbalstu eksporta dokumentu sagatavo\u0161an\u0101.<\/p>\n<p>T\u012bmek\u013ca vietne: <a href=\"http:\/\/www.mifiji.com\" target=\"_blank\" rel=\"noopener\">http:\/\/www.mifiji.com<\/a><\/p>\n<h2><span class=\"ez-toc-section\" id=\"4_JVK_Magellan_International\"><\/span><strong>4. JVK Magellan International<\/strong><span class=\"ez-toc-section-end\"><\/span><\/h2>\n<p><img loading=\"lazy\" decoding=\"async\" class=\"alignnone size-full wp-image-5532\" src=\"https:\/\/moverdb.com\/wp-content\/uploads\/JVK-Asia-international-moving-company.png\" alt=\"JVK Asia starptautiskais p\u0101rvieto\u0161an\u0101s uz\u0146\u0113mums\" width=\"1440\" height=\"681\" data-wp-pid=\"5532\" srcset=\"https:\/\/moverdb.com\/wp-content\/uploads\/JVK-Asia-international-moving-company.png 1440w, https:\/\/moverdb.com\/wp-content\/uploads\/JVK-Asia-international-moving-company-300x142.png 300w, https:\/\/moverdb.com\/wp-content\/uploads\/JVK-Asia-international-moving-company-1024x484.png 1024w, https:\/\/moverdb.com\/wp-content\/uploads\/JVK-Asia-international-moving-company-18x9.png 18w, https:\/\/moverdb.com\/wp-content\/uploads\/JVK-Asia-international-moving-company-600x284.png 600w\" sizes=\"auto, (max-width: 1440px) 100vw, 1440px\" \/><\/p>\n<ul>\n<li>Valsts p\u0101rcel\u0161an\u0101s<\/li>\n<li>Starptautiskie p\u0101rvadi<\/li>\n<li>P\u0101rcel\u0161an\u0101s pakalpojumi<\/li>\n<li>M\u0101jsaimniec\u012bbas p\u0101rv\u0101k\u0161an\u0101s<\/li>\n<li>Biroju p\u0101rcel\u0161an\u0101s<\/li>\n<li>Pakalpojums \"no durv\u012bm l\u012bdz durv\u012bm<\/li>\n<li>Iepako\u0161anas pakalpojumi<\/li>\n<li>Autotransporta, j\u016bras un gaisa kravu p\u0101rvad\u0101jumi<\/li>\n<li>Muitas pras\u012bbu atbalsts<\/li>\n<li>\u012astermi\u0146a l\u012bdz ilgtermi\u0146a uzglab\u0101\u0161ana<\/li>\n<\/ul>\n<p>JVK Magellan International ir starptautisks p\u0101rvad\u0101jumu, lo\u0123istikas, noliktavu un izplat\u012b\u0161anas uz\u0146\u0113mums ar fili\u0101l\u0113m vis\u0101 pasaul\u0113, kas dibin\u0101ts 1979. gad\u0101. <a href=\"https:\/\/moverdb.com\/lv\/moving-to-thailand\/\" data-internallinksmanager029f6b8e52c=\"318\" title=\"P\u0101rcel\u0161an\u0101s uz Taizemi? 2023 Dz\u012bves izmaksas un p\u0101rcel\u0161an\u0101s padomi\">Taizeme<\/a>. Vi\u0146u birojs atrodas Suv\u0101, Fid\u017ei, un tas ir IAM biedrs.<\/p>\n<p>JVK Magellan International pied\u0101v\u0101 pirmsp\u0101rv\u0101k\u0161an\u0101s apsekojumu, lai nov\u0113rt\u0113tu j\u016bsu vajadz\u012bbas un sniegtu p\u0101rv\u0101k\u0161an\u0101s pied\u0101v\u0101jumu par pakalpojumiem \"no durv\u012bm l\u012bdz durv\u012bm\". Vi\u0146i nodro\u0161ina profesion\u0101lus iepakot\u0101jus, kas aizsarg\u0101s j\u016bsu mantas, izmantojot augstas kvalit\u0101tes materi\u0101lus, sagatavos detaliz\u0113tu invent\u0101ra sarakstu un pied\u0101v\u0101s visu risku apdro\u0161in\u0101\u0161anu. Vi\u0146i organiz\u0113s p\u0101rvad\u0101jumus pa autoce\u013ciem, j\u016bru un gaisu un sniegs konsult\u0101cijas par muitas pras\u012bb\u0101m.<\/p>\n<p>T\u012bmek\u013ca vietne: <a href=\"http:\/\/jvkasia.com\" target=\"_blank\" rel=\"noopener\">http:\/\/jvkasia.com<\/a><\/p>","protected":false},"excerpt":{"rendered":"<p>If you are planning on moving to, from or within Fiji then you may want to employ the services of a reputable moving company to assist you. Below we have compiled a list of Fijian removal companies that are members of the International Association of Movers (IAM) and\/or FIDI Accredited International Mover (FAIM) who could [&hellip;]<\/p>\n","protected":false},"author":4,"featured_media":0,"parent":190,"menu_order":0,"comment_status":"closed","ping_status":"closed","template":"","meta":{"_genesis_hide_title":false,"_genesis_hide_breadcrumbs":false,"_genesis_hide_singular_image":false,"_genesis_hide_footer_widgets":false,"_genesis_custom_body_class":"","_genesis_custom_post_class":"","_genesis_layout":"","footnotes":""},"class_list":{"0":"post-6049","1":"page","2":"type-page","3":"status-publish","5":"entry","6":"has-post-thumbnail"},"_links":{"self":[{"href":"https:\/\/moverdb.com\/lv\/wp-json\/wp\/v2\/pages\/6049","targetHints":{"allow":["GET"]}}],"collection":[{"href":"https:\/\/moverdb.com\/lv\/wp-json\/wp\/v2\/pages"}],"about":[{"href":"https:\/\/moverdb.com\/lv\/wp-json\/wp\/v2\/types\/page"}],"author":[{"embeddable":true,"href":"https:\/\/moverdb.com\/lv\/wp-json\/wp\/v2\/users\/4"}],"replies":[{"embeddable":true,"href":"https:\/\/moverdb.com\/lv\/wp-json\/wp\/v2\/comments?post=6049"}],"version-history":[{"count":1,"href":"https:\/\/moverdb.com\/lv\/wp-json\/wp\/v2\/pages\/6049\/revisions"}],"predecessor-version":[{"id":6050,"href":"https:\/\/moverdb.com\/lv\/wp-json\/wp\/v2\/pages\/6049\/revisions\/6050"}],"up":[{"embeddable":true,"href":"https:\/\/moverdb.com\/lv\/wp-json\/wp\/v2\/pages\/190"}],"wp:attachment":[{"href":"https:\/\/moverdb.com\/lv\/wp-json\/wp\/v2\/media?parent=6049"}],"curies":[{"name":"wp","href":"https:\/\/api.w.org\/{rel}","templated":true}]}}