{"id":6046,"date":"2023-02-01T13:44:41","date_gmt":"2023-02-01T13:44:41","guid":{"rendered":"https:\/\/moverdb.com\/?page_id=6046"},"modified":"2026-01-08T15:25:06","modified_gmt":"2026-01-08T15:25:06","slug":"parvietojas-uznemumi-etiopija","status":"publish","type":"page","link":"https:\/\/moverdb.com\/lv\/moving-companies\/moving-companies-ethiopia\/","title":{"rendered":"5 Lab\u0101kie starptautisk\u0101s p\u0101rcel\u0161an\u0101s uz\u0146\u0113mumi Etiopij\u0101"},"content":{"rendered":"<p>P\u0101rcel\u0161an\u0101s ir saspringts un stresa pilns laiks, jo \u012bpa\u0161i, ja p\u0101rce\u013caties no vienas valsts uz citu, t\u0101p\u0113c p\u0101rcel\u0161an\u0101s uz\u0146\u0113muma atbalsts var pal\u012bdz\u0113t. <a href=\"https:\/\/moverdb.com\/lv\/moving-companies\/\" data-internallinksmanager029f6b8e52c=\"79\" title=\"Top 25 Starptautiskie p\u0101rcel\u0161an\u0101s uz\u0146\u0113mumi tie\u0161saist\u0113\">P\u0101rcel\u0161an\u0101s uz\u0146\u0113mumi<\/a> var pal\u012bdz\u0113t ar dokumentu k\u0101rto\u0161anu un transporta organiz\u0113\u0161anu. Zem\u0101k m\u0113s esam apkopoju\u0161i Etiopijas uz\u0146\u0113mumu sarakstu. <a href=\"https:\/\/moverdb.com\/lv\/international-removals\/\" data-internallinksmanager029f6b8e52c=\"27\" title=\"36 Lab\u0101kie starptautisko p\u0101rvad\u0101jumu uz\u0146\u0113mumi Apvienotaj\u0101 Karalist\u0113\">p\u0101rv\u0101k\u0161an\u0101s uz\u0146\u0113mumi<\/a> kas ir <a href=\"https:\/\/moverdb.com\/lv\/iam\/\" data-internallinksmanager029f6b8e52c=\"23\" title=\"Starptautisk\u0101s P\u0101rv\u0101c\u0113ju asoci\u0101cijas (IAM) skaidrojumi\">Starptautisk\u0101 P\u0101rv\u0101c\u0113ju asoci\u0101cija<\/a> (IAM) un\/vai <a href=\"https:\/\/moverdb.com\/lv\/fidi-faim\/\" data-internallinksmanager029f6b8e52c=\"16\" title=\"FIDI un FAIM (FIDI akredit\u0113tais starptautiskais p\u0101rvietot\u0101js) skaidrojums\">FIDI<\/a> Akredit\u0113ti starptautiskie p\u0101rv\u0101c\u0113ji (FAIM), kas var\u0113tu jums pal\u012bdz\u0113t p\u0101rcelties.<\/p>\n<div id=\"ez-toc-container\" class=\"ez-toc-v2_0_82_2 ez-toc-wrap-left counter-hierarchy ez-toc-counter ez-toc-transparent ez-toc-container-direction\">\n<div class=\"ez-toc-title-container\">\n<p class=\"ez-toc-title\" style=\"cursor:inherit\">Sada\u013cas<\/p>\n<span class=\"ez-toc-title-toggle\"><a href=\"#\" class=\"ez-toc-pull-right ez-toc-btn ez-toc-btn-xs ez-toc-btn-default ez-toc-toggle\" aria-label=\"P\u0101rsl\u0113gt satura tabulu\"><span class=\"ez-toc-js-icon-con\"><span class=\"\"><span class=\"eztoc-hide\" style=\"display:none;\">P\u0101rsl\u0113gt<\/span><span class=\"ez-toc-icon-toggle-span\"><svg style=\"fill: #999;color:#999\" xmlns=\"http:\/\/www.w3.org\/2000\/svg\" class=\"list-377408\" width=\"20px\" height=\"20px\" viewbox=\"0 0 24 24\" fill=\"none\"><path d=\"M6 6H4v2h2V6zm14 0H8v2h12V6zM4 11h2v2H4v-2zm16 0H8v2h12v-2zM4 16h2v2H4v-2zm16 0H8v2h12v-2z\" fill=\"currentColor\"><\/path><\/svg><svg style=\"fill: #999;color:#999\" class=\"arrow-unsorted-368013\" xmlns=\"http:\/\/www.w3.org\/2000\/svg\" width=\"10px\" height=\"10px\" viewbox=\"0 0 24 24\" version=\"1.2\" baseprofile=\"tiny\"><path d=\"M18.2 9.3l-6.2-6.3-6.2 6.3c-.2.2-.3.4-.3.7s.1.5.3.7c.2.2.4.3.7.3h11c.3 0 .5-.1.7-.3.2-.2.3-.5.3-.7s-.1-.5-.3-.7zM5.8 14.7l6.2 6.3 6.2-6.3c.2-.2.3-.5.3-.7s-.1-.5-.3-.7c-.2-.2-.4-.3-.7-.3h-11c-.3 0-.5.1-.7.3-.2.2-.3.5-.3.7s.1.5.3.7z\"\/><\/svg><\/span><\/span><\/span><\/a><\/span><\/div>\n<nav><ul class='ez-toc-list ez-toc-list-level-1 eztoc-toggle-hide-by-default' ><li class='ez-toc-page-1 ez-toc-heading-level-2'><a class=\"ez-toc-link ez-toc-heading-1\" href=\"https:\/\/moverdb.com\/lv\/moving-companies\/moving-companies-ethiopia\/#1_Melehk_Logistics\" >1. Melehk lo\u0123istika<\/a><\/li><li class='ez-toc-page-1 ez-toc-heading-level-2'><a class=\"ez-toc-link ez-toc-heading-2\" href=\"https:\/\/moverdb.com\/lv\/moving-companies\/moving-companies-ethiopia\/#2_Move_One\" >2. P\u0101rvietojums 1<\/a><\/li><li class='ez-toc-page-1 ez-toc-heading-level-2'><a class=\"ez-toc-link ez-toc-heading-3\" href=\"https:\/\/moverdb.com\/lv\/moving-companies\/moving-companies-ethiopia\/#3_Panafric_Global\" >3. Panafric Global<\/a><\/li><li class='ez-toc-page-1 ez-toc-heading-level-2'><a class=\"ez-toc-link ez-toc-heading-4\" href=\"https:\/\/moverdb.com\/lv\/moving-companies\/moving-companies-ethiopia\/#4_Segon_Marill_Movers\" >4. Segon Marill Movers<\/a><\/li><li class='ez-toc-page-1 ez-toc-heading-level-2'><a class=\"ez-toc-link ez-toc-heading-5\" href=\"https:\/\/moverdb.com\/lv\/moving-companies\/moving-companies-ethiopia\/#5_Solomon_Zewdu_Shipping_and_Freight_Forwarding\" >5. Solomon Zewdu Shipping and Freight Forwarding<\/a><\/li><\/ul><\/nav><\/div>\n<h2><span class=\"ez-toc-section\" id=\"1_Melehk_Logistics\"><\/span><strong>1. Melehk lo\u0123istika<\/strong><span class=\"ez-toc-section-end\"><\/span><\/h2>\n<p><img loading=\"lazy\" decoding=\"async\" class=\"alignnone size-full wp-image-5971\" src=\"https:\/\/moverdb.com\/wp-content\/uploads\/Melehk-Logistics-international-moving-company.png\" alt=\"Melehk Lo\u0123istika starptautisks p\u0101rvietojas uz\u0146\u0113mums\" width=\"1440\" height=\"674\" data-wp-pid=\"5971\" srcset=\"https:\/\/moverdb.com\/wp-content\/uploads\/Melehk-Logistics-international-moving-company.png 1440w, https:\/\/moverdb.com\/wp-content\/uploads\/Melehk-Logistics-international-moving-company-300x140.png 300w, https:\/\/moverdb.com\/wp-content\/uploads\/Melehk-Logistics-international-moving-company-1024x479.png 1024w, https:\/\/moverdb.com\/wp-content\/uploads\/Melehk-Logistics-international-moving-company-18x8.png 18w, https:\/\/moverdb.com\/wp-content\/uploads\/Melehk-Logistics-international-moving-company-600x281.png 600w\" sizes=\"auto, (max-width: 1440px) 100vw, 1440px\" \/><\/p>\n<ul>\n<li>Viet\u0113jie un viet\u0113jie p\u0101rvadi<\/li>\n<li>Starptautiskie p\u0101rvadi<\/li>\n<li>M\u0101jsaimniec\u012bbas p\u0101rvieto\u0161ana<\/li>\n<li>Personaliz\u0113ts un piel\u0101gots pakalpojums<\/li>\n<li>Specializ\u0113ts p\u0101rcel\u0161an\u0101s koordinators<\/li>\n<li>Organiz\u0113jam un p\u0101rvald\u0101m visus j\u016bsu p\u0101rcel\u0161an\u0101s aspektus<\/li>\n<li>Autotransporta, j\u016bras un gaisa kravu p\u0101rvad\u0101jumi<\/li>\n<li>Muitas starpniec\u012bba<\/li>\n<li>Starptautisk\u0101s partner\u012bbas<\/li>\n<li>Uzglab\u0101\u0161anas iek\u0101rtas<\/li>\n<\/ul>\n<p>Melehk Logistics ir kravas eksped\u012bcijas un lo\u0123istikas uz\u0146\u0113mums, kas dibin\u0101ts 2011. gad\u0101 k\u0101 Ginchi Trading un pied\u0101v\u0101 p\u0101rvieto\u0161anas pakalpojumus Etiopij\u0101, uz Etiopiju un no t\u0101s. Uz\u0146\u0113mums sadarbojas ar starptautisku p\u0101rvad\u0101jumu t\u012bklu, lai sniegtu p\u0101rvieto\u0161anas pakalpojumus vis\u0101 pasaul\u0113. Uz\u0146\u0113mums ir IAM biedrs ar devi\u0146u gadu darba st\u0101\u017eu.<\/p>\n<p>Melehk Logistics pied\u0101v\u0101 m\u0101jsaimniec\u012bbu p\u0101rcel\u0161an\u0101s pakalpojumus starptautisk\u0101 m\u0113rog\u0101 vis\u0101 pasaul\u0113 un nodro\u0161ina \u012bpa\u0161u p\u0101rcel\u0161an\u0101s koordinatoru. Vi\u0146i pied\u0101v\u0101 personaliz\u0113tus un piel\u0101gotus pakalpojumus, kas organiz\u0113 katru j\u016bsu p\u0101rcel\u0161an\u0101s aspektu, efekt\u012bvi p\u0101rvaldot j\u016bsu p\u0101rcel\u0161anos. Vi\u0146i pied\u0101v\u0101 kravu p\u0101rvad\u0101jumu iesp\u0113jas, kas ietver autotransporta, gaisa un j\u016bras p\u0101rvad\u0101jumus ar muitas starpniec\u012bbas atbalstu.<\/p>\n<p>T\u012bmek\u013ca vietne: <a href=\"http:\/\/www.melehk.com\" target=\"_blank\" rel=\"noopener\">http:\/\/www.melehk.com<\/a><\/p>\n<h2><span class=\"ez-toc-section\" id=\"2_Move_One\"><\/span><strong>2. P\u0101rvietojums 1<\/strong><span class=\"ez-toc-section-end\"><\/span><\/h2>\n<p><img loading=\"lazy\" decoding=\"async\" class=\"alignnone size-full wp-image-5974\" src=\"https:\/\/moverdb.com\/wp-content\/uploads\/Move-One-Ethiopia-international-moving-company.png\" alt=\"Move One Etiopija starptautiskais p\u0101rcel\u0161an\u0101s uz\u0146\u0113mums\" width=\"1440\" height=\"667\" data-wp-pid=\"5974\" srcset=\"https:\/\/moverdb.com\/wp-content\/uploads\/Move-One-Ethiopia-international-moving-company.png 1440w, https:\/\/moverdb.com\/wp-content\/uploads\/Move-One-Ethiopia-international-moving-company-300x139.png 300w, https:\/\/moverdb.com\/wp-content\/uploads\/Move-One-Ethiopia-international-moving-company-1024x474.png 1024w, https:\/\/moverdb.com\/wp-content\/uploads\/Move-One-Ethiopia-international-moving-company-18x8.png 18w, https:\/\/moverdb.com\/wp-content\/uploads\/Move-One-Ethiopia-international-moving-company-600x278.png 600w\" sizes=\"auto, (max-width: 1440px) 100vw, 1440px\" \/><\/p>\n<ul>\n<li>Valsts p\u0101rcel\u0161an\u0101s<\/li>\n<li>Starptautiskie p\u0101rvadi<\/li>\n<li>M\u0101jsaimniec\u012bbas p\u0101rv\u0101k\u0161an\u0101s<\/li>\n<li>Komerci\u0101lie p\u0101rvadi<\/li>\n<li>Iepako\u0161anas pakalpojums<\/li>\n<li>Sauszemes, j\u016bras un gaisa kravu p\u0101rvad\u0101jumi<\/li>\n<li>Muitas starpniec\u012bba<\/li>\n<li>V\u012bzu un imigr\u0101cijas pakalpojumi<\/li>\n<li>M\u0101jdz\u012bvnieku p\u0101rvad\u0101jumi<\/li>\n<li>Dro\u0161a uzglab\u0101\u0161ana<\/li>\n<\/ul>\n<p>Move One ir 1992. gad\u0101 dibin\u0101ts starptautisks p\u0101rvieto\u0161an\u0101s uz\u0146\u0113mums ar birojiem Eirop\u0101, \u0100frik\u0101 un \u0100zij\u0101, tostarp biroju Etiopij\u0101, Adisabeb\u0101. Uz\u0146\u0113mums sadarbojas ar starptautiskiem partneriem, lai veiktu p\u0101rcel\u0161an\u0101s darbus \u0101rpus savas darb\u012bbas teritorijas. Uz\u0146\u0113mums ir IAM biedrs, kas jau 8 gadus darbojas Etiopij\u0101.<\/p>\n<p>Move One apkalpo da\u017e\u0101das nozares, tostarp komerci\u0101lo mazumtirdzniec\u012bbas sektoru, diplom\u0101tisk\u0101s kopienas, viet\u0113j\u0101s valsts iest\u0101des un \u0101rvalstu darbuz\u0146\u0113m\u0113jus. Vi\u0146i nodro\u0161ina eksporta iepakojumu, lai aizsarg\u0101tu j\u016bsu mantas, un organiz\u0113 p\u0101rvad\u0101jumus pa sauszemi, gaisu un j\u016bru ar muitas starpniec\u012bbu. Vi\u0146i pied\u0101v\u0101 ar\u012b papildu pakalpojumus, tostarp pal\u012bdz\u012bbu v\u012bzu un imigr\u0101cijas jaut\u0101jumos un m\u0101jdz\u012bvnieku p\u0101rvad\u0101\u0161anu.<\/p>\n<p>T\u012bmek\u013ca vietne: <a href=\"http:\/\/www.moveoneinc.com\/ethiopia\" target=\"_blank\" rel=\"noopener\">http:\/\/www.moveoneinc.com\/ethiopia<\/a><\/p>\n<h2><span class=\"ez-toc-section\" id=\"3_Panafric_Global\"><\/span><strong>3. Panafric Global<\/strong><span class=\"ez-toc-section-end\"><\/span><\/h2>\n<p><img loading=\"lazy\" decoding=\"async\" class=\"alignnone size-full wp-image-5990\" src=\"https:\/\/moverdb.com\/wp-content\/uploads\/Panafric-Global-international-moving-company.png\" alt=\"Panafric Global starptautiskais p\u0101rcel\u0161an\u0101s uz\u0146\u0113mums\" width=\"1440\" height=\"674\" data-wp-pid=\"5990\" srcset=\"https:\/\/moverdb.com\/wp-content\/uploads\/Panafric-Global-international-moving-company.png 1440w, https:\/\/moverdb.com\/wp-content\/uploads\/Panafric-Global-international-moving-company-300x140.png 300w, https:\/\/moverdb.com\/wp-content\/uploads\/Panafric-Global-international-moving-company-1024x479.png 1024w, https:\/\/moverdb.com\/wp-content\/uploads\/Panafric-Global-international-moving-company-18x8.png 18w, https:\/\/moverdb.com\/wp-content\/uploads\/Panafric-Global-international-moving-company-600x281.png 600w\" sizes=\"auto, (max-width: 1440px) 100vw, 1440px\" \/><\/p>\n<ul>\n<li>Starptautiskie p\u0101rvadi<\/li>\n<li>M\u0101jsaimniec\u012bbas p\u0101rv\u0101k\u0161an\u0101s<\/li>\n<li>Komerci\u0101lie projekti<\/li>\n<li>P\u0101rcel\u0161an\u0101s pakalpojums<\/li>\n<li>Kompleksais risin\u0101jums<\/li>\n<li>Sauszemes, j\u016bras un gaisa kravu p\u0101rvad\u0101jumi<\/li>\n<li>Muitas un dokument\u0101cijas atbalsts<\/li>\n<li>Pal\u012bdz\u012bba iek\u0101rto\u0161an\u0101s viet\u0101<\/li>\n<li>Kravu apdro\u0161in\u0101\u0161ana<\/li>\n<li>Uzglab\u0101\u0161anas risin\u0101jumi<\/li>\n<\/ul>\n<p>Panafric Global ir multimod\u0101lo p\u0101rvad\u0101jumu un lo\u0123istikas uz\u0146\u0113mums, kas dibin\u0101ts 1993. gad\u0101 Adis\u0101, un tam ir piecas fili\u0101les lidost\u0101, Kality, Adam\u0101, Hawassa un Adis\u0101. <a href=\"https:\/\/moverdb.com\/lv\/moving-companies\/moving-companies-djibouti\/\" data-internallinksmanager029f6b8e52c=\"220\" title=\"Lab\u0101kie starptautisk\u0101s p\u0101rcel\u0161an\u0101s uz\u0146\u0113mumi D\u017eibutij\u0101\">D\u017eibutija<\/a>. Vi\u0146i sniedz p\u0101rvieto\u0161anas un p\u0101rcel\u0161an\u0101s pakalpojumus Etiopij\u0101, uz Etiopiju un no t\u0101s. Vi\u0146i ir IAM biedri ar 29 gadu darba st\u0101\u017eu.<\/p>\n<p>Panafric Global pied\u0101v\u0101 pakalpojumus \"no durv\u012bm l\u012bdz durv\u012bm\" uz un no jebkuras vietas pasaul\u0113. Vi\u0146i nodro\u0161ina p\u0101rvad\u0101jumus pa sauszemi, gaisu un j\u016bru, k\u0101 ar\u012b atbalsta pakalpojumus, kas pal\u012bdz nok\u0101rtot muitas un dokument\u0101cijas jaut\u0101jumus. Vi\u0146i pied\u0101v\u0101 p\u0101rcel\u0161an\u0101s pakalpojumus, kas pal\u012bdz apmesties uz dz\u012bvi, tostarp atrast skolu, sag\u0101d\u0101t transportl\u012bdzek\u013cus, nodro\u0161in\u0101t komun\u0101los pakalpojumus un apdro\u0161in\u0101\u0161anu.<\/p>\n<p>T\u012bmek\u013ca vietne: <a href=\"http:\/\/www.panafricglobal.com\" target=\"_blank\" rel=\"noopener\">http:\/\/www.panafricglobal.com<\/a><\/p>\n<h2><span class=\"ez-toc-section\" id=\"4_Segon_Marill_Movers\"><\/span><strong>4. Segon Marill Movers<\/strong><span class=\"ez-toc-section-end\"><\/span><\/h2>\n<p><img loading=\"lazy\" decoding=\"async\" class=\"alignnone size-full wp-image-6002\" src=\"https:\/\/moverdb.com\/wp-content\/uploads\/Segon-Marill-Movers-international-moving-company.png\" alt=\"Segon Marill Movers starptautisks p\u0101rvietojas uz\u0146\u0113mums\" width=\"1440\" height=\"681\" data-wp-pid=\"6002\" srcset=\"https:\/\/moverdb.com\/wp-content\/uploads\/Segon-Marill-Movers-international-moving-company.png 1440w, https:\/\/moverdb.com\/wp-content\/uploads\/Segon-Marill-Movers-international-moving-company-300x142.png 300w, https:\/\/moverdb.com\/wp-content\/uploads\/Segon-Marill-Movers-international-moving-company-1024x484.png 1024w, https:\/\/moverdb.com\/wp-content\/uploads\/Segon-Marill-Movers-international-moving-company-18x9.png 18w, https:\/\/moverdb.com\/wp-content\/uploads\/Segon-Marill-Movers-international-moving-company-600x284.png 600w\" sizes=\"auto, (max-width: 1440px) 100vw, 1440px\" \/><\/p>\n<ul>\n<li>Valsts p\u0101rcel\u0161an\u0101s<\/li>\n<li>Starptautiskie p\u0101rvadi<\/li>\n<li>M\u0101jsaimniec\u012bbas p\u0101rv\u0101k\u0161an\u0101s<\/li>\n<li>Uz\u0146\u0113mumu p\u0101rvieto\u0161an\u0101s<\/li>\n<li>P\u0101rcel\u0161an\u0101s pakalpojums<\/li>\n<li>Iepako\u0161anas pakalpojums<\/li>\n<li>Sauszemes, j\u016bras un gaisa transports<\/li>\n<li>Iek\u0101rto\u0161an\u0101s pakalpojumi<\/li>\n<li>M\u0101ju un skolu mekl\u0113\u0161ana<\/li>\n<li>Dro\u0161a uzglab\u0101\u0161ana<\/li>\n<\/ul>\n<p>Segon Marill Movers ir starptautisks p\u0101rvieto\u0161an\u0101s un uzglab\u0101\u0161anas uz\u0146\u0113mums, kas dibin\u0101ts pirms 21 gada. Lai sniegtu pakalpojumus vis\u0101 pasaul\u0113, uz\u0146\u0113mums sadarbojas ar 50 partneru a\u0123entiem. Uz\u0146\u0113mums ir IAM biedrs ar 31 gadu darba st\u0101\u017eu.<\/p>\n<p>Segon Marill Movers pied\u0101v\u0101 individualiz\u0113tus p\u0101rcel\u0161an\u0101s pakalpojumus, k\u0101 ar\u012b iepako\u0161anas pakalpojumus, izmantojot augstas kvalit\u0101tes pa\u0146\u0113mienus un materi\u0101lus, lai aizsarg\u0101tu j\u016bsu mantas. Vi\u0146i organiz\u0113 p\u0101rvad\u0101jumus pa sauszemi, j\u016bru vai gaisu un vajadz\u012bbas gad\u012bjum\u0101 izmanto partneru a\u0123entu atbalstu. P\u0101rcel\u0161an\u0101s pakalpojumi pal\u012bdz jums apmesties jaunaj\u0101 valst\u012b, un tie ietver orient\u0113\u0161an\u0101s ekskursiju, pal\u012bdz\u012bbu m\u0101jok\u013ca un skolas mekl\u0113jumos, k\u0101 ar\u012b atbalstu izbrauk\u0161anas pakalpojumu snieg\u0161an\u0101.<\/p>\n<p>T\u012bmek\u013ca vietne: <a href=\"http:\/\/www.segon-marill.com\" target=\"_blank\" rel=\"noopener\">http:\/\/www.segon-marill.com<\/a><\/p>\n<h2><span class=\"ez-toc-section\" id=\"5_Solomon_Zewdu_Shipping_and_Freight_Forwarding\"><\/span><strong>5. Solomon Zewdu Shipping and Freight Forwarding<\/strong><span class=\"ez-toc-section-end\"><\/span><\/h2>\n<p><img loading=\"lazy\" decoding=\"async\" class=\"alignnone size-full wp-image-6047\" src=\"https:\/\/moverdb.com\/wp-content\/uploads\/Solomon-Zewdu-international-moving-company.png\" alt=\"Solomon Zewdu starptautisks p\u0101rvietojas uz\u0146\u0113mums\" width=\"1440\" height=\"682\" data-wp-pid=\"6047\" srcset=\"https:\/\/moverdb.com\/wp-content\/uploads\/Solomon-Zewdu-international-moving-company.png 1440w, https:\/\/moverdb.com\/wp-content\/uploads\/Solomon-Zewdu-international-moving-company-300x142.png 300w, https:\/\/moverdb.com\/wp-content\/uploads\/Solomon-Zewdu-international-moving-company-1024x485.png 1024w, https:\/\/moverdb.com\/wp-content\/uploads\/Solomon-Zewdu-international-moving-company-18x9.png 18w, https:\/\/moverdb.com\/wp-content\/uploads\/Solomon-Zewdu-international-moving-company-600x284.png 600w\" sizes=\"auto, (max-width: 1440px) 100vw, 1440px\" \/><\/p>\n<ul>\n<li>Viet\u0113jie un viet\u0113jie p\u0101rvadi<\/li>\n<li>Starptautiskie p\u0101rvadi<\/li>\n<li>M\u0101jsaimniec\u012bbas p\u0101rv\u0101k\u0161an\u0101s<\/li>\n<li>Biroju p\u0101rvieto\u0161ana<\/li>\n<li>Pakalpojums \"no durv\u012bm l\u012bdz durv\u012bm<\/li>\n<li>Iepako\u0161anas pakalpojums<\/li>\n<li>Sauszemes, j\u016bras un gaisa transports<\/li>\n<li>Muito\u0161ana<\/li>\n<li>Transportl\u012bdzek\u013cu transport\u0113\u0161ana<\/li>\n<li>Uzglab\u0101\u0161anas iek\u0101rtas<\/li>\n<\/ul>\n<p>Solomon Zewdu Shipping and Freight Forwarding ir p\u0101rcel\u0161an\u0101s, kravu un eksped\u012bcijas uz\u0146\u0113mums ar vair\u0101k nek\u0101 20 gadu pieredzi p\u0101rcel\u0161an\u0101s pakalpojumu snieg\u0161an\u0101. Uz\u0146\u0113mums sadarbojas ar \u0101rvalstu partneriem, lai veiktu starptautiskus p\u0101rv\u0101k\u0161an\u0101s darbus. Uz\u0146\u0113mums ir IAM biedrs ar 22 gadu darba st\u0101\u017eu.<\/p>\n<p>Solomon Zewdu Shipping and Freight Forwarding pied\u0101v\u0101 m\u0101jsaimniec\u012bbu un biroju p\u0101rvieto\u0161anas un p\u0101rcel\u0161an\u0101s pakalpojumus no durv\u012bm l\u012bdz durv\u012bm. Vi\u0146i sniedz iepako\u0161anas un izpako\u0161anas pakalpojumus, lai aizsarg\u0101tu j\u016bsu mantas, un organiz\u0113 transport\u0113\u0161anas pakalpojumus pa sauszemi, izmantojot savu autoparku, pa j\u016bru vai gaisu ar muito\u0161anu. Vi\u0146i var pal\u012bdz\u0113t ar\u012b ar transportl\u012bdzek\u013cu transport\u0113\u0161anu un uzglab\u0101\u0161anu.<\/p>\n<p>T\u012bmek\u013ca vietne: <a href=\"http:\/\/www.solomontransit.com\" target=\"_blank\" rel=\"noopener\">http:\/\/www.solomontransit.com<\/a><\/p>","protected":false},"excerpt":{"rendered":"<p>Moving is a busy and stressful time especially if you are moving between countries so getting some support from a moving company can help. Moving companies can assist with navigating the paperwork and arranging transportation. Below we have compiled a list of Ethiopian removal companies that are members of the International Association of Movers (IAM) [&hellip;]<\/p>\n","protected":false},"author":4,"featured_media":0,"parent":190,"menu_order":0,"comment_status":"closed","ping_status":"closed","template":"","meta":{"_genesis_hide_title":false,"_genesis_hide_breadcrumbs":false,"_genesis_hide_singular_image":false,"_genesis_hide_footer_widgets":false,"_genesis_custom_body_class":"","_genesis_custom_post_class":"","_genesis_layout":"","footnotes":""},"class_list":{"0":"post-6046","1":"page","2":"type-page","3":"status-publish","5":"entry","6":"has-post-thumbnail"},"_links":{"self":[{"href":"https:\/\/moverdb.com\/lv\/wp-json\/wp\/v2\/pages\/6046","targetHints":{"allow":["GET"]}}],"collection":[{"href":"https:\/\/moverdb.com\/lv\/wp-json\/wp\/v2\/pages"}],"about":[{"href":"https:\/\/moverdb.com\/lv\/wp-json\/wp\/v2\/types\/page"}],"author":[{"embeddable":true,"href":"https:\/\/moverdb.com\/lv\/wp-json\/wp\/v2\/users\/4"}],"replies":[{"embeddable":true,"href":"https:\/\/moverdb.com\/lv\/wp-json\/wp\/v2\/comments?post=6046"}],"version-history":[{"count":1,"href":"https:\/\/moverdb.com\/lv\/wp-json\/wp\/v2\/pages\/6046\/revisions"}],"predecessor-version":[{"id":6048,"href":"https:\/\/moverdb.com\/lv\/wp-json\/wp\/v2\/pages\/6046\/revisions\/6048"}],"up":[{"embeddable":true,"href":"https:\/\/moverdb.com\/lv\/wp-json\/wp\/v2\/pages\/190"}],"wp:attachment":[{"href":"https:\/\/moverdb.com\/lv\/wp-json\/wp\/v2\/media?parent=6046"}],"curies":[{"name":"wp","href":"https:\/\/api.w.org\/{rel}","templated":true}]}}