{"id":6043,"date":"2023-02-01T13:40:56","date_gmt":"2023-02-01T13:40:56","guid":{"rendered":"https:\/\/moverdb.com\/?page_id=6043"},"modified":"2026-01-08T15:24:40","modified_gmt":"2026-01-08T15:24:40","slug":"parvietojas-uznemumi-estonia","status":"publish","type":"page","link":"https:\/\/moverdb.com\/lv\/moving-companies\/moving-companies-estonia\/","title":{"rendered":"4 lab\u0101kie starptautisk\u0101s p\u0101rcel\u0161an\u0101s uz\u0146\u0113mumi Igaunij\u0101"},"content":{"rendered":"<p>P\u0101rv\u0101k\u0161an\u0101s var b\u016bt stresa pilns laiks, neatkar\u012bgi no t\u0101, vai t\u0101 ir m\u0101jok\u013ca vai uz\u0146\u0113muma p\u0101rcel\u0161an\u0101s. Daudzi cilv\u0113ki izmanto <a href=\"https:\/\/moverdb.com\/lv\/moving-companies\/\" data-internallinksmanager029f6b8e52c=\"79\" title=\"Top 25 Starptautiskie p\u0101rcel\u0161an\u0101s uz\u0146\u0113mumi tie\u0161saist\u0113\">P\u0101rvieto\u0161an\u0101s uz\u0146\u0113mums<\/a> jo vi\u0146i var dro\u0161i p\u0101rvietot j\u016bsu mantas un mazin\u0101t ar p\u0101rv\u0101k\u0161anos saist\u012bto stresu. Zem\u0101k m\u0113s esam apkopoju\u0161i Igaunijas uz\u0146\u0113mumu sarakstu. <a href=\"https:\/\/moverdb.com\/lv\/international-removals\/\" data-internallinksmanager029f6b8e52c=\"27\" title=\"36 Lab\u0101kie starptautisko p\u0101rvad\u0101jumu uz\u0146\u0113mumi Apvienotaj\u0101 Karalist\u0113\">p\u0101rv\u0101k\u0161an\u0101s uz\u0146\u0113mumi<\/a> kas ir <a href=\"https:\/\/moverdb.com\/lv\/iam\/\" data-internallinksmanager029f6b8e52c=\"23\" title=\"Starptautisk\u0101s P\u0101rv\u0101c\u0113ju asoci\u0101cijas (IAM) skaidrojumi\">Starptautisk\u0101 P\u0101rv\u0101c\u0113ju asoci\u0101cija<\/a> (IAM) un\/vai <a href=\"https:\/\/moverdb.com\/lv\/fidi-faim\/\" data-internallinksmanager029f6b8e52c=\"16\" title=\"FIDI un FAIM (FIDI akredit\u0113tais starptautiskais p\u0101rvietot\u0101js) skaidrojums\">FIDI<\/a> Akredit\u0113ti starptautiskie p\u0101rv\u0101c\u0113ji (FAIM), kas var\u0113tu pal\u012bdz\u0113t j\u016bsu p\u0101rcel\u0161an\u0101s proces\u0101.<\/p>\n<div id=\"ez-toc-container\" class=\"ez-toc-v2_0_82_2 ez-toc-wrap-left counter-hierarchy ez-toc-counter ez-toc-transparent ez-toc-container-direction\">\n<div class=\"ez-toc-title-container\">\n<p class=\"ez-toc-title\" style=\"cursor:inherit\">Sada\u013cas<\/p>\n<span class=\"ez-toc-title-toggle\"><a href=\"#\" class=\"ez-toc-pull-right ez-toc-btn ez-toc-btn-xs ez-toc-btn-default ez-toc-toggle\" aria-label=\"P\u0101rsl\u0113gt satura tabulu\"><span class=\"ez-toc-js-icon-con\"><span class=\"\"><span class=\"eztoc-hide\" style=\"display:none;\">P\u0101rsl\u0113gt<\/span><span class=\"ez-toc-icon-toggle-span\"><svg style=\"fill: #999;color:#999\" xmlns=\"http:\/\/www.w3.org\/2000\/svg\" class=\"list-377408\" width=\"20px\" height=\"20px\" viewbox=\"0 0 24 24\" fill=\"none\"><path d=\"M6 6H4v2h2V6zm14 0H8v2h12V6zM4 11h2v2H4v-2zm16 0H8v2h12v-2zM4 16h2v2H4v-2zm16 0H8v2h12v-2z\" fill=\"currentColor\"><\/path><\/svg><svg style=\"fill: #999;color:#999\" class=\"arrow-unsorted-368013\" xmlns=\"http:\/\/www.w3.org\/2000\/svg\" width=\"10px\" height=\"10px\" viewbox=\"0 0 24 24\" version=\"1.2\" baseprofile=\"tiny\"><path d=\"M18.2 9.3l-6.2-6.3-6.2 6.3c-.2.2-.3.4-.3.7s.1.5.3.7c.2.2.4.3.7.3h11c.3 0 .5-.1.7-.3.2-.2.3-.5.3-.7s-.1-.5-.3-.7zM5.8 14.7l6.2 6.3 6.2-6.3c.2-.2.3-.5.3-.7s-.1-.5-.3-.7c-.2-.2-.4-.3-.7-.3h-11c-.3 0-.5.1-.7.3-.2.2-.3.5-.3.7s.1.5.3.7z\"\/><\/svg><\/span><\/span><\/span><\/a><\/span><\/div>\n<nav><ul class='ez-toc-list ez-toc-list-level-1 eztoc-toggle-hide-by-default' ><li class='ez-toc-page-1 ez-toc-heading-level-2'><a class=\"ez-toc-link ez-toc-heading-1\" href=\"https:\/\/moverdb.com\/lv\/moving-companies\/moving-companies-estonia\/#1_Adduco\" >1. Adduco<\/a><\/li><li class='ez-toc-page-1 ez-toc-heading-level-2'><a class=\"ez-toc-link ez-toc-heading-2\" href=\"https:\/\/moverdb.com\/lv\/moving-companies\/moving-companies-estonia\/#2_AVA_Express\" >2. AVA Express<\/a><\/li><li class='ez-toc-page-1 ez-toc-heading-level-2'><a class=\"ez-toc-link ez-toc-heading-3\" href=\"https:\/\/moverdb.com\/lv\/moving-companies\/moving-companies-estonia\/#3_MoveMaster\" >3. MoveMaster<\/a><\/li><li class='ez-toc-page-1 ez-toc-heading-level-2'><a class=\"ez-toc-link ez-toc-heading-4\" href=\"https:\/\/moverdb.com\/lv\/moving-companies\/moving-companies-estonia\/#4_KLG_Estonia\" >4. KLG Igaunija<\/a><\/li><li class='ez-toc-page-1 ez-toc-heading-level-2'><a class=\"ez-toc-link ez-toc-heading-5\" href=\"https:\/\/moverdb.com\/lv\/moving-companies\/moving-companies-estonia\/#Other_Useful_Guides_to_Estonia\" >Citi noder\u012bgi ce\u013cve\u017ei uz Igauniju<\/a><\/li><\/ul><\/nav><\/div>\n<h2><span class=\"ez-toc-section\" id=\"1_Adduco\"><\/span><strong>1. Adduco<\/strong><span class=\"ez-toc-section-end\"><\/span><\/h2>\n<p><img loading=\"lazy\" decoding=\"async\" class=\"alignnone size-full wp-image-6044\" src=\"https:\/\/moverdb.com\/wp-content\/uploads\/Adduco-international-moving-company.png\" alt=\"Adduco starptautiskais p\u0101rvietojas uz\u0146\u0113mums\" width=\"1440\" height=\"629\" data-wp-pid=\"6044\" srcset=\"https:\/\/moverdb.com\/wp-content\/uploads\/Adduco-international-moving-company.png 1440w, https:\/\/moverdb.com\/wp-content\/uploads\/Adduco-international-moving-company-300x131.png 300w, https:\/\/moverdb.com\/wp-content\/uploads\/Adduco-international-moving-company-1024x447.png 1024w, https:\/\/moverdb.com\/wp-content\/uploads\/Adduco-international-moving-company-18x8.png 18w, https:\/\/moverdb.com\/wp-content\/uploads\/Adduco-international-moving-company-600x262.png 600w\" sizes=\"auto, (max-width: 1440px) 100vw, 1440px\" \/><\/p>\n<ul>\n<li>Smagu priek\u0161metu p\u0101rvieto\u0161ana<\/li>\n<li>Starptautiskie p\u0101rvadi<\/li>\n<li>M\u0101jsaimniec\u012bbas p\u0101rv\u0101k\u0161an\u0101s<\/li>\n<li>Uz\u0146\u0113m\u0113jdarb\u012bbas virzieni<\/li>\n<li>Iepako\u0161anas pakalpojums<\/li>\n<li>Pl\u0101nojiet savu mar\u0161rutu un transportu<\/li>\n<li>Atbalsts ar dokument\u0101ciju<\/li>\n<li>T\u0113lot\u0101jm\u0101kslas transports<\/li>\n<li>Apdro\u0161in\u0101\u0161ana<\/li>\n<li>Uzglab\u0101\u0161anas risin\u0101jumi<\/li>\n<\/ul>\n<p>Adduco ir p\u0101rcel\u0161an\u0101s pakalpojumu sniedz\u0113js, kas pal\u012bdz cilv\u0113kiem p\u0101rcelties jau kop\u0161 2006. gada un kam ir biroji Tallin\u0101 un Tartu. Adduco ir IAM biedrs ar 16 gadu darba st\u0101\u017eu, kas nodro\u0161ina piek\u013cuvi starptautiskajam p\u0101rcel\u0161an\u0101s a\u0123entu t\u012bklam, lai pal\u012bdz\u0113tu ar p\u0101rcel\u0161anos vis\u0101 pasaul\u0113.<\/p>\n<p>Adduco pied\u0101v\u0101 p\u0101rv\u0101k\u0161an\u0101s pakalpojumus, kas ietver ar\u012b atkritumu izve\u0161anas pakalpojumu, lai pal\u012bdz\u0113tu jums samazin\u0101t mantu apjomu, ko \u0146emat l\u012bdzi p\u0101rv\u0101k\u0161an\u0101s laik\u0101. Vi\u0146i r\u016bp\u012bgi vad\u012bs j\u016bsu p\u0101rv\u0101k\u0161anos, sapl\u0101nos mar\u0161rutu un sagatavos nepiecie\u0161amos dokumentus un apdro\u0161in\u0101\u0161anu. Vi\u0146i ar\u012b dro\u0161i iesai\u0146os j\u016bsu mantas un transport\u0113s t\u0101s pirms izkrau\u0161anas galam\u0113r\u0137\u012b.<\/p>\n<p>T\u012bmek\u013ca vietne: <a href=\"https:\/\/adduco.ee\/en\/\" target=\"_blank\" rel=\"noopener\">https:\/\/adduco.ee\/en\/<\/a><\/p>\n<h2><span class=\"ez-toc-section\" id=\"2_AVA_Express\"><\/span><strong>2. AVA Express<\/strong><span class=\"ez-toc-section-end\"><\/span><\/h2>\n<p><img loading=\"lazy\" decoding=\"async\" class=\"alignnone size-full wp-image-5928\" src=\"https:\/\/moverdb.com\/wp-content\/uploads\/AVA-Express-international-moving-company.png\" alt=\"AVA Express starptautiskais p\u0101rvieto\u0161an\u0101s uz\u0146\u0113mums\" width=\"1440\" height=\"712\" data-wp-pid=\"5928\" srcset=\"https:\/\/moverdb.com\/wp-content\/uploads\/AVA-Express-international-moving-company.png 1440w, https:\/\/moverdb.com\/wp-content\/uploads\/AVA-Express-international-moving-company-300x148.png 300w, https:\/\/moverdb.com\/wp-content\/uploads\/AVA-Express-international-moving-company-1024x506.png 1024w, https:\/\/moverdb.com\/wp-content\/uploads\/AVA-Express-international-moving-company-18x9.png 18w, https:\/\/moverdb.com\/wp-content\/uploads\/AVA-Express-international-moving-company-600x297.png 600w\" sizes=\"auto, (max-width: 1440px) 100vw, 1440px\" \/><\/p>\n<ul>\n<li>Valsts p\u0101rcel\u0161an\u0101s<\/li>\n<li>Starptautiskie p\u0101rvadi<\/li>\n<li>M\u0101jsaimniec\u012bbas p\u0101rv\u0101k\u0161an\u0101s<\/li>\n<li>Biroju p\u0101rcel\u0161an\u0101s<\/li>\n<li>Specializ\u0113ts transports un apr\u012bkojums<\/li>\n<li>Iepako\u0161anas pakalpojumi<\/li>\n<li>Transporta pas\u0101kumi<\/li>\n<li>Smagu priek\u0161metu p\u0101rvieto\u0161ana<\/li>\n<li>M\u0101kslas transport\u0113\u0161ana<\/li>\n<li>Pagaidu uzglab\u0101\u0161anas risin\u0101jumi<\/li>\n<\/ul>\n<p>AVA Express ir Igaunijas p\u0101rcel\u0161an\u0101s uz\u0146\u0113mums, kam ir vair\u0101k nek\u0101 20 gadu pieredze m\u0101jsaimniec\u012bbu un biroju p\u0101rcel\u0161an\u0101s jom\u0101. Uz\u0146\u0113mums sadarbojas ar starptautiskajiem p\u0101rcel\u0161an\u0101s a\u0123entiem, lai nodro\u0161in\u0101tu p\u0101rcel\u0161anos vis\u0101 pasaul\u0113, un ir IAM biedrs. Uz\u0146\u0113mumam ir pa\u0161am savs autoparks, lai veiktu p\u0101rv\u0101k\u0161anos. <a href=\"https:\/\/moverdb.com\/lv\/moving-to-estonia\/\" data-internallinksmanager029f6b8e52c=\"430\" title=\"P\u0101rcel\u0161an\u0101s uz Igauniju? 2023 Dz\u012bves izmaksas un p\u0101rcel\u0161an\u0101s padomi\">Igaunija<\/a>.<\/p>\n<p>AVA Express m\u0101jsaimniec\u012bb\u0101m un uz\u0146\u0113mumiem pied\u0101v\u0101 personaliz\u0113tu cenu pied\u0101v\u0101jumu par saviem p\u0101rcel\u0161an\u0101s pakalpojumiem. Vi\u0146i nodro\u0161ina visus j\u016bsu p\u0101rcel\u0161an\u0101s laik\u0101 nepiecie\u0161amos iepakojuma materi\u0101lus un, ja nepiecie\u0161ams, iesai\u0146o j\u016bsu mantas j\u016bsu viet\u0101. Vi\u0146i organiz\u0113s j\u016bsu mantu, tostarp m\u0101kslas darbu vai smagu priek\u0161metu, dro\u0161u transport\u0113\u0161anu uz galam\u0113r\u0137i Igaunij\u0101 vai starptautisk\u0101 m\u0113rog\u0101.<\/p>\n<p>T\u012bmek\u013ca vietne: <a href=\"http:\/\/www.ava.ee\" target=\"_blank\" rel=\"noopener\">http:\/\/www.ava.ee<\/a><\/p>\n<h2><span class=\"ez-toc-section\" id=\"3_MoveMaster\"><\/span><strong>3. MoveMaster<\/strong><span class=\"ez-toc-section-end\"><\/span><\/h2>\n<p><img loading=\"lazy\" decoding=\"async\" class=\"alignnone size-full wp-image-5976\" src=\"https:\/\/moverdb.com\/wp-content\/uploads\/MoveMaster-international-moving-company.png\" alt=\"MoveMaster starptautiskais p\u0101rvieto\u0161an\u0101s uz\u0146\u0113mums\" width=\"1440\" height=\"713\" data-wp-pid=\"5976\" srcset=\"https:\/\/moverdb.com\/wp-content\/uploads\/MoveMaster-international-moving-company.png 1440w, https:\/\/moverdb.com\/wp-content\/uploads\/MoveMaster-international-moving-company-300x149.png 300w, https:\/\/moverdb.com\/wp-content\/uploads\/MoveMaster-international-moving-company-1024x507.png 1024w, https:\/\/moverdb.com\/wp-content\/uploads\/MoveMaster-international-moving-company-18x9.png 18w, https:\/\/moverdb.com\/wp-content\/uploads\/MoveMaster-international-moving-company-600x297.png 600w\" sizes=\"auto, (max-width: 1440px) 100vw, 1440px\" \/><\/p>\n<ul>\n<li>Viet\u0113jie un viet\u0113jie p\u0101rvadi<\/li>\n<li>Starptautiskie p\u0101rvadi<\/li>\n<li>P\u0101rv\u0101k\u0161an\u0101s uz dz\u012bvojam\u0101m telp\u0101m<\/li>\n<li>Uz\u0146\u0113muma p\u0101rcel\u0161an\u0101s<\/li>\n<li>Individu\u0101la pieeja<\/li>\n<li>Iepako\u0161anas pakalpojums<\/li>\n<li>Sauszemes, j\u016bras un gaisa transports<\/li>\n<li>M\u0101kslas priek\u0161metu transport\u0113\u0161ana<\/li>\n<li>Apdro\u0161in\u0101\u0161ana<\/li>\n<li>Uzglab\u0101\u0161anas iek\u0101rtas<\/li>\n<\/ul>\n<p>MoveMaster ir Igaunijas p\u0101rcel\u0161an\u0101s uz\u0146\u0113mums, kas atrodas Tallin\u0101, ar 39 gadu pieredzi un t\u016bksto\u0161iem p\u0101rcel\u0161an\u0101s gad\u012bjumu 147 valst\u012bs. Uz\u0146\u0113mums sadarbojas ar sadarb\u012bbas partneriem liel\u0101kaj\u0101s pils\u0113t\u0101s, lai pal\u012bdz\u0113tu veikt p\u0101rv\u0101k\u0161anos \u0101rpus savas teritorijas, un ir IAM biedrs.<\/p>\n<p>MoveMaster nodro\u0161ina individu\u0101lu pieeju saviem p\u0101rcel\u0161an\u0101s pakalpojumiem, kas ietver pirmsp\u0101rcel\u0161an\u0101s p\u0101rbaudi Tallin\u0101, lai izveidotu vispiem\u0113rot\u0101ko p\u0101rcel\u0161an\u0101s pl\u0101nu. Vi\u0146i sniedz iepako\u0161anas pakalpojumus, izmantojot augstas kvalit\u0101tes iepakojuma materi\u0101lus, lai aizsarg\u0101tu j\u016bsu mantas, izjauc m\u0113beles un p\u0113c iera\u0161an\u0101s t\u0101s atkal samont\u0113. Vi\u0146i organiz\u0113 transportu pa sauszemi, j\u016bru un gaisu, k\u0101 ar\u012b pal\u012bdz ar muitas deklar\u0101cij\u0101m un apdro\u0161in\u0101\u0161anu.<\/p>\n<p>T\u012bmek\u013ca vietne: <a href=\"http:\/\/www.movemaster.ee\" target=\"_blank\" rel=\"noopener\">http:\/\/www.movemaster.ee<\/a><\/p>\n<h2><span class=\"ez-toc-section\" id=\"4_KLG_Estonia\"><\/span><strong>4. KLG Igaunija<\/strong><span class=\"ez-toc-section-end\"><\/span><\/h2>\n<p><img loading=\"lazy\" decoding=\"async\" class=\"alignnone size-full wp-image-5964\" src=\"https:\/\/moverdb.com\/wp-content\/uploads\/KLG-Estonia-international-moving-company.png\" alt=\"KLG Igaunija starptautiskais p\u0101rvieto\u0161an\u0101s uz\u0146\u0113mums\" width=\"1440\" height=\"711\" data-wp-pid=\"5964\" srcset=\"https:\/\/moverdb.com\/wp-content\/uploads\/KLG-Estonia-international-moving-company.png 1440w, https:\/\/moverdb.com\/wp-content\/uploads\/KLG-Estonia-international-moving-company-300x148.png 300w, https:\/\/moverdb.com\/wp-content\/uploads\/KLG-Estonia-international-moving-company-1024x506.png 1024w, https:\/\/moverdb.com\/wp-content\/uploads\/KLG-Estonia-international-moving-company-18x9.png 18w, https:\/\/moverdb.com\/wp-content\/uploads\/KLG-Estonia-international-moving-company-600x296.png 600w\" sizes=\"auto, (max-width: 1440px) 100vw, 1440px\" \/><\/p>\n<ul>\n<li>Valsts p\u0101rcel\u0161an\u0101s<\/li>\n<li>Starptautiskie p\u0101rvadi<\/li>\n<li>M\u0101jsaimniec\u012bbas p\u0101rv\u0101k\u0161an\u0101s<\/li>\n<li>Iepako\u0161anas pakalpojums<\/li>\n<li>Izgatavojiet piel\u0101gotas koka rede\u013cu kastes<\/li>\n<li>Sauszemes, gaisa, j\u016bras un dzelzce\u013ca transports<\/li>\n<li>Muitas atbalsts<\/li>\n<li>M\u0101kslas transports<\/li>\n<li>Apdro\u0161in\u0101\u0161ana<\/li>\n<li>\u012astermi\u0146a un ilgtermi\u0146a uzglab\u0101\u0161anas telpas<\/li>\n<\/ul>\n<p>KLG Igaunija ir speci\u0101lu lo\u0123istikas risin\u0101jumu sniedz\u0113js, kas atrodas Tallin\u0101 un sniedz p\u0101rcel\u0161an\u0101s pakalpojumus kop\u0161 1994. gada. Uz\u0146\u0113mumam ir glob\u0101ls partneru t\u012bkls, kas pal\u012bdz veikt starptautiskus p\u0101rv\u0101k\u0161an\u0101s darbus. Uz\u0146\u0113mums ir akredit\u0113ts FIDI.<\/p>\n<p>KLG Igaunija nodro\u0161ina p\u0101rbaudi un konsult\u0101cijas, lai nov\u0113rt\u0113tu j\u016bsu vajadz\u012bbas. Vi\u0146i pied\u0101v\u0101 profesion\u0101lus iepako\u0161anas pakalpojumus, lai aizsarg\u0101tu j\u016bsu mantas, tostarp piel\u0101gotas koka kastes, kas piem\u0113rotas jebkuram saturam, tostarp m\u0101kslas darbiem un IT iek\u0101rt\u0101m. Vi\u0146i p\u0101rved ar\u012b liel\u0101kus priek\u0161metus, tostarp motociklus un klavieres. Vi\u0146i organiz\u0113 p\u0101rvad\u0101jumus pa sauszemi, gaisu, j\u016bru un dzelzce\u013cu un pal\u012bdz izpild\u012bt muitas pras\u012bbas.<\/p>\n<p>T\u012bmek\u013ca vietne: <a href=\"http:\/\/www.klg.ee\/\" target=\"_blank\" rel=\"noopener\">http:\/\/www.klg.ee\/<\/a><\/p>\n<h2><span class=\"ez-toc-section\" id=\"Other_Useful_Guides_to_Estonia\"><\/span>Citi noder\u012bgi ce\u013cve\u017ei uz Igauniju<span class=\"ez-toc-section-end\"><\/span><\/h2>\n<ul>\n<li> <a href=\"https:\/\/moverdb.com\/lv\/moving-to-estonia\/\">P\u0101rcel\u0161an\u0101s uz Igauniju? 2023 Dz\u012bves izmaksas un p\u0101rcel\u0161an\u0101s padomi<\/a><\/li>\n<li> <a href=\"https:\/\/moverdb.com\/lv\/moving-to-estonia\/best-places-to-live-estonia\/\">12 Lab\u0101k\u0101s vietas dz\u012bvo\u0161anai Igaunij\u0101<\/a><\/li>\n<li> <a href=\"https:\/\/moverdb.com\/lv\/konteineru-parvadajumi\/igaunija\/\">2023 J\u016bras kravu p\u0101rvad\u0101jumu ar konteineriem cenas uz Igauniju un no t\u0101s<\/a><\/li>\n<\/ul>","protected":false},"excerpt":{"rendered":"<p>Moving can be a stressful time, whether that is moving home or your business. Many people employ the services of a moving company as they can safely move your belongings and reduce the stress of your move. Below we have compiled a list of Estonian removal companies that are members of the International Association of [&hellip;]<\/p>\n","protected":false},"author":4,"featured_media":0,"parent":190,"menu_order":0,"comment_status":"closed","ping_status":"closed","template":"","meta":{"_genesis_hide_title":false,"_genesis_hide_breadcrumbs":false,"_genesis_hide_singular_image":false,"_genesis_hide_footer_widgets":false,"_genesis_custom_body_class":"","_genesis_custom_post_class":"","_genesis_layout":"","footnotes":""},"class_list":{"0":"post-6043","1":"page","2":"type-page","3":"status-publish","5":"entry","6":"has-post-thumbnail"},"_links":{"self":[{"href":"https:\/\/moverdb.com\/lv\/wp-json\/wp\/v2\/pages\/6043","targetHints":{"allow":["GET"]}}],"collection":[{"href":"https:\/\/moverdb.com\/lv\/wp-json\/wp\/v2\/pages"}],"about":[{"href":"https:\/\/moverdb.com\/lv\/wp-json\/wp\/v2\/types\/page"}],"author":[{"embeddable":true,"href":"https:\/\/moverdb.com\/lv\/wp-json\/wp\/v2\/users\/4"}],"replies":[{"embeddable":true,"href":"https:\/\/moverdb.com\/lv\/wp-json\/wp\/v2\/comments?post=6043"}],"version-history":[{"count":3,"href":"https:\/\/moverdb.com\/lv\/wp-json\/wp\/v2\/pages\/6043\/revisions"}],"predecessor-version":[{"id":16257,"href":"https:\/\/moverdb.com\/lv\/wp-json\/wp\/v2\/pages\/6043\/revisions\/16257"}],"up":[{"embeddable":true,"href":"https:\/\/moverdb.com\/lv\/wp-json\/wp\/v2\/pages\/190"}],"wp:attachment":[{"href":"https:\/\/moverdb.com\/lv\/wp-json\/wp\/v2\/media?parent=6043"}],"curies":[{"name":"wp","href":"https:\/\/api.w.org\/{rel}","templated":true}]}}