{"id":6040,"date":"2023-02-01T12:37:34","date_gmt":"2023-02-01T12:37:34","guid":{"rendered":"https:\/\/moverdb.com\/?page_id=6040"},"modified":"2026-01-08T15:24:14","modified_gmt":"2026-01-08T15:24:14","slug":"parvietojas-uznemumi-el-salvador","status":"publish","type":"page","link":"https:\/\/moverdb.com\/lv\/moving-companies\/moving-companies-el-salvador\/","title":{"rendered":"3 Lab\u0101kie starptautisk\u0101s p\u0101rcel\u0161an\u0101s uz\u0146\u0113mumi Salvador\u0101"},"content":{"rendered":"<p>Vai pl\u0101nojat p\u0101rcelties uz Salvadoru vai uz Salvadoru vai no t\u0101s? Iesp\u0113jams, j\u016bs v\u0113laties izmantot <a href=\"https:\/\/moverdb.com\/lv\/moving-companies\/\" data-internallinksmanager029f6b8e52c=\"79\" title=\"Top 25 Starptautiskie p\u0101rcel\u0161an\u0101s uz\u0146\u0113mumi tie\u0161saist\u0113\">P\u0101rvieto\u0161an\u0101s uz\u0146\u0113mums<\/a> lai jums pal\u012bdz\u0113tu un mazin\u0101tu da\u013cu no slodzes. Zem\u0101k m\u0113s esam apkopoju\u0161i sarakstu ar Salvadoras <a href=\"https:\/\/moverdb.com\/lv\/international-removals\/\" data-internallinksmanager029f6b8e52c=\"27\" title=\"36 Lab\u0101kie starptautisko p\u0101rvad\u0101jumu uz\u0146\u0113mumi Apvienotaj\u0101 Karalist\u0113\">p\u0101rv\u0101k\u0161an\u0101s uz\u0146\u0113mumi<\/a> kas ir <a href=\"https:\/\/moverdb.com\/lv\/iam\/\" data-internallinksmanager029f6b8e52c=\"23\" title=\"Starptautisk\u0101s P\u0101rv\u0101c\u0113ju asoci\u0101cijas (IAM) skaidrojumi\">Starptautisk\u0101 P\u0101rv\u0101c\u0113ju asoci\u0101cija<\/a> (IAM) un\/vai <a href=\"https:\/\/moverdb.com\/lv\/fidi-faim\/\" data-internallinksmanager029f6b8e52c=\"16\" title=\"FIDI un FAIM (FIDI akredit\u0113tais starptautiskais p\u0101rvietot\u0101js) skaidrojums\">FIDI<\/a> Akredit\u0113ti starptautiskie p\u0101rv\u0101c\u0113ji (FAIM), kas var pal\u012bdz\u0113t jums p\u0101rcelties.<\/p>\n<h2><strong>1. Comca International<\/strong><\/h2>\n<ul>\n<li>Valsts p\u0101rcel\u0161an\u0101s<\/li>\n<li>Starptautiskie p\u0101rvadi<\/li>\n<li>M\u0101jsaimniec\u012bbas p\u0101rv\u0101k\u0161an\u0101s<\/li>\n<li>P\u0101rbaude m\u0101j\u0101s<\/li>\n<li>Profesion\u0101ls iepako\u0161anas pakalpojums<\/li>\n<li>Autotransports, j\u016bras un gaisa transports<\/li>\n<li>Muitas atbalsts<\/li>\n<li>M\u0101kslas darbu iepakojums<\/li>\n<li>Apdro\u0161in\u0101\u0161ana<\/li>\n<li>Dro\u0161a uzglab\u0101\u0161ana<\/li>\n<\/ul>\n<p>Comca International ir 1967. gad\u0101 dibin\u0101ts transporta un izplat\u012b\u0161anas lo\u0123istikas risin\u0101jumu uz\u0146\u0113mums, kas pied\u0101v\u0101 nacion\u0101los un starptautiskos p\u0101rcel\u0161an\u0101s pakalpojumus. Uz\u0146\u0113mumam ir strat\u0113\u0123iskas alianses ar starptautisk\u0101m a\u0123ent\u016br\u0101m, kas \u013cauj veikt starptautiskus p\u0101rv\u0101k\u0161an\u0101s darbus. Uz\u0146\u0113mums ir IAM biedrs ar 55 gadu darba st\u0101\u017eu.<\/p>\n<p>Comca International nodro\u0161ina j\u016bsu p\u0101rcel\u0161an\u0101s p\u0101rbaudi un apr\u0113\u0137inu, k\u0101 ar\u012b sniedz konsult\u0101cijas par lab\u0101ko transport\u0113\u0161anas veidu. Vi\u0146i pied\u0101v\u0101 profesion\u0101lus iepako\u0161anas pakalpojumus, izmantojot lab\u0101kos materi\u0101lus un kastes vai koka rede\u013cu rede\u013cu kastes ar l\u012bmplastiku un siksn\u0101m, kas nodro\u0161ina lab\u0101ku aizsardz\u012bbu p\u0101rvad\u0101\u0161anas laik\u0101. Vi\u0146i organiz\u0113s p\u0101rvad\u0101jumus pa autoce\u013ciem, j\u016bru vai gaisu un pal\u012bdz\u0113s nok\u0101rtot muitas formalit\u0101tes.<\/p>\n<p>T\u012bmek\u013ca vietne: <a href=\"http:\/\/www.comca.com.sv\" target=\"_blank\" rel=\"noopener\">http:\/\/www.comca.com.sv<\/a><\/p>\n<h2><strong>2. Mudanzas Suarez<\/strong><\/h2>\n<p><img loading=\"lazy\" decoding=\"async\" class=\"alignnone size-full wp-image-5982\" src=\"https:\/\/moverdb.com\/wp-content\/uploads\/Mudanzas-Suarez-international-moving-company.png\" alt=\"Mudanzas Suarez starptautiskais p\u0101rvieto\u0161an\u0101s uz\u0146\u0113mums\" width=\"1440\" height=\"712\" data-wp-pid=\"5982\" srcset=\"https:\/\/moverdb.com\/wp-content\/uploads\/Mudanzas-Suarez-international-moving-company.png 1440w, https:\/\/moverdb.com\/wp-content\/uploads\/Mudanzas-Suarez-international-moving-company-300x148.png 300w, https:\/\/moverdb.com\/wp-content\/uploads\/Mudanzas-Suarez-international-moving-company-1024x506.png 1024w, https:\/\/moverdb.com\/wp-content\/uploads\/Mudanzas-Suarez-international-moving-company-18x9.png 18w, https:\/\/moverdb.com\/wp-content\/uploads\/Mudanzas-Suarez-international-moving-company-600x297.png 600w\" sizes=\"auto, (max-width: 1440px) 100vw, 1440px\" \/><\/p>\n<ul>\n<li>Valsts p\u0101rv\u0101k\u0161an\u0101s<\/li>\n<li>Starptautisk\u0101 p\u0101rcel\u0161an\u0101s<\/li>\n<li>P\u0101rv\u0101k\u0161an\u0101s uz dz\u012bvojam\u0101m telp\u0101m<\/li>\n<li>Uz\u0146\u0113m\u0113jdarb\u012bbas virzieni<\/li>\n<li>Individualiz\u0113ts pakalpojums<\/li>\n<li>Pakalpojums \"no durv\u012bm l\u012bdz durv\u012bm<\/li>\n<li>Iepako\u0161anas pakalpojums<\/li>\n<li>Piel\u0101gotas koka kastes<\/li>\n<li>Transporta iesp\u0113ju izv\u0113le<\/li>\n<li>Kondicion\u0113ta uzglab\u0101\u0161anas telpa<\/li>\n<\/ul>\n<p>Mudanzas Suarez ir lo\u0123istikas un p\u0101rcel\u0161an\u0101s uz\u0146\u0113mums, kas dibin\u0101ts 1958. gad\u0101 Antiguo Cuscatlan. Uz\u0146\u0113mumam ir pla\u0161s starptautisko a\u0123entu t\u012bkls, kas pal\u012bdz veikt p\u0101rcel\u0161an\u0101s darbus vis\u0101 pasaul\u0113. Uz\u0146\u0113mums ir IAM biedrs ar 54 gadu darba st\u0101\u017eu.<\/p>\n<p>Mudanzas Suarez pied\u0101v\u0101 personaliz\u0113tus pakalpojumus un nodro\u0161ina piel\u0101gotus iepakojuma risin\u0101jumus, izmantojot savu galdnieku komandu, kas izgatavo piel\u0101gotas koka kastes. Vi\u0146i sniedz iepako\u0161anas pakalpojumus, kas aizsarg\u0101s j\u016bsu mantas p\u0101rvad\u0101\u0161anas laik\u0101. Vi\u0146i pied\u0101v\u0101 da\u017e\u0101das kravu p\u0101rvad\u0101\u0161anas iesp\u0113jas, tostarp gaisa kravas un j\u016bras kravas, piem\u0113ram, konsolid\u0113t\u0101s kravas.<\/p>\n<p>T\u012bmek\u013ca vietne: <a href=\"http:\/\/suarez.com.sv\" target=\"_blank\" rel=\"noopener\">http:\/\/suarez.com.sv<\/a><\/p>\n<h2><strong>3. Mudisa Salvadora<\/strong><\/h2>\n<p><img loading=\"lazy\" decoding=\"async\" class=\"alignnone size-full wp-image-5983\" src=\"https:\/\/moverdb.com\/wp-content\/uploads\/Mudisa-international-moving-company.png\" alt=\"Mudisa starptautisk\u0101 p\u0101rcel\u0161an\u0101s uz\u0146\u0113mums\" width=\"1440\" height=\"712\" data-wp-pid=\"5983\" srcset=\"https:\/\/moverdb.com\/wp-content\/uploads\/Mudisa-international-moving-company.png 1440w, https:\/\/moverdb.com\/wp-content\/uploads\/Mudisa-international-moving-company-300x148.png 300w, https:\/\/moverdb.com\/wp-content\/uploads\/Mudisa-international-moving-company-1024x506.png 1024w, https:\/\/moverdb.com\/wp-content\/uploads\/Mudisa-international-moving-company-18x9.png 18w, https:\/\/moverdb.com\/wp-content\/uploads\/Mudisa-international-moving-company-600x297.png 600w\" sizes=\"auto, (max-width: 1440px) 100vw, 1440px\" \/><\/p>\n<ul>\n<li>Valsts p\u0101rv\u0101k\u0161an\u0101s<\/li>\n<li>Starptautisk\u0101 p\u0101rcel\u0161an\u0101s<\/li>\n<li>M\u0101jsaimniec\u012bbas p\u0101rv\u0101k\u0161an\u0101s<\/li>\n<li>Uz\u0146\u0113mumu p\u0101rvieto\u0161an\u0101s<\/li>\n<li>P\u0101rcel\u0161an\u0101s pakalpojumi<\/li>\n<li>\"no durv\u012bm l\u012bdz durv\u012bm\" pakalpojumi<\/li>\n<li>Iepako\u0161ana, tostarp piel\u0101gotas kastes un rede\u013cu kastes<\/li>\n<li>M\u0101kslas darbu transport\u0113\u0161ana<\/li>\n<li>Transportl\u012bdzek\u013cu transport\u0113\u0161ana<\/li>\n<li>Dro\u0161as uzglab\u0101\u0161anas telpas<\/li>\n<\/ul>\n<p>Mudisa ir p\u0101rvad\u0101jumu, lo\u0123istikas un \u0123ener\u0101lkravu uz\u0146\u0113mums, kas dibin\u0101ts 1963. gad\u0101 San Salvador\u0101. Sadarb\u012bb\u0101 ar citiem starptautiskiem p\u0101rcel\u0161an\u0101s a\u0123entiem uz\u0146\u0113mums sniedz starptautiskus pakalpojumus \"no durv\u012bm l\u012bdz durv\u012bm\", un tam ir savs autoparks, ar ko veikt p\u0101rcel\u0161anos valsts teritorij\u0101. Uz\u0146\u0113mums ir IAM biedrs ar 45 gadu darba st\u0101\u017eu.<\/p>\n<p>Mudisa pied\u0101v\u0101 p\u0101rcel\u0161an\u0101s un p\u0101rv\u0101k\u0161an\u0101s pakalpojumus m\u0101jsaimniec\u012bb\u0101m un uz\u0146\u0113mumiem. Vi\u0146i sniedz pakalpojumus j\u016bsu eso\u0161aj\u0101s un jaunaj\u0101s telp\u0101s, piem\u0113ram, iepako\u0161anu un izpako\u0161anu, kas ietver piel\u0101gotas kastes un rede\u013ckastes. P\u0101rcel\u0161an\u0101s pakalpojumi ietver imigr\u0101cijas atbalstu, iera\u0161an\u0101s pakalpojumus, nor\u0101d\u012bjumus par skol\u0101m, m\u0101jok\u013ca mekl\u0113\u0161anu un iek\u0101rto\u0161an\u0101s pakalpojumus.<\/p>\n<p>T\u012bmek\u013ca vietne: <a href=\"http:\/\/www.mudisa.com.sv\" target=\"_blank\" rel=\"noopener\">http:\/\/www.mudisa.com.sv<\/a><\/p>","protected":false},"excerpt":{"rendered":"<p>Are you planning on moving in El Salvador or to or from El Salvador? Then you may want to employ the services of a moving company to assist you and take some of the pressure off. Below we have compiled a list of El Salvador removal companies that are members of the International Association of [&hellip;]<\/p>\n","protected":false},"author":4,"featured_media":0,"parent":190,"menu_order":0,"comment_status":"closed","ping_status":"closed","template":"","meta":{"_genesis_hide_title":false,"_genesis_hide_breadcrumbs":false,"_genesis_hide_singular_image":false,"_genesis_hide_footer_widgets":false,"_genesis_custom_body_class":"","_genesis_custom_post_class":"","_genesis_layout":"","footnotes":""},"class_list":{"0":"post-6040","1":"page","2":"type-page","3":"status-publish","5":"entry","6":"has-post-thumbnail"},"_links":{"self":[{"href":"https:\/\/moverdb.com\/lv\/wp-json\/wp\/v2\/pages\/6040","targetHints":{"allow":["GET"]}}],"collection":[{"href":"https:\/\/moverdb.com\/lv\/wp-json\/wp\/v2\/pages"}],"about":[{"href":"https:\/\/moverdb.com\/lv\/wp-json\/wp\/v2\/types\/page"}],"author":[{"embeddable":true,"href":"https:\/\/moverdb.com\/lv\/wp-json\/wp\/v2\/users\/4"}],"replies":[{"embeddable":true,"href":"https:\/\/moverdb.com\/lv\/wp-json\/wp\/v2\/comments?post=6040"}],"version-history":[{"count":3,"href":"https:\/\/moverdb.com\/lv\/wp-json\/wp\/v2\/pages\/6040\/revisions"}],"predecessor-version":[{"id":6056,"href":"https:\/\/moverdb.com\/lv\/wp-json\/wp\/v2\/pages\/6040\/revisions\/6056"}],"up":[{"embeddable":true,"href":"https:\/\/moverdb.com\/lv\/wp-json\/wp\/v2\/pages\/190"}],"wp:attachment":[{"href":"https:\/\/moverdb.com\/lv\/wp-json\/wp\/v2\/media?parent=6040"}],"curies":[{"name":"wp","href":"https:\/\/api.w.org\/{rel}","templated":true}]}}