{"id":6036,"date":"2023-02-01T13:45:53","date_gmt":"2023-02-01T13:45:53","guid":{"rendered":"https:\/\/moverdb.com\/?page_id=6036"},"modified":"2026-01-08T15:29:19","modified_gmt":"2026-01-08T15:29:19","slug":"parvietojas-uznemumi-dominika-republic","status":"publish","type":"page","link":"https:\/\/moverdb.com\/lv\/moving-companies\/moving-companies-dominican-republic\/","title":{"rendered":"6 Lab\u0101kie starptautisk\u0101s p\u0101rcel\u0161an\u0101s uz\u0146\u0113mumi Dominik\u0101nas Republik\u0101"},"content":{"rendered":"<p>Ja Dominik\u0101nas Republik\u0101 vai uz Dominik\u0101nas Republiku vai no t\u0101s p\u0101rce\u013cat m\u0101jvietu vai uz\u0146\u0113mumu, iesp\u0113jams, jums ir vajadz\u012bga pal\u012bdz\u012bba. P\u0101rcel\u0161an\u0101s vai p\u0101rcel\u0161an\u0101s uz\u0146\u0113mums var\u0113tu pal\u012bdz\u0113t atvieglot j\u016bsu p\u0101rcel\u0161anos un mazin\u0101t da\u013cu stresa. Zem\u0101k m\u0113s esam apkopoju\u0161i Dominik\u0101nas Republikas sarakstu. <a href=\"https:\/\/moverdb.com\/lv\/international-removals\/\" data-internallinksmanager029f6b8e52c=\"27\" title=\"36 Lab\u0101kie starptautisko p\u0101rvad\u0101jumu uz\u0146\u0113mumi Apvienotaj\u0101 Karalist\u0113\">p\u0101rv\u0101k\u0161an\u0101s uz\u0146\u0113mumi<\/a> kas ir <a href=\"https:\/\/moverdb.com\/lv\/iam\/\" data-internallinksmanager029f6b8e52c=\"23\" title=\"Starptautisk\u0101s P\u0101rv\u0101c\u0113ju asoci\u0101cijas (IAM) skaidrojumi\">Starptautisk\u0101 P\u0101rv\u0101c\u0113ju asoci\u0101cija<\/a> (IAM) un\/vai <a href=\"https:\/\/moverdb.com\/lv\/fidi-faim\/\" data-internallinksmanager029f6b8e52c=\"16\" title=\"FIDI un FAIM (FIDI akredit\u0113tais starptautiskais p\u0101rvietot\u0101js) skaidrojums\">FIDI<\/a> Akredit\u0113ti starptautiskie p\u0101rv\u0101c\u0113ji (FAIM), kas var\u0113tu jums pal\u012bdz\u0113t.<\/p>\n<div id=\"ez-toc-container\" class=\"ez-toc-v2_0_82_2 ez-toc-wrap-left counter-hierarchy ez-toc-counter ez-toc-transparent ez-toc-container-direction\">\n<div class=\"ez-toc-title-container\">\n<p class=\"ez-toc-title\" style=\"cursor:inherit\">Sada\u013cas<\/p>\n<span class=\"ez-toc-title-toggle\"><a href=\"#\" class=\"ez-toc-pull-right ez-toc-btn ez-toc-btn-xs ez-toc-btn-default ez-toc-toggle\" aria-label=\"P\u0101rsl\u0113gt satura tabulu\"><span class=\"ez-toc-js-icon-con\"><span class=\"\"><span class=\"eztoc-hide\" style=\"display:none;\">P\u0101rsl\u0113gt<\/span><span class=\"ez-toc-icon-toggle-span\"><svg style=\"fill: #999;color:#999\" xmlns=\"http:\/\/www.w3.org\/2000\/svg\" class=\"list-377408\" width=\"20px\" height=\"20px\" viewbox=\"0 0 24 24\" fill=\"none\"><path d=\"M6 6H4v2h2V6zm14 0H8v2h12V6zM4 11h2v2H4v-2zm16 0H8v2h12v-2zM4 16h2v2H4v-2zm16 0H8v2h12v-2z\" fill=\"currentColor\"><\/path><\/svg><svg style=\"fill: #999;color:#999\" class=\"arrow-unsorted-368013\" xmlns=\"http:\/\/www.w3.org\/2000\/svg\" width=\"10px\" height=\"10px\" viewbox=\"0 0 24 24\" version=\"1.2\" baseprofile=\"tiny\"><path d=\"M18.2 9.3l-6.2-6.3-6.2 6.3c-.2.2-.3.4-.3.7s.1.5.3.7c.2.2.4.3.7.3h11c.3 0 .5-.1.7-.3.2-.2.3-.5.3-.7s-.1-.5-.3-.7zM5.8 14.7l6.2 6.3 6.2-6.3c.2-.2.3-.5.3-.7s-.1-.5-.3-.7c-.2-.2-.4-.3-.7-.3h-11c-.3 0-.5.1-.7.3-.2.2-.3.5-.3.7s.1.5.3.7z\"\/><\/svg><\/span><\/span><\/span><\/a><\/span><\/div>\n<nav><ul class='ez-toc-list ez-toc-list-level-1 eztoc-toggle-hide-by-default' ><li class='ez-toc-page-1 ez-toc-heading-level-2'><a class=\"ez-toc-link ez-toc-heading-1\" href=\"https:\/\/moverdb.com\/lv\/moving-companies\/moving-companies-dominican-republic\/#1_International_Packers\" >1. Starptautiskie pakot\u0101ji<\/a><\/li><li class='ez-toc-page-1 ez-toc-heading-level-2'><a class=\"ez-toc-link ez-toc-heading-2\" href=\"https:\/\/moverdb.com\/lv\/moving-companies\/moving-companies-dominican-republic\/#2_Mega_Movers\" >2. Mega Movers<\/a><\/li><li class='ez-toc-page-1 ez-toc-heading-level-2'><a class=\"ez-toc-link ez-toc-heading-3\" href=\"https:\/\/moverdb.com\/lv\/moving-companies\/moving-companies-dominican-republic\/#3_Dominican_International_Moving\" >3. Dominik\u0101nas starptautisk\u0101 p\u0101rcel\u0161an\u0101s<\/a><\/li><li class='ez-toc-page-1 ez-toc-heading-level-2'><a class=\"ez-toc-link ez-toc-heading-4\" href=\"https:\/\/moverdb.com\/lv\/moving-companies\/moving-companies-dominican-republic\/#4_Frank_Leo\" >4. Frenks Leo<\/a><\/li><li class='ez-toc-page-1 ez-toc-heading-level-2'><a class=\"ez-toc-link ez-toc-heading-5\" href=\"https:\/\/moverdb.com\/lv\/moving-companies\/moving-companies-dominican-republic\/#5_L_G_International_Movers\" >5. L&amp;G International Movers<\/a><\/li><li class='ez-toc-page-1 ez-toc-heading-level-2'><a class=\"ez-toc-link ez-toc-heading-6\" href=\"https:\/\/moverdb.com\/lv\/moving-companies\/moving-companies-dominican-republic\/#6_Latino_Express\" >6. Latino Express<\/a><\/li><\/ul><\/nav><\/div>\n<h2><span class=\"ez-toc-section\" id=\"1_International_Packers\"><\/span><strong>1. Starptautiskie pakot\u0101ji<\/strong><span class=\"ez-toc-section-end\"><\/span><\/h2>\n<p><img loading=\"lazy\" decoding=\"async\" class=\"alignnone size-full wp-image-5961\" src=\"https:\/\/moverdb.com\/wp-content\/uploads\/International-Packers-international-moving-company.png\" alt=\"International Packers starptautiskie Packers starptautisks p\u0101rvietojas uz\u0146\u0113mums\" width=\"1440\" height=\"683\" data-wp-pid=\"5961\" srcset=\"https:\/\/moverdb.com\/wp-content\/uploads\/International-Packers-international-moving-company.png 1440w, https:\/\/moverdb.com\/wp-content\/uploads\/International-Packers-international-moving-company-300x142.png 300w, https:\/\/moverdb.com\/wp-content\/uploads\/International-Packers-international-moving-company-1024x486.png 1024w, https:\/\/moverdb.com\/wp-content\/uploads\/International-Packers-international-moving-company-18x9.png 18w, https:\/\/moverdb.com\/wp-content\/uploads\/International-Packers-international-moving-company-600x285.png 600w\" sizes=\"auto, (max-width: 1440px) 100vw, 1440px\" \/><\/p>\n<ul>\n<li>Valsts p\u0101rcel\u0161an\u0101s<\/li>\n<li>Starptautiskie p\u0101rvadi<\/li>\n<li>M\u0101jsaimniec\u012bbas p\u0101rv\u0101k\u0161an\u0101s<\/li>\n<li>Uz\u0146\u0113mumu p\u0101rvieto\u0161an\u0101s<\/li>\n<li>Profesion\u0101ls iepako\u0161anas pakalpojums<\/li>\n<li>Muitas atbalsts<\/li>\n<li>M\u0101kslas darbu transport\u0113\u0161ana<\/li>\n<li>M\u0101jdz\u012bvnieku p\u0101rvad\u0101jumi<\/li>\n<li>Apdro\u0161in\u0101\u0161ana<\/li>\n<li>Uzglab\u0101\u0161anas iek\u0101rtas<\/li>\n<\/ul>\n<p>International Packers ir p\u0101rcel\u0161an\u0101s un uzglab\u0101\u0161anas uz\u0146\u0113mums, kas atrodas Santo Domingo un tika dibin\u0101ts 1989. gad\u0101. Uz\u0146\u0113mums pied\u0101v\u0101 p\u0101rcel\u0161an\u0101s un p\u0101rvieto\u0161anas pakalpojumus, tostarp specializ\u0113tus pakalpojumus m\u0101kslas darbu p\u0101rvieto\u0161anai, m\u0101jdz\u012bvnieku p\u0101rvad\u0101\u0161anai un m\u0113be\u013cu nomai. Uz\u0146\u0113mums ir IAM biedrs ar 33 gadu darba st\u0101\u017eu un ir akredit\u0113ts FIDI.<\/p>\n<p>International Packers pied\u0101v\u0101 individu\u0101lus pakalpojumus valsts un starptautiskiem p\u0101rv\u0101k\u0161an\u0101s darbiem, ko nodro\u0161ina starptautiskie p\u0101rv\u0101k\u0161an\u0101s a\u0123enti vis\u0101 pasaul\u0113. Vi\u0146i sniedz pakalpojumus no durv\u012bm l\u012bdz durv\u012bm, kas ietver profesion\u0101lu iepako\u0161anu, lai aizsarg\u0101tu j\u016bsu mantas, un pied\u0101v\u0101 apdro\u0161in\u0101\u0161anas aizsardz\u012bbu. Vi\u0146i nodro\u0161ina ar\u012b uzglab\u0101\u0161anas iesp\u0113jas, ja jums t\u0101s ir nepiecie\u0161amas.<\/p>\n<p>T\u012bmek\u013ca vietne: <a href=\"http:\/\/www.internt-packers.com.do\" target=\"_blank\" rel=\"noopener\">http:\/\/www.internt-packers.com.do<\/a><\/p>\n<h2><span class=\"ez-toc-section\" id=\"2_Mega_Movers\"><\/span><strong>2. Mega Movers<\/strong><span class=\"ez-toc-section-end\"><\/span><\/h2>\n<p><img loading=\"lazy\" decoding=\"async\" class=\"alignnone size-full wp-image-5970\" src=\"https:\/\/moverdb.com\/wp-content\/uploads\/Mega-Movers-international-moving-company.png\" alt=\"Mega Movers starptautiskais p\u0101rvietojas uz\u0146\u0113mums\" width=\"1440\" height=\"677\" data-wp-pid=\"5970\" srcset=\"https:\/\/moverdb.com\/wp-content\/uploads\/Mega-Movers-international-moving-company.png 1440w, https:\/\/moverdb.com\/wp-content\/uploads\/Mega-Movers-international-moving-company-300x141.png 300w, https:\/\/moverdb.com\/wp-content\/uploads\/Mega-Movers-international-moving-company-1024x481.png 1024w, https:\/\/moverdb.com\/wp-content\/uploads\/Mega-Movers-international-moving-company-18x8.png 18w, https:\/\/moverdb.com\/wp-content\/uploads\/Mega-Movers-international-moving-company-600x282.png 600w\" sizes=\"auto, (max-width: 1440px) 100vw, 1440px\" \/><\/p>\n<ul>\n<li>Valsts p\u0101rcel\u0161an\u0101s<\/li>\n<li>Starptautiskie p\u0101rvadi<\/li>\n<li>M\u0101jsaimniec\u012bbas p\u0101rv\u0101k\u0161an\u0101s<\/li>\n<li>Biroju p\u0101rcel\u0161an\u0101s<\/li>\n<li>Specializ\u0113jas medic\u012bnas iek\u0101rtu p\u0101rvieto\u0161an\u0101<\/li>\n<li>Iepako\u0161anas pakalpojumi<\/li>\n<li>P\u0113c pas\u016bt\u012bjuma izgatavotas kastes<\/li>\n<li>Specializ\u0113tais apr\u012bkojums<\/li>\n<li>Lielizm\u0113ra un\/vai liek\u0101 svara pre\u010du p\u0101rvad\u0101\u0161anai<\/li>\n<li>Apdro\u0161in\u0101\u0161ana<\/li>\n<\/ul>\n<p>Mega Movers ir \u0123imenes lo\u0123istikas uz\u0146\u0113mums, kas darbojas Dominik\u0101nas Republik\u0101, Puertoriko un Kar\u012bbu j\u016bras re\u0123ion\u0101. Uz\u0146\u0113mums pied\u0101v\u0101 ma\u0161\u012bnu takel\u0101\u017eu, gatavus projektus, lielgabar\u012bta\/p\u0101rsvara kravu un starptautiskus m\u0101jsaimniec\u012bbas p\u0101rv\u0101k\u0161an\u0101s darbus. Vi\u0146i sniedz ar\u012b specializ\u0113tus pakalpojumus medic\u012bnas iek\u0101rtu p\u0101rvieto\u0161anai Dominik\u0101nas Republik\u0101. Uz\u0146\u0113mums ir IAM biedrs ar 3 gadu darba st\u0101\u017eu.<\/p>\n<p>Mega Movers sniedz individualiz\u0113tus pakalpojumus, kas ietver konsult\u0101cijas un padomus. Vi\u0146i nodro\u0161ina pieredz\u0113ju\u0161us iepakot\u0101jus un jaunus iepako\u0161anas materi\u0101lus, tostarp p\u0113c pas\u016bt\u012bjuma izgatavotas kastes. Vi\u0146i sadarbojas ar\u012b ar vair\u0101k nek\u0101 1000 starptautisko p\u0101rcel\u0161an\u0101s a\u0123entiem vis\u0101 pasaul\u0113, lai kop\u012bgi sniegtu pakalpojumus.<\/p>\n<p>T\u012bmek\u013ca vietne: <a href=\"http:\/\/www.megamovers.co\" target=\"_blank\" rel=\"noopener\">http:\/\/www.megamovers.co<\/a><\/p>\n<h2><span class=\"ez-toc-section\" id=\"3_Dominican_International_Moving\"><\/span><strong>3. Dominik\u0101nas starptautisk\u0101 p\u0101rcel\u0161an\u0101s<\/strong><span class=\"ez-toc-section-end\"><\/span><\/h2>\n<p><img loading=\"lazy\" decoding=\"async\" class=\"alignnone size-full wp-image-5939\" src=\"https:\/\/moverdb.com\/wp-content\/uploads\/Domincan-International-Moving-company.png\" alt=\"Dominik\u0101nas Starptautiskais P\u0101rv\u0101k\u0161an\u0101s uz\u0146\u0113mums\" width=\"1440\" height=\"672\" data-wp-pid=\"5939\" srcset=\"https:\/\/moverdb.com\/wp-content\/uploads\/Domincan-International-Moving-company.png 1440w, https:\/\/moverdb.com\/wp-content\/uploads\/Domincan-International-Moving-company-300x140.png 300w, https:\/\/moverdb.com\/wp-content\/uploads\/Domincan-International-Moving-company-1024x478.png 1024w, https:\/\/moverdb.com\/wp-content\/uploads\/Domincan-International-Moving-company-18x8.png 18w, https:\/\/moverdb.com\/wp-content\/uploads\/Domincan-International-Moving-company-600x280.png 600w\" sizes=\"auto, (max-width: 1440px) 100vw, 1440px\" \/><\/p>\n<ul>\n<li>Valsts p\u0101rcel\u0161an\u0101s<\/li>\n<li>Starptautiskie p\u0101rvadi<\/li>\n<li>P\u0101rv\u0101k\u0161an\u0101s uz dz\u012bvojam\u0101m telp\u0101m<\/li>\n<li>Uz\u0146\u0113m\u0113jdarb\u012bbas virzieni<\/li>\n<li>Pieredze darb\u0101 ar jut\u012bgiem un trausliem priek\u0161metiem.<\/li>\n<li>Iepako\u0161anas pakalpojumi<\/li>\n<li>Muitas atbalsts<\/li>\n<li>Transportl\u012bdzek\u013cu transport\u0113\u0161ana<\/li>\n<li>M\u0101jdz\u012bvnieku p\u0101rvieto\u0161ana<\/li>\n<li>Uzglab\u0101\u0161anas iek\u0101rtas<\/li>\n<\/ul>\n<p>Dominik\u0101nas starptautisk\u0101 p\u0101rcel\u0161an\u0101s ir <a href=\"https:\/\/moverdb.com\/lv\/moving-companies\/\" data-internallinksmanager029f6b8e52c=\"79\" title=\"Top 25 Starptautiskie p\u0101rcel\u0161an\u0101s uz\u0146\u0113mumi tie\u0161saist\u0113\">P\u0101rvieto\u0161an\u0101s uz\u0146\u0113mums<\/a> kas atrodas Santo Domingo un pied\u0101v\u0101 valsts un starptautiskus p\u0101rcel\u0161an\u0101s un p\u0101rcel\u0161an\u0101s pakalpojumus. Vi\u0146i pied\u0101v\u0101 ar\u012b transportl\u012bdzek\u013cu transport\u0113\u0161anu un m\u0101jdz\u012bvnieku p\u0101rvieto\u0161anu. Uz\u0146\u0113mums ir IAM biedrs, un tam ir kvalific\u0113tu a\u0123entu t\u012bkls vis\u0101 pasaul\u0113, kas pal\u012bdz veikt starptautiskus p\u0101rv\u0101k\u0161an\u0101s darbus.<\/p>\n<p>Dominik\u0101nas starptautisk\u0101 p\u0101rcel\u0161an\u0101s nodro\u0161ina visaptvero\u0161us p\u0101rcel\u0161an\u0101s risin\u0101jumus, kas ietver visu j\u016bsu mantu dro\u0161u iesai\u0146o\u0161anu ar specializ\u0113tu iepakojumu, m\u0113be\u013cu izjauk\u0161anu un invent\u0101ra sast\u0101d\u012b\u0161anu. Vi\u0146i organiz\u0113s j\u016bsu mantu transport\u0113\u0161anu, nok\u0101rtos muitas pras\u012bbas, izkraus t\u0101s un samont\u0113s m\u0113beles.<\/p>\n<p>T\u012bmek\u013ca vietne: <a href=\"http:\/\/www.dim.do\/\" target=\"_blank\" rel=\"noopener\">http:\/\/www.dim.do\/<\/a><\/p>\n<h2><span class=\"ez-toc-section\" id=\"4_Frank_Leo\"><\/span><strong>4. Frenks Leo<\/strong><span class=\"ez-toc-section-end\"><\/span><\/h2>\n<p><img loading=\"lazy\" decoding=\"async\" class=\"alignnone size-full wp-image-5946\" src=\"https:\/\/moverdb.com\/wp-content\/uploads\/Frank-Leo-international-moving-company.png\" alt=\"Frank Leo starptautiskais p\u0101rcel\u0161an\u0101s uz\u0146\u0113mums\" width=\"1440\" height=\"680\" data-wp-pid=\"5946\" srcset=\"https:\/\/moverdb.com\/wp-content\/uploads\/Frank-Leo-international-moving-company.png 1440w, https:\/\/moverdb.com\/wp-content\/uploads\/Frank-Leo-international-moving-company-300x142.png 300w, https:\/\/moverdb.com\/wp-content\/uploads\/Frank-Leo-international-moving-company-1024x484.png 1024w, https:\/\/moverdb.com\/wp-content\/uploads\/Frank-Leo-international-moving-company-18x9.png 18w, https:\/\/moverdb.com\/wp-content\/uploads\/Frank-Leo-international-moving-company-600x283.png 600w\" sizes=\"auto, (max-width: 1440px) 100vw, 1440px\" \/><\/p>\n<ul>\n<li>Valsts p\u0101rcel\u0161an\u0101s<\/li>\n<li>Starptautiskie p\u0101rvadi<\/li>\n<li>P\u0101rcel\u0161an\u0101s pakalpojumi<\/li>\n<li>M\u0101jsaimniec\u012bbas p\u0101rv\u0101k\u0161an\u0101s<\/li>\n<li>Komerci\u0101lie p\u0101rvadi<\/li>\n<li>Sauszemes, j\u016bras un gaisa transports<\/li>\n<li>Muitas starpniec\u012bba<\/li>\n<li>Papildu transporta pakalpojumi transportl\u012bdzek\u013ciem un m\u0101jdz\u012bvniekiem<\/li>\n<li>Apdro\u0161in\u0101\u0161ana<\/li>\n<li>Uzglab\u0101\u0161anas iek\u0101rtas<\/li>\n<\/ul>\n<p>Frank Leo ir lo\u0123istikas un p\u0101rvad\u0101jumu uz\u0146\u0113mums, kas dibin\u0101ts Dominik\u0101nas Republik\u0101 1990. gad\u0101. Uz\u0146\u0113mums pied\u0101v\u0101 valsts un starptautiskos p\u0101rcel\u0161an\u0101s pakalpojumus, k\u0101 ar\u012b p\u0101rcel\u0161an\u0101s pakalpojumus, kas pal\u012bdz jums ar viet\u0113j\u0101m konsult\u0101cij\u0101m un iek\u0101rto\u0161anos jaunaj\u0101 valst\u012b. Uz\u0146\u0113mums ir IAM biedrs ar 32 gadu darba st\u0101\u017eu.<\/p>\n<p>Frank Leo pied\u0101v\u0101 piel\u0101gotus risin\u0101jumus priv\u0101tperson\u0101m, \u0123imen\u0113m, uz\u0146\u0113mumiem un diplom\u0101tiem. Vi\u0146u pakalpojumi ietver visu j\u016bsu mantu iepako\u0161anu, k\u0101 ar\u012b \u012bpa\u0161us iepako\u0161anas pakalpojumus senliet\u0101m, m\u0101kslas darbiem un tehnikai. Vi\u0146i organiz\u0113s transport\u0113\u0161anu pa sauszemi, j\u016bru vai gaisu un pal\u012bdz\u0113s ar muitas starpniec\u012bbu. Vi\u0146i sniedz ar\u012b pakalpojumus, lai pal\u012bdz\u0113tu p\u0101rvietot transportl\u012bdzek\u013cus, laivas, viegl\u0101s lidma\u0161\u012bnas, augus un m\u0101jdz\u012bvniekus.<\/p>\n<p>T\u012bmek\u013ca vietne: <a href=\"http:\/\/www.frankleo.com\" target=\"_blank\" rel=\"noopener\">http:\/\/www.frankleo.com<\/a><\/p>\n<h2><span class=\"ez-toc-section\" id=\"5_L_G_International_Movers\"><\/span><strong>5. L&amp;G International Movers<\/strong><span class=\"ez-toc-section-end\"><\/span><\/h2>\n<p><img loading=\"lazy\" decoding=\"async\" class=\"alignnone size-full wp-image-5965\" src=\"https:\/\/moverdb.com\/wp-content\/uploads\/LG-International-Movers-company.png\" alt=\"L&amp;G International Movers uz\u0146\u0113mums\" width=\"1440\" height=\"676\" data-wp-pid=\"5965\" srcset=\"https:\/\/moverdb.com\/wp-content\/uploads\/LG-International-Movers-company.png 1440w, https:\/\/moverdb.com\/wp-content\/uploads\/LG-International-Movers-company-300x141.png 300w, https:\/\/moverdb.com\/wp-content\/uploads\/LG-International-Movers-company-1024x481.png 1024w, https:\/\/moverdb.com\/wp-content\/uploads\/LG-International-Movers-company-18x8.png 18w, https:\/\/moverdb.com\/wp-content\/uploads\/LG-International-Movers-company-600x282.png 600w\" sizes=\"auto, (max-width: 1440px) 100vw, 1440px\" \/><\/p>\n<ul>\n<li>Valsts p\u0101rcel\u0161an\u0101s<\/li>\n<li>Starptautiskie p\u0101rvadi<\/li>\n<li>P\u0101rv\u0101k\u0161an\u0101s uz dz\u012bvojam\u0101m telp\u0101m<\/li>\n<li>Uz\u0146\u0113m\u0113jdarb\u012bbas virzieni<\/li>\n<li>Pa\u0161izpako\u0161anas opcija<\/li>\n<li>Iepako\u0161anas pakalpojumi<\/li>\n<li>Transporta iesp\u0113ju izv\u0113le<\/li>\n<li>Muito\u0161ana<\/li>\n<li>Autotransports<\/li>\n<li>Uzglab\u0101\u0161anas iek\u0101rtas<\/li>\n<\/ul>\n<p>L&amp;G International Movers ir lo\u0123istikas un starptautisko p\u0101rcel\u0161an\u0101s pakalpojumu uz\u0146\u0113mums, kas atrodas Santo Domingo. Uz\u0146\u0113mums nodro\u0161ina starptautiskus p\u0101rv\u0101k\u0161an\u0101s pakalpojumus, izmantojot savus partnerus, citus p\u0101rv\u0101c\u0113jus un kravu nos\u016bt\u012bt\u0101jus vis\u0101 pasaul\u0113. Uz\u0146\u0113mums ir IAM biedrs un ir akredit\u0113ts FIDI.<\/p>\n<p>L&amp;G International Movers iesai\u0146os j\u016bsu mantas, izmantojot jaun\u0101kos pa\u0146\u0113mienus un materi\u0101lus, vai ar\u012b j\u016bs varat izv\u0113l\u0113ties iepakot mantas pats. P\u0101rvad\u0101t\u0101ji pied\u0101v\u0101 da\u017e\u0101dus transporta pakalpojumus, tostarp gaisa un j\u016bras kravu p\u0101rvad\u0101jumus, tostarp ekonomisk\u0101kas metodes, piem\u0113ram, grup\u0113\u0161anu, kad varat apvienot savu s\u016bt\u012bjumu ar citiem. Vi\u0146i pal\u012bdz\u0113s jums ar\u012b ar muito\u0161anu.<\/p>\n<p>T\u012bmek\u013ca vietne: <a href=\"http:\/\/www.lginternationalmovers.com\" target=\"_blank\" rel=\"noopener\">http:\/\/www.lginternationalmovers.com<\/a><\/p>\n<h2><span class=\"ez-toc-section\" id=\"6_Latino_Express\"><\/span><strong>6. Latino Express<\/strong><span class=\"ez-toc-section-end\"><\/span><\/h2>\n<p><img loading=\"lazy\" decoding=\"async\" class=\"alignnone size-full wp-image-5967\" src=\"https:\/\/moverdb.com\/wp-content\/uploads\/Latino-Express-international-moving-company.png\" alt=\"Latino Express starptautisk\u0101 p\u0101rcel\u0161an\u0101s uz\u0146\u0113mums\" width=\"1440\" height=\"665\" data-wp-pid=\"5967\" srcset=\"https:\/\/moverdb.com\/wp-content\/uploads\/Latino-Express-international-moving-company.png 1440w, https:\/\/moverdb.com\/wp-content\/uploads\/Latino-Express-international-moving-company-300x139.png 300w, https:\/\/moverdb.com\/wp-content\/uploads\/Latino-Express-international-moving-company-1024x473.png 1024w, https:\/\/moverdb.com\/wp-content\/uploads\/Latino-Express-international-moving-company-18x8.png 18w, https:\/\/moverdb.com\/wp-content\/uploads\/Latino-Express-international-moving-company-600x277.png 600w\" sizes=\"auto, (max-width: 1440px) 100vw, 1440px\" \/><\/p>\n<ul>\n<li>Valsts p\u0101rv\u0101k\u0161an\u0101s<\/li>\n<li>Starptautisk\u0101 p\u0101rcel\u0161an\u0101s<\/li>\n<li>P\u0101rcel\u0161an\u0101s<\/li>\n<li>M\u0101jsaimniec\u012bbas p\u0101rv\u0101k\u0161an\u0101s<\/li>\n<li>Uz\u0146\u0113mumu izve\u0161ana<\/li>\n<li>Iepako\u0161anas pakalpojumi<\/li>\n<li>Profesion\u0101li apm\u0101c\u012bts person\u0101ls<\/li>\n<li>Muitas brokeri<\/li>\n<li>Sauszemes, j\u016bras un gaisa kravu p\u0101rvad\u0101jumi<\/li>\n<li>Dro\u0161as uzglab\u0101\u0161anas risin\u0101jumi<\/li>\n<\/ul>\n<p>Latino Express ir 1979. gad\u0101 dibin\u0101ts kravu p\u0101rvad\u0101jumu un p\u0101rcel\u0161an\u0101s uz\u0146\u0113mums, kas pied\u0101v\u0101 nacion\u0101los un starptautiskos p\u0101rcel\u0161an\u0101s, k\u0101 ar\u012b p\u0101rcel\u0161an\u0101s pakalpojumus. Uz\u0146\u0113mums sadarbojas ar starptautisko p\u0101rcel\u0161an\u0101s uz\u0146\u0113mumu t\u012bklu, lai pal\u012bdz\u0113tu sniegt p\u0101rcel\u0161an\u0101s pakalpojumus vis\u0101 pasaul\u0113. Uz\u0146\u0113mums ir IAM biedrs ar 43 gadu darba st\u0101\u017eu.<\/p>\n<p>Latino Express sniedz profesion\u0101lus p\u0101rcel\u0161an\u0101s pakalpojumus, kas ietver m\u0101jsaimniec\u012bbu un uz\u0146\u0113mumu p\u0101rcel\u0161anos. Vi\u0146i sniedz iepako\u0161anas pakalpojumus, ko nodro\u0161ina apm\u0101c\u012bts person\u0101ls, kas aizsarg\u0101s j\u016bsu mantas, k\u0101 ar\u012b organiz\u0113s p\u0101rvad\u0101jumus pa sauszemi, j\u016bru vai gaisu un pal\u012bdz\u0113s ar muitas starpniec\u012bbu. Vi\u0146i pied\u0101v\u0101 ar\u012b dro\u0161as uzglab\u0101\u0161anas risin\u0101jumus, ja jums tas ir nepiecie\u0161ams.<\/p>\n<p>T\u012bmek\u013ca vietne: <a href=\"http:\/\/www.latinoexpress.com.do\" target=\"_blank\" rel=\"noopener\">http:\/\/www.latinoexpress.com.do<\/a><\/p>","protected":false},"excerpt":{"rendered":"<p>If you are moving home or relocating your business in the Dominican Republic, or to or from the Dominican Republic, you might be looking for some assistance. A moving or relocation company could help ease your move and take away some of the stress. Below we have compiled a list of Dominican Republic removal companies [&hellip;]<\/p>\n","protected":false},"author":4,"featured_media":0,"parent":190,"menu_order":0,"comment_status":"closed","ping_status":"closed","template":"","meta":{"_genesis_hide_title":false,"_genesis_hide_breadcrumbs":false,"_genesis_hide_singular_image":false,"_genesis_hide_footer_widgets":false,"_genesis_custom_body_class":"","_genesis_custom_post_class":"","_genesis_layout":"","footnotes":""},"class_list":{"0":"post-6036","1":"page","2":"type-page","3":"status-publish","5":"entry","6":"has-post-thumbnail"},"_links":{"self":[{"href":"https:\/\/moverdb.com\/lv\/wp-json\/wp\/v2\/pages\/6036","targetHints":{"allow":["GET"]}}],"collection":[{"href":"https:\/\/moverdb.com\/lv\/wp-json\/wp\/v2\/pages"}],"about":[{"href":"https:\/\/moverdb.com\/lv\/wp-json\/wp\/v2\/types\/page"}],"author":[{"embeddable":true,"href":"https:\/\/moverdb.com\/lv\/wp-json\/wp\/v2\/users\/4"}],"replies":[{"embeddable":true,"href":"https:\/\/moverdb.com\/lv\/wp-json\/wp\/v2\/comments?post=6036"}],"version-history":[{"count":1,"href":"https:\/\/moverdb.com\/lv\/wp-json\/wp\/v2\/pages\/6036\/revisions"}],"predecessor-version":[{"id":6037,"href":"https:\/\/moverdb.com\/lv\/wp-json\/wp\/v2\/pages\/6036\/revisions\/6037"}],"up":[{"embeddable":true,"href":"https:\/\/moverdb.com\/lv\/wp-json\/wp\/v2\/pages\/190"}],"wp:attachment":[{"href":"https:\/\/moverdb.com\/lv\/wp-json\/wp\/v2\/media?parent=6036"}],"curies":[{"name":"wp","href":"https:\/\/api.w.org\/{rel}","templated":true}]}}