{"id":6026,"date":"2023-02-01T13:47:16","date_gmt":"2023-02-01T13:47:16","guid":{"rendered":"https:\/\/moverdb.com\/?page_id=6026"},"modified":"2026-01-08T15:29:04","modified_gmt":"2026-01-08T15:29:04","slug":"parvietojas-uznemumi-cehijas-republikas","status":"publish","type":"page","link":"https:\/\/moverdb.com\/lv\/moving-companies\/moving-companies-czech-republic\/","title":{"rendered":"5 lab\u0101kie starptautisk\u0101s p\u0101rcel\u0161an\u0101s uz\u0146\u0113mumi \u010cehij\u0101"},"content":{"rendered":"<p>P\u0101rv\u0101k\u0161an\u0101s var b\u016bt stresa pilns laiks, t\u0101p\u0113c daudzi cilv\u0113ki mekl\u0113 pal\u012bdz\u012bbu no <a href=\"https:\/\/moverdb.com\/lv\/moving-companies\/\" data-internallinksmanager029f6b8e52c=\"79\" title=\"Top 25 Starptautiskie p\u0101rcel\u0161an\u0101s uz\u0146\u0113mumi tie\u0161saist\u0113\">P\u0101rvieto\u0161an\u0101s uz\u0146\u0113mums<\/a> lai atvieglotu \u0161o slogu. Neatkar\u012bgi no t\u0101, vai j\u016bs p\u0101rvietojat sevi vai savu uz\u0146\u0113mumu viet\u0113j\u0101 vai starptautisk\u0101 m\u0113rog\u0101, ir uz\u0146\u0113mums, kas var jums pal\u012bdz\u0113t. Zem\u0101k m\u0113s esam apkopoju\u0161i \u0161\u0101du uz\u0146\u0113mumu sarakstu <a href=\"https:\/\/moverdb.com\/lv\/moving-to-the-czech-republic\/\" data-internallinksmanager029f6b8e52c=\"391\" title=\"P\u0101rcel\u0161an\u0101s uz \u010cehiju? 2024 Dz\u012bves izmaksas un p\u0101rcel\u0161an\u0101s padomi\">\u010cehija<\/a> <a href=\"https:\/\/moverdb.com\/lv\/international-removals\/\" data-internallinksmanager029f6b8e52c=\"27\" title=\"36 Lab\u0101kie starptautisko p\u0101rvad\u0101jumu uz\u0146\u0113mumi Apvienotaj\u0101 Karalist\u0113\">p\u0101rv\u0101k\u0161an\u0101s uz\u0146\u0113mumi<\/a> kas ir <a href=\"https:\/\/moverdb.com\/lv\/iam\/\" data-internallinksmanager029f6b8e52c=\"23\" title=\"Starptautisk\u0101s P\u0101rv\u0101c\u0113ju asoci\u0101cijas (IAM) skaidrojumi\">Starptautisk\u0101 P\u0101rv\u0101c\u0113ju asoci\u0101cija<\/a> (IAM) un\/vai <a href=\"https:\/\/moverdb.com\/lv\/fidi-faim\/\" data-internallinksmanager029f6b8e52c=\"16\" title=\"FIDI un FAIM (FIDI akredit\u0113tais starptautiskais p\u0101rvietot\u0101js) skaidrojums\">FIDI<\/a> Akredit\u0113ti starptautiskie p\u0101rv\u0101c\u0113ji (FAIM), kas var\u0113tu jums pal\u012bdz\u0113t.<\/p>\n<div id=\"ez-toc-container\" class=\"ez-toc-v2_0_82_2 ez-toc-wrap-left counter-hierarchy ez-toc-counter ez-toc-transparent ez-toc-container-direction\">\n<div class=\"ez-toc-title-container\">\n<p class=\"ez-toc-title\" style=\"cursor:inherit\">Sada\u013cas<\/p>\n<span class=\"ez-toc-title-toggle\"><a href=\"#\" class=\"ez-toc-pull-right ez-toc-btn ez-toc-btn-xs ez-toc-btn-default ez-toc-toggle\" aria-label=\"P\u0101rsl\u0113gt satura tabulu\"><span class=\"ez-toc-js-icon-con\"><span class=\"\"><span class=\"eztoc-hide\" style=\"display:none;\">P\u0101rsl\u0113gt<\/span><span class=\"ez-toc-icon-toggle-span\"><svg style=\"fill: #999;color:#999\" xmlns=\"http:\/\/www.w3.org\/2000\/svg\" class=\"list-377408\" width=\"20px\" height=\"20px\" viewbox=\"0 0 24 24\" fill=\"none\"><path d=\"M6 6H4v2h2V6zm14 0H8v2h12V6zM4 11h2v2H4v-2zm16 0H8v2h12v-2zM4 16h2v2H4v-2zm16 0H8v2h12v-2z\" fill=\"currentColor\"><\/path><\/svg><svg style=\"fill: #999;color:#999\" class=\"arrow-unsorted-368013\" xmlns=\"http:\/\/www.w3.org\/2000\/svg\" width=\"10px\" height=\"10px\" viewbox=\"0 0 24 24\" version=\"1.2\" baseprofile=\"tiny\"><path d=\"M18.2 9.3l-6.2-6.3-6.2 6.3c-.2.2-.3.4-.3.7s.1.5.3.7c.2.2.4.3.7.3h11c.3 0 .5-.1.7-.3.2-.2.3-.5.3-.7s-.1-.5-.3-.7zM5.8 14.7l6.2 6.3 6.2-6.3c.2-.2.3-.5.3-.7s-.1-.5-.3-.7c-.2-.2-.4-.3-.7-.3h-11c-.3 0-.5.1-.7.3-.2.2-.3.5-.3.7s.1.5.3.7z\"\/><\/svg><\/span><\/span><\/span><\/a><\/span><\/div>\n<nav><ul class='ez-toc-list ez-toc-list-level-1 eztoc-toggle-hide-by-default' ><li class='ez-toc-page-1 ez-toc-heading-level-2'><a class=\"ez-toc-link ez-toc-heading-1\" href=\"https:\/\/moverdb.com\/lv\/moving-companies\/moving-companies-czech-republic\/#1_Santa_Fe_Relocation\" >1. Santa Fe p\u0101rvieto\u0161ana<\/a><\/li><li class='ez-toc-page-1 ez-toc-heading-level-2'><a class=\"ez-toc-link ez-toc-heading-2\" href=\"https:\/\/moverdb.com\/lv\/moving-companies\/moving-companies-czech-republic\/#2_Voerman_International\" >2. Voerman International<\/a><\/li><li class='ez-toc-page-1 ez-toc-heading-level-2'><a class=\"ez-toc-link ez-toc-heading-3\" href=\"https:\/\/moverdb.com\/lv\/moving-companies\/moving-companies-czech-republic\/#3_Gosselin\" >3. Gosselin<\/a><\/li><li class='ez-toc-page-1 ez-toc-heading-level-2'><a class=\"ez-toc-link ez-toc-heading-4\" href=\"https:\/\/moverdb.com\/lv\/moving-companies\/moving-companies-czech-republic\/#4_KAE_International_Movers\" >4. KAE International Movers<\/a><\/li><li class='ez-toc-page-1 ez-toc-heading-level-2'><a class=\"ez-toc-link ez-toc-heading-5\" href=\"https:\/\/moverdb.com\/lv\/moving-companies\/moving-companies-czech-republic\/#5_Fenix_Shipping\" >5. Fenix pieg\u0101de<\/a><\/li><li class='ez-toc-page-1 ez-toc-heading-level-2'><a class=\"ez-toc-link ez-toc-heading-6\" href=\"https:\/\/moverdb.com\/lv\/moving-companies\/moving-companies-czech-republic\/#Other_Useful_Guides_to_the_Czech_Republic\" >Citi noder\u012bgi ce\u013cve\u017ei uz \u010cehiju<\/a><\/li><\/ul><\/nav><\/div>\n<h2><span class=\"ez-toc-section\" id=\"1_Santa_Fe_Relocation\"><\/span><strong>1. Santa Fe p\u0101rvieto\u0161ana<\/strong><span class=\"ez-toc-section-end\"><\/span><\/h2>\n<p><img loading=\"lazy\" decoding=\"async\" class=\"alignnone size-full wp-image-6030\" src=\"https:\/\/moverdb.com\/wp-content\/uploads\/Santa-Fe-Relocation-Prague-international-moving-company.png\" alt=\"Santa Fe P\u0101rcel\u0161an\u0101s Pr\u0101ga starptautisk\u0101 p\u0101rcel\u0161an\u0101s uz\u0146\u0113mums\" width=\"1440\" height=\"683\" data-wp-pid=\"6030\" srcset=\"https:\/\/moverdb.com\/wp-content\/uploads\/Santa-Fe-Relocation-Prague-international-moving-company.png 1440w, https:\/\/moverdb.com\/wp-content\/uploads\/Santa-Fe-Relocation-Prague-international-moving-company-300x142.png 300w, https:\/\/moverdb.com\/wp-content\/uploads\/Santa-Fe-Relocation-Prague-international-moving-company-1024x486.png 1024w, https:\/\/moverdb.com\/wp-content\/uploads\/Santa-Fe-Relocation-Prague-international-moving-company-18x9.png 18w, https:\/\/moverdb.com\/wp-content\/uploads\/Santa-Fe-Relocation-Prague-international-moving-company-600x285.png 600w\" sizes=\"auto, (max-width: 1440px) 100vw, 1440px\" \/><\/p>\n<ul>\n<li>Viet\u0113jie p\u0101rvadi<\/li>\n<li>Starptautiskie p\u0101rvadi<\/li>\n<li>M\u0101jsaimniec\u012bbas p\u0101rv\u0101k\u0161an\u0101s<\/li>\n<li>Uz\u0146\u0113mumu p\u0101rvieto\u0161ana<\/li>\n<li>Iepako\u0161anas pakalpojums, izmantojot augstas kvalit\u0101tes materi\u0101lus<\/li>\n<li>Transport\u0113\u0161ana pa sauszemi, gaisu vai j\u016bru<\/li>\n<li>Muito\u0161ana<\/li>\n<li>V\u012bzu un imigr\u0101cijas atbalsts<\/li>\n<li>M\u0101jdz\u012bvnieku un transportl\u012bdzek\u013cu transport\u0113\u0161ana<\/li>\n<li>\u012astermi\u0146a un ilgtermi\u0146a uzglab\u0101\u0161anas telpas<\/li>\n<\/ul>\n<p>Santa Fe Relocation ir starptautisks p\u0101rcel\u0161an\u0101s un p\u0101rcel\u0161an\u0101s uz\u0146\u0113mums ar birojiem galvenaj\u0101s valst\u012bs. Uz\u0146\u0113mums 1992. gad\u0101 atv\u0113ra savu biroju Pr\u0101g\u0101, pied\u0101v\u0101jot gan dz\u012bvojamo m\u0101ju, gan uz\u0146\u0113mumu p\u0101rvieto\u0161anu. Uz\u0146\u0113mums ir IAM biedrs ar 30 gadu darba st\u0101\u017eu un ir akredit\u0113ts FIDI.<\/p>\n<p>Santa Fe Relocation pied\u0101v\u0101 konsult\u0101cijas pirms p\u0101rcel\u0161an\u0101s uz vietas, lai nov\u0113rt\u0113tu j\u016bsu vajadz\u012bbas. Vi\u0146i sniedz profesion\u0101lus iepako\u0161anas pakalpojumus, tostarp veic visa invent\u0101ra katalo\u0123iz\u0101ciju un izmanto lab\u0101kos iepako\u0161anas materi\u0101lus un pa\u0146\u0113mienus. Vi\u0146i organiz\u0113 transport\u0113\u0161anu pa sauszemi, gaisu vai j\u016bru ar muito\u0161anu. Vi\u0146i pied\u0101v\u0101 papildu pakalpojumus, tostarp apdro\u0161in\u0101\u0161anu, uzglab\u0101\u0161anu, m\u0101jas un skolas mekl\u0113\u0161anu, iek\u0101rto\u0161an\u0101s pakalpojumus, m\u0101jdz\u012bvnieku un transportl\u012bdzek\u013cu p\u0101rvad\u0101\u0161anu.<\/p>\n<p>T\u012bmek\u013ca vietne: <a href=\"https:\/\/www.santaferelo.com\/en\/contact\/our-offices\/czech-republic-prague\/\" target=\"_blank\" rel=\"noopener\">https:\/\/www.santaferelo.com\/en\/contact\/our-offices\/czech-republic-prague\/<\/a><\/p>\n<h2><span class=\"ez-toc-section\" id=\"2_Voerman_International\"><\/span><strong>2. Voerman International<\/strong><span class=\"ez-toc-section-end\"><\/span><\/h2>\n<p><img loading=\"lazy\" decoding=\"async\" class=\"alignnone size-full wp-image-6011\" src=\"https:\/\/moverdb.com\/wp-content\/uploads\/Voerman-international-moving-company.png\" alt=\"Voerman starptautiskais p\u0101rvieto\u0161an\u0101s uz\u0146\u0113mums\" width=\"1440\" height=\"683\" data-wp-pid=\"6011\" srcset=\"https:\/\/moverdb.com\/wp-content\/uploads\/Voerman-international-moving-company.png 1440w, https:\/\/moverdb.com\/wp-content\/uploads\/Voerman-international-moving-company-300x142.png 300w, https:\/\/moverdb.com\/wp-content\/uploads\/Voerman-international-moving-company-1024x486.png 1024w, https:\/\/moverdb.com\/wp-content\/uploads\/Voerman-international-moving-company-18x9.png 18w, https:\/\/moverdb.com\/wp-content\/uploads\/Voerman-international-moving-company-600x285.png 600w\" sizes=\"auto, (max-width: 1440px) 100vw, 1440px\" \/><\/p>\n<ul>\n<li>Valsts p\u0101rcel\u0161an\u0101s<\/li>\n<li>Starptautiskie p\u0101rvadi<\/li>\n<li>P\u0101rcel\u0161an\u0101s pakalpojumi<\/li>\n<li>Pal\u012bdz\u012bba imigr\u0101cijas un v\u012bzu jaut\u0101jumos<\/li>\n<li>Pal\u012bdz\u012bba m\u0101jas un skolas mekl\u0113\u0161an\u0101<\/li>\n<li>Transportl\u012bdzek\u013cu transport\u0113\u0161ana<\/li>\n<li>M\u0101jdz\u012bvnieku p\u0101rvieto\u0161ana<\/li>\n<li>Apdro\u0161in\u0101\u0161ana<\/li>\n<li>\u012astermi\u0146a l\u012bdz ilgtermi\u0146a uzglab\u0101\u0161ana<\/li>\n<li>Ilgtsp\u0113j\u012bgi so\u013ci no 2023. gada febru\u0101ra<\/li>\n<\/ul>\n<p>Voerman International ir p\u0101rcel\u0161an\u0101s un p\u0101rv\u0101k\u0161an\u0101s uz\u0146\u0113mums, kas darbojas kop\u0161 1986. gada ar birojiem vis\u0101 pasaul\u0113. <a href=\"https:\/\/moverdb.com\/lv\/moving-to-the-netherlands\/\" data-internallinksmanager029f6b8e52c=\"328\" title=\"P\u0101rce\u013caties uz N\u012bderlandi? 2023 Dz\u012bves izmaksas un p\u0101rcel\u0161an\u0101s padomi\">N\u012bderlande<\/a>, Krieviju, \u010cehiju un <a href=\"https:\/\/moverdb.com\/lv\/moving-to-poland\/\" data-internallinksmanager029f6b8e52c=\"378\" title=\"P\u0101rcel\u0161an\u0101s uz Poliju? 2023 Dz\u012bves izmaksas un p\u0101rcel\u0161an\u0101s padomi\">Polija<\/a>. Vi\u0146i sadarbojas ar cit\u0101m starptautisk\u0101m p\u0101rvieto\u0161an\u0101s a\u0123ent\u016br\u0101m, lai sniegtu pakalpojumus vis\u0101 pasaul\u0113. Vi\u0146i ir IAM biedrs ar 26 gadu darba st\u0101\u017eu, k\u0101 ar\u012b IAM <a href=\"https:\/\/moverdb.com\/lv\/harmony-relocation-network\/\" data-internallinksmanager029f6b8e52c=\"20\" title=\"Harmonijas p\u0101rvieto\u0161anas t\u012bkla (HRN) skaidrojums\">Harmonijas p\u0101rvieto\u0161anas t\u012bkls<\/a> un ir akredit\u0113tas FIDI.<\/p>\n<p>Voerman International pied\u0101v\u0101 visaptvero\u0161us pakalpojumus, kas ietver pakalpojumus pirms un p\u0113c izbrauk\u0161anas, piem\u0113ram, izbrauk\u0161anas pakalpojumus, dokumentu k\u0101rto\u0161anu, imigr\u0101cijas un v\u012bzu pal\u012bdz\u012bbu. Vi\u0146i pied\u0101v\u0101 ar\u012b iek\u0101rto\u0161an\u0101s pakalpojumus, pal\u012bdz\u012bbu m\u0101jok\u013ca un skolas mekl\u0113\u0161an\u0101, pal\u012bgdarbu pakalpojumus, kult\u016bras un valodas apm\u0101c\u012bbu.<\/p>\n<p>T\u012bmek\u013ca vietne: <a href=\"https:\/\/www.voerman.com\/\" target=\"_blank\" rel=\"noopener\">https:\/\/www.voerman.com\/<\/a><\/p>\n<h2><span class=\"ez-toc-section\" id=\"3_Gosselin\"><\/span><strong>3. Gosselin<\/strong><span class=\"ez-toc-section-end\"><\/span><\/h2>\n<p><img loading=\"lazy\" decoding=\"async\" class=\"alignnone size-full wp-image-5954\" src=\"https:\/\/moverdb.com\/wp-content\/uploads\/Gosselin-Czech-Republic-international-moving-company.png\" alt=\"Gosselin \u010cehijas Republikas starptautisk\u0101 p\u0101rcel\u0161an\u0101s uz\u0146\u0113mums\" width=\"1440\" height=\"682\" data-wp-pid=\"5954\" srcset=\"https:\/\/moverdb.com\/wp-content\/uploads\/Gosselin-Czech-Republic-international-moving-company.png 1440w, https:\/\/moverdb.com\/wp-content\/uploads\/Gosselin-Czech-Republic-international-moving-company-300x142.png 300w, https:\/\/moverdb.com\/wp-content\/uploads\/Gosselin-Czech-Republic-international-moving-company-1024x485.png 1024w, https:\/\/moverdb.com\/wp-content\/uploads\/Gosselin-Czech-Republic-international-moving-company-18x9.png 18w, https:\/\/moverdb.com\/wp-content\/uploads\/Gosselin-Czech-Republic-international-moving-company-600x284.png 600w\" sizes=\"auto, (max-width: 1440px) 100vw, 1440px\" \/><\/p>\n<ul>\n<li>Starptautiskie p\u0101rvadi<\/li>\n<li>P\u0101rcel\u0161an\u0101s pakalpojumi<\/li>\n<li>M\u0101jsaimniec\u012bbas p\u0101rv\u0101k\u0161an\u0101s<\/li>\n<li>Biroju p\u0101rcel\u0161an\u0101s<\/li>\n<li>Iepako\u0161anas pakalpojums, izmantojot augst\u0101k\u0101s kvalit\u0101tes materi\u0101lus<\/li>\n<li>Sauszemes vai j\u016bras transports<\/li>\n<li>T\u0113lot\u0101jm\u0101kslas transports<\/li>\n<li>M\u0101jdz\u012bvnieku p\u0101rvieto\u0161ana<\/li>\n<li>Transportl\u012bdzek\u013cu transport\u0113\u0161ana<\/li>\n<li>Uzglab\u0101\u0161anas iek\u0101rtas<\/li>\n<\/ul>\n<p>Gosselin ir starptautisks p\u0101rcel\u0161an\u0101s pakalpojumu sniedz\u0113js ar birojiem vis\u0101 Eirop\u0101, tostarp Pr\u0101g\u0101, kas tika izveidots 1992. gad\u0101. Uz\u0146\u0113mumam ir ar\u012b partneru t\u012bkls vis\u0101 pasaul\u0113, kas nodro\u0161ina starptautisko p\u0101rcel\u0161anos. Uz\u0146\u0113mums ir IAM biedrs ar 30 gadu darba st\u0101\u017eu.<\/p>\n<p>Gosselin pied\u0101v\u0101 pieredz\u0113ju\u0161us p\u0101rcel\u0161an\u0101s pakalpojumus, kas var p\u0101rvietot m\u0101jsaimniec\u012bbas priek\u0161metus, birojus, meh\u0101niskos transportl\u012bdzek\u013cus, m\u0101jdz\u012bvniekus un m\u0101kslas priek\u0161metus \u010cehij\u0101 un \u0101rpus t\u0101s. Izmantojot augst\u0101k\u0101s kvalit\u0101tes iesai\u0146o\u0161anas materi\u0101lus, vi\u0146i j\u016bsu mantas iesai\u0146os atbilsto\u0161i augstiem standartiem. Vi\u0146i organiz\u0113s transportu pa sauszemi vai j\u016bru l\u012bdz galam\u0113r\u0137im. Vi\u0146i sniedz pakalpojumus priv\u0101tperson\u0101m, uz\u0146\u0113mumiem, diplom\u0101tiem un v\u0113stniec\u012bb\u0101m.<\/p>\n<p>T\u012bmek\u013ca vietne: <a href=\"https:\/\/gosselin-moving.com\/en\/czech-republic\" target=\"_blank\" rel=\"noopener\">https:\/\/gosselin-moving.com\/en\/czech-republic<\/a><\/p>\n<h2><span class=\"ez-toc-section\" id=\"4_KAE_International_Movers\"><\/span><strong>4. KAE International Movers<\/strong><span class=\"ez-toc-section-end\"><\/span><\/h2>\n<p><img loading=\"lazy\" decoding=\"async\" class=\"alignnone size-full wp-image-6028\" src=\"https:\/\/moverdb.com\/wp-content\/uploads\/KAE-International-Movers-international-moving-company.png\" alt=\"KAE International Movers starptautiskais p\u0101rcel\u0161an\u0101s uz\u0146\u0113mums\" width=\"1440\" height=\"681\" data-wp-pid=\"6028\" srcset=\"https:\/\/moverdb.com\/wp-content\/uploads\/KAE-International-Movers-international-moving-company.png 1440w, https:\/\/moverdb.com\/wp-content\/uploads\/KAE-International-Movers-international-moving-company-300x142.png 300w, https:\/\/moverdb.com\/wp-content\/uploads\/KAE-International-Movers-international-moving-company-1024x484.png 1024w, https:\/\/moverdb.com\/wp-content\/uploads\/KAE-International-Movers-international-moving-company-18x9.png 18w, https:\/\/moverdb.com\/wp-content\/uploads\/KAE-International-Movers-international-moving-company-600x284.png 600w\" sizes=\"auto, (max-width: 1440px) 100vw, 1440px\" \/><\/p>\n<ul>\n<li>Valsts p\u0101rcel\u0161an\u0101s<\/li>\n<li>Starptautiskie p\u0101rvadi<\/li>\n<li>M\u0101jsaimniec\u012bbas p\u0101rv\u0101k\u0161an\u0101s<\/li>\n<li>Biroju p\u0101rcel\u0161an\u0101s<\/li>\n<li>Iepako\u0161anas pakalpojumi<\/li>\n<li>Muitas atbalsts<\/li>\n<li>Apdro\u0161in\u0101\u0161ana<\/li>\n<li>T\u0113lot\u0101jm\u0101kslas transports<\/li>\n<li>Transportl\u012bdzek\u013cu transport\u0113\u0161ana<\/li>\n<li>Uzglab\u0101\u0161anas risin\u0101jumi<\/li>\n<\/ul>\n<p>KAE International Movers ir p\u0101rvieto\u0161anas un p\u0101rcel\u0161an\u0101s pakalpojumu sniedz\u0113js, kam ir biroji \u010cehij\u0101 un \u010cehij\u0101. <a href=\"https:\/\/moverdb.com\/lv\/moving-to-greece\/\" data-internallinksmanager029f6b8e52c=\"353\" title=\"P\u0101rcel\u0161an\u0101s uz Grie\u0137iju? 2023 Dz\u012bves izmaksas un p\u0101rcel\u0161an\u0101s padomi\">Grie\u0137ija<\/a>. Vi\u0146i sadarbojas ar starptautiskajiem p\u0101rvad\u0101jumu a\u0123entiem, lai sniegtu savus pakalpojumus vis\u0101 pasaul\u0113. Vi\u0146i ir IAM biedrs ar 8 gadu darba st\u0101\u017eu.<\/p>\n<p>KAE International Movers pied\u0101v\u0101 s\u0101kotn\u0113jo apsekojumu, lai nov\u0113rt\u0113tu j\u016bsu p\u0101rvieto\u0161an\u0101s vajadz\u012bbas un sagatavotu pied\u0101v\u0101jumu. Vi\u0146i sniedz profesion\u0101lus m\u0101jok\u013cu un biroju iepako\u0161anas pakalpojumus, kas tos aizsarg\u0101s un mar\u0137\u0113s transport\u0113\u0161anai pa sauszemi, gaisu vai j\u016bru. Vi\u0146i pal\u012bdz\u0113s jums ar muito\u0161anu un dokumentu noform\u0113\u0161anu. Vi\u0146i sniedz ar\u012b specializ\u0113tus m\u0101kslas priek\u0161metu un transportl\u012bdzek\u013cu p\u0101rvad\u0101\u0161anas pakalpojumus.<\/p>\n<p>T\u012bmek\u013ca vietne: <a href=\"http:\/\/www.kaeintlmovers.com\" target=\"_blank\" rel=\"noopener\">http:\/\/www.kaeintlmovers.com<\/a><\/p>\n<h2><span class=\"ez-toc-section\" id=\"5_Fenix_Shipping\"><\/span><strong>5. Fenix pieg\u0101de<\/strong><span class=\"ez-toc-section-end\"><\/span><\/h2>\n<p><img loading=\"lazy\" decoding=\"async\" class=\"alignnone size-full wp-image-6027\" src=\"https:\/\/moverdb.com\/wp-content\/uploads\/Fenix-Shipping-international-moving-company.png\" alt=\"Fenix Shipping starptautisks p\u0101rcel\u0161an\u0101s uz\u0146\u0113mums\" width=\"1440\" height=\"683\" data-wp-pid=\"6027\" srcset=\"https:\/\/moverdb.com\/wp-content\/uploads\/Fenix-Shipping-international-moving-company.png 1440w, https:\/\/moverdb.com\/wp-content\/uploads\/Fenix-Shipping-international-moving-company-300x142.png 300w, https:\/\/moverdb.com\/wp-content\/uploads\/Fenix-Shipping-international-moving-company-1024x486.png 1024w, https:\/\/moverdb.com\/wp-content\/uploads\/Fenix-Shipping-international-moving-company-18x9.png 18w, https:\/\/moverdb.com\/wp-content\/uploads\/Fenix-Shipping-international-moving-company-600x285.png 600w\" sizes=\"auto, (max-width: 1440px) 100vw, 1440px\" \/><\/p>\n<ul>\n<li>Valsts p\u0101rcel\u0161an\u0101s<\/li>\n<li>Starptautiskie p\u0101rvadi<\/li>\n<li>P\u0101rcel\u0161an\u0101s pakalpojumi<\/li>\n<li>M\u0101jsaimniec\u012bbas p\u0101rv\u0101k\u0161an\u0101s<\/li>\n<li>Iepako\u0161anas pakalpojums<\/li>\n<li>Ce\u013cu, j\u016bras un gaisa satiksme<\/li>\n<li>Muitas atbalsts<\/li>\n<li>Uzkop\u0161anas pakalpojumi<\/li>\n<li>M\u0101jdz\u012bvnieku p\u0101rvad\u0101\u0161ana<\/li>\n<li>\u012astermi\u0146a un ilgtermi\u0146a uzglab\u0101\u0161anas telpas<\/li>\n<\/ul>\n<p>Fenix Shipping ir Pr\u0101g\u0101 b\u0101z\u0113ts starptautisko p\u0101rvad\u0101jumu pakalpojumu sniedz\u0113js, kas pied\u0101v\u0101 p\u0101rvieto\u0161an\u0101s pakalpojumus \u010cehij\u0101 un uz \u010cehiju un no t\u0101s. Lai pied\u0101v\u0101tu savus starptautiskos pakalpojumus, uz\u0146\u0113mums sadarbojas ar partneriem no visas pasaules. Uz\u0146\u0113mums ir IAM biedrs ar septi\u0146u gadu darb\u012bbas pieredzi.<\/p>\n<p>Fenix Shipping pied\u0101v\u0101 pilnu p\u0101rcel\u0161an\u0101s pakalpojumu, kas ietver iepako\u0161anas pakalpojumus, lai aizsarg\u0101tu j\u016bsu mantas, k\u0101 ar\u012b iekrauj j\u016bsu mantas un organiz\u0113 transport\u0113\u0161anu pa sauszemi, j\u016bru vai gaisu. Vi\u0146i ar\u012b organiz\u0113 muitas pakalpojumus un nodro\u0161ina dokumentus, kas nepiecie\u0161ami j\u016bsu p\u0101rvieto\u0161an\u0101s atbalstam. P\u0101rcel\u0161an\u0101s pakalpojumi pal\u012bdz ar\u012b ar uzkop\u0161anu un automa\u0161\u012bnu nomu.<\/p>\n<p>T\u012bmek\u013ca vietne: <a href=\"http:\/\/www.fenixshipping.cz\" target=\"_blank\" rel=\"noopener\">http:\/\/www.fenixshipping.cz<\/a><\/p>\n<h2><span class=\"ez-toc-section\" id=\"Other_Useful_Guides_to_the_Czech_Republic\"><\/span>Citi noder\u012bgi ce\u013cve\u017ei uz \u010cehiju<span class=\"ez-toc-section-end\"><\/span><\/h2>\n<ul>\n<li> <a href=\"https:\/\/moverdb.com\/lv\/moving-to-the-czech-republic\/\">P\u0101rcel\u0161an\u0101s uz \u010cehiju? 2024 Dz\u012bves izmaksas un p\u0101rcel\u0161an\u0101s padomi<\/a><\/li>\n<li> <a href=\"https:\/\/moverdb.com\/lv\/moving-to-the-czech-republic\/best-places-to-live-in-czech-republic\/\">12 lab\u0101k\u0101s dz\u012bvesvietas \u010cehij\u0101<\/a><\/li>\n<li> <a href=\"https:\/\/moverdb.com\/lv\/?page_id=9648&#038;preview=true\">21 nosl\u0113pums par dz\u012bvi \u010cehij\u0101, kas j\u0101zina pirms p\u0101rcel\u0161an\u0101s<\/a><\/li>\n<li> <a href=\"https:\/\/moverdb.com\/lv\/konteineru-parvadajumi\/cehijas-republika\/\">2024 J\u016bras konteineru p\u0101rvad\u0101jumu cenas uz \u010cehiju un no t\u0101s<\/a><\/li>\n<\/ul>","protected":false},"excerpt":{"rendered":"<p>Moving can be a stressful time which is why many people seek the assistance of a moving company to help ease the burden. Whether you are moving yourself or your business locally or internationally, there is a company that can help. Below we have compiled a list of Czech Republic removal companies that are members [&hellip;]<\/p>\n","protected":false},"author":4,"featured_media":0,"parent":190,"menu_order":0,"comment_status":"closed","ping_status":"closed","template":"","meta":{"_genesis_hide_title":false,"_genesis_hide_breadcrumbs":false,"_genesis_hide_singular_image":false,"_genesis_hide_footer_widgets":false,"_genesis_custom_body_class":"","_genesis_custom_post_class":"","_genesis_layout":"","footnotes":""},"class_list":{"0":"post-6026","1":"page","2":"type-page","3":"status-publish","5":"entry","6":"has-post-thumbnail"},"_links":{"self":[{"href":"https:\/\/moverdb.com\/lv\/wp-json\/wp\/v2\/pages\/6026","targetHints":{"allow":["GET"]}}],"collection":[{"href":"https:\/\/moverdb.com\/lv\/wp-json\/wp\/v2\/pages"}],"about":[{"href":"https:\/\/moverdb.com\/lv\/wp-json\/wp\/v2\/types\/page"}],"author":[{"embeddable":true,"href":"https:\/\/moverdb.com\/lv\/wp-json\/wp\/v2\/users\/4"}],"replies":[{"embeddable":true,"href":"https:\/\/moverdb.com\/lv\/wp-json\/wp\/v2\/comments?post=6026"}],"version-history":[{"count":4,"href":"https:\/\/moverdb.com\/lv\/wp-json\/wp\/v2\/pages\/6026\/revisions"}],"predecessor-version":[{"id":16359,"href":"https:\/\/moverdb.com\/lv\/wp-json\/wp\/v2\/pages\/6026\/revisions\/16359"}],"up":[{"embeddable":true,"href":"https:\/\/moverdb.com\/lv\/wp-json\/wp\/v2\/pages\/190"}],"wp:attachment":[{"href":"https:\/\/moverdb.com\/lv\/wp-json\/wp\/v2\/media?parent=6026"}],"curies":[{"name":"wp","href":"https:\/\/api.w.org\/{rel}","templated":true}]}}