{"id":6024,"date":"2023-02-01T12:30:48","date_gmt":"2023-02-01T12:30:48","guid":{"rendered":"https:\/\/moverdb.com\/?page_id=6024"},"modified":"2026-01-08T15:23:41","modified_gmt":"2026-01-08T15:23:41","slug":"parvietojas-uznemumi-kipra","status":"publish","type":"page","link":"https:\/\/moverdb.com\/lv\/moving-companies\/moving-companies-in-cyprus\/","title":{"rendered":"2 Lab\u0101kie starptautisk\u0101s p\u0101rcel\u0161an\u0101s uz\u0146\u0113mumi Kipr\u0101"},"content":{"rendered":"<p>Ja p\u0101rvietojaties uz m\u0101j\u0101m <a href=\"https:\/\/moverdb.com\/lv\/moving-to-cyprus\/\" data-internallinksmanager029f6b8e52c=\"377\" title=\"P\u0101rcel\u0161an\u0101s uz Kipru? 2023 Dz\u012bves izmaksas un p\u0101rcel\u0161an\u0101s padomi\">Kipra<\/a>, vai p\u0101rvietojoties uz Kipru vai no Kipras, j\u016bs, iesp\u0113jams, v\u0113l\u0113sieties sa\u0146emt pal\u012bdz\u012bbu, lai p\u0101rceltos uz Kipru vai no t\u0101s. <a href=\"https:\/\/moverdb.com\/lv\/relocation-agents\/\" data-internallinksmanager029f6b8e52c=\"1\" title=\"7 iemesli, k\u0101p\u0113c jums vajadz\u0113tu izmantot p\u0101rcel\u0161an\u0101s a\u0123entu?\">P\u0101rcel\u0161an\u0101s a\u0123ents<\/a> kas var mazin\u0101t da\u013cu stresa. Zem\u0101k m\u0113s esam apkopoju\u0161i Kipras sarakstu <a href=\"https:\/\/moverdb.com\/lv\/international-removals\/\" data-internallinksmanager029f6b8e52c=\"27\" title=\"36 Lab\u0101kie starptautisko p\u0101rvad\u0101jumu uz\u0146\u0113mumi Apvienotaj\u0101 Karalist\u0113\">p\u0101rv\u0101k\u0161an\u0101s uz\u0146\u0113mumi<\/a> kas ir <a href=\"https:\/\/moverdb.com\/lv\/iam\/\" data-internallinksmanager029f6b8e52c=\"23\" title=\"Starptautisk\u0101s P\u0101rv\u0101c\u0113ju asoci\u0101cijas (IAM) skaidrojumi\">Starptautisk\u0101 P\u0101rv\u0101c\u0113ju asoci\u0101cija<\/a> (IAM) un\/vai <a href=\"https:\/\/moverdb.com\/lv\/fidi-faim\/\" data-internallinksmanager029f6b8e52c=\"16\" title=\"FIDI un FAIM (FIDI akredit\u0113tais starptautiskais p\u0101rvietot\u0101js) skaidrojums\">FIDI<\/a> Akredit\u0113ti starptautiskie p\u0101rv\u0101c\u0113ji (FAIM), kas var\u0113tu jums pal\u012bdz\u0113t.<\/p>\n<h2><strong>1. Columbia Worldwide Movers<\/strong><\/h2>\n<p><img loading=\"lazy\" decoding=\"async\" class=\"alignnone size-full wp-image-5936\" src=\"https:\/\/moverdb.com\/wp-content\/uploads\/Columbia-Worldwide-Movers-international-moving-company.png\" alt=\"Columbia Worldwide Movers starptautisks p\u0101rvietojas uz\u0146\u0113mums\" width=\"1440\" height=\"682\" data-wp-pid=\"5936\" srcset=\"https:\/\/moverdb.com\/wp-content\/uploads\/Columbia-Worldwide-Movers-international-moving-company.png 1440w, https:\/\/moverdb.com\/wp-content\/uploads\/Columbia-Worldwide-Movers-international-moving-company-300x142.png 300w, https:\/\/moverdb.com\/wp-content\/uploads\/Columbia-Worldwide-Movers-international-moving-company-1024x485.png 1024w, https:\/\/moverdb.com\/wp-content\/uploads\/Columbia-Worldwide-Movers-international-moving-company-18x9.png 18w, https:\/\/moverdb.com\/wp-content\/uploads\/Columbia-Worldwide-Movers-international-moving-company-600x284.png 600w\" sizes=\"auto, (max-width: 1440px) 100vw, 1440px\" \/><\/p>\n<ul>\n<li>Valsts p\u0101rcel\u0161an\u0101s<\/li>\n<li>Starptautiskie p\u0101rvadi<\/li>\n<li>P\u0101rcel\u0161an\u0101s pakalpojumi<\/li>\n<li>M\u0101jsaimniec\u012bbas p\u0101rv\u0101k\u0161an\u0101s<\/li>\n<li>Uz\u0146\u0113m\u0113jdarb\u012bbas virzieni<\/li>\n<li>Iepako\u0161anas pakalpojumi<\/li>\n<li>Sauszeme, j\u016bra un gaiss<\/li>\n<li>M\u0101jdz\u012bvnieku p\u0101rvad\u0101\u0161ana<\/li>\n<li><a href=\"https:\/\/moverdb.com\/lv\/car-transport-shipping\/\" data-internallinksmanager029f6b8e52c=\"2\" title=\"2026 Starptautiskais autotransports un transportl\u012bdzek\u013cu p\u0101rvad\u0101\u0161anas cit\u0101ti\">Transportl\u012bdzek\u013cu nos\u016bt\u012b\u0161ana<\/a><\/li>\n<li>Uzglab\u0101\u0161anas iek\u0101rtas<\/li>\n<\/ul>\n<p>Komp\u0101nija Columbia Worldwide Movers tika dibin\u0101ta 1994. gad\u0101 k\u0101 p\u0101rvieto\u0161anas un uzglab\u0101\u0161anas pakalpojumu sniedz\u0113js. Uz\u0146\u0113mums pied\u0101v\u0101 nacion\u0101los un starptautiskos p\u0101rcel\u0161an\u0101s un p\u0101rvieto\u0161anas pakalpojumus m\u0101jsaimniec\u012bb\u0101m un uz\u0146\u0113mumiem. Starptautiskos p\u0101rv\u0101k\u0161an\u0101s darbus vi\u0146i veic sadarb\u012bb\u0101 ar uzticamiem p\u0101rv\u0101k\u0161an\u0101s a\u0123entiem cit\u0101s valst\u012bs. Uz\u0146\u0113mums ir IAM biedrs ar 28 gadu darba st\u0101\u017eu un ir akredit\u0113ts FIDI.<\/p>\n<p>Columbia Worldwide Movers pied\u0101v\u0101 individualiz\u0113tus p\u0101rcel\u0161an\u0101s risin\u0101jumus, kas ietver \"no durv\u012bm l\u012bdz durv\u012bm\" pakalpojumu, kas ietver j\u016bsu mantu iepako\u0161anas organiz\u0113\u0161anu un p\u0101rvad\u0101\u0161anu pa sauszemi, j\u016bru vai gaisu ar muitas formalit\u0101t\u0113m. Vi\u0146i pied\u0101v\u0101 ar\u012b specializ\u0113tus m\u0101jdz\u012bvnieku un transportl\u012bdzek\u013cu p\u0101rvad\u0101\u0161anas pakalpojumus.<\/p>\n<p>T\u012bmek\u013ca vietne: <a href=\"http:\/\/www.columbiamovers.com\" target=\"_blank\" rel=\"noopener\">http:\/\/www.columbiamovers.com<\/a><\/p>\n<h2><strong>2. Orbit Moving and Storage<\/strong><\/h2>\n<p><img loading=\"lazy\" decoding=\"async\" class=\"alignnone size-full wp-image-5988\" src=\"https:\/\/moverdb.com\/wp-content\/uploads\/Orbit-Moving-and-Storage-international-moving-company.png\" alt=\"Orbit P\u0101rv\u0101k\u0161an\u0101s un uzglab\u0101\u0161ana starptautisks p\u0101rv\u0101k\u0161an\u0101s uz\u0146\u0113mums\" width=\"1440\" height=\"679\" data-wp-pid=\"5988\" srcset=\"https:\/\/moverdb.com\/wp-content\/uploads\/Orbit-Moving-and-Storage-international-moving-company.png 1440w, https:\/\/moverdb.com\/wp-content\/uploads\/Orbit-Moving-and-Storage-international-moving-company-300x141.png 300w, https:\/\/moverdb.com\/wp-content\/uploads\/Orbit-Moving-and-Storage-international-moving-company-1024x483.png 1024w, https:\/\/moverdb.com\/wp-content\/uploads\/Orbit-Moving-and-Storage-international-moving-company-18x8.png 18w, https:\/\/moverdb.com\/wp-content\/uploads\/Orbit-Moving-and-Storage-international-moving-company-600x283.png 600w\" sizes=\"auto, (max-width: 1440px) 100vw, 1440px\" \/><\/p>\n<ul>\n<li>Viet\u0113jie p\u0101rvadi<\/li>\n<li>Starptautiskie p\u0101rvadi<\/li>\n<li>P\u0101rcel\u0161an\u0101s pakalpojumi<\/li>\n<li>P\u0101rv\u0101k\u0161an\u0101s uz dz\u012bvojam\u0101m telp\u0101m<\/li>\n<li>Biroju p\u0101rvieto\u0161ana<\/li>\n<li>Iepako\u0161anas pakalpojumi<\/li>\n<li>T\u0113lot\u0101jm\u0101kslas transports<\/li>\n<li>M\u0101jdz\u012bvnieku p\u0101rvad\u0101jumi<\/li>\n<li>Transportl\u012bdzek\u013cu nos\u016bt\u012b\u0161ana<\/li>\n<li>Uzglab\u0101\u0161anas pakalpojumi<\/li>\n<\/ul>\n<p>Orbit Moving and Storage ir starptautisks p\u0101rvieto\u0161anas un uzglab\u0101\u0161anas uz\u0146\u0113mums, kas darbojas kop\u0161 1982. gada. Uz\u0146\u0113mums ir da\u013ca no Orphee Beingoglou uz\u0146\u0113mumu grupas, kas ir transporta un lo\u0123istikas pakalpojumu sniedz\u0113js. Uz\u0146\u0113mumam ir starptautisks p\u0101rv\u0101k\u0161an\u0101s a\u0123entu t\u012bkls, kas pal\u012bdz veikt starptautisku p\u0101rv\u0101k\u0161anos. Uz\u0146\u0113mums ir IAM biedrs ar 40 gadu darba st\u0101\u017eu un ir akredit\u0113ts FIDI.<\/p>\n<p>Orbit Moving and Storage pied\u0101v\u0101 person\u012bg\u0101s un uz\u0146\u0113mumu p\u0101rvieto\u0161anas pakalpojumus, kas tiek nodro\u0161in\u0101ti, izmantojot jaun\u0101k\u0101s tehnolo\u0123ijas un iepako\u0161anas materi\u0101lus. Vi\u0146i sniedz profesion\u0101lus iepako\u0161anas pakalpojumus un organiz\u0113 j\u016bsu mantu transport\u0113\u0161anu, tostarp sniedz specializ\u0113tus pakalpojumus m\u0101kslas priek\u0161metu, m\u0101jdz\u012bvnieku un transportl\u012bdzek\u013cu p\u0101rvad\u0101\u0161anai.<\/p>\n<p>T\u012bmek\u013ca vietne: <a href=\"http:\/\/www.orbitcy.com\/\" target=\"_blank\" rel=\"noopener\">http:\/\/www.orbitcy.com\/<\/a><\/p>\n<p>Skatiet ar\u012b:<\/p>\n<ul>\n<li> <a href=\"https:\/\/moverdb.com\/lv\/moving-to-cyprus\/living-in-cyprus\/\">20 nosl\u0113pumi par dz\u012bvi Kipr\u0101, kas j\u0101zina pirms p\u0101rcel\u0161an\u0101s<\/a><\/li>\n<li> <a href=\"https:\/\/moverdb.com\/lv\/moving-to-cyprus\/\">P\u0101rcel\u0161an\u0101s uz Kipru? Dz\u012bves izmaksas un p\u0101rcel\u0161an\u0101s padomi<\/a><\/li>\n<li> <a href=\"https:\/\/moverdb.com\/lv\/konteineru-parvadajumi\/kipra\/\">Konteineru p\u0101rvad\u0101jumu cenas uz Kipru un no t\u0101s<\/a><\/li>\n<\/ul>","protected":false},"excerpt":{"rendered":"<p>If you are moving home in Cyprus, or moving to or from Cyprus you might want some help with your move from a moving or relocation agent that can take away some of the stress. Below we have compiled a list of Cyprus removal companies that are members of the International Association of Movers (IAM) [&hellip;]<\/p>\n","protected":false},"author":4,"featured_media":0,"parent":190,"menu_order":0,"comment_status":"closed","ping_status":"closed","template":"","meta":{"_genesis_hide_title":false,"_genesis_hide_breadcrumbs":false,"_genesis_hide_singular_image":false,"_genesis_hide_footer_widgets":false,"_genesis_custom_body_class":"","_genesis_custom_post_class":"","_genesis_layout":"","footnotes":""},"class_list":{"0":"post-6024","1":"page","2":"type-page","3":"status-publish","5":"entry","6":"has-post-thumbnail"},"_links":{"self":[{"href":"https:\/\/moverdb.com\/lv\/wp-json\/wp\/v2\/pages\/6024","targetHints":{"allow":["GET"]}}],"collection":[{"href":"https:\/\/moverdb.com\/lv\/wp-json\/wp\/v2\/pages"}],"about":[{"href":"https:\/\/moverdb.com\/lv\/wp-json\/wp\/v2\/types\/page"}],"author":[{"embeddable":true,"href":"https:\/\/moverdb.com\/lv\/wp-json\/wp\/v2\/users\/4"}],"replies":[{"embeddable":true,"href":"https:\/\/moverdb.com\/lv\/wp-json\/wp\/v2\/comments?post=6024"}],"version-history":[{"count":4,"href":"https:\/\/moverdb.com\/lv\/wp-json\/wp\/v2\/pages\/6024\/revisions"}],"predecessor-version":[{"id":15035,"href":"https:\/\/moverdb.com\/lv\/wp-json\/wp\/v2\/pages\/6024\/revisions\/15035"}],"up":[{"embeddable":true,"href":"https:\/\/moverdb.com\/lv\/wp-json\/wp\/v2\/pages\/190"}],"wp:attachment":[{"href":"https:\/\/moverdb.com\/lv\/wp-json\/wp\/v2\/media?parent=6024"}],"curies":[{"name":"wp","href":"https:\/\/api.w.org\/{rel}","templated":true}]}}