{"id":6022,"date":"2023-02-01T12:31:45","date_gmt":"2023-02-01T12:31:45","guid":{"rendered":"https:\/\/moverdb.com\/?page_id=6022"},"modified":"2026-01-08T15:23:40","modified_gmt":"2026-01-08T15:23:40","slug":"parvietojas-uznemumi-kurakao","status":"publish","type":"page","link":"https:\/\/moverdb.com\/lv\/moving-companies\/moving-companies-curacao\/","title":{"rendered":"2 Lab\u0101kie starptautisk\u0101s p\u0101rcel\u0161an\u0101s uz\u0146\u0113mumi Kirasao"},"content":{"rendered":"<p>P\u0101rv\u0101k\u0161an\u0101s m\u0101j\u0101s vai biroj\u0101 var b\u016bt stresaina un laikietilp\u012bga, t\u0101p\u0113c, sa\u0146emot atbalstu no p\u0101rv\u0101k\u0161an\u0101s vai p\u0101rcel\u0161an\u0101s uz\u0146\u0113muma, varat atvieglot savu slodzi un g\u016bt labumu no t\u0101 pieredzes. Zem\u0101k m\u0113s esam uzskait\u012bju\u0161i <a href=\"https:\/\/moverdb.com\/lv\/moving-to-curacao\/\" data-internallinksmanager029f6b8e52c=\"429\" title=\"P\u0101rcel\u0161an\u0101s uz Kirasao? 2023 Dz\u012bves izmaksas un p\u0101rcel\u0161an\u0101s padomi\">Kirasao<\/a> <a href=\"https:\/\/moverdb.com\/lv\/international-removals\/\" data-internallinksmanager029f6b8e52c=\"27\" title=\"36 Lab\u0101kie starptautisko p\u0101rvad\u0101jumu uz\u0146\u0113mumi Apvienotaj\u0101 Karalist\u0113\">p\u0101rv\u0101k\u0161an\u0101s uz\u0146\u0113mumi<\/a> kas ir <a href=\"https:\/\/moverdb.com\/lv\/iam\/\" data-internallinksmanager029f6b8e52c=\"23\" title=\"Starptautisk\u0101s P\u0101rv\u0101c\u0113ju asoci\u0101cijas (IAM) skaidrojumi\">Starptautisk\u0101 P\u0101rv\u0101c\u0113ju asoci\u0101cija<\/a> (IAM) un\/vai <a href=\"https:\/\/moverdb.com\/lv\/fidi-faim\/\" data-internallinksmanager029f6b8e52c=\"16\" title=\"FIDI un FAIM (FIDI akredit\u0113tais starptautiskais p\u0101rvietot\u0101js) skaidrojums\">FIDI<\/a> Akredit\u0113ti starptautiskie p\u0101rv\u0101c\u0113ji (FAIM), kas var\u0113tu jums pal\u012bdz\u0113t.<\/p>\n<h2><strong>1. AGS Meyer<\/strong><\/h2>\n<p><img loading=\"lazy\" decoding=\"async\" class=\"alignnone size-full wp-image-5918\" src=\"https:\/\/moverdb.com\/wp-content\/uploads\/AGS-Meyer-international-moving-company.png\" alt=\"AGS Meyer starptautiskais p\u0101rvieto\u0161an\u0101s uz\u0146\u0113mums\" width=\"1440\" height=\"684\" data-wp-pid=\"5918\" srcset=\"https:\/\/moverdb.com\/wp-content\/uploads\/AGS-Meyer-international-moving-company.png 1440w, https:\/\/moverdb.com\/wp-content\/uploads\/AGS-Meyer-international-moving-company-300x143.png 300w, https:\/\/moverdb.com\/wp-content\/uploads\/AGS-Meyer-international-moving-company-1024x486.png 1024w, https:\/\/moverdb.com\/wp-content\/uploads\/AGS-Meyer-international-moving-company-18x9.png 18w, https:\/\/moverdb.com\/wp-content\/uploads\/AGS-Meyer-international-moving-company-600x285.png 600w\" sizes=\"auto, (max-width: 1440px) 100vw, 1440px\" \/><\/p>\n<ul>\n<li>Viet\u0113jie p\u0101rvadi<\/li>\n<li>Starptautiskie p\u0101rvadi<\/li>\n<li>M\u0101jsaimniec\u012bbas p\u0101rv\u0101k\u0161an\u0101s<\/li>\n<li>Uz\u0146\u0113mumu p\u0101rvieto\u0161ana<\/li>\n<li>Pakalpojums \"no durv\u012bm l\u012bdz durv\u012bm<\/li>\n<li>Iepako\u0161anas pakalpojumi<\/li>\n<li>Sauszemes, gaisa un j\u016bras transports<\/li>\n<li>Muitas formalit\u0101tes<\/li>\n<li>Akredit\u0113jis FIDI<\/li>\n<li>Uzglab\u0101\u0161anas pakalpojumi<\/li>\n<\/ul>\n<p>AGS Meyer ir <a href=\"https:\/\/moverdb.com\/lv\/moving-companies\/\" data-internallinksmanager029f6b8e52c=\"79\" title=\"Top 25 Starptautiskie p\u0101rcel\u0161an\u0101s uz\u0146\u0113mumi tie\u0161saist\u0113\">P\u0101rvieto\u0161an\u0101s uz\u0146\u0113mums<\/a> dibin\u0101ta 1959. gad\u0101 Kirasao, lai nodro\u0161in\u0101tu viet\u0113jos un starptautiskos p\u0101rv\u0101k\u0161an\u0101s pakalpojumus m\u0101jsaimniec\u012bb\u0101m un uz\u0146\u0113mumiem, un tai ir 7 fili\u0101les Kar\u012bbu j\u016bras re\u0123ion\u0101. Lai nodro\u0161in\u0101tu starptautisku p\u0101rv\u0101k\u0161anos, tiem ir glob\u0101ls saist\u012bto p\u0101rv\u0101k\u0161an\u0101s a\u0123entu t\u012bkls. Uz\u0146\u0113mums ir IAM biedrs ar 63 gadu darba st\u0101\u017eu un ir akredit\u0113ts FIDI.<\/p>\n<p>AGS Meyer pied\u0101v\u0101 p\u0101rcel\u0161an\u0101s pakalpojumus no durv\u012bm l\u012bdz durv\u012bm, tostarp p\u0101rcel\u0161an\u0101s, p\u0101rv\u0101k\u0161an\u0101s un uzglab\u0101\u0161anas pakalpojumus priv\u0101tiem klientiem, uz\u0146\u0113mumiem un diplom\u0101tiskaj\u0101m a\u0123ent\u016br\u0101m. Vi\u0146i sniegs konsult\u0101cijas par j\u016bsu p\u0101rcel\u0161anos un pal\u012bdz\u0113s jums ik uz so\u013ca. Vi\u0146i dro\u0161i iesai\u0146os j\u016bsu mantas, noorganiz\u0113s transport\u0113\u0161anu un muitas formalit\u0101tes, k\u0101 ar\u012b izsai\u0146os t\u0101s galam\u0113r\u0137\u012b.<\/p>\n<p>T\u012bmek\u013ca vietne: <a href=\"https:\/\/www.meyermoving.com\/\" target=\"_blank\" rel=\"noopener\">https:\/\/www.meyermoving.com\/<\/a><\/p>\n<h2><strong>2. P\u0101rcel\u0161an\u0101s pakalpojumi Kar\u012bbu j\u016bras re\u0123ion\u0101<\/strong><\/h2>\n<p><img loading=\"lazy\" decoding=\"async\" class=\"alignnone size-full wp-image-5933\" src=\"https:\/\/moverdb.com\/wp-content\/uploads\/Caribbean-Moving-Services-international-moving-company.png\" alt=\"Caribbean Moving Services starptautisks p\u0101rvietojas uz\u0146\u0113mums\" width=\"1440\" height=\"680\" data-wp-pid=\"5933\" srcset=\"https:\/\/moverdb.com\/wp-content\/uploads\/Caribbean-Moving-Services-international-moving-company.png 1440w, https:\/\/moverdb.com\/wp-content\/uploads\/Caribbean-Moving-Services-international-moving-company-300x142.png 300w, https:\/\/moverdb.com\/wp-content\/uploads\/Caribbean-Moving-Services-international-moving-company-1024x484.png 1024w, https:\/\/moverdb.com\/wp-content\/uploads\/Caribbean-Moving-Services-international-moving-company-18x9.png 18w, https:\/\/moverdb.com\/wp-content\/uploads\/Caribbean-Moving-Services-international-moving-company-600x283.png 600w\" sizes=\"auto, (max-width: 1440px) 100vw, 1440px\" \/><\/p>\n<ul>\n<li>Viet\u0113jie p\u0101rvadi<\/li>\n<li>Starptautiskie p\u0101rvadi<\/li>\n<li>P\u0101rv\u0101k\u0161an\u0101s uz dz\u012bvojam\u0101m telp\u0101m<\/li>\n<li>Biroju p\u0101rcel\u0161an\u0101s<\/li>\n<li>Piel\u0101gots p\u0101rvieto\u0161anas pl\u0101ns<\/li>\n<li>Iepako\u0161anas pakalpojums<\/li>\n<li>M\u0113be\u013cu demont\u0101\u017ea un mont\u0101\u017ea<\/li>\n<li>Sauszeme, j\u016bra un gaiss<\/li>\n<li>Muito\u0161ana<\/li>\n<li>Uzglab\u0101\u0161anas iek\u0101rtas<\/li>\n<\/ul>\n<p>\"Caribbean Moving Services\" ir Villemstadas p\u0101rcel\u0161an\u0101s uz\u0146\u0113mums, kas ietilpst uz\u0146\u0113mumu grup\u0101, kur\u0101 ietilpst ar\u012b \"Caribbean Cargo Services\" un \"G&amp;V Free Zone\". Uz\u0146\u0113mums tika dibin\u0101ts 1981. gad\u0101 k\u0101 kravu p\u0101rvad\u0101jumu uz\u0146\u0113mums, bet 1994. gad\u0101 tas papla\u0161in\u0101ja savu darb\u012bbu un k\u013cuva par liel\u0101ko p\u0101rcel\u0161an\u0101s uz\u0146\u0113mumu sal\u0101. Uz\u0146\u0113mums ir IAM biedrs ar 28 gadu darba st\u0101\u017eu un ir akredit\u0113ts FIDI.<\/p>\n<p>Caribbean Moving Services pied\u0101v\u0101 \"vienas pieturas a\u0123ent\u016bras\" p\u0101rcel\u0161an\u0101s pakalpojumus, kas s\u0101kas ar apseko\u0161anu un vienu kontaktpunktu. Vi\u0146i sniedz profesion\u0101lus iepako\u0161anas pakalpojumus, tostarp m\u0113be\u013cu demont\u0101\u017eu un dro\u0161u mantu iepako\u0161anu. Vi\u0146i organiz\u0113 transport\u0113\u0161anu pa sauszemi, j\u016bru vai gaisu ar muito\u0161anu, p\u0113c tam iepako un samont\u0113 m\u0113beles.<\/p>\n<p>T\u012bmek\u013ca vietne: <a href=\"https:\/\/www.cmscur.com\/\" target=\"_blank\" rel=\"noopener\">https:\/\/www.cmscur.com\/<\/a><\/p>","protected":false},"excerpt":{"rendered":"<p>Moving home or office can be stressful and time-consuming so getting some support from a moving or relocation company can help lighten your load and you can benefit from their experience. Below we have listed Curacao removal companies that are members of the International Association of Movers (IAM) and\/or FIDI Accredited International Mover (FAIM) who [&hellip;]<\/p>\n","protected":false},"author":4,"featured_media":0,"parent":190,"menu_order":0,"comment_status":"closed","ping_status":"closed","template":"","meta":{"_genesis_hide_title":false,"_genesis_hide_breadcrumbs":false,"_genesis_hide_singular_image":false,"_genesis_hide_footer_widgets":false,"_genesis_custom_body_class":"","_genesis_custom_post_class":"","_genesis_layout":"","footnotes":""},"class_list":{"0":"post-6022","1":"page","2":"type-page","3":"status-publish","5":"entry","6":"has-post-thumbnail"},"_links":{"self":[{"href":"https:\/\/moverdb.com\/lv\/wp-json\/wp\/v2\/pages\/6022","targetHints":{"allow":["GET"]}}],"collection":[{"href":"https:\/\/moverdb.com\/lv\/wp-json\/wp\/v2\/pages"}],"about":[{"href":"https:\/\/moverdb.com\/lv\/wp-json\/wp\/v2\/types\/page"}],"author":[{"embeddable":true,"href":"https:\/\/moverdb.com\/lv\/wp-json\/wp\/v2\/users\/4"}],"replies":[{"embeddable":true,"href":"https:\/\/moverdb.com\/lv\/wp-json\/wp\/v2\/comments?post=6022"}],"version-history":[{"count":1,"href":"https:\/\/moverdb.com\/lv\/wp-json\/wp\/v2\/pages\/6022\/revisions"}],"predecessor-version":[{"id":6023,"href":"https:\/\/moverdb.com\/lv\/wp-json\/wp\/v2\/pages\/6022\/revisions\/6023"}],"up":[{"embeddable":true,"href":"https:\/\/moverdb.com\/lv\/wp-json\/wp\/v2\/pages\/190"}],"wp:attachment":[{"href":"https:\/\/moverdb.com\/lv\/wp-json\/wp\/v2\/media?parent=6022"}],"curies":[{"name":"wp","href":"https:\/\/api.w.org\/{rel}","templated":true}]}}