{"id":6015,"date":"2023-02-01T13:48:20","date_gmt":"2023-02-01T13:48:20","guid":{"rendered":"https:\/\/moverdb.com\/?page_id=6015"},"modified":"2026-01-08T15:29:16","modified_gmt":"2026-01-08T15:29:16","slug":"parvietojas-uznemumi-costa-rica","status":"publish","type":"page","link":"https:\/\/moverdb.com\/lv\/moving-companies\/moving-companies-costa-rica\/","title":{"rendered":"6 Lab\u0101kie starptautisk\u0101s p\u0101rcel\u0161an\u0101s uz\u0146\u0113mumi Kostarik\u0101"},"content":{"rendered":"<p>Vai j\u016bs p\u0101rce\u013caties uz vai no <a href=\"https:\/\/moverdb.com\/lv\/moving-to-costa-rica\/\" data-internallinksmanager029f6b8e52c=\"427\" title=\"P\u0101rce\u013caties uz Kostariku? 2023 Dz\u012bves izmaksas un p\u0101rcel\u0161an\u0101s padomi\">Kostarika<\/a>, vai p\u0101rcelties uz dz\u012bvi Kostarik\u0101? Tad j\u016bs var\u0113tu interes\u0113t pal\u012bdz\u012bba visu j\u016bsu mantu p\u0101rvieto\u0161an\u0101, jo tas var b\u016bt sare\u017e\u0123\u012bti, jo \u012bpa\u0161i, ja j\u016bs p\u0101rce\u013caties uz citu valsti. Zem\u0101k m\u0113s esam apkopoju\u0161i Kostarikas uz\u0146\u0113mumu sarakstu. <a href=\"https:\/\/moverdb.com\/lv\/international-removals\/\" data-internallinksmanager029f6b8e52c=\"27\" title=\"36 Lab\u0101kie starptautisko p\u0101rvad\u0101jumu uz\u0146\u0113mumi Apvienotaj\u0101 Karalist\u0113\">p\u0101rv\u0101k\u0161an\u0101s uz\u0146\u0113mumi<\/a> kas ir <a href=\"https:\/\/moverdb.com\/lv\/iam\/\" data-internallinksmanager029f6b8e52c=\"23\" title=\"Starptautisk\u0101s P\u0101rv\u0101c\u0113ju asoci\u0101cijas (IAM) skaidrojumi\">Starptautisk\u0101 P\u0101rv\u0101c\u0113ju asoci\u0101cija<\/a> (IAM) un\/vai <a href=\"https:\/\/moverdb.com\/lv\/fidi-faim\/\" data-internallinksmanager029f6b8e52c=\"16\" title=\"FIDI un FAIM (FIDI akredit\u0113tais starptautiskais p\u0101rvietot\u0101js) skaidrojums\">FIDI<\/a> Akredit\u0113ti starptautiskie p\u0101rv\u0101c\u0113ji (FAIM), kas var\u0113tu jums pal\u012bdz\u0113t.<\/p>\n<div id=\"ez-toc-container\" class=\"ez-toc-v2_0_83 ez-toc-wrap-left counter-hierarchy ez-toc-counter ez-toc-transparent ez-toc-container-direction\">\n<div class=\"ez-toc-title-container\">\n<p class=\"ez-toc-title\" style=\"cursor:inherit\">Sada\u013cas<\/p>\n<span class=\"ez-toc-title-toggle\"><a href=\"#\" class=\"ez-toc-pull-right ez-toc-btn ez-toc-btn-xs ez-toc-btn-default ez-toc-toggle\" aria-label=\"P\u0101rsl\u0113gt satura tabulu\"><span class=\"ez-toc-js-icon-con\"><span class=\"\"><span class=\"eztoc-hide\" style=\"display:none;\">P\u0101rsl\u0113gt<\/span><span class=\"ez-toc-icon-toggle-span\"><svg style=\"fill: #999;color:#999\" xmlns=\"http:\/\/www.w3.org\/2000\/svg\" class=\"list-377408\" width=\"20px\" height=\"20px\" viewbox=\"0 0 24 24\" fill=\"none\"><path d=\"M6 6H4v2h2V6zm14 0H8v2h12V6zM4 11h2v2H4v-2zm16 0H8v2h12v-2zM4 16h2v2H4v-2zm16 0H8v2h12v-2z\" fill=\"currentColor\"><\/path><\/svg><svg style=\"fill: #999;color:#999\" class=\"arrow-unsorted-368013\" xmlns=\"http:\/\/www.w3.org\/2000\/svg\" width=\"10px\" height=\"10px\" viewbox=\"0 0 24 24\" version=\"1.2\" baseprofile=\"tiny\"><path d=\"M18.2 9.3l-6.2-6.3-6.2 6.3c-.2.2-.3.4-.3.7s.1.5.3.7c.2.2.4.3.7.3h11c.3 0 .5-.1.7-.3.2-.2.3-.5.3-.7s-.1-.5-.3-.7zM5.8 14.7l6.2 6.3 6.2-6.3c.2-.2.3-.5.3-.7s-.1-.5-.3-.7c-.2-.2-.4-.3-.7-.3h-11c-.3 0-.5.1-.7.3-.2.2-.3.5-.3.7s.1.5.3.7z\"\/><\/svg><\/span><\/span><\/span><\/a><\/span><\/div>\n<nav><ul class='ez-toc-list ez-toc-list-level-1 eztoc-toggle-hide-by-default' ><li class='ez-toc-page-1 ez-toc-heading-level-2'><a class=\"ez-toc-link ez-toc-heading-1\" href=\"https:\/\/moverdb.com\/lv\/moving-companies\/moving-companies-costa-rica\/#1_Allianz_Moving\" >1. Allianz Moving<\/a><\/li><li class='ez-toc-page-1 ez-toc-heading-level-2'><a class=\"ez-toc-link ez-toc-heading-2\" href=\"https:\/\/moverdb.com\/lv\/moving-companies\/moving-companies-costa-rica\/#2_Gateway_Moving_and_Relocation\" >2. Gateway P\u0101rv\u0101k\u0161an\u0101s un p\u0101rcel\u0161an\u0101s<\/a><\/li><li class='ez-toc-page-1 ez-toc-heading-level-2'><a class=\"ez-toc-link ez-toc-heading-3\" href=\"https:\/\/moverdb.com\/lv\/moving-companies\/moving-companies-costa-rica\/#3_Inter_Moves_SG_Global\" >3. Inter Moves SG Global<\/a><\/li><li class='ez-toc-page-1 ez-toc-heading-level-2'><a class=\"ez-toc-link ez-toc-heading-4\" href=\"https:\/\/moverdb.com\/lv\/moving-companies\/moving-companies-costa-rica\/#4_Mudanzas_Mundiales\" >4. Mudanzas Mundiales<\/a><\/li><li class='ez-toc-page-1 ez-toc-heading-level-2'><a class=\"ez-toc-link ez-toc-heading-5\" href=\"https:\/\/moverdb.com\/lv\/moving-companies\/moving-companies-costa-rica\/#5_Multimodal\" >5. Multimod\u0101ls<\/a><\/li><li class='ez-toc-page-1 ez-toc-heading-level-2'><a class=\"ez-toc-link ez-toc-heading-6\" href=\"https:\/\/moverdb.com\/lv\/moving-companies\/moving-companies-costa-rica\/#6_Winmovers\" >6. Winmovers<\/a><\/li><li class='ez-toc-page-1 ez-toc-heading-level-2'><a class=\"ez-toc-link ez-toc-heading-7\" href=\"https:\/\/moverdb.com\/lv\/moving-companies\/moving-companies-costa-rica\/#Other_Useful_Guides_to_Costa_Rica\" >Citi noder\u012bgi ce\u013cve\u017ei uz Kostariku<\/a><\/li><\/ul><\/nav><\/div>\n<h2><span class=\"ez-toc-section\" id=\"1_Allianz_Moving\"><\/span><strong>1. Allianz Moving<\/strong><span class=\"ez-toc-section-end\"><\/span><\/h2>\n<p><img loading=\"lazy\" decoding=\"async\" class=\"alignnone size-full wp-image-5925\" src=\"https:\/\/moverdb.com\/wp-content\/uploads\/Allianz-Moving-international-moving-company.png\" alt=\"Allianz Moving starptautiskais p\u0101rvieto\u0161an\u0101s uz\u0146\u0113mums\" width=\"1440\" height=\"684\" data-wp-pid=\"5925\" srcset=\"https:\/\/moverdb.com\/wp-content\/uploads\/Allianz-Moving-international-moving-company.png 1440w, https:\/\/moverdb.com\/wp-content\/uploads\/Allianz-Moving-international-moving-company-300x143.png 300w, https:\/\/moverdb.com\/wp-content\/uploads\/Allianz-Moving-international-moving-company-1024x486.png 1024w, https:\/\/moverdb.com\/wp-content\/uploads\/Allianz-Moving-international-moving-company-18x9.png 18w, https:\/\/moverdb.com\/wp-content\/uploads\/Allianz-Moving-international-moving-company-600x285.png 600w\" sizes=\"auto, (max-width: 1440px) 100vw, 1440px\" \/><\/p>\n<ul>\n<li>Viet\u0113jie un viet\u0113jie p\u0101rvadi<\/li>\n<li>Starptautiskie p\u0101rvadi<\/li>\n<li>P\u0101rcel\u0161an\u0101s pakalpojumi<\/li>\n<li>P\u0101rv\u0101k\u0161an\u0101s uz dz\u012bvojam\u0101m telp\u0101m<\/li>\n<li>Biroju p\u0101rcel\u0161an\u0101s<\/li>\n<li>Iepako\u0161anas pakalpojums<\/li>\n<li>Apdro\u0161in\u0101\u0161ana<\/li>\n<li>M\u0101jdz\u012bvnieku p\u0101rvieto\u0161ana<\/li>\n<li><a href=\"https:\/\/moverdb.com\/lv\/car-transport-shipping\/\" data-internallinksmanager029f6b8e52c=\"2\" title=\"2026 Starptautiskais autotransports un transportl\u012bdzek\u013cu p\u0101rvad\u0101\u0161anas cit\u0101ti\">Automa\u0161\u012bnu p\u0101rvad\u0101jumi<\/a><\/li>\n<li>Uzglab\u0101\u0161anas iek\u0101rtas<\/li>\n<\/ul>\n<p>Allianz Moving ir starptautisku p\u0101rcel\u0161an\u0101s risin\u0101jumu sniedz\u0113js ar vair\u0101k nek\u0101 20 gadu pieredzi, kas saist\u012bta ar viet\u0113jiem un glob\u0101liem p\u0101rcel\u0161an\u0101s pas\u0101kumiem. Vi\u0146i nodro\u0161ina starptautisku p\u0101rcel\u0161anos, izmantojot savu glob\u0101lo p\u0101rcel\u0161an\u0101s partneru t\u012bklu. Uz\u0146\u0113mums ir IAM biedrs ar 7 gadu darb\u012bbas pieredzi.<\/p>\n<p>Allianz Moving nodro\u0161ina pirmsp\u0101rv\u0101k\u0161an\u0101s apsekojumu, lai nov\u0113rt\u0113tu j\u016bsu vajadz\u012bbas un sniegtu cenu pied\u0101v\u0101jumu. Vi\u0146i nodro\u0161in\u0101s jums iepako\u0161anas pakalpojumus, kas aizsarg\u0101s j\u016bsu mantas, un organiz\u0113s j\u016bsu mantu transport\u0113\u0161anu, tostarp muito\u0161anu. Vi\u0146i sniedz ar\u012b papildu pakalpojumus, kas saist\u012bti ar m\u0101jdz\u012bvnieku un automa\u0161\u012bnu starptautisko p\u0101rv\u0101k\u0161anos, k\u0101 ar\u012b pied\u0101v\u0101 \u012bslaic\u012bgas un ilgtermi\u0146a uzglab\u0101\u0161anas iesp\u0113jas.<\/p>\n<p>T\u012bmek\u013ca vietne: <a href=\"http:\/\/www.allianzmoving.com\" target=\"_blank\" rel=\"noopener\">http:\/\/www.allianzmoving.com<\/a><\/p>\n<h2><span class=\"ez-toc-section\" id=\"2_Gateway_Moving_and_Relocation\"><\/span><strong>2. Gateway P\u0101rv\u0101k\u0161an\u0101s un p\u0101rcel\u0161an\u0101s<\/strong><span class=\"ez-toc-section-end\"><\/span><\/h2>\n<p><img loading=\"lazy\" decoding=\"async\" class=\"alignnone size-full wp-image-5949\" src=\"https:\/\/moverdb.com\/wp-content\/uploads\/Gateway-Moving-and-Relocation-international-moving-company.png\" alt=\"Gateway P\u0101rv\u0101k\u0161an\u0101s un P\u0101rcel\u0161an\u0101s starptautiskais p\u0101rv\u0101k\u0161an\u0101s uz\u0146\u0113mums\" width=\"1440\" height=\"683\" data-wp-pid=\"5949\" srcset=\"https:\/\/moverdb.com\/wp-content\/uploads\/Gateway-Moving-and-Relocation-international-moving-company.png 1440w, https:\/\/moverdb.com\/wp-content\/uploads\/Gateway-Moving-and-Relocation-international-moving-company-300x142.png 300w, https:\/\/moverdb.com\/wp-content\/uploads\/Gateway-Moving-and-Relocation-international-moving-company-1024x486.png 1024w, https:\/\/moverdb.com\/wp-content\/uploads\/Gateway-Moving-and-Relocation-international-moving-company-18x9.png 18w, https:\/\/moverdb.com\/wp-content\/uploads\/Gateway-Moving-and-Relocation-international-moving-company-600x285.png 600w\" sizes=\"auto, (max-width: 1440px) 100vw, 1440px\" \/><\/p>\n<ul>\n<li>Viet\u0113jie un viet\u0113jie p\u0101rvadi<\/li>\n<li>Starptautiskie p\u0101rvadi<\/li>\n<li>P\u0101rv\u0101k\u0161an\u0101s uz dz\u012bvojam\u0101m telp\u0101m<\/li>\n<li>R\u016bpniec\u012bbas un biroju p\u0101rvieto\u0161ana<\/li>\n<li>Piel\u0101goti p\u0101rvietojas paketes<\/li>\n<li>Iepako\u0161anas un iepako\u0161anas pakalpojumi<\/li>\n<li>Augstas kvalit\u0101tes apr\u012bkojums<\/li>\n<li>Muitas starpniec\u012bba<\/li>\n<li>Transportl\u012bdzek\u013cu nos\u016bt\u012b\u0161ana<\/li>\n<li>Uzglab\u0101\u0161anas iek\u0101rtas<\/li>\n<\/ul>\n<p>Gateway Moving and Relocation ir \u0123imenei piedero\u0161s p\u0101rvieto\u0161anas un p\u0101rcel\u0161an\u0101s uz\u0146\u0113mums, kas atrodas <a href=\"https:\/\/moverdb.com\/lv\/moving-to-san-jose\/\" data-internallinksmanager029f6b8e52c=\"64\" title=\"P\u0101rcel\u0161an\u0101s uz Sanhos\u0113? 2022 Dz\u012bves izmaksas un p\u0101rcel\u0161an\u0101s padomi\">Sanhos\u0113<\/a> ar biroju <a href=\"https:\/\/moverdb.com\/lv\/moving-companies\/moving-companies-nicaragua\/\" data-internallinksmanager029f6b8e52c=\"278\" title=\"Lab\u0101kie starptautisk\u0101s p\u0101rcel\u0161an\u0101s uz\u0146\u0113mumi Nikaragv\u0101\">Nikaragva<\/a>. Vi\u0146i sadarbojas ar citiem p\u0101rvieto\u0161an\u0101s a\u0123entiem vis\u0101 pasaul\u0113, lai sniegtu starptautiskus pakalpojumus. Vi\u0146i ir IAM biedri ar 6 gadu darba st\u0101\u017eu.<\/p>\n<p>Gateway Moving and Relocation pied\u0101v\u0101 personaliz\u0113tus p\u0101rcel\u0161an\u0101s paketes, kas ir piel\u0101gotas j\u016bsu vajadz\u012bb\u0101m. Vi\u0146i sniegs iepako\u0161anas pakalpojumus, kas aizsarg\u0101 j\u016bsu priek\u0161metus p\u0101rvad\u0101\u0161anas laik\u0101, tostarp, s\u0101kot no smalkas <a href=\"https:\/\/moverdb.com\/lv\/moving-to-china\/\" data-internallinksmanager029f6b8e52c=\"357\" title=\"P\u0101rcel\u0161an\u0101s uz \u0136\u012bnu? 2023 Dz\u012bves izmaksas un p\u0101rcel\u0161an\u0101s padomi\">\u0136\u012bna<\/a> m\u016bzikas instrumentiem un lielgabar\u012bta m\u0113bel\u0113m. Vi\u0146i sniedz muitas starpniec\u012bbas pakalpojumus, transportl\u012bdzek\u013cu p\u0101rvad\u0101\u0161anas pakalpojumus un uzglab\u0101\u0161anas pakalpojumus pirms vai p\u0113c p\u0101rcel\u0161an\u0101s.<\/p>\n<p>T\u012bmek\u013ca vietne: <a href=\"https:\/\/www.gatewaymovingcr.com\" target=\"_blank\" rel=\"noopener\">https:\/\/www.gatewaymovingcr.com<\/a><\/p>\n<h2><span class=\"ez-toc-section\" id=\"3_Inter_Moves_SG_Global\"><\/span><strong>3. Inter Moves SG Global<\/strong><span class=\"ez-toc-section-end\"><\/span><\/h2>\n<p><img loading=\"lazy\" decoding=\"async\" class=\"alignnone size-full wp-image-5959\" src=\"https:\/\/moverdb.com\/wp-content\/uploads\/Inter-Moves-SG-Global-international-moving-company.png\" alt=\"Inter Moves SG Global starptautisk\u0101 p\u0101rcel\u0161an\u0101s uz\u0146\u0113mums\" width=\"1440\" height=\"684\" data-wp-pid=\"5959\" srcset=\"https:\/\/moverdb.com\/wp-content\/uploads\/Inter-Moves-SG-Global-international-moving-company.png 1440w, https:\/\/moverdb.com\/wp-content\/uploads\/Inter-Moves-SG-Global-international-moving-company-300x143.png 300w, https:\/\/moverdb.com\/wp-content\/uploads\/Inter-Moves-SG-Global-international-moving-company-1024x486.png 1024w, https:\/\/moverdb.com\/wp-content\/uploads\/Inter-Moves-SG-Global-international-moving-company-18x9.png 18w, https:\/\/moverdb.com\/wp-content\/uploads\/Inter-Moves-SG-Global-international-moving-company-600x285.png 600w\" sizes=\"auto, (max-width: 1440px) 100vw, 1440px\" \/><\/p>\n<ul>\n<li>Viet\u0113jie un viet\u0113jie p\u0101rvadi<\/li>\n<li>Starptautiskie p\u0101rvadi<\/li>\n<li>M\u0101jsaimniec\u012bbas p\u0101rv\u0101k\u0161an\u0101s<\/li>\n<li>Biroju p\u0101rvieto\u0161ana<\/li>\n<li>Iepako\u0161anas pakalpojumi<\/li>\n<li>Muitas brokeris<\/li>\n<li>Senlietu un m\u0101kslas darbu p\u0101rve\u0161ana<\/li>\n<li>Transportl\u012bdzek\u013cu transport\u0113\u0161ana<\/li>\n<li>Apdro\u0161in\u0101\u0161anas iesp\u0113jas<\/li>\n<li>Uzglab\u0101\u0161anas iek\u0101rtas<\/li>\n<\/ul>\n<p>Inter Moves SG Global ir 2001. gad\u0101 dibin\u0101ts kravu eksped\u012bcijas un starptautisko p\u0101rvad\u0101jumu uz\u0146\u0113mums. Uz\u0146\u0113mums pied\u0101v\u0101 viet\u0113jos, valsts un starptautiskos p\u0101rcel\u0161an\u0101s pakalpojumus gan m\u0101jsaimniec\u012bb\u0101m, gan birojiem. Uz\u0146\u0113mums ir IAM biedrs ar 21 gadu darba st\u0101\u017eu.<\/p>\n<p>Inter Moves SG Global pied\u0101v\u0101 profesion\u0101lu p\u0101rcel\u0161an\u0101s pakalpojumu, kas iepako j\u016bsu mantas un nodro\u0161ina to iekrau\u0161anu konteineros un kast\u0113s, k\u0101 ar\u012b transport\u0113\u0161anu l\u012bdz galam\u0113r\u0137im, ieskaitot muitas starpniec\u012bbu. Vi\u0146i pied\u0101v\u0101 apdro\u0161in\u0101\u0161anas starpniec\u012bbas pakalpojumus, lai atrastu vislab\u0101ko apdro\u0161in\u0101\u0161anas segumu j\u016bsu p\u0101rcel\u0161an\u0101s gad\u012bjumam. P\u0101rv\u0101c\u0113jiem, kuriem nepiecie\u0161ama pagaidu izmitin\u0101\u0161ana, vi\u0146i pat pied\u0101v\u0101 viesn\u012bcu ar nak\u0161\u0146o\u0161anu un brokast\u012bm.<\/p>\n<p>T\u012bmek\u013ca vietne: <a href=\"http:\/\/www.InterMoves-SGCR.com\" target=\"_blank\" rel=\"noopener\">http:\/\/www.InterMoves-SGCR.com<\/a><\/p>\n<h2><span class=\"ez-toc-section\" id=\"4_Mudanzas_Mundiales\"><\/span><strong>4. Mudanzas Mundiales<\/strong><span class=\"ez-toc-section-end\"><\/span><\/h2>\n<p><img loading=\"lazy\" decoding=\"async\" class=\"alignnone size-full wp-image-5981\" src=\"https:\/\/moverdb.com\/wp-content\/uploads\/Mudanzas-Mundiales-international-moving-company.png\" alt=\"Mudanzas Mundiales starptautiskais p\u0101rvieto\u0161an\u0101s uz\u0146\u0113mums\" width=\"1440\" height=\"680\" data-wp-pid=\"5981\" srcset=\"https:\/\/moverdb.com\/wp-content\/uploads\/Mudanzas-Mundiales-international-moving-company.png 1440w, https:\/\/moverdb.com\/wp-content\/uploads\/Mudanzas-Mundiales-international-moving-company-300x142.png 300w, https:\/\/moverdb.com\/wp-content\/uploads\/Mudanzas-Mundiales-international-moving-company-1024x484.png 1024w, https:\/\/moverdb.com\/wp-content\/uploads\/Mudanzas-Mundiales-international-moving-company-18x9.png 18w, https:\/\/moverdb.com\/wp-content\/uploads\/Mudanzas-Mundiales-international-moving-company-600x283.png 600w\" sizes=\"auto, (max-width: 1440px) 100vw, 1440px\" \/><\/p>\n<ul>\n<li>Starptautiskie p\u0101rvadi<\/li>\n<li>P\u0101rv\u0101k\u0161an\u0101s uz dz\u012bvojam\u0101m telp\u0101m<\/li>\n<li>Komerci\u0101lie p\u0101rvadi<\/li>\n<li>P\u0101rcel\u0161an\u0101s pakalpojumi<\/li>\n<li>Profesion\u0101ls iepako\u0161anas pakalpojums<\/li>\n<li>Transport\u0113\u0161ana pa sauszemi, j\u016bru vai gaisu<\/li>\n<li>Muitas brokeris<\/li>\n<li>M\u0101kslas darbu transport\u0113\u0161ana<\/li>\n<li>M\u0101jdz\u012bvnieku p\u0101rvad\u0101\u0161ana<\/li>\n<li>Uzglab\u0101\u0161anas iek\u0101rtas<\/li>\n<\/ul>\n<p>Mudanzas Mundiales ir p\u0101rvad\u0101jumu uz\u0146\u0113mums ar vair\u0101k nek\u0101 60 gadu pieredzi integr\u0113t\u0101s lo\u0123istikas un starptautisk\u0101s tirdzniec\u012bbas jom\u0101. Uz\u0146\u0113mumam ir biroji Sanhos\u0113 un Nikaragv\u0101. Uz\u0146\u0113mums ir IAM biedrs ar 53 gadu darba st\u0101\u017eu un ir akredit\u0113ts FIDI.<\/p>\n<p>Mudanzas Mundiales pied\u0101v\u0101 personaliz\u0113tu pieeju p\u0101rcel\u0161an\u0101s procesam, sniedzot pakalpojumus no durv\u012bm l\u012bdz durv\u012bm, kas ietver gan iepako\u0161anas pakalpojumus, izmantojot augst\u0101k\u0101s kvalit\u0101tes materi\u0101lus, gan ar\u012b m\u0113be\u013cu izk\u0101rto\u0161anu un izk\u0101rto\u0161anu. Vi\u0146i organiz\u0113 transport\u0113\u0161anu pa sauszemi, j\u016bru vai gaisu ar muitas starpniec\u012bbu un apdro\u0161in\u0101\u0161anu. P\u0101rcel\u0161an\u0101s pakalpojumi pal\u012bdz\u0113s jums ar orient\u0113\u0161anos, m\u0101jok\u013ca un skolas mekl\u0113\u0161anu, iera\u0161an\u0101s pakalpojumiem, k\u0101 ar\u012b valodas un kult\u016bras apm\u0101c\u012bbu.<\/p>\n<p>T\u012bmek\u013ca vietne: <a href=\"http:\/\/mudanzasmundiales.com\" target=\"_blank\" rel=\"noopener\">http:\/\/mudanzasmundiales.com<\/a><\/p>\n<h2><span class=\"ez-toc-section\" id=\"5_Multimodal\"><\/span><strong>5. Multimod\u0101ls<\/strong><span class=\"ez-toc-section-end\"><\/span><\/h2>\n<p><img loading=\"lazy\" decoding=\"async\" class=\"alignnone size-full wp-image-5984\" src=\"https:\/\/moverdb.com\/wp-content\/uploads\/Multimodal-international-moving-company.png\" alt=\"Multimod\u0101ls starptautisks p\u0101rvieto\u0161an\u0101s uz\u0146\u0113mums\" width=\"1440\" height=\"680\" data-wp-pid=\"5984\" srcset=\"https:\/\/moverdb.com\/wp-content\/uploads\/Multimodal-international-moving-company.png 1440w, https:\/\/moverdb.com\/wp-content\/uploads\/Multimodal-international-moving-company-300x142.png 300w, https:\/\/moverdb.com\/wp-content\/uploads\/Multimodal-international-moving-company-1024x484.png 1024w, https:\/\/moverdb.com\/wp-content\/uploads\/Multimodal-international-moving-company-18x9.png 18w, https:\/\/moverdb.com\/wp-content\/uploads\/Multimodal-international-moving-company-600x283.png 600w\" sizes=\"auto, (max-width: 1440px) 100vw, 1440px\" \/><\/p>\n<ul>\n<li>Starptautiskie p\u0101rvadi<\/li>\n<li>P\u0101rv\u0101k\u0161an\u0101s uz dz\u012bvojam\u0101m telp\u0101m<\/li>\n<li>Biroju p\u0101rcel\u0161an\u0101s<\/li>\n<li>S\u016bt\u012bjumu apstr\u0101de un uzraudz\u012bba<\/li>\n<li>Sauszemes, j\u016bras un gaisa transports<\/li>\n<li>Muitas starpniec\u012bba<\/li>\n<li>Kravu apdro\u0161in\u0101\u0161ana<\/li>\n<li>M\u0101jdz\u012bvnieku p\u0101rvad\u0101\u0161ana<\/li>\n<li>Transportl\u012bdzek\u013cu transport\u0113\u0161ana<\/li>\n<li>Uzglab\u0101\u0161anas iek\u0101rtas<\/li>\n<\/ul>\n<p>Multimodal ir specializ\u0113ts starptautisk\u0101s tirdzniec\u012bbas un muitas pakalpojumu sniedz\u0113js, kas pied\u0101v\u0101 p\u0101rcel\u0161an\u0101s pakalpojumus Kostarik\u0101 un Nikaragv\u0101. Uz\u0146\u0113mums tika dibin\u0101ts 1999. gad\u0101 un galvenok\u0101rt pied\u0101v\u0101ja gaisa kravu p\u0101rvad\u0101jumus, bet papla\u0161in\u0101ja savu darb\u012bbu, pied\u0101v\u0101jot visus transporta veidus. Uz\u0146\u0113mums ir IAM biedrs ar 37 gadu darb\u012bbas pieredzi, un, lai sniegtu savus pakalpojumus starptautisk\u0101 m\u0113rog\u0101, tas sadarbojas ar cit\u0101m a\u0123ent\u016br\u0101m.<\/p>\n<p>Multimodal pied\u0101v\u0101 dro\u0161u un uzticamu p\u0101rcel\u0161an\u0101s pakalpojumu bez sare\u017e\u0123\u012bjumiem un nevajadz\u012bg\u0101m izmaks\u0101m. Vi\u0146i sniedz profesion\u0101lus iepako\u0161anas pakalpojumus, lai dro\u0161i transport\u0113tu j\u016bsu mantas, un organiz\u0113s p\u0101rvad\u0101jumus pa sauszemi, j\u016bru vai gaisu, k\u0101 ar\u012b nodro\u0161in\u0101s muitas starpniec\u012bbu.<\/p>\n<p>T\u012bmek\u013ca vietne: <a href=\"http:\/\/www.multimodalcr.com\" target=\"_blank\" rel=\"noopener\">http:\/\/www.multimodalcr.com<\/a><\/p>\n<h2><span class=\"ez-toc-section\" id=\"6_Winmovers\"><\/span><strong>6. Winmovers<\/strong><span class=\"ez-toc-section-end\"><\/span><\/h2>\n<p><img loading=\"lazy\" decoding=\"async\" class=\"alignnone size-full wp-image-6016\" src=\"https:\/\/moverdb.com\/wp-content\/uploads\/Winmovers-international-moving-company.png\" alt=\"Winmovers starptautiskais p\u0101rvieto\u0161an\u0101s uz\u0146\u0113mums\" width=\"1440\" height=\"678\" data-wp-pid=\"6016\" srcset=\"https:\/\/moverdb.com\/wp-content\/uploads\/Winmovers-international-moving-company.png 1440w, https:\/\/moverdb.com\/wp-content\/uploads\/Winmovers-international-moving-company-300x141.png 300w, https:\/\/moverdb.com\/wp-content\/uploads\/Winmovers-international-moving-company-1024x482.png 1024w, https:\/\/moverdb.com\/wp-content\/uploads\/Winmovers-international-moving-company-18x8.png 18w, https:\/\/moverdb.com\/wp-content\/uploads\/Winmovers-international-moving-company-600x283.png 600w\" sizes=\"auto, (max-width: 1440px) 100vw, 1440px\" \/><\/p>\n<ul>\n<li>Viet\u0113jie un viet\u0113jie p\u0101rvadi<\/li>\n<li>Starptautiskie p\u0101rvadi<\/li>\n<li>M\u0101jsaimniec\u012bbas p\u0101rv\u0101k\u0161an\u0101s<\/li>\n<li>Uz\u0146\u0113m\u0113jdarb\u012bbas virzieni<\/li>\n<li>Pakalpojums \"no durv\u012bm l\u012bdz durv\u012bm<\/li>\n<li>Profesion\u0101ls iepako\u0161anas pakalpojums<\/li>\n<li>R\u016bpnieciskais iepakojums<\/li>\n<li>Sauszemes, gaisa un j\u016bras transports<\/li>\n<li>Specializ\u0113ti priek\u0161meti, piem\u0113ram, klavieres un datortehnika.<\/li>\n<li>Daudzveid\u012bgs kravas automa\u0161\u012bnu parks<\/li>\n<\/ul>\n<p>Winmovers ir 2003. gad\u0101 dibin\u0101ts starptautisku un viet\u0113ju p\u0101rcel\u0161an\u0101s pakalpojumu sniedz\u0113js. Uz\u0146\u0113mums ir IAM biedrs ar 19 gadu darba st\u0101\u017eu un ir akredit\u0113ts FIDI. Vi\u0146iem ir pla\u0161s un daudzveid\u012bgs kravas automa\u0161\u012bnu autoparks, kas atbilst da\u017e\u0101d\u0101m transporta vajadz\u012bb\u0101m.<\/p>\n<p>Winmovers pied\u0101v\u0101 \"no durv\u012bm l\u012bdz durv\u012bm\" pakalpojumus, kas ietver profesion\u0101lu iepako\u0161anas pakalpojumu, ko nodro\u0161ina apm\u0101c\u012bts person\u0101ls, kur\u0161 aizsarg\u0101s j\u016bsu mantas, izmantojot da\u017e\u0101dus iepako\u0161anas materi\u0101lus, piem\u0113ram, kastes, p\u0101rvalkus un segas. Vi\u0146i ar\u012b pa\u0161i izgatavo savas sertific\u0113tas koka kastes. Vi\u0146i organiz\u0113s j\u016bsu mantu p\u0101rvad\u0101\u0161anu pa sauszemi, gaisu vai j\u016bru.<\/p>\n<p>T\u012bmek\u013ca vietne: <a href=\"http:\/\/www.winmovers.com\" target=\"_blank\" rel=\"noopener\">http:\/\/www.winmovers.com<\/a><\/p>\n<h2><span class=\"ez-toc-section\" id=\"Other_Useful_Guides_to_Costa_Rica\"><\/span>Citi noder\u012bgi ce\u013cve\u017ei uz Kostariku<span class=\"ez-toc-section-end\"><\/span><\/h2>\n<ul>\n<li> <a href=\"https:\/\/moverdb.com\/lv\/konteineru-parvadajumi\/costa-rica\/\">2024 J\u016bras kravu p\u0101rvad\u0101jumu ar konteineriem cenas uz Kostariku un no t\u0101s<\/a><\/li>\n<li> <a href=\"https:\/\/moverdb.com\/lv\/moving-to-costa-rica\/\">P\u0101rce\u013caties uz Kostariku? 2023 Dz\u012bves izmaksas un p\u0101rcel\u0161an\u0101s padomi<\/a><\/li>\n<li> <a href=\"https:\/\/moverdb.com\/lv\/moving-to-costa-rica\/living-in-costa-rica\/\">21 nosl\u0113pums par dz\u012bvi Kostarik\u0101, kas j\u0101zina pirms p\u0101rcel\u0161an\u0101s<\/a><\/li>\n<\/ul>","protected":false},"excerpt":{"rendered":"<p>Are you moving to or from Costa Rica, or moving within Costa Rica? Then you might be interested in some help moving all of your belongings as it can be complex especially if you are moving countries. Below we have compiled a list of Costa Rican removal companies that are members of the International Association [&hellip;]<\/p>\n","protected":false},"author":4,"featured_media":0,"parent":190,"menu_order":0,"comment_status":"closed","ping_status":"closed","template":"","meta":{"_genesis_hide_title":false,"_genesis_hide_breadcrumbs":false,"_genesis_hide_singular_image":false,"_genesis_hide_footer_widgets":false,"_genesis_custom_body_class":"","_genesis_custom_post_class":"","_genesis_layout":"","footnotes":""},"class_list":{"0":"post-6015","1":"page","2":"type-page","3":"status-publish","5":"entry","6":"has-post-thumbnail"},"_links":{"self":[{"href":"https:\/\/moverdb.com\/lv\/wp-json\/wp\/v2\/pages\/6015","targetHints":{"allow":["GET"]}}],"collection":[{"href":"https:\/\/moverdb.com\/lv\/wp-json\/wp\/v2\/pages"}],"about":[{"href":"https:\/\/moverdb.com\/lv\/wp-json\/wp\/v2\/types\/page"}],"author":[{"embeddable":true,"href":"https:\/\/moverdb.com\/lv\/wp-json\/wp\/v2\/users\/4"}],"replies":[{"embeddable":true,"href":"https:\/\/moverdb.com\/lv\/wp-json\/wp\/v2\/comments?post=6015"}],"version-history":[{"count":2,"href":"https:\/\/moverdb.com\/lv\/wp-json\/wp\/v2\/pages\/6015\/revisions"}],"predecessor-version":[{"id":18296,"href":"https:\/\/moverdb.com\/lv\/wp-json\/wp\/v2\/pages\/6015\/revisions\/18296"}],"up":[{"embeddable":true,"href":"https:\/\/moverdb.com\/lv\/wp-json\/wp\/v2\/pages\/190"}],"wp:attachment":[{"href":"https:\/\/moverdb.com\/lv\/wp-json\/wp\/v2\/media?parent=6015"}],"curies":[{"name":"wp","href":"https:\/\/api.w.org\/{rel}","templated":true}]}}