{"id":5631,"date":"2022-11-28T15:27:20","date_gmt":"2022-11-28T15:27:20","guid":{"rendered":"https:\/\/moverdb.com\/?page_id=5631"},"modified":"2026-01-08T13:18:59","modified_gmt":"2026-01-08T13:18:59","slug":"kustiba-bez-stresa","status":"publish","type":"page","link":"https:\/\/moverdb.com\/lv\/stress-free-move\/","title":{"rendered":"K\u0101 padar\u012bt starptautisko p\u0101rcel\u0161anos bez stresa"},"content":{"rendered":"<p><span style=\"font-weight: 400;\">P\u0101rcel\u0161an\u0101s uz \u0101rzem\u0113m, protams, ir aizraujo\u0161s laiks, pilns ar daudz\u0101m jaukt\u0101m emocij\u0101m, ta\u010du, ja jums jau k\u0101dreiz ir n\u0101cies p\u0101rcelties uz citu valsti, j\u016bs zin\u0101siet, ka t\u0101 ir tikai ne relaks\u0113jo\u0161a un pat\u012bkama pieredze. <\/span><\/p>\n<p><span style=\"font-weight: 400;\">Lai gan m\u0101jok\u013ca p\u0101rcel\u0161an\u0101s sav\u0101 valst\u012b reiz\u0113m var b\u016bt p\u0101rsteidzo\u0161a, varat tikai iedom\u0101ties, cik sare\u017e\u0123\u012bta t\u0101 b\u016bs, p\u0101rce\u013coties uz citu valsti.<\/span><\/p>\n<p><img loading=\"lazy\" decoding=\"async\" class=\"aligncenter size-full wp-image-5632\" src=\"https:\/\/moverdb.com\/wp-content\/uploads\/stress-free-move.jpg\" alt=\"P\u0101rcel\u0161an\u0101s bez stresa\" width=\"1000\" height=\"667\" data-wp-pid=\"5632\" srcset=\"https:\/\/moverdb.com\/wp-content\/uploads\/stress-free-move.jpg 1000w, https:\/\/moverdb.com\/wp-content\/uploads\/stress-free-move-300x200.jpg 300w, https:\/\/moverdb.com\/wp-content\/uploads\/stress-free-move-18x12.jpg 18w, https:\/\/moverdb.com\/wp-content\/uploads\/stress-free-move-600x400.jpg 600w\" sizes=\"auto, (max-width: 1000px) 100vw, 1000px\" \/><\/p>\n<p><span style=\"font-weight: 400;\">Jums ir ne tikai j\u0101r\u0113\u0137in\u0101s ar parastaj\u0101m p\u0101rcel\u0161an\u0101s proced\u016br\u0101m, bet ar\u012b ar vair\u0101k\u0101m papildu proced\u016br\u0101m, kas var padar\u012bt visu \u0161o pieredzi diezgan nervus kutino\u0161u un satrauco\u0161u.&nbsp;<\/span><\/p>\n<p><span style=\"font-weight: 400;\">Piln\u012bgi saprotams, ka reiz\u0113m j\u016btaties sasprindzin\u0101ti un p\u0101r\u0146emti, ta\u010du, ja esat labi sagatavoju\u0161ies un organiz\u0113ti, k\u0101 ar\u012b ja jums ir pietiekami daudz laika un s\u0101kat darbu laic\u012bgi, varat pal\u012bdz\u0113t sev p\u0101rvar\u0113t vil\u0161anos un padar\u012bt p\u0101rv\u0101k\u0161an\u0101s procesu p\u0113c iesp\u0113jas rait\u0101ku.&nbsp;<\/span><\/p>\n<p><span style=\"font-weight: 400;\">Nekustam\u0101 \u012bpa\u0161uma eksperti no<\/span><span style=\"font-weight: 400;\"><a href=\"http:\/\/www.housesalesdirect.com\/\" target=\"_blank\" rel=\"noopener\"> House Sales Direct <\/a>mekl\u0113ja veidus, k\u0101 nodro\u0161in\u0101t, lai j\u016bsu starptautisk\u0101 m\u0101jok\u013ca p\u0101rcel\u0161an\u0101s notiktu efekt\u012bvi un bez stresa, vienlaikus r\u016bp\u0113joties ar\u012b par t\u0101diem papildu faktoriem k\u0101 imigr\u0101cija, p\u0101rrobe\u017eu p\u0101rvad\u0101jumi un muita. <\/span><\/p>\n<p><span style=\"font-weight: 400;\">Skaidrs un stabils kontrolsaraksts pal\u012bdz\u0113s p\u0101rv\u0113rst nedaudz haotisko p\u0101rcel\u0161an\u0101s procesu par nes\u0101p\u012bgu.&nbsp;<\/span><\/p>\n<div id=\"ez-toc-container\" class=\"ez-toc-v2_0_82_2 ez-toc-wrap-left counter-hierarchy ez-toc-counter ez-toc-transparent ez-toc-container-direction\">\n<div class=\"ez-toc-title-container\">\n<p class=\"ez-toc-title\" style=\"cursor:inherit\">Sada\u013cas<\/p>\n<span class=\"ez-toc-title-toggle\"><a href=\"#\" class=\"ez-toc-pull-right ez-toc-btn ez-toc-btn-xs ez-toc-btn-default ez-toc-toggle\" aria-label=\"P\u0101rsl\u0113gt satura tabulu\"><span class=\"ez-toc-js-icon-con\"><span class=\"\"><span class=\"eztoc-hide\" style=\"display:none;\">P\u0101rsl\u0113gt<\/span><span class=\"ez-toc-icon-toggle-span\"><svg style=\"fill: #999;color:#999\" xmlns=\"http:\/\/www.w3.org\/2000\/svg\" class=\"list-377408\" width=\"20px\" height=\"20px\" viewbox=\"0 0 24 24\" fill=\"none\"><path d=\"M6 6H4v2h2V6zm14 0H8v2h12V6zM4 11h2v2H4v-2zm16 0H8v2h12v-2zM4 16h2v2H4v-2zm16 0H8v2h12v-2z\" fill=\"currentColor\"><\/path><\/svg><svg style=\"fill: #999;color:#999\" class=\"arrow-unsorted-368013\" xmlns=\"http:\/\/www.w3.org\/2000\/svg\" width=\"10px\" height=\"10px\" viewbox=\"0 0 24 24\" version=\"1.2\" baseprofile=\"tiny\"><path d=\"M18.2 9.3l-6.2-6.3-6.2 6.3c-.2.2-.3.4-.3.7s.1.5.3.7c.2.2.4.3.7.3h11c.3 0 .5-.1.7-.3.2-.2.3-.5.3-.7s-.1-.5-.3-.7zM5.8 14.7l6.2 6.3 6.2-6.3c.2-.2.3-.5.3-.7s-.1-.5-.3-.7c-.2-.2-.4-.3-.7-.3h-11c-.3 0-.5.1-.7.3-.2.2-.3.5-.3.7s.1.5.3.7z\"\/><\/svg><\/span><\/span><\/span><\/a><\/span><\/div>\n<nav><ul class='ez-toc-list ez-toc-list-level-1 eztoc-toggle-hide-by-default' ><li class='ez-toc-page-1 ez-toc-heading-level-2'><a class=\"ez-toc-link ez-toc-heading-1\" href=\"https:\/\/moverdb.com\/lv\/stress-free-move\/#Plan_In_Advance\" >Pl\u0101nojiet iepriek\u0161<\/a><\/li><li class='ez-toc-page-1 ez-toc-heading-level-2'><a class=\"ez-toc-link ez-toc-heading-2\" href=\"https:\/\/moverdb.com\/lv\/stress-free-move\/#Sort_Out_Immigration\" >Imigr\u0101cijas jaut\u0101jumu risin\u0101\u0161ana<\/a><\/li><li class='ez-toc-page-1 ez-toc-heading-level-2'><a class=\"ez-toc-link ez-toc-heading-3\" href=\"https:\/\/moverdb.com\/lv\/stress-free-move\/#Get_Your_Documents_Ready\" >Sagatavojiet dokumentus<\/a><\/li><li class='ez-toc-page-1 ez-toc-heading-level-2'><a class=\"ez-toc-link ez-toc-heading-4\" href=\"https:\/\/moverdb.com\/lv\/stress-free-move\/#Sort_Out_Your_Finances\" >Finan\u0161u sak\u0101rto\u0161ana<\/a><\/li><li class='ez-toc-page-1 ez-toc-heading-level-2'><a class=\"ez-toc-link ez-toc-heading-5\" href=\"https:\/\/moverdb.com\/lv\/stress-free-move\/#Research_International_Moving_Companies\" >P\u0113t\u012bjums Starptautiskie p\u0101rcel\u0161an\u0101s uz\u0146\u0113mumi<\/a><\/li><li class='ez-toc-page-1 ez-toc-heading-level-2'><a class=\"ez-toc-link ez-toc-heading-6\" href=\"https:\/\/moverdb.com\/lv\/stress-free-move\/#Make_a_Packing_Checklist\" >Izveidojiet iepakojuma p\u0101rbaudes sarakstu<\/a><\/li><li class='ez-toc-page-1 ez-toc-heading-level-2'><a class=\"ez-toc-link ez-toc-heading-7\" href=\"https:\/\/moverdb.com\/lv\/stress-free-move\/#Reach_Out_To_Providers\" >Uzrun\u0101jiet pakalpojumu sniedz\u0113jus<\/a><\/li><li class='ez-toc-page-1 ez-toc-heading-level-2'><a class=\"ez-toc-link ez-toc-heading-8\" href=\"https:\/\/moverdb.com\/lv\/stress-free-move\/#Familiarise_Yourself_With_The_Culture\" >Iepaz\u012bstieties ar kult\u016bru<\/a><\/li><li class='ez-toc-page-1 ez-toc-heading-level-2'><a class=\"ez-toc-link ez-toc-heading-9\" href=\"https:\/\/moverdb.com\/lv\/stress-free-move\/#In_Conclusion\" >Secin\u0101jumi<\/a><\/li><\/ul><\/nav><\/div>\n<h2><span class=\"ez-toc-section\" id=\"Plan_In_Advance\"><\/span><b>Pl\u0101nojiet iepriek\u0161<\/b><span class=\"ez-toc-section-end\"><\/span><\/h2>\n<p><span style=\"font-weight: 400;\">Starptautisk\u0101 p\u0101rcel\u0161an\u0101s ir diezgan ilgs process, un, ja t\u0101 pl\u0101no\u0161anai un sagatavo\u0161anai nav atv\u0113l\u0113ts pietiekami daudz laika, laika ierobe\u017eojumi b\u016bs viena no liet\u0101m, kas jums rad\u012bs stresu un trauksmi. <\/span><\/p>\n<p><span style=\"font-weight: 400;\">Jo agr\u0101k s\u0101ksiet, jo viegl\u0101k b\u016bs p\u0101rliecin\u0101ties, ka viss tiek veikts savlaic\u012bgi, ka visas probl\u0113mas vai neparedz\u0113ti jaut\u0101jumi tiek risin\u0101ti mier\u012bgi un efekt\u012bvi, un, visbeidzot, ka jums nekad nekas nav j\u0101steidzas.&nbsp;<\/span><\/p>\n<p><span style=\"font-weight: 400;\">Organiz\u0101cijai ir iz\u0161\u0137iro\u0161a noz\u012bme, t\u0101p\u0113c \u0161is saraksts, kas j\u0101\u0146em v\u0113r\u0101 un j\u0101sagatavo, b\u016bs noder\u012bgs ce\u013cvedis, pie kura atgriezties ikreiz, kad jut\u012bsieties apmald\u012bjies vai p\u0101r\u0146emts ar uzdevumiem. <\/span><\/p>\n<p><span style=\"font-weight: 400;\">Efekt\u012bva laika p\u0101rvald\u012bba nov\u0113rs\u012bs nevajadz\u012bgu stresu un sniegs jums p\u0101rliec\u012bbu un komfortu, zinot, ka jums ir pietiekami daudz laika, lai visu atrisin\u0101tu. M\u0113s iesak\u0101m izveidot detaliz\u0113tu dar\u0101mo darbu sarakstu, kas pal\u012bdz\u0113s jums sekot l\u012bdzi progresam un atg\u0101din\u0101s, kas j\u0101dara t\u0101l\u0101k.&nbsp;<\/span><\/p>\n<h2><span class=\"ez-toc-section\" id=\"Sort_Out_Immigration\"><\/span><b>Imigr\u0101cijas jaut\u0101jumu risin\u0101\u0161ana<\/b><span class=\"ez-toc-section-end\"><\/span><\/h2>\n<p><span style=\"font-weight: 400;\">Imigr\u0101cijas proces\u0101 ir daudz kas saist\u012bts ar juridisko dokument\u0101ciju, imuniz\u0101cijas pras\u012bb\u0101m un konkr\u0113tai valstij specifiskiem likumiem, kas jums b\u016bs j\u0101iev\u0113ro. Tas ir sare\u017e\u0123\u012bts un ilgsto\u0161s process, kuru varat izp\u0113t\u012bt pats vai ar\u012b ietaup\u012bt sev gr\u016bt\u012bbas un nol\u012bgt imigr\u0101cijas profesion\u0101li, kas pal\u012bdz\u0113s jums visu \u0161o laiku.<\/span><\/p>\n<p><img loading=\"lazy\" decoding=\"async\" class=\"aligncenter size-full wp-image-5633\" src=\"https:\/\/moverdb.com\/wp-content\/uploads\/immigration-residence.jpg\" alt=\"\" width=\"1000\" height=\"667\" data-wp-pid=\"5633\" srcset=\"https:\/\/moverdb.com\/wp-content\/uploads\/immigration-residence.jpg 1000w, https:\/\/moverdb.com\/wp-content\/uploads\/immigration-residence-300x200.jpg 300w, https:\/\/moverdb.com\/wp-content\/uploads\/immigration-residence-18x12.jpg 18w, https:\/\/moverdb.com\/wp-content\/uploads\/immigration-residence-600x400.jpg 600w\" sizes=\"auto, (max-width: 1000px) 100vw, 1000px\" \/><\/p>\n<p><span style=\"font-weight: 400;\">Paturiet pr\u0101t\u0101, ka katr\u0101 valst\u012b ir \u012bpa\u0161as pras\u012bbas un likumi, t\u0101p\u0113c vien\u0101 bloga ierakst\u0101 ir gr\u016bti atrast visu nepiecie\u0161amo. Jums b\u016bs j\u0101veic pla\u0161a izp\u0113te, j\u0101sazin\u0101s ar juridiskaj\u0101m iest\u0101d\u0113m un, iesp\u0113jams, j\u0101konsult\u0113jas ar k\u0101du profesion\u0101li, ta\u010du nav j\u0101uztraucas, jo, ja vien s\u0101ksiet savlaic\u012bgi, jums b\u016bs pietiekami daudz laika, lai tiktu gal\u0101 ar visu, kas jums rad\u012bsies.&nbsp;<\/span><\/p>\n<h2><span class=\"ez-toc-section\" id=\"Get_Your_Documents_Ready\"><\/span><b>Sagatavojiet dokumentus<\/b><span class=\"ez-toc-section-end\"><\/span><\/h2>\n<p><span style=\"font-weight: 400;\">Pap\u012bru k\u0101rto\u0161ana ir neizb\u0113gama, kad p\u0101rv\u0101caties uz citu valsti, jo \u012bpa\u0161i, ja p\u0101rcel\u0161an\u0101s ir starptautiska. J\u016bs v\u0113laties, lai visi nepiecie\u0161amie dokumenti b\u016btu gatavi un pieejami, kad tie jums b\u016bs nepiecie\u0161ami, k\u0101 ar\u012b lai jums b\u016btu vair\u0101kas to kopijas gad\u012bjumam. <\/span><\/p>\n<p><span style=\"font-weight: 400;\">Tas pal\u012bdz\u0113s pa\u0101trin\u0101t visus procesus, piem\u0113ram, VISA pieteikumu vai pases sa\u0146em\u0161anu. \u0160eit ir uzskait\u012bti da\u017ei vissvar\u012bg\u0101kie dokumenti, kas jums b\u016btu j\u0101\u0146em l\u012bdzi:&nbsp;<\/span><\/p>\n<ul>\n<li style=\"font-weight: 400;\" aria-level=\"1\"><span style=\"font-weight: 400;\">Pase\/personas apliec\u012bba ar fotoatt\u0113lu\/vad\u012bt\u0101ja apliec\u012bba&nbsp;<\/span><\/li>\n<li style=\"font-weight: 400;\" aria-level=\"1\"><span style=\"font-weight: 400;\">Dzim\u0161anas apliec\u012bba&nbsp;<\/span><\/li>\n<li style=\"font-weight: 400;\" aria-level=\"1\"><span style=\"font-weight: 400;\">Soci\u0101l\u0101 nodro\u0161in\u0101juma karte<\/span><\/li>\n<li style=\"font-weight: 400;\" aria-level=\"1\"><span style=\"font-weight: 400;\">Medic\u012bnisk\u0101\/ zob\u0101rstniec\u012bbas dokument\u0101cija<\/span><\/li>\n<\/ul>\n<h2><span class=\"ez-toc-section\" id=\"Sort_Out_Your_Finances\"><\/span><b>Finan\u0161u sak\u0101rto\u0161ana<\/b><span class=\"ez-toc-section-end\"><\/span><\/h2>\n<p><span style=\"font-weight: 400;\">P\u0101rcel\u0161an\u0101s uz \u0101rzem\u0113m ir ne tikai stresa pilna pieredze, bet t\u0101 ietekm\u0113s ar\u012b j\u016bsu finanses. Ir \u013coti svar\u012bgi p\u0101rliecin\u0101ties, ka jums ir pietiekami daudz l\u012bdzek\u013cu p\u0101rcel\u0161an\u0101s vajadz\u012bb\u0101m, k\u0101 ar\u012b piek\u013cuve tiem. Ja v\u0113l neesat to izdar\u012bjis, izp\u0113tiet. <a href=\"https:\/\/moverdb.com\/lv\/international-money-transfer-services\/\" data-internallinksmanager029f6b8e52c=\"239\" title=\"11 Lab\u0101kie starptautiskie naudas p\u0101rvedumu pakalpojumi 2026. gad\u0101\">naudas p\u0101rskait\u012bjums<\/a> pakalpojumi.&nbsp;<\/span><\/p>\n<p><span style=\"font-weight: 400;\">Sazi\u0146a ar eso\u0161o banku un l\u012bdzek\u013cu p\u0101rskait\u012b\u0161ana uz citu banku ir process, kas pras\u012bs laiku un, iesp\u0113jams, ar\u012b k\u0101du dokument\u0101ciju k\u0101rto\u0161anu. Ja iev\u0113rosiet iepriek\u0161 sniegtos padomus, jums b\u016bs gan laiks, gan nepiecie\u0161amie dokumenti, lai nodro\u0161in\u0101tu, ka viss tiek veikts \u0101tri un bez sare\u017e\u0123\u012bjumiem.&nbsp;<\/span><\/p>\n<p><span style=\"font-weight: 400;\">Ar\u012b viet\u0113j\u0101 bankas konta izveide jaunaj\u0101 m\u012btnes valst\u012b var pras\u012bt vair\u0101kas ned\u0113\u013cas un da\u017e\u0101dus dokumentus atkar\u012bb\u0101 no konkr\u0113t\u0101s valsts. T\u0101p\u0113c ir v\u0113rts p\u0101rliecin\u0101ties, ka j\u016bsu eso\u0161aj\u0101m bankas kart\u0113m nav starptautisku komisijas maksu, vai parakst\u012bt kred\u012btkarti bez t\u0101m.&nbsp;<\/span><\/p>\n<p><span style=\"font-weight: 400;\">Starptautisk\u0101s p\u0101rcel\u0161an\u0101s gad\u012bjum\u0101 ir ieteicams izveidot ar\u012b av\u0101rijas fondu. J\u016bs nekad nezin\u0101t, kas var notikt un kad var rasties k\u0101di papildu izdevumi, t\u0101p\u0113c iepriek\u0161\u0113ja uzkr\u0101jumu veido\u0161ana sniegs jums nepiecie\u0161amo komfortu, lai p\u0101rcel\u0161an\u0101s norit\u0113tu bez stresa.&nbsp;<\/span><\/p>\n<h2><span class=\"ez-toc-section\" id=\"Research_International_Moving_Companies\"><\/span><b>P\u0113t\u012bjums Starptautiskie p\u0101rcel\u0161an\u0101s uz\u0146\u0113mumi<\/b><span class=\"ez-toc-section-end\"><\/span><\/h2>\n<p><span style=\"font-weight: 400;\">\u013boti svar\u012bgi ir ar\u012b dro\u0161i un dro\u0161i p\u0101rvietot m\u0101jsaimniec\u012bbas \u012bpa\u0161umus p\u0101ri robe\u017e\u0101m. Da\u017ek\u0101rt, lai nok\u013c\u016btu galam\u0113r\u0137\u012b, p\u0101rve\u0161ana notiek pat p\u0101ri oke\u0101niem, t\u0101p\u0113c ir \u013coti svar\u012bgi izv\u0113l\u0113ties jums un j\u016bsu bud\u017eetam vispiem\u0113rot\u0101ko variantu. <\/span><\/p>\n<p><span style=\"font-weight: 400;\">J\u016bs varat piepras\u012bt pied\u0101v\u0101jumus un sal\u012bdzin\u0101t cenas daudz iepriek\u0161, k\u0101 ar\u012b rezerv\u0113t t\u0101s dienas, kad v\u0113laties, lai t\u0101s ierodas, t\u0101d\u0113j\u0101di j\u016bs var\u0113siet nodro\u0161in\u0101t, ka jaunaj\u0101 m\u0101jokl\u012b negaid\u012bsiet vair\u0101kas dienas vai pat ned\u0113\u013cas bez sav\u0101m mant\u0101m. <\/span><\/p>\n<p><span style=\"font-weight: 400;\">Tas viss ir atkar\u012bgs no j\u016bsu mantu daudzuma, valsts, no kuras t\u0101s s\u016bt\u0101t, un no t\u0101, uz kurieni t\u0101s tiek s\u016bt\u012btas, ta\u010du \u0161eit ir saraksts ar da\u017e\u0101m no \u0161\u012bm iesp\u0113j\u0101m. <\/span><a href=\"https:\/\/moverdb.com\/lv\/parvietojas-uznemumi\/\"><span style=\"font-weight: 400;\">lab\u0101kie starptautiskie p\u0101rvieto\u0161an\u0101s uz\u0146\u0113mumi<\/span><\/a><span style=\"font-weight: 400;\">. Paturiet pr\u0101t\u0101, ka, pie\u0146emot l\u0113mumu, katrs solis ir at\u0161\u0137ir\u012bgs un personisks, t\u0101p\u0113c p\u0101rliecinieties, ka tas ir piem\u0113rots tie\u0161i jums!<\/span><\/p>\n<h2><span class=\"ez-toc-section\" id=\"Make_a_Packing_Checklist\"><\/span><b>Izveidojiet iepakojuma p\u0101rbaudes sarakstu<\/b><span class=\"ez-toc-section-end\"><\/span><\/h2>\n<p><span style=\"font-weight: 400;\">T\u0101pat k\u0101 visur citur, ar\u012b \u0161aj\u0101 gad\u012bjum\u0101, ja darbu s\u0101ksiet iepriek\u0161, j\u016bs var\u0113siet organiz\u0113ties un netiksiet spiesti ierobe\u017eot laiku. <\/span><\/p>\n<p><span style=\"font-weight: 400;\">Kad s\u0101kat iepako\u0161anu p\u0101rcel\u0161an\u0101s vajadz\u012bb\u0101m, ir svar\u012bgi sast\u0101d\u012bt iepakojuma p\u0101rbaudes sarakstu, kur\u0101 nor\u0101d\u012btas visas nepiecie\u0161am\u0101s lietas, izlas\u012bt noder\u012bgus padomus un iepako\u0161anas trikus, k\u0101 ar\u012b atbr\u012bvoties no nevajadz\u012bgiem priek\u0161metiem. Visu lietu mar\u0137\u0113\u0161ana un grafika iev\u0113ro\u0161ana pal\u012bdz\u0113s jums b\u016bt lietas kurs\u0101, lai iepako\u0161ana k\u013c\u016btu par vienu no liet\u0101m, kas vis\u0101 \u0161aj\u0101 garaj\u0101 un sare\u017e\u0123\u012btaj\u0101 proces\u0101 sag\u0101d\u0101s vair\u0101k prieka, nevis stresa.<\/span><\/p>\n<h2><span class=\"ez-toc-section\" id=\"Reach_Out_To_Providers\"><\/span><b>Uzrun\u0101jiet pakalpojumu sniedz\u0113jus<\/b><span class=\"ez-toc-section-end\"><\/span><\/h2>\n<p><span style=\"font-weight: 400;\">Tagad, kad tuvojas p\u0101reja, ir pien\u0101cis laiks sazin\u0101ties ar nepiecie\u0161amajiem pakalpojumu sniedz\u0113jiem, lai sl\u0113gtu kontus un atceltu abonementus. P\u0101rliecinieties, ka esat nos\u016bt\u012bjis p\u0113d\u0113jos skait\u012bt\u0101ju r\u0101d\u012bjumus, iekas\u0113jis visus nesamaks\u0101tos kred\u012btus, p\u0101rs\u016bt\u012bjis savu pastu un inform\u0113jis visus, kam tas ir nepiecie\u0161ams, par p\u0101rcel\u0161anos. <\/span><\/p>\n<p><span style=\"font-weight: 400;\">Lai gan da\u017eus no \u0161iem uzdevumiem nav iesp\u0113jams veikt daudz iepriek\u0161, p\u0101rliecinieties, ka neaizmirs\u0101t par tiem piln\u012bb\u0101 un neatst\u0101jat to uz p\u0113d\u0113jo br\u012bdi.&nbsp;<\/span><\/p>\n<h2><span class=\"ez-toc-section\" id=\"Familiarise_Yourself_With_The_Culture\"><\/span><b>Iepaz\u012bstieties ar kult\u016bru<\/b><span class=\"ez-toc-section-end\"><\/span><\/h2>\n<p><span style=\"font-weight: 400;\">Visbeidzot, j\u016bs v\u0113laties b\u016bt gatavs, kad sasniegsiet galam\u0113r\u0137i un savu jauno m\u0101jvietu. Iepaz\u012b\u0161an\u0101s ar valsts para\u017e\u0101m, eti\u0137eti un trad\u012bcij\u0101m ir labs s\u0101kumpunkts, lai pirmajos p\u0101rcel\u0161an\u0101s m\u0113ne\u0161os j\u016bs neapzin\u0101ti neaizvainotu viet\u0113jos iedz\u012bvot\u0101jus.&nbsp;<\/span><\/p>\n<h2><span class=\"ez-toc-section\" id=\"In_Conclusion\"><\/span><b>Secin\u0101jumi<\/b><span class=\"ez-toc-section-end\"><\/span><\/h2>\n<p><span style=\"font-weight: 400;\">Lai gan m\u0113s nevaram apsol\u012bt, ka ce\u013c\u0101 nerad\u012bsies \u0161\u0137\u0113r\u0161\u013ci un probl\u0113mas, ceram, ka, ja iev\u0113rosiet \u0161os noder\u012bgos padomus, var\u0113siet b\u016bt gatavs liel\u0101kajai da\u013cai lietu, kas visdr\u012bz\u0101k var rasties starptautisk\u0101s p\u0101rcel\u0161an\u0101s proces\u0101. <\/span><\/p>\n<p><span style=\"font-weight: 400;\">Svar\u012bgi ir ar\u012b atcer\u0113ties un past\u0101v\u012bgi atg\u0101din\u0101t sev, ka beig\u0101s j\u016bs gaida aizraujo\u0161i laiki!&nbsp;<\/span><\/p>","protected":false},"excerpt":{"rendered":"<p>Moving abroad is certainly an exciting time, packed with a lot of mixed emotions, but if you ever had to move home before, you would know that it is anything but a relaxing and pleasant experience. While a house move in your own country can be overwhelming at times, you can only imagine how difficult [&hellip;]<\/p>\n","protected":false},"author":1,"featured_media":5632,"parent":0,"menu_order":0,"comment_status":"closed","ping_status":"closed","template":"","meta":{"_genesis_hide_title":false,"_genesis_hide_breadcrumbs":false,"_genesis_hide_singular_image":false,"_genesis_hide_footer_widgets":false,"_genesis_custom_body_class":"","_genesis_custom_post_class":"","_genesis_layout":"","footnotes":""},"class_list":{"0":"post-5631","1":"page","2":"type-page","3":"status-publish","4":"has-post-thumbnail","6":"entry"},"_links":{"self":[{"href":"https:\/\/moverdb.com\/lv\/wp-json\/wp\/v2\/pages\/5631","targetHints":{"allow":["GET"]}}],"collection":[{"href":"https:\/\/moverdb.com\/lv\/wp-json\/wp\/v2\/pages"}],"about":[{"href":"https:\/\/moverdb.com\/lv\/wp-json\/wp\/v2\/types\/page"}],"author":[{"embeddable":true,"href":"https:\/\/moverdb.com\/lv\/wp-json\/wp\/v2\/users\/1"}],"replies":[{"embeddable":true,"href":"https:\/\/moverdb.com\/lv\/wp-json\/wp\/v2\/comments?post=5631"}],"version-history":[{"count":1,"href":"https:\/\/moverdb.com\/lv\/wp-json\/wp\/v2\/pages\/5631\/revisions"}],"predecessor-version":[{"id":5634,"href":"https:\/\/moverdb.com\/lv\/wp-json\/wp\/v2\/pages\/5631\/revisions\/5634"}],"wp:featuredmedia":[{"embeddable":true,"href":"https:\/\/moverdb.com\/lv\/wp-json\/wp\/v2\/media\/5632"}],"wp:attachment":[{"href":"https:\/\/moverdb.com\/lv\/wp-json\/wp\/v2\/media?parent=5631"}],"curies":[{"name":"wp","href":"https:\/\/api.w.org\/{rel}","templated":true}]}}