{"id":5575,"date":"2022-11-24T01:39:45","date_gmt":"2022-11-24T01:39:45","guid":{"rendered":"https:\/\/moverdb.com\/?page_id=5575"},"modified":"2026-01-08T14:38:40","modified_gmt":"2026-01-08T14:38:40","slug":"us-virgin-islands","status":"publish","type":"page","link":"https:\/\/moverdb.com\/lv\/container-shipping\/us-virgin-islands\/","title":{"rendered":"2023 J\u016bras kravu p\u0101rvad\u0101jumu ar konteineriem cenas uz ASV Vird\u017e\u012bnu sal\u0101m un no t\u0101m"},"content":{"rendered":"<div class=\"wp-block-image\">\n<figure class=\"aligncenter size-full\"><img loading=\"lazy\" decoding=\"async\" width=\"1000\" height=\"667\" src=\"https:\/\/moverdb.com\/wp-content\/uploads\/us-virgin-islands.jpg\" alt=\"Panor\u0101mas skats uz Kar\u012bbu j\u016bras salu Sent Tomasu, ASV Vird\u017e\u012bnu salas\" class=\"wp-image-5558\" srcset=\"https:\/\/moverdb.com\/wp-content\/uploads\/us-virgin-islands.jpg 1000w, https:\/\/moverdb.com\/wp-content\/uploads\/us-virgin-islands-300x200.jpg 300w, https:\/\/moverdb.com\/wp-content\/uploads\/us-virgin-islands-18x12.jpg 18w, https:\/\/moverdb.com\/wp-content\/uploads\/us-virgin-islands-600x400.jpg 600w\" sizes=\"auto, (max-width: 1000px) 100vw, 1000px\" \/><\/figure>\n<\/div>\n\n\n<p>Port\u0101ls<strong> <a href=\"https:\/\/moverdb.com\/lv\/moving-to-the-us-virgin-islands\/\" data-internallinksmanager029f6b8e52c=\"386\" title=\"P\u0101rcel\u0161an\u0101s uz ASV Vird\u017e\u012bnu sal\u0101m? 2023 Dz\u012bves d\u0101rdz\u012bba\">ASV Vird\u017e\u012bnu salas<\/a><\/strong> ir ide\u0101li piem\u0113rotas ikvienam, kur\u0161 var at\u013cauties doties ekskluz\u012bv\u0101 atp\u016bt\u0101 un dz\u012bvot sap\u0146u dz\u012bvi uz salas.<\/p>\n\n\n\n<p>\u0160aj\u0101 nelielaj\u0101 ASV teritorij\u0101 Kar\u012bbu j\u016bras re\u0123ion\u0101 ietilpst 53 salas, no kur\u0101m 4 ir galvenok\u0101rt apdz\u012bvotas (Sentkruisa, Sent Tomass, Sentd\u017eons un Votera sala).<\/p>\n\n\n\n<p>\u0160\u012b neliel\u0101 parad\u012bze ir lielisks risin\u0101jums tiem, kas v\u0113las baud\u012bt augst\u0101ku dz\u012bves l\u012bmeni, jo salas pied\u0101v\u0101 daudzas greznas naktsm\u012btnes un izklaides iesp\u0113jas.<\/p>\n\n\n\n<p>Tom\u0113r sadz\u012bves priek\u0161metu transport\u0113\u0161ana var sag\u0101d\u0101t zin\u0101mas gr\u016bt\u012bbas. Lai gan kru\u012bzerus bie\u017ei var redz\u0113t uz sal\u0101m. <a href=\"https:\/\/moverdb.com\/lv\/top-49-container-ports\/\" data-internallinksmanager029f6b8e52c=\"80\" title=\"49 liel\u0101kie un noslogot\u0101kie konteineru ostas 2025. gad\u0101\">ostas<\/a>, kravas laineri ir reta par\u0101d\u012bba.<\/p>\n\n\n\n<p>Jebkur\u0101 gad\u012bjum\u0101 ir vair\u0101kas iesp\u0113jas, kuras m\u0113s esam uzskait\u012bju\u0161i t\u0101l\u0101k tabul\u0101s. Izmantojiet ar\u012b m\u016bsu izcenojumu r\u012bku un aizpildiet savu inform\u0101ciju, lai sa\u0146emtu piel\u0101gotu pied\u0101v\u0101jumu.<\/p>\n\n\n\n<h2 class=\"wp-block-heading\">Konteineru p\u0101rvad\u0101jumu izmaksas uz ASV Vird\u017e\u012bnu salas (Sentkruisa)<\/h2>\n\n\n<div class=\"wp-block-image\">\n<figure class=\"aligncenter size-large\"><img loading=\"lazy\" decoding=\"async\" width=\"1024\" height=\"539\" src=\"https:\/\/moverdb.com\/wp-content\/uploads\/Shipping-Container-Costs-to-US-Virgin-Islands-1024x539.png\" alt=\"Konteineru p\u0101rvad\u0101jumu izmaksas uz ASV Vird\u017e\u012bnu salas (Sentkruisa)\" class=\"wp-image-5561\" srcset=\"https:\/\/moverdb.com\/wp-content\/uploads\/Shipping-Container-Costs-to-US-Virgin-Islands-1024x539.png 1024w, https:\/\/moverdb.com\/wp-content\/uploads\/Shipping-Container-Costs-to-US-Virgin-Islands-300x158.png 300w, https:\/\/moverdb.com\/wp-content\/uploads\/Shipping-Container-Costs-to-US-Virgin-Islands-1536x809.png 1536w, https:\/\/moverdb.com\/wp-content\/uploads\/Shipping-Container-Costs-to-US-Virgin-Islands-18x9.png 18w, https:\/\/moverdb.com\/wp-content\/uploads\/Shipping-Container-Costs-to-US-Virgin-Islands-600x316.png 600w, https:\/\/moverdb.com\/wp-content\/uploads\/Shipping-Container-Costs-to-US-Virgin-Islands.png 2000w\" sizes=\"auto, (max-width: 1024px) 100vw, 1024px\" \/><\/figure>\n<\/div>\n\n\n<table id=\"tablepress-231\" class=\"tablepress tablepress-id-231\">\n<thead>\n<tr class=\"row-1\">\n\t<th class=\"column-1\">Galam\u0113r\u0137a valsts (osta\/ pils\u0113ta)<\/th><th class=\"column-2\">20FT<\/th><th class=\"column-3\">40FT<\/th>\n<\/tr>\n<\/thead>\n<tbody class=\"row-striping row-hover\">\n<tr class=\"row-2\">\n\t<td class=\"column-1\"><a href=\"https:\/\/moverdb.com\/lv\/container-shipping\/andorra\/\" data-internallinksmanager029f6b8e52c=\"88\" title=\"2023 J\u016bras kravu p\u0101rvad\u0101jumu ar konteineriem cenas uz Andoru un no t\u0101s\">Andora (Andora la Vella)<\/a><\/td><td class=\"column-2\">$1,868<\/td><td class=\"column-3\">$3,171<\/td>\n<\/tr>\n<tr class=\"row-3\">\n\t<td class=\"column-1\"><a href=\"https:\/\/moverdb.com\/lv\/container-shipping\/australia\/\" data-internallinksmanager029f6b8e52c=\"89\" title=\"2026 Konteineru ku\u0123o\u0161anas cenas uz Austr\u0101liju un no t\u0101s\">Austr\u0101lija (Sidneja)<\/a><\/td><td class=\"column-2\">$12,406<\/td><td class=\"column-3\">NAV PIEM\u0112ROJAMS<\/td>\n<\/tr>\n<tr class=\"row-4\">\n\t<td class=\"column-1\"><a href=\"https:\/\/moverdb.com\/lv\/container-shipping\/austria\/\" data-internallinksmanager029f6b8e52c=\"95\" title=\"2023 J\u016bras kravu p\u0101rvad\u0101jumu ar konteineriem cenas uz Austriju un no t\u0101s\">Austrija (V\u012bne)<\/a><\/td><td class=\"column-2\">NAV PIEM\u0112ROJAMS<\/td><td class=\"column-3\">$3,739<\/td>\n<\/tr>\n<tr class=\"row-5\">\n\t<td class=\"column-1\"><a href=\"https:\/\/moverdb.com\/lv\/container-shipping\/bahrain\/\" data-internallinksmanager029f6b8e52c=\"96\" title=\"2023 J\u016bras kravu p\u0101rvad\u0101jumu konteineru p\u0101rvad\u0101jumu cenas uz Bahreinu un no t\u0101s\">Bahreina (Man\u0101ma)<\/a><\/td><td class=\"column-2\">NAV PIEM\u0112ROJAMS<\/td><td class=\"column-3\">$12,306<\/td>\n<\/tr>\n<tr class=\"row-6\">\n\t<td class=\"column-1\"><a href=\"https:\/\/moverdb.com\/lv\/container-shipping\/belize\/\" data-internallinksmanager029f6b8e52c=\"137\" title=\"2023 J\u016bras kravu p\u0101rvad\u0101jumu konteineru p\u0101rvad\u0101jumu cenas uz Belizu un no t\u0101s\">Beliza (Belizas pils\u0113ta)<\/a><\/td><td class=\"column-2\">$847<\/td><td class=\"column-3\">$872<\/td>\n<\/tr>\n<tr class=\"row-7\">\n\t<td class=\"column-1\"><a href=\"https:\/\/moverdb.com\/lv\/container-shipping\/brazil\/\" data-internallinksmanager029f6b8e52c=\"98\" title=\"2023 J\u016bras kravu p\u0101rvad\u0101jumu ar konteineriem cenas uz Braz\u012bliju un no t\u0101s\">Braz\u012blija (Santosa)<\/a><\/td><td class=\"column-2\">$3,937<\/td><td class=\"column-3\">$4,059<\/td>\n<\/tr>\n<tr class=\"row-8\">\n\t<td class=\"column-1\"><a href=\"https:\/\/moverdb.com\/lv\/container-shipping\/cambodia\/\" data-internallinksmanager029f6b8e52c=\"101\" title=\"2023 J\u016bras kravas konteineru p\u0101rvad\u0101jumu cenas uz Kambod\u017eu un no t\u0101s\">Kambod\u017ea (Sihanukvila)<\/a><\/td><td class=\"column-2\">$7,007<\/td><td class=\"column-3\">$7,362<\/td>\n<\/tr>\n<tr class=\"row-9\">\n\t<td class=\"column-1\"><a href=\"https:\/\/moverdb.com\/lv\/container-shipping\/canada\/\" data-internallinksmanager029f6b8e52c=\"102\" title=\"2023 J\u016bras kravu p\u0101rvad\u0101jumu konteineru p\u0101rvad\u0101jumu cenas uz Kan\u0101du un no t\u0101s\">Kan\u0101da (Toronto)<\/a><\/td><td class=\"column-2\">$2,024<\/td><td class=\"column-3\">$2,814<\/td>\n<\/tr>\n<tr class=\"row-10\">\n\t<td class=\"column-1\"><a href=\"https:\/\/moverdb.com\/lv\/container-shipping\/china\/\" data-internallinksmanager029f6b8e52c=\"105\" title=\"2023 J\u016bras kravu p\u0101rvad\u0101jumu konteineru p\u0101rvad\u0101jumu cenas uz \u0136\u012bnu un no t\u0101s\">\u0136\u012bna (Pekina)<\/a><\/td><td class=\"column-2\">$6,158<\/td><td class=\"column-3\">$6,221<\/td>\n<\/tr>\n<tr class=\"row-11\">\n\t<td class=\"column-1\">\u0136\u012bna (\u0160anhaja)<\/td><td class=\"column-2\">$5,110<\/td><td class=\"column-3\">$5,408<\/td>\n<\/tr>\n<tr class=\"row-12\">\n\t<td class=\"column-1\"><a href=\"https:\/\/moverdb.com\/lv\/container-shipping\/colombia\/\" data-internallinksmanager029f6b8e52c=\"106\" title=\"2023 J\u016bras kravu p\u0101rvad\u0101jumu konteineru p\u0101rvad\u0101jumu cenas uz Kolumbiju un no t\u0101s\">Kolumbija (Barrankilja)<\/a><\/td><td class=\"column-2\">$704<\/td><td class=\"column-3\">$1,218<\/td>\n<\/tr>\n<tr class=\"row-13\">\n\t<td class=\"column-1\"><a href=\"https:\/\/moverdb.com\/lv\/container-shipping\/costa-rica\/\" data-internallinksmanager029f6b8e52c=\"138\" title=\"2023 J\u016bras kravu p\u0101rvad\u0101jumu ar konteineriem cenas uz Kostariku un no t\u0101s\">Kostarika (Limona)<\/a><\/td><td class=\"column-2\">$758<\/td><td class=\"column-3\">$8,660<\/td>\n<\/tr>\n<tr class=\"row-14\">\n\t<td class=\"column-1\"><a href=\"https:\/\/moverdb.com\/lv\/container-shipping\/croatia\/\" data-internallinksmanager029f6b8e52c=\"107\" title=\"2023 J\u016bras kravu p\u0101rvad\u0101jumu ar konteineriem cenas uz Horv\u0101tiju un no t\u0101s\">Horv\u0101tija (Rijeka)<\/a><\/td><td class=\"column-2\">$2,079<\/td><td class=\"column-3\">$2,709<\/td>\n<\/tr>\n<tr class=\"row-15\">\n\t<td class=\"column-1\"><a href=\"https:\/\/moverdb.com\/lv\/container-shipping\/dominican-republic\/\" data-internallinksmanager029f6b8e52c=\"112\" title=\"2023 J\u016bras kravu p\u0101rvad\u0101jumu ar konteineriem cenas uz Dominik\u0101nas Republiku un no t\u0101s\">Dominik\u0101nas Republika (Santo Domingo)<\/a><\/td><td class=\"column-2\">$1,023<\/td><td class=\"column-3\">$1,271<\/td>\n<\/tr>\n<tr class=\"row-16\">\n\t<td class=\"column-1\"><a href=\"https:\/\/moverdb.com\/lv\/container-shipping\/germany\/\" data-internallinksmanager029f6b8e52c=\"118\" title=\"2023 J\u016bras kravu p\u0101rvad\u0101jumu konteineru p\u0101rvad\u0101jumu tarifi uz V\u0101ciju un no t\u0101s\">V\u0101cija (Hamburga)<\/a><\/td><td class=\"column-2\">$1,958<\/td><td class=\"column-3\">$2,583<\/td>\n<\/tr>\n<tr class=\"row-17\">\n\t<td class=\"column-1\"><a href=\"https:\/\/moverdb.com\/lv\/container-shipping\/greece\/\" data-internallinksmanager029f6b8e52c=\"120\" title=\"2023 J\u016bras kravu p\u0101rvad\u0101jumu ar konteineriem cenas uz Grie\u0137iju un no t\u0101s\">Grie\u0137ija (Pireja)<\/a><\/td><td class=\"column-2\">$1,771<\/td><td class=\"column-3\">$2,436<\/td>\n<\/tr>\n<tr class=\"row-18\">\n\t<td class=\"column-1\"><a href=\"https:\/\/moverdb.com\/lv\/container-shipping\/guatemala\/\" data-internallinksmanager029f6b8e52c=\"139\" title=\"2023 J\u016bras kravu p\u0101rvad\u0101jumu konteineru p\u0101rvad\u0101jumu cenas uz Gvatemalu un no t\u0101s\">Gvatemala (Gvatemalas pils\u0113ta)<\/a><\/td><td class=\"column-2\">$737<\/td><td class=\"column-3\">$851<\/td>\n<\/tr>\n<tr class=\"row-19\">\n\t<td class=\"column-1\"><a href=\"https:\/\/moverdb.com\/lv\/container-shipping\/guernsey\/\" data-internallinksmanager029f6b8e52c=\"121\" title=\"2023 J\u016bras kravu p\u0101rvad\u0101jumu ar konteineriem cenas uz G\u0113rnsiju un no t\u0101s\">G\u0113rnsija (Sentp\u012btersija)<\/a><\/td><td class=\"column-2\">$2,233<\/td><td class=\"column-3\">$3,182<\/td>\n<\/tr>\n<tr class=\"row-20\">\n\t<td class=\"column-1\"><a href=\"https:\/\/moverdb.com\/lv\/container-shipping\/haiti\/\" data-internallinksmanager029f6b8e52c=\"122\" title=\"2023 J\u016bras kravu p\u0101rvad\u0101jumu ar konteineriem cenas uz Haiti un no Haiti\">Haiti (Portoprensa)<\/a><\/td><td class=\"column-2\">$1,023<\/td><td class=\"column-3\">$1,271<\/td>\n<\/tr>\n<tr class=\"row-21\">\n\t<td class=\"column-1\"><a href=\"https:\/\/moverdb.com\/lv\/container-shipping\/hong-kong\/\" data-internallinksmanager029f6b8e52c=\"123\" title=\"2023 J\u016bras kravu p\u0101rvad\u0101jumu konteineru p\u0101rvad\u0101jumu cenas uz Honkongu un no t\u0101s\">Honkonga (Honkonga)<\/a><\/td><td class=\"column-2\">$12,708<\/td><td class=\"column-3\">$12,615<\/td>\n<\/tr>\n<tr class=\"row-22\">\n\t<td class=\"column-1\"><a href=\"https:\/\/moverdb.com\/lv\/container-shipping\/india\/\" data-internallinksmanager029f6b8e52c=\"125\" title=\"2023 J\u016bras kravu p\u0101rvad\u0101jumu konteineru p\u0101rvad\u0101jumu cenas uz Indiju un no Indijas\">Indija (Mumbai)<\/a><\/td><td class=\"column-2\">$12,447<\/td><td class=\"column-3\">$11,881<\/td>\n<\/tr>\n<tr class=\"row-23\">\n\t<td class=\"column-1\"><a href=\"https:\/\/moverdb.com\/lv\/container-shipping\/indonesia\/\" data-internallinksmanager029f6b8e52c=\"126\" title=\"2023 J\u016bras kravu p\u0101rvad\u0101jumu konteineru p\u0101rvad\u0101jumu cenas uz Indon\u0113ziju un no t\u0101s\">Indon\u0113zija (D\u017eakarta)<\/a><\/td><td class=\"column-2\">$4,433<\/td><td class=\"column-3\">$4,232<\/td>\n<\/tr>\n<tr class=\"row-24\">\n\t<td class=\"column-1\"><a href=\"https:\/\/moverdb.com\/lv\/container-shipping\/ireland\/\" data-internallinksmanager029f6b8e52c=\"127\" title=\"2023 J\u016bras kravu p\u0101rvad\u0101jumu ar konteineriem cenas uz \u012ariju un no t\u0101s\">\u012arija (Dublina)<\/a><\/td><td class=\"column-2\">$1,705<\/td><td class=\"column-3\">$2,310<\/td>\n<\/tr>\n<tr class=\"row-25\">\n\t<td class=\"column-1\"><a href=\"https:\/\/moverdb.com\/lv\/container-shipping\/isle-of-man\/\" data-internallinksmanager029f6b8e52c=\"128\" title=\"2023 J\u016bras kravu p\u0101rvad\u0101jumu ar konteineriem cenas uz Menas salu un no t\u0101s\">Menas sala (Douglas)<\/a><\/td><td class=\"column-2\">$1,705<\/td><td class=\"column-3\">$2,310<\/td>\n<\/tr>\n<tr class=\"row-26\">\n\t<td class=\"column-1\"><a href=\"https:\/\/moverdb.com\/lv\/container-shipping\/italy\/\" data-internallinksmanager029f6b8e52c=\"130\" title=\"2023 J\u016bras kravu p\u0101rvad\u0101jumu ar konteineriem cenas uz It\u0101liju un no t\u0101s\">It\u0101lija (Trieste)<\/a><\/td><td class=\"column-2\">$2,079<\/td><td class=\"column-3\">$2,709<\/td>\n<\/tr>\n<tr class=\"row-27\">\n\t<td class=\"column-1\"><a href=\"https:\/\/moverdb.com\/lv\/container-shipping\/jersey\/\" data-internallinksmanager029f6b8e52c=\"132\" title=\"2023 J\u016bras kravu p\u0101rvad\u0101jumu ar konteineriem cenas uz D\u017eersiju un no t\u0101s\">D\u017eersija (Sent Helj\u0113ra)<\/a><\/td><td class=\"column-2\">$2,233<\/td><td class=\"column-3\">$3,182<\/td>\n<\/tr>\n<tr class=\"row-28\">\n\t<td class=\"column-1\"><a href=\"https:\/\/moverdb.com\/lv\/container-shipping\/jordan\/\" data-internallinksmanager029f6b8e52c=\"133\" title=\"2023 J\u016bras kravu p\u0101rvad\u0101jumu konteineru p\u0101rvad\u0101jumu cenas uz Jord\u0101niju un no t\u0101s\">Jord\u0101nija (Akaba)<\/a><\/td><td class=\"column-2\">$1,810<\/td><td class=\"column-3\">$2,528<\/td>\n<\/tr>\n<tr class=\"row-29\">\n\t<td class=\"column-1\"><a href=\"https:\/\/moverdb.com\/lv\/container-shipping\/latvia\/\" data-internallinksmanager029f6b8e52c=\"136\" title=\"2023 J\u016bras konteineru p\u0101rvad\u0101jumu cenas uz un no Latvijas\">Latvija (R\u012bga)<\/a><\/td><td class=\"column-2\">$2,233<\/td><td class=\"column-3\">$3,273<\/td>\n<\/tr>\n<tr class=\"row-30\">\n\t<td class=\"column-1\"><a href=\"https:\/\/moverdb.com\/lv\/container-shipping\/lithuania\/\" data-internallinksmanager029f6b8e52c=\"145\" title=\"2023 J\u016bras kravu p\u0101rvad\u0101jumu ar konteineriem cenas uz Lietuvu un no t\u0101s\">Lietuva (Klaip\u0113da)<\/a><\/td><td class=\"column-2\">$2,233<\/td><td class=\"column-3\">$3,273<\/td>\n<\/tr>\n<tr class=\"row-31\">\n\t<td class=\"column-1\"><a href=\"https:\/\/moverdb.com\/lv\/moving-to-luxembourg\/\" data-internallinksmanager029f6b8e52c=\"349\" title=\"P\u0101rcel\u0161an\u0101s uz Luksemburgu? 2023 Dz\u012bves izmaksas un p\u0101rcel\u0161an\u0101s padomi\">Luksemburga<\/a><\/td><td class=\"column-2\">$1,813<\/td><td class=\"column-3\">$2,616<\/td>\n<\/tr>\n<tr class=\"row-32\">\n\t<td class=\"column-1\">ASV (<a href=\"https:\/\/moverdb.com\/lv\/moving-to-los-angeles\/\" data-internallinksmanager029f6b8e52c=\"51\" title=\"P\u0101rce\u013caties uz Losand\u017eelosu? 2026 Dz\u012bves izmaksas Losand\u017eelos\u0101 un p\u0101rcel\u0161an\u0101s padomi\">Losand\u017eelosa<\/a>)<\/td><td class=\"column-2\">$912<\/td><td class=\"column-3\">$1,309<\/td>\n<\/tr>\n<tr class=\"row-33\">\n\t<td class=\"column-1\"><a href=\"https:\/\/moverdb.com\/lv\/container-shipping\/united-states\/\" data-internallinksmanager029f6b8e52c=\"87\" title=\"2023 J\u016bras kravu p\u0101rvad\u0101jumu konteineru p\u0101rvad\u0101jumu cenas uz ASV un no ASV\">ASV (\u0145ujorka)<\/a><\/td><td class=\"column-2\">$1,636<\/td><td class=\"column-3\">$2,038<\/td>\n<\/tr>\n<\/tbody>\n<\/table>\n<!-- #tablepress-231 from cache -->\n\n\n\n<h2 class=\"wp-block-heading\">Konteineru p\u0101rvad\u0101jumu izmaksas no ASV Vird\u017e\u012bnu sal\u0101m (Sentkruisa)<\/h2>\n\n\n<div class=\"wp-block-image\">\n<figure class=\"aligncenter size-large\"><img loading=\"lazy\" decoding=\"async\" width=\"1024\" height=\"539\" src=\"https:\/\/moverdb.com\/wp-content\/uploads\/Shipping-Container-Costs-from-US-Virgin-Islands-1024x539.png\" alt=\"Konteineru p\u0101rvad\u0101jumu izmaksas no ASV Vird\u017e\u012bnu sal\u0101m (Sentkruisa)\" class=\"wp-image-5559\" srcset=\"https:\/\/moverdb.com\/wp-content\/uploads\/Shipping-Container-Costs-from-US-Virgin-Islands-1024x539.png 1024w, https:\/\/moverdb.com\/wp-content\/uploads\/Shipping-Container-Costs-from-US-Virgin-Islands-300x158.png 300w, https:\/\/moverdb.com\/wp-content\/uploads\/Shipping-Container-Costs-from-US-Virgin-Islands-1536x809.png 1536w, https:\/\/moverdb.com\/wp-content\/uploads\/Shipping-Container-Costs-from-US-Virgin-Islands-18x9.png 18w, https:\/\/moverdb.com\/wp-content\/uploads\/Shipping-Container-Costs-from-US-Virgin-Islands-600x316.png 600w, https:\/\/moverdb.com\/wp-content\/uploads\/Shipping-Container-Costs-from-US-Virgin-Islands.png 2000w\" sizes=\"auto, (max-width: 1024px) 100vw, 1024px\" \/><\/figure>\n<\/div>\n\n\n<table id=\"tablepress-232\" class=\"tablepress tablepress-id-232\">\n<thead>\n<tr class=\"row-1\">\n\t<th class=\"column-1\">Galam\u0113r\u0137a valsts (osta\/ pils\u0113ta)<\/th><th class=\"column-2\">20FT<\/th><th class=\"column-3\">40FT<\/th>\n<\/tr>\n<\/thead>\n<tbody class=\"row-striping row-hover\">\n<tr class=\"row-2\">\n\t<td class=\"column-1\">Andora (Andora la Vella)<\/td><td class=\"column-2\">NAV PIEM\u0112ROJAMS<\/td><td class=\"column-3\">$355<\/td>\n<\/tr>\n<tr class=\"row-3\">\n\t<td class=\"column-1\"><a href=\"https:\/\/moverdb.com\/lv\/container-shipping\/antigua-and-barbuda\/\" data-internallinksmanager029f6b8e52c=\"92\" title=\"2023 J\u016bras konteineru p\u0101rvad\u0101jumu cenas uz Antigvu un Barbudu un no t\u0101s\">Antigva un Barbuda (Sentd\u017eons)<\/a><\/td><td class=\"column-2\">$600<\/td><td class=\"column-3\">$801<\/td>\n<\/tr>\n<tr class=\"row-4\">\n\t<td class=\"column-1\">Austr\u0101lija (Sidneja)<\/td><td class=\"column-2\">NAV PIEM\u0112ROJAMS<\/td><td class=\"column-3\">$2,845<\/td>\n<\/tr>\n<tr class=\"row-5\">\n\t<td class=\"column-1\">Beliza (Belizas pils\u0113ta)<\/td><td class=\"column-2\">$1,573<\/td><td class=\"column-3\">$2,993<\/td>\n<\/tr>\n<tr class=\"row-6\">\n\t<td class=\"column-1\">Kan\u0101da (Toronto)<\/td><td class=\"column-2\">$1,903<\/td><td class=\"column-3\">$2,468<\/td>\n<\/tr>\n<tr class=\"row-7\">\n\t<td class=\"column-1\">\u0136\u012bna (\u0160anhaja)<\/td><td class=\"column-2\">$1,012<\/td><td class=\"column-3\">$1,344<\/td>\n<\/tr>\n<tr class=\"row-8\">\n\t<td class=\"column-1\">Kolumbija (Barrankilja)<\/td><td class=\"column-2\">$781<\/td><td class=\"column-3\">$1,155<\/td>\n<\/tr>\n<tr class=\"row-9\">\n\t<td class=\"column-1\">Dominik\u0101nas Republika (Santo Domingo)<\/td><td class=\"column-2\">$891<\/td><td class=\"column-3\">$1,176<\/td>\n<\/tr>\n<tr class=\"row-10\">\n\t<td class=\"column-1\"><a href=\"https:\/\/moverdb.com\/lv\/container-shipping\/estonia\/\" data-internallinksmanager029f6b8e52c=\"114\" title=\"2023 J\u016bras kravu p\u0101rvad\u0101jumu ar konteineriem cenas uz Igauniju un no t\u0101s\">Igaunija (Tallina)<\/a><\/td><td class=\"column-2\">$1,727<\/td><td class=\"column-3\">$2,300<\/td>\n<\/tr>\n<tr class=\"row-11\">\n\t<td class=\"column-1\"><a href=\"https:\/\/moverdb.com\/lv\/container-shipping\/finland\/\" data-internallinksmanager029f6b8e52c=\"115\" title=\"2023 J\u016bras kravu p\u0101rvad\u0101jumu ar konteineriem cenas uz Somiju un no Somijas\">Somija (Helsinki)<\/a><\/td><td class=\"column-2\">$1,727<\/td><td class=\"column-3\">$2,300<\/td>\n<\/tr>\n<tr class=\"row-12\">\n\t<td class=\"column-1\">Haiti (Portoprensa)<\/td><td class=\"column-2\">$891<\/td><td class=\"column-3\">$1,176<\/td>\n<\/tr>\n<tr class=\"row-13\">\n\t<td class=\"column-1\">Indija (Mumbai)<\/td><td class=\"column-2\">$1,587<\/td><td class=\"column-3\">$1,910<\/td>\n<\/tr>\n<tr class=\"row-14\">\n\t<td class=\"column-1\">Latvija (R\u012bga)<\/td><td class=\"column-2\">$1,837<\/td><td class=\"column-3\">$2,582<\/td>\n<\/tr>\n<tr class=\"row-15\">\n\t<td class=\"column-1\">Lietuva (Klaip\u0113da)<\/td><td class=\"column-2\">$1,837<\/td><td class=\"column-3\">$2,582<\/td>\n<\/tr>\n<tr class=\"row-16\">\n\t<td class=\"column-1\">Luksemburga<\/td><td class=\"column-2\">$985<\/td><td class=\"column-3\">$1,313<\/td>\n<\/tr>\n<tr class=\"row-17\">\n\t<td class=\"column-1\">ASV (\u0145ujorka)<\/td><td class=\"column-2\">$1,297<\/td><td class=\"column-3\">$1,383<\/td>\n<\/tr>\n<\/tbody>\n<\/table>\n<!-- #tablepress-232 from cache -->\n\n\n\n<h3 class=\"wp-block-heading\">Piez\u012bmes par datiem:<\/h3>\n\n\n\n<ul class=\"wp-block-list\">\n<li>Visi $ skait\u013ci izteikti ASV dol\u0101ros (USD);<\/li>\n\n\n\n<li>Tarifi ir prec\u012bzi 2022. gada s\u0101kum\u0101;<\/li>\n\n\n\n<li>\u0160aj\u0101 rakst\u0101 iek\u013caut\u0101s kartes tika izveidotas, izmantojot <a href=\"https:\/\/www.mapchart.net\" target=\"_blank\" rel=\"noreferrer noopener\">https:\/\/www.mapchart.net<\/a>. Kartes varat kop\u012bgot, ja vien nor\u0101d\u0101t saiti uz \u0161o vietni. <a href=\"https:\/\/moverdb.com\/lv\/\" target=\"_blank\" rel=\"noreferrer noopener\">MoverDB<\/a>;<\/li>\n\n\n\n<li>Iepriek\u0161 nor\u0101d\u012bt\u0101s likmes ir tikai aptuvenas un kop\u0161 \u0161\u012b raksta public\u0113\u0161anas (2022. gada apr\u012bl\u012b) var b\u016bt main\u012bju\u0161\u0101s. To pamat\u0101 ir zem\u0101k\u0101 apl\u0113st\u0101 likme, kas ieg\u016bta no <a href=\"https:\/\/www.searates.com\" target=\"_blank\" rel=\"noreferrer noopener\">https:\/\/www.searates.com<\/a> vai <a href=\"https:\/\/www.gocomet.com\/freight-shipping-rates-index-calculator\" target=\"_blank\" rel=\"noreferrer noopener\">https:\/\/www.gocomet.com<\/a>;<\/li>\n\n\n\n<li>Lai ieg\u016btu prec\u012bz\u0101ku priek\u0161statu par izmaks\u0101m, l\u016bdzu, izmantojiet cenu pied\u0101v\u0101juma veidlapu \u0161\u012bs lapas aug\u0161pus\u0113;<\/li>\n\n\n\n<li>Skatiet ar\u012b m\u016bsu ce\u013cvedi par <a href=\"https:\/\/moverdb.com\/lv\/konteineru-parvadajumi\/\" target=\"_blank\" rel=\"noreferrer noopener\">starptautiskie konteineru p\u0101rvad\u0101jumi<\/a>.<\/li>\n<\/ul>","protected":false},"excerpt":{"rendered":"<p>The US Virgin Islands are perfect for everyone who can afford to retreat to an exclusive getaway spot and live the dream island life. This tiny US territory in the Caribbean comprises 53 islands of which 4 are mainly inhabited (Saint Croix, Saint Thomas, Saint John, and Water island). This tiny paradise is a premium [&hellip;]<\/p>\n","protected":false},"author":2,"featured_media":5558,"parent":44,"menu_order":0,"comment_status":"closed","ping_status":"closed","template":"","meta":{"_genesis_hide_title":false,"_genesis_hide_breadcrumbs":false,"_genesis_hide_singular_image":false,"_genesis_hide_footer_widgets":false,"_genesis_custom_body_class":"","_genesis_custom_post_class":"","_genesis_layout":"","footnotes":""},"class_list":{"0":"post-5575","1":"page","2":"type-page","3":"status-publish","4":"has-post-thumbnail","6":"entry"},"_links":{"self":[{"href":"https:\/\/moverdb.com\/lv\/wp-json\/wp\/v2\/pages\/5575","targetHints":{"allow":["GET"]}}],"collection":[{"href":"https:\/\/moverdb.com\/lv\/wp-json\/wp\/v2\/pages"}],"about":[{"href":"https:\/\/moverdb.com\/lv\/wp-json\/wp\/v2\/types\/page"}],"author":[{"embeddable":true,"href":"https:\/\/moverdb.com\/lv\/wp-json\/wp\/v2\/users\/2"}],"replies":[{"embeddable":true,"href":"https:\/\/moverdb.com\/lv\/wp-json\/wp\/v2\/comments?post=5575"}],"version-history":[{"count":1,"href":"https:\/\/moverdb.com\/lv\/wp-json\/wp\/v2\/pages\/5575\/revisions"}],"predecessor-version":[{"id":5576,"href":"https:\/\/moverdb.com\/lv\/wp-json\/wp\/v2\/pages\/5575\/revisions\/5576"}],"up":[{"embeddable":true,"href":"https:\/\/moverdb.com\/lv\/wp-json\/wp\/v2\/pages\/44"}],"wp:featuredmedia":[{"embeddable":true,"href":"https:\/\/moverdb.com\/lv\/wp-json\/wp\/v2\/media\/5558"}],"wp:attachment":[{"href":"https:\/\/moverdb.com\/lv\/wp-json\/wp\/v2\/media?parent=5575"}],"curies":[{"name":"wp","href":"https:\/\/api.w.org\/{rel}","templated":true}]}}