{"id":5527,"date":"2023-02-01T13:45:10","date_gmt":"2023-02-01T13:45:10","guid":{"rendered":"https:\/\/moverdb.com\/?page_id=5527"},"modified":"2026-01-08T15:29:15","modified_gmt":"2026-01-08T15:29:15","slug":"chile-moving-companies","status":"publish","type":"page","link":"https:\/\/moverdb.com\/lv\/moving-companies\/chile-moving-companies\/","title":{"rendered":"6 Lab\u0101kie starptautisk\u0101s p\u0101rcel\u0161an\u0101s uz\u0146\u0113mumi \u010c\u012bl\u0113"},"content":{"rendered":"<p>P\u0101rcel\u0161an\u0101s var b\u016bt saspringts un stresa pilns laiks, jo \u012bpa\u0161i, ja p\u0101rce\u013caties uz lieliem att\u0101lumiem vai uz citu valsti. \u0160aj\u0101 gad\u012bjum\u0101 <a href=\"https:\/\/moverdb.com\/lv\/moving-companies\/\" data-internallinksmanager029f6b8e52c=\"79\" title=\"Top 25 Starptautiskie p\u0101rcel\u0161an\u0101s uz\u0146\u0113mumi tie\u0161saist\u0113\">P\u0101rvieto\u0161an\u0101s uz\u0146\u0113mums<\/a> var pal\u012bdz\u0113t mazin\u0101t stresu, uz\u0146emoties da\u013cu darba slodzes. Zem\u0101k m\u0113s esam apkopoju\u0161i \u010c\u012bles sarakstu. <a href=\"https:\/\/moverdb.com\/lv\/international-removals\/\" data-internallinksmanager029f6b8e52c=\"27\" title=\"36 Lab\u0101kie starptautisko p\u0101rvad\u0101jumu uz\u0146\u0113mumi Apvienotaj\u0101 Karalist\u0113\">p\u0101rv\u0101k\u0161an\u0101s uz\u0146\u0113mumi<\/a> kas ir <a href=\"https:\/\/moverdb.com\/lv\/iam\/\" data-internallinksmanager029f6b8e52c=\"23\" title=\"Starptautisk\u0101s P\u0101rv\u0101c\u0113ju asoci\u0101cijas (IAM) skaidrojumi\">Starptautisk\u0101 P\u0101rv\u0101c\u0113ju asoci\u0101cija<\/a> (IAM) un\/vai <a href=\"https:\/\/moverdb.com\/lv\/fidi-faim\/\" data-internallinksmanager029f6b8e52c=\"16\" title=\"FIDI un FAIM (FIDI akredit\u0113tais starptautiskais p\u0101rvietot\u0101js) skaidrojums\">FIDI<\/a> Akredit\u0113ti starptautiskie p\u0101rv\u0101k\u0161an\u0101s pakalpojumi (FAIM), kas var\u0113tu pal\u012bdz\u0113t jums p\u0101rcelties.<\/p>\n<div id=\"ez-toc-container\" class=\"ez-toc-v2_0_83 ez-toc-wrap-left counter-hierarchy ez-toc-counter ez-toc-transparent ez-toc-container-direction\">\n<div class=\"ez-toc-title-container\">\n<p class=\"ez-toc-title\" style=\"cursor:inherit\">Sada\u013cas<\/p>\n<span class=\"ez-toc-title-toggle\"><a href=\"#\" class=\"ez-toc-pull-right ez-toc-btn ez-toc-btn-xs ez-toc-btn-default ez-toc-toggle\" aria-label=\"P\u0101rsl\u0113gt satura tabulu\"><span class=\"ez-toc-js-icon-con\"><span class=\"\"><span class=\"eztoc-hide\" style=\"display:none;\">P\u0101rsl\u0113gt<\/span><span class=\"ez-toc-icon-toggle-span\"><svg style=\"fill: #999;color:#999\" xmlns=\"http:\/\/www.w3.org\/2000\/svg\" class=\"list-377408\" width=\"20px\" height=\"20px\" viewbox=\"0 0 24 24\" fill=\"none\"><path d=\"M6 6H4v2h2V6zm14 0H8v2h12V6zM4 11h2v2H4v-2zm16 0H8v2h12v-2zM4 16h2v2H4v-2zm16 0H8v2h12v-2z\" fill=\"currentColor\"><\/path><\/svg><svg style=\"fill: #999;color:#999\" class=\"arrow-unsorted-368013\" xmlns=\"http:\/\/www.w3.org\/2000\/svg\" width=\"10px\" height=\"10px\" viewbox=\"0 0 24 24\" version=\"1.2\" baseprofile=\"tiny\"><path d=\"M18.2 9.3l-6.2-6.3-6.2 6.3c-.2.2-.3.4-.3.7s.1.5.3.7c.2.2.4.3.7.3h11c.3 0 .5-.1.7-.3.2-.2.3-.5.3-.7s-.1-.5-.3-.7zM5.8 14.7l6.2 6.3 6.2-6.3c.2-.2.3-.5.3-.7s-.1-.5-.3-.7c-.2-.2-.4-.3-.7-.3h-11c-.3 0-.5.1-.7.3-.2.2-.3.5-.3.7s.1.5.3.7z\"\/><\/svg><\/span><\/span><\/span><\/a><\/span><\/div>\n<nav><ul class='ez-toc-list ez-toc-list-level-1 eztoc-toggle-hide-by-default' ><li class='ez-toc-page-1 ez-toc-heading-level-2'><a class=\"ez-toc-link ez-toc-heading-1\" href=\"https:\/\/moverdb.com\/lv\/moving-companies\/chile-moving-companies\/#1_Unipack\" >1. Unipack<\/a><\/li><li class='ez-toc-page-1 ez-toc-heading-level-2'><a class=\"ez-toc-link ez-toc-heading-2\" href=\"https:\/\/moverdb.com\/lv\/moving-companies\/chile-moving-companies\/#2_Atlas_International_Movers\" >2. Atlas International Movers<\/a><\/li><li class='ez-toc-page-1 ez-toc-heading-level-2'><a class=\"ez-toc-link ez-toc-heading-3\" href=\"https:\/\/moverdb.com\/lv\/moving-companies\/chile-moving-companies\/#3_Decapack\" >3. Atv\u0101kojums no iepakojuma<\/a><\/li><li class='ez-toc-page-1 ez-toc-heading-level-2'><a class=\"ez-toc-link ez-toc-heading-4\" href=\"https:\/\/moverdb.com\/lv\/moving-companies\/chile-moving-companies\/#4_Global_Alliance_International\" >4. Global Alliance International<\/a><\/li><li class='ez-toc-page-1 ez-toc-heading-level-2'><a class=\"ez-toc-link ez-toc-heading-5\" href=\"https:\/\/moverdb.com\/lv\/moving-companies\/chile-moving-companies\/#5_REMSSA\" >5. REMSSA<\/a><\/li><li class='ez-toc-page-1 ez-toc-heading-level-2'><a class=\"ez-toc-link ez-toc-heading-6\" href=\"https:\/\/moverdb.com\/lv\/moving-companies\/chile-moving-companies\/#6_Ward_Van_Lines\" >6. Ward Van Lines<\/a><\/li><li class='ez-toc-page-1 ez-toc-heading-level-2'><a class=\"ez-toc-link ez-toc-heading-7\" href=\"https:\/\/moverdb.com\/lv\/moving-companies\/chile-moving-companies\/#Other_Useful_Guides_to_Chile\" >Citi noder\u012bgi ce\u013cve\u017ei uz \u010c\u012bli<\/a><\/li><\/ul><\/nav><\/div>\n<h2><span class=\"ez-toc-section\" id=\"1_Unipack\"><\/span><strong>1. Unipack<\/strong><span class=\"ez-toc-section-end\"><\/span><\/h2>\n<p><img loading=\"lazy\" decoding=\"async\" class=\"alignnone size-full wp-image-5496\" src=\"https:\/\/moverdb.com\/wp-content\/uploads\/Unipack-international-moving-company.png\" alt=\"Unipack starptautiskais p\u0101rvieto\u0161an\u0101s uz\u0146\u0113mums\" width=\"1440\" height=\"683\" data-wp-pid=\"5496\" srcset=\"https:\/\/moverdb.com\/wp-content\/uploads\/Unipack-international-moving-company.png 1440w, https:\/\/moverdb.com\/wp-content\/uploads\/Unipack-international-moving-company-300x142.png 300w, https:\/\/moverdb.com\/wp-content\/uploads\/Unipack-international-moving-company-1024x486.png 1024w, https:\/\/moverdb.com\/wp-content\/uploads\/Unipack-international-moving-company-18x9.png 18w, https:\/\/moverdb.com\/wp-content\/uploads\/Unipack-international-moving-company-600x285.png 600w\" sizes=\"auto, (max-width: 1440px) 100vw, 1440px\" \/><\/p>\n<ul>\n<li>Valsts p\u0101rcel\u0161an\u0101s<\/li>\n<li>Starptautiskie p\u0101rvadi<\/li>\n<li>M\u0101jsaimniec\u012bbas p\u0101rv\u0101k\u0161an\u0101s<\/li>\n<li>P\u0101rbaude m\u0101j\u0101s<\/li>\n<li>Iepako\u0161anas un izpako\u0161anas pakalpojums<\/li>\n<li>M\u0113be\u013cu demont\u0101\u017ea un mont\u0101\u017ea<\/li>\n<li>Sauszemes, j\u016bras un gaisa transports<\/li>\n<li>Dokument\u0101cijas atbalsts<\/li>\n<li>M\u0101jdz\u012bvnieku p\u0101rvad\u0101\u0161ana<\/li>\n<li>\u012astermi\u0146a l\u012bdz ilgtermi\u0146a uzglab\u0101\u0161ana<\/li>\n<\/ul>\n<p>Unipack ir nacion\u0101ls un starptautisks p\u0101rcel\u0161an\u0101s pakalpojums, kas tika dibin\u0101ts 1993. gad\u0101 Santjago. Uz\u0146\u0113mumam ir a\u0123entu t\u012bkls vis\u0101 pasaul\u0113, kas pal\u012bdz veikt starptautisk\u0101s p\u0101rcel\u0161an\u0101s 5 kontinentos. Uz\u0146\u0113mums ir IAM biedrs ar 29 gadu darba st\u0101\u017eu un ir akredit\u0113ts FIDI.<\/p>\n<p>Unipack izmanto jaun\u0101k\u0101s iepako\u0161anas un transport\u0113\u0161anas metodes, k\u0101 ar\u012b materi\u0101lus, lai nodro\u0161in\u0101tu klientiem dro\u0161u p\u0101rvieto\u0161anos. P\u0101rv\u0101k\u0161anas process s\u0101kas ar m\u0101jas apskati un dokumentu apsprie\u0161anu. Vi\u0146i iepako, izjauc m\u0113beles un organiz\u0113 transport\u0113\u0161anu pa autoce\u013ciem, gaisu un j\u016bru, p\u0113c tam izpako un samont\u0113 m\u0113beles galam\u0113r\u0137\u012b. Vi\u0146i pal\u012bdz\u0113s jums ar dokument\u0101ciju, tostarp muito\u0161anu.<\/p>\n<p>T\u012bmek\u013ca vietne: <a href=\"http:\/\/www.unipack.cl\" target=\"_blank\" rel=\"noopener\">http:\/\/www.unipack.cl<\/a><\/p>\n<h2><span class=\"ez-toc-section\" id=\"2_Atlas_International_Movers\"><\/span><strong>2. Atlas International Movers<\/strong><span class=\"ez-toc-section-end\"><\/span><\/h2>\n<p><img loading=\"lazy\" decoding=\"async\" class=\"alignnone size-full wp-image-5415\" src=\"https:\/\/moverdb.com\/wp-content\/uploads\/Atlas-International-Movers-moving-company.png\" alt=\"Atlas International Movers p\u0101rvietojas uz\u0146\u0113mums\" width=\"1440\" height=\"682\" data-wp-pid=\"5415\" srcset=\"https:\/\/moverdb.com\/wp-content\/uploads\/Atlas-International-Movers-moving-company.png 1440w, https:\/\/moverdb.com\/wp-content\/uploads\/Atlas-International-Movers-moving-company-300x142.png 300w, https:\/\/moverdb.com\/wp-content\/uploads\/Atlas-International-Movers-moving-company-1024x485.png 1024w, https:\/\/moverdb.com\/wp-content\/uploads\/Atlas-International-Movers-moving-company-18x9.png 18w, https:\/\/moverdb.com\/wp-content\/uploads\/Atlas-International-Movers-moving-company-600x284.png 600w\" sizes=\"auto, (max-width: 1440px) 100vw, 1440px\" \/><\/p>\n<ul>\n<li>Valsts p\u0101rcel\u0161an\u0101s<\/li>\n<li>Starptautiskie p\u0101rvadi<\/li>\n<li>M\u0101jsaimniec\u012bbas p\u0101rv\u0101k\u0161an\u0101s<\/li>\n<li>Biroju p\u0101rcel\u0161an\u0101s<\/li>\n<li>Pakalpojums \"no durv\u012bm l\u012bdz durv\u012bm<\/li>\n<li>Augstas kvalit\u0101tes iepako\u0161anas pakalpojumi<\/li>\n<li>Sauszemes, j\u016bras un gaisa kravu p\u0101rvad\u0101jumi<\/li>\n<li>M\u0101kslas darbu transport\u0113\u0161ana<\/li>\n<li>Autotransports<\/li>\n<li>\u012astermi\u0146a un ilgtermi\u0146a uzglab\u0101\u0161anas telpas<\/li>\n<\/ul>\n<p>Atlas International Movers ir vair\u0101k nek\u0101 25 gadu pieredze m\u0101ju un biroju p\u0101rvieto\u0161an\u0101. <a href=\"https:\/\/moverdb.com\/lv\/moving-to-chile\/\" data-internallinksmanager029f6b8e52c=\"426\" title=\"P\u0101rcel\u0161an\u0101s uz \u010c\u012bli? 2023 Dz\u012bves izmaksas un p\u0101rcel\u0161an\u0101s padomi\">\u010c\u012ble<\/a> un uz \u010c\u012bli vai no t\u0101s. Vi\u0146i sadarbojas ar uzticamu p\u0101rcel\u0161an\u0101s a\u0123entu t\u012bklu vis\u0101 pasaul\u0113, lai veiktu starptautiskus p\u0101rcel\u0161an\u0101s darbus. Vi\u0146i ir IAM biedri ar 16 gadu darba st\u0101\u017eu.<\/p>\n<p>Atlas International Movers nodro\u0161ina viz\u012bti uz m\u0101j\u0101m, lai nov\u0113rt\u0113tu j\u016bsu pras\u012bbas, un pal\u012bdz\u0113s jums nok\u0101rtot procesu un dokument\u0101ciju. Vi\u0146i nodro\u0161in\u0101s apm\u0101c\u012btus darbiniekus, kas sapakos j\u016bsu mantas atbilsto\u0161i augstiem standartiem, lai aizsarg\u0101tu t\u0101s tranz\u012bta laik\u0101 pa sauszemi, j\u016bru vai gaisu. Vi\u0146i pal\u012bdz\u0113s jums ar importa un eksporta muitas dokument\u0101ciju.<\/p>\n<p>T\u012bmek\u013ca vietne: <a href=\"http:\/\/www.atlasinternationalchile.cl\" target=\"_blank\" rel=\"noopener\">http:\/\/www.atlasinternationalchile.cl<\/a><\/p>\n<h2><span class=\"ez-toc-section\" id=\"3_Decapack\"><\/span><strong>3. Atv\u0101kojums no iepakojuma<\/strong><span class=\"ez-toc-section-end\"><\/span><\/h2>\n<p><img loading=\"lazy\" decoding=\"async\" class=\"alignnone size-full wp-image-5430\" src=\"https:\/\/moverdb.com\/wp-content\/uploads\/Decapack-international-moving-company.png\" alt=\"Decapack starptautiskais p\u0101rvieto\u0161an\u0101s uz\u0146\u0113mums\" width=\"1440\" height=\"680\" data-wp-pid=\"5430\" srcset=\"https:\/\/moverdb.com\/wp-content\/uploads\/Decapack-international-moving-company.png 1440w, https:\/\/moverdb.com\/wp-content\/uploads\/Decapack-international-moving-company-300x142.png 300w, https:\/\/moverdb.com\/wp-content\/uploads\/Decapack-international-moving-company-1024x484.png 1024w, https:\/\/moverdb.com\/wp-content\/uploads\/Decapack-international-moving-company-18x9.png 18w, https:\/\/moverdb.com\/wp-content\/uploads\/Decapack-international-moving-company-600x283.png 600w\" sizes=\"auto, (max-width: 1440px) 100vw, 1440px\" \/><\/p>\n<ul>\n<li>Valsts p\u0101rcel\u0161an\u0101s<\/li>\n<li>Starptautiskie p\u0101rvadi<\/li>\n<li>P\u0101rv\u0101k\u0161an\u0101s uz dz\u012bvojam\u0101m telp\u0101m<\/li>\n<li>Biroju p\u0101rcel\u0161an\u0101s<\/li>\n<li>P\u0101rcel\u0161an\u0101s pakalpojums<\/li>\n<li>Pakalpojums \"no durv\u012bm l\u012bdz durv\u012bm<\/li>\n<li>Iepako\u0161anas pakalpojums<\/li>\n<li>Apdro\u0161in\u0101\u0161ana<\/li>\n<li>Specializ\u0113ts pakalpojums m\u0101kslas darbiem<\/li>\n<li>\u012astermi\u0146a l\u012bdz ilgtermi\u0146a uzglab\u0101\u0161ana<\/li>\n<\/ul>\n<p>Decapack ir 1942. gad\u0101 dibin\u0101ts emigrantu un starptautisko p\u0101rvad\u0101jumu uz\u0146\u0113mums Santjago. Uz\u0146\u0113mumam ir p\u0101rst\u0101vniec\u012bba Sanantonio un Valparaiso. <a href=\"https:\/\/moverdb.com\/lv\/top-49-container-ports\/\" data-internallinksmanager029f6b8e52c=\"80\" title=\"49 liel\u0101kie un noslogot\u0101kie konteineru ostas 2025. gad\u0101\">ostas<\/a> un Santjago starptautisko lidostu. Uz\u0146\u0113mums ir IAM biedrs ar 52 gadu darba st\u0101\u017eu un ir akredit\u0113ts FIDI.<\/p>\n<p>Decapack sniedz pakalpojumus \"no durv\u012bm l\u012bdz durv\u012bm\", kas s\u0101kas ar apl\u0113ses apmekl\u0113jumu kl\u0101tien\u0113 vai virtu\u0101li, lai nov\u0113rt\u0113tu j\u016bsu vajadz\u012bbas. Vi\u0146i sniegs personaliz\u0113tas konsult\u0101cijas no izraudz\u012bta koordinatora, kur\u0161 pal\u012bdz\u0113s jums ar dokumentu k\u0101rto\u0161anu un dokument\u0101ciju. Vi\u0146i sniedz iepako\u0161anas pakalpojumus, lai aizsarg\u0101tu j\u016bsu mantas, un apdro\u0161in\u0101\u0161anu, lai pasarg\u0101tu no neparedz\u0113tiem gad\u012bjumiem.<\/p>\n<p>T\u012bmek\u013ca vietne: <a href=\"http:\/\/www.decapack.com\" target=\"_blank\" rel=\"noopener\">http:\/\/www.decapack.com<\/a><\/p>\n<h2><span class=\"ez-toc-section\" id=\"4_Global_Alliance_International\"><\/span><strong>4. Global Alliance International<\/strong><span class=\"ez-toc-section-end\"><\/span><\/h2>\n<p><img loading=\"lazy\" decoding=\"async\" class=\"alignnone size-full wp-image-5441\" src=\"https:\/\/moverdb.com\/wp-content\/uploads\/Global-Alliance-International-moving-company.png\" alt=\"Global Alliance Starptautiskais p\u0101rcel\u0161an\u0101s uz\u0146\u0113mums\" width=\"1440\" height=\"677\" data-wp-pid=\"5441\" srcset=\"https:\/\/moverdb.com\/wp-content\/uploads\/Global-Alliance-International-moving-company.png 1440w, https:\/\/moverdb.com\/wp-content\/uploads\/Global-Alliance-International-moving-company-300x141.png 300w, https:\/\/moverdb.com\/wp-content\/uploads\/Global-Alliance-International-moving-company-1024x481.png 1024w, https:\/\/moverdb.com\/wp-content\/uploads\/Global-Alliance-International-moving-company-18x8.png 18w, https:\/\/moverdb.com\/wp-content\/uploads\/Global-Alliance-International-moving-company-600x282.png 600w\" sizes=\"auto, (max-width: 1440px) 100vw, 1440px\" \/><\/p>\n<ul>\n<li>Valsts p\u0101rcel\u0161an\u0101s<\/li>\n<li>Starptautiskie p\u0101rvadi<\/li>\n<li>P\u0101rv\u0101k\u0161an\u0101s uz dz\u012bvojam\u0101m telp\u0101m<\/li>\n<li>Uz\u0146\u0113mumu p\u0101rvieto\u0161an\u0101s<\/li>\n<li>Augsti apm\u0101c\u012bts person\u0101ls<\/li>\n<li>Piln\u012bgs iepako\u0161anas pakalpojums<\/li>\n<li>Sauszemes, j\u016bras un gaisa transports<\/li>\n<li>Muitas atbalsts<\/li>\n<li>M\u0101jdz\u012bvnieku p\u0101rvad\u0101\u0161ana<\/li>\n<li>Pagaidu un past\u0101v\u012bgas uzglab\u0101\u0161anas risin\u0101jumi<\/li>\n<\/ul>\n<p>Global Alliance International ir \u010c\u012bles p\u0101rvad\u0101jumu uz\u0146\u0113mums, kas dibin\u0101ts 1995. gad\u0101 un ir Express Movers Transportes meitas uz\u0146\u0113mums. Lai veiktu starptautiskos p\u0101rv\u0101k\u0161an\u0101s darbus, uz\u0146\u0113mums sadarbojas ar galam\u0113r\u0137a p\u0101rv\u0101k\u0161an\u0101s a\u0123entiem. Uz\u0146\u0113mums ir IAM biedrs ar 16 gadu darba st\u0101\u017eu.<\/p>\n<p>Global Alliance International nodro\u0161in\u0101s iepakot\u0101ju komandu, kas demont\u0113s un iepakos visas j\u016bsu mantas, izmantojot vispiem\u0113rot\u0101kos iepakojuma materi\u0101lus, lai t\u0101s aizsarg\u0101tu, un specializ\u0113tas kastes. Vi\u0146i ar\u012b nodro\u0161in\u0101s invent\u0101ra sarakstu, mar\u0137\u0113tas kastes un konteinerus nos\u016bt\u012b\u0161anai pa sauszemi, gaisu vai j\u016bru, k\u0101 ar\u012b pal\u012bdz\u0113s ar muitas dokument\u0101ciju. Vi\u0146i pied\u0101v\u0101 ar\u012b pagaidu un past\u0101v\u012bgas uzglab\u0101\u0161anas risin\u0101jumus.<\/p>\n<p>T\u012bmek\u013ca vietne: <a href=\"http:\/\/www.globalalliancechile.com\" target=\"_blank\" rel=\"noopener\">http:\/\/www.globalalliancechile.com<\/a><\/p>\n<h2><span class=\"ez-toc-section\" id=\"5_REMSSA\"><\/span><strong>5. REMSSA<\/strong><span class=\"ez-toc-section-end\"><\/span><\/h2>\n<p><img loading=\"lazy\" decoding=\"async\" class=\"alignnone size-full wp-image-5482\" src=\"https:\/\/moverdb.com\/wp-content\/uploads\/REMSSA-international-moving-company.png\" alt=\"REMSSA starptautiskais p\u0101rvieto\u0161an\u0101s uz\u0146\u0113mums\" width=\"1440\" height=\"683\" data-wp-pid=\"5482\" srcset=\"https:\/\/moverdb.com\/wp-content\/uploads\/REMSSA-international-moving-company.png 1440w, https:\/\/moverdb.com\/wp-content\/uploads\/REMSSA-international-moving-company-300x142.png 300w, https:\/\/moverdb.com\/wp-content\/uploads\/REMSSA-international-moving-company-1024x486.png 1024w, https:\/\/moverdb.com\/wp-content\/uploads\/REMSSA-international-moving-company-18x9.png 18w, https:\/\/moverdb.com\/wp-content\/uploads\/REMSSA-international-moving-company-600x285.png 600w\" sizes=\"auto, (max-width: 1440px) 100vw, 1440px\" \/><\/p>\n<ul>\n<li>Valsts p\u0101rcel\u0161an\u0101s<\/li>\n<li>Starptautiskie p\u0101rvadi<\/li>\n<li>P\u0101rv\u0101k\u0161an\u0101s uz dz\u012bvojam\u0101m telp\u0101m<\/li>\n<li>Biroju p\u0101rcel\u0161an\u0101s<\/li>\n<li>P\u0101rcel\u0161an\u0101s<\/li>\n<li>Pakalpojums \"no durv\u012bm l\u012bdz durv\u012bm<\/li>\n<li>Iepako\u0161anas pakalpojums<\/li>\n<li>M\u0101kslas darbu transport\u0113\u0161ana<\/li>\n<li>M\u0101jdz\u012bvnieku p\u0101rvad\u0101\u0161ana<\/li>\n<li>Dro\u0161as uzglab\u0101\u0161anas telpas<\/li>\n<\/ul>\n<p>REMSSA ir Santjago b\u0101z\u0113ts p\u0101rcel\u0161an\u0101s uz\u0146\u0113mums, kas dibin\u0101ts 2000. gad\u0101 un kam ir fili\u0101les lidost\u0101s un ost\u0101s vis\u0101 \u010c\u012bl\u0113. Uz\u0146\u0113mums pied\u0101v\u0101 iek\u0161zemes un starptautiskos p\u0101rcel\u0161an\u0101s pakalpojumus m\u0101jsaimniec\u012bb\u0101m un uz\u0146\u0113mumiem. Uz\u0146\u0113mums ir IAM biedrs ar 22 gadu darba st\u0101\u017eu.<\/p>\n<p>REMSSA pied\u0101v\u0101 individualiz\u0113tu p\u0101rcel\u0161an\u0101s pakalpojumu, kas nodro\u0161in\u0101s j\u016bsu p\u0101rcel\u0161an\u0101s vai p\u0101rcel\u0161an\u0101s pieg\u0101di no durv\u012bm l\u012bdz durv\u012bm. Vi\u0146i sniedz iepako\u0161anas, iekrau\u0161anas un izkrau\u0161anas pakalpojumus, izmantojot r\u016bpniecisko kravas iepakojumu, kas aizsarg\u0101 to p\u0101rvad\u0101\u0161anas laik\u0101. Vi\u0146i sniedz ar\u012b specializ\u0113tus imigr\u0101cijas atbalsta pakalpojumus, m\u0101kslas darbu transport\u0113\u0161anu, m\u0101jdz\u012bvnieku p\u0101rvad\u0101\u0161anu un, ja nepiecie\u0161ams, ar\u012b dro\u0161as noliktavas pakalpojumus.<\/p>\n<p>T\u012bmek\u013ca vietne: <a href=\"http:\/\/www.remssa.cl\" target=\"_blank\" rel=\"noopener\">http:\/\/www.remssa.cl<\/a><\/p>\n<h2><span class=\"ez-toc-section\" id=\"6_Ward_Van_Lines\"><\/span><strong>6. Ward Van Lines<\/strong><span class=\"ez-toc-section-end\"><\/span><\/h2>\n<p><img loading=\"lazy\" decoding=\"async\" class=\"alignnone size-full wp-image-5499\" src=\"https:\/\/moverdb.com\/wp-content\/uploads\/Ward-Van-Lines-international-moving-company.png\" alt=\"Ward Van Lines starptautiskais p\u0101rvieto\u0161an\u0101s uz\u0146\u0113mums\" width=\"1440\" height=\"680\" data-wp-pid=\"5499\" srcset=\"https:\/\/moverdb.com\/wp-content\/uploads\/Ward-Van-Lines-international-moving-company.png 1440w, https:\/\/moverdb.com\/wp-content\/uploads\/Ward-Van-Lines-international-moving-company-300x142.png 300w, https:\/\/moverdb.com\/wp-content\/uploads\/Ward-Van-Lines-international-moving-company-1024x484.png 1024w, https:\/\/moverdb.com\/wp-content\/uploads\/Ward-Van-Lines-international-moving-company-18x9.png 18w, https:\/\/moverdb.com\/wp-content\/uploads\/Ward-Van-Lines-international-moving-company-600x283.png 600w\" sizes=\"auto, (max-width: 1440px) 100vw, 1440px\" \/><\/p>\n<ul>\n<li>Valsts p\u0101rcel\u0161an\u0101s<\/li>\n<li>Starptautiskie p\u0101rvadi<\/li>\n<li>Individualiz\u0113ts pakalpojums<\/li>\n<li>Iepako\u0161anas pakalpojumi, izmantojot augst\u0101k\u0101s klases materi\u0101lus<\/li>\n<li>M\u0113be\u013cu demont\u0101\u017ea un mont\u0101\u017ea<\/li>\n<li>Vienumu mar\u0137\u0113\u0161ana past\u0101v\u012bgai izseko\u0161anai<\/li>\n<li>Izsekojiet savu p\u0101rvieto\u0161anos, izmantojot GPS izseko\u0161anu<\/li>\n<li>Eksporta dokument\u0101cija, tostarp muito\u0161ana<\/li>\n<li>Apdro\u0161in\u0101\u0161ana<\/li>\n<li>Dro\u0161as uzglab\u0101\u0161anas telpas<\/li>\n<\/ul>\n<p>Ward Van Lines ir starptautisks un nacion\u0101ls p\u0101rcel\u0161an\u0101s uz\u0146\u0113mums, kas dibin\u0101ts 1969. gad\u0101. Uz\u0146\u0113muma galven\u0101 m\u012btne atrodas Santjago, un tam ir biroji svar\u012bg\u0101kaj\u0101s ost\u0101s, tostarp Valparaiso un Sanantonio. Uz\u0146\u0113mums ir IAM biedrs ar 53 gadu darba st\u0101\u017eu un ir akredit\u0113ts FIDI.<\/p>\n<p>Ward Van Lines pied\u0101v\u0101 individualiz\u0113tu pakalpojumu \"no durv\u012bm l\u012bdz durv\u012bm\", kur\u0101 j\u016bsu mantu dro\u0161ai iesai\u0146o\u0161anai izmanto augst\u0101k\u0101s klases materi\u0101lus un trausliem priek\u0161metiem izmanto koka kastes. Vi\u0146i sast\u0101d\u012bs invent\u0101ra sarakstu un mar\u0137\u0113s visus j\u016bsu priek\u0161metus ar unik\u0101liem sv\u012btrkodiem, lai identific\u0113tu j\u016bsu mantas. Vi\u0146u kravas automa\u0161\u012bn\u0101m ir GPS izseko\u0161ana, kas \u013cauj jums izsekot j\u016bsu mant\u0101m 24 stundas diennakt\u012b, 7 dienas ned\u0113\u013c\u0101, 7 dienas ned\u0113\u013c\u0101.<\/p>\n<p>T\u012bmek\u013ca vietne: <a href=\"http:\/\/www.wardvanlines.com\" target=\"_blank\" rel=\"noopener\">http:\/\/www.wardvanlines.com<\/a><\/p>\n<h2><span class=\"ez-toc-section\" id=\"Other_Useful_Guides_to_Chile\"><\/span>Citi noder\u012bgi ce\u013cve\u017ei uz \u010c\u012bli<span class=\"ez-toc-section-end\"><\/span><\/h2>\n<ul>\n<li> <a href=\"https:\/\/moverdb.com\/lv\/konteineru-parvadajumi\/cile\/\">2024 J\u016bras kravu p\u0101rvad\u0101jumu konteineru p\u0101rvad\u0101jumu tarifi uz \u010c\u012bli un no t\u0101s<\/a><\/li>\n<li> <a href=\"https:\/\/moverdb.com\/lv\/moving-to-chile\/\">P\u0101rcel\u0161an\u0101s uz \u010c\u012bli? 2023 Dz\u012bves izmaksas un p\u0101rcel\u0161an\u0101s padomi<\/a><\/li>\n<li> <a href=\"https:\/\/moverdb.com\/lv\/moving-to-chile\/best-places-to-live-chile\/\">12 Lab\u0101k\u0101s vietas, kur dz\u012bvot \u010c\u012bl\u0113<\/a><\/li>\n<\/ul>","protected":false},"excerpt":{"rendered":"<p>Moving can be a busy and stressful time especially in you are moving long distance or to another country. This is where a moving company can help reduce your stress by taking away some of the workload. Below we have compiled a list of Chilean removal companies that are members of the International Association of [&hellip;]<\/p>\n","protected":false},"author":4,"featured_media":0,"parent":190,"menu_order":0,"comment_status":"closed","ping_status":"closed","template":"","meta":{"_genesis_hide_title":false,"_genesis_hide_breadcrumbs":false,"_genesis_hide_singular_image":false,"_genesis_hide_footer_widgets":false,"_genesis_custom_body_class":"","_genesis_custom_post_class":"","_genesis_layout":"","footnotes":""},"class_list":{"0":"post-5527","1":"page","2":"type-page","3":"status-publish","5":"entry","6":"has-post-thumbnail"},"_links":{"self":[{"href":"https:\/\/moverdb.com\/lv\/wp-json\/wp\/v2\/pages\/5527","targetHints":{"allow":["GET"]}}],"collection":[{"href":"https:\/\/moverdb.com\/lv\/wp-json\/wp\/v2\/pages"}],"about":[{"href":"https:\/\/moverdb.com\/lv\/wp-json\/wp\/v2\/types\/page"}],"author":[{"embeddable":true,"href":"https:\/\/moverdb.com\/lv\/wp-json\/wp\/v2\/users\/4"}],"replies":[{"embeddable":true,"href":"https:\/\/moverdb.com\/lv\/wp-json\/wp\/v2\/comments?post=5527"}],"version-history":[{"count":4,"href":"https:\/\/moverdb.com\/lv\/wp-json\/wp\/v2\/pages\/5527\/revisions"}],"predecessor-version":[{"id":16390,"href":"https:\/\/moverdb.com\/lv\/wp-json\/wp\/v2\/pages\/5527\/revisions\/16390"}],"up":[{"embeddable":true,"href":"https:\/\/moverdb.com\/lv\/wp-json\/wp\/v2\/pages\/190"}],"wp:attachment":[{"href":"https:\/\/moverdb.com\/lv\/wp-json\/wp\/v2\/media?parent=5527"}],"curies":[{"name":"wp","href":"https:\/\/api.w.org\/{rel}","templated":true}]}}