{"id":5520,"date":"2023-02-01T13:56:46","date_gmt":"2023-02-01T13:56:46","guid":{"rendered":"https:\/\/moverdb.com\/?page_id=5520"},"modified":"2026-01-08T15:29:45","modified_gmt":"2026-01-08T15:29:45","slug":"karibu-niederlandes-parvaksanas-uznemumi","status":"publish","type":"page","link":"https:\/\/moverdb.com\/lv\/moving-companies\/caribbean-netherlands-moving-companies\/","title":{"rendered":"Lab\u0101kie starptautiskie p\u0101rvietot\u0101ji Kar\u012bbu j\u016bras re\u0123ion\u0101 N\u012bderland\u0113"},"content":{"rendered":"<p>Ja pl\u0101nojat p\u0101rcelties uz Kar\u012bbu j\u016bras re\u0123ionu <a href=\"https:\/\/moverdb.com\/lv\/moving-to-the-netherlands\/\" data-internallinksmanager029f6b8e52c=\"328\" title=\"P\u0101rce\u013caties uz N\u012bderlandi? 2023 Dz\u012bves izmaksas un p\u0101rcel\u0161an\u0101s padomi\">N\u012bderlande<\/a>vai uz Kar\u012bbu j\u016bras re\u0123ionu N\u012bderlandi vai no t\u0101, iesp\u0113jams, jums b\u016bs nepiecie\u0161ams atbalsts no <a href=\"https:\/\/moverdb.com\/lv\/moving-companies\/\" data-internallinksmanager029f6b8e52c=\"79\" title=\"Top 25 Starptautiskie p\u0101rcel\u0161an\u0101s uz\u0146\u0113mumi tie\u0161saist\u0113\">P\u0101rvieto\u0161an\u0101s uz\u0146\u0113mums<\/a> lai mazin\u0101tu p\u0101rvieto\u0161an\u0101s spiedienu. Zem\u0101k m\u0113s esam apkopoju\u0161i Kar\u012bbu j\u016bras re\u0123iona N\u012bderlandes sarakstu. <a href=\"https:\/\/moverdb.com\/lv\/international-removals\/\" data-internallinksmanager029f6b8e52c=\"27\" title=\"36 Lab\u0101kie starptautisko p\u0101rvad\u0101jumu uz\u0146\u0113mumi Apvienotaj\u0101 Karalist\u0113\">p\u0101rv\u0101k\u0161an\u0101s uz\u0146\u0113mumi<\/a> kas ir <a href=\"https:\/\/moverdb.com\/lv\/iam\/\" data-internallinksmanager029f6b8e52c=\"23\" title=\"Starptautisk\u0101s P\u0101rv\u0101c\u0113ju asoci\u0101cijas (IAM) skaidrojumi\">Starptautisk\u0101 P\u0101rv\u0101c\u0113ju asoci\u0101cija<\/a> (IAM) un\/vai <a href=\"https:\/\/moverdb.com\/lv\/fidi-faim\/\" data-internallinksmanager029f6b8e52c=\"16\" title=\"FIDI un FAIM (FIDI akredit\u0113tais starptautiskais p\u0101rvietot\u0101js) skaidrojums\">FIDI<\/a> Akredit\u0113ti starptautiskie p\u0101rv\u0101c\u0113ji (FAIM), kas var\u0113tu jums pal\u012bdz\u0113t.<\/p>\n<h2><strong>Meyer Moving<\/strong><\/h2>\n<p><img loading=\"lazy\" decoding=\"async\" class=\"alignnone size-full wp-image-5459\" src=\"https:\/\/moverdb.com\/wp-content\/uploads\/Meyer-Moving-international-moving-company.png\" alt=\"Meyer P\u0101rvieto\u0161an\u0101s starptautisks p\u0101rvietojas uz\u0146\u0113mums\" width=\"1440\" height=\"682\" data-wp-pid=\"5459\" srcset=\"https:\/\/moverdb.com\/wp-content\/uploads\/Meyer-Moving-international-moving-company.png 1440w, https:\/\/moverdb.com\/wp-content\/uploads\/Meyer-Moving-international-moving-company-300x142.png 300w, https:\/\/moverdb.com\/wp-content\/uploads\/Meyer-Moving-international-moving-company-1024x485.png 1024w, https:\/\/moverdb.com\/wp-content\/uploads\/Meyer-Moving-international-moving-company-18x9.png 18w, https:\/\/moverdb.com\/wp-content\/uploads\/Meyer-Moving-international-moving-company-600x284.png 600w\" sizes=\"auto, (max-width: 1440px) 100vw, 1440px\" \/><\/p>\n<ul>\n<li>Viet\u0113jie p\u0101rvadi<\/li>\n<li>Starptautiskie p\u0101rvadi<\/li>\n<li>P\u0101rv\u0101k\u0161an\u0101s uz dz\u012bvojam\u0101m telp\u0101m<\/li>\n<li>Uz\u0146\u0113muma p\u0101rcel\u0161an\u0101s<\/li>\n<li>Pakalpojums \"no durv\u012bm l\u012bdz durv\u012bm<\/li>\n<li>Iepako\u0161anas un izpako\u0161anas pakalpojumi<\/li>\n<li>Sauszemes, j\u016bras un gaisa kravu p\u0101rvad\u0101jumi<\/li>\n<li>Atbalsts p\u0113c p\u0101rcel\u0161an\u0101s<\/li>\n<li>Transportl\u012bdzek\u013ca nodo\u0161ana<\/li>\n<li>Uzglab\u0101\u0161anas iek\u0101rtas<\/li>\n<\/ul>\n<p>Meyer Moving ir 1959. gad\u0101 dibin\u0101ts p\u0101rcel\u0161an\u0101s uz\u0146\u0113mums, kas specializ\u0113jas viet\u0113jos un starptautiskos p\u0101rv\u0101k\u0161an\u0101s darbos gan priv\u0101tperson\u0101m, gan uz\u0146\u0113mumiem. Uz\u0146\u0113mumam ir 7 fili\u0101les Kar\u012bbu j\u016bras re\u0123ion\u0101 un glob\u0101ls saist\u012bto uz\u0146\u0113mumu un partneru a\u0123entu t\u012bkls, kas nodro\u0161ina starptautiskus p\u0101rv\u0101k\u0161an\u0101s pakalpojumus. Uz\u0146\u0113mums ir IAM biedrs ar 63 gadu darba st\u0101\u017eu un ir akredit\u0113ts FIDI.<\/p>\n<p>Meyer Moving sniedz p\u0101rcel\u0161an\u0101s, p\u0101rv\u0101k\u0161an\u0101s un uzglab\u0101\u0161anas pakalpojumus, tostarp sniedz konsult\u0101cijas par p\u0101rv\u0101k\u0161anos un pal\u012bdz jums p\u0101rv\u0101kties no durv\u012bm l\u012bdz durv\u012bm. Vi\u0146i dro\u0161i iesai\u0146os j\u016bsu mantas, organiz\u0113s transport\u0113\u0161anu pa sauszemi, j\u016bru vai gaisu, izpako\u0161anas pakalpojumus un vajadz\u012bbas gad\u012bjum\u0101 nodro\u0161in\u0101s noliktavas telpas.<\/p>\n<p>T\u012bmek\u013ca vietne: <a href=\"http:\/\/www.meyermoving.com\/\" target=\"_blank\" rel=\"noopener\">http:\/\/www.meyermoving.com\/<\/a><\/p>","protected":false},"excerpt":{"rendered":"<p>If you are thinking of moving within the Caribbean Netherlands, or to or from the Caribbean Netherlands you may want support from a moving company to reduce the pressure of moving. Below we have compiled a list of Caribbean Netherlands removal companies that are members of the International Association of Movers (IAM) and\/or FIDI Accredited [&hellip;]<\/p>\n","protected":false},"author":4,"featured_media":0,"parent":190,"menu_order":0,"comment_status":"closed","ping_status":"closed","template":"","meta":{"_genesis_hide_title":false,"_genesis_hide_breadcrumbs":false,"_genesis_hide_singular_image":false,"_genesis_hide_footer_widgets":false,"_genesis_custom_body_class":"","_genesis_custom_post_class":"","_genesis_layout":"","footnotes":""},"class_list":{"0":"post-5520","1":"page","2":"type-page","3":"status-publish","5":"entry","6":"has-post-thumbnail"},"_links":{"self":[{"href":"https:\/\/moverdb.com\/lv\/wp-json\/wp\/v2\/pages\/5520","targetHints":{"allow":["GET"]}}],"collection":[{"href":"https:\/\/moverdb.com\/lv\/wp-json\/wp\/v2\/pages"}],"about":[{"href":"https:\/\/moverdb.com\/lv\/wp-json\/wp\/v2\/types\/page"}],"author":[{"embeddable":true,"href":"https:\/\/moverdb.com\/lv\/wp-json\/wp\/v2\/users\/4"}],"replies":[{"embeddable":true,"href":"https:\/\/moverdb.com\/lv\/wp-json\/wp\/v2\/comments?post=5520"}],"version-history":[{"count":4,"href":"https:\/\/moverdb.com\/lv\/wp-json\/wp\/v2\/pages\/5520\/revisions"}],"predecessor-version":[{"id":7597,"href":"https:\/\/moverdb.com\/lv\/wp-json\/wp\/v2\/pages\/5520\/revisions\/7597"}],"up":[{"embeddable":true,"href":"https:\/\/moverdb.com\/lv\/wp-json\/wp\/v2\/pages\/190"}],"wp:attachment":[{"href":"https:\/\/moverdb.com\/lv\/wp-json\/wp\/v2\/media?parent=5520"}],"curies":[{"name":"wp","href":"https:\/\/api.w.org\/{rel}","templated":true}]}}