{"id":5512,"date":"2023-02-01T13:54:26","date_gmt":"2023-02-01T13:54:26","guid":{"rendered":"https:\/\/moverdb.com\/?page_id=5512"},"modified":"2026-01-08T15:29:51","modified_gmt":"2026-01-08T15:29:51","slug":"burundi-parvaksanas-kompanijas","status":"publish","type":"page","link":"https:\/\/moverdb.com\/lv\/moving-companies\/burundi-moving-companies\/","title":{"rendered":"Lab\u0101kie starptautisk\u0101s p\u0101rcel\u0161an\u0101s uz\u0146\u0113mumi Burundi"},"content":{"rendered":"<p>Ja v\u0113laties p\u0101rcelties uz m\u0101j\u0101m vai uz\u0146\u0113m\u0113jdarb\u012bbu Burundi, p\u0101rcelties uz Burundi vai no Burundi, j\u016bs var\u0113tu interes\u0113t pakalpojumi, ko sniedz <a href=\"https:\/\/moverdb.com\/lv\/moving-companies\/\" data-internallinksmanager029f6b8e52c=\"79\" title=\"Top 25 Starptautiskie p\u0101rcel\u0161an\u0101s uz\u0146\u0113mumi tie\u0161saist\u0113\">P\u0101rvieto\u0161an\u0101s uz\u0146\u0113mums<\/a> kas var\u0113tu atvieglot j\u016bsu p\u0101rcel\u0161anos. Zem\u0101k m\u0113s esam apkopoju\u0161i sarakstu ar Burundi <a href=\"https:\/\/moverdb.com\/lv\/international-removals\/\" data-internallinksmanager029f6b8e52c=\"27\" title=\"36 Lab\u0101kie starptautisko p\u0101rvad\u0101jumu uz\u0146\u0113mumi Apvienotaj\u0101 Karalist\u0113\">p\u0101rv\u0101k\u0161an\u0101s uz\u0146\u0113mumi<\/a> kas ir <a href=\"https:\/\/moverdb.com\/lv\/iam\/\" data-internallinksmanager029f6b8e52c=\"23\" title=\"Starptautisk\u0101s P\u0101rv\u0101c\u0113ju asoci\u0101cijas (IAM) skaidrojumi\">Starptautisk\u0101 P\u0101rv\u0101c\u0113ju asoci\u0101cija<\/a> (IAM), kas var\u0113tu jums pal\u012bdz\u0113t.<\/p>\n<h2><strong>Lielo ezeru lo\u0123istika<\/strong><\/h2>\n<p><img loading=\"lazy\" decoding=\"async\" class=\"alignnone size-full wp-image-5444\" src=\"https:\/\/moverdb.com\/wp-content\/uploads\/Great-Lakes-Logistics-international-moving-company.png\" alt=\"Great Lakes Logistics starptautiskais p\u0101rcel\u0161an\u0101s uz\u0146\u0113mums\" width=\"1440\" height=\"679\" data-wp-pid=\"5444\" srcset=\"https:\/\/moverdb.com\/wp-content\/uploads\/Great-Lakes-Logistics-international-moving-company.png 1440w, https:\/\/moverdb.com\/wp-content\/uploads\/Great-Lakes-Logistics-international-moving-company-300x141.png 300w, https:\/\/moverdb.com\/wp-content\/uploads\/Great-Lakes-Logistics-international-moving-company-1024x483.png 1024w, https:\/\/moverdb.com\/wp-content\/uploads\/Great-Lakes-Logistics-international-moving-company-18x8.png 18w, https:\/\/moverdb.com\/wp-content\/uploads\/Great-Lakes-Logistics-international-moving-company-600x283.png 600w\" sizes=\"auto, (max-width: 1440px) 100vw, 1440px\" \/><\/p>\n<ul>\n<li>Valsts p\u0101rcel\u0161an\u0101s<\/li>\n<li>Starptautiskie p\u0101rvadi<\/li>\n<li>Dz\u012bvojamo telpu p\u0101rve\u0161ana<\/li>\n<li>Mazie komerci\u0101lie p\u0101rvadi<\/li>\n<li>Autotransporta, dzelzce\u013ca, j\u016bras un gaisa kravu p\u0101rvad\u0101jumi<\/li>\n<li>Iepako\u0161anas, iekrau\u0161anas un izkrau\u0161anas pakalpojumi<\/li>\n<li>Tie\u0161saistes invent\u0101rs<\/li>\n<li>Muito\u0161ana<\/li>\n<li>Attiecas uz Austrum\u0101friku<\/li>\n<li>Uzglab\u0101\u0161anas iek\u0101rtas<\/li>\n<\/ul>\n<p>Great Lakes Logistics ir kl\u012bringa, eksped\u012bcijas, ku\u0123niec\u012bbas un noliktavu uz\u0146\u0113mums, kas tika dibin\u0101ts 2015. gad\u0101 Burundi k\u0101 liela Apvienoto Ar\u0101bu Emir\u0101tu uz\u0146\u0113muma fili\u0101le. Uz\u0146\u0113mums sniedz p\u0101rvieto\u0161anas pakalpojumus Burundi, Ruand\u0101, <a href=\"https:\/\/moverdb.com\/lv\/moving-companies\/moving-companies-kenya\/\" data-internallinksmanager029f6b8e52c=\"305\" title=\"4 Lab\u0101kie starptautisk\u0101s p\u0101rcel\u0161an\u0101s uz\u0146\u0113mumi Kenij\u0101\">Kenija<\/a>, Uganda, Tanz\u0101nija, Dienvidsud\u0101na, <a href=\"https:\/\/moverdb.com\/lv\/moving-companies\/moving-companies-mozambique\/\" data-internallinksmanager029f6b8e52c=\"286\" title=\"4 Lab\u0101kie starptautisk\u0101s p\u0101rcel\u0161an\u0101s uz\u0146\u0113mumi Mozambik\u0101\">Mozambika<\/a>, <a href=\"https:\/\/moverdb.com\/lv\/moving-companies\/moving-companies-malawi\/\" data-internallinksmanager029f6b8e52c=\"295\" title=\"Lab\u0101kie starptautisk\u0101s p\u0101rcel\u0161an\u0101s uz\u0146\u0113mumi Mal\u0101vij\u0101\">Mal\u0101vija<\/a>, KONGO DEMOKR\u0100TISK\u0100 REPUBLIKA, <a href=\"https:\/\/moverdb.com\/lv\/moving-companies\/botswana-moving-companies\/\" data-internallinksmanager029f6b8e52c=\"167\" title=\"Lab\u0101kie starptautisk\u0101s p\u0101rcel\u0161an\u0101s uz\u0146\u0113mumi Botsv\u0101n\u0101\">Botsv\u0101na<\/a>, Angola un Zimbabve. Vi\u0146i ir IAM biedri ar 6 gadu darba st\u0101\u017eu.<\/p>\n<p>Great Lakes Logistics nodro\u0161ina dz\u012bvojamo un mazo komerci\u0101lo kravu p\u0101rvad\u0101jumus, ko var veikt ar autotransportu, dzelzce\u013cu, j\u016bras un gaisa transportu. Vi\u0146i pied\u0101v\u0101 da\u017e\u0101dus p\u0101rcel\u0161an\u0101s pakalpojumus, tostarp iekrau\u0161anu un izkrau\u0161anu, mantu sak\u0101rto\u0161anu, iepako\u0161anas pakalpojumus un muito\u0161anu, k\u0101 ar\u012b uzglab\u0101\u0161anu.<\/p>\n<p>T\u012bmek\u013ca vietne: <a href=\"https:\/\/www.greatlakeslogistics-bu.bi\" target=\"_blank\" rel=\"noopener\">https:\/\/www.greatlakeslogistics-bu.bi<\/a><\/p>","protected":false},"excerpt":{"rendered":"<p>If you are wanting to move home or business in Burundi, move to or from Burundi, you may be interested in the services of a moving company who could ease the move for you. Below we have compiled a list of Burundi removal companies that are members of the International Association of Movers (IAM) that [&hellip;]<\/p>\n","protected":false},"author":4,"featured_media":0,"parent":190,"menu_order":0,"comment_status":"closed","ping_status":"closed","template":"","meta":{"_genesis_hide_title":false,"_genesis_hide_breadcrumbs":false,"_genesis_hide_singular_image":false,"_genesis_hide_footer_widgets":false,"_genesis_custom_body_class":"","_genesis_custom_post_class":"","_genesis_layout":"","footnotes":""},"class_list":{"0":"post-5512","1":"page","2":"type-page","3":"status-publish","5":"entry","6":"has-post-thumbnail"},"_links":{"self":[{"href":"https:\/\/moverdb.com\/lv\/wp-json\/wp\/v2\/pages\/5512","targetHints":{"allow":["GET"]}}],"collection":[{"href":"https:\/\/moverdb.com\/lv\/wp-json\/wp\/v2\/pages"}],"about":[{"href":"https:\/\/moverdb.com\/lv\/wp-json\/wp\/v2\/types\/page"}],"author":[{"embeddable":true,"href":"https:\/\/moverdb.com\/lv\/wp-json\/wp\/v2\/users\/4"}],"replies":[{"embeddable":true,"href":"https:\/\/moverdb.com\/lv\/wp-json\/wp\/v2\/comments?post=5512"}],"version-history":[{"count":2,"href":"https:\/\/moverdb.com\/lv\/wp-json\/wp\/v2\/pages\/5512\/revisions"}],"predecessor-version":[{"id":5514,"href":"https:\/\/moverdb.com\/lv\/wp-json\/wp\/v2\/pages\/5512\/revisions\/5514"}],"up":[{"embeddable":true,"href":"https:\/\/moverdb.com\/lv\/wp-json\/wp\/v2\/pages\/190"}],"wp:attachment":[{"href":"https:\/\/moverdb.com\/lv\/wp-json\/wp\/v2\/media?parent=5512"}],"curies":[{"name":"wp","href":"https:\/\/api.w.org\/{rel}","templated":true}]}}