{"id":5507,"date":"2023-02-01T13:55:39","date_gmt":"2023-02-01T13:55:39","guid":{"rendered":"https:\/\/moverdb.com\/?page_id=5507"},"modified":"2026-01-08T15:29:49","modified_gmt":"2026-01-08T15:29:49","slug":"brunei-moving-companies","status":"publish","type":"page","link":"https:\/\/moverdb.com\/lv\/moving-companies\/brunei-moving-companies\/","title":{"rendered":"Lab\u0101kie starptautisk\u0101s p\u0101rcel\u0161an\u0101s uz\u0146\u0113mumi Brunej\u0101 Darusalam\u0101"},"content":{"rendered":"<p>M\u0101jok\u013ca vai uz\u0146\u0113muma p\u0101rvieto\u0161ana var b\u016bt sare\u017e\u0123\u012bts un smags darbs, t\u0101p\u0113c, ja v\u0113laties atvieglot slogu, iesp\u0113jams, v\u0113l\u0113sieties nol\u012bgt pakalpojumu sniedz\u0113ju. <a href=\"https:\/\/moverdb.com\/lv\/moving-companies\/\" data-internallinksmanager029f6b8e52c=\"79\" title=\"Top 25 Starptautiskie p\u0101rcel\u0161an\u0101s uz\u0146\u0113mumi tie\u0161saist\u0113\">P\u0101rvieto\u0161an\u0101s uz\u0146\u0113mums<\/a> lai jums pal\u012bdz\u0113tu. Zem\u0101k m\u0113s esam apkopoju\u0161i sarakstu ar <a href=\"https:\/\/moverdb.com\/lv\/moving-to-brunei\/\" data-internallinksmanager029f6b8e52c=\"424\" title=\"P\u0101rcel\u0161an\u0101s uz Bruneju? 2023 Dz\u012bves izmaksas un p\u0101rcel\u0161an\u0101s padomi\">Bruneja<\/a> Darussalam <a href=\"https:\/\/moverdb.com\/lv\/international-removals\/\" data-internallinksmanager029f6b8e52c=\"27\" title=\"36 Lab\u0101kie starptautisko p\u0101rvad\u0101jumu uz\u0146\u0113mumi Apvienotaj\u0101 Karalist\u0113\">p\u0101rv\u0101k\u0161an\u0101s uz\u0146\u0113mumi<\/a> kas ir <a href=\"https:\/\/moverdb.com\/lv\/iam\/\" data-internallinksmanager029f6b8e52c=\"23\" title=\"Starptautisk\u0101s P\u0101rv\u0101c\u0113ju asoci\u0101cijas (IAM) skaidrojumi\">Starptautisk\u0101 P\u0101rv\u0101c\u0113ju asoci\u0101cija<\/a> (IAM), kas var\u0113tu jums pal\u012bdz\u0113t.<\/p>\n<h2><strong>Brunejas transporta uz\u0146\u0113mums <\/strong><\/h2>\n<p><img loading=\"lazy\" decoding=\"async\" class=\"alignnone size-full wp-image-5508\" src=\"https:\/\/moverdb.com\/wp-content\/uploads\/Brunei-Transporting-Company-international-moving-company.png\" alt=\"Bruneja Transporting Company starptautisks p\u0101rvietojas uz\u0146\u0113mums\" width=\"1440\" height=\"682\" data-wp-pid=\"5508\" srcset=\"https:\/\/moverdb.com\/wp-content\/uploads\/Brunei-Transporting-Company-international-moving-company.png 1440w, https:\/\/moverdb.com\/wp-content\/uploads\/Brunei-Transporting-Company-international-moving-company-300x142.png 300w, https:\/\/moverdb.com\/wp-content\/uploads\/Brunei-Transporting-Company-international-moving-company-1024x485.png 1024w, https:\/\/moverdb.com\/wp-content\/uploads\/Brunei-Transporting-Company-international-moving-company-18x9.png 18w, https:\/\/moverdb.com\/wp-content\/uploads\/Brunei-Transporting-Company-international-moving-company-600x284.png 600w\" sizes=\"auto, (max-width: 1440px) 100vw, 1440px\" \/><\/p>\n<ul>\n<li>Starptautisk\u0101 p\u0101rcel\u0161an\u0101s<\/li>\n<li>Viet\u0113jais transports<\/li>\n<li>M\u0101jsaimniec\u012bbas p\u0101rv\u0101k\u0161an\u0101s<\/li>\n<li>Komerci\u0101lie p\u0101rvadi<\/li>\n<li>\"no durv\u012bm l\u012bdz durv\u012bm\" pakalpojumi<\/li>\n<li>Sauszemes un j\u016bras transports<\/li>\n<li>Apm\u0101c\u012bti un pieredz\u0113ju\u0161i darbinieki<\/li>\n<li>Visaptvero\u0161s transportl\u012bdzek\u013cu parks<\/li>\n<li>Muitas starpniec\u012bbas pakalpojumi<\/li>\n<li>Uzglab\u0101\u0161anas risin\u0101jumu izv\u0113le<\/li>\n<\/ul>\n<p>Bruneja Transporting Company ir viens no vado\u0161ajiem lo\u0123istikas uz\u0146\u0113mumiem Brunej\u0101, kas sniedz viet\u0113jos un starptautiskos p\u0101rvad\u0101jumu pakalpojumus. Lai sniegtu starptautiskos pakalpojumus, uz\u0146\u0113mums sadarbojas ar asoci\u0113tajiem p\u0101rvieto\u0161an\u0101s uz\u0146\u0113mumiem, ar kuriem uztur past\u0101v\u012bgu kontaktu, lai nodro\u0161in\u0101tu dro\u0161u un \u0101tru p\u0101rvieto\u0161anos. Uz\u0146\u0113mums ir IAM biedrs.<\/p>\n<p>Brunejas transporta uz\u0146\u0113mumam ir pla\u0161s transportl\u012bdzek\u013cu parks, tostarp kravas automa\u0161\u012bnas, autotransportieri, kravas automa\u0161\u012bnas, piekabes un celt\u0146i. Uz\u0146\u0113mums sniedz p\u0101rvieto\u0161anas un lo\u0123istikas pakalpojumus diplom\u0101tiem, valsts un starptautiskiem uz\u0146\u0113mumiem un priv\u0101tperson\u0101m. Vi\u0146i sniedz pakalpojumus no durv\u012bm l\u012bdz durv\u012bm, pieg\u0101d\u0101jot kravas pa sauszemi un j\u016bru, k\u0101 ar\u012b sniedz muitas brokeru pakalpojumus un da\u017e\u0101das uzglab\u0101\u0161anas iesp\u0113jas.<\/p>\n<p>T\u012bmek\u013ca vietne: <a href=\"http:\/\/www.bruneitransporting.com\" target=\"_blank\" rel=\"noopener\">http:\/\/www.bruneitransporting.com<\/a><\/p>","protected":false},"excerpt":{"rendered":"<p>Moving home or your business can be complex and hard work so if you are looking to lighten the load then you might want to employ a moving company to help you. Below we have compiled a list of Brunei Darussalam removal companies that are members of the International Association of Movers (IAM) that could [&hellip;]<\/p>\n","protected":false},"author":4,"featured_media":0,"parent":190,"menu_order":0,"comment_status":"closed","ping_status":"closed","template":"","meta":{"_genesis_hide_title":false,"_genesis_hide_breadcrumbs":false,"_genesis_hide_singular_image":false,"_genesis_hide_footer_widgets":false,"_genesis_custom_body_class":"","_genesis_custom_post_class":"","_genesis_layout":"","footnotes":""},"class_list":{"0":"post-5507","1":"page","2":"type-page","3":"status-publish","5":"entry","6":"has-post-thumbnail"},"_links":{"self":[{"href":"https:\/\/moverdb.com\/lv\/wp-json\/wp\/v2\/pages\/5507","targetHints":{"allow":["GET"]}}],"collection":[{"href":"https:\/\/moverdb.com\/lv\/wp-json\/wp\/v2\/pages"}],"about":[{"href":"https:\/\/moverdb.com\/lv\/wp-json\/wp\/v2\/types\/page"}],"author":[{"embeddable":true,"href":"https:\/\/moverdb.com\/lv\/wp-json\/wp\/v2\/users\/4"}],"replies":[{"embeddable":true,"href":"https:\/\/moverdb.com\/lv\/wp-json\/wp\/v2\/comments?post=5507"}],"version-history":[{"count":1,"href":"https:\/\/moverdb.com\/lv\/wp-json\/wp\/v2\/pages\/5507\/revisions"}],"predecessor-version":[{"id":5509,"href":"https:\/\/moverdb.com\/lv\/wp-json\/wp\/v2\/pages\/5507\/revisions\/5509"}],"up":[{"embeddable":true,"href":"https:\/\/moverdb.com\/lv\/wp-json\/wp\/v2\/pages\/190"}],"wp:attachment":[{"href":"https:\/\/moverdb.com\/lv\/wp-json\/wp\/v2\/media?parent=5507"}],"curies":[{"name":"wp","href":"https:\/\/api.w.org\/{rel}","templated":true}]}}