{"id":5392,"date":"2022-11-19T02:21:51","date_gmt":"2022-11-19T02:21:51","guid":{"rendered":"https:\/\/moverdb.com\/?page_id=5392"},"modified":"2026-01-08T14:38:39","modified_gmt":"2026-01-08T14:38:39","slug":"turks-un-kaikosa","status":"publish","type":"page","link":"https:\/\/moverdb.com\/lv\/container-shipping\/turks-and-caicos\/","title":{"rendered":"2023 J\u016bras kravu p\u0101rvad\u0101jumu ar konteineriem cenas uz un no T\u0113rksas un Kaikosas sal\u0101m"},"content":{"rendered":"<div class=\"wp-block-image\">\n<figure class=\"aligncenter size-full\"><img loading=\"lazy\" decoding=\"async\" width=\"1000\" height=\"667\" src=\"https:\/\/moverdb.com\/wp-content\/uploads\/turks-and-caicos.jpg\" alt=\"Smil\u0161u pludmale uz salas T\u0113rks\u0101 un Kaikos\u0101\" class=\"wp-image-5383\" srcset=\"https:\/\/moverdb.com\/wp-content\/uploads\/turks-and-caicos.jpg 1000w, https:\/\/moverdb.com\/wp-content\/uploads\/turks-and-caicos-300x200.jpg 300w, https:\/\/moverdb.com\/wp-content\/uploads\/turks-and-caicos-18x12.jpg 18w, https:\/\/moverdb.com\/wp-content\/uploads\/turks-and-caicos-600x400.jpg 600w\" sizes=\"auto, (max-width: 1000px) 100vw, 1000px\" \/><\/figure>\n<\/div>\n\n\n<p><strong><a href=\"https:\/\/moverdb.com\/lv\/moving-to-the-turks-and-caicos-islands\/\" data-internallinksmanager029f6b8e52c=\"388\" title=\"P\u0101rce\u013caties uz T\u0113rksas un Kaikosas sal\u0101m? 2023 Dz\u012bves d\u0101rdz\u012bba\">T\u0113rksas un Kaikosas salas<\/a><\/strong> ir v\u0113l viena Lielbrit\u0101nijas salu teritorija Kar\u012bbu j\u016bras re\u0123ion\u0101. \u0160is arhipel\u0101gs ir apdz\u012bvots uz 8 galvenaj\u0101m sal\u0101m, bet paties\u012bb\u0101 to veido vair\u0101k nek\u0101 40 salu.<\/p>\n\n\n\n<p>T\u0113rksas un Kaikosas salas ir pievilc\u012bgas galvenok\u0101rt tiem, kas v\u0113las doties uz siltu, klusu nost\u016bri un izbaud\u012bt l\u0113n\u0101ku dz\u012bves ritmu vai pavad\u012bt pensijas laiku skaist\u0101s pludmal\u0113s un mier\u012bgos vi\u013c\u0146os. Citi galvenie iemesli, k\u0101p\u0113c da\u017ei nolemj padar\u012bt \u0161\u012bs zemes parad\u012bzes par sav\u0101m m\u0101j\u0101m, ir stabil\u0101 val\u016bta un beznodok\u013cu noteikumi attiec\u012bb\u0101 uz ien\u0101kumiem, \u012bpa\u0161umu un mantojumu.<\/p>\n\n\n\n<p>T\u0101 k\u0101 T\u0113rksas un Kaikosas ir \u013coti maza valsts, j\u016bras kravu p\u0101rvad\u0101jumu iesp\u0113jas ir diezgan ierobe\u017eotas. Tom\u0113r m\u0113s dar\u012bj\u0101m visu iesp\u0113jamo un apkopoj\u0101m da\u017eas cenas, kas ir nor\u0101d\u012btas zem\u0101k eso\u0161aj\u0101s tabul\u0101s.<\/p>\n\n\n\n<p>Zem\u0101kais T\u0113rksas un Kaikosas <a href=\"https:\/\/moverdb.com\/lv\/container-shipping\/\" data-internallinksmanager029f6b8e52c=\"3\" title=\"Starptautisko konteineru p\u0101rvad\u0101jumu tarifu diagramma: Apr\u012blis 2026\">konteineru p\u0101rvad\u0101jumu tarifi<\/a> 20 p\u0113du vai 40 p\u0113du ku\u0123o\u0161anas konteineru izmaksas.<\/p>\n\n\n\n<h2 class=\"wp-block-heading\">Konteineru p\u0101rvad\u0101jumu izmaksas uz T\u0113rksas un Kaikosas salas (Providenciales)<\/h2>\n\n\n<div class=\"wp-block-image\">\n<figure class=\"aligncenter size-large\"><img loading=\"lazy\" decoding=\"async\" width=\"1024\" height=\"539\" src=\"https:\/\/moverdb.com\/wp-content\/uploads\/Shipping-Container-Costs-to-Turks-and-Caicos-1024x539.png\" alt=\"Konteineru p\u0101rvad\u0101jumu izmaksas uz T\u0113rksas un Kaikosas salas (Providenciales)\" class=\"wp-image-5380\" srcset=\"https:\/\/moverdb.com\/wp-content\/uploads\/Shipping-Container-Costs-to-Turks-and-Caicos-1024x539.png 1024w, https:\/\/moverdb.com\/wp-content\/uploads\/Shipping-Container-Costs-to-Turks-and-Caicos-300x158.png 300w, https:\/\/moverdb.com\/wp-content\/uploads\/Shipping-Container-Costs-to-Turks-and-Caicos-1536x809.png 1536w, https:\/\/moverdb.com\/wp-content\/uploads\/Shipping-Container-Costs-to-Turks-and-Caicos-18x9.png 18w, https:\/\/moverdb.com\/wp-content\/uploads\/Shipping-Container-Costs-to-Turks-and-Caicos-600x316.png 600w, https:\/\/moverdb.com\/wp-content\/uploads\/Shipping-Container-Costs-to-Turks-and-Caicos.png 2000w\" sizes=\"auto, (max-width: 1024px) 100vw, 1024px\" \/><\/figure>\n<\/div>\n\n\n<table id=\"tablepress-226\" class=\"tablepress tablepress-id-226\">\n<thead>\n<tr class=\"row-1\">\n\t<th class=\"column-1\">Galam\u0113r\u0137a valsts (<a href=\"https:\/\/moverdb.com\/lv\/top-49-container-ports\/\" data-internallinksmanager029f6b8e52c=\"80\" title=\"49 liel\u0101kie un noslogot\u0101kie konteineru ostas 2025. gad\u0101\">Osta<\/a>\/City)<\/th><th class=\"column-2\">20FT<\/th><th class=\"column-3\">40FT<\/th>\n<\/tr>\n<\/thead>\n<tbody class=\"row-striping row-hover\">\n<tr class=\"row-2\">\n\t<td class=\"column-1\"><a href=\"https:\/\/moverdb.com\/lv\/container-shipping\/andorra\/\" data-internallinksmanager029f6b8e52c=\"88\" title=\"2023 J\u016bras kravu p\u0101rvad\u0101jumu ar konteineriem cenas uz Andoru un no t\u0101s\">Andora (Andora la Vella)<\/a><\/td><td class=\"column-2\">$1,450<\/td><td class=\"column-3\">$1,900<\/td>\n<\/tr>\n<tr class=\"row-3\">\n\t<td class=\"column-1\"><a href=\"https:\/\/moverdb.com\/lv\/container-shipping\/australia\/\" data-internallinksmanager029f6b8e52c=\"89\" title=\"2026 Konteineru ku\u0123o\u0161anas cenas uz Austr\u0101liju un no t\u0101s\">Austr\u0101lija (Sidneja)<\/a><\/td><td class=\"column-2\">NAV PIEM\u0112ROJAMS<\/td><td class=\"column-3\">$12,406<\/td>\n<\/tr>\n<tr class=\"row-4\">\n\t<td class=\"column-1\"><a href=\"https:\/\/moverdb.com\/lv\/container-shipping\/austria\/\" data-internallinksmanager029f6b8e52c=\"95\" title=\"2023 J\u016bras kravu p\u0101rvad\u0101jumu ar konteineriem cenas uz Austriju un no t\u0101s\">Austrija (V\u012bne)<\/a><\/td><td class=\"column-2\">$6,640<\/td><td class=\"column-3\">$7,951<\/td>\n<\/tr>\n<tr class=\"row-5\">\n\t<td class=\"column-1\"><a href=\"https:\/\/moverdb.com\/lv\/container-shipping\/bahrain\/\" data-internallinksmanager029f6b8e52c=\"96\" title=\"2023 J\u016bras kravu p\u0101rvad\u0101jumu konteineru p\u0101rvad\u0101jumu cenas uz Bahreinu un no t\u0101s\">Bahreina (Man\u0101ma)<\/a><\/td><td class=\"column-2\">NAV PIEM\u0112ROJAMS<\/td><td class=\"column-3\">$12,306<\/td>\n<\/tr>\n<tr class=\"row-6\">\n\t<td class=\"column-1\"><a href=\"https:\/\/moverdb.com\/lv\/container-shipping\/belize\/\" data-internallinksmanager029f6b8e52c=\"137\" title=\"2023 J\u016bras kravu p\u0101rvad\u0101jumu konteineru p\u0101rvad\u0101jumu cenas uz Belizu un no t\u0101s\">Beliza (Belizas pils\u0113ta)<\/a><\/td><td class=\"column-2\">$2,090<\/td><td class=\"column-3\">$2,809<\/td>\n<\/tr>\n<tr class=\"row-7\">\n\t<td class=\"column-1\"><a href=\"https:\/\/moverdb.com\/lv\/container-shipping\/brazil\/\" data-internallinksmanager029f6b8e52c=\"98\" title=\"2023 J\u016bras kravu p\u0101rvad\u0101jumu ar konteineriem cenas uz Braz\u012bliju un no t\u0101s\">Braz\u012blija (Santosa)<\/a><\/td><td class=\"column-2\">$2,090<\/td><td class=\"column-3\">$2,809<\/td>\n<\/tr>\n<tr class=\"row-8\">\n\t<td class=\"column-1\"><a href=\"https:\/\/moverdb.com\/lv\/container-shipping\/cambodia\/\" data-internallinksmanager029f6b8e52c=\"101\" title=\"2023 J\u016bras kravas konteineru p\u0101rvad\u0101jumu cenas uz Kambod\u017eu un no t\u0101s\">Kambod\u017ea (Sihanukvila)<\/a><\/td><td class=\"column-2\">$7,606<\/td><td class=\"column-3\">$8,276<\/td>\n<\/tr>\n<tr class=\"row-9\">\n\t<td class=\"column-1\"><a href=\"https:\/\/moverdb.com\/lv\/container-shipping\/china\/\" data-internallinksmanager029f6b8e52c=\"105\" title=\"2023 J\u016bras kravu p\u0101rvad\u0101jumu konteineru p\u0101rvad\u0101jumu cenas uz \u0136\u012bnu un no t\u0101s\">\u0136\u012bna (Pekina)<\/a><\/td><td class=\"column-2\">$6,757<\/td><td class=\"column-3\">$7,134<\/td>\n<\/tr>\n<tr class=\"row-10\">\n\t<td class=\"column-1\">\u0136\u012bna (\u0160anhaja)<\/td><td class=\"column-2\">$6,696<\/td><td class=\"column-3\">$7,077<\/td>\n<\/tr>\n<tr class=\"row-11\">\n\t<td class=\"column-1\"><a href=\"https:\/\/moverdb.com\/lv\/moving-to-gibraltar\/\" data-internallinksmanager029f6b8e52c=\"431\" title=\"P\u0101rcel\u0161an\u0101s uz Gibralt\u0101ru? 2023 Dz\u012bves izmaksas un p\u0101rcel\u0161an\u0101s padomi\">Gibralt\u0101rs<\/a><\/td><td class=\"column-2\">$4,178<\/td><td class=\"column-3\">$5,933<\/td>\n<\/tr>\n<tr class=\"row-12\">\n\t<td class=\"column-1\"><a href=\"https:\/\/moverdb.com\/lv\/container-shipping\/guernsey\/\" data-internallinksmanager029f6b8e52c=\"121\" title=\"2023 J\u016bras kravu p\u0101rvad\u0101jumu ar konteineriem cenas uz G\u0113rnsiju un no t\u0101s\">G\u0113rnsija (Sentp\u012btersija)<\/a><\/td><td class=\"column-2\">$2,846<\/td><td class=\"column-3\">$2,953<\/td>\n<\/tr>\n<tr class=\"row-13\">\n\t<td class=\"column-1\"><a href=\"https:\/\/moverdb.com\/lv\/container-shipping\/hong-kong\/\" data-internallinksmanager029f6b8e52c=\"123\" title=\"2023 J\u016bras kravu p\u0101rvad\u0101jumu konteineru p\u0101rvad\u0101jumu cenas uz Honkongu un no t\u0101s\">Honkonga (Honkonga)<\/a><\/td><td class=\"column-2\">$6,696<\/td><td class=\"column-3\">$7,077<\/td>\n<\/tr>\n<tr class=\"row-14\">\n\t<td class=\"column-1\"><a href=\"https:\/\/moverdb.com\/lv\/container-shipping\/indonesia\/\" data-internallinksmanager029f6b8e52c=\"126\" title=\"2023 J\u016bras kravu p\u0101rvad\u0101jumu konteineru p\u0101rvad\u0101jumu cenas uz Indon\u0113ziju un no t\u0101s\">Indon\u0113zija (D\u017eakarta)<\/a><\/td><td class=\"column-2\">$7,295<\/td><td class=\"column-3\">$7,762<\/td>\n<\/tr>\n<tr class=\"row-15\">\n\t<td class=\"column-1\"><a href=\"https:\/\/moverdb.com\/lv\/moving-to-luxembourg\/\" data-internallinksmanager029f6b8e52c=\"349\" title=\"P\u0101rcel\u0161an\u0101s uz Luksemburgu? 2023 Dz\u012bves izmaksas un p\u0101rcel\u0161an\u0101s padomi\">Luksemburga<\/a><\/td><td class=\"column-2\">$3,940<\/td><td class=\"column-3\">$5,490<\/td>\n<\/tr>\n<tr class=\"row-16\">\n\t<td class=\"column-1\"><a href=\"https:\/\/moverdb.com\/lv\/container-shipping\/united-arab-emirates\/\" data-internallinksmanager029f6b8e52c=\"188\" title=\"2026 Konteineru ku\u0123o\u0161anas cenas uz AAE un no tiem\">AAE (Jebel Ali)<\/a><\/td><td class=\"column-2\">$6,276<\/td><td class=\"column-3\">$6,943<\/td>\n<\/tr>\n<tr class=\"row-17\">\n\t<td class=\"column-1\"><a href=\"https:\/\/moverdb.com\/lv\/moving-to-the-united-states\/\" data-internallinksmanager029f6b8e52c=\"94\" title=\"P\u0101rce\u013caties uz Amerikas Savienotaj\u0101m Valst\u012bm? 2022 Dz\u012bves izmaksas un p\u0101rcel\u0161an\u0101s padomi\">ASV<\/a> (<a href=\"https:\/\/moverdb.com\/lv\/moving-to-los-angeles\/\" data-internallinksmanager029f6b8e52c=\"51\" title=\"P\u0101rce\u013caties uz Losand\u017eelosu? 2026 Dz\u012bves izmaksas Losand\u017eelos\u0101 un p\u0101rcel\u0161an\u0101s padomi\">Losand\u017eelosa<\/a>)<\/td><td class=\"column-2\">$912<\/td><td class=\"column-3\">$1,309<\/td>\n<\/tr>\n<tr class=\"row-18\">\n\t<td class=\"column-1\"><a href=\"https:\/\/moverdb.com\/lv\/container-shipping\/united-states\/\" data-internallinksmanager029f6b8e52c=\"87\" title=\"2023 J\u016bras kravu p\u0101rvad\u0101jumu konteineru p\u0101rvad\u0101jumu cenas uz ASV un no ASV\">ASV (\u0145ujorka)<\/a><\/td><td class=\"column-2\">$2,624<\/td><td class=\"column-3\">$1,937<\/td>\n<\/tr>\n<\/tbody>\n<\/table>\n<!-- #tablepress-226 from cache -->\n\n\n\n<h2 class=\"wp-block-heading\">Ku\u0123u konteineru izmaksas no T\u0113rksas un Kaikosas (Providenciales)<\/h2>\n\n\n<div class=\"wp-block-image\">\n<figure class=\"aligncenter size-large\"><img loading=\"lazy\" decoding=\"async\" width=\"1024\" height=\"539\" src=\"https:\/\/moverdb.com\/wp-content\/uploads\/Shipping-Container-Costs-from-Turks-and-Caicos-1024x539.png\" alt=\"Ku\u0123u konteineru izmaksas no T\u0113rksas un Kaikosas (Providenciales)\" class=\"wp-image-5378\" srcset=\"https:\/\/moverdb.com\/wp-content\/uploads\/Shipping-Container-Costs-from-Turks-and-Caicos-1024x539.png 1024w, https:\/\/moverdb.com\/wp-content\/uploads\/Shipping-Container-Costs-from-Turks-and-Caicos-300x158.png 300w, https:\/\/moverdb.com\/wp-content\/uploads\/Shipping-Container-Costs-from-Turks-and-Caicos-1536x809.png 1536w, https:\/\/moverdb.com\/wp-content\/uploads\/Shipping-Container-Costs-from-Turks-and-Caicos-18x9.png 18w, https:\/\/moverdb.com\/wp-content\/uploads\/Shipping-Container-Costs-from-Turks-and-Caicos-600x316.png 600w, https:\/\/moverdb.com\/wp-content\/uploads\/Shipping-Container-Costs-from-Turks-and-Caicos.png 2000w\" sizes=\"auto, (max-width: 1024px) 100vw, 1024px\" \/><\/figure>\n<\/div>\n\n\n<table id=\"tablepress-224\" class=\"tablepress tablepress-id-224\">\n<thead>\n<tr class=\"row-1\">\n\t<th class=\"column-1\">Galam\u0113r\u0137a valsts (osta\/ pils\u0113ta)<\/th><th class=\"column-2\">20FT<\/th><th class=\"column-3\">40FT<\/th>\n<\/tr>\n<\/thead>\n<tbody class=\"row-striping row-hover\">\n<tr class=\"row-2\">\n\t<td class=\"column-1\">Andora (Andora la Vella)<\/td><td class=\"column-2\">NAV PIEM\u0112ROJAMS<\/td><td class=\"column-3\">$355<\/td>\n<\/tr>\n<tr class=\"row-3\">\n\t<td class=\"column-1\"><a href=\"https:\/\/moverdb.com\/lv\/container-shipping\/antigua-and-barbuda\/\" data-internallinksmanager029f6b8e52c=\"92\" title=\"2023 J\u016bras konteineru p\u0101rvad\u0101jumu cenas uz Antigvu un Barbudu un no t\u0101s\">Antigva un Barbuda (Sentd\u017eons)<\/a><\/td><td class=\"column-2\">$600<\/td><td class=\"column-3\">$801<\/td>\n<\/tr>\n<tr class=\"row-4\">\n\t<td class=\"column-1\">Austr\u0101lija (Sidneja)<\/td><td class=\"column-2\">$2,845<\/td><td class=\"column-3\">NAV PIEM\u0112ROJAMS<\/td>\n<\/tr>\n<tr class=\"row-5\">\n\t<td class=\"column-1\">Braz\u012blija (Santosa)<\/td><td class=\"column-2\">$873<\/td><td class=\"column-3\">$1,312<\/td>\n<\/tr>\n<tr class=\"row-6\">\n\t<td class=\"column-1\"><a href=\"https:\/\/moverdb.com\/lv\/container-shipping\/canada\/\" data-internallinksmanager029f6b8e52c=\"102\" title=\"2023 J\u016bras kravu p\u0101rvad\u0101jumu konteineru p\u0101rvad\u0101jumu cenas uz Kan\u0101du un no t\u0101s\">Kan\u0101da (Toronto)<\/a><\/td><td class=\"column-2\">$1,078<\/td><td class=\"column-3\">$2,422<\/td>\n<\/tr>\n<tr class=\"row-7\">\n\t<td class=\"column-1\">\u0136\u012bna (\u0160anhaja)<\/td><td class=\"column-2\">$2,415<\/td><td class=\"column-3\">$3,105<\/td>\n<\/tr>\n<tr class=\"row-8\">\n\t<td class=\"column-1\"><a href=\"https:\/\/moverdb.com\/lv\/container-shipping\/pakistan\/\" data-internallinksmanager029f6b8e52c=\"155\" title=\"2023 J\u016bras kravu p\u0101rvad\u0101jumu konteineru p\u0101rvad\u0101jumu cenas uz Pakist\u0101nu un no t\u0101s\">Pakist\u0101na (Kara\u010di)<\/a><\/td><td class=\"column-2\">$4,507<\/td><td class=\"column-3\">$4,830<\/td>\n<\/tr>\n<tr class=\"row-9\">\n\t<td class=\"column-1\"><a href=\"https:\/\/moverdb.com\/lv\/container-shipping\/saudi-arabia\/\" data-internallinksmanager029f6b8e52c=\"178\" title=\"2023 J\u016bras kravu p\u0101rvad\u0101jumu konteineru p\u0101rvad\u0101jumu cenas uz Sa\u016bda Ar\u0101biju un no t\u0101s\">Sa\u016bda Ar\u0101bija (D\u017eidda)<\/a><\/td><td class=\"column-2\">$7,212<\/td><td class=\"column-3\">$9,776<\/td>\n<\/tr>\n<tr class=\"row-10\">\n\t<td class=\"column-1\"><a href=\"https:\/\/moverdb.com\/lv\/container-shipping\/spain\/\" data-internallinksmanager029f6b8e52c=\"182\" title=\"2023 J\u016bras kravu p\u0101rvad\u0101jumu konteineru p\u0101rvad\u0101jumu cenas uz Sp\u0101niju un no t\u0101s\">Sp\u0101nija (Valensija)<\/a><\/td><td class=\"column-2\">$2,983<\/td><td class=\"column-3\">$3,099<\/td>\n<\/tr>\n<tr class=\"row-11\">\n\t<td class=\"column-1\">ASV (\u0145ujorka)<\/td><td class=\"column-2\">$1,297<\/td><td class=\"column-3\">$1,383<\/td>\n<\/tr>\n<tr class=\"row-12\">\n\t<td class=\"column-1\"><a href=\"https:\/\/moverdb.com\/lv\/container-shipping\/vietnam\/\" data-internallinksmanager029f6b8e52c=\"245\" title=\"2023 J\u016bras kravu p\u0101rvad\u0101jumu konteineru ku\u0123niec\u012bbas cenas uz Vjetnamu un no t\u0101s\">Vjetnama (Saigona)<\/a><\/td><td class=\"column-2\">$3,804<\/td><td class=\"column-3\">$3,670<\/td>\n<\/tr>\n<\/tbody>\n<\/table>\n<!-- #tablepress-224 from cache -->\n\n\n\n<h3 class=\"wp-block-heading\">Piez\u012bmes par datiem:<\/h3>\n\n\n\n<ul class=\"wp-block-list\">\n<li>Visi $ skait\u013ci izteikti ASV dol\u0101ros (USD);<\/li>\n\n\n\n<li>Tarifi ir prec\u012bzi 2022. gada s\u0101kum\u0101;<\/li>\n\n\n\n<li>\u0160aj\u0101 rakst\u0101 iek\u013caut\u0101s kartes tika izveidotas, izmantojot <a href=\"https:\/\/www.mapchart.net\" target=\"_blank\" rel=\"noreferrer noopener\">https:\/\/www.mapchart.net<\/a>. Kartes varat kop\u012bgot, ja vien nor\u0101d\u0101t saiti uz \u0161o vietni. <a href=\"https:\/\/moverdb.com\/lv\/\" target=\"_blank\" rel=\"noreferrer noopener\">MoverDB<\/a>;<\/li>\n\n\n\n<li>Iepriek\u0161 nor\u0101d\u012bt\u0101s likmes ir tikai aptuvenas un kop\u0161 \u0161\u012b raksta public\u0113\u0161anas (2022. gada apr\u012bl\u012b) var b\u016bt main\u012bju\u0161\u0101s. To pamat\u0101 ir zem\u0101k\u0101 apl\u0113st\u0101 likme, kas ieg\u016bta no <a href=\"https:\/\/www.searates.com\" target=\"_blank\" rel=\"noreferrer noopener\">https:\/\/www.searates.com<\/a> vai <a href=\"https:\/\/www.gocomet.com\/freight-shipping-rates-index-calculator\" target=\"_blank\" rel=\"noreferrer noopener\">https:\/\/www.gocomet.com<\/a>;<\/li>\n\n\n\n<li>Lai ieg\u016btu prec\u012bz\u0101ku priek\u0161statu par izmaks\u0101m, l\u016bdzu, izmantojiet cenu pied\u0101v\u0101juma veidlapu \u0161\u012bs lapas aug\u0161pus\u0113;<\/li>\n\n\n\n<li>Skatiet ar\u012b m\u016bsu ce\u013cvedi par <a href=\"https:\/\/moverdb.com\/lv\/konteineru-parvadajumi\/\" target=\"_blank\" rel=\"noreferrer noopener\">starptautiskie konteineru p\u0101rvad\u0101jumi<\/a>.<\/li>\n<\/ul>","protected":false},"excerpt":{"rendered":"<p>Turks and Caicos is yet another British island territory in the Caribbean. This archipelago is populated on 8 main islands, but in fact, it consists of over 40 islands. For expats, Turks and Caicos is mainly attractive to those who want to retreat to a warm, quiet corner and enjoy a slower pace or spend [&hellip;]<\/p>\n","protected":false},"author":2,"featured_media":5383,"parent":44,"menu_order":0,"comment_status":"closed","ping_status":"closed","template":"","meta":{"_genesis_hide_title":false,"_genesis_hide_breadcrumbs":false,"_genesis_hide_singular_image":false,"_genesis_hide_footer_widgets":false,"_genesis_custom_body_class":"","_genesis_custom_post_class":"","_genesis_layout":"","footnotes":""},"class_list":{"0":"post-5392","1":"page","2":"type-page","3":"status-publish","4":"has-post-thumbnail","6":"entry"},"_links":{"self":[{"href":"https:\/\/moverdb.com\/lv\/wp-json\/wp\/v2\/pages\/5392","targetHints":{"allow":["GET"]}}],"collection":[{"href":"https:\/\/moverdb.com\/lv\/wp-json\/wp\/v2\/pages"}],"about":[{"href":"https:\/\/moverdb.com\/lv\/wp-json\/wp\/v2\/types\/page"}],"author":[{"embeddable":true,"href":"https:\/\/moverdb.com\/lv\/wp-json\/wp\/v2\/users\/2"}],"replies":[{"embeddable":true,"href":"https:\/\/moverdb.com\/lv\/wp-json\/wp\/v2\/comments?post=5392"}],"version-history":[{"count":1,"href":"https:\/\/moverdb.com\/lv\/wp-json\/wp\/v2\/pages\/5392\/revisions"}],"predecessor-version":[{"id":5394,"href":"https:\/\/moverdb.com\/lv\/wp-json\/wp\/v2\/pages\/5392\/revisions\/5394"}],"up":[{"embeddable":true,"href":"https:\/\/moverdb.com\/lv\/wp-json\/wp\/v2\/pages\/44"}],"wp:featuredmedia":[{"embeddable":true,"href":"https:\/\/moverdb.com\/lv\/wp-json\/wp\/v2\/media\/5383"}],"wp:attachment":[{"href":"https:\/\/moverdb.com\/lv\/wp-json\/wp\/v2\/media?parent=5392"}],"curies":[{"name":"wp","href":"https:\/\/api.w.org\/{rel}","templated":true}]}}