{"id":5374,"date":"2022-11-12T18:07:51","date_gmt":"2022-11-12T18:07:51","guid":{"rendered":"https:\/\/moverdb.com\/?page_id=5374"},"modified":"2026-01-08T14:38:42","modified_gmt":"2026-01-08T14:38:42","slug":"trinidada-un-tobago","status":"publish","type":"page","link":"https:\/\/moverdb.com\/lv\/container-shipping\/trinidad-and-tobago\/","title":{"rendered":"2023 J\u016bras kravu p\u0101rvad\u0101jumu konteineru p\u0101rvad\u0101jumu cenas uz un no Trinid\u0101das un Tobago"},"content":{"rendered":"<div class=\"wp-block-image\">\n<figure class=\"aligncenter size-full\"><img loading=\"lazy\" decoding=\"async\" width=\"1000\" height=\"662\" src=\"https:\/\/moverdb.com\/wp-content\/uploads\/trinidad-and-tobago.jpg\" alt=\"Smil\u0161aina pludmale ar palm\u0101m Trinidad\u0101 un Tob\u0101go\" class=\"wp-image-5361\" srcset=\"https:\/\/moverdb.com\/wp-content\/uploads\/trinidad-and-tobago.jpg 1000w, https:\/\/moverdb.com\/wp-content\/uploads\/trinidad-and-tobago-300x200.jpg 300w, https:\/\/moverdb.com\/wp-content\/uploads\/trinidad-and-tobago-18x12.jpg 18w, https:\/\/moverdb.com\/wp-content\/uploads\/trinidad-and-tobago-600x397.jpg 600w\" sizes=\"auto, (max-width: 1000px) 100vw, 1000px\" \/><\/figure>\n<\/div>\n\n\n<p><strong>Trinid\u0101da un Tob\u0101go<\/strong> ir v\u0113l viena Kar\u012bbu j\u016bras d\u0101rgakmens, kas piesaista ar sav\u0101m tropu pludmal\u0113m un spilgt\u0101m kult\u016bras viet\u0101m. \u0160\u012b divu salu valsts atrodas tuvu Centr\u0101lajai un Dienvidamerikai, t\u0101p\u0113c ce\u013co\u0161anas iesp\u0113jas ir pla\u0161as un \u0113rtas.<\/p>\n\n\n\n<p>\u0160\u012b popul\u0101r\u0101 sala ir paz\u012bstama ar savu aizraujo\u0161o naktsdz\u012bvi un citu izklaides iesp\u0113ju p\u0101rpiln\u012bbu. T\u0101s infrastrukt\u016bra ir labi att\u012bst\u012bta, un dz\u012bves d\u0101rdz\u012bba ir zema. T\u0101p\u0113c daudzi emigranti no apk\u0101rt\u0113j\u0101m un cit\u0101m valst\u012bm nolemj dot iesp\u0113ju Trinid\u0101dai un Tob\u0101go un p\u0101rcelties uz turieni.<\/p>\n\n\n\n<p>Bet pirms to dar\u0101t, apskatiet, cik maks\u0101 j\u016bsu m\u0101jsaimniec\u012bbas mantu transport\u0113\u0161ana uz Trinidadu un Tobago vai no t\u0101s.<\/p>\n\n\n\n<p>Zem\u0101kais Trinid\u0101das un Tob\u0101go <a href=\"https:\/\/moverdb.com\/lv\/container-shipping\/\" data-internallinksmanager029f6b8e52c=\"3\" title=\"Starptautisko konteineru p\u0101rvad\u0101jumu tarifu diagramma: Apr\u012blis 2026\">konteineru p\u0101rvad\u0101jumu tarifi<\/a> zem\u0101k ir nor\u0101d\u012bti 20' vai 40' konteinera nos\u016bt\u012b\u0161anas noteikumi uz valsti vai no t\u0101s. Lai gan iesp\u0113jas ir diezgan ierobe\u017eotas, jo \u0161o valsti tik bie\u017ei neapmekl\u0113 kravas l\u012bnijp\u0101rvad\u0101t\u0101ji.<\/p>\n\n\n\n<h2 class=\"wp-block-heading\">Konteineru p\u0101rvad\u0101jumu izmaksas uz Trinid\u0101da un Tob\u0101go (Port of Spain)<\/h2>\n\n\n<div class=\"wp-block-image\">\n<figure class=\"aligncenter size-large\"><img loading=\"lazy\" decoding=\"async\" width=\"1024\" height=\"539\" src=\"https:\/\/moverdb.com\/wp-content\/uploads\/Shipping-Container-Costs-to-Trinidad-and-Tobago-1024x539.png\" alt=\"Konteineru p\u0101rvad\u0101jumu izmaksas uz Trinid\u0101da un Tob\u0101go (Port of Spain)\" class=\"wp-image-5364\" srcset=\"https:\/\/moverdb.com\/wp-content\/uploads\/Shipping-Container-Costs-to-Trinidad-and-Tobago-1024x539.png 1024w, https:\/\/moverdb.com\/wp-content\/uploads\/Shipping-Container-Costs-to-Trinidad-and-Tobago-300x158.png 300w, https:\/\/moverdb.com\/wp-content\/uploads\/Shipping-Container-Costs-to-Trinidad-and-Tobago-1536x809.png 1536w, https:\/\/moverdb.com\/wp-content\/uploads\/Shipping-Container-Costs-to-Trinidad-and-Tobago-18x9.png 18w, https:\/\/moverdb.com\/wp-content\/uploads\/Shipping-Container-Costs-to-Trinidad-and-Tobago-600x316.png 600w, https:\/\/moverdb.com\/wp-content\/uploads\/Shipping-Container-Costs-to-Trinidad-and-Tobago.png 2000w\" sizes=\"auto, (max-width: 1024px) 100vw, 1024px\" \/><\/figure>\n<\/div>\n\n\n<table id=\"tablepress-222\" class=\"tablepress tablepress-id-222\">\n<thead>\n<tr class=\"row-1\">\n\t<th class=\"column-1\">Galam\u0113r\u0137a valsts (<a href=\"https:\/\/moverdb.com\/lv\/top-49-container-ports\/\" data-internallinksmanager029f6b8e52c=\"80\" title=\"49 liel\u0101kie un noslogot\u0101kie konteineru ostas 2025. gad\u0101\">Osta<\/a>\/City)<\/th><th class=\"column-2\">20FT<\/th><th class=\"column-3\">40FT<\/th>\n<\/tr>\n<\/thead>\n<tbody class=\"row-striping row-hover\">\n<tr class=\"row-2\">\n\t<td class=\"column-1\"><a href=\"https:\/\/moverdb.com\/lv\/container-shipping\/andorra\/\" data-internallinksmanager029f6b8e52c=\"88\" title=\"2023 J\u016bras kravu p\u0101rvad\u0101jumu ar konteineriem cenas uz Andoru un no t\u0101s\">Andora (Andora la Vella)<\/a><\/td><td class=\"column-2\">$4,035<\/td><td class=\"column-3\">$5,908<\/td>\n<\/tr>\n<tr class=\"row-3\">\n\t<td class=\"column-1\"><a href=\"https:\/\/moverdb.com\/lv\/container-shipping\/argentina\/\" data-internallinksmanager029f6b8e52c=\"91\" title=\"2023 J\u016bras kravu p\u0101rvad\u0101jumu ar konteineriem cenas uz Argent\u012bnu un no t\u0101s\">Argent\u012bna (Buenosairesa)<\/a><\/td><td class=\"column-2\">$600<\/td><td class=\"column-3\">$801<\/td>\n<\/tr>\n<tr class=\"row-4\">\n\t<td class=\"column-1\"><a href=\"https:\/\/moverdb.com\/lv\/container-shipping\/aruba\/\" data-internallinksmanager029f6b8e52c=\"90\" title=\"2023 J\u016bras kravu p\u0101rvad\u0101jumu ar konteineriem cenas uz Arubu un no t\u0101s\">Aruba (Oranjestada)<\/a><\/td><td class=\"column-2\">$600<\/td><td class=\"column-3\">$801<\/td>\n<\/tr>\n<tr class=\"row-5\">\n\t<td class=\"column-1\"><a href=\"https:\/\/moverdb.com\/lv\/container-shipping\/australia\/\" data-internallinksmanager029f6b8e52c=\"89\" title=\"2026 Konteineru ku\u0123o\u0161anas cenas uz Austr\u0101liju un no t\u0101s\">Austr\u0101lija (Sidneja)<\/a><\/td><td class=\"column-2\">$10,171<\/td><td class=\"column-3\">NAV PIEM\u0112ROJAMS<\/td>\n<\/tr>\n<tr class=\"row-6\">\n\t<td class=\"column-1\"><a href=\"https:\/\/moverdb.com\/lv\/container-shipping\/austria\/\" data-internallinksmanager029f6b8e52c=\"95\" title=\"2023 J\u016bras kravu p\u0101rvad\u0101jumu ar konteineriem cenas uz Austriju un no t\u0101s\">Austrija (V\u012bne)<\/a><\/td><td class=\"column-2\">$4,022<\/td><td class=\"column-3\">NAV PIEM\u0112ROJAMS<\/td>\n<\/tr>\n<tr class=\"row-7\">\n\t<td class=\"column-1\"><a href=\"https:\/\/moverdb.com\/lv\/container-shipping\/belize\/\" data-internallinksmanager029f6b8e52c=\"137\" title=\"2023 J\u016bras kravu p\u0101rvad\u0101jumu konteineru p\u0101rvad\u0101jumu cenas uz Belizu un no t\u0101s\">Beliza (Belizas pils\u0113ta)<\/a><\/td><td class=\"column-2\">$1,760<\/td><td class=\"column-3\">$1,806<\/td>\n<\/tr>\n<tr class=\"row-8\">\n\t<td class=\"column-1\"><a href=\"https:\/\/moverdb.com\/lv\/container-shipping\/brazil\/\" data-internallinksmanager029f6b8e52c=\"98\" title=\"2023 J\u016bras kravu p\u0101rvad\u0101jumu ar konteineriem cenas uz Braz\u012bliju un no t\u0101s\">Braz\u012blija (Santosa)<\/a><\/td><td class=\"column-2\">$2,948<\/td><td class=\"column-3\">$3,161<\/td>\n<\/tr>\n<tr class=\"row-9\">\n\t<td class=\"column-1\"><a href=\"https:\/\/moverdb.com\/lv\/container-shipping\/brunei\/\" data-internallinksmanager029f6b8e52c=\"100\" title=\"2023 J\u016bras kravu p\u0101rvad\u0101jumu konteineru p\u0101rvad\u0101jumu cenas uz Bruneju un no t\u0101s\">Bruneja (Muara)<\/a><\/td><td class=\"column-2\">$7,403<\/td><td class=\"column-3\">$7,801<\/td>\n<\/tr>\n<tr class=\"row-10\">\n\t<td class=\"column-1\"><a href=\"https:\/\/moverdb.com\/lv\/container-shipping\/chile\/\" data-internallinksmanager029f6b8e52c=\"104\" title=\"2023 J\u016bras kravu p\u0101rvad\u0101jumu ar konteineriem cenas uz \u010c\u012bli un no t\u0101s\">\u010c\u012ble (Sanantonio)<\/a><\/td><td class=\"column-2\">$1,887<\/td><td class=\"column-3\">$2,709<\/td>\n<\/tr>\n<tr class=\"row-11\">\n\t<td class=\"column-1\"><a href=\"https:\/\/moverdb.com\/lv\/container-shipping\/china\/\" data-internallinksmanager029f6b8e52c=\"105\" title=\"2023 J\u016bras kravu p\u0101rvad\u0101jumu konteineru p\u0101rvad\u0101jumu cenas uz \u0136\u012bnu un no t\u0101s\">\u0136\u012bna (Pekina)<\/a><\/td><td class=\"column-2\">$3,457<\/td><td class=\"column-3\">$3,026<\/td>\n<\/tr>\n<tr class=\"row-12\">\n\t<td class=\"column-1\">\u0136\u012bna (\u0160anhaja)<\/td><td class=\"column-2\">$4,895<\/td><td class=\"column-3\">$4,512<\/td>\n<\/tr>\n<tr class=\"row-13\">\n\t<td class=\"column-1\"><a href=\"https:\/\/moverdb.com\/lv\/container-shipping\/colombia\/\" data-internallinksmanager029f6b8e52c=\"106\" title=\"2023 J\u016bras kravu p\u0101rvad\u0101jumu konteineru p\u0101rvad\u0101jumu cenas uz Kolumbiju un no t\u0101s\">Kolumbija (Barrankilja)<\/a><\/td><td class=\"column-2\">$1,117<\/td><td class=\"column-3\">$1,775<\/td>\n<\/tr>\n<tr class=\"row-14\">\n\t<td class=\"column-1\"><a href=\"https:\/\/moverdb.com\/lv\/container-shipping\/costa-rica\/\" data-internallinksmanager029f6b8e52c=\"138\" title=\"2023 J\u016bras kravu p\u0101rvad\u0101jumu ar konteineriem cenas uz Kostariku un no t\u0101s\">Kostarika (Limona)<\/a><\/td><td class=\"column-2\">$1,540<\/td><td class=\"column-3\">$2,048<\/td>\n<\/tr>\n<tr class=\"row-15\">\n\t<td class=\"column-1\"><a href=\"https:\/\/moverdb.com\/lv\/container-shipping\/dominican-republic\/\" data-internallinksmanager029f6b8e52c=\"112\" title=\"2023 J\u016bras kravu p\u0101rvad\u0101jumu ar konteineriem cenas uz Dominik\u0101nas Republiku un no t\u0101s\">Dominik\u0101nas Republika (Santo Domingo)<\/a><\/td><td class=\"column-2\">$616<\/td><td class=\"column-3\">$1,360<\/td>\n<\/tr>\n<tr class=\"row-16\">\n\t<td class=\"column-1\"><a href=\"https:\/\/moverdb.com\/lv\/container-shipping\/germany\/\" data-internallinksmanager029f6b8e52c=\"118\" title=\"2023 J\u016bras kravu p\u0101rvad\u0101jumu konteineru p\u0101rvad\u0101jumu tarifi uz V\u0101ciju un no t\u0101s\">V\u0101cija (Hamburga)<\/a><\/td><td class=\"column-2\">$2,167<\/td><td class=\"column-3\">$2,982<\/td>\n<\/tr>\n<tr class=\"row-17\">\n\t<td class=\"column-1\"><a href=\"https:\/\/moverdb.com\/lv\/container-shipping\/greece\/\" data-internallinksmanager029f6b8e52c=\"120\" title=\"2023 J\u016bras kravu p\u0101rvad\u0101jumu ar konteineriem cenas uz Grie\u0137iju un no t\u0101s\">Grie\u0137ija (Pireja)<\/a><\/td><td class=\"column-2\">$2,306<\/td><td class=\"column-3\">$2,886<\/td>\n<\/tr>\n<tr class=\"row-18\">\n\t<td class=\"column-1\"><a href=\"https:\/\/moverdb.com\/lv\/container-shipping\/guernsey\/\" data-internallinksmanager029f6b8e52c=\"121\" title=\"2023 J\u016bras kravu p\u0101rvad\u0101jumu ar konteineriem cenas uz G\u0113rnsiju un no t\u0101s\">G\u0113rnsija (Sentp\u012btersija)<\/a><\/td><td class=\"column-2\">$2,499<\/td><td class=\"column-3\">$3,484<\/td>\n<\/tr>\n<tr class=\"row-19\">\n\t<td class=\"column-1\"><a href=\"https:\/\/moverdb.com\/lv\/container-shipping\/haiti\/\" data-internallinksmanager029f6b8e52c=\"122\" title=\"2023 J\u016bras kravu p\u0101rvad\u0101jumu ar konteineriem cenas uz Haiti un no Haiti\">Haiti (Portoprensa)<\/a><\/td><td class=\"column-2\">$616<\/td><td class=\"column-3\">$1,360<\/td>\n<\/tr>\n<tr class=\"row-20\">\n\t<td class=\"column-1\"><a href=\"https:\/\/moverdb.com\/lv\/container-shipping\/hong-kong\/\" data-internallinksmanager029f6b8e52c=\"123\" title=\"2023 J\u016bras kravu p\u0101rvad\u0101jumu konteineru p\u0101rvad\u0101jumu cenas uz Honkongu un no t\u0101s\">Honkonga (Honkonga)<\/a><\/td><td class=\"column-2\">$11,550<\/td><td class=\"column-3\">$11,750<\/td>\n<\/tr>\n<tr class=\"row-21\">\n\t<td class=\"column-1\"><a href=\"https:\/\/moverdb.com\/lv\/container-shipping\/india\/\" data-internallinksmanager029f6b8e52c=\"125\" title=\"2023 J\u016bras kravu p\u0101rvad\u0101jumu konteineru p\u0101rvad\u0101jumu cenas uz Indiju un no Indijas\">Indija (Mumbai)<\/a><\/td><td class=\"column-2\">$3,025<\/td><td class=\"column-3\">$3,833<\/td>\n<\/tr>\n<tr class=\"row-22\">\n\t<td class=\"column-1\"><a href=\"https:\/\/moverdb.com\/lv\/container-shipping\/indonesia\/\" data-internallinksmanager029f6b8e52c=\"126\" title=\"2023 J\u016bras kravu p\u0101rvad\u0101jumu konteineru p\u0101rvad\u0101jumu cenas uz Indon\u0113ziju un no t\u0101s\">Indon\u0113zija (D\u017eakarta)<\/a><\/td><td class=\"column-2\">$3,827<\/td><td class=\"column-3\">$3,425<\/td>\n<\/tr>\n<tr class=\"row-23\">\n\t<td class=\"column-1\"><a href=\"https:\/\/moverdb.com\/lv\/container-shipping\/isle-of-man\/\" data-internallinksmanager029f6b8e52c=\"128\" title=\"2023 J\u016bras kravu p\u0101rvad\u0101jumu ar konteineriem cenas uz Menas salu un no t\u0101s\">Menas sala (Douglas)<\/a><\/td><td class=\"column-2\">$2,255<\/td><td class=\"column-3\">$3,119<\/td>\n<\/tr>\n<tr class=\"row-24\">\n\t<td class=\"column-1\"><a href=\"https:\/\/moverdb.com\/lv\/container-shipping\/italy\/\" data-internallinksmanager029f6b8e52c=\"130\" title=\"2023 J\u016bras kravu p\u0101rvad\u0101jumu ar konteineriem cenas uz It\u0101liju un no t\u0101s\">It\u0101lija (Trieste)<\/a><\/td><td class=\"column-2\">$1,672<\/td><td class=\"column-3\">$1,670<\/td>\n<\/tr>\n<tr class=\"row-25\">\n\t<td class=\"column-1\"><a href=\"https:\/\/moverdb.com\/lv\/container-shipping\/japan\/\" data-internallinksmanager029f6b8e52c=\"131\" title=\"2023 J\u016bras kravu p\u0101rvad\u0101jumu konteineru p\u0101rvad\u0101jumu cenas uz Jap\u0101nu un no Jap\u0101nas\">Jap\u0101na (Tokija)<\/a><\/td><td class=\"column-2\">$7,222<\/td><td class=\"column-3\">$7,454<\/td>\n<\/tr>\n<tr class=\"row-26\">\n\t<td class=\"column-1\"><a href=\"https:\/\/moverdb.com\/lv\/container-shipping\/jersey\/\" data-internallinksmanager029f6b8e52c=\"132\" title=\"2023 J\u016bras kravu p\u0101rvad\u0101jumu ar konteineriem cenas uz D\u017eersiju un no t\u0101s\">D\u017eersija (Sent Helj\u0113ra)<\/a><\/td><td class=\"column-2\">$2,499<\/td><td class=\"column-3\">$3,484<\/td>\n<\/tr>\n<tr class=\"row-27\">\n\t<td class=\"column-1\"><a href=\"https:\/\/moverdb.com\/lv\/moving-to-luxembourg\/\" data-internallinksmanager029f6b8e52c=\"349\" title=\"P\u0101rcel\u0161an\u0101s uz Luksemburgu? 2023 Dz\u012bves izmaksas un p\u0101rcel\u0161an\u0101s padomi\">Luksemburga<\/a><\/td><td class=\"column-2\">$1,188<\/td><td class=\"column-3\">$1,845<\/td>\n<\/tr>\n<tr class=\"row-28\">\n\t<td class=\"column-1\"><a href=\"https:\/\/moverdb.com\/lv\/container-shipping\/pakistan\/\" data-internallinksmanager029f6b8e52c=\"155\" title=\"2023 J\u016bras kravu p\u0101rvad\u0101jumu konteineru p\u0101rvad\u0101jumu cenas uz Pakist\u0101nu un no t\u0101s\">Pakist\u0101na (Kara\u010di)<\/a><\/td><td class=\"column-2\">$9,839<\/td><td class=\"column-3\">$10,678<\/td>\n<\/tr>\n<tr class=\"row-29\">\n\t<td class=\"column-1\"><a href=\"https:\/\/moverdb.com\/lv\/container-shipping\/spain\/\" data-internallinksmanager029f6b8e52c=\"182\" title=\"2023 J\u016bras kravu p\u0101rvad\u0101jumu konteineru p\u0101rvad\u0101jumu cenas uz Sp\u0101niju un no t\u0101s\">Sp\u0101nija (Valensija)<\/a><\/td><td class=\"column-2\">$7,997<\/td><td class=\"column-3\">$11,762<\/td>\n<\/tr>\n<tr class=\"row-30\">\n\t<td class=\"column-1\"><a href=\"https:\/\/moverdb.com\/lv\/container-shipping\/thailand\/\" data-internallinksmanager029f6b8e52c=\"189\" title=\"2023 J\u016bras kravu p\u0101rvad\u0101jumu konteineru ku\u0123niec\u012bbas cenas uz un no Taizemes\">Taizeme (Laem Chabang)<\/a><\/td><td class=\"column-2\">$8,550<\/td><td class=\"column-3\">NAV PIEM\u0112ROJAMS<\/td>\n<\/tr>\n<tr class=\"row-31\">\n\t<td class=\"column-1\"><a href=\"https:\/\/moverdb.com\/lv\/moving-to-the-united-states\/\" data-internallinksmanager029f6b8e52c=\"94\" title=\"P\u0101rce\u013caties uz Amerikas Savienotaj\u0101m Valst\u012bm? 2022 Dz\u012bves izmaksas un p\u0101rcel\u0161an\u0101s padomi\">ASV<\/a> (<a href=\"https:\/\/moverdb.com\/lv\/moving-to-los-angeles\/\" data-internallinksmanager029f6b8e52c=\"51\" title=\"P\u0101rce\u013caties uz Losand\u017eelosu? 2026 Dz\u012bves izmaksas Losand\u017eelos\u0101 un p\u0101rcel\u0161an\u0101s padomi\">Losand\u017eelosa<\/a>)<\/td><td class=\"column-2\">$1,123<\/td><td class=\"column-3\">$1,336<\/td>\n<\/tr>\n<tr class=\"row-32\">\n\t<td class=\"column-1\"><a href=\"https:\/\/moverdb.com\/lv\/container-shipping\/united-states\/\" data-internallinksmanager029f6b8e52c=\"87\" title=\"2023 J\u016bras kravu p\u0101rvad\u0101jumu konteineru p\u0101rvad\u0101jumu cenas uz ASV un no ASV\">ASV (\u0145ujorka)<\/a><\/td><td class=\"column-2\">$1,333<\/td><td class=\"column-3\">$1,679<\/td>\n<\/tr>\n<\/tbody>\n<\/table>\n<!-- #tablepress-222 from cache -->\n\n\n\n<h2 class=\"wp-block-heading\">Konteineru p\u0101rvad\u0101jumu izmaksas no Trinid\u0101das un Tob\u0101go (Port of Spain)<\/h2>\n\n\n<div class=\"wp-block-image\">\n<figure class=\"aligncenter size-large\"><img loading=\"lazy\" decoding=\"async\" width=\"1024\" height=\"539\" src=\"https:\/\/moverdb.com\/wp-content\/uploads\/Shipping-Container-Costs-from-Trinidad-and-Tobago-1024x539.png\" alt=\"Konteineru p\u0101rvad\u0101jumu izmaksas no Trinid\u0101das un Tob\u0101go (Port of Spain)\" class=\"wp-image-5362\" srcset=\"https:\/\/moverdb.com\/wp-content\/uploads\/Shipping-Container-Costs-from-Trinidad-and-Tobago-1024x539.png 1024w, https:\/\/moverdb.com\/wp-content\/uploads\/Shipping-Container-Costs-from-Trinidad-and-Tobago-300x158.png 300w, https:\/\/moverdb.com\/wp-content\/uploads\/Shipping-Container-Costs-from-Trinidad-and-Tobago-1536x809.png 1536w, https:\/\/moverdb.com\/wp-content\/uploads\/Shipping-Container-Costs-from-Trinidad-and-Tobago-18x9.png 18w, https:\/\/moverdb.com\/wp-content\/uploads\/Shipping-Container-Costs-from-Trinidad-and-Tobago-600x316.png 600w, https:\/\/moverdb.com\/wp-content\/uploads\/Shipping-Container-Costs-from-Trinidad-and-Tobago.png 2000w\" sizes=\"auto, (max-width: 1024px) 100vw, 1024px\" \/><\/figure>\n<\/div>\n\n\n<table id=\"tablepress-219\" class=\"tablepress tablepress-id-219\">\n<thead>\n<tr class=\"row-1\">\n\t<th class=\"column-1\">Galam\u0113r\u0137a valsts (osta\/ pils\u0113ta)<\/th><th class=\"column-2\">20FT<\/th><th class=\"column-3\">40FT<\/th>\n<\/tr>\n<\/thead>\n<tbody class=\"row-striping row-hover\">\n<tr class=\"row-2\">\n\t<td class=\"column-1\">Austr\u0101lija (Sidneja)<\/td><td class=\"column-2\">$1,825<\/td><td class=\"column-3\">NAV PIEM\u0112ROJAMS<\/td>\n<\/tr>\n<tr class=\"row-3\">\n\t<td class=\"column-1\">Austrija (V\u012bne)<\/td><td class=\"column-2\">$250<\/td><td class=\"column-3\">$250<\/td>\n<\/tr>\n<tr class=\"row-4\">\n\t<td class=\"column-1\">Braz\u012blija (Santosa)<\/td><td class=\"column-2\">$660<\/td><td class=\"column-3\">$1,082<\/td>\n<\/tr>\n<tr class=\"row-5\">\n\t<td class=\"column-1\"><a href=\"https:\/\/moverdb.com\/lv\/container-shipping\/british-virgin-islands\/\" data-internallinksmanager029f6b8e52c=\"99\" title=\"2023 J\u016bras kravu p\u0101rvad\u0101jumu ar konteineriem cenas uz Britu Vird\u017e\u012bnu sal\u0101m un no t\u0101m\">Britu Vird\u017e\u012bnu salas (Road Town)<\/a><\/td><td class=\"column-2\">$1,188<\/td><td class=\"column-3\">$1,418<\/td>\n<\/tr>\n<tr class=\"row-6\">\n\t<td class=\"column-1\">\u010c\u012ble (Sanantonio)<\/td><td class=\"column-2\">$1,452<\/td><td class=\"column-3\">$1,722<\/td>\n<\/tr>\n<tr class=\"row-7\">\n\t<td class=\"column-1\">\u0136\u012bna (\u0160anhaja)<\/td><td class=\"column-2\">$950<\/td><td class=\"column-3\">$1,111<\/td>\n<\/tr>\n<tr class=\"row-8\">\n\t<td class=\"column-1\">Kolumbija (Barrankilja)<\/td><td class=\"column-2\">$979<\/td><td class=\"column-3\">$1,397<\/td>\n<\/tr>\n<tr class=\"row-9\">\n\t<td class=\"column-1\">Kostarika (Limona)<\/td><td class=\"column-2\">$1,617<\/td><td class=\"column-3\">$2,079<\/td>\n<\/tr>\n<tr class=\"row-10\">\n\t<td class=\"column-1\"><a href=\"https:\/\/moverdb.com\/lv\/container-shipping\/croatia\/\" data-internallinksmanager029f6b8e52c=\"107\" title=\"2023 J\u016bras kravu p\u0101rvad\u0101jumu ar konteineriem cenas uz Horv\u0101tiju un no t\u0101s\">Horv\u0101tija (Rijeka)<\/a><\/td><td class=\"column-2\">$1,672<\/td><td class=\"column-3\">$1,670<\/td>\n<\/tr>\n<tr class=\"row-11\">\n\t<td class=\"column-1\">Dominik\u0101nas Republika (Santo Domingo)<\/td><td class=\"column-2\">$913<\/td><td class=\"column-3\">$1,313<\/td>\n<\/tr>\n<tr class=\"row-12\">\n\t<td class=\"column-1\">Haiti (Portoprensa)<\/td><td class=\"column-2\">$913<\/td><td class=\"column-3\">$1,313<\/td>\n<\/tr>\n<tr class=\"row-13\">\n\t<td class=\"column-1\">Honkonga (Honkonga)<\/td><td class=\"column-2\">$886<\/td><td class=\"column-3\">$1,111<\/td>\n<\/tr>\n<tr class=\"row-14\">\n\t<td class=\"column-1\">Indija (Mumbai)<\/td><td class=\"column-2\">$1,606<\/td><td class=\"column-3\">$2,289<\/td>\n<\/tr>\n<tr class=\"row-15\">\n\t<td class=\"column-1\">Indon\u0113zija (D\u017eakarta)<\/td><td class=\"column-2\">$1,012<\/td><td class=\"column-3\">$1,353<\/td>\n<\/tr>\n<tr class=\"row-16\">\n\t<td class=\"column-1\">Jap\u0101na (Tokija)<\/td><td class=\"column-2\">$886<\/td><td class=\"column-3\">$1,353<\/td>\n<\/tr>\n<tr class=\"row-17\">\n\t<td class=\"column-1\">Luksemburga<\/td><td class=\"column-2\">$1,291<\/td><td class=\"column-3\">$1,588<\/td>\n<\/tr>\n<\/tbody>\n<\/table>\n<!-- #tablepress-219 from cache -->\n\n\n\n<h3 class=\"wp-block-heading\">Piez\u012bmes par datiem:<\/h3>\n\n\n\n<ul class=\"wp-block-list\">\n<li>Visi $ skait\u013ci izteikti ASV dol\u0101ros (USD);<\/li>\n\n\n\n<li>Tarifi ir prec\u012bzi 2022. gada s\u0101kum\u0101;<\/li>\n\n\n\n<li>\u0160aj\u0101 rakst\u0101 iek\u013caut\u0101s kartes tika izveidotas, izmantojot <a href=\"https:\/\/www.mapchart.net\" target=\"_blank\" rel=\"noreferrer noopener\">https:\/\/www.mapchart.net<\/a>. Kartes varat kop\u012bgot, ja vien nor\u0101d\u0101t saiti uz \u0161o vietni. <a href=\"https:\/\/moverdb.com\/lv\/\" target=\"_blank\" rel=\"noreferrer noopener\">MoverDB<\/a>;<\/li>\n\n\n\n<li>Iepriek\u0161 nor\u0101d\u012bt\u0101s likmes ir tikai aptuvenas un kop\u0161 \u0161\u012b raksta public\u0113\u0161anas (2022. gada apr\u012bl\u012b) var b\u016bt main\u012bju\u0161\u0101s. To pamat\u0101 ir zem\u0101k\u0101 apl\u0113st\u0101 likme, kas ieg\u016bta no <a href=\"https:\/\/www.searates.com\" target=\"_blank\" rel=\"noreferrer noopener\">https:\/\/www.searates.com<\/a> vai <a href=\"https:\/\/www.gocomet.com\/freight-shipping-rates-index-calculator\" target=\"_blank\" rel=\"noreferrer noopener\">https:\/\/www.gocomet.com<\/a>;<\/li>\n\n\n\n<li>Lai ieg\u016btu prec\u012bz\u0101ku priek\u0161statu par izmaks\u0101m, l\u016bdzu, izmantojiet cenu pied\u0101v\u0101juma veidlapu \u0161\u012bs lapas aug\u0161pus\u0113;<\/li>\n\n\n\n<li>Skatiet ar\u012b m\u016bsu ce\u013cvedi par <a href=\"https:\/\/moverdb.com\/lv\/konteineru-parvadajumi\/\" target=\"_blank\" rel=\"noreferrer noopener\">starptautiskie konteineru p\u0101rvad\u0101jumi<\/a>.<\/li>\n<\/ul>","protected":false},"excerpt":{"rendered":"<p>Trinidad and Tobago is another Caribbean jewel that attracts with its tropical beaches and vibrant cultural hotspots. This dual island country is close to both Central and South America so the travel opportunities are numerous and convenient. This popular island is known for its exciting nightlife and an abundance of other entertaining pursuits. Its infrastructure [&hellip;]<\/p>\n","protected":false},"author":2,"featured_media":5361,"parent":44,"menu_order":0,"comment_status":"closed","ping_status":"closed","template":"","meta":{"_genesis_hide_title":false,"_genesis_hide_breadcrumbs":false,"_genesis_hide_singular_image":false,"_genesis_hide_footer_widgets":false,"_genesis_custom_body_class":"","_genesis_custom_post_class":"","_genesis_layout":"","footnotes":""},"class_list":{"0":"post-5374","1":"page","2":"type-page","3":"status-publish","4":"has-post-thumbnail","6":"entry"},"_links":{"self":[{"href":"https:\/\/moverdb.com\/lv\/wp-json\/wp\/v2\/pages\/5374","targetHints":{"allow":["GET"]}}],"collection":[{"href":"https:\/\/moverdb.com\/lv\/wp-json\/wp\/v2\/pages"}],"about":[{"href":"https:\/\/moverdb.com\/lv\/wp-json\/wp\/v2\/types\/page"}],"author":[{"embeddable":true,"href":"https:\/\/moverdb.com\/lv\/wp-json\/wp\/v2\/users\/2"}],"replies":[{"embeddable":true,"href":"https:\/\/moverdb.com\/lv\/wp-json\/wp\/v2\/comments?post=5374"}],"version-history":[{"count":1,"href":"https:\/\/moverdb.com\/lv\/wp-json\/wp\/v2\/pages\/5374\/revisions"}],"predecessor-version":[{"id":5375,"href":"https:\/\/moverdb.com\/lv\/wp-json\/wp\/v2\/pages\/5374\/revisions\/5375"}],"up":[{"embeddable":true,"href":"https:\/\/moverdb.com\/lv\/wp-json\/wp\/v2\/pages\/44"}],"wp:featuredmedia":[{"embeddable":true,"href":"https:\/\/moverdb.com\/lv\/wp-json\/wp\/v2\/media\/5361"}],"wp:attachment":[{"href":"https:\/\/moverdb.com\/lv\/wp-json\/wp\/v2\/media?parent=5374"}],"curies":[{"name":"wp","href":"https:\/\/api.w.org\/{rel}","templated":true}]}}