{"id":5242,"date":"2022-10-24T11:48:27","date_gmt":"2022-10-24T11:48:27","guid":{"rendered":"https:\/\/moverdb.com\/?page_id=5242"},"modified":"2026-01-08T15:29:48","modified_gmt":"2026-01-08T15:29:48","slug":"botsvana","status":"publish","type":"page","link":"https:\/\/moverdb.com\/lv\/moving-companies\/botswana-moving-companies\/","title":{"rendered":"Lab\u0101kie starptautisk\u0101s p\u0101rcel\u0161an\u0101s uz\u0146\u0113mumi Botsv\u0101n\u0101"},"content":{"rendered":"<p>Vai pl\u0101nojat p\u0101rcelties uz Botsv\u0101nu vai no Botsv\u0101nas? Neatkar\u012bgi no t\u0101, vai j\u016bs p\u0101rv\u0101caties uz m\u0101j\u0101m vai p\u0101rce\u013cat savu uz\u0146\u0113mumu, piesaistot a\u0123enta pakalpojumus <a href=\"https:\/\/moverdb.com\/lv\/moving-companies\/\" data-internallinksmanager029f6b8e52c=\"79\" title=\"Top 25 Starptautiskie p\u0101rcel\u0161an\u0101s uz\u0146\u0113mumi tie\u0161saist\u0113\">P\u0101rvieto\u0161an\u0101s uz\u0146\u0113mums<\/a> var pal\u012bdz\u0113t atvieglot slodzi. Lai jums pal\u012bdz\u0113tu, m\u0113s esam izveidoju\u0161i Botsv\u0101nas <a href=\"https:\/\/moverdb.com\/lv\/international-removals\/\" data-internallinksmanager029f6b8e52c=\"27\" title=\"36 Lab\u0101kie starptautisko p\u0101rvad\u0101jumu uz\u0146\u0113mumi Apvienotaj\u0101 Karalist\u0113\">p\u0101rv\u0101k\u0161an\u0101s uz\u0146\u0113mumi<\/a> zem\u0101k, kas ir <a href=\"https:\/\/moverdb.com\/lv\/iam\/\" data-internallinksmanager029f6b8e52c=\"23\" title=\"Starptautisk\u0101s P\u0101rv\u0101c\u0113ju asoci\u0101cijas (IAM) skaidrojumi\">Starptautisk\u0101 P\u0101rv\u0101c\u0113ju asoci\u0101cija<\/a> (IAM) un\/vai <a href=\"https:\/\/moverdb.com\/lv\/fidi-faim\/\" data-internallinksmanager029f6b8e52c=\"16\" title=\"FIDI un FAIM (FIDI akredit\u0113tais starptautiskais p\u0101rvietot\u0101js) skaidrojums\">FIDI<\/a> Akredit\u0113ts starptautiskais p\u0101rv\u0101c\u0113js (FAIM).<\/p>\n<h2><strong>AGS Worldwide Movers<\/strong><\/h2>\n<p><em><img loading=\"lazy\" decoding=\"async\" class=\"alignnone size-full wp-image-5137\" src=\"https:\/\/moverdb.com\/wp-content\/uploads\/AGS-Wroldwide-Movers-international-moving-company.png\" alt=\"AGS Wroldwide Movers starptautiskais p\u0101rcel\u0161an\u0101s uz\u0146\u0113mums\" width=\"1440\" height=\"680\" data-wp-pid=\"5137\" srcset=\"https:\/\/moverdb.com\/wp-content\/uploads\/AGS-Wroldwide-Movers-international-moving-company.png 1440w, https:\/\/moverdb.com\/wp-content\/uploads\/AGS-Wroldwide-Movers-international-moving-company-300x142.png 300w, https:\/\/moverdb.com\/wp-content\/uploads\/AGS-Wroldwide-Movers-international-moving-company-1024x484.png 1024w, https:\/\/moverdb.com\/wp-content\/uploads\/AGS-Wroldwide-Movers-international-moving-company-18x9.png 18w, https:\/\/moverdb.com\/wp-content\/uploads\/AGS-Wroldwide-Movers-international-moving-company-600x283.png 600w\" sizes=\"auto, (max-width: 1440px) 100vw, 1440px\" \/><\/em><\/p>\n<ul>\n<li>Viet\u0113jie un viet\u0113jie p\u0101rvadi<\/li>\n<li>Starptautisk\u0101 p\u0101rcel\u0161an\u0101s<\/li>\n<li>Komerci\u0101lie p\u0101rv\u0101k\u0161an\u0101s darbi birojiem<\/li>\n<li>M\u0101jsaimniec\u012bbas p\u0101rv\u0101k\u0161an\u0101s<\/li>\n<li>Piel\u0101gots pakalpojums<\/li>\n<li>Sniedz pakalpojumus \"no durv\u012bm l\u012bdz durv\u012bm\".<\/li>\n<li>Apm\u0101c\u012bti iepako\u0161anas speci\u0101listi, kas darbojas saska\u0146\u0101 ar starptautiskajiem standartiem<\/li>\n<li>Inovat\u012bvu iepakojuma materi\u0101lu izmanto\u0161ana<\/li>\n<li>Transportl\u012bdzek\u013ca p\u0101rvieto\u0161ana<\/li>\n<li>Dro\u0161as uzglab\u0101\u0161anas telpas<\/li>\n<\/ul>\n<p>AGS Worldwide Movers ir starptautisks uz\u0146\u0113mums, kas dibin\u0101ts 1974. gad\u0101 un darbojas 146 viet\u0101s 97 valst\u012bs, tostarp Eirop\u0101, \u0100zij\u0101 un \u0100frik\u0101, tostarp Botsv\u0101n\u0101. Uz\u0146\u0113mumam ir partneru t\u012bkls Amerik\u0101 un Oke\u0101nij\u0101, kas nodro\u0161ina pakalpojumus \u0161aj\u0101s valst\u012bs. Botsv\u0101nas fili\u0101le jau 41 gadu ir IAM biedrs un ir akredit\u0113ta FIDI.<\/p>\n<p>AGS Worldwide Movers sniedz p\u0101rcel\u0161an\u0101s pakalpojumus Botsv\u0101n\u0101 un vis\u0101 pasaul\u0113, izmantojot modern\u0101k\u0101s tehnolo\u0123ijas, kas atvieglo cenu pied\u0101v\u0101jumu, izseko\u0161anu un pieg\u0101di. Vi\u0146i nodarbina apm\u0101c\u012btus iepakot\u0101jus, kas darbojas saska\u0146\u0101 ar starptautiskajiem iepako\u0161anas standartiem un tehniku, k\u0101 ar\u012b izmanto augstas kvalit\u0101tes iepakojuma materi\u0101lus. Vi\u0146i pied\u0101v\u0101 ar\u012b transportl\u012bdzek\u013cu p\u0101rvieto\u0161anas pakalpojumus un dro\u0161as uzglab\u0101\u0161anas iesp\u0113jas.<\/p>\n<p>T\u012bmek\u013ca vietne: <a href=\"https:\/\/www.agsmovers.com\" target=\"_blank\" rel=\"noopener\">https:\/\/www.agsmovers.com<\/a><\/p>","protected":false},"excerpt":{"rendered":"<p>Are you planning a move within Botswana, or to or from Botswana? Whether you are moving your home or your business, engaging the services of a moving company can help lighten the load. To assist you we have compiled a list of Botswana removal companies below that are members of the International Association of Movers [&hellip;]<\/p>\n","protected":false},"author":4,"featured_media":0,"parent":190,"menu_order":0,"comment_status":"closed","ping_status":"closed","template":"","meta":{"_genesis_hide_title":false,"_genesis_hide_breadcrumbs":false,"_genesis_hide_singular_image":false,"_genesis_hide_footer_widgets":false,"_genesis_custom_body_class":"","_genesis_custom_post_class":"","_genesis_layout":"","footnotes":""},"class_list":{"0":"post-5242","1":"page","2":"type-page","3":"status-publish","5":"entry"},"_links":{"self":[{"href":"https:\/\/moverdb.com\/lv\/wp-json\/wp\/v2\/pages\/5242","targetHints":{"allow":["GET"]}}],"collection":[{"href":"https:\/\/moverdb.com\/lv\/wp-json\/wp\/v2\/pages"}],"about":[{"href":"https:\/\/moverdb.com\/lv\/wp-json\/wp\/v2\/types\/page"}],"author":[{"embeddable":true,"href":"https:\/\/moverdb.com\/lv\/wp-json\/wp\/v2\/users\/4"}],"replies":[{"embeddable":true,"href":"https:\/\/moverdb.com\/lv\/wp-json\/wp\/v2\/comments?post=5242"}],"version-history":[{"count":1,"href":"https:\/\/moverdb.com\/lv\/wp-json\/wp\/v2\/pages\/5242\/revisions"}],"predecessor-version":[{"id":5243,"href":"https:\/\/moverdb.com\/lv\/wp-json\/wp\/v2\/pages\/5242\/revisions\/5243"}],"up":[{"embeddable":true,"href":"https:\/\/moverdb.com\/lv\/wp-json\/wp\/v2\/pages\/190"}],"wp:attachment":[{"href":"https:\/\/moverdb.com\/lv\/wp-json\/wp\/v2\/media?parent=5242"}],"curies":[{"name":"wp","href":"https:\/\/api.w.org\/{rel}","templated":true}]}}