{"id":5240,"date":"2022-10-24T11:49:20","date_gmt":"2022-10-24T11:49:20","guid":{"rendered":"https:\/\/moverdb.com\/?page_id=5240"},"modified":"2026-01-08T15:23:38","modified_gmt":"2026-01-08T15:23:38","slug":"bosnija-un-hercegovina","status":"publish","type":"page","link":"https:\/\/moverdb.com\/lv\/moving-companies\/bosnia-and-herzegovina-moving-companies\/","title":{"rendered":"2 lab\u0101kie starptautisk\u0101s p\u0101rcel\u0161an\u0101s uz\u0146\u0113mumi Bosnij\u0101 un Hercegovin\u0101"},"content":{"rendered":"<p>P\u0101rcel\u0161an\u0101s var b\u016bt stresa pilns laiks, \u012bpa\u0161i, ja p\u0101rce\u013caties ar\u012b uz cit\u0101m valst\u012bm, un tie\u0161i \u0161aj\u0101 gad\u012bjum\u0101 p\u0101rcel\u0161an\u0101s uz\u0146\u0113mums var pal\u012bdz\u0113t mazin\u0101t spiedienu. Lai jums pal\u012bdz\u0113tu, m\u0113s esam izveidoju\u0161i sarakstu ar Bosnijas un Hercegovinas <a href=\"https:\/\/moverdb.com\/lv\/international-removals\/\" data-internallinksmanager029f6b8e52c=\"27\" title=\"36 Lab\u0101kie starptautisko p\u0101rvad\u0101jumu uz\u0146\u0113mumi Apvienotaj\u0101 Karalist\u0113\">p\u0101rv\u0101k\u0161an\u0101s uz\u0146\u0113mumi<\/a> kas ir <a href=\"https:\/\/moverdb.com\/lv\/iam\/\" data-internallinksmanager029f6b8e52c=\"23\" title=\"Starptautisk\u0101s P\u0101rv\u0101c\u0113ju asoci\u0101cijas (IAM) skaidrojumi\">Starptautisk\u0101 P\u0101rv\u0101c\u0113ju asoci\u0101cija<\/a> (IAM), kas var\u0113tu jums pal\u012bdz\u0113t.<\/p>\n<h2><strong>1. AGS Worldwide Movers<\/strong><\/h2>\n<p><em><img loading=\"lazy\" decoding=\"async\" class=\"alignnone size-full wp-image-5137\" src=\"https:\/\/moverdb.com\/wp-content\/uploads\/AGS-Wroldwide-Movers-international-moving-company.png\" alt=\"AGS Wroldwide Movers starptautiskais p\u0101rcel\u0161an\u0101s uz\u0146\u0113mums\" width=\"1440\" height=\"680\" data-wp-pid=\"5137\" srcset=\"https:\/\/moverdb.com\/wp-content\/uploads\/AGS-Wroldwide-Movers-international-moving-company.png 1440w, https:\/\/moverdb.com\/wp-content\/uploads\/AGS-Wroldwide-Movers-international-moving-company-300x142.png 300w, https:\/\/moverdb.com\/wp-content\/uploads\/AGS-Wroldwide-Movers-international-moving-company-1024x484.png 1024w, https:\/\/moverdb.com\/wp-content\/uploads\/AGS-Wroldwide-Movers-international-moving-company-18x9.png 18w, https:\/\/moverdb.com\/wp-content\/uploads\/AGS-Wroldwide-Movers-international-moving-company-600x283.png 600w\" sizes=\"auto, (max-width: 1440px) 100vw, 1440px\" \/><\/em><\/p>\n<ul>\n<li>Valsts p\u0101rcel\u0161an\u0101s<\/li>\n<li>Starptautisk\u0101 p\u0101rcel\u0161an\u0101s<\/li>\n<li>P\u0101rv\u0101k\u0161an\u0101s uz dz\u012bvojam\u0101m telp\u0101m<\/li>\n<li>Biroju p\u0101rcel\u0161an\u0101s<\/li>\n<li>P\u0101rv\u0101k\u0161an\u0101s no durv\u012bm l\u012bdz durv\u012bm<\/li>\n<li>Apm\u0101c\u012bts person\u0101ls, kas iepako un transport\u0113 j\u016bsu mantas.<\/li>\n<li>Inovat\u012bvi iepako\u0161anas materi\u0101li un metodes<\/li>\n<li>Videi draudz\u012bgs iepakojums<\/li>\n<li>Transportl\u012bdzek\u013cu nodo\u0161ana<\/li>\n<li>Dro\u0161a uzglab\u0101\u0161ana<\/li>\n<\/ul>\n<p>AGS Worldwide Movers tika izveidota 1974. gad\u0101 un ir papla\u0161in\u0101jusies, k\u013c\u016bstot par starptautisku p\u0101rcel\u0161an\u0101s uz\u0146\u0113mumu, kas aptver Eiropu, \u0100ziju un \u0100friku, k\u0101 ar\u012b partnerus Amerik\u0101 un Oke\u0101nij\u0101. Uz\u0146\u0113mumam ir 146 p\u0101rst\u0101vniec\u012bbas 97 valst\u012bs. Uz\u0146\u0113mums ir IAM biedrs ar 25 gadu darba st\u0101\u017eu.<\/p>\n<p>AGS Worldwide Movers izmanto progres\u012bvus un gudrus risin\u0101jumus, lai efekt\u012bv\u0101k sniegtu pied\u0101v\u0101jumus, izsekotu un nodro\u0161in\u0101tu pieg\u0101di. Vi\u0146i nodro\u0161ina apm\u0101c\u012btus darbiniekus, kas, izmantojot inovat\u012bvus iepako\u0161anas materi\u0101lus un pa\u0146\u0113mienus, dro\u0161i iesai\u0146os j\u016bsu mantas, lai nov\u0113rstu to boj\u0101jumus. Vi\u0146i nodro\u0161ina ar\u012b transportl\u012bdzek\u013cu transport\u0113\u0161anas risin\u0101jumus un dro\u0161u uzglab\u0101\u0161anu, ja nepiecie\u0161ams.<\/p>\n<p>T\u012bmek\u013ca vietne: <a href=\"http:\/\/www.agsmovers.com\" target=\"_blank\" rel=\"noopener\">http:\/\/www.agsmovers.com<\/a><\/p>\n<h2><strong>2. Intermove<\/strong><\/h2>\n<p><em><img loading=\"lazy\" decoding=\"async\" class=\"alignnone size-full wp-image-5176\" src=\"https:\/\/moverdb.com\/wp-content\/uploads\/Intermove-international-moving-company.png\" alt=\"Intermove starptautiskais p\u0101rvieto\u0161an\u0101s uz\u0146\u0113mums\" width=\"1440\" height=\"680\" data-wp-pid=\"5176\" srcset=\"https:\/\/moverdb.com\/wp-content\/uploads\/Intermove-international-moving-company.png 1440w, https:\/\/moverdb.com\/wp-content\/uploads\/Intermove-international-moving-company-300x142.png 300w, https:\/\/moverdb.com\/wp-content\/uploads\/Intermove-international-moving-company-1024x484.png 1024w, https:\/\/moverdb.com\/wp-content\/uploads\/Intermove-international-moving-company-18x9.png 18w, https:\/\/moverdb.com\/wp-content\/uploads\/Intermove-international-moving-company-600x283.png 600w\" sizes=\"auto, (max-width: 1440px) 100vw, 1440px\" \/><\/em><\/p>\n<ul>\n<li>Viet\u0113jie un viet\u0113jie p\u0101rvadi<\/li>\n<li>Starptautisk\u0101 p\u0101rcel\u0161an\u0101s<\/li>\n<li>M\u0101jsaimniec\u012bbas p\u0101rv\u0101k\u0161an\u0101s<\/li>\n<li>Uz\u0146\u0113mumu p\u0101rvieto\u0161ana<\/li>\n<li>Augsti kvalific\u0113ti iepakot\u0101ji<\/li>\n<li>Iepako\u0161anas un izpako\u0161anas pakalpojumi<\/li>\n<li>Pieg\u0101des lo\u0123istika<\/li>\n<li>Muito\u0161ana<\/li>\n<li>Apdro\u0161in\u0101\u0161ana<\/li>\n<li>Uzglab\u0101\u0161anas iek\u0101rtas<\/li>\n<\/ul>\n<p>Intermove ir p\u0101rcel\u0161an\u0101s uz\u0146\u0113mums, kas dibin\u0101ts 1996. gad\u0101, lai pal\u012bdz\u0113tu \u0123imen\u0113m un uz\u0146\u0113mumiem p\u0101rcelties. Vi\u0146i sniedz pakalpojumus Bosnij\u0101 un Hercegovin\u0101, k\u0101 ar\u012b tiem, kas v\u0113las p\u0101rcelties uz \u0161o valsti vai no t\u0101s. Vi\u0146i ir IAM biedri ar 26 gadu darba st\u0101\u017eu.<\/p>\n<p>Intermove nodro\u0161ina augsti kvalific\u0113tus sai\u0146ot\u0101jus, kas ir apm\u0101c\u012bti starptautiskaj\u0101s iepako\u0161anas metod\u0113s un izmanto augstas kvalit\u0101tes materi\u0101lus, lai aizsarg\u0101tu j\u016bsu mantas. Vi\u0146i iesai\u0146os j\u016bsu mantas un organiz\u0113s to nos\u016bt\u012b\u0161anu, tostarp muito\u0161anu un izkrau\u0161anu. Vi\u0146i nodro\u0161in\u0101s apdro\u0161in\u0101\u0161anu, m\u0101jas mekl\u0113\u0161anu, orient\u0113\u0161anos apk\u0101rtn\u0113 un elast\u012bgu uzglab\u0101\u0161anas risin\u0101jumu iesp\u0113ju.<\/p>\n<p>T\u012bmek\u013ca vietne: <a href=\"http:\/\/www.intermovebosnia.com\" target=\"_blank\" rel=\"noopener\">http:\/\/www.intermovebosnia.com<\/a><\/p>","protected":false},"excerpt":{"rendered":"<p>Moving can be a stressful time especially if you are moving countries as well, that is where a moving or relocation company can help relieve some of the pressure. To help you we have compiled a list of Bosnia and Herzegovina removal companies that are members of the International Association of Movers (IAM) who could [&hellip;]<\/p>\n","protected":false},"author":4,"featured_media":0,"parent":190,"menu_order":0,"comment_status":"closed","ping_status":"closed","template":"","meta":{"_genesis_hide_title":false,"_genesis_hide_breadcrumbs":false,"_genesis_hide_singular_image":false,"_genesis_hide_footer_widgets":false,"_genesis_custom_body_class":"","_genesis_custom_post_class":"","_genesis_layout":"","footnotes":""},"class_list":{"0":"post-5240","1":"page","2":"type-page","3":"status-publish","5":"entry","6":"has-post-thumbnail"},"_links":{"self":[{"href":"https:\/\/moverdb.com\/lv\/wp-json\/wp\/v2\/pages\/5240","targetHints":{"allow":["GET"]}}],"collection":[{"href":"https:\/\/moverdb.com\/lv\/wp-json\/wp\/v2\/pages"}],"about":[{"href":"https:\/\/moverdb.com\/lv\/wp-json\/wp\/v2\/types\/page"}],"author":[{"embeddable":true,"href":"https:\/\/moverdb.com\/lv\/wp-json\/wp\/v2\/users\/4"}],"replies":[{"embeddable":true,"href":"https:\/\/moverdb.com\/lv\/wp-json\/wp\/v2\/comments?post=5240"}],"version-history":[{"count":1,"href":"https:\/\/moverdb.com\/lv\/wp-json\/wp\/v2\/pages\/5240\/revisions"}],"predecessor-version":[{"id":5241,"href":"https:\/\/moverdb.com\/lv\/wp-json\/wp\/v2\/pages\/5240\/revisions\/5241"}],"up":[{"embeddable":true,"href":"https:\/\/moverdb.com\/lv\/wp-json\/wp\/v2\/pages\/190"}],"wp:attachment":[{"href":"https:\/\/moverdb.com\/lv\/wp-json\/wp\/v2\/media?parent=5240"}],"curies":[{"name":"wp","href":"https:\/\/api.w.org\/{rel}","templated":true}]}}