{"id":5237,"date":"2022-10-24T11:50:03","date_gmt":"2022-10-24T11:50:03","guid":{"rendered":"https:\/\/moverdb.com\/?page_id=5237"},"modified":"2026-01-08T15:24:38","modified_gmt":"2026-01-08T15:24:38","slug":"bolivija","status":"publish","type":"page","link":"https:\/\/moverdb.com\/lv\/moving-companies\/bolivia-moving-companies\/","title":{"rendered":"4 lab\u0101kie starptautisk\u0101s p\u0101rcel\u0161an\u0101s uz\u0146\u0113mumi Bol\u012bvij\u0101"},"content":{"rendered":"<p>Ja v\u0113laties p\u0101rcelties uz Bol\u012bviju vai p\u0101rcelties uz m\u0101j\u0101m vai uz\u0146\u0113m\u0113jdarb\u012bbu Bol\u012bvij\u0101 vai no t\u0101s, iesp\u0113jams, v\u0113laties sa\u0146emt atbalstu, lai mazin\u0101tu p\u0101rcel\u0161an\u0101s rad\u012bto stresu un darbu. Zem\u0101k m\u0113s esam apkopoju\u0161i Bol\u012bvijas <a href=\"https:\/\/moverdb.com\/lv\/international-removals\/\" data-internallinksmanager029f6b8e52c=\"27\" title=\"36 Lab\u0101kie starptautisko p\u0101rvad\u0101jumu uz\u0146\u0113mumi Apvienotaj\u0101 Karalist\u0113\">p\u0101rv\u0101k\u0161an\u0101s uz\u0146\u0113mumi<\/a> kas ir <a href=\"https:\/\/moverdb.com\/lv\/iam\/\" data-internallinksmanager029f6b8e52c=\"23\" title=\"Starptautisk\u0101s P\u0101rv\u0101c\u0113ju asoci\u0101cijas (IAM) skaidrojumi\">Starptautisk\u0101 P\u0101rv\u0101c\u0113ju asoci\u0101cija<\/a> (IAM) un\/vai <a href=\"https:\/\/moverdb.com\/lv\/fidi-faim\/\" data-internallinksmanager029f6b8e52c=\"16\" title=\"FIDI un FAIM (FIDI akredit\u0113tais starptautiskais p\u0101rvietot\u0101js) skaidrojums\">FIDI<\/a> Akredit\u0113ti starptautiskie p\u0101rv\u0101c\u0113ji (FAIM), kas var\u0113tu jums pal\u012bdz\u0113t.<\/p>\n<div id=\"ez-toc-container\" class=\"ez-toc-v2_0_82_2 ez-toc-wrap-left counter-hierarchy ez-toc-counter ez-toc-transparent ez-toc-container-direction\">\n<div class=\"ez-toc-title-container\">\n<p class=\"ez-toc-title\" style=\"cursor:inherit\">Sada\u013cas<\/p>\n<span class=\"ez-toc-title-toggle\"><a href=\"#\" class=\"ez-toc-pull-right ez-toc-btn ez-toc-btn-xs ez-toc-btn-default ez-toc-toggle\" aria-label=\"P\u0101rsl\u0113gt satura tabulu\"><span class=\"ez-toc-js-icon-con\"><span class=\"\"><span class=\"eztoc-hide\" style=\"display:none;\">P\u0101rsl\u0113gt<\/span><span class=\"ez-toc-icon-toggle-span\"><svg style=\"fill: #999;color:#999\" xmlns=\"http:\/\/www.w3.org\/2000\/svg\" class=\"list-377408\" width=\"20px\" height=\"20px\" viewbox=\"0 0 24 24\" fill=\"none\"><path d=\"M6 6H4v2h2V6zm14 0H8v2h12V6zM4 11h2v2H4v-2zm16 0H8v2h12v-2zM4 16h2v2H4v-2zm16 0H8v2h12v-2z\" fill=\"currentColor\"><\/path><\/svg><svg style=\"fill: #999;color:#999\" class=\"arrow-unsorted-368013\" xmlns=\"http:\/\/www.w3.org\/2000\/svg\" width=\"10px\" height=\"10px\" viewbox=\"0 0 24 24\" version=\"1.2\" baseprofile=\"tiny\"><path d=\"M18.2 9.3l-6.2-6.3-6.2 6.3c-.2.2-.3.4-.3.7s.1.5.3.7c.2.2.4.3.7.3h11c.3 0 .5-.1.7-.3.2-.2.3-.5.3-.7s-.1-.5-.3-.7zM5.8 14.7l6.2 6.3 6.2-6.3c.2-.2.3-.5.3-.7s-.1-.5-.3-.7c-.2-.2-.4-.3-.7-.3h-11c-.3 0-.5.1-.7.3-.2.2-.3.5-.3.7s.1.5.3.7z\"\/><\/svg><\/span><\/span><\/span><\/a><\/span><\/div>\n<nav><ul class='ez-toc-list ez-toc-list-level-1 eztoc-toggle-hide-by-default' ><li class='ez-toc-page-1 ez-toc-heading-level-2'><a class=\"ez-toc-link ez-toc-heading-1\" href=\"https:\/\/moverdb.com\/lv\/moving-companies\/bolivia-moving-companies\/#1_Bolivian_Movers\" >1. Bol\u012bvijas p\u0101rvietot\u0101ji<\/a><\/li><li class='ez-toc-page-1 ez-toc-heading-level-2'><a class=\"ez-toc-link ez-toc-heading-2\" href=\"https:\/\/moverdb.com\/lv\/moving-companies\/bolivia-moving-companies\/#2_Express_Cargo_Services\" >2. Ekspress kravu p\u0101rvad\u0101jumi<\/a><\/li><li class='ez-toc-page-1 ez-toc-heading-level-2'><a class=\"ez-toc-link ez-toc-heading-3\" href=\"https:\/\/moverdb.com\/lv\/moving-companies\/bolivia-moving-companies\/#3_Total_Bolivian_Moving\" >3. Kop\u0101 Bol\u012bvija P\u0101rvieto\u0161ana<\/a><\/li><li class='ez-toc-page-1 ez-toc-heading-level-2'><a class=\"ez-toc-link ez-toc-heading-4\" href=\"https:\/\/moverdb.com\/lv\/moving-companies\/bolivia-moving-companies\/#4_Inbolpack\" >4. Inbolpack<\/a><\/li><\/ul><\/nav><\/div>\n<h2><span class=\"ez-toc-section\" id=\"1_Bolivian_Movers\"><\/span><strong>1. Bol\u012bvijas p\u0101rvietot\u0101ji<\/strong><span class=\"ez-toc-section-end\"><\/span><\/h2>\n<p><em><img loading=\"lazy\" decoding=\"async\" class=\"alignnone size-full wp-image-5150\" src=\"https:\/\/moverdb.com\/wp-content\/uploads\/Bolivian-Movers-international-moving-company.png\" alt=\"Bol\u012bvijas Movers starptautisks p\u0101rvietojas uz\u0146\u0113mums\" width=\"1440\" height=\"671\" data-wp-pid=\"5150\" srcset=\"https:\/\/moverdb.com\/wp-content\/uploads\/Bolivian-Movers-international-moving-company.png 1440w, https:\/\/moverdb.com\/wp-content\/uploads\/Bolivian-Movers-international-moving-company-300x140.png 300w, https:\/\/moverdb.com\/wp-content\/uploads\/Bolivian-Movers-international-moving-company-1024x477.png 1024w, https:\/\/moverdb.com\/wp-content\/uploads\/Bolivian-Movers-international-moving-company-18x8.png 18w, https:\/\/moverdb.com\/wp-content\/uploads\/Bolivian-Movers-international-moving-company-600x280.png 600w\" sizes=\"auto, (max-width: 1440px) 100vw, 1440px\" \/><\/em><\/p>\n<ul>\n<li>Valsts p\u0101rcel\u0161an\u0101s<\/li>\n<li>Starptautisk\u0101 p\u0101rcel\u0161an\u0101s<\/li>\n<li>M\u0101jas p\u0101rcel\u0161an\u0101s<\/li>\n<li>Biroju p\u0101rcel\u0161an\u0101s<\/li>\n<li>Vienots kontaktpunkts j\u016bsu p\u0101rcel\u0161an\u0101s laik\u0101<\/li>\n<li>Moderns autoparks un apr\u012bkojums<\/li>\n<li>Profesion\u0101la iepako\u0161ana ar augstas kvalit\u0101tes materi\u0101liem<\/li>\n<li>M\u0101kslas transport\u0113\u0161ana<\/li>\n<li>M\u0101jdz\u012bvnieku p\u0101rvieto\u0161ana<\/li>\n<li>Dro\u0161as uzglab\u0101\u0161anas telpas<\/li>\n<\/ul>\n<p>Uz\u0146\u0113mums Bolivia Movers tika dibin\u0101ts 1974. gad\u0101, lai sniegtu p\u0101rcel\u0161an\u0101s pakalpojumus Bol\u012bvij\u0101 un \u0101rpus t\u0101s. Uz\u0146\u0113mums ir IAM biedrs ar 48 gadu darba st\u0101\u017eu. Vi\u0146i ir da\u013ca no starptautiska p\u0101rv\u0101c\u0113ju t\u012bkla, kas \u013cauj vi\u0146iem atbalst\u012bt j\u016bsu p\u0101rv\u0101k\u0161anos jebkur\u0101 pasaules viet\u0101. Vi\u0146iem ir moderns transportl\u012bdzek\u013cu un apr\u012bkojuma autoparks, un vi\u0146i nodro\u0161ina jums kontaktpersonu, kas uzraudz\u012bs j\u016bsu p\u0101rv\u0101k\u0161anos.<\/p>\n<p>Bol\u012bvijas Movers sniedz profesion\u0101lu iepako\u0161anas pakalpojumu, kur\u0101 tiek izmantoti augstas kvalit\u0101tes materi\u0101li un pieredz\u0113ju\u0161i iepakot\u0101ji ar akredit\u0113t\u0101m iepako\u0161anas metod\u0113m. Vi\u0146i pied\u0101v\u0101 ar\u012b m\u0101jdz\u012bvnieku p\u0101rvieto\u0161anas pakalpojumus un konsult\u0113 par sp\u0113k\u0101 eso\u0161ajiem noteikumiem. Vi\u0146i pied\u0101v\u0101 ar\u012b dro\u0161as uzglab\u0101\u0161anas telpas.<\/p>\n<p>T\u012bmek\u013ca vietne: <a href=\"http:\/\/www.bolivianmovers.com\" target=\"_blank\" rel=\"noopener\">http:\/\/www.bolivianmovers.com<\/a><\/p>\n<h2><span class=\"ez-toc-section\" id=\"2_Express_Cargo_Services\"><\/span><strong>2. Ekspress kravu p\u0101rvad\u0101jumi<\/strong><span class=\"ez-toc-section-end\"><\/span><\/h2>\n<p><em><img loading=\"lazy\" decoding=\"async\" class=\"alignnone size-full wp-image-5166\" src=\"https:\/\/moverdb.com\/wp-content\/uploads\/Express-Cargo-Services-international-moving-company.png\" alt=\"Express Cargo Services starptautiskais p\u0101rvad\u0101jumu uz\u0146\u0113mums\" width=\"1440\" height=\"680\" data-wp-pid=\"5166\" srcset=\"https:\/\/moverdb.com\/wp-content\/uploads\/Express-Cargo-Services-international-moving-company.png 1440w, https:\/\/moverdb.com\/wp-content\/uploads\/Express-Cargo-Services-international-moving-company-300x142.png 300w, https:\/\/moverdb.com\/wp-content\/uploads\/Express-Cargo-Services-international-moving-company-1024x484.png 1024w, https:\/\/moverdb.com\/wp-content\/uploads\/Express-Cargo-Services-international-moving-company-18x9.png 18w, https:\/\/moverdb.com\/wp-content\/uploads\/Express-Cargo-Services-international-moving-company-600x283.png 600w\" sizes=\"auto, (max-width: 1440px) 100vw, 1440px\" \/><\/em><\/p>\n<ul>\n<li>Valsts p\u0101rcel\u0161an\u0101s<\/li>\n<li>Starptautisk\u0101 p\u0101rcel\u0161an\u0101s<\/li>\n<li>P\u0101rv\u0101k\u0161an\u0101s uz dz\u012bvojam\u0101m telp\u0101m<\/li>\n<li>Mikroautobusu un kravas automa\u0161\u012bnu parks<\/li>\n<li>Autotransports, j\u016bras un gaisa transports<\/li>\n<li>Iepako\u0161anas pakalpojumi<\/li>\n<li>Eksporta un importa muitas proced\u016bras<\/li>\n<li>M\u0101kslas darbu transport\u0113\u0161ana<\/li>\n<li>M\u0101jdz\u012bvnieku p\u0101rvieto\u0161ana<\/li>\n<li>Dro\u0161a uzglab\u0101\u0161ana<\/li>\n<\/ul>\n<p>Express Cargo Services tika dibin\u0101ts 1989. gad\u0101 k\u0101 p\u0101rcel\u0161an\u0101s uz\u0146\u0113mums Bol\u012bvij\u0101. Tie sniedz da\u017e\u0101dus p\u0101rcel\u0161an\u0101s pakalpojumus klientiem, kuri v\u0113las p\u0101rcelties uz Bol\u012bviju vai jebkur citur pasaul\u0113. Uz\u0146\u0113mums ir IAM biedrs ar 33 gadu darba st\u0101\u017eu.<\/p>\n<p>Express Cargo Services pied\u0101v\u0101 pakalpojumus no durv\u012bm l\u012bdz durv\u012bm uz jebkuru pasaules valsti un no t\u0101s. Uz\u0146\u0113mums izmanto savu kravas furgonu un kravas automa\u0161\u012bnu parku, lai atvieglotu p\u0101rvieto\u0161anos Bol\u012bvij\u0101, un sadarbojas ar partneriem un ekspeditoriem starptautisk\u0101 m\u0113rog\u0101, izmantojot autotransportu, j\u016bras un gaisa transportu. Vi\u0146i sniedz iepako\u0161anas pakalpojumus, muitas atbalstu, m\u0101kslas darbu transport\u0113\u0161anu, m\u0101jdz\u012bvnieku p\u0101rvieto\u0161anu un dro\u0161as uzglab\u0101\u0161anas iesp\u0113jas.<\/p>\n<p>T\u012bmek\u013ca vietne: <a href=\"http:\/\/www.expresscargobolivia.com\" target=\"_blank\" rel=\"noopener\">http:\/\/www.expresscargobolivia.com<\/a><\/p>\n<h2><span class=\"ez-toc-section\" id=\"3_Total_Bolivian_Moving\"><\/span><strong>3. Kop\u0101 Bol\u012bvija P\u0101rvieto\u0161ana<\/strong><span class=\"ez-toc-section-end\"><\/span><\/h2>\n<p><em><img loading=\"lazy\" decoding=\"async\" class=\"alignnone size-full wp-image-5210\" src=\"https:\/\/moverdb.com\/wp-content\/uploads\/Total-Bolivian-Moving-international-moving-company.png\" alt=\"Kop\u0101 Bol\u012bvijas P\u0101rvieto\u0161an\u0101s starptautisk\u0101 p\u0101rv\u0101k\u0161an\u0101s uz\u0146\u0113mums\" width=\"1440\" height=\"636\" data-wp-pid=\"5210\" srcset=\"https:\/\/moverdb.com\/wp-content\/uploads\/Total-Bolivian-Moving-international-moving-company.png 1440w, https:\/\/moverdb.com\/wp-content\/uploads\/Total-Bolivian-Moving-international-moving-company-300x133.png 300w, https:\/\/moverdb.com\/wp-content\/uploads\/Total-Bolivian-Moving-international-moving-company-1024x452.png 1024w, https:\/\/moverdb.com\/wp-content\/uploads\/Total-Bolivian-Moving-international-moving-company-18x8.png 18w, https:\/\/moverdb.com\/wp-content\/uploads\/Total-Bolivian-Moving-international-moving-company-600x265.png 600w\" sizes=\"auto, (max-width: 1440px) 100vw, 1440px\" \/><\/em><\/p>\n<ul>\n<li>Valsts p\u0101rcel\u0161an\u0101s<\/li>\n<li>Starptautisk\u0101 p\u0101rcel\u0161an\u0101s<\/li>\n<li>Dz\u012bvojamo un komerci\u0101lo \u0113ku p\u0101rvieto\u0161ana<\/li>\n<li>P\u0101rcel\u0161an\u0101s organiz\u0113\u0161ana un pl\u0101no\u0161ana<\/li>\n<li>Apm\u0101c\u012bti un pieredz\u0113ju\u0161i darbinieki<\/li>\n<li>Iepako\u0161anas pakalpojums, izmantojot augstas kvalit\u0101tes materi\u0101lus<\/li>\n<li>Apdro\u0161in\u0101\u0161ana<\/li>\n<li>M\u0101kslas darbu transport\u0113\u0161ana<\/li>\n<li>Transportl\u012bdzek\u013cu transport\u0113\u0161ana<\/li>\n<li>Dro\u0161a uzglab\u0101\u0161ana<\/li>\n<\/ul>\n<p>Total Bolivian Moving ir p\u0101rcel\u0161an\u0101s uz\u0146\u0113mums, kas atrodas La Paz\u0101 un sniedz p\u0101rcel\u0161an\u0101s pakalpojumus Bol\u012bvij\u0101 un uz Bol\u012bviju un no t\u0101s. Tie sniedz pakalpojumus gan priv\u0101tperson\u0101m, gan ar\u012b komerci\u0101liem klientiem, tostarp organiz\u0101cij\u0101m un uz\u0146\u0113mumiem. Vi\u0146i specializ\u0113jas m\u0101kslas darbu p\u0101rvad\u0101\u0161an\u0101. Uz\u0146\u0113mums ir IAM biedrs, kas darbojas 7 gadus.<\/p>\n<p>Total Bolivian Moving pal\u012bdz\u0113s jums organiz\u0113t p\u0101rcel\u0161anos un pal\u012bdz\u0113s ar pl\u0101no\u0161anu. Vi\u0146i nodro\u0161ina apm\u0101c\u012btus un pieredz\u0113ju\u0161us darbiniekus, kas, izmantojot augstas kvalit\u0101tes iesai\u0146o\u0161anas materi\u0101lus, dro\u0161i un dro\u0161i iesai\u0146os j\u016bsu mantas, lai nov\u0113rstu boj\u0101jumus. Vajadz\u012bbas gad\u012bjum\u0101 vi\u0146i nodro\u0161ina j\u016bsu mantu apdro\u0161in\u0101\u0161anu un uzglab\u0101\u0161anu.<\/p>\n<p>T\u012bmek\u013ca vietne: <a href=\"http:\/\/www.tobolmoving.com\" target=\"_blank\" rel=\"noopener\">http:\/\/www.tobolmoving.com<\/a><\/p>\n<h2><span class=\"ez-toc-section\" id=\"4_Inbolpack\"><\/span><strong>4. Inbolpack<\/strong><span class=\"ez-toc-section-end\"><\/span><\/h2>\n<p>&nbsp;<img loading=\"lazy\" decoding=\"async\" class=\"alignnone size-full wp-image-5238\" src=\"https:\/\/moverdb.com\/wp-content\/uploads\/Inbolpack-international-moving-company.png\" alt=\"\" width=\"1440\" height=\"682\" data-wp-pid=\"5238\" srcset=\"https:\/\/moverdb.com\/wp-content\/uploads\/Inbolpack-international-moving-company.png 1440w, https:\/\/moverdb.com\/wp-content\/uploads\/Inbolpack-international-moving-company-300x142.png 300w, https:\/\/moverdb.com\/wp-content\/uploads\/Inbolpack-international-moving-company-1024x485.png 1024w, https:\/\/moverdb.com\/wp-content\/uploads\/Inbolpack-international-moving-company-18x9.png 18w, https:\/\/moverdb.com\/wp-content\/uploads\/Inbolpack-international-moving-company-600x284.png 600w\" sizes=\"auto, (max-width: 1440px) 100vw, 1440px\" \/><\/p>\n<ul>\n<li>Viet\u0113jie un viet\u0113jie p\u0101rvadi<\/li>\n<li>Starptautisk\u0101 p\u0101rcel\u0161an\u0101s<\/li>\n<li>M\u0101jsaimniec\u012bbas p\u0101rv\u0101k\u0161an\u0101s<\/li>\n<li>Komerci\u0101lie p\u0101rv\u0101k\u0161an\u0101s darbi<\/li>\n<li>\u012apa\u0161o projektu transports<\/li>\n<li>Pakalpojums \"no durv\u012bm l\u012bdz durv\u012bm<\/li>\n<li>Profesion\u0101li iepakot\u0101ji<\/li>\n<li>Augstas kvalit\u0101tes iepakojuma materi\u0101li<\/li>\n<li>Pa\u0161u autoparks ar da\u017e\u0101diem transportl\u012bdzek\u013ciem<\/li>\n<li>Uzglab\u0101\u0161anas risin\u0101jumi<\/li>\n<\/ul>\n<p>Uz\u0146\u0113mums Inbolpack tika dibin\u0101ts 1978. gad\u0101 k\u0101 p\u0101rcel\u0161an\u0101s uz\u0146\u0113mums, kas apkalpo Bol\u012bviju un starptautiski, jo valst\u012b ir \u0101rvalstu darbinieki. Uz\u0146\u0113mums pal\u012bdz cilv\u0113kiem un uz\u0146\u0113mumiem p\u0101rcelties Bol\u012bvij\u0101, uz Bol\u012bviju un no t\u0101s. Uz\u0146\u0113mums ir IAM biedrs ar 44 gadu darba st\u0101\u017eu, un to ir akredit\u0113jusi FIDI.<\/p>\n<p>Inbolpack pied\u0101v\u0101 p\u0101rcel\u0161an\u0101s pakalpojumus no durv\u012bm l\u012bdz durv\u012bm, kas nodro\u0161ina profesion\u0101lu iepako\u0161anas pakalpojumu ar apm\u0101c\u012btu person\u0101lu, kur\u0161 atbilst starptautiskajiem standartiem un izmanto augstas kvalit\u0101tes iepakojuma materi\u0101lus. Vi\u0146iem ir ar\u012b savs autoparks, kur\u0101 ietilpst kravas automa\u0161\u012bnas un celt\u0146i. Vi\u0146i nodro\u0161ina ar\u012b viet\u0113jas un starptautiskas kravu uzglab\u0101\u0161anas iesp\u0113jas.<\/p>\n<p>T\u012bmek\u013ca vietne: <a href=\"http:\/\/www.inbolpack.net\" target=\"_blank\" rel=\"noopener\">http:\/\/www.inbolpack.net<\/a><\/p>","protected":false},"excerpt":{"rendered":"<p>If you are wanting to move home or business in Bolivia, or to or from Bolivia then you might want some support to reduce the stress and work needed for the move. Below we have compiled a list of Bolivian removal companies that are members of the International Association of Movers (IAM) and\/or FIDI Accredited [&hellip;]<\/p>\n","protected":false},"author":4,"featured_media":0,"parent":190,"menu_order":0,"comment_status":"closed","ping_status":"closed","template":"","meta":{"_genesis_hide_title":false,"_genesis_hide_breadcrumbs":false,"_genesis_hide_singular_image":false,"_genesis_hide_footer_widgets":false,"_genesis_custom_body_class":"","_genesis_custom_post_class":"","_genesis_layout":"","footnotes":""},"class_list":{"0":"post-5237","1":"page","2":"type-page","3":"status-publish","5":"entry","6":"has-post-thumbnail"},"_links":{"self":[{"href":"https:\/\/moverdb.com\/lv\/wp-json\/wp\/v2\/pages\/5237","targetHints":{"allow":["GET"]}}],"collection":[{"href":"https:\/\/moverdb.com\/lv\/wp-json\/wp\/v2\/pages"}],"about":[{"href":"https:\/\/moverdb.com\/lv\/wp-json\/wp\/v2\/types\/page"}],"author":[{"embeddable":true,"href":"https:\/\/moverdb.com\/lv\/wp-json\/wp\/v2\/users\/4"}],"replies":[{"embeddable":true,"href":"https:\/\/moverdb.com\/lv\/wp-json\/wp\/v2\/comments?post=5237"}],"version-history":[{"count":1,"href":"https:\/\/moverdb.com\/lv\/wp-json\/wp\/v2\/pages\/5237\/revisions"}],"predecessor-version":[{"id":5239,"href":"https:\/\/moverdb.com\/lv\/wp-json\/wp\/v2\/pages\/5237\/revisions\/5239"}],"up":[{"embeddable":true,"href":"https:\/\/moverdb.com\/lv\/wp-json\/wp\/v2\/pages\/190"}],"wp:attachment":[{"href":"https:\/\/moverdb.com\/lv\/wp-json\/wp\/v2\/media?parent=5237"}],"curies":[{"name":"wp","href":"https:\/\/api.w.org\/{rel}","templated":true}]}}