{"id":5231,"date":"2022-10-24T11:51:35","date_gmt":"2022-10-24T11:51:35","guid":{"rendered":"https:\/\/moverdb.com\/?page_id=5231"},"modified":"2026-01-08T15:29:47","modified_gmt":"2026-01-08T15:29:47","slug":"barbadosa-2","status":"publish","type":"page","link":"https:\/\/moverdb.com\/lv\/moving-companies\/barbados-moving-companies\/","title":{"rendered":"Lab\u0101kie starptautisk\u0101s p\u0101rcel\u0161an\u0101s uz\u0146\u0113mumi Barbados\u0101"},"content":{"rendered":"<p>Vai pl\u0101nojat p\u0101rcelties uz vai no <a href=\"https:\/\/moverdb.com\/lv\/moving-to-barbados\/\" data-internallinksmanager029f6b8e52c=\"344\" title=\"P\u0101rce\u013caties uz Barbadosu? 2023 Dz\u012bves izmaksas un p\u0101rcel\u0161an\u0101s padomi\">Barbadosa<\/a>vai Barbados\u0101? Tad doma par m\u0101jok\u013ca vai uz\u0146\u0113muma iepako\u0161anu un p\u0101rvad\u0101\u0161anas organiz\u0113\u0161anu var rad\u012bt zin\u0101mu stresu, bet p\u0101rcel\u0161an\u0101s uz\u0146\u0113mums var pal\u012bdz\u0113t. Zem\u0101k ir sniegti <a href=\"https:\/\/moverdb.com\/lv\/international-removals\/\" data-internallinksmanager029f6b8e52c=\"27\" title=\"36 Lab\u0101kie starptautisko p\u0101rvad\u0101jumu uz\u0146\u0113mumi Apvienotaj\u0101 Karalist\u0113\">p\u0101rv\u0101k\u0161an\u0101s uz\u0146\u0113mumi<\/a> kas ir <a href=\"https:\/\/moverdb.com\/lv\/iam\/\" data-internallinksmanager029f6b8e52c=\"23\" title=\"Starptautisk\u0101s P\u0101rv\u0101c\u0113ju asoci\u0101cijas (IAM) skaidrojumi\">Starptautisk\u0101 P\u0101rv\u0101c\u0113ju asoci\u0101cija<\/a> (IAM) un\/vai <a href=\"https:\/\/moverdb.com\/lv\/fidi-faim\/\" data-internallinksmanager029f6b8e52c=\"16\" title=\"FIDI un FAIM (FIDI akredit\u0113tais starptautiskais p\u0101rvietot\u0101js) skaidrojums\">FIDI<\/a> Akredit\u0113ts starptautiskais mobilo p\u0101rvad\u0101jumu pakalpojumu sniedz\u0113js (FAIM) Barbados\u0101.<\/p>\n<h2><strong>1. Michael Greaves Associates<\/strong><\/h2>\n<p><em><img loading=\"lazy\" decoding=\"async\" class=\"alignnone size-full wp-image-5186\" src=\"https:\/\/moverdb.com\/wp-content\/uploads\/Michael-Greaves-Associates-international-moving-company.png\" alt=\"Michael Greaves Associates starptautiskais p\u0101rcel\u0161an\u0101s uz\u0146\u0113mums\" width=\"1440\" height=\"681\" data-wp-pid=\"5186\" srcset=\"https:\/\/moverdb.com\/wp-content\/uploads\/Michael-Greaves-Associates-international-moving-company.png 1440w, https:\/\/moverdb.com\/wp-content\/uploads\/Michael-Greaves-Associates-international-moving-company-300x142.png 300w, https:\/\/moverdb.com\/wp-content\/uploads\/Michael-Greaves-Associates-international-moving-company-1024x484.png 1024w, https:\/\/moverdb.com\/wp-content\/uploads\/Michael-Greaves-Associates-international-moving-company-18x9.png 18w, https:\/\/moverdb.com\/wp-content\/uploads\/Michael-Greaves-Associates-international-moving-company-600x284.png 600w\" sizes=\"auto, (max-width: 1440px) 100vw, 1440px\" \/><\/em><\/p>\n<ul>\n<li>P\u0101rcel\u0161an\u0101s uz citu valsti<\/li>\n<li>Starptautisk\u0101s p\u0101rvieto\u0161anas<\/li>\n<li>Komerci\u0101lo un dz\u012bvojamo m\u0101ju p\u0101rv\u0101k\u0161an\u0101s<\/li>\n<li>Piel\u0101gots pakalpojums<\/li>\n<li>Pieredz\u0113ju\u0161i profesion\u0101\u013ci<\/li>\n<li>Muitas starpniec\u012bba un muito\u0161ana<\/li>\n<li>Kravu apdro\u0161in\u0101\u0161ana<\/li>\n<li>M\u0101jdz\u012bvnieku kop\u0161ana<\/li>\n<li>Transportl\u012bdzek\u013cu un laivu transports<\/li>\n<li>Uzglab\u0101\u0161anas iek\u0101rtas<\/li>\n<\/ul>\n<p>Michael Greaves Associates ir 1981. gad\u0101 dibin\u0101ts p\u0101rcel\u0161an\u0101s, p\u0101rcel\u0161an\u0101s, p\u0101rvad\u0101jumu un brokeru pakalpojumu uz\u0146\u0113mums Barbados\u0101. Uz\u0146\u0113mums ir IAM biedrs ar 41 gadu darba st\u0101\u017eu. Vi\u0146i sniedz p\u0101rcel\u0161an\u0101s pakalpojumus Barbados\u0101 un starptautisk\u0101 m\u0113rog\u0101.<\/p>\n<p>Michael Greaves Associates pied\u0101v\u0101 piel\u0101gotus p\u0101rcel\u0161an\u0101s pakalpojumus, kas pal\u012bdz visos p\u0101rcel\u0161an\u0101s posmos, s\u0101kot no pl\u0101no\u0161anas l\u012bdz pat iek\u0101rto\u0161anai jaunaj\u0101 m\u0101jokl\u012b. Vi\u0146i apsekos j\u016bsu m\u0101ju vai biroju, sagatavos t\u0101mi un \u0146ems v\u0113r\u0101 visas \u012bpa\u0161\u0101s pras\u012bbas. Vi\u0146i iesai\u0146os j\u016bsu mantas, izmantojot apstiprin\u0101tus pa\u0146\u0113mienus un materi\u0101lus. Vi\u0146i nodro\u0161ina ar\u012b kravu apdro\u0161in\u0101\u0161anu un muitas starpniec\u012bbu un muito\u0161anu, k\u0101 ar\u012b specializ\u0113tus pakalpojumus m\u0101jdz\u012bvnieku, transportl\u012bdzek\u013cu un laivu p\u0101rvad\u0101\u0161anai.<\/p>\n<p>T\u012bmek\u013ca vietne: <a href=\"http:\/\/www.mgassociates.net\" target=\"_blank\" rel=\"noopener\">http:\/\/www.mgassociates.net<\/a><\/p>\n<h2>Citi noder\u012bgi ce\u013cve\u017ei uz Barbadosu<\/h2>\n<ul>\n<li> <a href=\"https:\/\/moverdb.com\/lv\/konteineru-parvadajumi\/barbadosa\/\">2024 J\u016bras kravu p\u0101rvad\u0101jumu ar konteineriem cenas uz Barbadosu un no t\u0101s<\/a><\/li>\n<li> <a href=\"https:\/\/moverdb.com\/lv\/moving-to-barbados\/\">P\u0101rce\u013caties uz Barbadosu? 2023 Dz\u012bves izmaksas un p\u0101rcel\u0161an\u0101s padomi<\/a><\/li>\n<li> <a href=\"https:\/\/moverdb.com\/lv\/moving-to-barbados\/living-in-barbados\/\">21 nosl\u0113pums par dz\u012bvi Barbados\u0101, kas j\u0101zina pirms p\u0101rcel\u0161an\u0101s<\/a><\/li>\n<\/ul>","protected":false},"excerpt":{"rendered":"<p>Are you thinking of moving to or from Barbados, or within Barbados? Then the thought of packing up your home or business and organising the shipping might be causing some stress, but a removal company could help. Below are the removal companies that are members of the International Association of Movers (IAM) and\/or FIDI Accredited [&hellip;]<\/p>\n","protected":false},"author":4,"featured_media":0,"parent":190,"menu_order":0,"comment_status":"closed","ping_status":"closed","template":"","meta":{"_genesis_hide_title":false,"_genesis_hide_breadcrumbs":false,"_genesis_hide_singular_image":false,"_genesis_hide_footer_widgets":false,"_genesis_custom_body_class":"","_genesis_custom_post_class":"","_genesis_layout":"","footnotes":""},"class_list":{"0":"post-5231","1":"page","2":"type-page","3":"status-publish","5":"entry","6":"has-post-thumbnail"},"_links":{"self":[{"href":"https:\/\/moverdb.com\/lv\/wp-json\/wp\/v2\/pages\/5231","targetHints":{"allow":["GET"]}}],"collection":[{"href":"https:\/\/moverdb.com\/lv\/wp-json\/wp\/v2\/pages"}],"about":[{"href":"https:\/\/moverdb.com\/lv\/wp-json\/wp\/v2\/types\/page"}],"author":[{"embeddable":true,"href":"https:\/\/moverdb.com\/lv\/wp-json\/wp\/v2\/users\/4"}],"replies":[{"embeddable":true,"href":"https:\/\/moverdb.com\/lv\/wp-json\/wp\/v2\/comments?post=5231"}],"version-history":[{"count":2,"href":"https:\/\/moverdb.com\/lv\/wp-json\/wp\/v2\/pages\/5231\/revisions"}],"predecessor-version":[{"id":18281,"href":"https:\/\/moverdb.com\/lv\/wp-json\/wp\/v2\/pages\/5231\/revisions\/18281"}],"up":[{"embeddable":true,"href":"https:\/\/moverdb.com\/lv\/wp-json\/wp\/v2\/pages\/190"}],"wp:attachment":[{"href":"https:\/\/moverdb.com\/lv\/wp-json\/wp\/v2\/media?parent=5231"}],"curies":[{"name":"wp","href":"https:\/\/api.w.org\/{rel}","templated":true}]}}