{"id":5224,"date":"2022-10-24T11:53:37","date_gmt":"2022-10-24T11:53:37","guid":{"rendered":"https:\/\/moverdb.com\/?page_id=5224"},"modified":"2026-01-08T15:25:03","modified_gmt":"2026-01-08T15:25:03","slug":"azerbaidzana","status":"publish","type":"page","link":"https:\/\/moverdb.com\/lv\/moving-companies\/azerbaijan-moving-companies\/","title":{"rendered":"5 lab\u0101kie starptautisk\u0101s p\u0101rcel\u0161an\u0101s uz\u0146\u0113mumi Azerbaid\u017e\u0101n\u0101"},"content":{"rendered":"<p>P\u0101rv\u0101k\u0161an\u0101s m\u0101j\u0101s var b\u016bt stresaina, t\u0101p\u0113c, piesaistot k\u0101du, kas jums pal\u012bdz\u0113s p\u0101rv\u0101kties, varat atbr\u012bvoties no stresa. Neatkar\u012bgi no t\u0101, vai j\u016bs p\u0101rv\u0101caties Azerbaid\u017e\u0101n\u0101 vai p\u0101rce\u013caties uz Azerbaid\u017e\u0101nu vai no t\u0101s, ir uz\u0146\u0113mumi, kas var pal\u012bdz\u0113t. M\u0113s esam apkopoju\u0161i sarakstu ar <a href=\"https:\/\/moverdb.com\/lv\/international-removals\/\" data-internallinksmanager029f6b8e52c=\"27\" title=\"36 Lab\u0101kie starptautisko p\u0101rvad\u0101jumu uz\u0146\u0113mumi Apvienotaj\u0101 Karalist\u0113\">p\u0101rv\u0101k\u0161an\u0101s uz\u0146\u0113mumi<\/a> zem\u0101k, kas ir <a href=\"https:\/\/moverdb.com\/lv\/iam\/\" data-internallinksmanager029f6b8e52c=\"23\" title=\"Starptautisk\u0101s P\u0101rv\u0101c\u0113ju asoci\u0101cijas (IAM) skaidrojumi\">Starptautisk\u0101 P\u0101rv\u0101c\u0113ju asoci\u0101cija<\/a> (IAM) un\/vai <a href=\"https:\/\/moverdb.com\/lv\/fidi-faim\/\" data-internallinksmanager029f6b8e52c=\"16\" title=\"FIDI un FAIM (FIDI akredit\u0113tais starptautiskais p\u0101rvietot\u0101js) skaidrojums\">FIDI<\/a> Akredit\u0113ti starptautiskie p\u0101rv\u0101c\u0113ji (FAIM), kas var\u0113tu jums pal\u012bdz\u0113t.<\/p>\n<div id=\"ez-toc-container\" class=\"ez-toc-v2_0_82_2 ez-toc-wrap-left counter-hierarchy ez-toc-counter ez-toc-transparent ez-toc-container-direction\">\n<div class=\"ez-toc-title-container\">\n<p class=\"ez-toc-title\" style=\"cursor:inherit\">Sada\u013cas<\/p>\n<span class=\"ez-toc-title-toggle\"><a href=\"#\" class=\"ez-toc-pull-right ez-toc-btn ez-toc-btn-xs ez-toc-btn-default ez-toc-toggle\" aria-label=\"P\u0101rsl\u0113gt satura tabulu\"><span class=\"ez-toc-js-icon-con\"><span class=\"\"><span class=\"eztoc-hide\" style=\"display:none;\">P\u0101rsl\u0113gt<\/span><span class=\"ez-toc-icon-toggle-span\"><svg style=\"fill: #999;color:#999\" xmlns=\"http:\/\/www.w3.org\/2000\/svg\" class=\"list-377408\" width=\"20px\" height=\"20px\" viewbox=\"0 0 24 24\" fill=\"none\"><path d=\"M6 6H4v2h2V6zm14 0H8v2h12V6zM4 11h2v2H4v-2zm16 0H8v2h12v-2zM4 16h2v2H4v-2zm16 0H8v2h12v-2z\" fill=\"currentColor\"><\/path><\/svg><svg style=\"fill: #999;color:#999\" class=\"arrow-unsorted-368013\" xmlns=\"http:\/\/www.w3.org\/2000\/svg\" width=\"10px\" height=\"10px\" viewbox=\"0 0 24 24\" version=\"1.2\" baseprofile=\"tiny\"><path d=\"M18.2 9.3l-6.2-6.3-6.2 6.3c-.2.2-.3.4-.3.7s.1.5.3.7c.2.2.4.3.7.3h11c.3 0 .5-.1.7-.3.2-.2.3-.5.3-.7s-.1-.5-.3-.7zM5.8 14.7l6.2 6.3 6.2-6.3c.2-.2.3-.5.3-.7s-.1-.5-.3-.7c-.2-.2-.4-.3-.7-.3h-11c-.3 0-.5.1-.7.3-.2.2-.3.5-.3.7s.1.5.3.7z\"\/><\/svg><\/span><\/span><\/span><\/a><\/span><\/div>\n<nav><ul class='ez-toc-list ez-toc-list-level-1 eztoc-toggle-hide-by-default' ><li class='ez-toc-page-1 ez-toc-heading-level-2'><a class=\"ez-toc-link ez-toc-heading-1\" href=\"https:\/\/moverdb.com\/lv\/moving-companies\/azerbaijan-moving-companies\/#1_ACE_Forwarding\" >1. ACE p\u0101rs\u016bt\u012b\u0161ana<\/a><\/li><li class='ez-toc-page-1 ez-toc-heading-level-2'><a class=\"ez-toc-link ez-toc-heading-2\" href=\"https:\/\/moverdb.com\/lv\/moving-companies\/azerbaijan-moving-companies\/#2_Allright_Moving_Storage\" >2. Allright Moving &amp; Storage<\/a><\/li><li class='ez-toc-page-1 ez-toc-heading-level-2'><a class=\"ez-toc-link ez-toc-heading-3\" href=\"https:\/\/moverdb.com\/lv\/moving-companies\/azerbaijan-moving-companies\/#3_Buddy-Mover\" >3. Buddy-Mover<\/a><\/li><li class='ez-toc-page-1 ez-toc-heading-level-2'><a class=\"ez-toc-link ez-toc-heading-4\" href=\"https:\/\/moverdb.com\/lv\/moving-companies\/azerbaijan-moving-companies\/#4_Gosselin\" >4. Gosselin<\/a><\/li><li class='ez-toc-page-1 ez-toc-heading-level-2'><a class=\"ez-toc-link ez-toc-heading-5\" href=\"https:\/\/moverdb.com\/lv\/moving-companies\/azerbaijan-moving-companies\/#5_Interdean_International_Relocations\" >5. Interdean International Relocations<\/a><\/li><\/ul><\/nav><\/div>\n<h2><span class=\"ez-toc-section\" id=\"1_ACE_Forwarding\"><\/span><strong>1. ACE p\u0101rs\u016bt\u012b\u0161ana<\/strong><span class=\"ez-toc-section-end\"><\/span><\/h2>\n<p><em><img loading=\"lazy\" decoding=\"async\" class=\"alignnone size-full wp-image-5136\" src=\"https:\/\/moverdb.com\/wp-content\/uploads\/ACE-Forwarding-international-moving-company.png\" alt=\"ACE Forwarding starptautiskais p\u0101rvad\u0101jumu uz\u0146\u0113mums\" width=\"1440\" height=\"685\" data-wp-pid=\"5136\" srcset=\"https:\/\/moverdb.com\/wp-content\/uploads\/ACE-Forwarding-international-moving-company.png 1440w, https:\/\/moverdb.com\/wp-content\/uploads\/ACE-Forwarding-international-moving-company-300x143.png 300w, https:\/\/moverdb.com\/wp-content\/uploads\/ACE-Forwarding-international-moving-company-1024x487.png 1024w, https:\/\/moverdb.com\/wp-content\/uploads\/ACE-Forwarding-international-moving-company-18x9.png 18w, https:\/\/moverdb.com\/wp-content\/uploads\/ACE-Forwarding-international-moving-company-600x285.png 600w\" sizes=\"auto, (max-width: 1440px) 100vw, 1440px\" \/><\/em><\/p>\n<ul>\n<li>Starptautiskie p\u0101rvadi<\/li>\n<li>P\u0101rcel\u0161an\u0101s pakalpojumi<\/li>\n<li>M\u0101jsaimniec\u012bbas un uz\u0146\u0113mumu p\u0101rv\u0101k\u0161an\u0101s<\/li>\n<li>Gaisa, j\u016bras, dzelzce\u013ca un autotransports<\/li>\n<li>Beramkravu, komplekt\u0113\u0161anas un konteineru p\u0101rvad\u0101jumi<\/li>\n<li>T\u0113lot\u0101jm\u0101kslas transports<\/li>\n<li>Muitas starpniec\u012bba<\/li>\n<li>Transportl\u012bdzek\u013cu un laivu transports<\/li>\n<li>M\u0101jdz\u012bvnieku p\u0101rvad\u0101\u0161ana<\/li>\n<li>Ilgtermi\u0146a un \u012bstermi\u0146a uzglab\u0101\u0161anas risin\u0101jumi<\/li>\n<\/ul>\n<p>ACE Forwarding ir multimod\u0101ls lo\u0123istikas un kravu p\u0101rvad\u0101jumu uz\u0146\u0113mums, kas dibin\u0101ts 1996. gad\u0101 Azerbaid\u017e\u0101n\u0101 un kam ir ar\u012b biroji Azerbaid\u017e\u0101n\u0101. <a href=\"https:\/\/moverdb.com\/lv\/parvietojas-uznemumi\/parvietojas-uznemumi-dzordzija\/\">Gruzija<\/a>. Vi\u0146i ir IAM biedri ar 25 gadu darba st\u0101\u017eu. Vi\u0146i pied\u0101v\u0101 p\u0101rcel\u0161an\u0101s pakalpojumus uz Azerbaid\u017e\u0101nu, starptautiskos p\u0101rbraucienus, k\u0101 ar\u012b m\u0101jsaimniec\u012bbu un uz\u0146\u0113mumu p\u0101rcel\u0161an\u0101s pakalpojumus.<\/p>\n<p>ACE Forwarding pied\u0101v\u0101 pirmsp\u0101rv\u0101k\u0161an\u0101s apsekojumu un j\u016bsu vajadz\u012bb\u0101m piel\u0101gotus pied\u0101v\u0101jumus. Vi\u0146i sniedz iepako\u0161anas pakalpojumus, izmantojot \u012bpa\u0161us materi\u0101lus, kas \u012bpa\u0161i paredz\u0113ti saturam, un profesion\u0101las iepako\u0161anas metodes, k\u0101 ar\u012b m\u0113be\u013cu demont\u0101\u017eu un mont\u0101\u017eu. Vi\u0146i var pal\u012bdz\u0113t ar\u012b ar muitas starpniec\u012bbu, m\u0101jdz\u012bvnieku un transportl\u012bdzek\u013cu transport\u0113\u0161anu, apdro\u0161in\u0101\u0161anu un \u012bslaic\u012bgu vai ilgtermi\u0146a uzglab\u0101\u0161anu.<\/p>\n<p>T\u012bmek\u013ca vietne: <a href=\"http:\/\/www.acecaspian.com\" target=\"_blank\" rel=\"noopener\">http:\/\/www.acecaspian.com<\/a><\/p>\n<h2><span class=\"ez-toc-section\" id=\"2_Allright_Moving_Storage\"><\/span><strong>2. Allright Moving &amp; Storage<\/strong><span class=\"ez-toc-section-end\"><\/span><\/h2>\n<p><em><img loading=\"lazy\" decoding=\"async\" class=\"alignnone size-full wp-image-5141\" src=\"https:\/\/moverdb.com\/wp-content\/uploads\/Allright-Moving-and-Storage-international-moving-company.png\" alt=\"Allright P\u0101rv\u0101k\u0161an\u0101s un uzglab\u0101\u0161ana starptautisks p\u0101rv\u0101k\u0161an\u0101s uz\u0146\u0113mums\" width=\"1440\" height=\"677\" data-wp-pid=\"5141\" srcset=\"https:\/\/moverdb.com\/wp-content\/uploads\/Allright-Moving-and-Storage-international-moving-company.png 1440w, https:\/\/moverdb.com\/wp-content\/uploads\/Allright-Moving-and-Storage-international-moving-company-300x141.png 300w, https:\/\/moverdb.com\/wp-content\/uploads\/Allright-Moving-and-Storage-international-moving-company-1024x481.png 1024w, https:\/\/moverdb.com\/wp-content\/uploads\/Allright-Moving-and-Storage-international-moving-company-18x8.png 18w, https:\/\/moverdb.com\/wp-content\/uploads\/Allright-Moving-and-Storage-international-moving-company-600x282.png 600w\" sizes=\"auto, (max-width: 1440px) 100vw, 1440px\" \/><\/em><\/p>\n<ul>\n<li>Viet\u0113jie un viet\u0113jie p\u0101rvadi<\/li>\n<li>Starptautiskie p\u0101rvadi<\/li>\n<li>Dz\u012bvojamo telpu p\u0101rve\u0161ana<\/li>\n<li>Biroju un uz\u0146\u0113mumu p\u0101rvieto\u0161ana<\/li>\n<li>Profesion\u0101ls un piekl\u0101j\u012bgs person\u0101ls<\/li>\n<li>M\u0113be\u013cu demont\u0101\u017ea un mont\u0101\u017ea<\/li>\n<li>Tranz\u012bta apdro\u0161in\u0101\u0161ana<\/li>\n<li>Muito\u0161ana<\/li>\n<li><a href=\"https:\/\/moverdb.com\/lv\/car-transport-shipping\/\" data-internallinksmanager029f6b8e52c=\"2\" title=\"2026 Starptautiskais autotransports un transportl\u012bdzek\u013cu p\u0101rvad\u0101\u0161anas cit\u0101ti\">Automa\u0161\u012bnu p\u0101rvad\u0101jumi<\/a><\/li>\n<li>Uzglab\u0101\u0161anas risin\u0101jumi<\/li>\n<\/ul>\n<p>Allright Moving &amp; Storage apgalvo, ka ir viens no Azerbaid\u017e\u0101nas vado\u0161ajiem kravu p\u0101rvad\u0101jumu un p\u0101rcel\u0161an\u0101s uz\u0146\u0113mumiem. Vi\u0146i pied\u0101v\u0101 m\u0101jsaimniec\u012bbu un uz\u0146\u0113mumu p\u0101rvieto\u0161anas pakalpojumus Azerbaid\u017e\u0101n\u0101, no t\u0101s vai uz to. Uz\u0146\u0113mums ir IAM biedrs ar septi\u0146u gadu darba st\u0101\u017eu. Vi\u0146iem ir starptautisku p\u0101rcel\u0161an\u0101s apak\u0161uz\u0146\u0113m\u0113ju un partneru t\u012bkls, kas pal\u012bdz veikt starptautisku p\u0101rcel\u0161anos.<\/p>\n<p>Allright Moving &amp; Storage pied\u0101v\u0101 pieredz\u0113ju\u0161us inspektorus, kas nov\u0113rt\u0113s j\u016bsu vajadz\u012bbas un sniegs konsult\u0101cijas. Vi\u0146i iesai\u0146os j\u016bsu mantas, demont\u0113s un samont\u0113s m\u0113beles, k\u0101 ar\u012b nodro\u0161in\u0101s tranz\u012bta apdro\u0161in\u0101\u0161anu un muito\u0161anu. Vi\u0146i var pied\u0101v\u0101t ar\u012b automa\u0161\u012bnu p\u0101rvad\u0101\u0161anas pakalpojumus. Vi\u0146i pied\u0101v\u0101 gan \u012bstermi\u0146a, gan ilgtermi\u0146a, piln\u012bb\u0101 dro\u0161as un klimata kontrol\u0113tas noliktavas.<\/p>\n<p>T\u012bmek\u013ca vietne: <a href=\"http:\/\/www.allrightmoving.com\" target=\"_blank\" rel=\"noopener\">http:\/\/www.allrightmoving.com<\/a><\/p>\n<h2><span class=\"ez-toc-section\" id=\"3_Buddy-Mover\"><\/span><strong>3. Buddy-Mover<\/strong><span class=\"ez-toc-section-end\"><\/span><\/h2>\n<p><em><img loading=\"lazy\" decoding=\"async\" class=\"alignnone size-full wp-image-5151\" src=\"https:\/\/moverdb.com\/wp-content\/uploads\/Buddy-Mover-international-moving-company.png\" alt=\"Buddy Mover starptautisks p\u0101rv\u0101k\u0161an\u0101s uz\u0146\u0113mums\" width=\"1440\" height=\"680\" data-wp-pid=\"5151\" srcset=\"https:\/\/moverdb.com\/wp-content\/uploads\/Buddy-Mover-international-moving-company.png 1440w, https:\/\/moverdb.com\/wp-content\/uploads\/Buddy-Mover-international-moving-company-300x142.png 300w, https:\/\/moverdb.com\/wp-content\/uploads\/Buddy-Mover-international-moving-company-1024x484.png 1024w, https:\/\/moverdb.com\/wp-content\/uploads\/Buddy-Mover-international-moving-company-18x9.png 18w, https:\/\/moverdb.com\/wp-content\/uploads\/Buddy-Mover-international-moving-company-600x283.png 600w\" sizes=\"auto, (max-width: 1440px) 100vw, 1440px\" \/><\/em><\/p>\n<ul>\n<li>Viet\u0113jie un viet\u0113jie p\u0101rvadi<\/li>\n<li>Starptautisk\u0101 p\u0101rcel\u0161an\u0101s<\/li>\n<li>Dz\u012bvojamo telpu p\u0101rve\u0161ana<\/li>\n<li>Uz\u0146\u0113m\u0113jdarb\u012bbas virzieni<\/li>\n<li>Profesion\u0101ls un kvalific\u0113ts person\u0101ls<\/li>\n<li>Augsts iepakojuma standarts<\/li>\n<li>Invent\u0101ra saraksti, lai izsekotu j\u016bsu mantu.<\/li>\n<li>Autotransporta, gaisa un j\u016bras kravu p\u0101rvad\u0101jumi<\/li>\n<li>Tranz\u012bta apdro\u0161in\u0101\u0161ana<\/li>\n<li>\u012astermi\u0146a l\u012bdz ilgtermi\u0146a uzglab\u0101\u0161ana<\/li>\n<\/ul>\n<p>Buddy-Mover ir p\u0101rcel\u0161an\u0101s uz\u0146\u0113mums, kas atrodas Baku, Azerbaid\u017e\u0101n\u0101, un ir IAM biedrs ar 4 gadu darb\u012bbas pieredzi. Uz\u0146\u0113mums sniedz viet\u0113jos, valsts un starptautiskos p\u0101rcel\u0161an\u0101s pakalpojumus gan priv\u0101tperson\u0101m, gan uz\u0146\u0113mumiem. Uz\u0146\u0113mum\u0101 str\u0101d\u0101 profesion\u0101li darbinieki, kas ir augsti apm\u0101c\u012bti p\u0101rcel\u0161an\u0101s tehnik\u0101 un iepako\u0161an\u0101.<\/p>\n<p>Buddy-Mover nodro\u0161ina apsekojumu kl\u0101tien\u0113 pirms j\u016bsu p\u0101rcel\u0161an\u0101s, lai nov\u0113rt\u0113tu j\u016bsu vajadz\u012bbas, muitas pras\u012bbas un pieg\u0101des iesp\u0113jas. P\u0101rcel\u0161an\u0101s darbinieki dro\u0161i iesai\u0146os j\u016bsu mantas, sast\u0101d\u012bs invent\u0101ra sarakstu un organiz\u0113s transport\u0113\u0161anu pa autoce\u013ciem, gaisu vai j\u016bru. Vi\u0146i pied\u0101v\u0101 ar\u012b \u012bstermi\u0146a un ilgtermi\u0146a dro\u0161as uzglab\u0101\u0161anas iesp\u0113jas sav\u0101 velv\u0113 eso\u0161aj\u0101 noliktav\u0101.<\/p>\n<p>T\u012bmek\u013ca vietne: <a href=\"http:\/\/www.buddy-mover.com\" target=\"_blank\" rel=\"noopener\">http:\/\/www.buddy-mover.com<\/a><\/p>\n<h2><span class=\"ez-toc-section\" id=\"4_Gosselin\"><\/span><strong>4. Gosselin<\/strong><span class=\"ez-toc-section-end\"><\/span><\/h2>\n<p><em><img loading=\"lazy\" decoding=\"async\" class=\"alignnone size-full wp-image-5170\" src=\"https:\/\/moverdb.com\/wp-content\/uploads\/Gosselin-Azerbaijan-international-moving-company.png\" alt=\"Gosselin Azerbaid\u017e\u0101nas starptautiskais p\u0101rvieto\u0161an\u0101s uz\u0146\u0113mums\" width=\"1440\" height=\"681\" data-wp-pid=\"5170\" srcset=\"https:\/\/moverdb.com\/wp-content\/uploads\/Gosselin-Azerbaijan-international-moving-company.png 1440w, https:\/\/moverdb.com\/wp-content\/uploads\/Gosselin-Azerbaijan-international-moving-company-300x142.png 300w, https:\/\/moverdb.com\/wp-content\/uploads\/Gosselin-Azerbaijan-international-moving-company-1024x484.png 1024w, https:\/\/moverdb.com\/wp-content\/uploads\/Gosselin-Azerbaijan-international-moving-company-18x9.png 18w, https:\/\/moverdb.com\/wp-content\/uploads\/Gosselin-Azerbaijan-international-moving-company-600x284.png 600w\" sizes=\"auto, (max-width: 1440px) 100vw, 1440px\" \/><\/em><\/p>\n<ul>\n<li>Starptautiskie p\u0101rvadi<\/li>\n<li>M\u0101jsaimniec\u012bbas p\u0101rcel\u0161an\u0101s<\/li>\n<li>Biroja p\u0101rcel\u0161an\u0101s<\/li>\n<li>Iepako\u0161ana, transport\u0113\u0161ana un izpako\u0161ana<\/li>\n<li>T\u0113lot\u0101jm\u0101ksla p\u0101rvietojas<\/li>\n<li>M\u0101jdz\u012bvnieku p\u0101rvieto\u0161ana<\/li>\n<li>Automa\u0161\u012bnu p\u0101rvad\u0101jumi<\/li>\n<li>Uzglab\u0101\u0161anas risin\u0101jumi<\/li>\n<li>P\u0101rm\u0113r\u012bga bag\u0101\u017ea<\/li>\n<li>Ce\u013cojo\u0161o izst\u0101\u017eu pakalpojumi<\/li>\n<\/ul>\n<p>Gosselin ir p\u0101rv\u0101k\u0161an\u0101s uz\u0146\u0113mums, kas ir da\u013ca no Gosselin grupas, kura dibin\u0101ta 1930. gad\u0101. <a href=\"https:\/\/moverdb.com\/lv\/moving-to-belgium\/\" data-internallinksmanager029f6b8e52c=\"323\" title=\"P\u0101rcel\u0161an\u0101s uz Be\u013c\u0123iju? 2023 Dz\u012bves izmaksas un p\u0101rcel\u0161an\u0101s padomi\">Be\u013c\u0123ija<\/a> un Azerbaid\u017e\u0101n\u0101 darbojas jau vair\u0101k nek\u0101 20 gadus. Vi\u0146i apkalpo diplom\u0101tus, uz\u0146\u0113mumu darbiniekus un priv\u0101tpersonas, kas veic starptautiskos p\u0101rvad\u0101jumus. Vi\u0146i ir IAM biedri ar 23 gadu darba st\u0101\u017eu.<\/p>\n<p>Gosselin pied\u0101v\u0101 piel\u0101gotus pakalpojumus, kas atbilst j\u016bsu \u0123imenes vai uz\u0146\u0113muma vajadz\u012bb\u0101m, nodro\u0161inot profesion\u0101lu iepako\u0161anas pakalpojumu, augst\u0101k\u0101s klases iepakojuma materi\u0101lus un izpako\u0161anas pakalpojumus. Vi\u0146i nodro\u0161ina apdro\u0161in\u0101\u0161anu, m\u0101kslas priek\u0161metu p\u0101rvieto\u0161anu, automa\u0161\u012bnu p\u0101rvad\u0101\u0161anu un m\u0101jdz\u012bvnieku p\u0101rvieto\u0161anu, kas ir sertific\u0113ta Ipata. Vi\u0146i var pied\u0101v\u0101t ar\u012b uzglab\u0101\u0161anas risin\u0101jumus un eksped\u012bcijas pakalpojumus, tostarp liek\u0101s bag\u0101\u017eas un ce\u013cojo\u0161o izst\u0101\u017eu pakalpojumus.<\/p>\n<p>T\u012bmek\u013ca vietne: <a href=\"https:\/\/gosselin-moving.com\/azerbaijan\" target=\"_blank\" rel=\"noopener\">https:\/\/gosselin-moving.com\/azerbaijan<\/a><\/p>\n<h2><span class=\"ez-toc-section\" id=\"5_Interdean_International_Relocations\"><\/span><strong>5. Interdean International Relocations<\/strong><span class=\"ez-toc-section-end\"><\/span><\/h2>\n<p><em><img loading=\"lazy\" decoding=\"async\" class=\"alignnone size-full wp-image-5175\" src=\"https:\/\/moverdb.com\/wp-content\/uploads\/Interdean-International-Relocations-international-moving-company.png\" alt=\"Interdean International Relocations starptautiskais p\u0101rvieto\u0161an\u0101s uz\u0146\u0113mums\" width=\"1440\" height=\"683\" data-wp-pid=\"5175\" srcset=\"https:\/\/moverdb.com\/wp-content\/uploads\/Interdean-International-Relocations-international-moving-company.png 1440w, https:\/\/moverdb.com\/wp-content\/uploads\/Interdean-International-Relocations-international-moving-company-300x142.png 300w, https:\/\/moverdb.com\/wp-content\/uploads\/Interdean-International-Relocations-international-moving-company-1024x486.png 1024w, https:\/\/moverdb.com\/wp-content\/uploads\/Interdean-International-Relocations-international-moving-company-18x9.png 18w, https:\/\/moverdb.com\/wp-content\/uploads\/Interdean-International-Relocations-international-moving-company-600x285.png 600w\" sizes=\"auto, (max-width: 1440px) 100vw, 1440px\" \/><\/em><\/p>\n<ul>\n<li>Starptautiskie p\u0101rvadi<\/li>\n<li>M\u0101jas p\u0101rcel\u0161an\u0101s<\/li>\n<li>Uz\u0146\u0113mumu p\u0101rvieto\u0161an\u0101s<\/li>\n<li>P\u0101rcel\u0161an\u0101s pakalpojums<\/li>\n<li>J\u016bsu mantu sagatavo\u0161ana, iepako\u0161ana un izpako\u0161ana.<\/li>\n<li>Autotransporta, j\u016bras un gaisa kravu p\u0101rvad\u0101jumu iesp\u0113jas<\/li>\n<li>Tranz\u012bta apdro\u0161in\u0101\u0161ana<\/li>\n<li>Atbalsts muitas formalit\u0101\u0161u k\u0101rto\u0161an\u0101<\/li>\n<li>\u012astermi\u0146a l\u012bdz ilgtermi\u0146a uzglab\u0101\u0161ana<\/li>\n<li>Pal\u012bdz\u012bba atrast m\u0101jokli vai \u012bstermi\u0146a \u012bri<\/li>\n<\/ul>\n<p>Interdean International Relocations ir starptautisks p\u0101rcel\u0161an\u0101s vad\u012bbas uz\u0146\u0113mums, kas atrodas Baku, Azerbaid\u017e\u0101n\u0101. Uz\u0146\u0113mums ir IAM biedrs, kas darbojas jau 24 gadus, k\u0101 ar\u012b ir akredit\u0113ts FIDI.<\/p>\n<p>Interdean International Relocations pied\u0101v\u0101 specializ\u0113tas kastes, kas izstr\u0101d\u0101tas, lai vislab\u0101k aizsarg\u0101tu saturu, un \u012bpa\u0161i piel\u0101gotas kastes v\u0113rt\u012bgiem vai trausliem priek\u0161metiem. Vi\u0146i piln\u012bb\u0101 uzskait\u012bs j\u016bsu \u012bpa\u0161umu invent\u0101ra sarakst\u0101, izaicin\u0101s to un iz\u0146ems visus iepakojuma materi\u0101lus. Vi\u0146i pied\u0101v\u0101 autotransporta, gaisa un j\u016bras kravu p\u0101rvad\u0101jumus un pal\u012bdz\u0113s jums ar muito\u0161anu. Vi\u0146i pied\u0101v\u0101 ar\u012b da\u017e\u0101dus uzglab\u0101\u0161anas risin\u0101jumus gan nelieliem, gan lieliem apjomiem \u012bsam vai ilgam laikam.<\/p>\n<p>T\u012bmek\u013ca vietne: <a href=\"http:\/\/www.interdean.com.az\" target=\"_blank\" rel=\"noopener\">http:\/\/www.interdean.com.az<\/a><\/p>","protected":false},"excerpt":{"rendered":"<p>Moving home can be stressful so getting someone to assist you in your move can help release the pressure. Whether you are moving within Azerbaijan, or moving to or from Azerbaijan, there are companies that can assist. We have compiled a list of removal companies below that are members of the International Association of Movers [&hellip;]<\/p>\n","protected":false},"author":4,"featured_media":0,"parent":190,"menu_order":0,"comment_status":"closed","ping_status":"closed","template":"","meta":{"_genesis_hide_title":false,"_genesis_hide_breadcrumbs":false,"_genesis_hide_singular_image":false,"_genesis_hide_footer_widgets":false,"_genesis_custom_body_class":"","_genesis_custom_post_class":"","_genesis_layout":"","footnotes":""},"class_list":{"0":"post-5224","1":"page","2":"type-page","3":"status-publish","5":"entry","6":"has-post-thumbnail"},"_links":{"self":[{"href":"https:\/\/moverdb.com\/lv\/wp-json\/wp\/v2\/pages\/5224","targetHints":{"allow":["GET"]}}],"collection":[{"href":"https:\/\/moverdb.com\/lv\/wp-json\/wp\/v2\/pages"}],"about":[{"href":"https:\/\/moverdb.com\/lv\/wp-json\/wp\/v2\/types\/page"}],"author":[{"embeddable":true,"href":"https:\/\/moverdb.com\/lv\/wp-json\/wp\/v2\/users\/4"}],"replies":[{"embeddable":true,"href":"https:\/\/moverdb.com\/lv\/wp-json\/wp\/v2\/comments?post=5224"}],"version-history":[{"count":2,"href":"https:\/\/moverdb.com\/lv\/wp-json\/wp\/v2\/pages\/5224\/revisions"}],"predecessor-version":[{"id":7595,"href":"https:\/\/moverdb.com\/lv\/wp-json\/wp\/v2\/pages\/5224\/revisions\/7595"}],"up":[{"embeddable":true,"href":"https:\/\/moverdb.com\/lv\/wp-json\/wp\/v2\/pages\/190"}],"wp:attachment":[{"href":"https:\/\/moverdb.com\/lv\/wp-json\/wp\/v2\/media?parent=5224"}],"curies":[{"name":"wp","href":"https:\/\/api.w.org\/{rel}","templated":true}]}}