{"id":4641,"date":"2022-09-20T19:45:42","date_gmt":"2022-09-20T19:45:42","guid":{"rendered":"https:\/\/moverdb.com\/?page_id=4641"},"modified":"2026-01-08T15:24:10","modified_gmt":"2026-01-08T15:24:10","slug":"alzirija","status":"publish","type":"page","link":"https:\/\/moverdb.com\/lv\/moving-companies\/algeria\/","title":{"rendered":"3 lab\u0101kie starptautisk\u0101s p\u0101rcel\u0161an\u0101s uz\u0146\u0113mumi Al\u017e\u012brij\u0101"},"content":{"rendered":"<p>Ja p\u0101rvietojaties Al\u017e\u012brij\u0101 vai v\u0113laties p\u0101rcelties uz Al\u017e\u012briju vai no t\u0101s, jums var b\u016bt nepiecie\u0161ams <a href=\"https:\/\/moverdb.com\/lv\/moving-companies\/\" data-internallinksmanager029f6b8e52c=\"79\" title=\"Top 25 Starptautiskie p\u0101rcel\u0161an\u0101s uz\u0146\u0113mumi tie\u0161saist\u0113\">P\u0101rvieto\u0161an\u0101s uz\u0146\u0113mums<\/a> lai jums pal\u012bdz\u0113tu. Zem\u0101k ir saraksts ar tiem, kas ir biedr\u012bbas biedri. <a href=\"https:\/\/moverdb.com\/lv\/iam\/\" data-internallinksmanager029f6b8e52c=\"23\" title=\"Starptautisk\u0101s P\u0101rv\u0101c\u0113ju asoci\u0101cijas (IAM) skaidrojumi\">Starptautisk\u0101 P\u0101rv\u0101c\u0113ju asoci\u0101cija<\/a> (IAM) un\/vai <a href=\"https:\/\/moverdb.com\/lv\/fidi-faim\/\" data-internallinksmanager029f6b8e52c=\"16\" title=\"FIDI un FAIM (FIDI akredit\u0113tais starptautiskais p\u0101rvietot\u0101js) skaidrojums\">FIDI<\/a> Akredit\u0113ts starptautiskais p\u0101rv\u0101c\u0113js (FAIM), kas, cerams, jums pal\u012bdz\u0113s.<\/p>\n<h2><strong>1. M\u0113r\u0137is Intermovers<\/strong><\/h2>\n<p><em><img loading=\"lazy\" decoding=\"async\" class=\"alignnone wp-image-4642 size-full\" src=\"https:\/\/moverdb.com\/wp-content\/uploads\/Aim-Intermovers-international-moving-company.png\" alt=\"Aim Intermovers starptautiskais p\u0101rvieto\u0161an\u0101s uz\u0146\u0113mums\" width=\"1440\" height=\"677\" data-wp-pid=\"4642\" srcset=\"https:\/\/moverdb.com\/wp-content\/uploads\/Aim-Intermovers-international-moving-company.png 1440w, https:\/\/moverdb.com\/wp-content\/uploads\/Aim-Intermovers-international-moving-company-300x141.png 300w, https:\/\/moverdb.com\/wp-content\/uploads\/Aim-Intermovers-international-moving-company-1024x481.png 1024w, https:\/\/moverdb.com\/wp-content\/uploads\/Aim-Intermovers-international-moving-company-18x8.png 18w, https:\/\/moverdb.com\/wp-content\/uploads\/Aim-Intermovers-international-moving-company-600x282.png 600w\" sizes=\"auto, (max-width: 1440px) 100vw, 1440px\" \/><\/em><\/p>\n<ul>\n<li>Nodro\u0161ina p\u0101rv\u0101k\u0161anos 48 Al\u017e\u012brijas vilej\u0101s un starptautisku p\u0101rv\u0101k\u0161anos.<\/li>\n<li>Biroju p\u0101rcel\u0161an\u0101s<\/li>\n<li>Arhiv\u0113\u0161anas pakalpojums<\/li>\n<li>Pied\u0101v\u0101 mantu p\u0101rvad\u0101\u0161anu pa autoce\u013ciem, j\u016bru un gaisu.<\/li>\n<li>Profesion\u0101la p\u0101rv\u0101c\u0113ju komanda<\/li>\n<li>Iepako\u0161anas materi\u0101lu un kartona k\u0101rbu pieg\u0101de<\/li>\n<li>Nodro\u0161ina m\u0113be\u013cu demont\u0101\u017eu un iepako\u0161anu un p\u0113c tam to atk\u0101rtotu mont\u0101\u017eu.<\/li>\n<li>Ar izpratni apieties ar prec\u0113m, piem\u0113ram, m\u0101kslas darbiem.<\/li>\n<li>Vi\u0146i ra\u017eo ar\u012b koka kastes un <a href=\"https:\/\/moverdb.com\/lv\/iata\/\" data-internallinksmanager029f6b8e52c=\"22\" title=\"Starptautisk\u0101s Gaisa transporta asoci\u0101cijas (IATA) skaidrojumi\">IATA<\/a> kartons<\/li>\n<li>Tehniskais apmekl\u0113jums tiek pied\u0101v\u0101ts bez saist\u012bb\u0101m<\/li>\n<\/ul>\n<p>Aim Intermovers ir Al\u017e\u012brijas p\u0101rcel\u0161an\u0101s uz\u0146\u0113mums, kas pied\u0101v\u0101 pakalpojumus vis\u0101 valst\u012b 48 Al\u017e\u012brijas vilej\u0101s un starptautiskos p\u0101rcel\u0161an\u0101s mar\u0161rutos. Uz\u0146\u0113mums nodro\u0161ina tranz\u012bta noda\u013cu, kas organiz\u0113s visus ar j\u016bsu p\u0101rcel\u0161anos saist\u012btos pas\u0101kumus, tostarp visas importa un eksporta pras\u012bbas. Uz\u0146\u0113mums ir IAM biedrs jau 9 gadus.<\/p>\n<p>Aim Intermovers klienti ir ar\u012b nacion\u0101lie un starptautiskie uz\u0146\u0113mumi, \u0101rvalstu uz\u0146\u0113mumi, naftas komp\u0101nijas un v\u0113stniec\u012bbas. Vi\u0146i pied\u0101v\u0101 bezmaksas cenu pied\u0101v\u0101jumu ar tehnisku apmekl\u0113jumu bez saist\u012bbu uz\u0146em\u0161an\u0101s. Vi\u0146i sniedz visaptvero\u0161us pakalpojumus, kas ietver iepakojuma materi\u0101lu un konteineru nodro\u0161in\u0101\u0161anu, k\u0101 ar\u012b iepako\u0161anas, demont\u0101\u017eas un atk\u0101rtotas mont\u0101\u017eas pakalpojumus.<\/p>\n<p>T\u012bmek\u013ca vietne: <a href=\"http:\/\/www.aimintermovers.dz\" target=\"_blank\" rel=\"noopener\">http:\/\/www.aimintermovers.dz<\/a><\/p>\n<h2><strong>2. Al\u017e\u012brija Pack and Move<\/strong><\/h2>\n<p><em><img loading=\"lazy\" decoding=\"async\" class=\"alignnone size-full wp-image-4643\" src=\"https:\/\/moverdb.com\/wp-content\/uploads\/Algeria-Pack-and-Move-international-moving-company.png\" alt=\"Al\u017e\u012brija Pack and Move starptautiskais p\u0101rcel\u0161an\u0101s uz\u0146\u0113mums\" width=\"1440\" height=\"629\" data-wp-pid=\"4643\" srcset=\"https:\/\/moverdb.com\/wp-content\/uploads\/Algeria-Pack-and-Move-international-moving-company.png 1440w, https:\/\/moverdb.com\/wp-content\/uploads\/Algeria-Pack-and-Move-international-moving-company-300x131.png 300w, https:\/\/moverdb.com\/wp-content\/uploads\/Algeria-Pack-and-Move-international-moving-company-1024x447.png 1024w, https:\/\/moverdb.com\/wp-content\/uploads\/Algeria-Pack-and-Move-international-moving-company-18x8.png 18w, https:\/\/moverdb.com\/wp-content\/uploads\/Algeria-Pack-and-Move-international-moving-company-600x262.png 600w\" sizes=\"auto, (max-width: 1440px) 100vw, 1440px\" \/><\/em><\/p>\n<ul>\n<li>Valsts p\u0101rvieto\u0161an\u0101s Al\u017e\u012brij\u0101<\/li>\n<li>Starptautiskie p\u0101rv\u0101k\u0161an\u0101s uz Al\u017e\u012briju un no t\u0101s<\/li>\n<li>Paredz\u0113ts uz\u0146\u0113mumiem un m\u0101jsaimniec\u012bb\u0101m<\/li>\n<li>Pied\u0101v\u0101 daudzpak\u0101pju p\u0101rvietojas pakalpojumu paketes<\/li>\n<li>Izve\u0161ana, transport\u0113\u0161ana un pieg\u0101de<\/li>\n<li>M\u0113be\u013cu iepako\u0161ana un izpako\u0161ana<\/li>\n<li>Visu priek\u0161metu iepako\u0161ana un izpako\u0161ana<\/li>\n<li>M\u0113be\u013cu demont\u0101\u017ea un mont\u0101\u017ea<\/li>\n<li>Visa eksporta un importa administr\u0113\u0161ana<\/li>\n<li>Esat da\u013ca no starptautiska p\u0101rvieto\u0161an\u0101s uz\u0146\u0113mumu t\u012bkla.<\/li>\n<\/ul>\n<p>Al\u017e\u012brija Pack and Move, kas paz\u012bstams ar\u012b k\u0101 APM, r\u016bp\u0113jas par uz\u0146\u0113mumiem un m\u0101jsaimniec\u012bb\u0101m, kas ir al\u017e\u012brie\u0161i, emigranti vai diplom\u0101ti. Uz\u0146\u0113mums tika dibin\u0101ts 2005. gad\u0101 un ir IAM biedrs jau 15 gadus. Vi\u0146i pied\u0101v\u0101 starptautisku p\u0101rcel\u0161anos sadarb\u012bb\u0101 ar partneru t\u012bklu visos 7 kontinentos un sniedz administrat\u012bvo atbalstu j\u016bsu p\u0101rcel\u0161an\u0101s p\u0101rvald\u012bb\u0101, ieskaitot eksped\u012bciju, muitas pakalpojumus, <a href=\"https:\/\/moverdb.com\/lv\/top-49-container-ports\/\" data-internallinksmanager029f6b8e52c=\"80\" title=\"49 liel\u0101kie un noslogot\u0101kie konteineru ostas 2025. gad\u0101\">osta<\/a> un lidostas formalit\u0101tes.<\/p>\n<p>APM pied\u0101v\u0101 tr\u012bs p\u0101rcel\u0161an\u0101s pakalpojumu l\u012bme\u0146us - 1. l\u012bme\u0146a p\u0101rcel\u0161an\u0101s un transport\u0113\u0161ana, 2. l\u012bmenis ietver ar\u012b m\u0113be\u013cu iepako\u0161anu un izpako\u0161anu, bet 3. l\u012bmenis papildus ietver visu priek\u0161metu iepako\u0161anu un izpako\u0161anu. Vajadz\u012bbas gad\u012bjum\u0101 vi\u0146i nodro\u0161ina ar\u012b noliktavas telpas.<\/p>\n<p>T\u012bmek\u013ca vietne: <a href=\"http:\/\/www.algeriapm.com\" target=\"_blank\" rel=\"noopener\">http:\/\/www.algeriapm.com<\/a><\/p>\n<h2><strong>3. Viena \u010dempiona p\u0101rv\u0101k\u0161an\u0101s<\/strong><\/h2>\n<p><em><img loading=\"lazy\" decoding=\"async\" class=\"alignnone size-full wp-image-4644\" src=\"https:\/\/moverdb.com\/wp-content\/uploads\/One-Champion-Removals-international-moving-company.png\" alt=\"One Champion Removals starptautiskais uz\u0146\u0113mums\" width=\"1440\" height=\"683\" data-wp-pid=\"4644\" srcset=\"https:\/\/moverdb.com\/wp-content\/uploads\/One-Champion-Removals-international-moving-company.png 1440w, https:\/\/moverdb.com\/wp-content\/uploads\/One-Champion-Removals-international-moving-company-300x142.png 300w, https:\/\/moverdb.com\/wp-content\/uploads\/One-Champion-Removals-international-moving-company-1024x486.png 1024w, https:\/\/moverdb.com\/wp-content\/uploads\/One-Champion-Removals-international-moving-company-18x9.png 18w, https:\/\/moverdb.com\/wp-content\/uploads\/One-Champion-Removals-international-moving-company-600x285.png 600w\" sizes=\"auto, (max-width: 1440px) 100vw, 1440px\" \/><\/em><\/p>\n<ul>\n<li>Viet\u0113jie un viet\u0113jie p\u0101rvieto\u0161an\u0101s pakalpojumi<\/li>\n<li>Starptautiskie pakalpojumi<\/li>\n<li>Autotransports, j\u016bras un gaisa transports<\/li>\n<li>Iepako\u0161ana un izpako\u0161ana<\/li>\n<li>M\u0113be\u013cu demont\u0101\u017ea un mont\u0101\u017ea<\/li>\n<li>Muitas p\u0101rraudz\u012bba<\/li>\n<li>Piln\u012bb\u0101 apdro\u0161in\u0101ts, dro\u0161s un aizsarg\u0101ts pakalpojums<\/li>\n<li>Nav sl\u0113pto izmaksu<\/li>\n<li>Pied\u0101v\u0101 uzglab\u0101\u0161anas iesp\u0113jas<\/li>\n<li>Pied\u0101v\u0101 ar\u012b p\u0101rcel\u0161an\u0101s pakalpojumu, lai pal\u012bdz\u0113tu atrast \u012bpa\u0161umu.<\/li>\n<\/ul>\n<p>One Champion Removals ir Al\u017e\u012brij\u0101 b\u0101z\u0113ta <a href=\"https:\/\/moverdb.com\/lv\/international-removals\/\" data-internallinksmanager029f6b8e52c=\"27\" title=\"36 Lab\u0101kie starptautisko p\u0101rvad\u0101jumu uz\u0146\u0113mumi Apvienotaj\u0101 Karalist\u0113\">p\u0101rcel\u0161an\u0101s uz\u0146\u0113mums<\/a> kas ir IAM biedrs jau 3 gadus. Vi\u0146i nodro\u0161ina zino\u0161u un pieredz\u0113ju\u0161u komandu, kas var pal\u012bdz\u0113t jums ar viet\u0113jo, valsts un starptautisko p\u0101rcel\u0161anos.<\/p>\n<p>One Champion Removals sniedz p\u0101rcel\u0161an\u0101s pakalpojumus, ko var veikt pa autoce\u013ciem, j\u016bru un gaisu, un vi\u0146u komanda uz\u0146emsies visu nepiecie\u0161amo dokumentu k\u0101rto\u0161anu, piem\u0113ram, muitas pras\u012bbas. Vi\u0146i sniedz piln\u012bb\u0101 apdro\u0161in\u0101tus pakalpojumus, kas ir dro\u0161i un aizsarg\u0101ti. Vi\u0146i nodro\u0161ina ar\u012b dro\u0161as mantu glab\u0101tuves un p\u0101rcel\u0161an\u0101s pakalpojumus, lai pal\u012bdz\u0113tu atrast piem\u0113rotu \u012bpa\u0161umu.<\/p>\n<p>T\u012bmek\u013ca vietne: <a href=\"http:\/\/www.championinternationalmoving.com\" target=\"_blank\" rel=\"noopener\">http:\/\/www.championinternationalmoving.com<\/a><\/p>","protected":false},"excerpt":{"rendered":"<p>If you are moving in Algeria, or are wanting to move to or from Algeria, you may need a moving company to assist you. Below is a list of those that are members of the International Association of Movers (IAM) and\/or FIDI Accredited International Mover (FAIM) which will hopefully help you. 1. Aim Intermovers Provides [&hellip;]<\/p>\n","protected":false},"author":4,"featured_media":0,"parent":190,"menu_order":0,"comment_status":"closed","ping_status":"closed","template":"","meta":{"_genesis_hide_title":false,"_genesis_hide_breadcrumbs":false,"_genesis_hide_singular_image":false,"_genesis_hide_footer_widgets":false,"_genesis_custom_body_class":"","_genesis_custom_post_class":"","_genesis_layout":"","footnotes":""},"class_list":{"0":"post-4641","1":"page","2":"type-page","3":"status-publish","5":"entry","6":"has-post-thumbnail"},"_links":{"self":[{"href":"https:\/\/moverdb.com\/lv\/wp-json\/wp\/v2\/pages\/4641","targetHints":{"allow":["GET"]}}],"collection":[{"href":"https:\/\/moverdb.com\/lv\/wp-json\/wp\/v2\/pages"}],"about":[{"href":"https:\/\/moverdb.com\/lv\/wp-json\/wp\/v2\/types\/page"}],"author":[{"embeddable":true,"href":"https:\/\/moverdb.com\/lv\/wp-json\/wp\/v2\/users\/4"}],"replies":[{"embeddable":true,"href":"https:\/\/moverdb.com\/lv\/wp-json\/wp\/v2\/comments?post=4641"}],"version-history":[{"count":3,"href":"https:\/\/moverdb.com\/lv\/wp-json\/wp\/v2\/pages\/4641\/revisions"}],"predecessor-version":[{"id":4653,"href":"https:\/\/moverdb.com\/lv\/wp-json\/wp\/v2\/pages\/4641\/revisions\/4653"}],"up":[{"embeddable":true,"href":"https:\/\/moverdb.com\/lv\/wp-json\/wp\/v2\/pages\/190"}],"wp:attachment":[{"href":"https:\/\/moverdb.com\/lv\/wp-json\/wp\/v2\/media?parent=4641"}],"curies":[{"name":"wp","href":"https:\/\/api.w.org\/{rel}","templated":true}]}}