{"id":453,"date":"2016-07-03T20:16:06","date_gmt":"2016-07-03T20:16:06","guid":{"rendered":"http:\/\/moverdb.com\/?page_id=453"},"modified":"2026-01-08T15:20:54","modified_gmt":"2026-01-08T15:20:54","slug":"starptautiska-kugniecibas-kamera","status":"publish","type":"page","link":"https:\/\/moverdb.com\/lv\/international-chamber-shipping\/","title":{"rendered":"Starptautisk\u0101s ku\u0123niec\u012bbas kameras (ICS) skaidrojums"},"content":{"rendered":"<p>Starptautisk\u0101 ku\u0123niec\u012bbas pal\u0101ta (ICS) ir tirdzniec\u012bbas asoci\u0101cija, kas p\u0101rst\u0101v ku\u0123u \u012bpa\u0161niekus un ku\u0123u operatorus ar valstu ku\u0123u \u012bpa\u0161nieku asoci\u0101ciju starpniec\u012bbu. <\/p>\n<p>T\u0101s m\u0113r\u0137is ir veicin\u0101t t\u0101s biedru intereses visos ku\u0123u ekspluat\u0101cijas un ku\u0123niec\u012bbas politikas jaut\u0101jumos.<\/p>\n<p><strong>Svar\u012bg\u0101kie fakti par Starptautisko ku\u0123niec\u012bbas kameru:<\/strong><\/p>\n<ul>\n<li>  ICS loceklis <a href=\"https:\/\/moverdb.com\/lv\/kugniecibas-uznemumi\/\">ku\u0123niec\u012bbas uz\u0146\u0113mumi<\/a> apkalpo vair\u0101k nek\u0101 80% no pasaules tirdzniec\u012bbas tonn\u0101\u017eas.<\/li>\n<li>  ICS biedri ir \u0100zijas, Eiropas un Amerikas valstu ku\u0123u \u012bpa\u0161nieku asoci\u0101cijas.<\/li>\n<li>  ICS tika izveidota 1921. gad\u0101.<\/li>\n<li>  ICS ir 36 locek\u013ci un 11 asoci\u0113tie locek\u013ci.<\/li>\n<li>  ICS atrodas <a href=\"https:\/\/moverdb.com\/lv\/moving-to-london\/\">Londona<\/a>.<\/li>\n<li>  ICS ir unik\u0101la, jo at\u0161\u0137ir\u012bb\u0101 no cit\u0101m <a href=\"https:\/\/moverdb.com\/lv\/container-shipping\/\" data-internallinksmanager029f6b8e52c=\"3\" title=\"Starptautisko konteineru p\u0101rvad\u0101jumu tarifu diagramma: Apr\u012blis 2026\">starptautisk\u0101 ku\u0123niec\u012bba<\/a> tirdzniec\u012bbas asoci\u0101cijas, kas p\u0101rst\u0101v visu nozares nozaru - no pasa\u017eieru ku\u0123u operatoriem l\u012bdz tankku\u0123u operatoriem - intereses vis\u0101 pasaul\u0113.<\/li>\n<li>  ICS ir konsultat\u012bva strukt\u016bra, kas konsult\u0113 <a href=\"https:\/\/moverdb.com\/lv\/international-maritime-organisation\/\" data-internallinksmanager029f6b8e52c=\"24\" title=\"Starptautisk\u0101s J\u016brniec\u012bbas organiz\u0101cijas (SJO) skaidrojumi\">Starptautisk\u0101 J\u016brniec\u012bbas organiz\u0101cija<\/a>, Apvienoto N\u0101ciju Organiz\u0101cijas a\u0123ent\u016bra, kas ir atbild\u012bga par cilv\u0113ku dz\u012bv\u012bbas aizsardz\u012bbu j\u016br\u0101 un j\u016bras vides aizsardz\u012bbu.<\/li>\n<li>  ICS nodarbojas ar regulat\u012bviem, darb\u012bbas un juridiskiem jaut\u0101jumiem, kas saist\u012bti ar ku\u0123niec\u012bbas nozari.<\/li>\n<\/ul>\n<p><strong>ICS profils:<\/strong><\/p>\n<p>ICS nodro\u0161ina savu biedru p\u0101rst\u0101v\u012bbu da\u017e\u0101d\u0101s starpvald\u012bbu regulat\u012bvaj\u0101s iest\u0101d\u0113s, kas ietekm\u0113 ku\u0123niec\u012bbu, tostarp Starptautiskaj\u0101 J\u016brniec\u012bbas organiz\u0101cij\u0101. <\/p>\n<p>T\u0101 ir ar\u012b inform\u0101cijas avots biedriem un ir izstr\u0101d\u0101jusi vadl\u012bnijas un paraugpraksi nozares dal\u012bbniekiem - \u0161ie resursi tiek pied\u0101v\u0101ti bez maksas ku\u0123u \u012bpa\u0161niekiem nozar\u0113, k\u0101 ar\u012b biedriem. <\/p>\n<p>T\u0101s misija ir censties pan\u0101kt, lai pasaules ku\u0123niec\u012bbas nozare darbotos saska\u0146\u0101 ar augstiem standartiem, par priorit\u0101ti izvirzot dro\u0161u ku\u0123o\u0161anu, k\u0101 ar\u012b vides aizsardz\u012bbu. <\/p>\n<p>Lai gan t\u0101 pamat\u0101 tika izveidota, lai veicin\u0101tu ku\u0123niec\u012bbas nozares uz\u0146\u0113m\u0113ju darb\u012bbu, viens no t\u0101s m\u0113r\u0137iem ir ar\u012b sadarb\u012bba ar cit\u0101m gan valsts, gan nevalstisk\u0101m organiz\u0101cij\u0101m, lai pal\u012bdz\u0113tu padar\u012bt ku\u0123niec\u012bbas nozari efekt\u012bv\u0101ku un dro\u0161\u0101ku.<\/p>\n<p><strong>Dal\u012bbvalstu ku\u0123niec\u012bbas uz\u0146\u0113mumi (p\u0113c lieluma):<\/strong><\/p>\n<ul>\n<li> <a href=\"https:\/\/moverdb.com\/lv\/maersk\/\">Maersk Line<\/a><\/li>\n<li> <a href=\"https:\/\/moverdb.com\/lv\/mediterranean-shipping-company\/\">Vidusj\u016bras ku\u0123niec\u012bbas komp\u0101nija (MSC)<\/a><\/li>\n<\/ul>\n<p><strong>Dal\u012bbas krit\u0113riji:<\/strong><\/p>\n<p>ICS locek\u013ci ir <a href=\"https:\/\/moverdb.com\/lv\/kravas-ekspeditors\/\">ku\u0123u \u012bpa\u0161nieki un operatori<\/a> no visas pasaules, kas ir p\u0101rst\u0101v\u0113ti ar nacion\u0101lo ku\u0123u \u012bpa\u0161nieku asoci\u0101ciju starpniec\u012bbu. Asoci\u0101cijas ir t\u0101s, kas nodro\u0161ina dal\u012bbu, t\u0101p\u0113c individu\u0101li \u012bpa\u0161nieki un operatori nevar pieteikties. <\/p>\n<p>T\u0101p\u0113c t\u012bmek\u013ca vietn\u0113 nav nor\u0101d\u012bti dal\u012bbas krit\u0113riji.<\/p>\n<p><strong>Viedok\u013ci par Starptautisko ku\u0123niec\u012bbas kameru:<\/strong><\/p>\n<p>ICS tiek cit\u0113ta vair\u0101kos nozares izdevumos, koment\u0113jot aktu\u0101los jaut\u0101jumus, piem\u0113ram, CO2 samazin\u0101\u0161anu. T\u0101 ir min\u0113ta t\u0101s biedru t\u012bmek\u013ca vietn\u0113s, piem. <a href=\"https:\/\/www.ukchamberofshipping.com\/about-us\/our-partners\/international-chamber-shipping\/\" target=\"_blank\" rel=\"noopener\">Apvienot\u0101s Karalistes Ku\u0123niec\u012bbas pal\u0101ta<\/a>. <\/p>\n<p>Tie\u0161saist\u0113 ir pieejami dokumenti, kuros ICS izsaka koment\u0101rus par glob\u0101liem jaut\u0101jumiem, piem\u0113ram, nodok\u013cu konvencij\u0101m. <a href=\"http:\/\/www.allaboutshipping.co.uk\/category\/associations\/international-chamber-of-shipping\/\" target=\"_blank\" rel=\"noopener\">notikumu atspogu\u013cojums<\/a> piem\u0113ram. <a href=\"http:\/\/www.imo.org\/en\/MediaCentre\/SecretaryGeneral\/SpeechesByTheSecretaryGeneral\/Pages\/ICS2012.aspx\" target=\"_blank\" rel=\"noopener\">Starptautisk\u0101s ku\u0123niec\u012bbas kameras konference<\/a> kur\u0101 Starptautisk\u0101s J\u016brniec\u012bbas organiz\u0101cijas \u0123ener\u0101lsekret\u0101rs Koji Sekimizu raksturoja Starptautisko j\u016brniec\u012bbas organiz\u0101ciju k\u0101 <em>\"viena no vair\u0101k\u0101m nevalstiskaj\u0101m organiz\u0101cij\u0101m, kas p\u0101rst\u0101v ku\u0123niec\u012bbas nozari SJO, un tai ir viena no sen\u0101kaj\u0101m organiz\u0101cij\u0101m.\"<\/em> <\/p>\n<p>Citos tie\u0161saistes avotos ICS tiek d\u0113v\u0113ta par \"atz\u012bt\u0101ko pasaules ku\u0123u \u012bpa\u0161nieku asoci\u0101ciju\". ICS uzticam\u012bba ir ac\u012bmredzama, \u0146emot v\u0113r\u0101 publik\u0101cijas, kur\u0101s par\u0101d\u0101s t\u0101s nosaukums, asoci\u0101cijas ar cit\u0101m strukt\u016br\u0101m un jaut\u0101jumus, par kuriem ICS tiek l\u016bgts sniegt koment\u0101rus.<\/p>\n<blockquote><p>Starptautisk\u0101 ku\u0123niec\u012bbas pal\u0101ta (ICS) ir galven\u0101 starptautisk\u0101 tirdzniec\u012bbas ku\u0123u \u012bpa\u0161nieku un operatoru tirdzniec\u012bbas asoci\u0101cija, kas p\u0101rst\u0101v visas nozares un nozares (tostarp, cita starp\u0101, tankku\u0123us, sauskravu ku\u0123us, konteinerku\u0123us, \u0123ener\u0101lkravu un specializ\u0113tos ku\u0123us, k\u0101 ar\u012b pasa\u017eieru ku\u0123us) un da\u017e\u0101das starpvald\u012bbu strukt\u016bras, kas ietekm\u0113 ku\u0123niec\u012bbu. ICS biedri ir 35 valstu ku\u0123u \u012bpa\u0161nieku asoci\u0101cijas 35 valst\u012bs, kas p\u0101rst\u0101v vair\u0101k nek\u0101 80% pasaules tirdzniec\u012bbas flotes.<\/p><\/blockquote>\n<p><a href=\"http:\/\/www.oecd.org\/tax\/treaties\/ics-comments-discussion-draft-mtc-international-traffic.pdf\" target=\"_blank\" rel=\"noopener\">ESAO<\/a><\/p>\n<p><strong>T\u012bmek\u013ca vietne:<\/strong> <a href=\"http:\/\/www.ics-shipping.org\/\" target=\"_blank\" rel=\"noopener\">http:\/\/www.ics-shipping.org\/<\/a><\/p>\n<p><strong>Lai uzzin\u0101tu vair\u0101k par nos\u016bt\u012b\u0161anu, skatiet:<\/strong> <a href=\"https:\/\/moverdb.com\/lv\/konteineru-parvadajumi\/\">2018. gada starptautisko konteineru p\u0101rvad\u0101jumu cenas un izmaksas<\/a> un <a href=\"https:\/\/moverdb.com\/lv\/kravas-ekspeditors\/\">Starptautisko ekspeditoru un NVOCC starptautisko izmaksu un uz\u0146\u0113mumu ce\u013cvedis<\/a><\/p>","protected":false},"excerpt":{"rendered":"<p>The International Chamber of Shipping (ICS) is a trade association that represents ship owners and ship operators via national shipowners associations. Its aim is to promote the interests of its members throughout all issues of ship operation and also shipping policy. Key facts about the International Chamber of Shipping: ICS member shipping companies operate over [&hellip;]<\/p>\n","protected":false},"author":1,"featured_media":0,"parent":0,"menu_order":0,"comment_status":"closed","ping_status":"closed","template":"","meta":{"_genesis_hide_title":false,"_genesis_hide_breadcrumbs":false,"_genesis_hide_singular_image":false,"_genesis_hide_footer_widgets":false,"_genesis_custom_body_class":"","_genesis_custom_post_class":"","_genesis_layout":"","footnotes":""},"class_list":{"0":"post-453","1":"page","2":"type-page","3":"status-publish","5":"entry"},"_links":{"self":[{"href":"https:\/\/moverdb.com\/lv\/wp-json\/wp\/v2\/pages\/453","targetHints":{"allow":["GET"]}}],"collection":[{"href":"https:\/\/moverdb.com\/lv\/wp-json\/wp\/v2\/pages"}],"about":[{"href":"https:\/\/moverdb.com\/lv\/wp-json\/wp\/v2\/types\/page"}],"author":[{"embeddable":true,"href":"https:\/\/moverdb.com\/lv\/wp-json\/wp\/v2\/users\/1"}],"replies":[{"embeddable":true,"href":"https:\/\/moverdb.com\/lv\/wp-json\/wp\/v2\/comments?post=453"}],"version-history":[{"count":10,"href":"https:\/\/moverdb.com\/lv\/wp-json\/wp\/v2\/pages\/453\/revisions"}],"predecessor-version":[{"id":6245,"href":"https:\/\/moverdb.com\/lv\/wp-json\/wp\/v2\/pages\/453\/revisions\/6245"}],"wp:attachment":[{"href":"https:\/\/moverdb.com\/lv\/wp-json\/wp\/v2\/media?parent=453"}],"curies":[{"name":"wp","href":"https:\/\/api.w.org\/{rel}","templated":true}]}}