{"id":452,"date":"2016-07-03T20:39:16","date_gmt":"2016-07-03T20:39:16","guid":{"rendered":"http:\/\/moverdb.com\/?page_id=452"},"modified":"2026-01-08T15:30:42","modified_gmt":"2026-01-08T15:30:42","slug":"world-shipping-council","status":"publish","type":"page","link":"https:\/\/moverdb.com\/lv\/world-shipping-council\/","title":{"rendered":"Pasaules ku\u0123niec\u012bbas padomes (WSC) skaidrojums"},"content":{"rendered":"<p>Pasaules ku\u0123niec\u012bbas padome (WSC) p\u0101rst\u0101v l\u012bnijp\u0101rvad\u0101jumu nozari. S\u0101kotn\u0113ji t\u0101 tika izveidota k\u0101 liel\u0101ko l\u012bnijp\u0101rvad\u0101t\u0101ju uz\u0146\u0113mumu lob\u0113\u0161anas grupa, bet tagad t\u0101 ir k\u013cuvusi par nozares un vald\u012bbu padomdev\u0113ju tik da\u017e\u0101d\u0101s jom\u0101s k\u0101 dro\u0161\u012bba un vides jaut\u0101jumi.<\/p>\n<p><strong>Svar\u012bg\u0101kie fakti par P\u0122S<\/strong><\/p>\n<ul>\n<li>  P\u0122S ir 26 locek\u013ci.<\/li>\n<li>  WSC biedri apkalpo aptuveni 90 % no pasaules l\u012bnijku\u0123u jaudas.<\/li>\n<li>  Ar \u0161iem pakalpojumiem tiek p\u0101rvad\u0101ti aptuveni 60 procenti no pasaules j\u016bras tirdzniec\u012bbas v\u0113rt\u012bbas un vair\u0101k nek\u0101 60 procenti no pasaules j\u016bras tirdzniec\u012bbas v\u0113rt\u012bbas. <a href=\"https:\/\/moverdb.com\/lv\/moving-to-the-united-states\/\" data-internallinksmanager029f6b8e52c=\"94\" title=\"P\u0101rce\u013caties uz Amerikas Savienotaj\u0101m Valst\u012bm? 2022 Dz\u012bves izmaksas un p\u0101rcel\u0161an\u0101s padomi\">ASV<\/a>$ 4 triljonus v\u0113rt\u0101m prec\u0113m gad\u0101.<\/li>\n<li>  Pasaules ku\u0123niec\u012bbas padome ir l\u012bnijp\u0101rvad\u0101t\u0101ju nozares p\u0101rst\u0101ve vis\u0101 pasaul\u0113.<\/li>\n<li>  P\u0122S 2000. gad\u0101 izveidoja noz\u012bm\u012bg\u0101ko lielo l\u012bnijsabiedr\u012bbu vad\u012bt\u0101ji. <a href=\"https:\/\/moverdb.com\/lv\/kugniecibas-uznemumi\/\">ku\u0123niec\u012bbas uz\u0146\u0113mumi<\/a>.<\/li>\n<li>  2009. gad\u0101 Pasaules Domei tika pie\u0161\u0137irts konsultat\u012bvais statuss <a href=\"https:\/\/moverdb.com\/lv\/international-maritime-organisation\/\" data-internallinksmanager029f6b8e52c=\"24\" title=\"Starptautisk\u0101s J\u016brniec\u012bbas organiz\u0101cijas (SJO) skaidrojumi\">Starptautisk\u0101 J\u016brniec\u012bbas organiz\u0101cija<\/a>.<\/li>\n<li>  P\u0122S atrodas <a href=\"https:\/\/moverdb.com\/lv\/parcelsanas-uz-vasingtonu-dc\/\">Va\u0161ingtona, DC<\/a>.<\/li>\n<li>  WSC biedri ir no visas pasaules, no <a href=\"https:\/\/moverdb.com\/lv\/moving-to-china\/\" data-internallinksmanager029f6b8e52c=\"357\" title=\"P\u0101rcel\u0161an\u0101s uz \u0136\u012bnu? 2023 Dz\u012bves izmaksas un p\u0101rcel\u0161an\u0101s padomi\">\u0136\u012bna<\/a> uz Ameriku.<\/li>\n<\/ul>\n<p><strong>Pasaules ku\u0123niec\u012bbas padomes profils:<\/strong><\/p>\n<p>WSC ir nozares organiz\u0101cija, ko 2000. gad\u0101 izveidoja l\u012bnijp\u0101rvad\u0101t\u0101ju nozares l\u012bnijp\u0101rvad\u0101t\u0101ji. Tai ir bijusi noz\u012bm\u012bga loma l\u012bnijp\u0101rvad\u0101jumu nozares svar\u012bg\u0101kajos br\u012b\u017eos, piem\u0113ram, sadarb\u012bb\u0101 ar pasaules valstu vald\u012bb\u0101m un organiz\u0101cij\u0101m, lai pal\u012bdz\u0113tu izstr\u0101d\u0101t ties\u012bbu aktus, noteikumus un programmas, kas paredz\u0113tas, lai p\u0113c 2001. gada teroristu uzbrukumiem uzlabotu starptautisk\u0101s j\u016bras tirdzniec\u012bbas dro\u0161\u012bbu. <\/p>\n<p>Pasaules Tirdzniec\u012bbas padomes galvenais uzdevums ir risin\u0101t tirdzniec\u012bbas, dro\u0161\u012bbas un muitas jaut\u0101jumus, kas ietekm\u0113 pa\u0161u nozari, k\u0101 ar\u012b t\u0101s ietekmi uz pla\u0161\u0101ku pasauli. P\u0113d\u0113jos gados t\u0101 ir s\u0101kusi piev\u0113rsties ar\u012b vides jaut\u0101jumiem. <\/p>\n<p>WSC tiek uzskat\u012bta par cien\u012bjamu padomdev\u0113ju gan nozarei, gan vald\u012bb\u0101m, piem\u0113ram, tai ir pie\u0161\u0137irts Starptautisk\u0101s J\u016brniec\u012bbas organiz\u0101cijas konsultat\u012bvais statuss. T\u0101 ar\u012b akt\u012bvi piedal\u0101s politiskaj\u0101s debat\u0113s, ja \u0161\u012b politika ietekm\u0113s l\u012bnijp\u0101rvad\u0101jumu nozari.<\/p>\n<p><strong>Dal\u012bbnieku uz\u0146\u0113mumi p\u0113c lieluma:<\/strong><\/p>\n<ul>\n<li> <a href=\"https:\/\/moverdb.com\/lv\/cma-cgm\/\">CMA CGM grupa<\/a><\/li>\n<li> <a href=\"https:\/\/moverdb.com\/lv\/hapag-lloyd\/\">Hapag-Lloyd<\/a><\/li>\n<li> <a href=\"https:\/\/moverdb.com\/lv\/evergreen-marine\/\">Evergreen Marine<\/a><\/li>\n<li> <a href=\"https:\/\/moverdb.com\/lv\/hamburg-sud\/\">Hamburg S\u00fcd<\/a><\/li>\n<\/ul>\n<p><strong>Dal\u012bbas krit\u0113riji:<\/strong><\/p>\n<p>T\u012bmek\u013ca vietn\u0113 nav nor\u0101d\u012bti dal\u012bbas krit\u0113riji. WSC raksturo savus biedrus k\u0101 <em>\"Vi\u0146i ir ieguld\u012bju\u0161i simtiem miljardu dol\u0101ru ku\u0123os, <a href=\"https:\/\/moverdb.com\/lv\/top-49-container-ports\/\" data-internallinksmanager029f6b8e52c=\"80\" title=\"49 liel\u0101kie un noslogot\u0101kie konteineru ostas 2025. gad\u0101\">osta<\/a> termin\u0101\u013ciem, kravas p\u0101rvad\u0101jumu uz\u0146\u0113mumiem, noliktav\u0101m un tehnolo\u0123ij\u0101m, lai nodro\u0161in\u0101tu, ka ar\u012b turpm\u0101k past\u0101v da\u017e\u0101das iesp\u0113jas dro\u0161iem, uzticamiem un ekonomiskiem starptautiskajiem kravu p\u0101rvad\u0101jumiem.\"<\/em> <\/p>\n<p>No t\u0101 ir skaidrs, ka dal\u012bba nav atv\u0113rta jebkuram uz\u0146\u0113mumam. Starp reprezentat\u012bvajiem dal\u012bbniekiem ir Hyundai Merchant Marine Company un United Arab <a href=\"https:\/\/moverdb.com\/lv\/shipping-companies\/\" data-internallinksmanager029f6b8e52c=\"4\" title=\"10 lab\u0101kie starptautisko konteineru p\u0101rvad\u0101jumu uz\u0146\u0113mumi\">Ku\u0123niec\u012bbas uz\u0146\u0113mums<\/a>.<\/p>\n<p>Ir nor\u0101d\u012bta kontaktinform\u0101cijas e-pasta adrese, kuru var izmantot tie, kas v\u0113las uzzin\u0101t par dal\u012bbu: info@worldshipping.org.<\/p>\n<p><strong>Viedok\u013ci par P\u0122S:<\/strong><\/p>\n<p>P\u0122S ir <a href=\"http:\/\/www.iims.org.uk\/world-shipping-council-advises-prepare-container-weight-verification\/\" target=\"_blank\" rel=\"noopener\">cit\u0113ts zi\u0146u report\u0101\u017e\u0101s<\/a> k\u0101 inform\u0101cijas avots par regulat\u012bvaj\u0101m un likumdo\u0161anas izmai\u0146\u0101m, un t\u0101 nep\u0101rprotami ir cien\u012bjama organiz\u0101cija, kas nodro\u0161ina sazi\u0146as kan\u0101lu starp likumdev\u0113jiem un nozari. <\/p>\n<p>T\u0101s darbs ir ar\u012b pal\u012bdz\u0113jis nov\u0113rst neskaidr\u012bbas saist\u012bb\u0101 ar gaid\u0101maj\u0101m juridiskaj\u0101m izmai\u0146\u0101m un atvieglot ties\u012bbu aktu p\u0101rtap\u0161anu rakst\u012btajos ties\u012bbu aktos. <\/p>\n<p>Lai gan biedru saraksts ir iek\u013cauts WSC vietn\u0113, \u0101tri p\u0101rbaudot p\u0101ris uz\u0146\u0113mumu vietnes, atkl\u0101j\u0101s, ka tie nav redzami WSC biedru sarakst\u0101. <\/p>\n<p>Tas, visticam\u0101k, ir t\u0101p\u0113c, ka WSC nav komerci\u0101lai t\u012bmek\u013ca vietnei piem\u0113rota akredit\u0101cija, bet gan nozares strukt\u016bra, kur\u0101 \u0161iem uz\u0146\u0113mumiem ir konsultat\u012bva un padomdev\u0113ja loma.<\/p>\n<p><strong>T\u012bmek\u013ca vietne:<\/strong> <a href=\"http:\/\/www.worldshipping.org\/\" target=\"_blank\" rel=\"noopener\">http:\/\/www.worldshipping.org\/<\/a><\/p>\n<p><strong>Lai uzzin\u0101tu vair\u0101k par nos\u016bt\u012b\u0161anu, skatiet:<\/strong> <a href=\"https:\/\/moverdb.com\/lv\/konteineru-parvadajumi\/\">2018. gada starptautisko konteineru p\u0101rvad\u0101jumu cenas un izmaksas<\/a> un <a href=\"https:\/\/moverdb.com\/lv\/kravas-ekspeditors\/\">Starptautisko ekspeditoru un NVOCC starptautisko izmaksu un uz\u0146\u0113mumu ce\u013cvedis<\/a><\/p>","protected":false},"excerpt":{"rendered":"<p>The World Shipping Council (WSC) provides a voice for the liner shipping industry. It was initially established as a lobbying group for the biggest liner shipping businesses and has become an advisor to industry and government on topics as varied as security and environmental issues. Key facts about the WSC The WSC has 26 members. [&hellip;]<\/p>\n","protected":false},"author":1,"featured_media":0,"parent":0,"menu_order":0,"comment_status":"closed","ping_status":"closed","template":"","meta":{"_genesis_hide_title":false,"_genesis_hide_breadcrumbs":false,"_genesis_hide_singular_image":false,"_genesis_hide_footer_widgets":false,"_genesis_custom_body_class":"","_genesis_custom_post_class":"","_genesis_layout":"","footnotes":""},"class_list":{"0":"post-452","1":"page","2":"type-page","3":"status-publish","5":"entry"},"_links":{"self":[{"href":"https:\/\/moverdb.com\/lv\/wp-json\/wp\/v2\/pages\/452","targetHints":{"allow":["GET"]}}],"collection":[{"href":"https:\/\/moverdb.com\/lv\/wp-json\/wp\/v2\/pages"}],"about":[{"href":"https:\/\/moverdb.com\/lv\/wp-json\/wp\/v2\/types\/page"}],"author":[{"embeddable":true,"href":"https:\/\/moverdb.com\/lv\/wp-json\/wp\/v2\/users\/1"}],"replies":[{"embeddable":true,"href":"https:\/\/moverdb.com\/lv\/wp-json\/wp\/v2\/comments?post=452"}],"version-history":[{"count":12,"href":"https:\/\/moverdb.com\/lv\/wp-json\/wp\/v2\/pages\/452\/revisions"}],"predecessor-version":[{"id":6254,"href":"https:\/\/moverdb.com\/lv\/wp-json\/wp\/v2\/pages\/452\/revisions\/6254"}],"wp:attachment":[{"href":"https:\/\/moverdb.com\/lv\/wp-json\/wp\/v2\/media?parent=452"}],"curies":[{"name":"wp","href":"https:\/\/api.w.org\/{rel}","templated":true}]}}