{"id":451,"date":"2016-07-04T14:16:48","date_gmt":"2016-07-04T14:16:48","guid":{"rendered":"http:\/\/moverdb.com\/?page_id=451"},"modified":"2026-01-08T14:39:55","modified_gmt":"2026-01-08T14:39:55","slug":"starptautiska-maritime-organisation","status":"publish","type":"page","link":"https:\/\/moverdb.com\/lv\/international-maritime-organisation\/","title":{"rendered":"Starptautisk\u0101s J\u016brniec\u012bbas organiz\u0101cijas (SJO) skaidrojumi"},"content":{"rendered":"<p>Starptautisk\u0101 J\u016brniec\u012bbas organiz\u0101cija (SJO) ir ANO a\u0123ent\u016bra, kuras galven\u0101 m\u012btne atrodas Apvienotaj\u0101 Karalist\u0113. <a href=\"https:\/\/moverdb.com\/lv\/moving-to-the-uk\/\" data-internallinksmanager029f6b8e52c=\"93\" title=\"P\u0101rce\u013caties uz Apvienoto Karalisti? 2022 Dz\u012bves izmaksas un p\u0101rcel\u0161an\u0101s padomi\">APVIENOT\u0100 KARALISTE<\/a>, kas ir atbild\u012bga par ku\u0123niec\u012bbas regul\u0113\u0161anu. T\u0101 sevi d\u0113v\u0113 par pasaules m\u0113roga standartu noteic\u0113ju iest\u0101di attiec\u012bb\u0101 uz ku\u0123o\u0161anas dro\u0161\u012bbu, dro\u0161umu un ekolo\u0123iskajiem raksturlielumiem. <a href=\"https:\/\/moverdb.com\/lv\/konteineru-parvadajumi\/\">starptautisk\u0101 ku\u0123niec\u012bba<\/a>.<\/p>\n<p><strong>Svar\u012bg\u0101kie fakti par Starptautisko j\u016brniec\u012bbas organiz\u0101ciju<\/strong><\/p>\n<ul>\n<li>  SJO ir 171 dal\u012bbvalsts un tr\u012bs asoci\u0113t\u0101s dal\u012bbvalstis.<\/li>\n<li>  SJO ir 1948. gad\u0101 izveidota ANO a\u0123ent\u016bra, kas s\u0101ka darboties desmit gadus v\u0113l\u0101k.<\/li>\n<li>  Liel\u0101k\u0101 da\u013ca dal\u012bbvalstu, kas nav IMO dal\u012bbnieces, ir valstis, kur\u0101m nav pieejas j\u016brai un kuras nav ieinteres\u0113tas ku\u0123o\u0161an\u0101 vai nav iesaist\u012btas taj\u0101.<\/li>\n<li>  Tr\u012bs SJO asoci\u0101cijas dal\u012bbvalstis ir F\u0113ru salas, <a href=\"https:\/\/moverdb.com\/lv\/moving-to-hong-kong\/\" data-internallinksmanager029f6b8e52c=\"350\" title=\"P\u0101rcel\u0161an\u0101s uz Honkongu? 2023 Dz\u012bves izmaksas un p\u0101rcel\u0161an\u0101s padomi\">Honkonga<\/a> un Makao.<\/li>\n<li>  Starptautisk\u0101 konvencija par cilv\u0113ku dz\u012bv\u012bbas aizsardz\u012bbu uz j\u016bras ir viens no SJO paz\u012bstam\u0101kajiem juridiskajiem instrumentiem.<\/li>\n<li>  <a href=\"https:\/\/moverdb.com\/lv\/container-shipping\/\" data-internallinksmanager029f6b8e52c=\"3\" title=\"Starptautisko konteineru p\u0101rvad\u0101jumu tarifu diagramma: Apr\u012blis 2026\">Starptautisk\u0101 pieg\u0101de<\/a> transport\u0113 vair\u0101k nek\u0101 80% no pasaules tirdzniec\u012bbas uz taut\u0101m un kopien\u0101m vis\u0101 pasaul\u0113.<\/li>\n<li>  SJO kompetenc\u0113 ir visi starptautisk\u0101s ku\u0123niec\u012bbas aspekti, tostarp ku\u0123u projekt\u0113\u0161ana, b\u016bve, apr\u012bkojums, apkalpe, ekspluat\u0101cija un likvid\u0101cija.<\/li>\n<li>  Nevalstisk\u0101m starptautisk\u0101m organiz\u0101cij\u0101m, kas sp\u0113j sniegt b\u016btisku ieguld\u012bjumu SJO darb\u0101, Padome ar Asamblejas piekri\u0161anu var pie\u0161\u0137irt konsultat\u012bvo statusu.<\/li>\n<\/ul>\n<p><strong>IMO profils<\/strong><\/p>\n<p>SJO ir glob\u0101la a\u0123ent\u016bra, kas ietilpst ANO kompetenc\u0113. T\u0101s sast\u0101v\u0101 ir Asambleja, Padome un piecas galven\u0101s komitejas: <\/p>\n<ol>\n<li> Ku\u0123o\u0161anas dro\u0161\u012bbas komiteja<\/li>\n<li> J\u016bras vides aizsardz\u012bbas komiteja<\/li>\n<li> Juridisk\u0101 komiteja<\/li>\n<li> Tehnisk\u0101s sadarb\u012bbas komiteja<\/li>\n<li> Veicin\u0101\u0161anas komiteja<\/li>\n<\/ol>\n<p>SJO ir atbild\u012bga par daudziem juridiskiem instrumentiem, kuru m\u0113r\u0137is ir uzlabot dro\u0161\u012bbu uz j\u016bras, uzlabot tirdzniec\u012bbu starp j\u016bras valst\u012bm un aizsarg\u0101t j\u016bras vidi. <\/p>\n<p>SJO ne tikai apl\u016bko ku\u0123niec\u012bbas nozari, k\u0101da t\u0101 ir pa\u0161laik, bet ar\u012b ir iesaist\u012bta t\u0101s n\u0101kotnes nodro\u0161in\u0101\u0161an\u0101, lai t\u0101 b\u016btu dro\u0161a, videi nekait\u012bga un energoefekt\u012bva. <\/p>\n<p>Ir \u013coti maz jomu, ko SJO neaptver, tostarp ku\u0123niec\u012bbas nozares cilv\u0113kfaktoru, ku\u0123o\u0161anas dro\u0161\u012bbu un tehnisko sadarb\u012bbu, kuras m\u0113r\u0137is ir pal\u012bdz\u0113t vald\u012bb\u0101m, kur\u0101m tr\u016bkst tehnisku zin\u0101\u0161anu un resursu, kas nepiecie\u0161ami, lai veiksm\u012bgi vad\u012btu ku\u0123niec\u012bbas nozari.<\/p>\n<p><strong>Dal\u012bbas krit\u0113riji <\/strong><\/p>\n<p>Dal\u012bba ir balst\u012bta uz valst\u012bm. Lai k\u013c\u016btu par SJO dal\u012bbvalsti, valsts ratific\u0113 daudzpus\u0113ju l\u012bgumu, kas paz\u012bstams k\u0101 Konvencija par Starptautisko j\u016brniec\u012bbas organiz\u0101ciju.<\/p>\n<p><strong>Viedok\u013ci par SJO:<\/strong><\/p>\n<p>SJO ir pasaules m\u0113roga <a href=\"http:\/\/www.unsceb.org\/content\/imo\" target=\"_blank\" rel=\"noopener\">paz\u012bstama organiz\u0101cija<\/a> ar atz\u012btu statusu. T\u0101 ir \u013coti paman\u0101ma un ir sp\u0113c\u012bgs sp\u0113ks ku\u0123niec\u012bbas nozar\u0113. Tie\u0161saist\u0113 inform\u0101cija par SJO koncentr\u0113jas uz t\u0101s lomu starpvald\u012bbu sadarb\u012bbas veicin\u0101\u0161an\u0101, k\u0101 ar\u012b starptautisko konferen\u010du sasauk\u0161an\u0101 par ku\u0123niec\u012bbas jaut\u0101jumiem un starptautisku konvenciju vai nol\u012bgumu sagatavo\u0161an\u0101 \u0161aj\u0101 jom\u0101. <\/p>\n<p>T\u0101s loma dro\u0161\u012bb\u0101 ir uzsv\u0113rta ar\u012b taj\u0101s viet\u0101s, kur t\u0101 ir piemin\u0113ta. T\u0101 k\u0101 SJO dal\u012bbniece ir katra valsts, t\u0101 nav min\u0113ta atsevi\u0161\u0137u uz\u0146\u0113mumu t\u012bmek\u013ca vietn\u0113s, bet t\u0101 bie\u017ei par\u0101d\u0101s \u0161\u0101d\u0101s t\u012bmek\u013ca vietn\u0113s. <a href=\"http:\/\/www.britannica.com\/topic\/International-Maritime-Organization\" target=\"_blank\" rel=\"noopener\">tie\u0161saistes enciklop\u0113dijas<\/a> un t\u012bmek\u013ca vietnes, kur\u0101s aprakst\u012bta ANO strukt\u016bra.<\/p>\n<p><strong>T\u012bmek\u013ca vietne:<\/strong> <a href=\"http:\/\/www.imo.org\/en\/Pages\/Default.aspx\" target=\"_blank\" rel=\"noopener\">http:\/\/www.imo.org\/<\/a><\/p>\n<p><strong>Lai uzzin\u0101tu vair\u0101k par nos\u016bt\u012b\u0161anu, skatiet:<\/strong> <a href=\"https:\/\/moverdb.com\/lv\/konteineru-parvadajumi\/\">2018. gada starptautisko konteineru p\u0101rvad\u0101jumu cenas un izmaksas<\/a> un <a href=\"https:\/\/moverdb.com\/lv\/kravas-ekspeditors\/\">Starptautisko ekspeditoru un NVOCC starptautisko izmaksu un uz\u0146\u0113mumu ce\u013cvedis<\/a><\/p>","protected":false},"excerpt":{"rendered":"<p>The International Maritime Organisation (IMO) is a UN agency, based in the UK, which is responsible for regulating shipping. It describes itself as the global standard-setting authority for the safety, security and environmental performance of international shipping. Key facts about the International Maritime Organisation The IMO has 171 Member States and three Associate Members. The [&hellip;]<\/p>\n","protected":false},"author":1,"featured_media":0,"parent":0,"menu_order":0,"comment_status":"closed","ping_status":"closed","template":"","meta":{"_genesis_hide_title":false,"_genesis_hide_breadcrumbs":false,"_genesis_hide_singular_image":false,"_genesis_hide_footer_widgets":false,"_genesis_custom_body_class":"","_genesis_custom_post_class":"","_genesis_layout":"","footnotes":""},"class_list":{"0":"post-451","1":"page","2":"type-page","3":"status-publish","5":"entry"},"_links":{"self":[{"href":"https:\/\/moverdb.com\/lv\/wp-json\/wp\/v2\/pages\/451","targetHints":{"allow":["GET"]}}],"collection":[{"href":"https:\/\/moverdb.com\/lv\/wp-json\/wp\/v2\/pages"}],"about":[{"href":"https:\/\/moverdb.com\/lv\/wp-json\/wp\/v2\/types\/page"}],"author":[{"embeddable":true,"href":"https:\/\/moverdb.com\/lv\/wp-json\/wp\/v2\/users\/1"}],"replies":[{"embeddable":true,"href":"https:\/\/moverdb.com\/lv\/wp-json\/wp\/v2\/comments?post=451"}],"version-history":[{"count":6,"href":"https:\/\/moverdb.com\/lv\/wp-json\/wp\/v2\/pages\/451\/revisions"}],"predecessor-version":[{"id":13163,"href":"https:\/\/moverdb.com\/lv\/wp-json\/wp\/v2\/pages\/451\/revisions\/13163"}],"wp:attachment":[{"href":"https:\/\/moverdb.com\/lv\/wp-json\/wp\/v2\/media?parent=451"}],"curies":[{"name":"wp","href":"https:\/\/api.w.org\/{rel}","templated":true}]}}