{"id":450,"date":"2016-06-21T21:08:23","date_gmt":"2016-06-21T21:08:23","guid":{"rendered":"http:\/\/moverdb.com\/?page_id=450"},"modified":"2026-01-08T15:20:26","modified_gmt":"2026-01-08T15:20:26","slug":"ngrs","status":"publish","type":"page","link":"https:\/\/moverdb.com\/lv\/ngrs\/","title":{"rendered":"Nacion\u0101l\u0101s p\u0101rv\u0101c\u0113ju un glab\u0101t\u0101ju \u0123ildes (NGRS) skaidrojums"},"content":{"rendered":"<p>P\u0101rv\u0101c\u0113ju un glab\u0101t\u0101ju nacion\u0101l\u0101 \u0123ilde (NGRS) ir izveidota, lai nodro\u0161in\u0101tu regul\u0113jumu p\u0101rv\u0101k\u0161an\u0101s un uzglab\u0101\u0161anas nozar\u0113. <a href=\"https:\/\/moverdb.com\/lv\/moving-to-the-uk\/\" data-internallinksmanager029f6b8e52c=\"93\" title=\"P\u0101rce\u013caties uz Apvienoto Karalisti? 2022 Dz\u012bves izmaksas un p\u0101rcel\u0161an\u0101s padomi\">APVIENOT\u0100 KARALISTE<\/a>. <\/p>\n<p>Tai ir prakses kodekss, un t\u0101 ir da\u013ca no <a href=\"https:\/\/moverdb.com\/lv\/rios\/\">P\u0101rv\u0101k\u0161an\u0101s nozares ombuda sh\u0113ma<\/a>, kas \u013cauj pat\u0113r\u0113t\u0101jiem iesniegt s\u016bdz\u012bbas par sliktu pieredzi.<\/p>\n<p><strong>Svar\u012bg\u0101kie fakti par NGRS:<\/strong><\/p>\n<ul>\n<li>  \u0122ildes <em>\"Gada izcil\u012bbas sertifik\u0101ts<\/em> tiek pie\u0161\u0137irts tiem dal\u012bbniekiem, kuri past\u0101v\u012bgi sa\u0146em teicamus v\u0113rt\u0113jumus sav\u0101s anket\u0101s.<\/li>\n<li>  NGRS ir izveidojusi sh\u0113mu, kas \u013cauj t\u0101s biedriem pied\u0101v\u0101t klientiem bezprocentu kred\u012btu, lai samaks\u0101tu par p\u0101rcel\u0161anos.<\/li>\n<li>  Savos divos jaun\u0101kajos apsekojumos par tirdzniec\u012bbas asoci\u0101cij\u0101m (1996. un 2003. gad\u0101) izdevums Which? Magazine nov\u0113rt\u0113ja The National Guild Of Removers &amp; Storers k\u0101 vienu no lab\u0101kaj\u0101m tirdzniec\u012bbas asoci\u0101cij\u0101m Apvienotaj\u0101 Karalist\u0113 pat\u0113r\u0113t\u0101ju aizsardz\u012bbas jom\u0101.<\/li>\n<li>  NGRS apkalpo tikai Apvienot\u0101s Karalistes biedrus.<\/li>\n<li>  Dal\u012bbnieku darb\u012bbas uzraudz\u012bba notiek, izmantojot anketas kartes, kas tiek izsniegtas klientam p\u0101rcel\u0161an\u0101s dien\u0101. T\u0101s tiek nos\u016bt\u012btas tie\u0161i NGRS, nevis p\u0101rv\u0101c\u0113jam, un to m\u0113r\u0137is ir past\u0101v\u012bgi un neatkar\u012bgi uzraudz\u012bt dal\u012bbnieku pakalpojumu l\u012bmeni. Saska\u0146\u0101 ar jaun\u0101kajiem public\u0113tajiem datiem (l\u012bdz 2016. gada apr\u012b\u013ca beig\u0101m) no sa\u0146emtaj\u0101m kart\u012bt\u0113m vair\u0101k nek\u0101 98% bija no apmierin\u0101tiem klientiem.<\/li>\n<li>  Locek\u013ciem ir j\u0101piesak\u0101s uz <a href=\"https:\/\/moverdb.com\/lv\/rios\/\" data-internallinksmanager029f6b8e52c=\"75\" title=\"P\u0101rv\u0101k\u0161an\u0101s nozares ombuda sh\u0113mas (RIOS) skaidrojums\">P\u0101rv\u0101k\u0161an\u0101s nozares ombuda sh\u0113ma<\/a> - jebkur\u0161 l\u0113mums, kas no t\u0101 izriet, vi\u0146iem ir saisto\u0161s.<\/li>\n<\/ul>\n<p><strong>P\u0101rv\u0101c\u0113ju un glab\u0101t\u0101ju nacion\u0101l\u0101s \u0123ildes profils:<\/strong><\/p>\n<p>Pat\u0113r\u0113t\u0101ju aizsardz\u012bba ir NGRS galvenais m\u0113r\u0137is - \u0122ilde cen\u0161as uzlabot kvalit\u0101tes standartus nozar\u0113, aizsarg\u0101t p\u0101rvad\u0101jam\u0101s mantas un pal\u012bdz\u0113t uzlabot klientu pieredzi. Biedriem ir j\u0101pilda \u0161\u0101di uzdevumi:<\/p>\n<ul>\n<li> Oblig\u0101ta dal\u012bba P\u0101rv\u0101k\u0161an\u0101s nozares ombuda sh\u0113m\u0101<\/li>\n<li> Oblig\u0101t\u0101 ombuda sh\u0113mas apstiprin\u0101t\u0101 p\u0101rbau\u017eu programma<\/li>\n<li> Ombuda sh\u0113mas apstiprin\u0101tais prakses kodekss<\/li>\n<li> Ombuda sh\u0113mas apstiprin\u0101t\u0101 kvalit\u0101tes uzraudz\u012bbas programma<\/li>\n<li> Ombuda sh\u0113mas apstiprin\u0101t\u0101 s\u016bdz\u012bbu proced\u016bra<\/li>\n<\/ul>\n<p>To m\u0113r\u0137is ir noteikt standartus, uzraudz\u012bt nozar\u0113 str\u0101d\u0101jo\u0161os un nodro\u0161in\u0101t klientiem neatkar\u012bgu s\u016bdz\u012bbu izskat\u012b\u0161anas procesu, ja tas ir nepiecie\u0161ams. <\/p>\n<p>Prakses kodekss ietver virkni noteikumu, tostarp par iesp\u0113ju reizi gad\u0101 veikt p\u0101rbaudi, rakstisku t\u0101mju snieg\u0161anu, \u0101tru s\u016bdz\u012bbu izskat\u012b\u0161anu un attiec\u012bg\u0101s apdro\u0161in\u0101\u0161anas apliecin\u0101jumu snieg\u0161anu.<\/p>\n<p><strong>Dal\u012bbas krit\u0113riji:<\/strong><\/p>\n<p>T\u012bmek\u013ca vietn\u0113 nav nor\u0101d\u012bti dal\u012bbas krit\u0113riji. T\u0101 viet\u0101 ir nor\u0101d\u012bta kontaktinform\u0101cija: T\u0101lrunis: 01494 350 143 E-pasts: info@ngrs.co.uk.<\/p>\n<p><strong>Dal\u012bbnieku uz\u0146\u0113mumu paraugi<\/strong><\/p>\n<ul>\n<li> <a href=\"https:\/\/moverdb.com\/lv\/movecorp\/\">Movecorp<\/a><\/li>\n<\/ul>\n<p><strong>Viedok\u013ci par NGRS:<\/strong><\/p>\n<p>NGRS par\u0101d\u0101s vair\u0101k\u0101s <a href=\"https:\/\/moverdb.com\/lv\/starptautiskie-parvaksanas-darbi\/\">Apvienot\u0101s Karalistes p\u0101rv\u0101c\u0113ji<\/a>\" t\u012bmek\u013ca vietn\u0113s, kur tas tiek min\u0113ts saist\u012bb\u0101 ar kvalit\u0101tes un pakalpojumu veicin\u0101\u0161anu un klientu dro\u0161\u012bbas nodro\u0161in\u0101\u0161anu. <\/p>\n<p>Tiek nor\u0101d\u012bts, ka NGRS regul\u0101ri p\u0101rbauda savus dal\u012bbniekus un ka oblig\u0101t\u0101 dal\u012bba P\u0101rcel\u0161an\u0101s ombuda sh\u0113m\u0101 ir kaut kas t\u0101ds, kas nodro\u0161ina papildu klientu aizsardz\u012bbas l\u012bmeni.<\/p>\n<p>\u0160\u0137iet, ka starp D\u017eeinu Fin\u010du (Profesion\u0101lo p\u0101rvad\u0101t\u0101ju asoci\u0101cijas (Professional Movers Association) direktore) un NGRS ir radu\u0161\u0101s zin\u0101mas probl\u0113mas saist\u012bb\u0101 ar Fin\u010das apgalvojumiem par to, ka NGRS ir str\u012bd\u0101 ar daudziem t\u0101s biedriem. NGRS ir <a href=\"http:\/\/www.tradestorage.co.uk\/setrecord.htm\" target=\"_blank\" rel=\"noopener\">to raksturoja k\u0101<\/a> <em>\"pret \u0123ildi v\u0113rsta propaganda.\" <\/em><\/p>\n<p>Tom\u0113r ir da\u017ei <a href=\"http:\/\/www.swindonadvertiser.co.uk\/news\/11601604.Luckes_Removals_firm_must__cough_up___50_000_for_website_error\/\" target=\"_blank\" rel=\"noopener\">preses zi\u0146ojumi<\/a> kas, \u0161\u0137iet, liecina, ka kustin\u0101t\u0101ji ir konflikt\u0101 ar \u0122ildi, piem\u0113ram, par NGRS logotipa izmanto\u0161anu sav\u0101 t\u012bmek\u013ca vietn\u0113 p\u0113c izst\u0101\u0161an\u0101s no nozares asoci\u0101cijas.<\/p>\n<p>S\u016bdz\u012bba <a href=\"https:\/\/www.ipso.co.uk\/rulings-and-resolution-statements\/\" target=\"_blank\" rel=\"noopener\">Neatkar\u012bg\u0101 preses standartu organiz\u0101cija<\/a> NGRS pret Daily Mirror ir dokument\u0113ta, ta\u010du t\u0101 netika apmierin\u0101ta. <\/p>\n<blockquote><p>P\u0101rv\u0101c\u0113ju un glab\u0101t\u0101ju nacion\u0101l\u0101 \u0123ilde ir ap\u0146\u0113musies veicin\u0101t kvalit\u0101ti un pakalpojumu snieg\u0161anu piln\u012bb\u0101 neregul\u0113t\u0101 nozar\u0113, kas ietver t\u0101s biedru neatkar\u012bgu p\u0101rbaudi, dal\u012bbu P\u0101rv\u0101k\u0161an\u0101s nozares ombuda sh\u0113m\u0101, prakses kodeksu, kas attiecas uz to, k\u0101 biedri str\u0101d\u0101 ar klientiem, un past\u0101v\u012bgu biedru darb\u012bbas uzraudz\u012bbu.<\/p><\/blockquote>\n<p>- <a href=\"http:\/\/www.minimoves.co.uk\/\" target=\"_blank\" rel=\"noopener\">MiniMoves<\/a><\/p>\n<p><strong>T\u012bmek\u013ca vietne:<\/strong> <a href=\"http:\/\/www.ngrs.co.uk\/\" target=\"_blank\" rel=\"noopener\">http:\/\/www.ngrs.co.uk\/<\/a><\/p>","protected":false},"excerpt":{"rendered":"<p>The National Guild of Removers and Storers (NGRS) has been established to provide some regulation for the moving and storage industry in the UK. It has a Code of Practice and is part of the Removals Industry Ombudsman Scheme, which allows consumers to make complaints about poor experiences. Key facts about NGRS: The Guild&#8217;s &#8216;Annual [&hellip;]<\/p>\n","protected":false},"author":1,"featured_media":0,"parent":0,"menu_order":0,"comment_status":"closed","ping_status":"closed","template":"","meta":{"_genesis_hide_title":false,"_genesis_hide_breadcrumbs":false,"_genesis_hide_singular_image":false,"_genesis_hide_footer_widgets":false,"_genesis_custom_body_class":"","_genesis_custom_post_class":"","_genesis_layout":"","footnotes":""},"class_list":{"0":"post-450","1":"page","2":"type-page","3":"status-publish","5":"entry"},"_links":{"self":[{"href":"https:\/\/moverdb.com\/lv\/wp-json\/wp\/v2\/pages\/450","targetHints":{"allow":["GET"]}}],"collection":[{"href":"https:\/\/moverdb.com\/lv\/wp-json\/wp\/v2\/pages"}],"about":[{"href":"https:\/\/moverdb.com\/lv\/wp-json\/wp\/v2\/types\/page"}],"author":[{"embeddable":true,"href":"https:\/\/moverdb.com\/lv\/wp-json\/wp\/v2\/users\/1"}],"replies":[{"embeddable":true,"href":"https:\/\/moverdb.com\/lv\/wp-json\/wp\/v2\/comments?post=450"}],"version-history":[{"count":9,"href":"https:\/\/moverdb.com\/lv\/wp-json\/wp\/v2\/pages\/450\/revisions"}],"predecessor-version":[{"id":6224,"href":"https:\/\/moverdb.com\/lv\/wp-json\/wp\/v2\/pages\/450\/revisions\/6224"}],"wp:attachment":[{"href":"https:\/\/moverdb.com\/lv\/wp-json\/wp\/v2\/media?parent=450"}],"curies":[{"name":"wp","href":"https:\/\/api.w.org\/{rel}","templated":true}]}}