{"id":449,"date":"2016-07-04T14:35:22","date_gmt":"2016-07-04T14:35:22","guid":{"rendered":"http:\/\/moverdb.com\/?page_id=449"},"modified":"2026-01-08T14:48:17","modified_gmt":"2026-01-08T14:48:17","slug":"eurovan-movers","status":"publish","type":"page","link":"https:\/\/moverdb.com\/lv\/eurovan-movers\/","title":{"rendered":"Paskaidrots Eurovan Starptautiskais P\u0101rv\u0101c\u0113ju t\u012bkls (EM)"},"content":{"rendered":"<p>Eurovan International Movers Network (EM) ir neatkar\u012bgu viet\u0113jo mobilo p\u0101rv\u0101k\u0161an\u0101s uz\u0146\u0113mumu t\u012bkls, kas b\u0101z\u0113jas <a href=\"https:\/\/moverdb.com\/lv\/moving-to-germany\/\" data-internallinksmanager029f6b8e52c=\"321\" title=\"P\u0101rcel\u0161an\u0101s uz V\u0101ciju? 2023 Dz\u012bves izmaksas un p\u0101rcel\u0161an\u0101s padomi\">V\u0101cija<\/a>. T\u012bkls ir izveidots, lai nodro\u0161in\u0101tu konsekventu pakalpojumu l\u012bmeni starptautiskiem p\u0101rvad\u0101jumiem, kas var \u0161\u0137\u0113rsot vair\u0101kas valstis.<\/p>\n<p><strong>Svar\u012bg\u0101kie fakti par Eurovan International Movers Network:<\/strong><\/p>\n<ul>\n<li>  Ja p\u0101rvieto\u0161ana notiek tikai Eirop\u0101, EM centr\u0101lais birojs uzrauga, koordin\u0113 un kontrol\u0113 visus p\u0101rvieto\u0161anas pas\u0101kumus no vienas valsts uz citu.<\/li>\n<li>  EM sav\u0101 t\u012bkl\u0101 pied\u0101v\u0101 virkni pakalpojumu, tostarp koordin\u0101cijas un oper\u0101ciju, uzglab\u0101\u0161anas un noliktavas, iepako\u0161anas un izpako\u0161anas, k\u0101 ar\u012b izcelsmes un galam\u0113r\u0137a pakalpojumus.<\/li>\n<li>  EM ir septi\u0146i partneri vis\u0101 pasaul\u0113, kas aptver \u0100friku, \u0100ziju, Zieme\u013cameriku un Dienvidameriku.<\/li>\n<li>  EM ir aptuveni 35 partneri Eirop\u0101, asto\u0146i no tiem ir Eiropas valst\u012bs. <a href=\"https:\/\/moverdb.com\/lv\/starptautiskie-parvaksanas-darbi\/\">APVIENOT\u0100 KARALISTE<\/a>.<\/li>\n<li>  Ja EM centr\u0101lais birojs uzrauga p\u0101rvieto\u0161anos, tas \u013cauj EM samazin\u0101t tuk\u0161o nobraukumu un atrast veidus, k\u0101 ietaup\u012bt naudu.<\/li>\n<li>  EM darb\u012bbas joma ir glob\u0101la.<\/li>\n<\/ul>\n<p><strong>Eurovan Movers profils:<\/strong><\/p>\n<p>EM ir organiz\u0101cija, kas darbojas, pamatojoties uz \"partneru\", nevis biedru principu. Lai gan nav uzskait\u012bti dal\u012bbas krit\u0113riji, ir skaidrs, ka process, lai k\u013c\u016btu par partneri, ir diezgan sare\u017e\u0123\u012bts un prasa, lai EM un potenci\u0101lais partneris labi sader\u0113tu sav\u0101 starp\u0101, k\u0101 ar\u012b sp\u0113tu sniegt jaunas idejas. <\/p>\n<p>Liel\u0101kaj\u0101 da\u013c\u0101 galam\u0113r\u0137u gan Eiropas, gan pasaules partneru kategorij\u0101 ir tikai viens uz\u0146\u0113mums - iz\u0146emot V\u0101ciju, kur ir tikai viens uz\u0146\u0113mums. <a href=\"https:\/\/moverdb.com\/lv\/moving-to-the-uk\/\" data-internallinksmanager029f6b8e52c=\"93\" title=\"P\u0101rce\u013caties uz Apvienoto Karalisti? 2022 Dz\u012bves izmaksas un p\u0101rcel\u0161an\u0101s padomi\">APVIENOT\u0100 KARALISTE<\/a>, <a href=\"https:\/\/moverdb.com\/lv\/moving-to-switzerland\/\" data-internallinksmanager029f6b8e52c=\"327\" title=\"P\u0101rcel\u0161an\u0101s uz \u0160veici? 2023 Dz\u012bves izmaksas un p\u0101rcel\u0161an\u0101s padomi\">\u0160veice<\/a> un <a href=\"https:\/\/moverdb.com\/lv\/moving-to-italy\/\" data-internallinksmanager029f6b8e52c=\"346\" title=\"P\u0101rcel\u0161an\u0101s uz It\u0101liju? 2023 Dz\u012bves izmaksas un p\u0101rcel\u0161an\u0101s padomi\">It\u0101lija<\/a>, kam ir 4+. <\/p>\n<p>EM ideja ir pied\u0101v\u0101t klientiem saska\u0146ot\u0101ku pieeju starptautiskajai p\u0101rcel\u0161an\u0101s organiz\u0113\u0161anai, apvienojot neatkar\u012bgus viet\u0113jos p\u0101rv\u0101c\u0113jus. EM pati koordin\u0113 procesu, ja p\u0101rcel\u0161an\u0101s notiek ES teritorij\u0101. <\/p>\n<p>EM izce\u013cas ar to, ka tai ir centraliz\u0113ta vad\u012bba, bet t\u0101 sadarbojas ar viet\u0113jiem p\u0101rvad\u0101t\u0101jiem, saglab\u0101jot viet\u0113j\u0101s zin\u0101\u0161anas un sakarus, k\u0101 ar\u012b sp\u0113jot pied\u0101v\u0101t centr\u0101lo kontroli.<\/p>\n<p><strong>Dal\u012bbas krit\u0113riji:<\/strong><\/p>\n<p>T\u012bmek\u013ca vietn\u0113 nav nor\u0101d\u012bti nek\u0101di dal\u012bbas krit\u0113riji - t\u0101 viet\u0101 t\u012bmek\u013ca vietn\u0113 ir teikts:<\/p>\n<blockquote><p>Protams, lai k\u013c\u016btu par partneri, ir nepiecie\u0161ams kas vair\u0101k nek\u0101 viena vai divas p\u0101rcel\u0161an\u0101s m\u0101j\u0101s.<\/p>\n<p>Ja uzskat\u0101t, ka varat g\u016bt labumu no siner\u0123ijas, ko var sniegt t\u012bkls, un ja dom\u0101jat, ka da\u017eas no j\u016bsu svaigaj\u0101m un netradicion\u0101laj\u0101m idej\u0101m b\u016btu j\u0101apvieno kop\u0101 ar vair\u0101k nek\u0101 30 gadu p\u0101rcel\u0161an\u0101s pieredzi, tad tagad esat atradis pareizo avotu. <\/p>\n<p>Lai uzzin\u0101tu vair\u0101k par galvenaj\u0101m tehnolo\u0123ij\u0101m un cit\u0101m priek\u0161roc\u012bb\u0101m, kas pieejamas visiem Eurovan partneriem, sazinieties ar Tobiju Kri\u0161ostomo. Vi\u0146\u0161 ar prieku atbild\u0113s uz visiem j\u016bsu jaut\u0101jumiem par priek\u0161roc\u012bb\u0101m, ko sniedz k\u013c\u016b\u0161ana par Eurovan partneri, un pal\u012bdz\u0113s jums uzs\u0101kt ce\u013cu uz liel\u0101ku atpaz\u012bstam\u012bbu un elast\u012bbu p\u0101rvad\u0101jumu biznes\u0101.<\/p><\/blockquote>\n<p>EUROVAN - Starptautiskais P\u0101rv\u0101c\u0113ju t\u012bkls<br \/>\nTobia Crisostomo<br \/>\nNeckarauer Stra\u00dfe 35\/41<br \/>\nD-68199 Mannheima, V\u0101cija<br \/>\nTel.: +49(0)621-3 97 40 93<br \/>\nFakss: +49(0)621-3 97 40 94<br \/>\nE-pasts: crisostomo@eurovan.com<\/p>\n<p><strong>Dal\u012bbnieku uz\u0146\u0113mumu paraugi<\/strong><\/p>\n<ul>\n<li> <a href=\"https:\/\/moverdb.com\/lv\/movecorp\/\">Movecorp<\/a><\/li>\n<\/ul>\n<p><strong>Viedok\u013ci par Eurovan International Movers Network<\/strong><\/p>\n<p>Eurovan Movers nepar\u0101d\u0101s tik bie\u017ei tie\u0161saist\u0113 - tas nav p\u0101rsteidzo\u0161i, \u0146emot v\u0113r\u0101 t\u0101s ierobe\u017eoto \"partneru\" skaitu - bet tur <a href=\"http:\/\/www.centralmoves.co.uk\/removal-solutions\/uk-removals\/\" target=\"_blank\" rel=\"noopener\">ir p\u0101ris<\/a> uz\u0146\u0113mumu, kas <a href=\"http:\/\/pegasusmoving.fi\/cr3ativsponsor\/eurovan-the-european-movers-network\" target=\"_blank\" rel=\"noopener\">to piemin\u0113t<\/a>. <\/p>\n<p>Ir <a href=\"http:\/\/www.complaintsboard.com\/complaints\/eurovan-movers-c292449.html\" target=\"_blank\" rel=\"noopener\">vair\u0101ki<\/a> <a href=\"http:\/\/panamainternationalmovers.blogspot.co.uk\" target=\"_blank\" rel=\"noopener\">sliktas atsauksmes<\/a> par <a href=\"https:\/\/moverdb.com\/lv\/moving-to-panama\/\" data-internallinksmanager029f6b8e52c=\"432\" title=\"P\u0101rcel\u0161an\u0101s uz Panamu? 2023 Dz\u012bves izmaksas un p\u0101rcel\u0161an\u0101s padomi\">Panama<\/a> grupas partneris - atbild\u012bgs par negat\u012bvu pieredzi, nozagtiem priek\u0161metiem un boj\u0101tiem priek\u0161metiem. <\/p>\n<p>Tagad Eurovan Movers t\u012bmek\u013ca vietn\u0113 nav nor\u0101d\u012bts neviens Panamas partneris, t\u0101p\u0113c, iesp\u0113jams, ka partner\u012bba p\u0113c s\u016bdz\u012bb\u0101m tika likvid\u0113ta. <a href=\"https:\/\/moverdb.com\/lv\/organizacijas-asociacijas\/\">Eurovan ir iek\u013cauts k\u0101 viens no<\/a> \"svar\u012bg\u0101ko starptautisko p\u0101rvad\u0101jumu un ku\u0123niec\u012bbas organiz\u0101ciju, asoci\u0101ciju, sh\u0113mu, \u0123il\u017eu, padomju u.c.\", k\u0101 ar\u012b t\u0101du organiz\u0101ciju k\u0101 <a href=\"https:\/\/moverdb.com\/lv\/british-association-of-removers\/\" data-internallinksmanager029f6b8e52c=\"9\" title=\"Lielbrit\u0101nijas P\u0101rv\u0101c\u0113ju asoci\u0101cijas (BAR) skaidrojumi\">Lielbrit\u0101nijas P\u0101rv\u0101c\u0113ju asoci\u0101cija<\/a>.<\/p>\n<p><strong>T\u012bmek\u013ca vietne:<\/strong> <a href=\"http:\/\/www.eurovan.com\/\" target=\"_blank\" rel=\"noopener\">http:\/\/www.eurovan.com\/<\/a><\/p>","protected":false},"excerpt":{"rendered":"<p>Eurovan International Movers Network (EM) is a network of independent local movers based in Germany. The network is designed to respond to the need to be able to provide consistent levels of service for international moves that may cross several countries. Key facts about Eurovan International Movers Network: Where a move is taking place entirely [&hellip;]<\/p>\n","protected":false},"author":1,"featured_media":0,"parent":0,"menu_order":0,"comment_status":"closed","ping_status":"closed","template":"","meta":{"_genesis_hide_title":false,"_genesis_hide_breadcrumbs":false,"_genesis_hide_singular_image":false,"_genesis_hide_footer_widgets":false,"_genesis_custom_body_class":"","_genesis_custom_post_class":"","_genesis_layout":"","footnotes":""},"class_list":{"0":"post-449","1":"page","2":"type-page","3":"status-publish","5":"entry"},"_links":{"self":[{"href":"https:\/\/moverdb.com\/lv\/wp-json\/wp\/v2\/pages\/449","targetHints":{"allow":["GET"]}}],"collection":[{"href":"https:\/\/moverdb.com\/lv\/wp-json\/wp\/v2\/pages"}],"about":[{"href":"https:\/\/moverdb.com\/lv\/wp-json\/wp\/v2\/types\/page"}],"author":[{"embeddable":true,"href":"https:\/\/moverdb.com\/lv\/wp-json\/wp\/v2\/users\/1"}],"replies":[{"embeddable":true,"href":"https:\/\/moverdb.com\/lv\/wp-json\/wp\/v2\/comments?post=449"}],"version-history":[{"count":7,"href":"https:\/\/moverdb.com\/lv\/wp-json\/wp\/v2\/pages\/449\/revisions"}],"predecessor-version":[{"id":6205,"href":"https:\/\/moverdb.com\/lv\/wp-json\/wp\/v2\/pages\/449\/revisions\/6205"}],"wp:attachment":[{"href":"https:\/\/moverdb.com\/lv\/wp-json\/wp\/v2\/media?parent=449"}],"curies":[{"name":"wp","href":"https:\/\/api.w.org\/{rel}","templated":true}]}}