{"id":448,"date":"2016-07-04T14:52:09","date_gmt":"2016-07-04T14:52:09","guid":{"rendered":"http:\/\/moverdb.com\/?page_id=448"},"modified":"2026-01-08T13:18:20","modified_gmt":"2026-01-08T13:18:20","slug":"kravu-parvadajumu-transporta-asociacija","status":"publish","type":"page","link":"https:\/\/moverdb.com\/lv\/freight-transport-association\/","title":{"rendered":"Kravu p\u0101rvad\u0101jumu asoci\u0101cijas (FTA) skaidrojumi"},"content":{"rendered":"<p>Kravu p\u0101rvad\u0101jumu asoci\u0101cija (FTA) tika izveidota, lai p\u0101rst\u0101v\u0113tu kravu p\u0101rvad\u0101t\u0101ju intereses. <a href=\"https:\/\/moverdb.com\/lv\/kugniecibas-uznemumi\/\">lo\u0123istikas uz\u0146\u0113mumi<\/a>neatkar\u012bgi no t\u0101, vai preces tiek p\u0101rvad\u0101tas pa j\u016bru, gaisu, autoce\u013ciem vai dzelzce\u013cu. T\u0101 ir piedal\u012bjusies noz\u012bm\u012bg\u0101s kampa\u0146\u0101s par t\u0101diem jaut\u0101jumiem k\u0101 degvielas nodoklis un licenc\u0113\u0161ana.<\/p>\n<p><strong>Svar\u012bg\u0101kie fakti par BTN:<\/strong><\/p>\n<ul>\n<li>  BTN pirms\u0101kumi mekl\u0113jami 1889. gad\u0101.<\/li>\n<li>  FTA biedri ekspluat\u0113 vair\u0101k nek\u0101 200 000 kravas automobi\u013cu - gandr\u012bz pusi no kop\u0113j\u0101 kravas automobi\u013cu skaita. <a href=\"https:\/\/moverdb.com\/lv\/moving-to-the-uk\/\" data-internallinksmanager029f6b8e52c=\"93\" title=\"P\u0101rce\u013caties uz Apvienoto Karalisti? 2022 Dz\u012bves izmaksas un p\u0101rcel\u0161an\u0101s padomi\">APVIENOT\u0100 KARALISTE<\/a> flote.<\/li>\n<li>  Locek\u013ci nodro\u0161ina vair\u0101k nek\u0101 90% dzelzce\u013ca kravu p\u0101rvad\u0101jumu.<\/li>\n<li>  FTA dal\u012bbnieki ir atbild\u012bgi par 70% no Apvienot\u0101s Karalistes redzam\u0101 eksporta pa j\u016bru un gaisu.<\/li>\n<li>  FTA ir vair\u0101k nek\u0101 15 000 biedru, un t\u0101 ir liel\u0101k\u0101 kravu p\u0101rvad\u0101jumu tirdzniec\u012bbas asoci\u0101cija Apvienotaj\u0101 Karalist\u0113.<\/li>\n<li>  FTA 360 darbinieki katru gadu apstr\u0101d\u0101 vair\u0101k nek\u0101 50 000 vai vair\u0101k dal\u012bbnieku piepras\u012bjumu.<\/li>\n<li>  FTA biedri ir tikai <a href=\"https:\/\/moverdb.com\/lv\/starptautiskie-parvaksanas-darbi\/\">Apvienot\u0101s Karalistes uz\u0146\u0113mumi<\/a>.<\/li>\n<\/ul>\n<p><strong>Kravu p\u0101rvad\u0101jumu asoci\u0101cijas profils:<\/strong><\/p>\n<p>FTA defin\u0113 savu misiju k\u0101 \"dro\u0161u, ilgtsp\u0113j\u012bgu un efekt\u012bvu lo\u0123istiku\". Tai ir vair\u0101ki da\u017e\u0101di uzdevumi, tostarp p\u0101rst\u0101v\u0113t biedrus viet\u0113j\u0101, valsts un Eiropas l\u012bmen\u012b un r\u012bkot kampa\u0146as, lai veicin\u0101tu izpratni par lo\u0123istikas nozari. <\/p>\n<p>FTA ar\u012b nodro\u0161ina, ka t\u0101s biedri ir inform\u0113ti par jaun\u0101kaj\u0101m atbilst\u012bbas pras\u012bb\u0101m, kas attiecas uz vi\u0146u uz\u0146\u0113mumiem, un pied\u0101v\u0101 pla\u0161u apm\u0101c\u012bbu programmu kl\u0101stu, kuru m\u0113r\u0137is ir pal\u012bdz\u0113t paaugstin\u0101t standartus un uzlabot darba apst\u0101k\u013cus. <\/p>\n<p>Turkl\u0101t FTA ir ar\u012b inform\u0101cijas avots par nozari, ko t\u0101 p\u0101rst\u0101v, un sagatavo zi\u0146ojumus par t\u0101d\u0101m t\u0113m\u0101m k\u0101 lo\u0123istikas nozares darb\u012bba un probl\u0113mas, ar kur\u0101m t\u0101 saskaras. <\/p>\n<p>Biedru priek\u0161roc\u012bbas ietver informat\u012bvos zi\u0146ojumus un atbilst\u012bbas rokasgr\u0101matas, transportl\u012bdzek\u013cu atg\u016b\u0161anas maksas pakalpojumu un tie\u0161saistes pieg\u0101d\u0101t\u0101ju direktoriju.<\/p>\n<p>Biedru kategorij\u0101s ietilpst:<\/p>\n<ul>\n<li> Transportl\u012bdzek\u013ca operatora dal\u012bba<\/li>\n<li> Dal\u012bba ar transportl\u012bdzekli nesaist\u012bt\u0101 uz\u0146\u0113mum\u0101<\/li>\n<li> Pasa\u017eieru dal\u012bba<\/li>\n<li> Viet\u0113jo iest\u0101\u017eu dal\u012bba<\/li>\n<li> Normat\u012bvajos aktos noteikt\u0101s iest\u0101des sast\u0101vs<\/li>\n<li> Nozares dal\u012bba<\/li>\n<\/ul>\n<p><strong>Dal\u012bbas krit\u0113riji:<\/strong><\/p>\n<p>FTA pied\u0101v\u0101 da\u017e\u0101dus turpm\u0101k uzskait\u012btos dal\u012bbas veidus. Nav noteikti krit\u0113riji, kas var k\u013c\u016bt par biedriem, bet uz\u0146\u0113mumiem ir j\u0101atbilst k\u0101da no turpm\u0101k min\u0113taj\u0101m uz\u0146\u0113mumu defin\u012bcij\u0101m un j\u0101piekr\u012bt Freight Transport Association Ltd stat\u016btu noteikumiem. <\/p>\n<p>Lai pamatotu pieteikumu, katrai dal\u012bbas kategorijai ir nepiecie\u0161ama papildu inform\u0101cija, k\u0101 nor\u0101d\u012bts turpm\u0101k.<\/p>\n<ul>\n<li> Transportl\u012bdzek\u013cu ekspluatanta dal\u012bba - ekspluat\u0113to transportl\u012bdzek\u013cu skaits un uz\u0146\u0113m\u0113jdarb\u012bbas veids.<\/li>\n<li> Ar transportl\u012bdzek\u013ciem nesaist\u012bta dal\u012bba - uz\u0146\u0113m\u0113jdarb\u012bbas veids.<\/li>\n<li> Pasa\u017eieru dal\u012bba - gada apgroz\u012bjums, darb\u012bbas veids, ekspluat\u0113to transportl\u012bdzek\u013cu skaits.<\/li>\n<li> Pa\u0161vald\u012bbas dal\u012bba - ekspluat\u0113to transportl\u012bdzek\u013cu skaits un iedz\u012bvot\u0101ju skaits re\u0123ion\u0101, ko apkalpo viet\u0113j\u0101 pa\u0161vald\u012bba.<\/li>\n<li> Stat\u016btos noteikt\u0101s iest\u0101des dal\u012bba - apkalpoto transportl\u012bdzek\u013cu skaits un iedz\u012bvot\u0101ju skaits re\u0123ion\u0101, ko iest\u0101de apkalpo.<\/li>\n<li> Nozares dal\u012bba - ekspluat\u0113to transportl\u012bdzek\u013cu skaits, darb\u012bbas veids.<\/li>\n<\/ul>\n<p><strong>Dal\u012bbnieku uz\u0146\u0113mumu paraugi<\/strong><\/p>\n<ul>\n<li> <a href=\"https:\/\/moverdb.com\/lv\/krasta-porteru-sabiedriba\/\">Krasta nes\u0113ju biedr\u012bba<\/a><\/li>\n<li> <a href=\"https:\/\/moverdb.com\/lv\/movecorp\/\">Movecorp<\/a><\/li>\n<\/ul>\n<p><strong>Viedok\u013ci par BTN:<\/strong><\/p>\n<p>FTA atbalsta lieli nozares uz\u0146\u0113mumi, piem\u0113ram, PWC, kas ar savu nosaukumu atbalsta gadsk\u0101rt\u0113j\u0101s <a href=\"http:\/\/www.pwc.co.uk\/industries\/transport-logistics\/fta-logistics-report-2014.html\" target=\"_blank\" rel=\"noopener\">Kravu p\u0101rvad\u0101jumu asoci\u0101cijas zi\u0146ojums par lo\u0123istiku<\/a> un raksturo BTN k\u0101 \"vienu no liel\u0101kaj\u0101m Apvienot\u0101s Karalistes tirdzniec\u012bbas asoci\u0101cij\u0101m\".<\/p>\n<p>BTN ir min\u0113ta k\u0101 partneris, kas sadarbojas ar <a href=\"http:\/\/www.csrf.ac.uk\/partner\/freight-transport-association\/\" target=\"_blank\" rel=\"noopener\">Ilgtsp\u0113j\u012bgu kravu autop\u0101rvad\u0101jumu centrs<\/a> un sadarb\u012bba par\u0101d\u0101s saist\u012bb\u0101 ar saist\u012btiem jaut\u0101jumiem, piem\u0113ram, da\u013c\u0113ja <a href=\"http:\/\/www.osapartnershipgroup.co.uk\/campaign2-fta.html\" target=\"_blank\" rel=\"noopener\">Profesion\u0101l\u0101s kompetences sertifik\u0101ts<\/a> ar Obstrukt\u012bvas miega apno\u0113zijas grupu. FTA ir min\u0113ta <a href=\"http:\/\/www.lombard.co.uk\/our-expertise\/commercial-transportation\/industry-associations\/fta\" target=\"_blank\" rel=\"noopener\">vair\u0101ku t\u012bmek\u013ca viet\u0146u<\/a> un bie\u017ei tiek cit\u0113ts, ja ir jaut\u0101jums, kas skar lo\u0123istikas nozari.<\/p>\n<p><strong>T\u012bmek\u013ca vietne:<\/strong> <a href=\"http:\/\/www.fta.co.uk\/\" target=\"_blank\" rel=\"noopener\">http:\/\/www.fta.co.uk\/<\/a><\/p>\n<p><strong>Lai uzzin\u0101tu vair\u0101k par nos\u016bt\u012b\u0161anu, skatiet:<\/strong> <a href=\"https:\/\/moverdb.com\/lv\/konteineru-parvadajumi\/\">2018. gada starptautisko konteineru p\u0101rvad\u0101jumu cenas un izmaksas<\/a> un <a href=\"https:\/\/moverdb.com\/lv\/kravas-ekspeditors\/\">Starptautisko ekspeditoru un NVOCC starptautisko izmaksu un uz\u0146\u0113mumu ce\u013cvedis<\/a><\/p>","protected":false},"excerpt":{"rendered":"<p>The Freight Transport Association (FTA) was set up to represent the interests of logistics companies, whether they are moving goods by sea, air, road or rail. It has been involved in high profile campaigns on issues such as fuel duty and licensing. Key facts about the FTA: The FTA can trace its roots back to [&hellip;]<\/p>\n","protected":false},"author":1,"featured_media":0,"parent":0,"menu_order":0,"comment_status":"closed","ping_status":"closed","template":"","meta":{"_genesis_hide_title":false,"_genesis_hide_breadcrumbs":false,"_genesis_hide_singular_image":false,"_genesis_hide_footer_widgets":false,"_genesis_custom_body_class":"","_genesis_custom_post_class":"","_genesis_layout":"","footnotes":""},"class_list":{"0":"post-448","1":"page","2":"type-page","3":"status-publish","5":"entry"},"_links":{"self":[{"href":"https:\/\/moverdb.com\/lv\/wp-json\/wp\/v2\/pages\/448","targetHints":{"allow":["GET"]}}],"collection":[{"href":"https:\/\/moverdb.com\/lv\/wp-json\/wp\/v2\/pages"}],"about":[{"href":"https:\/\/moverdb.com\/lv\/wp-json\/wp\/v2\/types\/page"}],"author":[{"embeddable":true,"href":"https:\/\/moverdb.com\/lv\/wp-json\/wp\/v2\/users\/1"}],"replies":[{"embeddable":true,"href":"https:\/\/moverdb.com\/lv\/wp-json\/wp\/v2\/comments?post=448"}],"version-history":[{"count":11,"href":"https:\/\/moverdb.com\/lv\/wp-json\/wp\/v2\/pages\/448\/revisions"}],"predecessor-version":[{"id":6213,"href":"https:\/\/moverdb.com\/lv\/wp-json\/wp\/v2\/pages\/448\/revisions\/6213"}],"wp:attachment":[{"href":"https:\/\/moverdb.com\/lv\/wp-json\/wp\/v2\/media?parent=448"}],"curies":[{"name":"wp","href":"https:\/\/api.w.org\/{rel}","templated":true}]}}