{"id":445,"date":"2016-06-21T20:35:30","date_gmt":"2016-06-21T20:35:30","guid":{"rendered":"http:\/\/moverdb.com\/?page_id=445"},"modified":"2026-01-08T14:47:36","modified_gmt":"2026-01-08T14:47:36","slug":"association-relocation-professionals","status":"publish","type":"page","link":"https:\/\/moverdb.com\/lv\/association-relocation-professionals\/","title":{"rendered":"P\u0101rcel\u0161an\u0101s profesion\u0101\u013cu asoci\u0101cijas (ARP) skaidrojumi"},"content":{"rendered":"<p>P\u0101rcel\u0161an\u0101s profesion\u0101\u013cu asoci\u0101cija (Association of Relocation Professionals, ARP) ir profesion\u0101la organiz\u0101cija, kas nodarbojas ar p\u0101rcel\u0161an\u0101s nozari. <a href=\"https:\/\/moverdb.com\/lv\/moving-to-the-uk\/\" data-internallinksmanager029f6b8e52c=\"93\" title=\"P\u0101rce\u013caties uz Apvienoto Karalisti? 2022 Dz\u012bves izmaksas un p\u0101rcel\u0161an\u0101s padomi\">APVIENOT\u0100 KARALISTE<\/a>. T\u0101s misija ir ne tikai p\u0101rst\u0101v\u0113t savus biedrus, bet ar\u012b pal\u012bdz\u0113t tiem sevi p\u0101rdot un att\u012bst\u012bties.<\/p>\n<p><strong>Svar\u012bg\u0101kie fakti par ARP:<\/strong><\/p>\n<ul>\n<li>  ARP ir p\u0101rvieto\u0161anas profesion\u0101\u013cu organiz\u0101cija Apvienotaj\u0101 Karalist\u0113.<\/li>\n<li>  P\u0101rcel\u0161an\u0101s profesion\u0101\u013cu asoci\u0101cija tika izveidota 1986. gad\u0101.<\/li>\n<li>  ARP biedriem ir piln\u012bga profesion\u0101l\u0101s civiltiesisk\u0101s atbild\u012bbas, publisk\u0101s un darba dev\u0113ju atbild\u012bbas apdro\u0161in\u0101\u0161ana, lai aizsarg\u0101tu klientus un pakalpojumu sniedz\u0113jus.<\/li>\n<li>  ARP ir izstr\u0101d\u0101jusi r\u012bc\u012bbas noteikumus, kas t\u0101s biedriem ir j\u0101iev\u0113ro, tostarp noteikumus par to, k\u0101 r\u012bkoties ar klientu naudu un izvair\u012bties no maldin\u0101\u0161anas.<\/li>\n<li>  Visiem biedriem, kas pied\u0101v\u0101 p\u0101rcel\u0161an\u0101s pakalpojumus, ir j\u0101pier\u0101da, ka tie ir pievienoju\u0161ies Nekustam\u0101 \u012bpa\u0161uma atl\u012bdzin\u0101\u0161anas sh\u0113mai un ir parakst\u012bju\u0161ies HMRC naudas atmazg\u0101\u0161anas nov\u0113r\u0161anas re\u0123istr\u0101, ja tie ir iesaist\u012bti nekustam\u0101 \u012bpa\u0161uma ieg\u0101d\u0113.<\/li>\n<li>  ARP ir Eiropas P\u0101rcel\u0161an\u0101s profesion\u0101\u013cu akad\u0113mijas (European Academy of Relocation Professionals, EARP), kas ir pirm\u0101 organiz\u0101cija, kas pied\u0101v\u0101 Eiropas l\u012bme\u0146a apm\u0101c\u012bbu p\u0101rcel\u0161an\u0101s jom\u0101, dibin\u0101t\u0101ja un sponsore.<\/li>\n<\/ul>\n<p><strong>P\u0101rcel\u0161an\u0101s profesion\u0101\u013cu asoci\u0101cijas profils:<\/strong><\/p>\n<p>ARP tiek d\u0113v\u0113ta par profesion\u0101lu p\u0101rcel\u0161an\u0101s uz\u0146\u0113mumu organiz\u0101ciju Apvienotaj\u0101 Karalist\u0113, un t\u0101 p\u0101rst\u0101v da\u017e\u0101dus biedrus, s\u0101kot no uz\u0146\u0113mumu p\u0101rcel\u0161an\u0101s speci\u0101listiem l\u012bdz nekustam\u0101 \u012bpa\u0161uma mekl\u0113t\u0101jiem un citiem, kas sniedz specializ\u0113tus p\u0101rcel\u0161an\u0101s pakalpojumus. <\/p>\n<p>ARP r\u012bko akredit\u0113tas m\u0101c\u012bbas saviem biedriem - Eiropas P\u0101rcel\u0161an\u0101s profesion\u0101\u013cu akad\u0113mijas (European Academy of Relocation Professionals, EARP) ietvaros t\u0101 pied\u0101v\u0101 starptautisk\u0101s mobilit\u0101tes vad\u012bbas (Managing International Mobility, MIM) kvalifik\u0101ciju, k\u0101 ar\u012b Eiropas p\u0101rcel\u0161an\u0101s kvalifik\u0101ciju (European Relocation Qualification, ERQ). <\/p>\n<p>ARP izdod biedru direktoriju, kas tiek nos\u016bt\u012bts 6000 person\u0101la vad\u012bt\u0101jiem, direktoriem un HRO vis\u0101 Apvienotaj\u0101 Karalist\u0113, lai pal\u012bdz\u0113tu populariz\u0113t biedrus un pal\u012bdz\u0113tu vi\u0146iem lab\u0101k sevi p\u0101rdot. <\/p>\n<p>ARP ir veidota gan k\u0101 ap\u0146em\u0161an\u0101s iev\u0113rot lab\u0101ko praksi, klientu apmierin\u0101t\u012bbu un profesionalit\u0101ti, gan k\u0101 ideju apmai\u0146as forums, lai pal\u012bdz\u0113tu nozarei att\u012bst\u012bties.<\/p>\n<p><strong>Dal\u012bbas krit\u0113riji:<\/strong><\/p>\n<p><u>Asoci\u0113t\u0101 dal\u012bba<\/u><\/p>\n<p>Asoci\u0113tie biedri ARP ir tie, kas neatbilst pilnties\u012bgas dal\u012bbas krit\u0113rijiem, un tajos var k\u013c\u016bt uz\u0146\u0113mumi, kuru komercdarb\u012bba ir saist\u012bta ar priv\u0101tperson\u0101m vai juridisk\u0101m person\u0101m un kuru ien\u0101kumi tiek g\u016bti no priv\u0101tperson\u0101m vai juridisk\u0101m person\u0101m par pakalpojumu snieg\u0161anu, kas saist\u012bti ar p\u0101rcel\u0161anos.<\/p>\n<p>A <a href=\"https:\/\/moverdb.com\/lv\/parvietojas-uznemumi\/\">P\u0101rcel\u0161an\u0101s uz\u0146\u0113mums<\/a> tiek uzskat\u012bta jebkura organiz\u0101cija, kas pied\u0101v\u0101 virkni pakalpojumu, kuru m\u0113r\u0137is ir veicin\u0101t personu vai personu grupu un vi\u0146u \u0123ime\u0146u mobilit\u0101ti.<\/p>\n<p>\u0160\u0101dus pakalpojumus var sniegt izlido\u0161anas vai galam\u0113r\u0137a zon\u0101 vai ab\u0101s. Asoci\u0113t\u0101 dal\u012bba ARP ir paredz\u0113ta k\u0101 solis uz pilnties\u012bgu dal\u012bbu, un jums tiks sniegta visa pal\u012bdz\u012bba, lai to sasniegtu.<\/p>\n<p><u>Fili\u0101\u013cu dal\u012bba<\/u><\/p>\n<p>Uz\u0146\u0113mumiem, kas sniedz pakalpojumus, kurus izmanto p\u0101rcel\u0161an\u0101s profesion\u0101\u013ci, bet kuru pamatdarb\u012bba aptver pla\u0161\u0101ku klientu loku.<\/p>\n<p><u>Pilnties\u012bga dal\u012bba<\/u><\/p>\n<p>Uz\u0146\u0113mumiem, kuri ir tirgoju\u0161ies ilg\u0101k nek\u0101 divus gadus.<\/p>\n<p>Asoci\u0113tajiem locek\u013ciem ir j\u0101iesniedz rekomend\u0101cijas, kas p\u0113c tam tiek p\u0101rbaud\u012btas un iesniegtas ARP Biedru komitejai gal\u012bgai p\u0101rbaudei. Asoci\u0113tajiem biedriem pirms pieteik\u0161an\u0101s pilnties\u012bgai dal\u012bbai ir j\u0101iziet EARP m\u0101c\u012bbu programmas pirm\u0101 l\u012bme\u0146a apm\u0101c\u012bba.<\/p>\n<p>Pilnties\u012bgajiem biedriem ir j\u0101darbojas vair\u0101k nek\u0101 divus gadus un j\u0101iesniedz pieteikums, kur\u0101 j\u0101iek\u013cauj tr\u012bs klientu atsauksmes.<\/p>\n<p><strong>Dal\u012bbnieku uz\u0146\u0113mumu paraugi<\/strong><\/p>\n<ul>\n<li> <a href=\"https:\/\/moverdb.com\/lv\/sterling-relocation\/\">Sterling Relocation<\/a><\/li>\n<li> <a href=\"https:\/\/moverdb.com\/lv\/dt-kustibas\/\">DT p\u0101rvieto\u0161ana<\/a><\/li>\n<li> <a href=\"https:\/\/moverdb.com\/lv\/btr-international\/\">BTR International<\/a><\/li>\n<\/ul>\n<p><strong>Viedok\u013ci par ARP:<\/strong><\/p>\n<p>ARP ir iek\u013cauta daudz\u0101s Apvienot\u0101s Karalistes t\u012bmek\u013ca vietn\u0113s, un t\u0101 tiek d\u0113v\u0113ta par profesion\u0101lo organiz\u0101ciju, kas Apvienotaj\u0101 Karalist\u0113 p\u0101rst\u0101v p\u0101rcel\u0161an\u0101s pakalpojumu sniedz\u0113jus aizj\u016bras zem\u0113m. <\/p>\n<p>Dal\u012bba ARP tiek uzskat\u012bta par apliecin\u0101jumu tam, ka p\u0101rcel\u0161an\u0101s uz\u0146\u0113mums atbilst un p\u0101rsniedz atz\u012btus nozares standartus. Saska\u0146\u0101 ar <a href=\"http:\/\/www.bloomberg.com\/profiles\/companies\/1519530Z:LN-association-of-relocation-professionals\/\" target=\"_blank\" rel=\"noopener\">Bloomberg<\/a> ARP galven\u0101 darb\u012bba <em>\"ir veicin\u0101t un aizsarg\u0101t p\u0101rcel\u0161an\u0101s a\u0123entu uz\u0146\u0113m\u0113jdarb\u012bbu un profesiju.\"<\/em> Vair\u0101ki uz\u0146\u0113mumi, kas sav\u0101s t\u012bmek\u013ca vietn\u0113s cit\u0113 ARP, nor\u0101da, ka t\u0101 nosaka nozares standartus attiec\u012bb\u0101 uz lab\u0101ko praksi, klientu apkalpo\u0161anu un profesionalit\u0101ti.<\/p>\n<blockquote><p>M\u016bsu dal\u012bba, veicinot lab\u0101ko praksi nozar\u0113 un inform\u0113jot biedrus par jaun\u0101kaj\u0101m izmai\u0146\u0101m likumdo\u0161an\u0101, s\u0101kot ar naudas atmazg\u0101\u0161anu un beidzot ar daudzdz\u012bvok\u013cu m\u0101jok\u013ciem, ir apliecin\u0101jums tam, ka m\u0113s esam un jau vair\u0101k nek\u0101 25 gadus esam p\u0101rcel\u0161an\u0101s profesijas l\u012bderpoz\u012bcij\u0101.<\/p><\/blockquote>\n<p>- <a href=\"http:\/\/scottsrelocation.co.uk\/association-of-relocation-professionals\" target=\"_blank\" rel=\"noopener\">Scott's Relocation<\/a><\/p>\n<blockquote><p>K\u0101 P\u0101rcel\u0161an\u0101s profesion\u0101\u013cu asoci\u0101cijas (ARP) biedrs Source klienti var b\u016bt dro\u0161i, ka sniegtie pakalpojumi atbilst un p\u0101rsniedz atz\u012btus nozares standartus.<\/p><\/blockquote>\n<p>-  <a href=\"http:\/\/www.source-relocation.co.uk\/index.aspx\" target=\"_blank\" rel=\"noopener\">Avota p\u0101rvieto\u0161ana<\/a><\/p>\n<blockquote><p>Padom\u0113 ir visu nozares nozaru p\u0101rst\u0101vji, un t\u0101 vada asoci\u0101cijas darbu no pa\u0161iem pamatiem, t\u0101d\u0113j\u0101di nodro\u0161inot, ka asoci\u0101cija ar\u012b turpm\u0101k ir p\u0101rmai\u0146u centr\u0101 p\u0101rvieto\u0161anas jom\u0101.<\/p>\n<p>ARP biedriem ir piln\u012bga profesion\u0101l\u0101s civiltiesisk\u0101s atbild\u012bbas, publisk\u0101s un darba dev\u0113ju atbild\u012bbas apdro\u0161in\u0101\u0161ana, lai aizsarg\u0101tu klientus un pakalpojumu sniedz\u0113jus.<\/p>\n<p>Dal\u012bba ARP ir apliecin\u0101jums, ka uz\u0146\u0113mums ir ap\u0146\u0113mies \u012bstenot lab\u0101ko praksi, nodro\u0161in\u0101t klientu apmierin\u0101t\u012bbu un profesionalit\u0101ti.<\/p><\/blockquote>\n<p>- <a href=\"http:\/\/www.relocatecambridge.co.uk\/index.php\/arp\/\" target=\"_blank\" rel=\"noopener\">P\u0101rvietot Kembrid\u017eu<\/a><\/p>\n<p><strong>T\u012bmek\u013ca vietne:<\/strong> <a href=\"http:\/\/www.arp-relocation.com\/\" target=\"_blank\" rel=\"noopener\">http:\/\/www.arp-relocation.com\/<\/a><\/p>","protected":false},"excerpt":{"rendered":"<p>The Association of Relocation Professionals (ARP) is a professional body for the relocation industry in the UK. Its mission is not just to represent its members but to help them market themselves and grow too. Key facts about the ARP: The ARP is the body for relocation professionals in the UK. The Association of Relocation [&hellip;]<\/p>\n","protected":false},"author":1,"featured_media":0,"parent":0,"menu_order":0,"comment_status":"closed","ping_status":"closed","template":"","meta":{"_genesis_hide_title":false,"_genesis_hide_breadcrumbs":false,"_genesis_hide_singular_image":false,"_genesis_hide_footer_widgets":false,"_genesis_custom_body_class":"","_genesis_custom_post_class":"","_genesis_layout":"","footnotes":""},"class_list":{"0":"post-445","1":"page","2":"type-page","3":"status-publish","5":"entry"},"_links":{"self":[{"href":"https:\/\/moverdb.com\/lv\/wp-json\/wp\/v2\/pages\/445","targetHints":{"allow":["GET"]}}],"collection":[{"href":"https:\/\/moverdb.com\/lv\/wp-json\/wp\/v2\/pages"}],"about":[{"href":"https:\/\/moverdb.com\/lv\/wp-json\/wp\/v2\/types\/page"}],"author":[{"embeddable":true,"href":"https:\/\/moverdb.com\/lv\/wp-json\/wp\/v2\/users\/1"}],"replies":[{"embeddable":true,"href":"https:\/\/moverdb.com\/lv\/wp-json\/wp\/v2\/comments?post=445"}],"version-history":[{"count":7,"href":"https:\/\/moverdb.com\/lv\/wp-json\/wp\/v2\/pages\/445\/revisions"}],"predecessor-version":[{"id":6177,"href":"https:\/\/moverdb.com\/lv\/wp-json\/wp\/v2\/pages\/445\/revisions\/6177"}],"wp:attachment":[{"href":"https:\/\/moverdb.com\/lv\/wp-json\/wp\/v2\/media?parent=445"}],"curies":[{"name":"wp","href":"https:\/\/api.w.org\/{rel}","templated":true}]}}