{"id":444,"date":"2016-06-18T20:35:52","date_gmt":"2016-06-18T20:35:52","guid":{"rendered":"http:\/\/moverdb.com\/?page_id=444"},"modified":"2026-01-08T14:48:15","modified_gmt":"2026-01-08T14:48:15","slug":"eiro","status":"publish","type":"page","link":"https:\/\/moverdb.com\/lv\/eura\/","title":{"rendered":"Eiropas P\u0101rcel\u0161an\u0101s asoci\u0101cijas (EuRA) skaidrojumi"},"content":{"rendered":"<p>Eiropas P\u0101rcel\u0161an\u0101s asoci\u0101cija (EuRA) populariz\u0113 profesion\u0101li p\u0101rvald\u012btu p\u0101rcel\u0161an\u0101s un mobilit\u0101tes pakalpojumu priek\u0161roc\u012bbas uz\u0146\u0113mumiem ar glob\u0101li mobiliem darbiniekiem. T\u0101s m\u0113r\u0137is ir k\u013c\u016bt par vado\u0161o p\u0101rcel\u0161an\u0101s organiz\u0101ciju Eirop\u0101 un noteikt inov\u0101ciju un lab\u0101k\u0101s prakses krit\u0113rijus.<\/p>\n<p><strong>Svar\u012bg\u0101kie fakti par EuRA:<\/strong><\/p>\n<ol>\n<li>  EuRA biedri ir p\u0101rcel\u0161an\u0101s pakalpojumu sniedz\u0113ji, k\u0101 ar\u012b tie, kas pied\u0101v\u0101 saist\u012btus pakalpojumus, piem\u0113ram, m\u0113be\u013cu nomu un m\u0101jsaimniec\u012bbas pre\u010du p\u0101rvad\u0101jumus.<\/li>\n<li>  EuRA glob\u0101lais kvalit\u0101tes z\u012bmogs ir pasaul\u0113 pirm\u0101 p\u0101rcel\u0161an\u0101s pakalpojumu sniedz\u0113ju akredit\u0101cijas programma.<\/li>\n<li>  EuRA tika izveidota 1998. gad\u0101.<\/li>\n<li>  EuRA m\u0113r\u0137is galvenok\u0101rt ir izgl\u012btojo\u0161s - sniegt gan EuRA biedriem, gan sabiedr\u012bbai inform\u0101ciju par uz\u0146\u0113mumu mobilit\u0101ti un ar to saist\u012btajiem jaut\u0101jumiem.<\/li>\n<li>  EuRA ir vair\u0101k nek\u0101 350 biedru.<\/li>\n<li>  EuRA biedri aptver vair\u0101k nek\u0101 50 valstis.<\/li>\n<\/ol>\n<p><strong>Eiropas P\u0101rcel\u0161an\u0101s asoci\u0101cijas profils:<\/strong><\/p>\n<p>EuRA saviem biedriem pilda vair\u0101kas funkcijas, tostarp pied\u0101v\u0101 apm\u0101c\u012bbas un konsult\u0101cijas, k\u0101 ar\u012b sniedz atbalstu p\u0101rcel\u0161an\u0101s profesion\u0101\u013ciem. Asoci\u0101cija ar\u012b lob\u0113 biedru v\u0101rd\u0101, rosinot izmai\u0146as un att\u012bst\u012bbu, kas var pal\u012bdz\u0113t p\u0101rcel\u0161an\u0101s nozarei att\u012bst\u012bties. <\/p>\n<p>T\u0101 ir ar\u012b inform\u0101cijas avots, kas regul\u0101ri public\u0113 gan \u0101r\u0113j\u0101s, gan iek\u0161\u0113j\u0101s publik\u0101cijas, k\u0101 ar\u012b ir izveidojusi ideju laboratoriju, kas nodarbojas ar n\u0101kotnes nozares pl\u0101no\u0161anu un att\u012bst\u012bbu. <\/p>\n<p>Viens no EuRA galvenajiem m\u0113r\u0137iem ir nodro\u0161in\u0101t paraugprakses krit\u0113rijus, un t\u0101 ir izveidota EuRA kvalit\u0101tes glob\u0101l\u0101 z\u012bme - akredit\u0101cijas programma p\u0101rcel\u0161an\u0101s nozar\u0113 str\u0101d\u0101jo\u0161ajiem. <\/p>\n<p>Kvalit\u0101tes glob\u0101lais z\u012bmogs ir audita sist\u0113ma, kas izveidota, lai nodro\u0161in\u0101tu, ka t\u0101s \u012bpa\u0161nieki atbilst noteiktiem pakalpojumu snieg\u0161anas un procesu vad\u012bbas standartiem. T\u0101 ir pieejama pilnties\u012bgiem, asoci\u0113tiem un pasaules m\u0113roga EuRA biedriem. <\/p>\n<p>EuRA s\u0101kotn\u0113ji tika izveidota, rea\u0123\u0113jot uz pieaugo\u0161o piepras\u012bjumu p\u0113c p\u0101rrobe\u017eu nozares organiz\u0101cijas Eirop\u0101, un tagad t\u0101s darb\u012bbas joma ir \u013coti pla\u0161a.<\/p>\n<p><strong>Dal\u012bbas krit\u0113riji <\/strong><\/p>\n<p><u>Pilnties\u012bga dal\u012bba<\/u><\/p>\n<p>Eiropas P\u0101rcel\u0161an\u0101s asoci\u0101cijas pilnties\u012bgiem biedriem var k\u013c\u016bt uz\u0146\u0113mumi, kuru komercdarb\u012bba ir saist\u012bta ar priv\u0101tpersonu vai korporat\u012bvo strukt\u016bru p\u0101rcel\u0161an\u0101s pakalpojumu snieg\u0161anu un kuru ien\u0101kumi tiek g\u016bti no priv\u0101tperson\u0101m vai korporat\u012bvaj\u0101m strukt\u016br\u0101m.<\/p>\n<p>Par p\u0101rcel\u0161an\u0101s uz\u0146\u0113mumu tiek uzskat\u012bta jebkura organiz\u0101cija, kas pied\u0101v\u0101 virkni pakalpojumu, kuru m\u0113r\u0137is ir atvieglot personu vai personu grupu un vi\u0146u \u0123ime\u0146u mobilit\u0101ti. \u0160\u0101dus pakalpojumus var sniegt izbrauk\u0161anas vai galam\u0113r\u0137a teritorij\u0101 vai ab\u0101s.<\/p>\n<p>Krit\u0113riji:<\/p>\n<ul>\n<li> tirgoties k\u0101 <a href=\"https:\/\/moverdb.com\/lv\/relocation-agents\/\" data-internallinksmanager029f6b8e52c=\"1\" title=\"7 iemesli, k\u0101p\u0113c jums vajadz\u0113tu izmantot p\u0101rcel\u0161an\u0101s a\u0123entu?\">P\u0101rcel\u0161an\u0101s a\u0123ents<\/a> vismaz divus gadus, j\u0101iesniedz uz\u0146\u0113muma re\u0123istr\u0101cijas apliecin\u0101jums.<\/li>\n<li> Aizpild\u012bt anketu, nor\u0101dot tr\u012bs klientu v\u0101rdus un adreses, kuriem p\u0113d\u0113jo 12 m\u0113ne\u0161u laik\u0101 ir veikti darbi. EuRA sazin\u0101sies ar \u0161iem klientiem, lai sa\u0146emtu atsauksmes.<\/li>\n<li> Iesniegt visu druk\u0101to materi\u0101lu kopijas, k\u0101 ar\u012b jebk\u0101du citu inform\u0101ciju, kas var pal\u012bdz\u0113t Biedru komitejai izskat\u012bt j\u016bsu pieteikumu.<\/li>\n<li> iesniegt pier\u0101d\u012bjumus, ka j\u016bs\/j\u016bsu uz\u0146\u0113mums ir atbilsto\u0161i apdro\u0161in\u0101ts (j\u016bsu m\u012btnes valst\u012b).<\/li>\n<li> Sniegt \u012bsu inform\u0101ciju par visu direktoru vai uz\u0146\u0113muma partneru karjeru.<\/li>\n<li> J\u0101b\u016bt pieejamam uz interviju (sav\u0101 m\u012btnes valst\u012b).<\/li>\n<\/ul>\n<p><u>Asoci\u0113t\u0101 dal\u012bba<\/u><\/p>\n<p>Eiropas P\u0101rcel\u0161an\u0101s asoci\u0101cijas asoci\u0113tie biedri var b\u016bt uz\u0146\u0113mumi, kas darbojas maz\u0101k nek\u0101 divus gadus. Asoci\u0113t\u0101 Eiropas P\u0101rcel\u0161an\u0101s asoci\u0101cijas asoci\u0113t\u0101 biedra statuss attiecas uz tiem, kas neatbilst pilnties\u012bgas biedra statusam, un taj\u0101 var piedal\u012bties uz\u0146\u0113mumi, kuru komercdarb\u012bba ir saist\u012bta ar p\u0101rcel\u0161an\u0101s pakalpojumu snieg\u0161anu priv\u0101tperson\u0101m vai juridisk\u0101m person\u0101m un kuru ien\u0101kumi tiek g\u016bti no t\u0101m.<\/p>\n<p>Krit\u0113riji:<\/p>\n<ul>\n<li> J\u0101veic vai j\u0101pl\u0101no veikt uz\u0146\u0113m\u0113jdarb\u012bbu k\u0101 p\u0101rcel\u0161an\u0101s a\u0123entam. L\u016bdzu, parakstiet pievienoto eksempl\u0101ru un nos\u016btiet to kop\u0101 ar pieteikumu.<\/li>\n<li> Aizpild\u012bt anketu, nor\u0101dot divu atsauksmju sniedz\u0113ju (EuRA, SNPRM, ARA, ABRA pilnties\u012bgu locek\u013cu vai viet\u0113j\u0101 l\u012bmen\u012b atz\u012btu profesion\u0101\u013cu v\u0101rdus un adreses, vai ar\u012b abu min\u0113to personu apvienojumu) v\u0101rdus un adreses, ja nor\u0101d\u012bts.<\/li>\n<li> Iesniegt visu druk\u0101to materi\u0101lu kopijas, k\u0101 ar\u012b jebk\u0101du citu inform\u0101ciju, kas var pal\u012bdz\u0113t Biedru komitejai izskat\u012bt j\u016bsu pieteikumu.<\/li>\n<li> iesniegt pier\u0101d\u012bjumus, ka j\u016bs\/j\u016bsu uz\u0146\u0113mums ir atbilsto\u0161i apdro\u0161in\u0101ts (j\u016bsu m\u012btnes valst\u012b).<\/li>\n<li> Sniegt \u012bsu inform\u0101ciju par visu direktoru vai partneru karjeru uz\u0146\u0113mum\u0101<\/li>\n<\/ul>\n<p><u>Fili\u0101\u013cu dal\u012bba<\/u><\/p>\n<p>EuRA asoci\u0113tie biedri var k\u013c\u016bt uz\u0146\u0113mumi, kuru komercdarb\u012bba ir saist\u012bta ar p\u0101rvieto\u0161anas pakalpojumu sniedz\u0113jiem un kurus tie izmanto.<\/p>\n<p>Krit\u0113riji:<\/p>\n<ul>\n<li> Eiropas P\u0101rcel\u0161an\u0101s asoci\u0101cijas pilnties\u012bgs biedrs to var nomin\u0113t par asoci\u0113to biedru.<\/li>\n<li> Ja pieteikuma iesniedz\u0113js nepaz\u012bst nevienu asoci\u0101cijas biedru, vi\u0146\u0161 joproj\u0101m var pieteikties dal\u012bbai asoci\u0101cij\u0101. \u0160\u0101d\u0101 gad\u012bjum\u0101, l\u016bdzu, nor\u0101diet divu atsauksmju sniedz\u0113ju v\u0101rdus un adreses. P\u0113c tam pieteikumu izskat\u012bs Asoci\u0101cijas padome.<\/li>\n<\/ul>\n<p><u>Dal\u012bba vis\u0101 pasaul\u0113<\/u><\/p>\n<p>Pasaules m\u0113roga EuRA biedri var b\u016bt uz\u0146\u0113mumi, kas sniedz p\u0101rcel\u0161an\u0101s pakalpojumus jebkur\u0101 re\u0123ion\u0101 \u0101rpus kontinent\u0101l\u0101s Eiropas.<\/p>\n<p>Vis\u0101 pasaul\u0113 Eiropas P\u0101rcel\u0161an\u0101s asoci\u0101cijas biedri var b\u016bt uz\u0146\u0113mumi, kuru komercdarb\u012bba ir saist\u012bta ar p\u0101rcel\u0161an\u0101s pakalpojumu snieg\u0161anu priv\u0101tperson\u0101m vai juridisk\u0101m person\u0101m un kuru ien\u0101kumi tiek g\u016bti no priv\u0101tperson\u0101m vai juridisk\u0101m person\u0101m.<\/p>\n<p>Par p\u0101rcel\u0161an\u0101s uz\u0146\u0113mumu tiek uzskat\u012bta jebkura organiz\u0101cija, kas pied\u0101v\u0101 virkni pakalpojumu, kuru m\u0113r\u0137is ir atvieglot personu vai personu grupu un vi\u0146u \u0123ime\u0146u mobilit\u0101ti. \u0160\u0101dus pakalpojumus var sniegt izbrauk\u0161anas vai galam\u0113r\u0137a teritorij\u0101 vai ab\u0101s.<\/p>\n<p>Krit\u0113riji:<\/p>\n<ul>\n<li> Lai tirgotos vismaz divus gadus, ir j\u0101iesniedz pier\u0101d\u012bjums par vienas komisijas veik\u0161anu, t. i., re\u0123istr\u0101cijas apliecin\u0101jums.<\/li>\n<li> Aizpild\u012bt anketu, nor\u0101dot divu atsauksmju sniedz\u0113ju (klienti, kuru lab\u0101 p\u0113d\u0113jo 12 m\u0113ne\u0161u laik\u0101 ir veikts darbs), k\u0101 ar\u012b viena EuRA locek\u013ca v\u0101rdu un adresi. EuRA sazin\u0101sies ar \u0161iem atsauksmju sniedz\u0113jiem.<\/li>\n<li> Iesniegt visu druk\u0101to materi\u0101lu kopijas, k\u0101 ar\u012b jebk\u0101du citu inform\u0101ciju, kas var pal\u012bdz\u0113t Biedru komitejai izskat\u012bt j\u016bsu pieteikumu.<\/li>\n<li> iesniegt pier\u0101d\u012bjumus, ka j\u016bs\/j\u016bsu uz\u0146\u0113mums ir atbilsto\u0161i apdro\u0161in\u0101ts (j\u016bsu m\u012btnes valst\u012b).<\/li>\n<li> Sniegt \u012bsu inform\u0101ciju par visu direktoru vai uz\u0146\u0113muma partneru karjeru.<\/li>\n<li> B\u016bt pieejamam uz interviju (sav\u0101 m\u012btnes valst\u012b).<\/li>\n<\/ul>\n<p><strong>Dal\u012bbnieku uz\u0146\u0113mumu paraugi<\/strong><\/p>\n<ul>\n<li> <a href=\"https:\/\/moverdb.com\/lv\/santa-fe-relocation\/\">Santa Fe P\u0101rcel\u0161an\u0101s pakalpojumi<\/a> <\/li>\n<li> <a href=\"https:\/\/moverdb.com\/lv\/aires\/\">Aires<\/a><\/li>\n<li> <a href=\"https:\/\/moverdb.com\/lv\/sterling-relocation\/\">Sterling Relocation<\/a><\/li>\n<li> <a href=\"https:\/\/moverdb.com\/lv\/robinsons\/\">Robinsons P\u0101rcel\u0161an\u0101s<\/a><\/li>\n<li> <a href=\"https:\/\/moverdb.com\/lv\/dt-kustibas\/\">DT p\u0101rvieto\u0161ana<\/a><\/li>\n<li> <a href=\"https:\/\/moverdb.com\/lv\/bournes\/\">Bournes<\/a><\/li>\n<li> <a href=\"https:\/\/moverdb.com\/lv\/btr-international\/\">BTR International<\/a><\/li>\n<li> <a href=\"https:\/\/moverdb.com\/lv\/packimpex\/\">Packimpex<\/a><\/li>\n<\/ul>\n<p><strong>Viedok\u013ci par EuRA<\/strong><\/p>\n<p>EuRA tiek piemin\u0113ta da\u017e\u0101du uz\u0146\u0113mumu (piem\u0113ram, p\u0101rv\u0101c\u0113ju un apkalpoto dz\u012bvok\u013cu) t\u012bmek\u013ca vietn\u0113s, bie\u017ei vien nor\u0101dot, k\u0101 \u0161is uz\u0146\u0113mums var sniegt papildu priek\u0161roc\u012bbas p\u0101rcel\u0161an\u0101s proces\u0101. <\/p>\n<p>Bie\u017ei tiek uzsv\u0113rts asoci\u0101cijas glob\u0101lais m\u0113rogs, k\u0101 ar\u012b tas, ka t\u0101 ir iesaist\u012bta nozares kvalit\u0101tes standartu noteik\u0161an\u0101. Interneta vietn\u0113s t\u0101 tiek min\u0113ta k\u0101 \"nozares organiz\u0101cija\" ar izgl\u012btojo\u0161u da\u013cu un r\u012bc\u012bbas kodeksu, kas j\u0101iev\u0113ro visiem biedriem.<\/p>\n<blockquote><p>EURA ir lielisks partneris, kas pal\u012bdz sasniegt m\u016bsu m\u0113r\u0137i - izgl\u012btot tirgu, lai par\u0101d\u012btu, k\u0101 apkalpoti dz\u012bvok\u013ci var sniegt patiesu labumu p\u0101rcel\u0161an\u0101s proces\u0101.<\/p><\/blockquote>\n<p>- <a href=\"http:\/\/www.chevalresidences.com\/partners-eura.html\" target=\"_blank\" rel=\"noopener\">Cheval Residences<\/a><\/p>\n<blockquote><p>\nEuRA loma un pamatm\u0113r\u0137i ir \u0161\u0101di: uzlabot un uztur\u0113t nozares kvalit\u0101tes standartus, populariz\u0113t nozari un nodro\u0161in\u0101t past\u0101v\u012bgu profesion\u0101lo izgl\u012bt\u012bbu biedru vid\u016b. Tas viss dos labumu mobilajam darbiniekam un vi\u0146a \u0123imenei, un, kad tas notiks, ieguv\u0113ji b\u016bsim ar\u012b m\u0113s k\u0101 grupa.<\/p><\/blockquote>\n<p>- <a href=\"http:\/\/www.globalbusinessnews.net\/\" target=\"_blank\" rel=\"noopener\">Global Business News<\/a><\/p>\n<blockquote><p>\nEuRA ir nozares organiz\u0101cija, kas apvieno p\u0101rcel\u0161an\u0101s profesion\u0101\u013cus Eirop\u0101 un vis\u0101 pasaul\u0113. P\u0101rcel\u0161an\u0101s pakalpojumu sniedz\u0113jiem ir j\u0101iev\u0113ro EuRA R\u012bc\u012bbas noteikumi. <\/p><\/blockquote>\n<p>-  <a href=\"http:\/\/info.bournesmoves.com\/relocation-solutions\/blog\/relocation-moves\/bournes-removals-uk-join-eura\" target=\"_blank\" rel=\"noopener\">P\u0101rv\u0113l\u0113\u0161anas Bournes<\/a><\/p>\n<p><strong>T\u012bmek\u013ca vietne:<\/strong> <a href=\"http:\/\/www.eura-relocation.com\/\" target=\"_blank\" rel=\"noopener\">http:\/\/www.eura-relocation.com\/<\/a><\/p>","protected":false},"excerpt":{"rendered":"<p>The European Relocation Association (EuRA) promotes the benefits of professionally managed relocation and mobility services to companies with globally mobile employees. Its aims include establishing itself as the premier relocation organisation in Europe and setting benchmarks for innovation and best practice. Key facts about EuRA: EuRA members include Relocation Service Providers, as well as those [&hellip;]<\/p>\n","protected":false},"author":1,"featured_media":0,"parent":0,"menu_order":0,"comment_status":"closed","ping_status":"closed","template":"","meta":{"_genesis_hide_title":false,"_genesis_hide_breadcrumbs":false,"_genesis_hide_singular_image":false,"_genesis_hide_footer_widgets":false,"_genesis_custom_body_class":"","_genesis_custom_post_class":"","_genesis_layout":"","footnotes":""},"class_list":{"0":"post-444","1":"page","2":"type-page","3":"status-publish","5":"entry"},"_links":{"self":[{"href":"https:\/\/moverdb.com\/lv\/wp-json\/wp\/v2\/pages\/444","targetHints":{"allow":["GET"]}}],"collection":[{"href":"https:\/\/moverdb.com\/lv\/wp-json\/wp\/v2\/pages"}],"about":[{"href":"https:\/\/moverdb.com\/lv\/wp-json\/wp\/v2\/types\/page"}],"author":[{"embeddable":true,"href":"https:\/\/moverdb.com\/lv\/wp-json\/wp\/v2\/users\/1"}],"replies":[{"embeddable":true,"href":"https:\/\/moverdb.com\/lv\/wp-json\/wp\/v2\/comments?post=444"}],"version-history":[{"count":17,"href":"https:\/\/moverdb.com\/lv\/wp-json\/wp\/v2\/pages\/444\/revisions"}],"predecessor-version":[{"id":6204,"href":"https:\/\/moverdb.com\/lv\/wp-json\/wp\/v2\/pages\/444\/revisions\/6204"}],"wp:attachment":[{"href":"https:\/\/moverdb.com\/lv\/wp-json\/wp\/v2\/media?parent=444"}],"curies":[{"name":"wp","href":"https:\/\/api.w.org\/{rel}","templated":true}]}}