{"id":443,"date":"2016-06-18T21:12:56","date_gmt":"2016-06-18T21:12:56","guid":{"rendered":"http:\/\/moverdb.com\/?page_id=443"},"modified":"2026-01-08T13:18:29","modified_gmt":"2026-01-08T13:18:29","slug":"harmony-relocation-network","status":"publish","type":"page","link":"https:\/\/moverdb.com\/lv\/harmony-relocation-network\/","title":{"rendered":"Harmonijas p\u0101rvieto\u0161anas t\u012bkla (HRN) skaidrojums"},"content":{"rendered":"<p>Harmony Relocation Network (HRN) ir partneruz\u0146\u0113mumu grupa, kas tika izveidota, lai izveidotu Eiropas m\u0113roga glob\u0101lo p\u0101rcel\u0161an\u0101s t\u012bklu. Infrastrukt\u016bras, tehnolo\u0123iju, kvalit\u0101tes un ilgtsp\u0113jas integr\u0101cija ir izstr\u0101d\u0101ta, lai nodro\u0161in\u0101tu nemain\u012bgi augstas kvalit\u0101tes pakalpojumus.<\/p>\n<p><strong>Svar\u012bg\u0101kie fakti par HRH:<\/strong><\/p>\n<ol>\n<li>  Taj\u0101 ir 140 biedri no 60 valst\u012bm.<\/li>\n<li>  HRN apkalpo 180 valstis 6 kontinentos.<\/li>\n<li>  HRN darb\u012bbu uzs\u0101ka 1992. gad\u0101, un visi 140 dal\u012bbnieki ir uz\u0146\u0113muma l\u012bdz\u012bpa\u0161nieki.<\/li>\n<li>  HRN dibin\u0101ja V\u0101cijas un N\u012bderlandes uz\u0146\u0113mumi, bet p\u0113c tam papla\u0161in\u0101ja savu darb\u012bbu uz <a href=\"https:\/\/moverdb.com\/lv\/moving-to-australia\/living-in-australia\/\" data-internallinksmanager029f6b8e52c=\"240\" title=\"21 nosl\u0113pums par dz\u012bvi Austr\u0101lij\u0101, kas j\u0101zina pirms p\u0101rcel\u0161an\u0101s\">Austr\u0101lija<\/a> un \u0100zij\u0101, tad Tuvajos Austrumos, Lat\u012b\u0146amerik\u0101 un \u0100frik\u0101.<\/li>\n<li>  No 2002. l\u012bdz 2015. gadam HRN bija da\u013ca no UniGroup Worldwide UTS ar <a href=\"https:\/\/moverdb.com\/lv\/moving-to-the-united-states\/\" data-internallinksmanager029f6b8e52c=\"94\" title=\"P\u0101rce\u013caties uz Amerikas Savienotaj\u0101m Valst\u012bm? 2022 Dz\u012bves izmaksas un p\u0101rcel\u0161an\u0101s padomi\">ASV<\/a> Van Line.<\/li>\n<li>  HRN ir liel\u0101kais glob\u0101lais p\u0101rcel\u0161an\u0101s uz\u0146\u0113mumu t\u012bkls ar kop\u012bgu z\u012bmolu.<\/li>\n<\/ol>\n<p><strong>Harmony Relocation Network profils:<\/strong><\/p>\n<p>HRN ideja ir apvienot lab\u0101ko no viet\u0113j\u0101 mantojuma ar glob\u0101lu m\u0113rogu, sniedzot p\u0101rcel\u0161an\u0101s pakalpojumus uz\u0146\u0113mumiem un priv\u0101tperson\u0101m, kas ir viet\u0113ji, bet ar pasaules m\u0113roga p\u0101rkl\u0101jumu. <\/p>\n<p>Pied\u0101v\u0101tie pakalpojumi ietver p\u0101rcel\u0161an\u0101s p\u0101rvald\u012bbas pakalpojumus, p\u0101rcel\u0161an\u0101s oper\u0101cijas un galam\u0113r\u0137a pakalpojumus. HRN ir izstr\u0101d\u0101jusi savu t\u012bkla t\u012bmek\u013ca IT sist\u0113mu, kas ir paredz\u0113ta, lai inform\u0113tu klientus un nodro\u0161in\u0101tu, ka process ir p\u0113c iesp\u0113jas visaptvero\u0161\u0101ks un konsekvent\u0101ks - taj\u0101 ir iek\u013cautas zi\u0146o\u0161anas un izseko\u0161anas iesp\u0113jas. <\/p>\n<p>HRN ir svar\u012bga ekonomisk\u0101s, vides un soci\u0101l\u0101s ilgtsp\u0113jas integr\u0101cija, un HRN to min k\u0101 vienu no galvenajiem p\u012bl\u0101riem, lai l\u012bdzsvarotu cilv\u0113kus, tehnolo\u0123ijas un vidi.<\/p>\n<p><strong>Dal\u012bbas krit\u0113riji <\/strong><\/p>\n<p>T\u012bmek\u013ca vietn\u0113 nav nor\u0101d\u012bti nek\u0101di dal\u012bbas krit\u0113riji - ir tikai kontaktinform\u0101cijas lapa.<\/p>\n<p><strong>Dal\u012bbnieku uz\u0146\u0113mumu paraugi<\/strong><\/p>\n<ul>\n<li> <a href=\"https:\/\/moverdb.com\/lv\/bournes\/\">Bournes<\/a><\/li>\n<li> <a href=\"https:\/\/moverdb.com\/lv\/cadogan-tate\/\">Cadogan Tate<\/a><\/li>\n<li> <a href=\"https:\/\/moverdb.com\/lv\/gerson-relocation\/\">Gersona p\u0101rcel\u0161an\u0101s<\/a><\/li>\n<li> <a href=\"https:\/\/moverdb.com\/lv\/pearson\/\">Pearson Home P\u0101rv\u0101k\u0161an\u0101s<\/a><\/li>\n<\/ul>\n<p><strong>Viedok\u013ci par HRN<\/strong><\/p>\n<p>HRN ir iek\u013cauta daudz\u0101s p\u0101rvietot\u0101ju t\u012bmek\u013ca vietn\u0113s, kur\u0101s t\u0101 ir min\u0113ta k\u0101 organiz\u0101cija ar <em>\"Jauns v\u0101rds, bet p\u0101rbaud\u012bta pieredze.\"<\/em> Stipras \u0123imenes v\u0113rt\u012bbas un glob\u0101l\u0101 pieeja, kas balst\u012bta uz sadarb\u012bbu, vienm\u0113r izpau\u017eas. <\/p>\n<p>\u0160\u0137iet, ka kopum\u0101 valda vienpr\u0101t\u012bba par to, ka, p\u0101rce\u013coties ar HRN ietilpsto\u0161u p\u0101rcel\u0161an\u0101s uz\u0146\u0113mumu, klients var izmantot visa t\u012bkla priek\u0161roc\u012bbas. Tiek uzsv\u0113rts, ka dal\u012bbniekiem ir j\u0101iev\u0113ro glob\u0101l\u0101 pakalpojumu l\u012bme\u0146a vieno\u0161an\u0101s, un t\u0101s rezult\u0101ts ir konsekvence. <em>\"lai gan da\u017e\u0101d\u0101s valst\u012bs para\u017eas un kult\u016bra var at\u0161\u0137irties, augstas kvalit\u0101tes pakalpojumi, ko varat sagaid\u012bt, neat\u0161\u0137iras. Vis\u0101 pasaul\u0113 - vien\u0101das proced\u016bras, pakalpojumi un augsta kvalit\u0101te.\"<\/em> <\/p>\n<p>Turkl\u0101t vair\u0101ki no tiem, kas sav\u0101s t\u012bmek\u013ca vietn\u0113s cit\u0113 biedru skaitu, uzsver t\u012bkla lielumu un to, ka tas ir viens no liel\u0101kajiem \u0161\u0101da veida t\u012bkliem pasaul\u0113.<\/p>\n<blockquote><p>Harmony ir glob\u0101ls viet\u0113jiem uz\u0146\u0113mumiem piedero\u0161s p\u0101rcel\u0161an\u0101s uz\u0146\u0113mumu t\u012bkls, kas saglab\u0101 stipras \u0123imenes v\u0113rt\u012bbas, pateicoties paaud\u017eu paaudz\u0113s mantotam mantojumam.<\/p><\/blockquote>\n<p>- <a href=\"http:\/\/www.abels.co.uk\/harmony-relocation-network\/\" target=\"_blank\" rel=\"noopener\">Abels<\/a><\/p>\n<blockquote><p>Harmonija apvieno lab\u0101ko no viet\u0113j\u0101s mantojuma ar glob\u0101lu m\u0113rogu, sniedzot papildu ieguld\u012bjumu un pildot savus sol\u012bjumus. M\u0113s patiesi \u0146emam pie sirds cilv\u0113ku un viet\u0113jo noz\u012bmi.<\/p><\/blockquote>\n<p>- <a href=\"https:\/\/theresforum.com\/partners\/harmony\/\" target=\"_blank\" rel=\"noopener\">RES forums<\/a><\/p>\n<blockquote><p>T\u012bkls nodro\u0161ina pla\u0161u pirmsnos\u016bt\u012b\u0161anas, transport\u0113\u0161anas un galam\u0113r\u0137a pakalpojumu kl\u0101stu, lai pal\u012bdz\u0113tu priv\u0101tperson\u0101m vai person\u0101lvad\u012bbas dienestu vad\u012bt\u0101jiem un darba \u0146\u0113m\u0113jiem no s\u0101kuma l\u012bdz galam nok\u013c\u016bt ce\u013cojum\u0101.<\/p><\/blockquote>\n<p>- <a href=\"http:\/\/bournesmoves.com\/relocation\/harmony-relocation-network.htm\" target=\"_blank\" rel=\"noopener\">Bournes<\/a> <\/p>\n<p><a href=\"http:\/\/www.harmonyrelo.com\/\" target=\"_blank\" rel=\"noopener\">http:\/\/www.harmonyrelo.com\/<\/a><\/p>","protected":false},"excerpt":{"rendered":"<p>The Harmony Relocation Network (HRN) is a group of partner companies that was created to build a pan-European network for global relocation. Integration of infrastructure, technology, quality and sustainability is designed to produce a consistently high quality service. Key facts about HRH: The membership is made up of 140 members in 60 countries. The HRN [&hellip;]<\/p>\n","protected":false},"author":1,"featured_media":0,"parent":0,"menu_order":0,"comment_status":"closed","ping_status":"closed","template":"","meta":{"_genesis_hide_title":false,"_genesis_hide_breadcrumbs":false,"_genesis_hide_singular_image":false,"_genesis_hide_footer_widgets":false,"_genesis_custom_body_class":"","_genesis_custom_post_class":"","_genesis_layout":"","footnotes":""},"class_list":{"0":"post-443","1":"page","2":"type-page","3":"status-publish","5":"entry"},"_links":{"self":[{"href":"https:\/\/moverdb.com\/lv\/wp-json\/wp\/v2\/pages\/443","targetHints":{"allow":["GET"]}}],"collection":[{"href":"https:\/\/moverdb.com\/lv\/wp-json\/wp\/v2\/pages"}],"about":[{"href":"https:\/\/moverdb.com\/lv\/wp-json\/wp\/v2\/types\/page"}],"author":[{"embeddable":true,"href":"https:\/\/moverdb.com\/lv\/wp-json\/wp\/v2\/users\/1"}],"replies":[{"embeddable":true,"href":"https:\/\/moverdb.com\/lv\/wp-json\/wp\/v2\/comments?post=443"}],"version-history":[{"count":6,"href":"https:\/\/moverdb.com\/lv\/wp-json\/wp\/v2\/pages\/443\/revisions"}],"predecessor-version":[{"id":6219,"href":"https:\/\/moverdb.com\/lv\/wp-json\/wp\/v2\/pages\/443\/revisions\/6219"}],"wp:attachment":[{"href":"https:\/\/moverdb.com\/lv\/wp-json\/wp\/v2\/media?parent=443"}],"curies":[{"name":"wp","href":"https:\/\/api.w.org\/{rel}","templated":true}]}}