{"id":441,"date":"2016-06-18T21:28:02","date_gmt":"2016-06-18T21:28:02","guid":{"rendered":"http:\/\/moverdb.com\/?page_id=441"},"modified":"2026-01-08T15:30:43","modified_gmt":"2026-01-08T15:30:43","slug":"darbinieku-parcelsanas-padome","status":"publish","type":"page","link":"https:\/\/moverdb.com\/lv\/employee-relocation-council\/","title":{"rendered":"Izskaidrots par darbinieku p\u0101rvieto\u0161anas padomi (ERC) vis\u0101 pasaul\u0113"},"content":{"rendered":"<p>Vispasaules Darbinieku p\u0101rvieto\u0161anas padome (ERC) sevi d\u0113v\u0113 par darbasp\u0113ka mobilit\u0101tes asoci\u0101ciju profesion\u0101\u013ciem, kuri p\u0101rrauga, p\u0101rvalda vai atbalsta ASV iek\u0161zemes un starptautisko darbinieku p\u0101rvieto\u0161anu. <\/p>\n<p>T\u0101s m\u0113r\u0137is ir pal\u012bdz\u0113t biedriem, kuri p\u0101rst\u0101v da\u017e\u0101das profesijas, tostarp cilv\u0113kresursu, nekustam\u0101 \u012bpa\u0161uma un milit\u0101r\u0101s jomas, risin\u0101t ar darbasp\u0113ka mobilit\u0101ti saist\u012bt\u0101s probl\u0113mas.<\/p>\n<p><strong>Svar\u012bg\u0101kie fakti par EPP:<\/strong><\/p>\n<ol>\n<li>  ERC locek\u013ci ir da\u017e\u0101du profesiju p\u0101rst\u0101vji, tostarp person\u0101la, person\u0101la atlases, vald\u012bbas, milit\u0101ro, nekustam\u0101 \u012bpa\u0161uma, finan\u0161u pakalpojumu, p\u0101rcel\u0161an\u0101s, konsult\u0101ciju un konsult\u0101ciju jom\u0101.<\/li>\n<li>  ERC kompetenc\u0113 ir jaut\u0101jumi un vad\u012bbas prakse, kas attiecas uz p\u0101rvieto\u0161anas speci\u0101listiem <a href=\"https:\/\/moverdb.com\/lv\/moving-to-the-united-states\/\" data-internallinksmanager029f6b8e52c=\"94\" title=\"P\u0101rce\u013caties uz Amerikas Savienotaj\u0101m Valst\u012bm? 2022 Dz\u012bves izmaksas un p\u0101rcel\u0161an\u0101s padomi\">Amerikas Savienot\u0101s Valstis<\/a> un starp vis\u0101m p\u0101r\u0113j\u0101m valst\u012bm.<\/li>\n<li>  ERC galven\u0101 m\u012btne atrodas <a href=\"https:\/\/moverdb.com\/lv\/parcelsanas-uz-vasingtonu-dc\/\">Va\u0161ingtona, DC,<\/a> ar Eiropas biroju Brisel\u0113, <a href=\"https:\/\/moverdb.com\/lv\/moving-to-belgium\/\" data-internallinksmanager029f6b8e52c=\"323\" title=\"P\u0101rcel\u0161an\u0101s uz Be\u013c\u0123iju? 2023 Dz\u012bves izmaksas un p\u0101rcel\u0161an\u0101s padomi\">Be\u013c\u0123ija<\/a>.<\/li>\n<li>  ERC pied\u0101v\u0101 t\u0101das akredit\u0101cijas k\u0101 sertific\u0113ts p\u0101rcel\u0161an\u0101s speci\u0101lists un glob\u0101l\u0101s mobilit\u0101tes speci\u0101lists.<\/li>\n<li>  Ir pieejamas da\u017e\u0101das dal\u012bbas kategorijas, tostarp korporat\u012bv\u0101 dal\u012bba (galvenok\u0101rt viet\u0113jiem profesion\u0101\u013ciem), mobilit\u0101tes pakalpojumu dal\u012bba (darbasp\u0113ka mobilit\u0101tes uz\u0146\u0113mumiem), person\u012bg\u0101\/profesion\u0101l\u0101 (PERC\u2122) dal\u012bba (tiem, kas mekl\u0113 inform\u0101ciju, piem\u0113ram, akad\u0113misko aprindu p\u0101rst\u0101vjiem un darba mekl\u0113t\u0101jiem), p\u0101rcel\u0161an\u0101s nov\u0113rt\u0113t\u0101ja, nekustam\u0101 \u012bpa\u0161uma brokera un p\u0101rcel\u0161an\u0101s p\u0101rvald\u012bbas uz\u0146\u0113muma dal\u012bba.<\/li>\n<li>  2005. gad\u0101 ERC bija vair\u0101k nek\u0101 12 000 biedru (jaun\u0101kie pieejamie statistikas dati).<\/li>\n<\/ol>\n<p><strong>Darbinieku p\u0101rvieto\u0161anas padomes profils vis\u0101 pasaul\u0113:<\/strong><\/p>\n<p>ERC ir daudzas funkcijas, tostarp lob\u0113\u0161ana biedru v\u0101rd\u0101, apm\u0101c\u012bbas un izgl\u012bt\u012bbas nodro\u0161in\u0101\u0161ana, k\u0101 ar\u012b t\u012bklo\u0161an\u0101s iesp\u0113jas. T\u0101 ar\u012b pal\u012bdz att\u012bst\u012bt nozares standartiz\u0101ciju un vienpr\u0101t\u012bbas veido\u0161anu, k\u0101 ar\u012b sekm\u0113 jaunu darba meto\u017eu un e-risin\u0101jumu izstr\u0101di. <\/p>\n<p>ERC ir ne tikai darbojusies sava biedra v\u0101rd\u0101 un kop\u0101 ar to, bet ar\u012b ir k\u013cuvusi paz\u012bstama ar da\u017e\u0101du datu v\u0101k\u0161anu, izmantojot aptaujas, tostarp analiz\u0113jot pils\u0113tu piem\u0113rot\u012bbu jaun\u0101m p\u0101rvietot\u0101m \u0123imen\u0113m. ERC ir k\u013cuvusi par autorit\u0101ti darbasp\u0113ka mobilit\u0101tes jom\u0101.<\/p>\n<p><strong>Dal\u012bbas krit\u0113riji:<\/strong><\/p>\n<p>Dal\u012bbas krit\u0113riji t\u012bmek\u013ca vietn\u0113 nav nor\u0101d\u012bti.<\/p>\n<p><strong>ERC locek\u013cu saraksts vis\u0101 pasaul\u0113 <a href=\"https:\/\/moverdb.com\/lv\/moving-companies\/\" data-internallinksmanager029f6b8e52c=\"79\" title=\"Top 25 Starptautiskie p\u0101rcel\u0161an\u0101s uz\u0146\u0113mumi tie\u0161saist\u0113\">P\u0101rcel\u0161an\u0101s uz\u0146\u0113mumi<\/a><\/strong><\/p>\n<ul>\n<li> <a href=\"https:\/\/moverdb.com\/lv\/aires\/\">Aires<\/a><\/li>\n<li> <a href=\"https:\/\/moverdb.com\/lv\/armstrong-relocation\/\">Armstronga p\u0101rvieto\u0161ana<\/a><\/li>\n<li> <a href=\"https:\/\/moverdb.com\/lv\/arpin-international\/\">Arpin International<\/a><\/li>\n<li> <a href=\"https:\/\/moverdb.com\/lv\/atlas-van-lines-international\/\">Atlas Van Lines<\/a><\/li>\n<li> <a href=\"https:\/\/moverdb.com\/lv\/santa-fe-relocation\/\">Santa Fe P\u0101rcel\u0161an\u0101s pakalpojumi<\/a><\/li>\n<li> <a href=\"https:\/\/moverdb.com\/lv\/sterling-relocation\/\">Sterling Relocation<\/a><\/li>\n<li> <a href=\"https:\/\/moverdb.com\/lv\/arpin-van-lines\/\">Arpin Van Lines<\/a><\/li>\n<li> <a href=\"https:\/\/moverdb.com\/lv\/suddath\/\">Suddath<\/a><\/li>\n<li> <a href=\"https:\/\/moverdb.com\/lv\/dt-kustibas\/\">DT p\u0101rvieto\u0161ana<\/a><\/li>\n<li> <a href=\"https:\/\/moverdb.com\/lv\/btr-international\/\">BTR International<\/a><\/li>\n<p><a href=\"https:\/\/moverdb.com\/lv\/packimpex\/\">Packimpex<\/a>\n<\/ul>\n<p><strong>Viedok\u013ci par ERC<\/strong><\/p>\n<p>ERC nepar\u0101d\u0101s tik daudz\u0101s t\u012bmek\u013ca vietn\u0113s. Ja t\u0101 tiek piemin\u0113ta, tad bie\u017ei vien saist\u012bb\u0101 ar organiz\u0101cij\u0101m, kas ir ar to saist\u012btas, piem\u0113ram, Lielo ezeru p\u0101rvieto\u0161anas padomi (Great Lakes Relocation Council).<\/p>\n<blockquote><p>Lai apmierin\u0101tu p\u0101rcel\u0161an\u0101s tirgus vajadz\u012bbas un t\u0101d\u0113j\u0101di pal\u012bdz\u0113tu darbiniekiem raiti uzs\u0101kt jauno dz\u012bves posmu, 1964. gad\u0101 se\u0161as personas nodibin\u0101ja Pasaules Darbinieku p\u0101rcel\u0161an\u0101s padomes (ERC) priek\u0161teci. <a href=\"https:\/\/moverdb.com\/lv\/parvietojas-uz-cikagu\/\">\u010cik\u0101ga<\/a>.<\/p><\/blockquote>\n<p>- <a href=\"http:\/\/start-up-services.de\/en\/company-profile-relocation-service\/relocation-associations\/worldwide-employee-relocation-council\/\" target=\"_blank\" rel=\"noopener\">Darb\u012bbas uzs\u0101k\u0161anas pakalpojumi<\/a><\/p>\n<p><strong>T\u012bmek\u013ca vietne:<\/strong> <a href=\"http:\/\/www.worldwideerc.org\/Pages\/index.aspx\" target=\"_blank\" rel=\"noopener\">http:\/\/www.worldwideerc.org\/Pages\/index.aspx<\/a><\/p>","protected":false},"excerpt":{"rendered":"<p>The Worldwide Employee Relocation Council (ERC) describes itself as the workforce mobility association for professionals who oversee, manage, or support U.S. domestic and international employee transfer. Its purpose is to help members &#8211; who come from a range of professions, including HR, real estate and military &#8211; to deal with the challenges of workforce mobility. [&hellip;]<\/p>\n","protected":false},"author":1,"featured_media":0,"parent":0,"menu_order":0,"comment_status":"closed","ping_status":"closed","template":"","meta":{"_genesis_hide_title":false,"_genesis_hide_breadcrumbs":false,"_genesis_hide_singular_image":false,"_genesis_hide_footer_widgets":false,"_genesis_custom_body_class":"","_genesis_custom_post_class":"","_genesis_layout":"","footnotes":""},"class_list":{"0":"post-441","1":"page","2":"type-page","3":"status-publish","5":"entry"},"_links":{"self":[{"href":"https:\/\/moverdb.com\/lv\/wp-json\/wp\/v2\/pages\/441","targetHints":{"allow":["GET"]}}],"collection":[{"href":"https:\/\/moverdb.com\/lv\/wp-json\/wp\/v2\/pages"}],"about":[{"href":"https:\/\/moverdb.com\/lv\/wp-json\/wp\/v2\/types\/page"}],"author":[{"embeddable":true,"href":"https:\/\/moverdb.com\/lv\/wp-json\/wp\/v2\/users\/1"}],"replies":[{"embeddable":true,"href":"https:\/\/moverdb.com\/lv\/wp-json\/wp\/v2\/comments?post=441"}],"version-history":[{"count":15,"href":"https:\/\/moverdb.com\/lv\/wp-json\/wp\/v2\/pages\/441\/revisions"}],"predecessor-version":[{"id":6255,"href":"https:\/\/moverdb.com\/lv\/wp-json\/wp\/v2\/pages\/441\/revisions\/6255"}],"wp:attachment":[{"href":"https:\/\/moverdb.com\/lv\/wp-json\/wp\/v2\/media?parent=441"}],"curies":[{"name":"wp","href":"https:\/\/api.w.org\/{rel}","templated":true}]}}