{"id":440,"date":"2016-06-12T19:59:07","date_gmt":"2016-06-12T19:59:07","guid":{"rendered":"http:\/\/moverdb.com\/?page_id=440"},"modified":"2026-01-08T13:19:01","modified_gmt":"2026-01-08T13:19:01","slug":"iata","status":"publish","type":"page","link":"https:\/\/moverdb.com\/lv\/iata\/","title":{"rendered":"Starptautisk\u0101s Gaisa transporta asoci\u0101cijas (IATA) skaidrojumi"},"content":{"rendered":"<p>Starptautisk\u0101 Gaisa transporta asoci\u0101cija (IATA) ir pasaules aviosabiedr\u012bbu tirdzniec\u012bbas asoci\u0101cija. <\/p>\n<p>T\u0101s uzdevums ir vad\u012bt un kalpot t\u0101s biedriem, k\u0101 ar\u012b p\u0101rst\u0101v\u0113t to intereses, lai veicin\u0101tu lidostu transporta nozares att\u012bst\u012bbu.<\/p>\n<p><strong>Svar\u012bg\u0101kie fakti par IATA:<\/strong><\/p>\n<ol>\n<li>  Tas veido aptuveni 260 aviosabiedr\u012bbu jeb 83% no kop\u0113j\u0101 gaisa satiksmes apjoma.<\/li>\n<li>  Tam ir glob\u0101la m\u0113roga p\u0101rkl\u0101jums.<\/li>\n<li>  IATA biedru lidojumi veido 83% no kop\u0113j\u0101 satiksmes apjoma.<\/li>\n<li>  T\u0101 tika dibin\u0101ta Havan\u0101, Kub\u0101, 1945. gada apr\u012bl\u012b.<\/li>\n<li>  1945. gad\u0101, kad to izveidoja, taj\u0101 bija 57 biedri no 31 valsts, galvenok\u0101rt no Eiropas un Zieme\u013camerikas. \u0160odien tai ir aptuveni 260 biedru no 117 valst\u012bm vis\u0101s pasaules mal\u0101s.<\/li>\n<li>  T\u0101s priorit\u0101tes ir dro\u0161\u012bba, dro\u0161ums, vide, pakalpojumi, uz\u0146\u0113m\u0113jdarb\u012bbas vienk\u0101r\u0161o\u0161ana un pal\u012bdz\u012bba attiec\u012bbu veido\u0161an\u0101 nozar\u0113.<\/li>\n<li>  IATA Nor\u0113\u0137inu un nor\u0113\u0137inu pl\u0101ns kalpo k\u0101 nozares finansi\u0101lais mugurkauls, p\u0101rvaldot vair\u0101k nek\u0101 $270 miljardu pl\u016bsmu, ko ik gadu rada ce\u013cojumu a\u0123entu bi\u013ce\u0161u p\u0101rdo\u0161ana aviosabiedr\u012bb\u0101m.<\/li>\n<\/ol>\n<p><strong>Starptautisk\u0101s Gaisa transporta asoci\u0101cijas profils:<\/strong><\/p>\n<p>IATA ir pasaul\u0113 atz\u012bta aviokomp\u0101niju tirdzniec\u012bbas asoci\u0101cija, kas darbojas jau vair\u0101k nek\u0101 50 gadus. T\u0101s biedri ir gan <a href=\"https:\/\/moverdb.com\/lv\/kravas-ekspeditors\/\">kravas<\/a> un pasa\u017eieru p\u0101rvad\u0101t\u0101jiem, un tai ir biroji 53 valst\u012bs vis\u0101 pasaul\u0113. <\/p>\n<p>T\u0101 ir att\u012bst\u012bjusies l\u012bdztekus aviop\u0101rvad\u0101jumu nozarei, sadarbojoties ar \u0161o nozari, lai pal\u012bdz\u0113tu izstr\u0101d\u0101t standartus, praksi un proced\u016bras, kas regul\u0113 nozari un nodro\u0161ina klientiem konsekventu pakalpojumu l\u012bmeni. IATA ir patiesi glob\u0101la organiz\u0101cija, un t\u0101s 260 biedri p\u0101rst\u0101v vair\u0101k nek\u0101 117 valstis.<\/p>\n<p>Papildus pat\u0113r\u0113t\u0101ju aizsardz\u012bbai IATA ir ar\u012b iesaist\u012bjusies, lai pal\u012bdz\u0113tu aviosabiedr\u012bbu nozarei k\u013c\u016bt ilgtsp\u0113j\u012bg\u0101kai. Organiz\u0101cija pied\u0101v\u0101 inform\u0101ciju par aviokomp\u0101nij\u0101m, da\u017e\u0101das publik\u0101cijas un m\u0101c\u012bbu programmas, k\u0101 ar\u012b akredit\u0101ciju ce\u013cojumu nozar\u0113 str\u0101d\u0101jo\u0161ajiem. <\/p>\n<p>Turkl\u0101t t\u0101 sniedz da\u017e\u0101dus finan\u0161u pakalpojumus, piem\u0113ram, par\u0101du piedzi\u0146as pakalpojumus aviosabiedr\u012bb\u0101m.<\/p>\n<p><strong>Dal\u012bbas krit\u0113riji<\/strong><\/p>\n<p>IATA biedra statusu ar vis\u0101m ties\u012bb\u0101m un privil\u0113\u0123ij\u0101m var ieg\u016bt tikai p\u0113c: IATA darb\u012bbas dro\u0161\u012bbas audita (IOSA) re\u0123istr\u0101ciju, administrat\u012bvu p\u0101rbaudi, ko veic Biedru departaments, visu pieteikuma maksu un dal\u012bbas maksu samaksu.<\/p>\n<p>Veiksm\u012bgi pabeidzot IOSA, IOSA re\u0123istrs tiks papildin\u0101ts. Pirms tiek apstiprin\u0101ta IATA dal\u012bba, aviosabiedr\u012bbai ir j\u0101b\u016bt IOSA re\u0123istr\u0101.<\/p>\n<p>P\u0113c tam tiek iesniegta pieteikuma veidlapa un \u0161\u0101di apliecino\u0161ie dokumenti:<\/p>\n<ul>\n<li> Gaisa ku\u0123a ekspluatanta apliec\u012bbas (AOC) apliecin\u0101ta kopija, der\u012bga vismaz se\u0161us m\u0113ne\u0161us, ar izdev\u0113jas iest\u0101des (nevis not\u0101ra) izdotu ori\u0123in\u0101lu, datumu un parakstu, k\u0101 ar\u012b re\u0123istr\u0101cijas valsts izdotas ekspluat\u0101cijas specifik\u0101cijas, ja t\u0101das ir.<\/li>\n<li> Re\u0123istr\u0101cijas apliec\u012bbas apliecin\u0101ta kopija no attiec\u012bg\u0101s iest\u0101des, piem\u0113ram, Tirdzniec\u012bbas pal\u0101tas vai l\u012bdzv\u0113rt\u012bgas iest\u0101des. Pie\u0146emama ir not\u0101ra apliecin\u0101\u0161ana.<\/li>\n<li> revid\u0113ti finan\u0161u p\u0101rskati par aviokomp\u0101niju, kas iesniegusi pieteikumu, un, ja t\u0101s kontrolpakete pieder citam uz\u0146\u0113mumam (tostarp valstij), - \u012bpa\u0161nieka uz\u0146\u0113muma finan\u0161u p\u0101rskati. Tiem j\u0101b\u016bt apstiprin\u0101tiem zv\u0113rin\u0101ta gr\u0101matve\u017ea vai valsts gr\u0101matve\u017ea. Jaun\u0101m aviosabiedr\u012bb\u0101m ir pie\u0146emams uz\u0146\u0113m\u0113jdarb\u012bbas pl\u0101ns, ko sagatavojis zv\u0113rin\u0101ts vai zv\u0113rin\u0101ts gr\u0101matvedis.<\/li>\n<li> Pieteikuma iesniedz\u0113jas aviosabiedr\u012bbas gada p\u0101rskats vai uz\u0146\u0113muma stat\u016bti, kas par\u0101da, k\u0101 t\u0101 ir izveidota, vai aviosabiedr\u012bbas profils.<\/li>\n<li> Der\u012bgas apdro\u0161in\u0101\u0161anas apliec\u012bbas, kur\u0101s nor\u0101d\u012bts gaisa ku\u0123a tips, katra gaisa ku\u0123a re\u0123istr\u0101cijas numurs un attiec\u012bg\u0101 re\u0123istr\u0101cijas iest\u0101des inform\u0101cija, der\u012bgas vismaz se\u0161us m\u0113ne\u0161us.<\/li>\n<li> Satiksmes statistika par iepriek\u0161\u0113jiem diviem gadiem. \u0160\u012b pras\u012bba neattiecas uz jaun\u0101m aviosabiedr\u012bb\u0101m.<\/li>\n<li> Public\u0113tais lidojumu grafiks\/pl\u0101ns, ja aviosabiedr\u012bba veic regul\u0101ras lidma\u0161\u012bnas. Neregul\u0101ro lidojumu gad\u012bjum\u0101 tiek piepras\u012bts galam\u0113r\u0137u saraksts.<\/li>\n<\/ul>\n<p><strong>IATA locek\u013cu saraksts <a href=\"https:\/\/moverdb.com\/lv\/moving-companies\/\" data-internallinksmanager029f6b8e52c=\"79\" title=\"Top 25 Starptautiskie p\u0101rcel\u0161an\u0101s uz\u0146\u0113mumi tie\u0161saist\u0113\">P\u0101rcel\u0161an\u0101s uz\u0146\u0113mumi<\/a><\/strong><\/p>\n<ul>\n<li> <a href=\"https:\/\/moverdb.com\/lv\/armstrong-relocation\/\">Armstronga p\u0101rvieto\u0161ana<\/a><\/li>\n<li> <a href=\"https:\/\/moverdb.com\/lv\/atlas-van-lines-international\/\">Atlas Van Lines<\/a><\/li>\n<li> <a href=\"https:\/\/moverdb.com\/lv\/suddath\/\">Suddath<\/a><\/li>\n<li> <a href=\"https:\/\/moverdb.com\/lv\/nippon-express\/\">Nippon Express<\/a><\/li>\n<li> <a href=\"https:\/\/moverdb.com\/lv\/bolliger\/\">Bolliger<\/a><\/li>\n<\/ul>\n<p><strong>Viedok\u013ci par Starptautisko Gaisa transporta asoci\u0101ciju<\/strong><\/p>\n<p>IATA ir nor\u0101d\u012bta vairum\u0101 liel\u0101ko aviokomp\u0101niju t\u012bmek\u013ca viet\u0146u (bie\u017ei vien ar IATA kodu), un tai ir ar\u012b sava Vikip\u0113dijas lapa. <\/p>\n<p>T\u0101s k\u0101 tirdzniec\u012bbas asoci\u0101cijas noz\u012bme ir ac\u012bmredzama, t\u0101pat k\u0101 t\u0101s l\u012bdzdal\u012bba konkr\u0113tu nozares standartu izstr\u0101d\u0113 aviosabiedr\u012bbu nozar\u0113. Bie\u017ei tiek nor\u0101d\u012bts, ka t\u0101s biedri nodro\u0161ina 90% no pasaules regul\u0101r\u0101s gaisa satiksmes, un tas ir bie\u017ei piemin\u0113ts fakts. <\/p>\n<p>Tie\u0161saistes rakstos par aviosabiedr\u012bbu nozari bie\u017ei tiek piemin\u0113ta IATA un t\u0101s l\u012bdzdal\u012bba svar\u012bg\u0101ko jaut\u0101jumu izlem\u0161an\u0101 un svar\u012bgu ieteikumu snieg\u0161an\u0101, piem\u0113ram, regul\u0113jot aug\u0161\u0113j\u0101s bag\u0101\u017eas nodal\u012bjumos paredz\u0113t\u0101s bag\u0101\u017eas izm\u0113ru. <\/p>\n<p>IATA tiek piemin\u0113ta daudzos kontekstos, s\u0101kot ar projektu vad\u012bbas partner\u012bbu un beidzot ar ES regul\u0113jumu. \u0145emot v\u0113r\u0101 to, cik bie\u017ei un pla\u0161i zi\u0146\u0101s tiek piemin\u0113ta IATA, ir skaidrs, ka t\u0101 ir akt\u012bva un iev\u0113rojama tirdzniec\u012bbas asoci\u0101cija.<\/p>\n<p><strong>T\u012bmek\u013ca vietne:<\/strong> <a href=\"http:\/\/www.iata.org\/Pages\/default.aspx\" target=\"_blank\" rel=\"noopener\">http:\/\/www.iata.org\/Pages\/default.aspx<\/a><\/p>","protected":false},"excerpt":{"rendered":"<p>The International Air Transport Association (IATA) is the global trade association for the world&#8217;s airlines. Its mission is to lead and serve its members, as well as to represent their interests in a way that boosts the airport transport industry. Key facts about IATA: It represents around 260 airlines or 83% of total air traffic. [&hellip;]<\/p>\n","protected":false},"author":1,"featured_media":0,"parent":0,"menu_order":0,"comment_status":"closed","ping_status":"closed","template":"","meta":{"_genesis_hide_title":false,"_genesis_hide_breadcrumbs":false,"_genesis_hide_singular_image":false,"_genesis_hide_footer_widgets":false,"_genesis_custom_body_class":"","_genesis_custom_post_class":"","_genesis_layout":"","footnotes":""},"class_list":{"0":"post-440","1":"page","2":"type-page","3":"status-publish","5":"entry"},"_links":{"self":[{"href":"https:\/\/moverdb.com\/lv\/wp-json\/wp\/v2\/pages\/440","targetHints":{"allow":["GET"]}}],"collection":[{"href":"https:\/\/moverdb.com\/lv\/wp-json\/wp\/v2\/pages"}],"about":[{"href":"https:\/\/moverdb.com\/lv\/wp-json\/wp\/v2\/types\/page"}],"author":[{"embeddable":true,"href":"https:\/\/moverdb.com\/lv\/wp-json\/wp\/v2\/users\/1"}],"replies":[{"embeddable":true,"href":"https:\/\/moverdb.com\/lv\/wp-json\/wp\/v2\/comments?post=440"}],"version-history":[{"count":10,"href":"https:\/\/moverdb.com\/lv\/wp-json\/wp\/v2\/pages\/440\/revisions"}],"predecessor-version":[{"id":13161,"href":"https:\/\/moverdb.com\/lv\/wp-json\/wp\/v2\/pages\/440\/revisions\/13161"}],"wp:attachment":[{"href":"https:\/\/moverdb.com\/lv\/wp-json\/wp\/v2\/media?parent=440"}],"curies":[{"name":"wp","href":"https:\/\/api.w.org\/{rel}","templated":true}]}}