{"id":437,"date":"2016-06-12T15:02:39","date_gmt":"2016-06-12T15:02:39","guid":{"rendered":"http:\/\/moverdb.com\/?page_id=437"},"modified":"2026-01-08T13:18:34","modified_gmt":"2026-01-08T13:18:34","slug":"hgfaa","status":"publish","type":"page","link":"https:\/\/moverdb.com\/lv\/hgfaa\/","title":{"rendered":"M\u0101jsaimniec\u012bbas pre\u010du ekspeditoru asoci\u0101cijas (HGFAA) skaidrojums"},"content":{"rendered":"<p>Amerikas M\u0101jsaimniec\u012bbas pre\u010du ekspeditoru asoci\u0101cija (HGFAA) sevi raksturo k\u0101 glob\u0101lu p\u0101rv\u0101c\u0113ju asoci\u0101ciju, kuras m\u0113r\u0137is ir nodro\u0161in\u0101t, lai klienti p\u0101rv\u0101k\u0161an\u0101s laik\u0101 sa\u0146emtu vislab\u0101ko iesp\u0113jamo pakalpojumu. Tagad to ir aizst\u0101jusi <a href=\"https:\/\/moverdb.com\/lv\/esmu\/\">Starptautisk\u0101 P\u0101rv\u0101c\u0113ju asoci\u0101cija<\/a> (<a href=\"https:\/\/moverdb.com\/lv\/iam\/\" data-internallinksmanager029f6b8e52c=\"23\" title=\"Starptautisk\u0101s P\u0101rv\u0101c\u0113ju asoci\u0101cijas (IAM) skaidrojumi\">IAM<\/a>), lai gan vair\u0101ki p\u0101rvad\u0101t\u0101ji joproj\u0101m to nor\u0101da sav\u0101s t\u012bmek\u013ca vietn\u0113s. <\/p>\n<p><strong>Galvenie fakti par HGFAA:<\/strong><\/p>\n<ol>\n<li>  HGFAA biedri vis\u0101 pasaul\u0113 ir vair\u0101k nek\u0101 1800 uz\u0146\u0113mumu.<\/li>\n<li>  HGFAA ir glob\u0101la organiz\u0101cija, kur\u0101 ir biedri no vair\u0101k nek\u0101 160 valst\u012bm un teritorij\u0101m.<\/li>\n<li>  Port\u0101ls ir asoci\u0101cijas nozares \u017eurn\u0101ls.<\/li>\n<li>  Asoci\u0101cija p\u0101rst\u0101v p\u0101rvieto\u0161an\u0101s nozari <a href=\"https:\/\/moverdb.com\/lv\/moving-to-the-united-states\/\" data-internallinksmanager029f6b8e52c=\"94\" title=\"P\u0101rce\u013caties uz Amerikas Savienotaj\u0101m Valst\u012bm? 2022 Dz\u012bves izmaksas un p\u0101rcel\u0161an\u0101s padomi\">Amerikas Savienot\u0101s Valstis<\/a>.<\/li>\n<li>  HGFAA ir paz\u012bstama ar savu komunik\u0101ciju t\u012bklu un m\u0101c\u012bbu apr\u012bkojumu.<\/li>\n<\/ol>\n<p><strong>Amerikas M\u0101jsaimniec\u012bbas pre\u010du ekspeditoru asoci\u0101cijas profils:<\/strong><\/p>\n<p>HGFAA ir orient\u0113ta uz pat\u0113r\u0113t\u0101jiem, nodro\u0161inot datu b\u0101zi ar uzticamiem p\u0101rv\u0101c\u0113jiem, kas var pal\u012bdz\u0113t ar p\u0101rcel\u0161anos jebkur\u0101 pasaules viet\u0101. T\u0101 ir ap\u0146\u0113musies nodro\u0161in\u0101t augstus pakalpojumu standartus un nodro\u0161in\u0101t, lai pat\u0113r\u0113t\u0101jiem b\u016btu pieejama visa p\u0101rcel\u0161anai nepiecie\u0161am\u0101 inform\u0101cija, s\u0101kot ar p\u0101rcel\u0161an\u0101s dienas organiz\u0113\u0161anu un beidzot ar p\u0101rcel\u0161anos un vesel\u012bbas apr\u016bpi. <\/p>\n<p>HGFAA izdod savu nozares \u017eurn\u0101lu \"Portal\", kam ir se\u0161i numuri gad\u0101. T\u0101s t\u012bmek\u013ca vietn\u0113 ir daudz sai\u0161u gan nozares p\u0101rst\u0101vjiem, gan pat\u0113r\u0113t\u0101jiem uz interes\u0113jo\u0161\u0101m t\u0113m\u0101m, piem\u0113ram, dienas nauda, ce\u013co\u0161ana un transports un p\u0101rvieto\u0161an\u0101s ar m\u0101jdz\u012bvniekiem.<\/p>\n<p><strong>Dal\u012bbas krit\u0113riji:<\/strong><\/p>\n<p>HGFAA pied\u0101v\u0101 lejupl\u0101d\u0113jamu dal\u012bbas veidlapu, ta\u010du pa\u0161laik t\u0101 nav pieejama t\u012bmek\u013ca vietn\u0113. T\u012bmek\u013ca vietn\u0113 nav nor\u0101d\u012bti dal\u012bbas nosac\u012bjumi.<\/p>\n<p><strong>Dal\u012bbnieku uz\u0146\u0113mumu paraugi<\/strong><\/p>\n<ul>\n<li> <a href=\"https:\/\/moverdb.com\/lv\/atlas-van-lines-international\/\">Atlas Van Lines<\/a><\/li>\n<li> <a href=\"https:\/\/moverdb.com\/lv\/eagle-relocations\/\">\u0112rg\u013cu p\u0101rvieto\u0161ana<\/a><\/li>\n<li> <a href=\"https:\/\/moverdb.com\/lv\/parmerigi-starptautiskie-parvietotaji\/\">P\u0101rpalikuma starptautiskie p\u0101rvietot\u0101ji<\/a><\/li>\n<li> <a href=\"https:\/\/moverdb.com\/lv\/fn-removals\/\">F&amp;N Worldwide Removals<\/a><\/li>\n<li> <a href=\"https:\/\/moverdb.com\/lv\/mudanzas-gou\/\">Mudanzas Gou<\/a><\/li>\n<\/ul>\n<p><strong>Viedok\u013ci par HGFAA:<\/strong><\/p>\n<p>HGFAA nav pla\u0161a profila tie\u0161saist\u0113, un t\u0101 nav min\u0113ta daudz\u0101s p\u0101rv\u0101c\u0113ju t\u012bmek\u013ca vietn\u0113s. Tie\u0161saist\u0113 par HGFAA tie\u0161saist\u0113 izteiku\u0161ies to p\u0101rv\u0101c\u0113ju viedok\u013ci, kuri to ir iek\u013c\u0101vu\u0161i sav\u0101s t\u012bmek\u013ca vietn\u0113s, galvenok\u0101rt uzsver asoci\u0101cijas glob\u0101lo raksturu un t\u0101s ap\u0146em\u0161anos iev\u0113rot augstus pakalpojumu standartus.<\/p>\n<p><a href=\"http:\/\/www.bloomberg.com\/profiles\/companies\/0774891D:US-household-goods-forwarders-association-of-america\" target=\"_blank\" rel=\"noopener\">Bloomberg piev\u0113r\u0161 uzman\u012bbu<\/a> par nozares p\u0101rst\u0101v\u012bbu, par to, ka t\u0101 darbojas k\u0101 sakaru t\u012bkls un m\u0101c\u012bbu centrs, k\u0101 ar\u012b par m\u0101c\u012bbu, resursu, publik\u0101ciju un ieteikumu pakalpojumu bag\u0101t\u012bbu.<\/p>\n<blockquote><p>HHGFAA ir glob\u0101la ekspeditoru un p\u0101rvad\u0101t\u0101ju asoci\u0101cija, kuras m\u0113r\u0137is ir nodro\u0161in\u0101t klientiem visaugst\u0101k\u0101 l\u012bme\u0146a pakalpojumus.<\/p><\/blockquote>\n<p>- <a href=\"http:\/\/www.amjbc.ca\/international-moving-services\/\" target=\"_blank\" rel=\"noopener\">AMJ Campbell P\u0101rcel\u0161an\u0101s vis\u0101 pasaul\u0113<\/a><\/p>\n<p><strong>T\u012bmek\u013ca vietne:<\/strong> <a href=\"http:\/\/www.hhgfaa.org\/\" target=\"_blank\" rel=\"noopener\">http:\/\/www.hhgfaa.org\/<\/a><\/p>","protected":false},"excerpt":{"rendered":"<p>The Household Goods Forwarders Association of America (HGFAA) describes itself as a global association of movers who are committed to ensuring that customers receive the best possible service during their move. It has now been replaced by the International Association of Movers (IAM), although several movers still list it on their websites. Key facts about [&hellip;]<\/p>\n","protected":false},"author":1,"featured_media":0,"parent":0,"menu_order":0,"comment_status":"closed","ping_status":"closed","template":"","meta":{"_genesis_hide_title":false,"_genesis_hide_breadcrumbs":false,"_genesis_hide_singular_image":false,"_genesis_hide_footer_widgets":false,"_genesis_custom_body_class":"","_genesis_custom_post_class":"","_genesis_layout":"","footnotes":""},"class_list":{"0":"post-437","1":"page","2":"type-page","3":"status-publish","5":"entry"},"_links":{"self":[{"href":"https:\/\/moverdb.com\/lv\/wp-json\/wp\/v2\/pages\/437","targetHints":{"allow":["GET"]}}],"collection":[{"href":"https:\/\/moverdb.com\/lv\/wp-json\/wp\/v2\/pages"}],"about":[{"href":"https:\/\/moverdb.com\/lv\/wp-json\/wp\/v2\/types\/page"}],"author":[{"embeddable":true,"href":"https:\/\/moverdb.com\/lv\/wp-json\/wp\/v2\/users\/1"}],"replies":[{"embeddable":true,"href":"https:\/\/moverdb.com\/lv\/wp-json\/wp\/v2\/comments?post=437"}],"version-history":[{"count":12,"href":"https:\/\/moverdb.com\/lv\/wp-json\/wp\/v2\/pages\/437\/revisions"}],"predecessor-version":[{"id":6221,"href":"https:\/\/moverdb.com\/lv\/wp-json\/wp\/v2\/pages\/437\/revisions\/6221"}],"wp:attachment":[{"href":"https:\/\/moverdb.com\/lv\/wp-json\/wp\/v2\/media?parent=437"}],"curies":[{"name":"wp","href":"https:\/\/api.w.org\/{rel}","templated":true}]}}