{"id":436,"date":"2016-06-12T14:04:20","date_gmt":"2016-06-12T14:04:20","guid":{"rendered":"http:\/\/moverdb.com\/?page_id=436"},"modified":"2026-01-08T14:47:42","modified_gmt":"2026-01-08T14:47:42","slug":"aima","status":"publish","type":"page","link":"https:\/\/moverdb.com\/lv\/aima\/","title":{"rendered":"Austr\u0101lijas Starptautisko P\u0101rv\u0101c\u0113ju asoci\u0101cijas (AIMA) skaidrojums"},"content":{"rendered":"<p>Austr\u0101lijas Starptautisko P\u0101rv\u0101c\u0113ju asoci\u0101cija (AIMA) sevi raksturo k\u0101 profesion\u0101lu forumu, kas darbojas <a href=\"https:\/\/moverdb.com\/lv\/international-removals\/\" data-internallinksmanager029f6b8e52c=\"27\" title=\"36 Lab\u0101kie starptautisko p\u0101rvad\u0101jumu uz\u0146\u0113mumi Apvienotaj\u0101 Karalist\u0113\">starptautisk\u0101 p\u0101rcel\u0161an\u0101s<\/a> nozare. Locek\u013ciem j\u0101b\u016bt <a href=\"https:\/\/moverdb.com\/lv\/fidi-faim\/\">FIDI\/FAIM<\/a> vai atbilst stingriem dal\u012bbas krit\u0113rijiem, tostarp finan\u0161u integrit\u0101tes pras\u012bb\u0101m.<\/p>\n<p><strong>Svar\u012bg\u0101kie fakti par AIMA:<\/strong><\/p>\n<ol>\n<li>  T\u0101 tika izveidota 1975. gad\u0101.<\/li>\n<li>  Taj\u0101 ir aptuveni 60 biedru <a href=\"https:\/\/moverdb.com\/lv\/moving-to-australia\/living-in-australia\/\" data-internallinksmanager029f6b8e52c=\"240\" title=\"21 nosl\u0113pums par dz\u012bvi Austr\u0101lij\u0101, kas j\u0101zina pirms p\u0101rcel\u0161an\u0101s\">Austr\u0101lija<\/a>.<\/li>\n<li>  AIMA p\u0101rst\u0101v Austr\u0101lijas p\u0101rv\u0101k\u0161an\u0101s industriju un nepiesaista biedrus no cit\u0101m valst\u012bm. Tom\u0113r t\u0101 aptver Austr\u0101lijas uz\u0146\u0113mumus, kas veic <a href=\"https:\/\/moverdb.com\/lv\/parvietojas-uznemumi\/\">starptautiskie p\u0101rvadi<\/a>.<\/li>\n<li>  T\u0101 ir atz\u012bta par <a href=\"https:\/\/moverdb.com\/lv\/fidi-faim\/\" data-internallinksmanager029f6b8e52c=\"16\" title=\"FIDI un FAIM (FIDI akredit\u0113tais starptautiskais p\u0101rvietot\u0101js) skaidrojums\">FIDI<\/a> Asoci\u0101cija Austr\u0101lij\u0101.<\/li>\n<li>  Locek\u013ciem nav j\u0101b\u016bt FIDI\/FAIM sertifik\u0101tiem, lai pievienotos.<\/li>\n<li>  AIMA p\u0101rst\u0101v FIDI saist\u012bt\u0101s <a href=\"https:\/\/moverdb.com\/lv\/moving-companies\/australia-moving-companies\/\" data-internallinksmanager029f6b8e52c=\"176\" title=\"17 Lab\u0101kie starptautisk\u0101s p\u0101rcel\u0161an\u0101s uz\u0146\u0113mumi Austr\u0101lij\u0101\">P\u0101rvietot\u0101ji Austr\u0101lij\u0101<\/a> k\u0101 \"FIDI asoci\u0101cija\" un katru gadu s\u016bta deleg\u0101tus uz FIDI kongresu un \u0122ener\u0101lo asambleju.<\/li>\n<\/ol>\n<p><strong>Austr\u0101lijas Starptautisko p\u0101rv\u0101c\u0113ju asoci\u0101cijas profils:<\/strong><\/p>\n<p>AIMA misija ir \u013caut Austr\u0101lijas p\u0101rv\u0101k\u0161an\u0101s nozarei pa\u0161ai sevi p\u0101rvald\u012bt, uzlabot savus pakalpojumus, nodro\u0161in\u0101t klientiem lab\u0101kus pakalpojumus, aizsarg\u0101t sabiedr\u012bbas intereses un nodro\u0161in\u0101t nozares p\u0101rst\u0101vjiem iesp\u0113ju vienoti sadarboties ar vald\u012bbu. <\/p>\n<p>AIMA nodro\u0161ina ar\u012b neatkar\u012bgu str\u012bdu tribun\u0101lu. T\u0101 ir atz\u012bt\u0101 FIDI asoci\u0101cija Austr\u0101lij\u0101, kas noz\u012bm\u0113, ka kustamo mantu p\u0101rved\u0113ji ar FIDI\/FAIM ir autom\u0101tiski ties\u012bgi pievienoties AIMA. Austr\u0101lijas <a href=\"https:\/\/moverdb.com\/lv\/moving-companies\/\" data-internallinksmanager029f6b8e52c=\"79\" title=\"Top 25 Starptautiskie p\u0101rcel\u0161an\u0101s uz\u0146\u0113mumi tie\u0161saist\u0113\">P\u0101rvieto\u0161an\u0101s uz\u0146\u0113mumi<\/a> bez FAIM joproj\u0101m ir ties\u012bgi k\u013c\u016bt par AIMA biedriem, ta\u010du vi\u0146iem ir j\u0101atbilst krit\u0113rijiem, kas nosaka vi\u0146u speci\u0101l\u0101s zin\u0101\u0161anas, resursus, pieredzi un finansi\u0101lo st\u0101vokli. <\/p>\n<p>Tikai AIMA biedriem ir saisto\u0161s AIMA str\u012bdu izskat\u012b\u0161anas process.<\/p>\n<p><strong>Dal\u012bbas krit\u0113riji:<\/strong><\/p>\n<p>AIMA stingrie dal\u012bbas krit\u0113riji ietver darb\u012bbas sp\u0113ju un finansi\u0101l\u0101s integrit\u0101tes p\u0101rbaudi. S\u012bk\u0101ka inform\u0101cija par \u0161iem krit\u0113rijiem t\u012bmek\u013ca vietn\u0113 nav pieejama.<\/p>\n<p>Uz\u0146\u0113mumiem, kas jau ir FIDI\/FAIM biedri, autom\u0101tiski ir ties\u012bbas uz dal\u012bbu.<\/p>\n<p><strong>Dal\u012bbfirmas<\/strong><\/p>\n<ul>\n<li> <a href=\"https:\/\/moverdb.com\/lv\/conroy-removals\/\">Conroy Removals<\/a><\/li>\n<\/ul>\n<p><strong>Viedok\u013ci par AIMA:<\/strong><\/p>\n<p>AIMA tiek uzskat\u012bta par vienu no daudzaj\u0101m starptautisko p\u0101rv\u0101c\u0113ju organiz\u0101cij\u0101m, kas sniedz p\u0101rliec\u012bbu, ka p\u0101rv\u0101k\u0161an\u0101s tiks veikta atbilsto\u0161i visaugst\u0101kajiem iesp\u0113jamiem standartiem. T\u0101 ir apliecin\u0101jums, ka p\u0101rv\u0101k\u0161an\u0101s uz\u0146\u0113mums ir atbilsto\u0161i kvalific\u0113ts un ir inform\u0113ts par viet\u0113jo lab\u0101ko praksi. <\/p>\n<p>Vair\u0101ki uz\u0146\u0113mumi sav\u0101s t\u012bmek\u013ca vietn\u0113s nor\u0101da AIMA k\u0101 starptautisku akredit\u0101ciju, kas ir kvalit\u0101tes z\u012bme l\u012bdz\u0101s cit\u0101m, piem\u0113ram, FIDI. Tom\u0113r AIMA darb\u012bbas joma ir diezgan ierobe\u017eota, jo tai nav tik daudz biedru k\u0101 da\u017e\u0101m l\u012bdz\u012bg\u0101m organiz\u0101cij\u0101m cit\u0101s valst\u012bs.<\/p>\n<p>Ir <a href=\"http:\/\/vandijktrack.com\/mim\/\" target=\"_blank\" rel=\"noopener\">viena negat\u012bva t\u012bmek\u013ca vietne<\/a> kas nor\u0101da, ka klienti ir str\u012bd\u0101 ar AIMA biedriem un ka str\u012bda rezult\u0101ta sa\u0146em\u0161ana ir pras\u012bjusi ilg\u0101ku laiku. <\/p>\n<p>\u0160\u012b persona nor\u0101da, ka t\u0101 neuztvertu AIMA akredit\u0101ciju p\u0101r\u0101k nopietni k\u0101 kvalit\u0101tes r\u0101d\u012bt\u0101ju. Tom\u0113r t\u012bmek\u013ca vietn\u0113 ir ar\u012b nor\u0101d\u012bts, ka AIMA ir sniegusi vi\u0146iem pal\u012bdz\u012bbu, un \u0161\u0137iet, ka str\u012bds nav atjaunin\u0101ts kop\u0161 2010. gada, kas nor\u0101da, ka tas ir ticis risin\u0101ts.<\/p>\n<blockquote><p>T\u0101p\u0113c sabiedr\u012bbas locek\u013ci, kuri izv\u0113las AIMA biedru, lai veiktu starptautisko p\u0101rcel\u0161anos, var to dar\u012bt ar p\u0101rliec\u012bbu.<\/p><\/blockquote>\n<p>- <a href=\"http:\/\/www.ossworldwidemovers.com\/australian-international-movers-association\" target=\"_blank\" rel=\"noopener\">OSS World Wide Movers<\/a><\/p>\n<blockquote><p>Austr\u0101lijas Starptautisko P\u0101rv\u0101c\u0113ju asoci\u0101cija (AIMA) - nodro\u0161ina, ka t\u0101s locek\u013ci ir atbilsto\u0161i kvalific\u0113ti un atbilst jaun\u0101kajai nozares paraugpraksei.<\/p><\/blockquote>\n<p>- <a href=\"http:\/\/www.internationalremovalsaustralia.com.au\/why-choose-us\" target=\"_blank\" rel=\"noopener\">KeysBros Moving Solutions<\/a><\/p>\n<p><strong>T\u012bmek\u013ca vietne:<\/strong> <a href=\"http:\/\/aima.com.au\/\" target=\"_blank\" rel=\"noopener\">http:\/\/aima.com.au\/<\/a><\/p>\n<h2>Citi noder\u012bgi ce\u013cve\u017ei uz Austr\u0101liju<\/h2>\n<ul>\n<li> <a href=\"https:\/\/moverdb.com\/lv\/konteineru-parvadajumi\/australija\/\">2024 J\u016bras kravu p\u0101rvad\u0101jumu konteineru p\u0101rvad\u0101jumu cenas uz un no Austr\u0101lijas<\/a><\/li>\n<li> <a href=\"https:\/\/moverdb.com\/lv\/parvietojas-uznemumi\/australija-2\/\">17 Lab\u0101kie starptautisk\u0101s p\u0101rcel\u0161an\u0101s uz\u0146\u0113mumi Austr\u0101lij\u0101<\/a><\/li>\n<li> <a href=\"https:\/\/moverdb.com\/lv\/labakie-starptautiskie-naudas-parvedumu-pakalpojumi\/money-transfer-companies-australia\/\">10 Lab\u0101kie naudas p\u0101rvedumu uz\u0146\u0113mumi Austr\u0101lij\u0101<\/a><\/li>\n<li> <a href=\"https:\/\/moverdb.com\/lv\/parcelsanas-uz-australiju\/\">P\u0101rcel\u0161an\u0101s uz Austr\u0101liju? 2024 Dz\u012bves izmaksas un p\u0101rcel\u0161an\u0101s padomi<\/a><\/li>\n<li> <a href=\"https:\/\/moverdb.com\/lv\/parcelsanas-uz-australiju\/best-places-to-live-australia\/\">13 lab\u0101k\u0101s dz\u012bvesvietas Austr\u0101lij\u0101<\/a><\/li>\n<li> <a href=\"https:\/\/moverdb.com\/lv\/parcelsanas-uz-australiju\/living-in-australia\/\">21 nosl\u0113pums par dz\u012bvi Austr\u0101lij\u0101, kas j\u0101zina pirms p\u0101rcel\u0161an\u0101s<\/a><\/li>\n<li> <a href=\"https:\/\/moverdb.com\/lv\/parcelsanas-uz-australiju\/moving-to-perth\/\">P\u0101rcel\u0161an\u0101s uz P\u0113rtu? 2024 Dz\u012bves izmaksas un p\u0101rcel\u0161an\u0101s padomi<\/a><\/li>\n<li> <a href=\"https:\/\/moverdb.com\/lv\/parcelsanas-uz-australiju\/moving-to-australia-from-the-us\/\">P\u0101rcel\u0161an\u0101s uz Austr\u0101liju no Amerikas Savienotaj\u0101m Valst\u012bm<\/a><\/li>\n<li> <a href=\"https:\/\/moverdb.com\/lv\/konteineru-parvadajumi\/to-australia-from-the-united-states\/\">Konteineru p\u0101rvad\u0101jumi uz Austr\u0101liju no Amerikas Savienotaj\u0101m Valst\u012bm Izmaksas<\/a><\/li>\n<li> <a href=\"https:\/\/moverdb.com\/lv\/parcelsanas-uz-australiju\/moving-to-australia-from-the-uk\/\">P\u0101rcel\u0161an\u0101s uz Austr\u0101liju no Apvienot\u0101s Karalistes<\/a><\/li>\n<li> <a href=\"https:\/\/moverdb.com\/lv\/konteineru-parvadajumi\/to-australia-from-the-uk\/\">Konteineru p\u0101rvad\u0101jumi uz Austr\u0101liju no Apvienot\u0101s Karalistes Izmaksas un laiki<\/a><\/li>\n<li> <a href=\"https:\/\/moverdb.com\/lv\/parcelsanas-uz-australiju\/moving-to-australia-from-bahrain\/\">P\u0101rcel\u0161an\u0101s uz Austr\u0101liju no Bahreinas<\/a><\/li>\n<li> <a href=\"https:\/\/moverdb.com\/lv\/parcelsanas-uz-australiju\/moving-to-australia-from-the-uae\/\">P\u0101rcel\u0161an\u0101s uz Austr\u0101liju no Dubaijas un AAE<\/a><\/li>\n<li> <a href=\"https:\/\/moverdb.com\/lv\/konteineru-parvadajumi\/to-australia-from-dubai\/\">Konteineru p\u0101rvad\u0101jumi uz Austr\u0101liju no Dubaijas Izmaksas un laiki<\/a><\/li>\n<li> <a href=\"https:\/\/moverdb.com\/lv\/konteineru-parvadajumi\/to-australia-from-uae\/\">Konteineru p\u0101rvad\u0101jumi uz Austr\u0101liju no AAE Izmaksas un laiki<\/a><\/li>\n<li> <a href=\"https:\/\/moverdb.com\/lv\/parcelsanas-uz-australiju\/moving-to-australia-from-kuwait\/\">P\u0101rcel\u0161an\u0101s uz Austr\u0101liju no Kuveitas<\/a><\/li>\n<li> <a href=\"https:\/\/moverdb.com\/lv\/parcelsanas-uz-australiju\/moving-to-australia-from-qatar\/\">P\u0101rcel\u0161an\u0101s uz Austr\u0101liju no Kataras<\/a><\/li>\n<li> <a href=\"https:\/\/moverdb.com\/lv\/konteineru-parvadajumi\/to-australia-from-qatar\/\">Konteineru p\u0101rvad\u0101jumi uz Austr\u0101liju no Kataras Izmaksas un laiki<\/a><\/li>\n<li> <a href=\"https:\/\/moverdb.com\/lv\/parcelsanas-uz-australiju\/moving-to-australia-from-singapore\/\">P\u0101rcel\u0161an\u0101s uz Austr\u0101liju no Singap\u016bras<\/a><\/li>\n<li> <a href=\"https:\/\/moverdb.com\/lv\/konteineru-parvadajumi\/to-australia-from-singapore\/\">Konteineru p\u0101rvad\u0101jumi uz Austr\u0101liju no Singap\u016bras Izmaksas un laiki<\/a><\/li>\n<li> <a href=\"https:\/\/moverdb.com\/lv\/parcelsanas-uz-australiju\/moving-to-australia-from-south-africa\/\">P\u0101rcel\u0161an\u0101s uz Austr\u0101liju no Dienvid\u0101frikas<\/a><\/li>\n<li> <a href=\"https:\/\/moverdb.com\/lv\/konteineru-parvadajumi\/to-australia-from-canada\/\">Konteineru p\u0101rvad\u0101jumi uz Austr\u0101liju no Kan\u0101das Izmaksas<\/a><\/li>\n<li> <a href=\"https:\/\/moverdb.com\/lv\/konteineru-parvadajumi\/to-australia-from-new-zealand\/\">Konteineru p\u0101rvad\u0101jumi uz Austr\u0101liju no Jaunz\u0113landes Izmaksas<\/a><\/li>\n<li> <a href=\"https:\/\/moverdb.com\/lv\/parcelsanas-uz-australiju\/moving-to-hobart\/\">P\u0101rcel\u0161an\u0101s uz Hob\u0101rtu? 2024 Dz\u012bves izmaksas un p\u0101rcel\u0161an\u0101s padomi<\/a><\/li>\n<li> <a href=\"https:\/\/moverdb.com\/lv\/parcelsanas-uz-australiju\/moving-to-gold-coast\/\">P\u0101rcel\u0161an\u0101s uz Gold Coast? 2024 Dz\u012bves izmaksas un p\u0101rcel\u0161an\u0101s padomi<\/a><\/li>\n<li> <a href=\"https:\/\/moverdb.com\/lv\/parcelsanas-uz-australiju\/moving-to-melbourne\/\">P\u0101rcel\u0161an\u0101s uz Melburnu? 2024 Dz\u012bves izmaksas un p\u0101rcel\u0161an\u0101s padomi<\/a><\/li>\n<\/ul>","protected":false},"excerpt":{"rendered":"<p>The Australian International Movers Association (AIMA) describes itself as a professional forum for the international removals industry. Members must hold FIDI\/FAIM or meet strict membership criteria, including requirements for financial integrity. Key facts about AIMA: It was established in 1975. It has around 60 members in Australia. AIMA represents the moving industry in Australia and [&hellip;]<\/p>\n","protected":false},"author":1,"featured_media":0,"parent":0,"menu_order":0,"comment_status":"closed","ping_status":"closed","template":"","meta":{"_genesis_hide_title":false,"_genesis_hide_breadcrumbs":false,"_genesis_hide_singular_image":false,"_genesis_hide_footer_widgets":false,"_genesis_custom_body_class":"","_genesis_custom_post_class":"","_genesis_layout":"","footnotes":""},"class_list":{"0":"post-436","1":"page","2":"type-page","3":"status-publish","5":"entry"},"_links":{"self":[{"href":"https:\/\/moverdb.com\/lv\/wp-json\/wp\/v2\/pages\/436","targetHints":{"allow":["GET"]}}],"collection":[{"href":"https:\/\/moverdb.com\/lv\/wp-json\/wp\/v2\/pages"}],"about":[{"href":"https:\/\/moverdb.com\/lv\/wp-json\/wp\/v2\/types\/page"}],"author":[{"embeddable":true,"href":"https:\/\/moverdb.com\/lv\/wp-json\/wp\/v2\/users\/1"}],"replies":[{"embeddable":true,"href":"https:\/\/moverdb.com\/lv\/wp-json\/wp\/v2\/comments?post=436"}],"version-history":[{"count":9,"href":"https:\/\/moverdb.com\/lv\/wp-json\/wp\/v2\/pages\/436\/revisions"}],"predecessor-version":[{"id":17998,"href":"https:\/\/moverdb.com\/lv\/wp-json\/wp\/v2\/pages\/436\/revisions\/17998"}],"wp:attachment":[{"href":"https:\/\/moverdb.com\/lv\/wp-json\/wp\/v2\/media?parent=436"}],"curies":[{"name":"wp","href":"https:\/\/api.w.org\/{rel}","templated":true}]}}