{"id":435,"date":"2016-06-12T14:17:13","date_gmt":"2016-06-12T14:17:13","guid":{"rendered":"http:\/\/moverdb.com\/?page_id=435"},"modified":"2026-01-08T14:47:40","modified_gmt":"2026-01-08T14:47:40","slug":"afra","status":"publish","type":"page","link":"https:\/\/moverdb.com\/lv\/afra\/","title":{"rendered":"Austr\u0101lijas M\u0113be\u013cu p\u0101rv\u0101c\u0113ju asoci\u0101cijas (AFRA) skaidrojumi"},"content":{"rendered":"<p>Austr\u0101lijas M\u0113be\u013cu p\u0101rv\u0101c\u0113ju asoci\u0101cija (AFRA) sevi raksturo gan k\u0101 p\u0101rv\u0101k\u0161an\u0101s nozares p\u0101rst\u0101vi, gan k\u0101 t\u0101s regulatoru. <a href=\"https:\/\/moverdb.com\/lv\/moving-to-australia\/living-in-australia\/\" data-internallinksmanager029f6b8e52c=\"240\" title=\"21 nosl\u0113pums par dz\u012bvi Austr\u0101lij\u0101, kas j\u0101zina pirms p\u0101rcel\u0161an\u0101s\">Austr\u0101lija<\/a>. <\/p>\n<p>Tam ir pla\u0161s \u0123eogr\u0101fiskais p\u0101rkl\u0101jums Austr\u0101lij\u0101, un tas bie\u017ei tiek min\u0113ts k\u0101 kvalit\u0101tes z\u012bme.<\/p>\n<p><strong>Svar\u012bg\u0101kie fakti par AFRA:<\/strong><\/p>\n<ol>\n<li>  Pa\u0161laik AFRA biedri ir aptuveni 350 m\u0113be\u013cu p\u0101rve\u0161anas un saist\u012btie uz\u0146\u0113mumi.<\/li>\n<li>  AFRA biedri aptver gandr\u012bz visus Austr\u0101lijas re\u0123ionus, bet ne starptautiskas vietas.<\/li>\n<li>  Rev\u012bzija ir kaut kas t\u0101ds, kas AFRA biedriem ir regul\u0101ri j\u0101veic. S\u0101kotn\u0113j\u0101 rev\u012bzija tiek veikta, iesniedzot dal\u012bbas pieteikumu, p\u0113c tam 12 m\u0113ne\u0161us p\u0113c uz\u0146em\u0161anas tiek veikta rev\u012bzija un p\u0113c tam reizi \u010detros gados tiek veikta rev\u012bzija. Ja rev\u012bzij\u0101 atkl\u0101jas, ka biedri neiev\u0113ro pamatpras\u012bbas, tad ir noteikts 21 dienas termi\u0146\u0161, kur\u0101 tas j\u0101nov\u0113r\u0161, pirms AFRA var v\u0113rsties pret biedriem ar disciplin\u0101rsodiem.<\/li>\n<li>  AFRA biedru skaits ir daudzveid\u012bgs, s\u0101kot no maziem vienas kravas automa\u0161\u012bnas \u012bpa\u0161nieka vad\u012btiem uz\u0146\u0113mumiem l\u012bdz lieliem starptautiskiem uz\u0146\u0113mumiem ar daudz\u0101m fili\u0101l\u0113m gan Austr\u0101lij\u0101, gan citviet pasaul\u0113. <a href=\"https:\/\/moverdb.com\/lv\/parvietojas-uznemumi\/\">\u0101rzem\u0113s<\/a>.<\/li>\n<li>  AFRA ir noteiktas pamatpras\u012bbas, kas j\u0101izpilda biedriem, un t\u0101s ir visaptvero\u0161as, un attiecas uz visu, s\u0101kot no telp\u0101m l\u012bdz person\u0101lam, transportl\u012bdzek\u013ciem, apr\u012bkojumam un apdro\u0161in\u0101\u0161anai.<\/li>\n<li>  Ja s\u016bdz\u012bbas vai pretenzijas neizdodas atrisin\u0101t dal\u012bbniekiem, klients t\u0101s var nodot AFRA.<\/li>\n<li>  Visiem AFRA biedriem ir civiltiesisk\u0101s atbild\u012bbas apdro\u0161in\u0101\u0161ana, un vi\u0146i ir pilnvaroti apdro\u0161in\u0101t visu p\u0101rvietoto pre\u010du un priek\u0161metu tranz\u012btu.<\/li>\n<\/ol>\n<p><strong>Austr\u0101lijas M\u0113be\u013cu p\u0101rv\u0101c\u0113ju asoci\u0101cijas profils:<\/strong><\/p>\n<p>AFRA ir ofici\u0101la p\u0101rv\u0101k\u0161an\u0101s ekspertu organiz\u0101cija, kas nodro\u0161ina akredit\u0101ciju biedriem, kuri mekl\u0113 uzticamu kvalit\u0101tes z\u012bmi, ko par\u0101d\u012bt pat\u0113r\u0113t\u0101jiem. <\/p>\n<p>Tikai tie p\u0101rv\u0101c\u0113ji, kuriem ir atbilsto\u0161s apr\u012bkojums, transportl\u012bdzek\u013ci, telpas un darbinieki, kas ir apm\u0101c\u012bti profesion\u0101lai p\u0101rv\u0101k\u0161an\u0101s veik\u0161anai, sa\u0146ems AFRA biedra akredit\u0101ciju. P\u0113c akredit\u0101cijas sa\u0146em\u0161anas organiz\u0101cija turpina nov\u0113rt\u0113t savus biedrus, lai nodro\u0161in\u0101tu, ka standarti nav pazemin\u0101ju\u0161ies. <\/p>\n<p>AFRA izvirz\u012bt\u0101s pras\u012bbas t\u0101s biedriem ir paredz\u0113tas tam, lai p\u0101rcel\u0161an\u0101s nozare k\u013c\u016btu pat\u0113r\u0113t\u0101jiem lab\u0101ka, piem\u0113ram, attiec\u012bb\u0101 uz finansi\u0101lo aizsardz\u012bbu un labu apkalpo\u0161anu. AFRA pied\u0101v\u0101 dal\u012bbu tikai Austr\u0101lijas uz\u0146\u0113mumiem, bet tie var apkalpot klientus, kas p\u0101rce\u013cas Austr\u0101lij\u0101 vai cit\u0101s valst\u012bs. <a href=\"https:\/\/moverdb.com\/lv\/starptautiskie-parvaksanas-darbi\/\">\u0101rzem\u0113s<\/a>. <\/p>\n<p>K\u0101 da\u013cu no dal\u012bbas priek\u0161roc\u012bb\u0101m AFRA saviem biedriem pied\u0101v\u0101 apm\u0101c\u012bbas, inform\u0101ciju un nor\u0101d\u012bjumus, k\u0101 ar\u012b sniedz inform\u0101ciju par jaun\u0101kaj\u0101m zi\u0146\u0101m un izmai\u0146\u0101m, kas ietekm\u0113 nozari.<\/p>\n<p><strong>Dal\u012bbas krit\u0113riji:<\/strong><\/p>\n<p>Dal\u012bbas krit\u0113riji nav nor\u0101d\u012bti t\u012bmek\u013ca vietn\u0113, bet gan pieteikuma veidlap\u0101 (kas ar\u012b nav pieejama t\u012bmek\u013ca vietn\u0113). Dal\u012bbas paketi var sa\u0146emt no <a href=\"mailto:admin@afra.com.au\">admin@afra.com.au<\/a>.<\/p>\n<p>Pirms dal\u012bbas pie\u0161\u0137ir\u0161anas katr\u0101 uz\u0146\u0113mum\u0101 tiek veikta rev\u012bzija.<\/p>\n<p><strong>Dal\u012bbfirmas<\/strong><\/p>\n<ul>\n<li> <a href=\"https:\/\/moverdb.com\/lv\/conroy-removals\/\">Conroy Removals<\/a><\/li>\n<\/ul>\n<p><strong>Viedok\u013ci par AFRA:<\/strong><\/p>\n<p>AFRA tiek uzskat\u012bta par kvalitat\u012bva uz\u0146\u0113muma r\u0101d\u012bt\u0101ju, un vald\u012bbas t\u012bmek\u013ca vietn\u0113s ir ieteikts k\u0101 veids, k\u0101 p\u0101rliecin\u0101ties, ka p\u0101rv\u0101c\u0113jam ir piem\u0113roti resursi, standarti un prasmes, lai veiktu p\u0101rv\u0101k\u0161anos. <\/p>\n<p>Par svar\u012bgu tiek uzskat\u012bts tas, ka AFRA apstiprina tikai tos, kas sp\u0113j profesion\u0101li veikt p\u0101rcel\u0161anos, k\u0101 ar\u012b tas, ka AFRA biedriem ir j\u0101b\u016bt nodro\u0161in\u0101tiem ar aizsardz\u012bbu, piem\u0113ram, da\u017e\u0101d\u0101m apdro\u0161in\u0101\u0161anas polis\u0113m. <\/p>\n<p>Tiek uzsv\u0113rts, ka, ja uz\u0146\u0113mums ir AFRA biedrs, tas dod t\u0101 klientiem iesp\u0113ju piek\u013c\u016bt AFRA inform\u0101cijai un g\u016bt p\u0101rliec\u012bbu par str\u012bdu iz\u0161\u0137ir\u0161anas pakalpojumu. Tie\u0161saistes atzinum\u0101 uzsv\u0113rts, ka \"visas liel\u0101k\u0101s valsts <a href=\"https:\/\/moverdb.com\/lv\/international-removals\/\" data-internallinksmanager029f6b8e52c=\"27\" title=\"36 Lab\u0101kie starptautisko p\u0101rvad\u0101jumu uz\u0146\u0113mumi Apvienotaj\u0101 Karalist\u0113\">p\u0101rv\u0101k\u0161an\u0101s uz\u0146\u0113mumi<\/a> ir uztic\u012bgi AFRA ide\u0101lam.\" <\/p>\n<p>Viens no padomiem, k\u0101 p\u0101rvietoties, ir izmantot AFRA biedru p\u0101rvieto\u0161anas l\u012bdzekli. <a href=\"https:\/\/www.allianz.com.au\/home-insurance\/news\/6-tips-on-how-to-hire-the-best-removalists\" target=\"_blank\" rel=\"noopener\">liels finan\u0161u pakalpojumu uz\u0146\u0113mums<\/a>, kur\u0101 nor\u0101d\u012bts, ka Austr\u0101lijas ties\u012bbu akti neprasa, lai p\u0101rvietot\u0101jiem b\u016btu apdro\u0161in\u0101\u0161ana, bet AFRA to pieprasa. T\u0101 ar\u012b nov\u0113rt\u0113 to, ka AFRA biedri b\u016bs inform\u0113ti par jaun\u0101kaj\u0101m tendenc\u0113m un iev\u0113ros minim\u0101los standartus.<\/p>\n<blockquote><p>P\u0101rv\u0101k\u0161an\u0101s speci\u0101listiem, kurus akredit\u0113jusi AFRA, j\u0101atbilst noteiktiem standartiem attiec\u012bb\u0101 uz apr\u012bkojumu, transportl\u012bdzek\u013ciem, telp\u0101m un person\u0101la apm\u0101c\u012bbu, kas nepiecie\u0161ama profesion\u0101lai p\u0101rv\u0101k\u0161an\u0101s veik\u0161anai.<\/p><\/blockquote>\n<p>- <a href=\"http:\/\/www.fairtrading.nsw.gov.au\/ftw\/Consumers\/Buying_services\/Hiring_a_removalist.page\" target=\"_blank\" rel=\"noopener\">Nacion\u0101l\u0101s Dienvidzviedrijas \u0161tata vald\u012bba<\/a><\/p>\n<blockquote><p>AFRA ir ofici\u0101la Austr\u0101lijas p\u0101rv\u0101k\u0161an\u0101s ekspertu organiz\u0101cija, kas pal\u012bdz regul\u0113t p\u0101rv\u0101k\u0161an\u0101s nozari. AFRA akredit\u0113 tikai tos p\u0101rv\u0101k\u0161an\u0101s speci\u0101listus, kuriem ir nepiecie\u0161amais apr\u012bkojums, transportl\u012bdzek\u013ci, telpas un person\u0101la apm\u0101c\u012bba, lai veiktu profesion\u0101lu p\u0101rv\u0101k\u0161anos.<\/p><\/blockquote>\n<p>- <a href=\"http:\/\/www.ashtons.com.au\/afra-accreditation.html\" target=\"_blank\" rel=\"noopener\">Ashtons Removals<\/a><\/p>\n<p><strong>T\u012bmek\u013ca vietne:<\/strong> <a href=\"http:\/\/www.afra.com.au\/\" target=\"_blank\" rel=\"noopener\">http:\/\/www.afra.com.au\/<\/a><\/p>\n<h2>Citi noder\u012bgi ce\u013cve\u017ei uz Austr\u0101liju<\/h2>\n<ul>\n<li> <a href=\"https:\/\/moverdb.com\/lv\/konteineru-parvadajumi\/australija\/\">2024 J\u016bras kravu p\u0101rvad\u0101jumu konteineru p\u0101rvad\u0101jumu cenas uz un no Austr\u0101lijas<\/a><\/li>\n<li> <a href=\"https:\/\/moverdb.com\/lv\/parvietojas-uznemumi\/australija-2\/\">17 Lab\u0101kie starptautisk\u0101s p\u0101rcel\u0161an\u0101s uz\u0146\u0113mumi Austr\u0101lij\u0101<\/a><\/li>\n<li> <a href=\"https:\/\/moverdb.com\/lv\/labakie-starptautiskie-naudas-parvedumu-pakalpojumi\/money-transfer-companies-australia\/\">10 Lab\u0101kie naudas p\u0101rvedumu uz\u0146\u0113mumi Austr\u0101lij\u0101<\/a><\/li>\n<li> <a href=\"https:\/\/moverdb.com\/lv\/parcelsanas-uz-australiju\/\">P\u0101rcel\u0161an\u0101s uz Austr\u0101liju? 2024 Dz\u012bves izmaksas un p\u0101rcel\u0161an\u0101s padomi<\/a><\/li>\n<li> <a href=\"https:\/\/moverdb.com\/lv\/parcelsanas-uz-australiju\/best-places-to-live-australia\/\">13 lab\u0101k\u0101s dz\u012bvesvietas Austr\u0101lij\u0101<\/a><\/li>\n<li> <a href=\"https:\/\/moverdb.com\/lv\/parcelsanas-uz-australiju\/living-in-australia\/\">21 nosl\u0113pums par dz\u012bvi Austr\u0101lij\u0101, kas j\u0101zina pirms p\u0101rcel\u0161an\u0101s<\/a><\/li>\n<li> <a href=\"https:\/\/moverdb.com\/lv\/parcelsanas-uz-australiju\/moving-to-australia-from-the-us\/\">P\u0101rcel\u0161an\u0101s uz Austr\u0101liju no Amerikas Savienotaj\u0101m Valst\u012bm<\/a><\/li>\n<li> <a href=\"https:\/\/moverdb.com\/lv\/konteineru-parvadajumi\/to-australia-from-the-united-states\/\">Konteineru p\u0101rvad\u0101jumi uz Austr\u0101liju no Amerikas Savienotaj\u0101m Valst\u012bm Izmaksas<\/a><\/li>\n<li> <a href=\"https:\/\/moverdb.com\/lv\/parcelsanas-uz-australiju\/moving-to-australia-from-the-uk\/\">P\u0101rcel\u0161an\u0101s uz Austr\u0101liju no Apvienot\u0101s Karalistes<\/a><\/li>\n<li> <a href=\"https:\/\/moverdb.com\/lv\/konteineru-parvadajumi\/to-australia-from-the-uk\/\">Konteineru p\u0101rvad\u0101jumi uz Austr\u0101liju no Apvienot\u0101s Karalistes Izmaksas un laiki<\/a><\/li>\n<li> <a href=\"https:\/\/moverdb.com\/lv\/parcelsanas-uz-australiju\/moving-to-australia-from-bahrain\/\">P\u0101rcel\u0161an\u0101s uz Austr\u0101liju no Bahreinas<\/a><\/li>\n<li> <a href=\"https:\/\/moverdb.com\/lv\/parcelsanas-uz-australiju\/moving-to-australia-from-the-uae\/\">P\u0101rcel\u0161an\u0101s uz Austr\u0101liju no Dubaijas un AAE<\/a><\/li>\n<li> <a href=\"https:\/\/moverdb.com\/lv\/konteineru-parvadajumi\/to-australia-from-dubai\/\">Konteineru p\u0101rvad\u0101jumi uz Austr\u0101liju no Dubaijas Izmaksas un laiki<\/a><\/li>\n<li> <a href=\"https:\/\/moverdb.com\/lv\/konteineru-parvadajumi\/to-australia-from-uae\/\">Konteineru p\u0101rvad\u0101jumi uz Austr\u0101liju no AAE Izmaksas un laiki<\/a><\/li>\n<li> <a href=\"https:\/\/moverdb.com\/lv\/parcelsanas-uz-australiju\/moving-to-australia-from-kuwait\/\">P\u0101rcel\u0161an\u0101s uz Austr\u0101liju no Kuveitas<\/a><\/li>\n<li> <a href=\"https:\/\/moverdb.com\/lv\/parcelsanas-uz-australiju\/moving-to-australia-from-qatar\/\">P\u0101rcel\u0161an\u0101s uz Austr\u0101liju no Kataras<\/a><\/li>\n<li> <a href=\"https:\/\/moverdb.com\/lv\/konteineru-parvadajumi\/to-australia-from-qatar\/\">Konteineru p\u0101rvad\u0101jumi uz Austr\u0101liju no Kataras Izmaksas un laiki<\/a><\/li>\n<li> <a href=\"https:\/\/moverdb.com\/lv\/parcelsanas-uz-australiju\/moving-to-perth\/\">P\u0101rcel\u0161an\u0101s uz P\u0113rtu? 2024 Dz\u012bves izmaksas un p\u0101rcel\u0161an\u0101s padomi<\/a><\/li>\n<li> <a href=\"https:\/\/moverdb.com\/lv\/parcelsanas-uz-australiju\/moving-to-australia-from-singapore\/\">P\u0101rcel\u0161an\u0101s uz Austr\u0101liju no Singap\u016bras<\/a><\/li>\n<li> <a href=\"https:\/\/moverdb.com\/lv\/konteineru-parvadajumi\/to-australia-from-singapore\/\">Konteineru p\u0101rvad\u0101jumi uz Austr\u0101liju no Singap\u016bras Izmaksas un laiki<\/a><\/li>\n<li> <a href=\"https:\/\/moverdb.com\/lv\/parcelsanas-uz-australiju\/moving-to-australia-from-south-africa\/\">P\u0101rcel\u0161an\u0101s uz Austr\u0101liju no Dienvid\u0101frikas<\/a><\/li>\n<li> <a href=\"https:\/\/moverdb.com\/lv\/konteineru-parvadajumi\/to-australia-from-canada\/\">Konteineru p\u0101rvad\u0101jumi uz Austr\u0101liju no Kan\u0101das Izmaksas<\/a><\/li>\n<li> <a href=\"https:\/\/moverdb.com\/lv\/konteineru-parvadajumi\/to-australia-from-new-zealand\/\">Konteineru p\u0101rvad\u0101jumi uz Austr\u0101liju no Jaunz\u0113landes Izmaksas<\/a><\/li>\n<li> <a href=\"https:\/\/moverdb.com\/lv\/parcelsanas-uz-australiju\/moving-to-hobart\/\">P\u0101rcel\u0161an\u0101s uz Hob\u0101rtu? 2024 Dz\u012bves izmaksas un p\u0101rcel\u0161an\u0101s padomi<\/a><\/li>\n<li> <a href=\"https:\/\/moverdb.com\/lv\/parcelsanas-uz-australiju\/moving-to-gold-coast\/\">P\u0101rcel\u0161an\u0101s uz Gold Coast? 2024 Dz\u012bves izmaksas un p\u0101rcel\u0161an\u0101s padomi<\/a><\/li>\n<li> <a href=\"https:\/\/moverdb.com\/lv\/parcelsanas-uz-australiju\/moving-to-melbourne\/\">P\u0101rcel\u0161an\u0101s uz Melburnu? 2024 Dz\u012bves izmaksas un p\u0101rcel\u0161an\u0101s padomi<\/a><\/li>\n<\/ul>","protected":false},"excerpt":{"rendered":"<p>The Australian Furniture Removers Association (AFRA) describes itself both as a representative of, and regulator of, the removals industry in Australia. It has broad geographic reach within Australia and is often cited as a mark of quality. Key facts about the AFRA: Currently, around 350 furniture removal and associated companies are members of AFRA. The [&hellip;]<\/p>\n","protected":false},"author":1,"featured_media":0,"parent":0,"menu_order":0,"comment_status":"closed","ping_status":"closed","template":"","meta":{"_genesis_hide_title":false,"_genesis_hide_breadcrumbs":false,"_genesis_hide_singular_image":false,"_genesis_hide_footer_widgets":false,"_genesis_custom_body_class":"","_genesis_custom_post_class":"","_genesis_layout":"","footnotes":""},"class_list":{"0":"post-435","1":"page","2":"type-page","3":"status-publish","5":"entry"},"_links":{"self":[{"href":"https:\/\/moverdb.com\/lv\/wp-json\/wp\/v2\/pages\/435","targetHints":{"allow":["GET"]}}],"collection":[{"href":"https:\/\/moverdb.com\/lv\/wp-json\/wp\/v2\/pages"}],"about":[{"href":"https:\/\/moverdb.com\/lv\/wp-json\/wp\/v2\/types\/page"}],"author":[{"embeddable":true,"href":"https:\/\/moverdb.com\/lv\/wp-json\/wp\/v2\/users\/1"}],"replies":[{"embeddable":true,"href":"https:\/\/moverdb.com\/lv\/wp-json\/wp\/v2\/comments?post=435"}],"version-history":[{"count":11,"href":"https:\/\/moverdb.com\/lv\/wp-json\/wp\/v2\/pages\/435\/revisions"}],"predecessor-version":[{"id":17997,"href":"https:\/\/moverdb.com\/lv\/wp-json\/wp\/v2\/pages\/435\/revisions\/17997"}],"wp:attachment":[{"href":"https:\/\/moverdb.com\/lv\/wp-json\/wp\/v2\/media?parent=435"}],"curies":[{"name":"wp","href":"https:\/\/api.w.org\/{rel}","templated":true}]}}