{"id":434,"date":"2016-06-05T06:20:47","date_gmt":"2016-06-05T06:20:47","guid":{"rendered":"http:\/\/moverdb.com\/?page_id=434"},"modified":"2026-01-08T14:48:22","modified_gmt":"2026-01-08T14:48:22","slug":"fidi-faim","status":"publish","type":"page","link":"https:\/\/moverdb.com\/lv\/fidi-faim\/","title":{"rendered":"FIDI un FAIM (FIDI akredit\u0113tais starptautiskais p\u0101rvietot\u0101js) skaidrojums"},"content":{"rendered":"<p>FIDI (F\u00e9d\u00e9ration Internationale des D\u00e9m\u00e9nageurs Internationaux; Starptautisko p\u0101rv\u0101c\u0113ju feder\u0101cija) ir starptautisku p\u0101rv\u0101k\u0161an\u0101s un p\u0101rcel\u0161an\u0101s uz\u0146\u0113mumu glob\u0101la jumta organiz\u0101cija. <\/p>\n<p>T\u0101 sevi d\u0113v\u0113 par pasaules m\u0113roga nozares standartu augst\u0101k\u0101s kvalit\u0101tes p\u0101rv\u0101k\u0161an\u0101s pakalpojumu sniedz\u0113jiem un ir pirm\u0101 izstr\u0101d\u0101jusi FIDI akredit\u0113to starptautisko p\u0101rv\u0101k\u0161an\u0101s pakalpojumu kvalit\u0101tes vad\u012bbas programmu (FIDI Accredited International Mover (FAIM) Quality Management Programme), kas ir kvalit\u0101tes sertifik\u0101cijas programma, kas paredz\u0113ta tikai starptautisko p\u0101rv\u0101k\u0161an\u0101s pakalpojumu nozarei.<\/p>\n<p><strong>Svar\u012bg\u0101kie fakti par organiz\u0101ciju:<\/strong><\/p>\n<ol>\n<li>  FIDI p\u0101rst\u0101v vair\u0101k nek\u0101 <strong>600 neatkar\u012bgu <a href=\"https:\/\/moverdb.com\/lv\/parvietojas-uznemumi\/\">uz\u0146\u0113mumi<\/a><\/strong> vair\u0101k nek\u0101 <strong>100 valstis<\/strong>.<\/li>\n<li>  FIDI ir liel\u0101k\u0101 jumta organiz\u0101cija, kas apvieno <a href=\"https:\/\/moverdb.com\/lv\/starptautiskie-parvaksanas-darbi\/\">starptautisk\u0101 p\u0101rcel\u0161an\u0101s<\/a> un p\u0101rcel\u0161an\u0101s uz\u0146\u0113mumi.<\/li>\n<li>  FIDI pied\u0101v\u0101 gan person\u012bgo p\u0101rcel\u0161anos, gan uz\u0146\u0113mumu p\u0101rcel\u0161anos.<\/li>\n<li>  Visiem FIDI fili\u0101l\u0113m ir j\u0101iev\u0113ro stingri FIDI-FAIM kvalit\u0101tes standarti.<\/li>\n<li>  FIDI pied\u0101v\u0101 FAIM kvalit\u0101tes vad\u012bbas programmu, kas tiek uzskat\u012bta par vienu no stingr\u0101kajiem standartiem nozar\u0113 ar vair\u0101k nek\u0101 20 % no visiem standartiem. <strong>200 kvalit\u0101tes pras\u012bbas<\/strong> gan attiec\u012bb\u0101 uz darb\u012bbu, gan klientu apkalpo\u0161anu.<\/li>\n<li>  Katrai FIDI fili\u0101lei ir periodiski j\u0101veic neatkar\u012bgs nov\u0113rt\u0113jums par t\u0101s starptautiskaj\u0101m p\u0101rvieto\u0161an\u0101s darb\u012bb\u0101m. Ja tie neiztur nov\u0113rt\u0113jumu, to dal\u012bba FIDI tiek izbeigta.<\/li>\n<li>  Vis\u0101m FIDI fili\u0101l\u0113m ir j\u0101paraksta un j\u0101iev\u0113ro oblig\u0101t\u0101 Kuku\u013co\u0161anas un korupcijas apkaro\u0161anas harta.<\/li>\n<li>  Visiem FIDI biedriem ir j\u0101b\u016bt ar\u012b FAIM sertific\u0113tiem - tas tiek piepras\u012bts vienlaikus ar dal\u012bbu.<\/li>\n<li>  FAIM Plus ir pieejams tiem, kam ir ISO 9001 sertifik\u0101ts.<\/li>\n<\/ol>\n<p><strong>FIDI organiz\u0101cijas profils<\/strong><\/p>\n<p>FIDI ir glob\u0101la p\u0101rvieto\u0161an\u0101s uz\u0146\u0113mumu asoci\u0101cija, kas saviem fili\u0101l\u0113m pied\u0101v\u0101 sp\u0113c\u012bgu, atz\u012btu pakalpojumu apstiprin\u0101juma z\u012bmogu, pla\u0161\u0101kas t\u012bklo\u0161an\u0101s iesp\u0113jas un iesp\u0113ju papla\u0161in\u0101t uz\u0146\u0113m\u0113jdarb\u012bbu. <\/p>\n<p>T\u0101 regul\u0101ri r\u012bko konferences un apm\u0101c\u012bbas sesijas biedriem no visas pasaules, k\u0101 ar\u012b pied\u0101v\u0101 biedriem maks\u0101jumu aizsardz\u012bbas pl\u0101nu, kas pal\u012bdz aizsarg\u0101t l\u012bdz pat 90% no r\u0113\u0137inu v\u0113rt\u012bbas. FIDI ir ar\u012b izveidojis savu organiz\u0101ciju, lai inform\u0113tu savus biedrus par jaun\u0101kaj\u0101m nozares aktualit\u0101t\u0113m, un tai ir nozares ekspertu grupa, kas sniedz ekspertu ieteikumus un risina str\u012bdus starp biedriem. <\/p>\n<p>FIDI akredit\u0113to starptautisko p\u0101rv\u0101k\u0161an\u0101s pakalpojumu kvalit\u0101tes vad\u012bbas programma (FAIM) ir da\u013ca no FIDI pied\u0101v\u0101juma - kvalit\u0101tes sertifik\u0101cijas p\u0101rv\u0101k\u0161an\u0101s nozarei, kas tika izstr\u0101d\u0101ta, konsult\u0113joties un izmantojot lab\u0101k\u0101s prakses piem\u0113rus no lieliem, maziem, priv\u0101tiem un valsts uz\u0146\u0113mumiem. <a href=\"https:\/\/moverdb.com\/lv\/moving-companies\/\" data-internallinksmanager029f6b8e52c=\"79\" title=\"Top 25 Starptautiskie p\u0101rcel\u0161an\u0101s uz\u0146\u0113mumi tie\u0161saist\u0113\">starptautiskie p\u0101rvieto\u0161an\u0101s uz\u0146\u0113mumi<\/a> no visas pasaules.<\/p>\n<p><strong>Dal\u012bbas krit\u0113riji:<\/strong><\/p>\n<p>Lai pievienotos FIDI Glob\u0101lajai aliansei, jums j\u0101atbilst \u0161\u0101d\u0101m oblig\u0101taj\u0101m pras\u012bb\u0101m:<\/p>\n<ul>\n<li> Atbilst FIDI noteikumiem<\/li>\n<li> Darbs starpkontinent\u0101lo p\u0101rcel\u0161an\u0101s pakalpojumu jom\u0101 vismaz 2 gadus pirms pieteikuma iesnieg\u0161anas.<\/li>\n<li> Veikt vismaz 10 starpkontinent\u0101los p\u0101rbraucienus gad\u0101*.<\/li>\n<li> ir atbilsto\u0161s un pietiekams apdro\u0161in\u0101\u0161anas segums.<\/li>\n<li> Parakstiet FIDI Pretkuku\u013co\u0161anas un korupcijas apkaro\u0161anas hartu (FIDI ABC harta).<\/li>\n<li> j\u0101b\u016bt finansi\u0101li stabilam (pieteikuma iesnieg\u0161anas posm\u0101 j\u016bsu finansi\u0101lo st\u0101vokli p\u0101rbaud\u012bs neatkar\u012bgs revidents).<\/li>\n<li> J\u0101b\u016bt sertific\u0113tam FIDI-FAIM (FAIM sertifik\u0101cijai j\u016bs pieteiksieties vienlaic\u012bgi ar pieteikumu dal\u012bbai FIDI).<\/li>\n<\/ul>\n<p><strong>FAIM sertifik\u0101cija:<\/strong><\/p>\n<p>FIDI-FAIM sertifik\u0101cijas programma paredz, ka starptautiskajiem p\u0101rvad\u0101t\u0101jiem ir j\u0101veic periodisks neatkar\u012bgs nov\u0113rt\u0113jums par to veikto starpkontinent\u0101lo p\u0101rvad\u0101jumu darb\u012bbu, veicot neatkar\u012bgu auditu, kas tiek veikts reizi trijos gados.<\/p>\n<p>Tas nodro\u0161ina, ka FIDI uz\u0146\u0113mumi str\u0101d\u0101 saska\u0146\u0101 ar vis\u0101 pasaul\u0113 vienotu standartu, lai vienoti, kvalitat\u012bvi un efekt\u012bvi p\u0101rvald\u012btu un veiktu starptautisko p\u0101rcel\u0161an\u0101s pakalpojumu snieg\u0161anu. Tas ar\u012b nodro\u0161ina p\u0101rredzamu meh\u0101nismu, kas nodro\u0161ina augstu standartu saglab\u0101\u0161anu.<\/p>\n<p>No gala klienta viedok\u013ca raugoties, FAIM sertific\u0113ts uz\u0146\u0113mums dod p\u0101rliec\u012bbu personai, kas p\u0101rce\u013cas, un person\u0101la noda\u013cai, kas organiz\u0113 vi\u0146a p\u0101rcel\u0161anos, ka uz\u0146\u0113mums p\u0101rzina \u0161o jomu un tam ir resursi un zin\u0101\u0161anas, lai pien\u0101c\u012bgi veiktu darbu.<\/p>\n<p>Nov\u0113rt\u0113jumu uz vietas neatkar\u012bgi veic starptautiskie v\u0113rt\u0113t\u0101ji Ernst &amp; Young.<\/p>\n<p><strong>Da\u017ei dal\u012bbvalstu uz\u0146\u0113mumi<\/strong><\/p>\n<ul>\n<li> <a href=\"https:\/\/moverdb.com\/lv\/aires\/\">Aires<\/a><\/li>\n<li> <a href=\"https:\/\/moverdb.com\/lv\/cadogan-tate\/\">Cadogan Tate<\/a><\/li>\n<li> <a href=\"https:\/\/moverdb.com\/lv\/harrow-green\/\">Harrow Green<\/a><\/li>\n<li> <a href=\"https:\/\/moverdb.com\/lv\/santa-fe-relocation\/\">Santa Fe p\u0101rvieto\u0161ana<\/a><\/li>\n<li> <a href=\"https:\/\/moverdb.com\/lv\/komanda-parvietosanas\/\">Komandas p\u0101rvieto\u0161ana<\/a><\/li>\n<li> <a href=\"https:\/\/moverdb.com\/lv\/nippon-express\/\">Nippon Express<\/a><\/li>\n<li> <a href=\"https:\/\/moverdb.com\/lv\/iestatits\/\">Settelen<\/a><\/li>\n<li> <a href=\"https:\/\/moverdb.com\/lv\/conroy-removals\/\">Conroy Removals<\/a><\/li>\n<li> <a href=\"https:\/\/moverdb.com\/lv\/bolliger\/\">Bolliger<\/a><\/li>\n<li> <a href=\"https:\/\/moverdb.com\/lv\/mudanzas-gou\/\">Mudanzas Gou<\/a><\/li>\n<li> <a href=\"https:\/\/moverdb.com\/lv\/gil-stauffer\/\">Gil Stauffer<\/a><\/li>\n<li> <a href=\"https:\/\/moverdb.com\/lv\/packimpex\/\">Packimpex<\/a><\/li>\n<\/ul>\n<p><strong>Viedok\u013ci par organiz\u0101ciju<\/strong><\/p>\n<p>FIDI ir augsti nov\u0113rt\u0113ta to kustamo uz\u0146\u0113mumu vid\u016b, kuri to piemin sav\u0101s t\u012bmek\u013ca vietn\u0113s, gan attiec\u012bb\u0101 uz noz\u012bm\u012bgajiem resursiem, kas tai ir, gan uz to, ka tiek veikta rev\u012bzija. <\/p>\n<p>Neatkar\u012bba ir v\u0113l viens b\u016btisks faktors, kas nosaka FIDI reput\u0101ciju - katr\u0101 p\u0101rcel\u0161an\u0101s uz\u0146\u0113mum\u0101 atbilst\u012bbas proced\u016bru uz vietas veic konsultants no citas valsts. <\/p>\n<blockquote><p>P\u0101rvieto\u0161anas uz\u0146\u0113mumiem, kas tiecas sasniegt visaugst\u0101ko kvalit\u0101tes l\u012bmeni, FAIM\/ISO nodro\u0161ina augst\u0101ko pasaul\u0113 pieejamo sertifik\u0101cijas standartu.<\/p><\/blockquote>\n<p> - <a href=\"http:\/\/www.ossworldwidemovers.com\/fidi-accredited-international-mover\" target=\"_blank\" rel=\"noopener\">OSS World Wide Movers<\/a><\/p>\n<blockquote><p>Pasaul\u0113 ir daudz p\u0101rvieto\u0161an\u0101s uz\u0146\u0113mumu. K\u0101 at\u0161\u0137irt labos no sliktajiem? S\u0101ciet ar FIDI\/FAIM, kas ir starptautisk\u0101s p\u0101rcel\u0161an\u0101s zelta standarts.<\/p><\/blockquote>\n<p>- <a href=\"http:\/\/www.jkmoving.com\/International\/International_Network-_FIDI\/FAIM\/\" target=\"_blank\" rel=\"noopener\">JK P\u0101rcel\u0161an\u0101s pakalpojumi<\/a><\/p>\n<p><a href=\"http:\/\/www.jkmoving.com\/International\/International_Network-_FIDI\/FAIM\/\" target=\"_blank\" rel=\"noopener\"><\/a><\/p>\n<blockquote><p>T\u0101 ir visstingr\u0101k\u0101 un visaptvero\u0161\u0101k\u0101 kvalit\u0101tes programma starptautiskaj\u0101 p\u0101rvad\u0101jumu nozar\u0113, un taj\u0101 ir vair\u0101k nek\u0101 200 kvalit\u0101tes pras\u012bbu, kas attiecas uz organiz\u0101cijas darb\u012bbu un pakalpojumiem klientiem. FIDI tagad pied\u0101v\u0101 akredit\u0101ciju ar nosaukumu FAIM.<\/p><\/blockquote>\n<p>- <a href=\"http:\/\/www.suddathinternational.com\/news\/2013\/8\/1\/faim-plus.aspx\" target=\"_blank\" rel=\"noopener\">Suddath<\/a><\/p>\n<p><strong>T\u012bmek\u013ca vietne:<\/strong> <a href=\"https:\/\/www.fidi.org\" target=\"_blank\" rel=\"noopener\">https:\/\/www.fidi.org<\/a><\/p>","protected":false},"excerpt":{"rendered":"<p>FIDI (F\u00e9d\u00e9ration Internationale des D\u00e9m\u00e9nageurs Internationaux; The Federation of International Movers) is a global umbrella organisation of international moving and relocation businesses. It describes itself as a worldwide industry standard for top quality movers and has pioneered the FIDI Accredited International Mover (FAIM) Quality Management Programme, a quality certification programme dedicated exclusively to the international [&hellip;]<\/p>\n","protected":false},"author":1,"featured_media":0,"parent":0,"menu_order":0,"comment_status":"closed","ping_status":"closed","template":"","meta":{"_genesis_hide_title":false,"_genesis_hide_breadcrumbs":false,"_genesis_hide_singular_image":false,"_genesis_hide_footer_widgets":false,"_genesis_custom_body_class":"","_genesis_custom_post_class":"","_genesis_layout":"","footnotes":""},"class_list":{"0":"post-434","1":"page","2":"type-page","3":"status-publish","5":"entry"},"_links":{"self":[{"href":"https:\/\/moverdb.com\/lv\/wp-json\/wp\/v2\/pages\/434","targetHints":{"allow":["GET"]}}],"collection":[{"href":"https:\/\/moverdb.com\/lv\/wp-json\/wp\/v2\/pages"}],"about":[{"href":"https:\/\/moverdb.com\/lv\/wp-json\/wp\/v2\/types\/page"}],"author":[{"embeddable":true,"href":"https:\/\/moverdb.com\/lv\/wp-json\/wp\/v2\/users\/1"}],"replies":[{"embeddable":true,"href":"https:\/\/moverdb.com\/lv\/wp-json\/wp\/v2\/comments?post=434"}],"version-history":[{"count":28,"href":"https:\/\/moverdb.com\/lv\/wp-json\/wp\/v2\/pages\/434\/revisions"}],"predecessor-version":[{"id":6210,"href":"https:\/\/moverdb.com\/lv\/wp-json\/wp\/v2\/pages\/434\/revisions\/6210"}],"wp:attachment":[{"href":"https:\/\/moverdb.com\/lv\/wp-json\/wp\/v2\/media?parent=434"}],"curies":[{"name":"wp","href":"https:\/\/api.w.org\/{rel}","templated":true}]}}